{"id":1149,"date":"2024-11-01T07:07:35","date_gmt":"2024-11-01T07:07:35","guid":{"rendered":"https:\/\/www.cinesouk.ma\/?post_type=product&#038;p=1149"},"modified":"2025-03-21T10:55:41","modified_gmt":"2025-03-21T10:55:41","slug":"alphatron-tristar-4-light","status":"publish","type":"product","link":"https:\/\/www.cinesouk.ma\/fr\/produit\/alphatron-tristar-4-light\/","title":{"rendered":"Alphatron TriStar 4"},"content":{"rendered":"<p>L'Alphatron TriStar 4 est une lampe LED compacte pour cam\u00e9ra, avec une temp\u00e9rature de couleur variable de 3200K \u00e0 5600K pour un ajustement en douceur de l'\u00e9quilibre tungst\u00e8ne-lumi\u00e8re du jour. Vous disposez ainsi d'une lumi\u00e8re suffisante pour votre cam\u00e9scope ou votre appareil photo reflex. Si la lumi\u00e8re est trop forte, vous pouvez ajuster la puissance lumineuse de 100% \u00e0 10%. Cette lampe LED peut \u00eatre facilement fix\u00e9e \u00e0 votre appareil photo gr\u00e2ce \u00e0 l'adaptateur de montage sur sabot inclus. La lampe peut \u00eatre aliment\u00e9e par une batterie optionnelle de la s\u00e9rie L de Sony ou par une sortie D-Tap gr\u00e2ce au c\u00e2ble d'alimentation D-Tap vers mini XLR 4 broches inclus. Pour un meilleur contr\u00f4le de la lumi\u00e8re, un syst\u00e8me de coupe-flux m\u00e9tallique d\u00e9tachable avec un filtre de diffusion est inclus.<\/p>\n<h4>Caract\u00e9ristiques de l'Alphatron TriStar 4 :<\/h4>\n<ul>\n<li>Convient aux cam\u00e9scopes et aux appareils photo reflex<\/li>\n<li>Type de lampe : 96 LED SMD \u00e0 3 puces<\/li>\n<li>Temp\u00e9rature de couleur : 3200 \u00e0 5600K<\/li>\n<li>Indice de rendu des couleurs : &gt; 85<\/li>\n<li>Dimmable : 100% \u00e0 10%<\/li>\n<li>Angle d'\u00e9clairage : 120 degr\u00e9s<\/li>\n<li>Dur\u00e9e de vie des LED : Environ 10 000 heures<\/li>\n<li>Assemblage : 1\/4\u2033-20 collier de serrage<\/li>\n<li>Entr\u00e9e d'alimentation : Mini XLR 4 broches \/ S\u00e9rie L Sony (type NP-F)<\/li>\n<li>Puissance : 12 Watt<\/li>\n<li>Dimensions : 11 x 9 x 5,5 centim\u00e8tres : 11 x 9 x 5,5 centim\u00e8tres<\/li>\n<li>Poids : 227 grammes<\/li>\n<\/ul>\n<p>&nbsp;<\/p>\n<p>Louez la lumi\u00e8re LED d\u00e8s maintenant sur <a href=\"https:\/\/www.cinesouk.ma\/fr\">CINESOUK<\/a> - une marque de <a href=\"https:\/\/www.broadway.ma\/\">BROADWAY PRODUCTIONS SARL.<\/a><\/p>","protected":false},"excerpt":{"rendered":"<p>Sp\u00e9cifications<\/p>\n<p>Temp\u00e9rature de couleur : 3200K - 5600K<br \/>\nAngle du faisceau : 120\u00b0.<br \/>\nRendu des couleurs : &gt; 85<br \/>\nDur\u00e9e de vie des LED : environ 10 000 heures<br \/>\nDur\u00e9e de fonctionnement : environ 1 heure<\/p>","protected":false},"featured_media":1179,"template":"","meta":{"om_disable_all_campaigns":false,"_monsterinsights_skip_tracking":false,"_monsterinsights_sitenote_active":false,"_monsterinsights_sitenote_note":"","_monsterinsights_sitenote_category":0,"_uf_show_specific_survey":0,"_uf_disable_surveys":false},"product_brand":[],"product_cat":[20],"product_tag":[],"class_list":{"0":"post-1149","1":"product","2":"type-product","3":"status-publish","4":"has-post-thumbnail","6":"product_cat-light-cinesouk","8":"entry","9":"has-media","11":"first","12":"instock","13":"taxable","14":"shipping-taxable","15":"purchasable","16":"product-type-variable","17":"has-product-nav","18":"col","19":"span_1_of_3","20":"owp-content-center","21":"owp-thumbs-layout-horizontal","22":"owp-btn-normal","23":"owp-tabs-layout-horizontal"},"yoast_head":"<!-- This site is optimized with the Yoast SEO Premium plugin v26.0 (Yoast SEO v26.0) - https:\/\/yoast.com\/wordpress\/plugins\/seo\/ -->\n<title>Alphatron TriStar 4 - light - CineSouk - For rent<\/title>\n<meta name=\"description\" content=\"The Alphatron TriStar 4 is a compact on-camera video LED light. You can control the color temperature from 3200 to 5600K. - CineSouk\" \/>\n<meta name=\"robots\" content=\"index, follow, max-snippet:-1, max-image-preview:large, max-video-preview:-1\" \/>\n<link rel=\"canonical\" href=\"https:\/\/www.cinesouk.ma\/fr\/produit\/alphatron-tristar-4-light\/\" \/>\n<meta property=\"og:locale\" content=\"fr_FR\" \/>\n<meta property=\"og:type\" content=\"article\" \/>\n<meta property=\"og:title\" content=\"Alphatron TriStar 4\" \/>\n<meta property=\"og:description\" content=\"The Alphatron TriStar 4 is a compact on-camera video LED light. You can control the color temperature from 3200 to 5600K. - CineSouk\" \/>\n<meta property=\"og:url\" content=\"https:\/\/www.cinesouk.ma\/fr\/produit\/alphatron-tristar-4-light\/\" \/>\n<meta property=\"og:site_name\" content=\"CineSouk\" \/>\n<meta property=\"article:modified_time\" content=\"2025-03-21T10:55:41+00:00\" \/>\n<meta property=\"og:image\" content=\"https:\/\/www.cinesouk.ma\/wp-content\/uploads\/2024\/01\/Alphatron-tristar-4.jpg\" \/>\n\t<meta property=\"og:image:width\" content=\"300\" \/>\n\t<meta property=\"og:image:height\" content=\"238\" \/>\n\t<meta property=\"og:image:type\" content=\"image\/jpeg\" \/>\n<meta name=\"twitter:card\" content=\"summary_large_image\" \/>\n<meta name=\"twitter:description\" content=\"The Alphatron TriStar 4 is a compact on-camera video LED light. You can control the color temperature from 3200 to 5600K. - CineSouk\" \/>\n<meta name=\"twitter:label1\" content=\"Dur\u00e9e de lecture estim\u00e9e\" \/>\n\t<meta name=\"twitter:data1\" content=\"2 minutes\" \/>\n<script type=\"application\/ld+json\" class=\"yoast-schema-graph\">{\"@context\":\"https:\/\/schema.org\",\"@graph\":[{\"@type\":\"WebPage\",\"@id\":\"https:\/\/www.cinesouk.ma\/product\/alphatron-tristar-4-light\/\",\"url\":\"https:\/\/www.cinesouk.ma\/product\/alphatron-tristar-4-light\/\",\"name\":\"Alphatron TriStar 4 - light - CineSouk - For rent\",\"isPartOf\":{\"@id\":\"https:\/\/www.cinesouk.ma\/#website\"},\"primaryImageOfPage\":{\"@id\":\"https:\/\/www.cinesouk.ma\/product\/alphatron-tristar-4-light\/#primaryimage\"},\"image\":{\"@id\":\"https:\/\/www.cinesouk.ma\/product\/alphatron-tristar-4-light\/#primaryimage\"},\"thumbnailUrl\":\"https:\/\/www.cinesouk.ma\/wp-content\/uploads\/2024\/01\/Alphatron-tristar-4.jpg\",\"datePublished\":\"2024-11-01T07:07:35+00:00\",\"dateModified\":\"2025-03-21T10:55:41+00:00\",\"description\":\"The Alphatron TriStar 4 is a compact on-camera video LED light. You can control the color temperature from 3200 to 5600K. - CineSouk\",\"breadcrumb\":{\"@id\":\"https:\/\/www.cinesouk.ma\/product\/alphatron-tristar-4-light\/#breadcrumb\"},\"inLanguage\":\"fr-FR\",\"potentialAction\":[{\"@type\":\"ReadAction\",\"target\":[\"https:\/\/www.cinesouk.ma\/product\/alphatron-tristar-4-light\/\"]}]},{\"@type\":\"ImageObject\",\"inLanguage\":\"fr-FR\",\"@id\":\"https:\/\/www.cinesouk.ma\/product\/alphatron-tristar-4-light\/#primaryimage\",\"url\":\"https:\/\/www.cinesouk.ma\/wp-content\/uploads\/2024\/01\/Alphatron-tristar-4.jpg\",\"contentUrl\":\"https:\/\/www.cinesouk.ma\/wp-content\/uploads\/2024\/01\/Alphatron-tristar-4.jpg\",\"width\":300,\"height\":238},{\"@type\":\"BreadcrumbList\",\"@id\":\"https:\/\/www.cinesouk.ma\/product\/alphatron-tristar-4-light\/#breadcrumb\",\"itemListElement\":[{\"@type\":\"ListItem\",\"position\":1,\"name\":\"Home\",\"item\":\"https:\/\/www.cinesouk.ma\/\"},{\"@type\":\"ListItem\",\"position\":2,\"name\":\"Shop\",\"item\":\"https:\/\/www.cinesouk.ma\/shop\/\"},{\"@type\":\"ListItem\",\"position\":3,\"name\":\"Alphatron TriStar 4\"}]},{\"@type\":\"WebSite\",\"@id\":\"https:\/\/www.cinesouk.ma\/#website\",\"url\":\"https:\/\/www.cinesouk.ma\/\",\"name\":\"CineSouk\",\"description\":\"\",\"publisher\":{\"@id\":\"https:\/\/www.cinesouk.ma\/#organization\"},\"potentialAction\":[{\"@type\":\"SearchAction\",\"target\":{\"@type\":\"EntryPoint\",\"urlTemplate\":\"https:\/\/www.cinesouk.ma\/?s={search_term_string}\"},\"query-input\":{\"@type\":\"PropertyValueSpecification\",\"valueRequired\":true,\"valueName\":\"search_term_string\"}}],\"inLanguage\":\"fr-FR\"},{\"@type\":\"Organization\",\"@id\":\"https:\/\/www.cinesouk.ma\/#organization\",\"name\":\"CineSouk\",\"url\":\"https:\/\/www.cinesouk.ma\/\",\"logo\":{\"@type\":\"ImageObject\",\"inLanguage\":\"fr-FR\",\"@id\":\"https:\/\/www.cinesouk.ma\/#\/schema\/logo\/image\/\",\"url\":\"https:\/\/www.cinesouk.ma\/wp-content\/uploads\/2024\/01\/CineSouk-logo-v01-alpha-alligned-left.png\",\"contentUrl\":\"https:\/\/www.cinesouk.ma\/wp-content\/uploads\/2024\/01\/CineSouk-logo-v01-alpha-alligned-left.png\",\"width\":3204,\"height\":889,\"caption\":\"CineSouk\"},\"image\":{\"@id\":\"https:\/\/www.cinesouk.ma\/#\/schema\/logo\/image\/\"}}]}<\/script>\n<!-- \/ Yoast SEO Premium plugin. -->","yoast_head_json":{"title":"Alphatron TriStar 4 - light - CineSouk - For rent","description":"The Alphatron TriStar 4 is a compact on-camera video LED light. You can control the color temperature from 3200 to 5600K. - CineSouk","robots":{"index":"index","follow":"follow","max-snippet":"max-snippet:-1","max-image-preview":"max-image-preview:large","max-video-preview":"max-video-preview:-1"},"canonical":"https:\/\/www.cinesouk.ma\/fr\/produit\/alphatron-tristar-4-light\/","og_locale":"fr_FR","og_type":"article","og_title":"Alphatron TriStar 4","og_description":"The Alphatron TriStar 4 is a compact on-camera video LED light. You can control the color temperature from 3200 to 5600K. - CineSouk","og_url":"https:\/\/www.cinesouk.ma\/fr\/produit\/alphatron-tristar-4-light\/","og_site_name":"CineSouk","article_modified_time":"2025-03-21T10:55:41+00:00","og_image":[{"width":300,"height":238,"url":"https:\/\/www.cinesouk.ma\/wp-content\/uploads\/2024\/01\/Alphatron-tristar-4.jpg","type":"image\/jpeg"}],"twitter_card":"summary_large_image","twitter_description":"The Alphatron TriStar 4 is a compact on-camera video LED light. You can control the color temperature from 3200 to 5600K. - CineSouk","twitter_misc":{"Dur\u00e9e de lecture estim\u00e9e":"2 minutes"},"schema":{"@context":"https:\/\/schema.org","@graph":[{"@type":"WebPage","@id":"https:\/\/www.cinesouk.ma\/product\/alphatron-tristar-4-light\/","url":"https:\/\/www.cinesouk.ma\/product\/alphatron-tristar-4-light\/","name":"Alphatron TriStar 4 - light - CineSouk - For rent","isPartOf":{"@id":"https:\/\/www.cinesouk.ma\/#website"},"primaryImageOfPage":{"@id":"https:\/\/www.cinesouk.ma\/product\/alphatron-tristar-4-light\/#primaryimage"},"image":{"@id":"https:\/\/www.cinesouk.ma\/product\/alphatron-tristar-4-light\/#primaryimage"},"thumbnailUrl":"https:\/\/www.cinesouk.ma\/wp-content\/uploads\/2024\/01\/Alphatron-tristar-4.jpg","datePublished":"2024-11-01T07:07:35+00:00","dateModified":"2025-03-21T10:55:41+00:00","description":"The Alphatron TriStar 4 is a compact on-camera video LED light. You can control the color temperature from 3200 to 5600K. - CineSouk","breadcrumb":{"@id":"https:\/\/www.cinesouk.ma\/product\/alphatron-tristar-4-light\/#breadcrumb"},"inLanguage":"fr-FR","potentialAction":[{"@type":"ReadAction","target":["https:\/\/www.cinesouk.ma\/product\/alphatron-tristar-4-light\/"]}]},{"@type":"ImageObject","inLanguage":"fr-FR","@id":"https:\/\/www.cinesouk.ma\/product\/alphatron-tristar-4-light\/#primaryimage","url":"https:\/\/www.cinesouk.ma\/wp-content\/uploads\/2024\/01\/Alphatron-tristar-4.jpg","contentUrl":"https:\/\/www.cinesouk.ma\/wp-content\/uploads\/2024\/01\/Alphatron-tristar-4.jpg","width":300,"height":238},{"@type":"BreadcrumbList","@id":"https:\/\/www.cinesouk.ma\/product\/alphatron-tristar-4-light\/#breadcrumb","itemListElement":[{"@type":"ListItem","position":1,"name":"Home","item":"https:\/\/www.cinesouk.ma\/"},{"@type":"ListItem","position":2,"name":"Shop","item":"https:\/\/www.cinesouk.ma\/shop\/"},{"@type":"ListItem","position":3,"name":"Alphatron TriStar 4"}]},{"@type":"WebSite","@id":"https:\/\/www.cinesouk.ma\/#website","url":"https:\/\/www.cinesouk.ma\/","name":"CineSouk","description":"","publisher":{"@id":"https:\/\/www.cinesouk.ma\/#organization"},"potentialAction":[{"@type":"SearchAction","target":{"@type":"EntryPoint","urlTemplate":"https:\/\/www.cinesouk.ma\/?s={search_term_string}"},"query-input":{"@type":"PropertyValueSpecification","valueRequired":true,"valueName":"search_term_string"}}],"inLanguage":"fr-FR"},{"@type":"Organization","@id":"https:\/\/www.cinesouk.ma\/#organization","name":"CineSouk","url":"https:\/\/www.cinesouk.ma\/","logo":{"@type":"ImageObject","inLanguage":"fr-FR","@id":"https:\/\/www.cinesouk.ma\/#\/schema\/logo\/image\/","url":"https:\/\/www.cinesouk.ma\/wp-content\/uploads\/2024\/01\/CineSouk-logo-v01-alpha-alligned-left.png","contentUrl":"https:\/\/www.cinesouk.ma\/wp-content\/uploads\/2024\/01\/CineSouk-logo-v01-alpha-alligned-left.png","width":3204,"height":889,"caption":"CineSouk"},"image":{"@id":"https:\/\/www.cinesouk.ma\/#\/schema\/logo\/image\/"}}]}},"_links":{"self":[{"href":"https:\/\/www.cinesouk.ma\/fr\/wp-json\/wp\/v2\/product\/1149","targetHints":{"allow":["GET"]}}],"collection":[{"href":"https:\/\/www.cinesouk.ma\/fr\/wp-json\/wp\/v2\/product"}],"about":[{"href":"https:\/\/www.cinesouk.ma\/fr\/wp-json\/wp\/v2\/types\/product"}],"wp:featuredmedia":[{"embeddable":true,"href":"https:\/\/www.cinesouk.ma\/fr\/wp-json\/wp\/v2\/media\/1179"}],"wp:attachment":[{"href":"https:\/\/www.cinesouk.ma\/fr\/wp-json\/wp\/v2\/media?parent=1149"}],"wp:term":[{"taxonomy":"product_brand","embeddable":true,"href":"https:\/\/www.cinesouk.ma\/fr\/wp-json\/wp\/v2\/product_brand?post=1149"},{"taxonomy":"product_cat","embeddable":true,"href":"https:\/\/www.cinesouk.ma\/fr\/wp-json\/wp\/v2\/product_cat?post=1149"},{"taxonomy":"product_tag","embeddable":true,"href":"https:\/\/www.cinesouk.ma\/fr\/wp-json\/wp\/v2\/product_tag?post=1149"}],"curies":[{"name":"wp","href":"https:\/\/api.w.org\/{rel}","templated":true}]}}