{"id":11515,"date":"2025-04-08T11:59:37","date_gmt":"2025-04-08T11:59:37","guid":{"rendered":"https:\/\/www.cinesouk.ma\/?post_type=product&#038;p=11515"},"modified":"2026-02-05T13:26:09","modified_gmt":"2026-02-05T13:26:09","slug":"butterfly-white-silk-8x8-2-4x2-4m","status":"publish","type":"product","link":"https:\/\/www.cinesouk.ma\/fr\/produit\/butterfly-white-silk-8x8-2-4x2-4m\/","title":{"rendered":"Butterfly White Silk - 8'x8' (2.4\u00d72.4m)"},"content":{"rendered":"<p data-start=\"51\" data-end=\"376\">Le Butterfly White Silk 8'x8' (2,4\u00d72,4m) est un tissu de diffusion de haute qualit\u00e9 con\u00e7u pour adoucir et r\u00e9partir uniform\u00e9ment la lumi\u00e8re dans les productions cin\u00e9matographiques, photographiques et vid\u00e9o. Gr\u00e2ce \u00e0 son mat\u00e9riau l\u00e9ger et translucide, il cr\u00e9e une lumi\u00e8re douce et naturelle en r\u00e9duisant les ombres et les hautes lumi\u00e8res.<\/p>\n<p data-start=\"378\" data-end=\"735\">Parce qu'il assure une diffusion homog\u00e8ne de la lumi\u00e8re, ce panneau de soie est id\u00e9al pour une utilisation \u00e0 l'int\u00e9rieur comme \u00e0 l'ext\u00e9rieur. En outre, il permet aux directeurs de la photographie et aux photographes d'obtenir un rendu \u00e9quilibr\u00e9 et professionnel. Comme il est compatible avec les cadres standard 8'x8', l'installation est rapide et facile, ce qui permet des ajustements rapides sur le plateau.<\/p>\n<h3 data-start=\"737\" data-end=\"759\"><strong data-start=\"741\" data-end=\"757\">Caract\u00e9ristiques principales<\/strong><\/h3>\n<ul data-start=\"761\" data-end=\"1417\">\n<li data-start=\"761\" data-end=\"864\"><strong data-start=\"763\" data-end=\"788\">Diffusion douce et homog\u00e8ne :<\/strong> R\u00e9duit <strong data-start=\"797\" data-end=\"827\">ombres dures et points chauds<\/strong>, cr\u00e9ant <strong data-start=\"838\" data-end=\"861\">un aspect plus naturel<\/strong>.<\/li>\n<li data-start=\"865\" data-end=\"981\"><strong data-start=\"867\" data-end=\"896\">Tissu de soie de haute qualit\u00e9 :<\/strong> Fournit <strong data-start=\"906\" data-end=\"945\">contr\u00f4le de la lumi\u00e8re en douceur et de mani\u00e8re coh\u00e9rente<\/strong> sans affecter la pr\u00e9cision des couleurs.<\/li>\n<li data-start=\"982\" data-end=\"1094\"><strong data-start=\"984\" data-end=\"1016\">Grand 8'x8' (2.4\u00d72.4m) Taille :<\/strong> Offres <strong data-start=\"1024\" data-end=\"1042\">large couverture<\/strong>Il s'agit donc d'un outil id\u00e9al pour <strong data-start=\"1064\" data-end=\"1091\">diff\u00e9rentes configurations d'\u00e9clairage<\/strong>.<\/li>\n<li data-start=\"1095\" data-end=\"1208\"><strong data-start=\"1097\" data-end=\"1123\">L\u00e9ger et durable :<\/strong> Con\u00e7u pour <strong data-start=\"1137\" data-end=\"1173\">transport facile et utilisation \u00e0 long terme<\/strong>m\u00eame dans des environnements exigeants.<\/li>\n<li data-start=\"1209\" data-end=\"1326\"><strong data-start=\"1211\" data-end=\"1232\">Compatible avec le cadre :<\/strong> Fonctionne avec <strong data-start=\"1244\" data-end=\"1279\">cadres papillon standard 8'x8<\/strong>, ce qui permet de <strong data-start=\"1294\" data-end=\"1323\">montage rapide et s\u00fbr<\/strong>.<\/li>\n<li data-start=\"1327\" data-end=\"1417\"><strong data-start=\"1329\" data-end=\"1354\">Utilisation int\u00e9rieure et ext\u00e9rieure :<\/strong> Convient pour <strong data-start=\"1368\" data-end=\"1414\">\u00e0 la fois en studio et en lumi\u00e8re naturelle<\/strong>.<\/li>\n<\/ul>\n<h3 data-start=\"1419\" data-end=\"1443\"><strong data-start=\"1423\" data-end=\"1441\">Sp\u00e9cifications<\/strong><\/h3>\n<ul data-start=\"1445\" data-end=\"1676\">\n<li data-start=\"1445\" data-end=\"1490\"><strong data-start=\"1447\" data-end=\"1460\">Mat\u00e9riau :<\/strong> Tissu de diffusion en soie blanche<\/li>\n<li data-start=\"1491\" data-end=\"1530\"><strong data-start=\"1493\" data-end=\"1508\">Dimensions :<\/strong> 8'x8' (2.4m x 2.4m)<\/li>\n<li data-start=\"1531\" data-end=\"1591\"><strong data-start=\"1533\" data-end=\"1557\">Compatibilit\u00e9 des cadres :<\/strong> Cadre papillon standard 8'x8<\/li>\n<li data-start=\"1592\" data-end=\"1676\"><strong data-start=\"1594\" data-end=\"1611\">Applications :<\/strong> <strong data-start=\"1612\" data-end=\"1674\">Film, photographie, tournages commerciaux et production vid\u00e9o<\/strong><\/li>\n<\/ul>\n<p data-start=\"1678\" data-end=\"1987\">Le Butterfly White Silk 8'x8' (2.4\u00d72.4m) est un outil essentiel pour les directeurs de la photographie et les photographes qui ont besoin d'un \u00e9clairage doux et naturel. Avec sa diffusion de haute qualit\u00e9, sa construction durable et sa large zone de couverture, il assure un contr\u00f4le de la lumi\u00e8re de niveau professionnel pour n'importe quelle installation de production.<\/p>\n<p>Louez-le maintenant sur <a href=\"https:\/\/www.cinesouk.ma\/fr\">CINESOUK<\/a> - une marque de <a href=\"https:\/\/www.broadway.ma\/\">BROADWAY PRODUCTIONS SARL.<\/a><\/p>","protected":false},"excerpt":{"rendered":"<p><strong>Sp\u00e9cifications<\/strong><\/p>\n<ul>\n<li data-start=\"1445\" data-end=\"1490\"><strong data-start=\"1447\" data-end=\"1460\">Mat\u00e9riau :<\/strong> Tissu de diffusion en soie blanche<\/li>\n<li data-start=\"1491\" data-end=\"1530\"><strong data-start=\"1493\" data-end=\"1508\">Dimensions :<\/strong> 8'x8' (2.4m x 2.4m)<\/li>\n<li data-start=\"1531\" data-end=\"1591\"><strong data-start=\"1533\" data-end=\"1557\">Compatibilit\u00e9 des cadres :<\/strong> Cadre papillon standard 8'x8<\/li>\n<li data-start=\"1592\" data-end=\"1676\"><strong data-start=\"1594\" data-end=\"1611\">Applications :<\/strong> <strong data-start=\"1612\" data-end=\"1674\">Film, photographie, tournages commerciaux et production vid\u00e9o<\/strong><\/li>\n<\/ul>","protected":false},"featured_media":11879,"template":"","meta":{"om_disable_all_campaigns":false,"_monsterinsights_skip_tracking":false,"_monsterinsights_sitenote_active":false,"_monsterinsights_sitenote_note":"","_monsterinsights_sitenote_category":0,"_uf_show_specific_survey":0,"_uf_disable_surveys":false},"product_brand":[],"product_cat":[91],"product_tag":[],"class_list":{"0":"post-11515","1":"product","2":"type-product","3":"status-publish","4":"has-post-thumbnail","6":"product_cat-fabrics-and-bounces-cinesouk","8":"entry","9":"has-media","11":"first","12":"instock","13":"taxable","14":"shipping-taxable","15":"purchasable","16":"product-type-variable","17":"has-product-nav","18":"col","19":"span_1_of_3","20":"owp-content-center","21":"owp-thumbs-layout-horizontal","22":"owp-btn-normal","23":"owp-tabs-layout-horizontal","24":"has-no-thumbnails"},"yoast_head":"<!-- This site is optimized with the Yoast SEO Premium plugin v26.0 (Yoast SEO v26.0) - https:\/\/yoast.com\/wordpress\/plugins\/seo\/ -->\n<title>Butterfly White Silk - 8\u2019x8\u2019 (2.4x2.4m) - CineSouk - For rent<\/title>\n<meta name=\"description\" content=\"White Silk Butterfly Diffusion Panel 8&#039;x8&#039; (2.4x2.4m) \u2013 Softens harsh light for smooth, even illumination. Lightweight, durable, and ideal for film and photography setups.\" \/>\n<meta name=\"robots\" content=\"index, follow, max-snippet:-1, max-image-preview:large, max-video-preview:-1\" \/>\n<link rel=\"canonical\" href=\"https:\/\/www.cinesouk.ma\/fr\/produit\/butterfly-white-silk-8x8-2-4x2-4m\/\" \/>\n<meta property=\"og:locale\" content=\"fr_FR\" \/>\n<meta property=\"og:type\" content=\"article\" \/>\n<meta property=\"og:title\" content=\"Butterfly White Silk - 8\u2019x8\u2019 (2.4x2.4m)\" \/>\n<meta property=\"og:description\" content=\"White Silk Butterfly Diffusion Panel 8&#039;x8&#039; (2.4x2.4m) \u2013 Softens harsh light for smooth, even illumination. Lightweight, durable, and ideal for film and photography setups.\" \/>\n<meta property=\"og:url\" content=\"https:\/\/www.cinesouk.ma\/fr\/produit\/butterfly-white-silk-8x8-2-4x2-4m\/\" \/>\n<meta property=\"og:site_name\" content=\"CineSouk\" \/>\n<meta property=\"article:modified_time\" content=\"2026-02-05T13:26:09+00:00\" \/>\n<meta property=\"og:image\" content=\"https:\/\/www.cinesouk.ma\/wp-content\/uploads\/2025\/03\/Butterfly-White-Silk-cloth.jpg\" \/>\n\t<meta property=\"og:image:width\" content=\"300\" \/>\n\t<meta property=\"og:image:height\" content=\"238\" \/>\n\t<meta property=\"og:image:type\" content=\"image\/jpeg\" \/>\n<meta name=\"twitter:card\" content=\"summary_large_image\" \/>\n<meta name=\"twitter:description\" content=\"White Silk Butterfly Diffusion Panel 8&#039;x8&#039; (2.4x2.4m) \u2013 Softens harsh light for smooth, even illumination. Lightweight, durable, and ideal for film and photography setups.\" \/>\n<meta name=\"twitter:label1\" content=\"Dur\u00e9e de lecture estim\u00e9e\" \/>\n\t<meta name=\"twitter:data1\" content=\"2 minutes\" \/>\n<script type=\"application\/ld+json\" class=\"yoast-schema-graph\">{\"@context\":\"https:\/\/schema.org\",\"@graph\":[{\"@type\":\"WebPage\",\"@id\":\"https:\/\/www.cinesouk.ma\/product\/butterfly-white-silk-8x8-2-4x2-4m\/\",\"url\":\"https:\/\/www.cinesouk.ma\/product\/butterfly-white-silk-8x8-2-4x2-4m\/\",\"name\":\"Butterfly White Silk - 8\u2019x8\u2019 (2.4x2.4m) - CineSouk - For rent\",\"isPartOf\":{\"@id\":\"https:\/\/www.cinesouk.ma\/#website\"},\"primaryImageOfPage\":{\"@id\":\"https:\/\/www.cinesouk.ma\/product\/butterfly-white-silk-8x8-2-4x2-4m\/#primaryimage\"},\"image\":{\"@id\":\"https:\/\/www.cinesouk.ma\/product\/butterfly-white-silk-8x8-2-4x2-4m\/#primaryimage\"},\"thumbnailUrl\":\"https:\/\/www.cinesouk.ma\/wp-content\/uploads\/2025\/03\/Butterfly-White-Silk-cloth.jpg\",\"datePublished\":\"2025-04-08T11:59:37+00:00\",\"dateModified\":\"2026-02-05T13:26:09+00:00\",\"description\":\"White Silk Butterfly Diffusion Panel 8'x8' (2.4x2.4m) \u2013 Softens harsh light for smooth, even illumination. Lightweight, durable, and ideal for film and photography setups.\",\"breadcrumb\":{\"@id\":\"https:\/\/www.cinesouk.ma\/product\/butterfly-white-silk-8x8-2-4x2-4m\/#breadcrumb\"},\"inLanguage\":\"fr-FR\",\"potentialAction\":[{\"@type\":\"ReadAction\",\"target\":[\"https:\/\/www.cinesouk.ma\/product\/butterfly-white-silk-8x8-2-4x2-4m\/\"]}]},{\"@type\":\"ImageObject\",\"inLanguage\":\"fr-FR\",\"@id\":\"https:\/\/www.cinesouk.ma\/product\/butterfly-white-silk-8x8-2-4x2-4m\/#primaryimage\",\"url\":\"https:\/\/www.cinesouk.ma\/wp-content\/uploads\/2025\/03\/Butterfly-White-Silk-cloth.jpg\",\"contentUrl\":\"https:\/\/www.cinesouk.ma\/wp-content\/uploads\/2025\/03\/Butterfly-White-Silk-cloth.jpg\",\"width\":300,\"height\":238,\"caption\":\"Butterfly-White-Silk-cloth\"},{\"@type\":\"BreadcrumbList\",\"@id\":\"https:\/\/www.cinesouk.ma\/product\/butterfly-white-silk-8x8-2-4x2-4m\/#breadcrumb\",\"itemListElement\":[{\"@type\":\"ListItem\",\"position\":1,\"name\":\"Home\",\"item\":\"https:\/\/www.cinesouk.ma\/\"},{\"@type\":\"ListItem\",\"position\":2,\"name\":\"Shop\",\"item\":\"https:\/\/www.cinesouk.ma\/shop\/\"},{\"@type\":\"ListItem\",\"position\":3,\"name\":\"Butterfly White Silk &#8211; 8\u2019x8\u2019 (2.4&#215;2.4m)\"}]},{\"@type\":\"WebSite\",\"@id\":\"https:\/\/www.cinesouk.ma\/#website\",\"url\":\"https:\/\/www.cinesouk.ma\/\",\"name\":\"CineSouk\",\"description\":\"\",\"publisher\":{\"@id\":\"https:\/\/www.cinesouk.ma\/#organization\"},\"potentialAction\":[{\"@type\":\"SearchAction\",\"target\":{\"@type\":\"EntryPoint\",\"urlTemplate\":\"https:\/\/www.cinesouk.ma\/?s={search_term_string}\"},\"query-input\":{\"@type\":\"PropertyValueSpecification\",\"valueRequired\":true,\"valueName\":\"search_term_string\"}}],\"inLanguage\":\"fr-FR\"},{\"@type\":\"Organization\",\"@id\":\"https:\/\/www.cinesouk.ma\/#organization\",\"name\":\"CineSouk\",\"url\":\"https:\/\/www.cinesouk.ma\/\",\"logo\":{\"@type\":\"ImageObject\",\"inLanguage\":\"fr-FR\",\"@id\":\"https:\/\/www.cinesouk.ma\/#\/schema\/logo\/image\/\",\"url\":\"https:\/\/www.cinesouk.ma\/wp-content\/uploads\/2024\/01\/CineSouk-logo-v01-alpha-alligned-left.png\",\"contentUrl\":\"https:\/\/www.cinesouk.ma\/wp-content\/uploads\/2024\/01\/CineSouk-logo-v01-alpha-alligned-left.png\",\"width\":3204,\"height\":889,\"caption\":\"CineSouk\"},\"image\":{\"@id\":\"https:\/\/www.cinesouk.ma\/#\/schema\/logo\/image\/\"}}]}<\/script>\n<!-- \/ Yoast SEO Premium plugin. -->","yoast_head_json":{"title":"Butterfly White Silk - 8\u2019x8\u2019 (2.4x2.4m) - CineSouk - For rent","description":"White Silk Butterfly Diffusion Panel 8'x8' (2.4x2.4m) \u2013 Softens harsh light for smooth, even illumination. Lightweight, durable, and ideal for film and photography setups.","robots":{"index":"index","follow":"follow","max-snippet":"max-snippet:-1","max-image-preview":"max-image-preview:large","max-video-preview":"max-video-preview:-1"},"canonical":"https:\/\/www.cinesouk.ma\/fr\/produit\/butterfly-white-silk-8x8-2-4x2-4m\/","og_locale":"fr_FR","og_type":"article","og_title":"Butterfly White Silk - 8\u2019x8\u2019 (2.4x2.4m)","og_description":"White Silk Butterfly Diffusion Panel 8'x8' (2.4x2.4m) \u2013 Softens harsh light for smooth, even illumination. Lightweight, durable, and ideal for film and photography setups.","og_url":"https:\/\/www.cinesouk.ma\/fr\/produit\/butterfly-white-silk-8x8-2-4x2-4m\/","og_site_name":"CineSouk","article_modified_time":"2026-02-05T13:26:09+00:00","og_image":[{"width":300,"height":238,"url":"https:\/\/www.cinesouk.ma\/wp-content\/uploads\/2025\/03\/Butterfly-White-Silk-cloth.jpg","type":"image\/jpeg"}],"twitter_card":"summary_large_image","twitter_description":"White Silk Butterfly Diffusion Panel 8'x8' (2.4x2.4m) \u2013 Softens harsh light for smooth, even illumination. Lightweight, durable, and ideal for film and photography setups.","twitter_misc":{"Dur\u00e9e de lecture estim\u00e9e":"2 minutes"},"schema":{"@context":"https:\/\/schema.org","@graph":[{"@type":"WebPage","@id":"https:\/\/www.cinesouk.ma\/product\/butterfly-white-silk-8x8-2-4x2-4m\/","url":"https:\/\/www.cinesouk.ma\/product\/butterfly-white-silk-8x8-2-4x2-4m\/","name":"Butterfly White Silk - 8\u2019x8\u2019 (2.4x2.4m) - CineSouk - For rent","isPartOf":{"@id":"https:\/\/www.cinesouk.ma\/#website"},"primaryImageOfPage":{"@id":"https:\/\/www.cinesouk.ma\/product\/butterfly-white-silk-8x8-2-4x2-4m\/#primaryimage"},"image":{"@id":"https:\/\/www.cinesouk.ma\/product\/butterfly-white-silk-8x8-2-4x2-4m\/#primaryimage"},"thumbnailUrl":"https:\/\/www.cinesouk.ma\/wp-content\/uploads\/2025\/03\/Butterfly-White-Silk-cloth.jpg","datePublished":"2025-04-08T11:59:37+00:00","dateModified":"2026-02-05T13:26:09+00:00","description":"White Silk Butterfly Diffusion Panel 8'x8' (2.4x2.4m) \u2013 Softens harsh light for smooth, even illumination. Lightweight, durable, and ideal for film and photography setups.","breadcrumb":{"@id":"https:\/\/www.cinesouk.ma\/product\/butterfly-white-silk-8x8-2-4x2-4m\/#breadcrumb"},"inLanguage":"fr-FR","potentialAction":[{"@type":"ReadAction","target":["https:\/\/www.cinesouk.ma\/product\/butterfly-white-silk-8x8-2-4x2-4m\/"]}]},{"@type":"ImageObject","inLanguage":"fr-FR","@id":"https:\/\/www.cinesouk.ma\/product\/butterfly-white-silk-8x8-2-4x2-4m\/#primaryimage","url":"https:\/\/www.cinesouk.ma\/wp-content\/uploads\/2025\/03\/Butterfly-White-Silk-cloth.jpg","contentUrl":"https:\/\/www.cinesouk.ma\/wp-content\/uploads\/2025\/03\/Butterfly-White-Silk-cloth.jpg","width":300,"height":238,"caption":"Butterfly-White-Silk-cloth"},{"@type":"BreadcrumbList","@id":"https:\/\/www.cinesouk.ma\/product\/butterfly-white-silk-8x8-2-4x2-4m\/#breadcrumb","itemListElement":[{"@type":"ListItem","position":1,"name":"Home","item":"https:\/\/www.cinesouk.ma\/"},{"@type":"ListItem","position":2,"name":"Shop","item":"https:\/\/www.cinesouk.ma\/shop\/"},{"@type":"ListItem","position":3,"name":"Butterfly White Silk &#8211; 8\u2019x8\u2019 (2.4&#215;2.4m)"}]},{"@type":"WebSite","@id":"https:\/\/www.cinesouk.ma\/#website","url":"https:\/\/www.cinesouk.ma\/","name":"CineSouk","description":"","publisher":{"@id":"https:\/\/www.cinesouk.ma\/#organization"},"potentialAction":[{"@type":"SearchAction","target":{"@type":"EntryPoint","urlTemplate":"https:\/\/www.cinesouk.ma\/?s={search_term_string}"},"query-input":{"@type":"PropertyValueSpecification","valueRequired":true,"valueName":"search_term_string"}}],"inLanguage":"fr-FR"},{"@type":"Organization","@id":"https:\/\/www.cinesouk.ma\/#organization","name":"CineSouk","url":"https:\/\/www.cinesouk.ma\/","logo":{"@type":"ImageObject","inLanguage":"fr-FR","@id":"https:\/\/www.cinesouk.ma\/#\/schema\/logo\/image\/","url":"https:\/\/www.cinesouk.ma\/wp-content\/uploads\/2024\/01\/CineSouk-logo-v01-alpha-alligned-left.png","contentUrl":"https:\/\/www.cinesouk.ma\/wp-content\/uploads\/2024\/01\/CineSouk-logo-v01-alpha-alligned-left.png","width":3204,"height":889,"caption":"CineSouk"},"image":{"@id":"https:\/\/www.cinesouk.ma\/#\/schema\/logo\/image\/"}}]}},"_links":{"self":[{"href":"https:\/\/www.cinesouk.ma\/fr\/wp-json\/wp\/v2\/product\/11515","targetHints":{"allow":["GET"]}}],"collection":[{"href":"https:\/\/www.cinesouk.ma\/fr\/wp-json\/wp\/v2\/product"}],"about":[{"href":"https:\/\/www.cinesouk.ma\/fr\/wp-json\/wp\/v2\/types\/product"}],"wp:featuredmedia":[{"embeddable":true,"href":"https:\/\/www.cinesouk.ma\/fr\/wp-json\/wp\/v2\/media\/11879"}],"wp:attachment":[{"href":"https:\/\/www.cinesouk.ma\/fr\/wp-json\/wp\/v2\/media?parent=11515"}],"wp:term":[{"taxonomy":"product_brand","embeddable":true,"href":"https:\/\/www.cinesouk.ma\/fr\/wp-json\/wp\/v2\/product_brand?post=11515"},{"taxonomy":"product_cat","embeddable":true,"href":"https:\/\/www.cinesouk.ma\/fr\/wp-json\/wp\/v2\/product_cat?post=11515"},{"taxonomy":"product_tag","embeddable":true,"href":"https:\/\/www.cinesouk.ma\/fr\/wp-json\/wp\/v2\/product_tag?post=11515"}],"curies":[{"name":"wp","href":"https:\/\/api.w.org\/{rel}","templated":true}]}}