{"id":11526,"date":"2025-04-08T13:34:18","date_gmt":"2025-04-08T13:34:18","guid":{"rendered":"https:\/\/www.cinesouk.ma\/?post_type=product&#038;p=11526"},"modified":"2026-02-05T13:28:29","modified_gmt":"2026-02-05T13:28:29","slug":"ultrabounce-negative-fill-8x8-24x24m","status":"publish","type":"product","link":"https:\/\/www.cinesouk.ma\/fr\/produit\/ultrabounce-negative-fill-8x8-24x24m\/","title":{"rendered":"Ultrabounce \/ Negative Fill - 8'x8' (2,4\u00d72,4m)"},"content":{"rendered":"<p data-start=\"58\" data-end=\"421\">L'Ultrabounce \/ Negative Fill 8'x8' (2,4\u00d72,4m) est un outil d'\u00e9clairage polyvalent con\u00e7u pour contr\u00f4ler la r\u00e9flexion et l'absorption de la lumi\u00e8re dans les productions cin\u00e9matographiques, photographiques et vid\u00e9o. Gr\u00e2ce \u00e0 sa conception \u00e0 double face, il permet \u00e0 la fois de faire rebondir la lumi\u00e8re et de contr\u00f4ler les ombres profondes, ce qui en fait un outil essentiel pour les installations d'\u00e9clairage professionnelles.<\/p>\n<p data-start=\"423\" data-end=\"809\">La face blanche de l'Ultrabounce agit comme un r\u00e9flecteur doux, diffusant et redirigeant la lumi\u00e8re pour cr\u00e9er un \u00e9clairage uniforme et naturel. La face noire sert quant \u00e0 elle de remplissage n\u00e9gatif, absorbant la lumi\u00e8re pour augmenter le contraste et r\u00e9duire les reflets ind\u00e9sirables. Ce panneau est donc id\u00e9al pour les prises de vue en int\u00e9rieur et en ext\u00e9rieur o\u00f9 un contr\u00f4le pr\u00e9cis de la lumi\u00e8re est n\u00e9cessaire.<\/p>\n<p data-start=\"811\" data-end=\"1013\">Gr\u00e2ce \u00e0 sa construction l\u00e9g\u00e8re mais durable, le panneau Ultrabounce est facile \u00e0 monter sur des cadres de 8'x8\u2032. De plus, il est r\u00e9sistant aux intemp\u00e9ries et con\u00e7u pour une utilisation professionnelle \u00e0 long terme.<\/p>\n<h3 data-start=\"1015\" data-end=\"1037\"><strong data-start=\"1019\" data-end=\"1035\">Caract\u00e9ristiques principales de l'Ultrabounce \/ Negative Fill (8'x8')<\/strong><\/h3>\n<ul data-start=\"1039\" data-end=\"1518\">\n<li data-start=\"1039\" data-end=\"1158\"><strong data-start=\"1041\" data-end=\"1063\">Conception double face :<\/strong> Blanc pour <strong data-start=\"1074\" data-end=\"1105\">r\u00e9flexion douce et uniforme de la lumi\u00e8re<\/strong>, noir pour <strong data-start=\"1117\" data-end=\"1155\">contr\u00f4le du remplissage n\u00e9gatif et du contraste<\/strong>.<\/li>\n<li data-start=\"1159\" data-end=\"1256\"><strong data-start=\"1161\" data-end=\"1193\">Grandes dimensions 8'x8\u2032 (2.4\u00d72.4m) :<\/strong> Fournit <strong data-start=\"1203\" data-end=\"1221\">large couverture<\/strong> pour <strong data-start=\"1226\" data-end=\"1253\">diff\u00e9rentes configurations d'\u00e9clairage<\/strong>.<\/li>\n<li data-start=\"1257\" data-end=\"1346\"><strong data-start=\"1259\" data-end=\"1285\">L\u00e9ger et durable :<\/strong> Construit pour <strong data-start=\"1296\" data-end=\"1343\">facilit\u00e9 de transport, de manipulation et d'utilisation \u00e0 long terme<\/strong>.<\/li>\n<li data-start=\"1347\" data-end=\"1434\"><strong data-start=\"1349\" data-end=\"1370\">Compatible avec le cadre :<\/strong> Convient <strong data-start=\"1376\" data-end=\"1411\">cadres papillon standard 8'x8\u2032<\/strong> pour <strong data-start=\"1416\" data-end=\"1431\">configuration rapide<\/strong>.<\/li>\n<li data-start=\"1435\" data-end=\"1518\"><strong data-start=\"1437\" data-end=\"1462\">Utilisation int\u00e9rieure et ext\u00e9rieure :<\/strong> Aide <strong data-start=\"1469\" data-end=\"1515\">fa\u00e7onner et contr\u00f4ler la lumi\u00e8re dans n'importe quel environnement<\/strong>.<\/li>\n<\/ul>\n<h3 data-start=\"1520\" data-end=\"1544\"><strong data-start=\"1524\" data-end=\"1542\">Sp\u00e9cifications<\/strong><\/h3>\n<ul data-start=\"1546\" data-end=\"1779\">\n<li data-start=\"1546\" data-end=\"1593\"><strong data-start=\"1548\" data-end=\"1561\">Mat\u00e9riau :<\/strong> Tissu r\u00e9versible Ultrabounce<\/li>\n<li data-start=\"1594\" data-end=\"1633\"><strong data-start=\"1596\" data-end=\"1611\">Dimensions :<\/strong> 8'x8\u2032 (2.4m x 2.4m)<\/li>\n<li data-start=\"1634\" data-end=\"1694\"><strong data-start=\"1636\" data-end=\"1660\">Compatibilit\u00e9 des cadres :<\/strong> Cadre papillon standard 8'x8\u2032<\/li>\n<li data-start=\"1695\" data-end=\"1779\"><strong data-start=\"1697\" data-end=\"1714\">Applications :<\/strong> <strong data-start=\"1715\" data-end=\"1777\">Film, photographie, tournages commerciaux et production vid\u00e9o<\/strong><\/li>\n<\/ul>\n<p data-start=\"1781\" data-end=\"2116\">L'Ultrabounce \/ Negative Fill 8'x8\u2032 (2,4\u00d72,4m) est un outil d'\u00e9clairage essentiel pour les directeurs de la photographie et les photographes qui cherchent \u00e0 am\u00e9liorer ou \u00e0 contr\u00f4ler la lumi\u00e8re avec pr\u00e9cision. Avec sa conception r\u00e9versible, sa construction durable et ses performances de qualit\u00e9 professionnelle, il assure une flexibilit\u00e9 maximale sur tout plateau de production.<\/p>\n<p>Louez-le maintenant sur <a href=\"https:\/\/www.cinesouk.ma\/fr\">CINESOUK<\/a> - une marque de <a href=\"https:\/\/www.broadway.ma\/\">BROADWAY PRODUCTIONS SARL.<\/a><\/p>","protected":false},"excerpt":{"rendered":"<p><strong>Sp\u00e9cifications<\/strong><\/p>\n<ul>\n<li data-start=\"1546\" data-end=\"1593\"><strong data-start=\"1548\" data-end=\"1561\">Mat\u00e9riau :<\/strong> Tissu r\u00e9versible Ultrabounce<\/li>\n<li data-start=\"1594\" data-end=\"1633\"><strong data-start=\"1596\" data-end=\"1611\">Dimensions :<\/strong> 8'x8\u2032 (2.4m x 2.4m)<\/li>\n<li data-start=\"1634\" data-end=\"1694\"><strong data-start=\"1636\" data-end=\"1660\">Compatibilit\u00e9 des cadres :<\/strong> Cadre papillon standard 8'x8\u2032<\/li>\n<li data-start=\"1695\" data-end=\"1779\"><strong data-start=\"1697\" data-end=\"1714\">Applications :<\/strong> <strong data-start=\"1715\" data-end=\"1777\">Film, photographie, tournages commerciaux et production vid\u00e9o<\/strong><\/li>\n<\/ul>","protected":false},"featured_media":11878,"template":"","meta":{"om_disable_all_campaigns":false,"_monsterinsights_skip_tracking":false,"_monsterinsights_sitenote_active":false,"_monsterinsights_sitenote_note":"","_monsterinsights_sitenote_category":0,"_uf_show_specific_survey":0,"_uf_disable_surveys":false},"product_brand":[],"product_cat":[91],"product_tag":[],"class_list":{"0":"post-11526","1":"product","2":"type-product","3":"status-publish","4":"has-post-thumbnail","6":"product_cat-fabrics-and-bounces-cinesouk","8":"entry","9":"has-media","11":"first","12":"instock","13":"taxable","14":"shipping-taxable","15":"purchasable","16":"product-type-variable","17":"has-product-nav","18":"col","19":"span_1_of_3","20":"owp-content-center","21":"owp-thumbs-layout-horizontal","22":"owp-btn-normal","23":"owp-tabs-layout-horizontal","24":"has-no-thumbnails"},"yoast_head":"<!-- This site is optimized with the Yoast SEO Premium plugin v26.0 (Yoast SEO v26.0) - https:\/\/yoast.com\/wordpress\/plugins\/seo\/ -->\n<title>Ultrabounce \/ Negative Fill - 8\u2019x8\u2019 (2,4x2,4m) - CineSouk - For rent<\/title>\n<meta name=\"description\" content=\"Ultrabounce \/ Negative Fill 8&#039;x8&#039; (2.4x2.4m) \u2013 Dual-sided panel for soft light reflection or negative fill, perfect for film, photography, and professional lighting control.\" \/>\n<meta name=\"robots\" content=\"index, follow, max-snippet:-1, max-image-preview:large, max-video-preview:-1\" \/>\n<link rel=\"canonical\" href=\"https:\/\/www.cinesouk.ma\/fr\/produit\/ultrabounce-negative-fill-8x8-24x24m\/\" \/>\n<meta property=\"og:locale\" content=\"fr_FR\" \/>\n<meta property=\"og:type\" content=\"article\" \/>\n<meta property=\"og:title\" content=\"Ultrabounce \/ Negative Fill - 8\u2019x8\u2019 (2,4x2,4m)\" \/>\n<meta property=\"og:description\" content=\"Ultrabounce \/ Negative Fill 8&#039;x8&#039; (2.4x2.4m) \u2013 Dual-sided panel for soft light reflection or negative fill, perfect for film, photography, and professional lighting control.\" \/>\n<meta property=\"og:url\" content=\"https:\/\/www.cinesouk.ma\/fr\/produit\/ultrabounce-negative-fill-8x8-24x24m\/\" \/>\n<meta property=\"og:site_name\" content=\"CineSouk\" \/>\n<meta property=\"article:modified_time\" content=\"2026-02-05T13:28:29+00:00\" \/>\n<meta property=\"og:image\" content=\"https:\/\/www.cinesouk.ma\/wp-content\/uploads\/2025\/03\/ultrabounce-black-_-white.jpg\" \/>\n\t<meta property=\"og:image:width\" content=\"300\" \/>\n\t<meta property=\"og:image:height\" content=\"238\" \/>\n\t<meta property=\"og:image:type\" content=\"image\/jpeg\" \/>\n<meta name=\"twitter:card\" content=\"summary_large_image\" \/>\n<meta name=\"twitter:description\" content=\"Ultrabounce \/ Negative Fill 8&#039;x8&#039; (2.4x2.4m) \u2013 Dual-sided panel for soft light reflection or negative fill, perfect for film, photography, and professional lighting control.\" \/>\n<meta name=\"twitter:label1\" content=\"Dur\u00e9e de lecture estim\u00e9e\" \/>\n\t<meta name=\"twitter:data1\" content=\"2 minutes\" \/>\n<script type=\"application\/ld+json\" class=\"yoast-schema-graph\">{\"@context\":\"https:\/\/schema.org\",\"@graph\":[{\"@type\":\"WebPage\",\"@id\":\"https:\/\/www.cinesouk.ma\/product\/ultrabounce-negative-fill-8x8-24x24m\/\",\"url\":\"https:\/\/www.cinesouk.ma\/product\/ultrabounce-negative-fill-8x8-24x24m\/\",\"name\":\"Ultrabounce \/ Negative Fill - 8\u2019x8\u2019 (2,4x2,4m) - CineSouk - For rent\",\"isPartOf\":{\"@id\":\"https:\/\/www.cinesouk.ma\/#website\"},\"primaryImageOfPage\":{\"@id\":\"https:\/\/www.cinesouk.ma\/product\/ultrabounce-negative-fill-8x8-24x24m\/#primaryimage\"},\"image\":{\"@id\":\"https:\/\/www.cinesouk.ma\/product\/ultrabounce-negative-fill-8x8-24x24m\/#primaryimage\"},\"thumbnailUrl\":\"https:\/\/www.cinesouk.ma\/wp-content\/uploads\/2025\/03\/ultrabounce-black-_-white.jpg\",\"datePublished\":\"2025-04-08T13:34:18+00:00\",\"dateModified\":\"2026-02-05T13:28:29+00:00\",\"description\":\"Ultrabounce \/ Negative Fill 8'x8' (2.4x2.4m) \u2013 Dual-sided panel for soft light reflection or negative fill, perfect for film, photography, and professional lighting control.\",\"breadcrumb\":{\"@id\":\"https:\/\/www.cinesouk.ma\/product\/ultrabounce-negative-fill-8x8-24x24m\/#breadcrumb\"},\"inLanguage\":\"fr-FR\",\"potentialAction\":[{\"@type\":\"ReadAction\",\"target\":[\"https:\/\/www.cinesouk.ma\/product\/ultrabounce-negative-fill-8x8-24x24m\/\"]}]},{\"@type\":\"ImageObject\",\"inLanguage\":\"fr-FR\",\"@id\":\"https:\/\/www.cinesouk.ma\/product\/ultrabounce-negative-fill-8x8-24x24m\/#primaryimage\",\"url\":\"https:\/\/www.cinesouk.ma\/wp-content\/uploads\/2025\/03\/ultrabounce-black-_-white.jpg\",\"contentUrl\":\"https:\/\/www.cinesouk.ma\/wp-content\/uploads\/2025\/03\/ultrabounce-black-_-white.jpg\",\"width\":300,\"height\":238,\"caption\":\"ultrabounce-black-_-white\"},{\"@type\":\"BreadcrumbList\",\"@id\":\"https:\/\/www.cinesouk.ma\/product\/ultrabounce-negative-fill-8x8-24x24m\/#breadcrumb\",\"itemListElement\":[{\"@type\":\"ListItem\",\"position\":1,\"name\":\"Home\",\"item\":\"https:\/\/www.cinesouk.ma\/\"},{\"@type\":\"ListItem\",\"position\":2,\"name\":\"Shop\",\"item\":\"https:\/\/www.cinesouk.ma\/shop\/\"},{\"@type\":\"ListItem\",\"position\":3,\"name\":\"Ultrabounce \/ Negative Fill &#8211; 8\u2019x8\u2019 (2,4&#215;2,4m)\"}]},{\"@type\":\"WebSite\",\"@id\":\"https:\/\/www.cinesouk.ma\/#website\",\"url\":\"https:\/\/www.cinesouk.ma\/\",\"name\":\"CineSouk\",\"description\":\"\",\"publisher\":{\"@id\":\"https:\/\/www.cinesouk.ma\/#organization\"},\"potentialAction\":[{\"@type\":\"SearchAction\",\"target\":{\"@type\":\"EntryPoint\",\"urlTemplate\":\"https:\/\/www.cinesouk.ma\/?s={search_term_string}\"},\"query-input\":{\"@type\":\"PropertyValueSpecification\",\"valueRequired\":true,\"valueName\":\"search_term_string\"}}],\"inLanguage\":\"fr-FR\"},{\"@type\":\"Organization\",\"@id\":\"https:\/\/www.cinesouk.ma\/#organization\",\"name\":\"CineSouk\",\"url\":\"https:\/\/www.cinesouk.ma\/\",\"logo\":{\"@type\":\"ImageObject\",\"inLanguage\":\"fr-FR\",\"@id\":\"https:\/\/www.cinesouk.ma\/#\/schema\/logo\/image\/\",\"url\":\"https:\/\/www.cinesouk.ma\/wp-content\/uploads\/2024\/01\/CineSouk-logo-v01-alpha-alligned-left.png\",\"contentUrl\":\"https:\/\/www.cinesouk.ma\/wp-content\/uploads\/2024\/01\/CineSouk-logo-v01-alpha-alligned-left.png\",\"width\":3204,\"height\":889,\"caption\":\"CineSouk\"},\"image\":{\"@id\":\"https:\/\/www.cinesouk.ma\/#\/schema\/logo\/image\/\"}}]}<\/script>\n<!-- \/ Yoast SEO Premium plugin. -->","yoast_head_json":{"title":"Ultrabounce \/ Negative Fill - 8\u2019x8\u2019 (2,4x2,4m) - CineSouk - For rent","description":"Ultrabounce \/ Negative Fill 8'x8' (2.4x2.4m) \u2013 Dual-sided panel for soft light reflection or negative fill, perfect for film, photography, and professional lighting control.","robots":{"index":"index","follow":"follow","max-snippet":"max-snippet:-1","max-image-preview":"max-image-preview:large","max-video-preview":"max-video-preview:-1"},"canonical":"https:\/\/www.cinesouk.ma\/fr\/produit\/ultrabounce-negative-fill-8x8-24x24m\/","og_locale":"fr_FR","og_type":"article","og_title":"Ultrabounce \/ Negative Fill - 8\u2019x8\u2019 (2,4x2,4m)","og_description":"Ultrabounce \/ Negative Fill 8'x8' (2.4x2.4m) \u2013 Dual-sided panel for soft light reflection or negative fill, perfect for film, photography, and professional lighting control.","og_url":"https:\/\/www.cinesouk.ma\/fr\/produit\/ultrabounce-negative-fill-8x8-24x24m\/","og_site_name":"CineSouk","article_modified_time":"2026-02-05T13:28:29+00:00","og_image":[{"width":300,"height":238,"url":"https:\/\/www.cinesouk.ma\/wp-content\/uploads\/2025\/03\/ultrabounce-black-_-white.jpg","type":"image\/jpeg"}],"twitter_card":"summary_large_image","twitter_description":"Ultrabounce \/ Negative Fill 8'x8' (2.4x2.4m) \u2013 Dual-sided panel for soft light reflection or negative fill, perfect for film, photography, and professional lighting control.","twitter_misc":{"Dur\u00e9e de lecture estim\u00e9e":"2 minutes"},"schema":{"@context":"https:\/\/schema.org","@graph":[{"@type":"WebPage","@id":"https:\/\/www.cinesouk.ma\/product\/ultrabounce-negative-fill-8x8-24x24m\/","url":"https:\/\/www.cinesouk.ma\/product\/ultrabounce-negative-fill-8x8-24x24m\/","name":"Ultrabounce \/ Negative Fill - 8\u2019x8\u2019 (2,4x2,4m) - CineSouk - For rent","isPartOf":{"@id":"https:\/\/www.cinesouk.ma\/#website"},"primaryImageOfPage":{"@id":"https:\/\/www.cinesouk.ma\/product\/ultrabounce-negative-fill-8x8-24x24m\/#primaryimage"},"image":{"@id":"https:\/\/www.cinesouk.ma\/product\/ultrabounce-negative-fill-8x8-24x24m\/#primaryimage"},"thumbnailUrl":"https:\/\/www.cinesouk.ma\/wp-content\/uploads\/2025\/03\/ultrabounce-black-_-white.jpg","datePublished":"2025-04-08T13:34:18+00:00","dateModified":"2026-02-05T13:28:29+00:00","description":"Ultrabounce \/ Negative Fill 8'x8' (2.4x2.4m) \u2013 Dual-sided panel for soft light reflection or negative fill, perfect for film, photography, and professional lighting control.","breadcrumb":{"@id":"https:\/\/www.cinesouk.ma\/product\/ultrabounce-negative-fill-8x8-24x24m\/#breadcrumb"},"inLanguage":"fr-FR","potentialAction":[{"@type":"ReadAction","target":["https:\/\/www.cinesouk.ma\/product\/ultrabounce-negative-fill-8x8-24x24m\/"]}]},{"@type":"ImageObject","inLanguage":"fr-FR","@id":"https:\/\/www.cinesouk.ma\/product\/ultrabounce-negative-fill-8x8-24x24m\/#primaryimage","url":"https:\/\/www.cinesouk.ma\/wp-content\/uploads\/2025\/03\/ultrabounce-black-_-white.jpg","contentUrl":"https:\/\/www.cinesouk.ma\/wp-content\/uploads\/2025\/03\/ultrabounce-black-_-white.jpg","width":300,"height":238,"caption":"ultrabounce-black-_-white"},{"@type":"BreadcrumbList","@id":"https:\/\/www.cinesouk.ma\/product\/ultrabounce-negative-fill-8x8-24x24m\/#breadcrumb","itemListElement":[{"@type":"ListItem","position":1,"name":"Home","item":"https:\/\/www.cinesouk.ma\/"},{"@type":"ListItem","position":2,"name":"Shop","item":"https:\/\/www.cinesouk.ma\/shop\/"},{"@type":"ListItem","position":3,"name":"Ultrabounce \/ Negative Fill &#8211; 8\u2019x8\u2019 (2,4&#215;2,4m)"}]},{"@type":"WebSite","@id":"https:\/\/www.cinesouk.ma\/#website","url":"https:\/\/www.cinesouk.ma\/","name":"CineSouk","description":"","publisher":{"@id":"https:\/\/www.cinesouk.ma\/#organization"},"potentialAction":[{"@type":"SearchAction","target":{"@type":"EntryPoint","urlTemplate":"https:\/\/www.cinesouk.ma\/?s={search_term_string}"},"query-input":{"@type":"PropertyValueSpecification","valueRequired":true,"valueName":"search_term_string"}}],"inLanguage":"fr-FR"},{"@type":"Organization","@id":"https:\/\/www.cinesouk.ma\/#organization","name":"CineSouk","url":"https:\/\/www.cinesouk.ma\/","logo":{"@type":"ImageObject","inLanguage":"fr-FR","@id":"https:\/\/www.cinesouk.ma\/#\/schema\/logo\/image\/","url":"https:\/\/www.cinesouk.ma\/wp-content\/uploads\/2024\/01\/CineSouk-logo-v01-alpha-alligned-left.png","contentUrl":"https:\/\/www.cinesouk.ma\/wp-content\/uploads\/2024\/01\/CineSouk-logo-v01-alpha-alligned-left.png","width":3204,"height":889,"caption":"CineSouk"},"image":{"@id":"https:\/\/www.cinesouk.ma\/#\/schema\/logo\/image\/"}}]}},"_links":{"self":[{"href":"https:\/\/www.cinesouk.ma\/fr\/wp-json\/wp\/v2\/product\/11526","targetHints":{"allow":["GET"]}}],"collection":[{"href":"https:\/\/www.cinesouk.ma\/fr\/wp-json\/wp\/v2\/product"}],"about":[{"href":"https:\/\/www.cinesouk.ma\/fr\/wp-json\/wp\/v2\/types\/product"}],"wp:featuredmedia":[{"embeddable":true,"href":"https:\/\/www.cinesouk.ma\/fr\/wp-json\/wp\/v2\/media\/11878"}],"wp:attachment":[{"href":"https:\/\/www.cinesouk.ma\/fr\/wp-json\/wp\/v2\/media?parent=11526"}],"wp:term":[{"taxonomy":"product_brand","embeddable":true,"href":"https:\/\/www.cinesouk.ma\/fr\/wp-json\/wp\/v2\/product_brand?post=11526"},{"taxonomy":"product_cat","embeddable":true,"href":"https:\/\/www.cinesouk.ma\/fr\/wp-json\/wp\/v2\/product_cat?post=11526"},{"taxonomy":"product_tag","embeddable":true,"href":"https:\/\/www.cinesouk.ma\/fr\/wp-json\/wp\/v2\/product_tag?post=11526"}],"curies":[{"name":"wp","href":"https:\/\/api.w.org\/{rel}","templated":true}]}}