{"id":11548,"date":"2025-04-08T14:05:07","date_gmt":"2025-04-08T14:05:07","guid":{"rendered":"https:\/\/www.cinesouk.ma\/?post_type=product&#038;p=11548"},"modified":"2026-02-05T13:18:23","modified_gmt":"2026-02-05T13:18:23","slug":"full-grid-1-1-cloth-diffusion-silk-white-8x8-2-4x2-4m","status":"publish","type":"product","link":"https:\/\/www.cinesouk.ma\/fr\/produit\/full-grid-1-1-cloth-diffusion-silk-white-8x8-2-4x2-4m\/","title":{"rendered":"Grille compl\u00e8te 1\/1 Tissu Diffusion Soie Blanc - 8'x8' (2.4\u00d72.4m)"},"content":{"rendered":"<p data-start=\"71\" data-end=\"417\">Le Full Grid 1\/1 Cloth Diffusion Silk White 8'x8' (2.4\u00d72.4m) est un modificateur de lumi\u00e8re de haute qualit\u00e9 con\u00e7u pour un \u00e9clairage doux et uniforme dans les productions cin\u00e9matographiques, photographiques et vid\u00e9o. Gr\u00e2ce \u00e0 son tissu quadrill\u00e9 durable, il fournit une lumi\u00e8re forte mais diffuse, ce qui le rend id\u00e9al pour r\u00e9duire les ombres et les lumi\u00e8res dures.<\/p>\n<p data-start=\"419\" data-end=\"702\">Gr\u00e2ce \u00e0 sa grille compl\u00e8te 1\/1, cette soie de diffusion permet d'adoucir au maximum les sources de lumi\u00e8re directe tout en maintenant une bonne transmission de la lumi\u00e8re. En outre, sa surface blanche garantit une balance des couleurs neutre, \u00e9vitant ainsi les teintes ind\u00e9sirables dans l'image finale.<\/p>\n<p data-start=\"704\" data-end=\"1018\">Comme elle s'adapte aux cadres papillon standard de 8 pi x 8 pi, cette toile est facile \u00e0 monter et \u00e0 ajuster, ce qui en fait un choix pratique pour les installations int\u00e9rieures et ext\u00e9rieures. De plus, sa construction robuste r\u00e9siste \u00e0 une utilisation professionnelle, garantissant une fiabilit\u00e9 \u00e0 long terme dans des environnements de production exigeants.<\/p>\n<h3 data-start=\"1020\" data-end=\"1042\"><strong data-start=\"1024\" data-end=\"1040\">Caract\u00e9ristiques principales<\/strong><\/h3>\n<ul data-start=\"1044\" data-end=\"1660\">\n<li data-start=\"1044\" data-end=\"1151\"><strong data-start=\"1046\" data-end=\"1071\">Diffusion douce et homog\u00e8ne :<\/strong> Minimise <strong data-start=\"1082\" data-end=\"1112\">ombres dures et points chauds<\/strong> pour <strong data-start=\"1117\" data-end=\"1148\">un \u00e9clairage doux et contr\u00f4l\u00e9<\/strong>.<\/li>\n<li data-start=\"1152\" data-end=\"1257\"><strong data-start=\"1154\" data-end=\"1179\">Grille compl\u00e8te 1\/1 Tissu :<\/strong> Offres <strong data-start=\"1187\" data-end=\"1254\">forte diffusion tout en maintenant une transmission efficace de la lumi\u00e8re<\/strong>.<\/li>\n<li data-start=\"1258\" data-end=\"1355\"><strong data-start=\"1260\" data-end=\"1284\">Blanc Balance des couleurs :<\/strong> Veille <strong data-start=\"1293\" data-end=\"1352\">un \u00e9clairage neutre et fid\u00e8le aux couleurs, sans teintes ind\u00e9sirables<\/strong>.<\/li>\n<li data-start=\"1356\" data-end=\"1459\"><strong data-start=\"1358\" data-end=\"1390\">Grand 8'x8' (2.4\u00d72.4m) Taille :<\/strong> Fournit <strong data-start=\"1400\" data-end=\"1418\">large couverture<\/strong> pour <strong data-start=\"1423\" data-end=\"1456\">diverses applications d'\u00e9clairage<\/strong>.<\/li>\n<li data-start=\"1460\" data-end=\"1569\"><strong data-start=\"1462\" data-end=\"1483\">Compatible avec le cadre :<\/strong> Con\u00e7u pour s'adapter <strong data-start=\"1500\" data-end=\"1535\">cadres papillon standard 8'x8<\/strong> pour <strong data-start=\"1540\" data-end=\"1566\">une installation rapide et s\u00fbre<\/strong>.<\/li>\n<li data-start=\"1570\" data-end=\"1660\"><strong data-start=\"1572\" data-end=\"1604\">Durable et r\u00e9sistant aux intemp\u00e9ries :<\/strong> Convient pour <strong data-start=\"1618\" data-end=\"1657\">des productions en int\u00e9rieur et en ext\u00e9rieur<\/strong>.<\/li>\n<\/ul>\n<h3 data-start=\"1662\" data-end=\"1686\"><strong data-start=\"1666\" data-end=\"1684\">Sp\u00e9cifications<\/strong><\/h3>\n<ul data-start=\"1688\" data-end=\"1921\">\n<li data-start=\"1688\" data-end=\"1735\"><strong data-start=\"1690\" data-end=\"1703\">Mat\u00e9riau :<\/strong> Tissu de diffusion pleine grille 1\/1<\/li>\n<li data-start=\"1736\" data-end=\"1775\"><strong data-start=\"1738\" data-end=\"1753\">Dimensions :<\/strong> 8'x8' (2.4m x 2.4m)<\/li>\n<li data-start=\"1776\" data-end=\"1836\"><strong data-start=\"1778\" data-end=\"1802\">Compatibilit\u00e9 des cadres :<\/strong> Cadre papillon standard 8'x8<\/li>\n<li data-start=\"1837\" data-end=\"1921\"><strong data-start=\"1839\" data-end=\"1856\">Applications :<\/strong> <strong data-start=\"1857\" data-end=\"1919\">Film, photographie, tournages commerciaux et production vid\u00e9o<\/strong><\/li>\n<\/ul>\n<p data-start=\"1923\" data-end=\"2245\">Le Full Grid 1\/1 Cloth Diffusion Silk White 8'x8' (2.4\u00d72.4m) est un outil essentiel pour les directeurs de la photographie et les photographes qui ont besoin d'un \u00e9clairage doux et \u00e9quilibr\u00e9. Gr\u00e2ce \u00e0 ses fortes propri\u00e9t\u00e9s de diffusion, \u00e0 sa construction durable et \u00e0 la pr\u00e9cision de ses couleurs neutres, elle offre des r\u00e9sultats de qualit\u00e9 professionnelle dans n'importe quelle configuration d'\u00e9clairage.<\/p>\n<p>Louez-le maintenant sur <a href=\"https:\/\/www.cinesouk.ma\/fr\">CINESOUK<\/a> - une marque de <a href=\"https:\/\/www.broadway.ma\/\">BROADWAY PRODUCTIONS SARL.<\/a><\/p>","protected":false},"excerpt":{"rendered":"<p><strong>Sp\u00e9cifications<\/strong><\/p>\n<ul>\n<li data-start=\"1688\" data-end=\"1735\"><strong data-start=\"1690\" data-end=\"1703\">Mat\u00e9riau :<\/strong> Tissu de diffusion pleine grille 1\/1<\/li>\n<li data-start=\"1736\" data-end=\"1775\"><strong data-start=\"1738\" data-end=\"1753\">Dimensions :<\/strong> 8'x8' (2.4m x 2.4m)<\/li>\n<li data-start=\"1776\" data-end=\"1836\"><strong data-start=\"1778\" data-end=\"1802\">Compatibilit\u00e9 des cadres :<\/strong> Cadre papillon standard 8'x8<\/li>\n<li data-start=\"1837\" data-end=\"1921\"><strong data-start=\"1839\" data-end=\"1856\">Applications :<\/strong> <strong data-start=\"1857\" data-end=\"1919\">Film, photographie, tournages commerciaux et production vid\u00e9o<\/strong><\/li>\n<\/ul>","protected":false},"featured_media":11875,"template":"","meta":{"om_disable_all_campaigns":false,"_monsterinsights_skip_tracking":false,"_monsterinsights_sitenote_active":false,"_monsterinsights_sitenote_note":"","_monsterinsights_sitenote_category":0,"_uf_show_specific_survey":0,"_uf_disable_surveys":false},"product_brand":[],"product_cat":[91],"product_tag":[],"class_list":{"0":"post-11548","1":"product","2":"type-product","3":"status-publish","4":"has-post-thumbnail","6":"product_cat-fabrics-and-bounces-cinesouk","8":"entry","9":"has-media","11":"first","12":"instock","13":"taxable","14":"shipping-taxable","15":"purchasable","16":"product-type-variable","17":"has-product-nav","18":"col","19":"span_1_of_3","20":"owp-content-center","21":"owp-thumbs-layout-horizontal","22":"owp-btn-normal","23":"owp-tabs-layout-horizontal","24":"has-no-thumbnails"},"yoast_head":"<!-- This site is optimized with the Yoast SEO Premium plugin v26.0 (Yoast SEO v26.0) - https:\/\/yoast.com\/wordpress\/plugins\/seo\/ -->\n<title>Full Grid 1\/1 Cloth Diffusion Silk White - 8\u2019x8\u2019 (2.4x2.4m) - CineSouk - For rent<\/title>\n<meta name=\"description\" content=\"Full Grid 1\/1 Cloth Diffusion Silk White 8\u2019x8\u2019 (2.4x2.4m) \u2013 Strong light diffusion for smooth, even illumination. Color-neutral, weather-resistant, and frame-compatible for film and photography.\" \/>\n<meta name=\"robots\" content=\"index, follow, max-snippet:-1, max-image-preview:large, max-video-preview:-1\" \/>\n<link rel=\"canonical\" href=\"https:\/\/www.cinesouk.ma\/fr\/produit\/full-grid-1-1-cloth-diffusion-silk-white-8x8-2-4x2-4m\/\" \/>\n<meta property=\"og:locale\" content=\"fr_FR\" \/>\n<meta property=\"og:type\" content=\"article\" \/>\n<meta property=\"og:title\" content=\"Full Grid 1\/1 Cloth Diffusion Silk White - 8\u2019x8\u2019 (2.4x2.4m)\" \/>\n<meta property=\"og:description\" content=\"Full Grid 1\/1 Cloth Diffusion Silk White 8\u2019x8\u2019 (2.4x2.4m) \u2013 Strong light diffusion for smooth, even illumination. Color-neutral, weather-resistant, and frame-compatible for film and photography.\" \/>\n<meta property=\"og:url\" content=\"https:\/\/www.cinesouk.ma\/fr\/produit\/full-grid-1-1-cloth-diffusion-silk-white-8x8-2-4x2-4m\/\" \/>\n<meta property=\"og:site_name\" content=\"CineSouk\" \/>\n<meta property=\"article:modified_time\" content=\"2026-02-05T13:18:23+00:00\" \/>\n<meta property=\"og:image\" content=\"https:\/\/www.cinesouk.ma\/wp-content\/uploads\/2025\/03\/full-grid-silk-cloth.jpg\" \/>\n\t<meta property=\"og:image:width\" content=\"300\" \/>\n\t<meta property=\"og:image:height\" content=\"238\" \/>\n\t<meta property=\"og:image:type\" content=\"image\/jpeg\" \/>\n<meta name=\"twitter:card\" content=\"summary_large_image\" \/>\n<meta name=\"twitter:description\" content=\"Full Grid 1\/1 Cloth Diffusion Silk White 8\u2019x8\u2019 (2.4x2.4m) \u2013 Strong light diffusion for smooth, even illumination. Color-neutral, weather-resistant, and frame-compatible for film and photography.\" \/>\n<meta name=\"twitter:label1\" content=\"Dur\u00e9e de lecture estim\u00e9e\" \/>\n\t<meta name=\"twitter:data1\" content=\"2 minutes\" \/>\n<script type=\"application\/ld+json\" class=\"yoast-schema-graph\">{\"@context\":\"https:\/\/schema.org\",\"@graph\":[{\"@type\":\"WebPage\",\"@id\":\"https:\/\/www.cinesouk.ma\/product\/full-grid-1-1-cloth-diffusion-silk-white-8x8-2-4x2-4m\/\",\"url\":\"https:\/\/www.cinesouk.ma\/product\/full-grid-1-1-cloth-diffusion-silk-white-8x8-2-4x2-4m\/\",\"name\":\"Full Grid 1\/1 Cloth Diffusion Silk White - 8\u2019x8\u2019 (2.4x2.4m) - CineSouk - For rent\",\"isPartOf\":{\"@id\":\"https:\/\/www.cinesouk.ma\/#website\"},\"primaryImageOfPage\":{\"@id\":\"https:\/\/www.cinesouk.ma\/product\/full-grid-1-1-cloth-diffusion-silk-white-8x8-2-4x2-4m\/#primaryimage\"},\"image\":{\"@id\":\"https:\/\/www.cinesouk.ma\/product\/full-grid-1-1-cloth-diffusion-silk-white-8x8-2-4x2-4m\/#primaryimage\"},\"thumbnailUrl\":\"https:\/\/www.cinesouk.ma\/wp-content\/uploads\/2025\/03\/full-grid-silk-cloth.jpg\",\"datePublished\":\"2025-04-08T14:05:07+00:00\",\"dateModified\":\"2026-02-05T13:18:23+00:00\",\"description\":\"Full Grid 1\/1 Cloth Diffusion Silk White 8\u2019x8\u2019 (2.4x2.4m) \u2013 Strong light diffusion for smooth, even illumination. Color-neutral, weather-resistant, and frame-compatible for film and photography.\",\"breadcrumb\":{\"@id\":\"https:\/\/www.cinesouk.ma\/product\/full-grid-1-1-cloth-diffusion-silk-white-8x8-2-4x2-4m\/#breadcrumb\"},\"inLanguage\":\"fr-FR\",\"potentialAction\":[{\"@type\":\"ReadAction\",\"target\":[\"https:\/\/www.cinesouk.ma\/product\/full-grid-1-1-cloth-diffusion-silk-white-8x8-2-4x2-4m\/\"]}]},{\"@type\":\"ImageObject\",\"inLanguage\":\"fr-FR\",\"@id\":\"https:\/\/www.cinesouk.ma\/product\/full-grid-1-1-cloth-diffusion-silk-white-8x8-2-4x2-4m\/#primaryimage\",\"url\":\"https:\/\/www.cinesouk.ma\/wp-content\/uploads\/2025\/03\/full-grid-silk-cloth.jpg\",\"contentUrl\":\"https:\/\/www.cinesouk.ma\/wp-content\/uploads\/2025\/03\/full-grid-silk-cloth.jpg\",\"width\":300,\"height\":238,\"caption\":\"full grid silk cloth\"},{\"@type\":\"BreadcrumbList\",\"@id\":\"https:\/\/www.cinesouk.ma\/product\/full-grid-1-1-cloth-diffusion-silk-white-8x8-2-4x2-4m\/#breadcrumb\",\"itemListElement\":[{\"@type\":\"ListItem\",\"position\":1,\"name\":\"Home\",\"item\":\"https:\/\/www.cinesouk.ma\/\"},{\"@type\":\"ListItem\",\"position\":2,\"name\":\"Shop\",\"item\":\"https:\/\/www.cinesouk.ma\/shop\/\"},{\"@type\":\"ListItem\",\"position\":3,\"name\":\"Full Grid 1\/1 Cloth Diffusion Silk White &#8211; 8\u2019x8\u2019 (2.4&#215;2.4m)\"}]},{\"@type\":\"WebSite\",\"@id\":\"https:\/\/www.cinesouk.ma\/#website\",\"url\":\"https:\/\/www.cinesouk.ma\/\",\"name\":\"CineSouk\",\"description\":\"\",\"publisher\":{\"@id\":\"https:\/\/www.cinesouk.ma\/#organization\"},\"potentialAction\":[{\"@type\":\"SearchAction\",\"target\":{\"@type\":\"EntryPoint\",\"urlTemplate\":\"https:\/\/www.cinesouk.ma\/?s={search_term_string}\"},\"query-input\":{\"@type\":\"PropertyValueSpecification\",\"valueRequired\":true,\"valueName\":\"search_term_string\"}}],\"inLanguage\":\"fr-FR\"},{\"@type\":\"Organization\",\"@id\":\"https:\/\/www.cinesouk.ma\/#organization\",\"name\":\"CineSouk\",\"url\":\"https:\/\/www.cinesouk.ma\/\",\"logo\":{\"@type\":\"ImageObject\",\"inLanguage\":\"fr-FR\",\"@id\":\"https:\/\/www.cinesouk.ma\/#\/schema\/logo\/image\/\",\"url\":\"https:\/\/www.cinesouk.ma\/wp-content\/uploads\/2024\/01\/CineSouk-logo-v01-alpha-alligned-left.png\",\"contentUrl\":\"https:\/\/www.cinesouk.ma\/wp-content\/uploads\/2024\/01\/CineSouk-logo-v01-alpha-alligned-left.png\",\"width\":3204,\"height\":889,\"caption\":\"CineSouk\"},\"image\":{\"@id\":\"https:\/\/www.cinesouk.ma\/#\/schema\/logo\/image\/\"}}]}<\/script>\n<!-- \/ Yoast SEO Premium plugin. -->","yoast_head_json":{"title":"Full Grid 1\/1 Cloth Diffusion Silk White - 8\u2019x8\u2019 (2.4x2.4m) - CineSouk - For rent","description":"Full Grid 1\/1 Cloth Diffusion Silk White 8\u2019x8\u2019 (2.4x2.4m) \u2013 Strong light diffusion for smooth, even illumination. Color-neutral, weather-resistant, and frame-compatible for film and photography.","robots":{"index":"index","follow":"follow","max-snippet":"max-snippet:-1","max-image-preview":"max-image-preview:large","max-video-preview":"max-video-preview:-1"},"canonical":"https:\/\/www.cinesouk.ma\/fr\/produit\/full-grid-1-1-cloth-diffusion-silk-white-8x8-2-4x2-4m\/","og_locale":"fr_FR","og_type":"article","og_title":"Full Grid 1\/1 Cloth Diffusion Silk White - 8\u2019x8\u2019 (2.4x2.4m)","og_description":"Full Grid 1\/1 Cloth Diffusion Silk White 8\u2019x8\u2019 (2.4x2.4m) \u2013 Strong light diffusion for smooth, even illumination. Color-neutral, weather-resistant, and frame-compatible for film and photography.","og_url":"https:\/\/www.cinesouk.ma\/fr\/produit\/full-grid-1-1-cloth-diffusion-silk-white-8x8-2-4x2-4m\/","og_site_name":"CineSouk","article_modified_time":"2026-02-05T13:18:23+00:00","og_image":[{"width":300,"height":238,"url":"https:\/\/www.cinesouk.ma\/wp-content\/uploads\/2025\/03\/full-grid-silk-cloth.jpg","type":"image\/jpeg"}],"twitter_card":"summary_large_image","twitter_description":"Full Grid 1\/1 Cloth Diffusion Silk White 8\u2019x8\u2019 (2.4x2.4m) \u2013 Strong light diffusion for smooth, even illumination. Color-neutral, weather-resistant, and frame-compatible for film and photography.","twitter_misc":{"Dur\u00e9e de lecture estim\u00e9e":"2 minutes"},"schema":{"@context":"https:\/\/schema.org","@graph":[{"@type":"WebPage","@id":"https:\/\/www.cinesouk.ma\/product\/full-grid-1-1-cloth-diffusion-silk-white-8x8-2-4x2-4m\/","url":"https:\/\/www.cinesouk.ma\/product\/full-grid-1-1-cloth-diffusion-silk-white-8x8-2-4x2-4m\/","name":"Full Grid 1\/1 Cloth Diffusion Silk White - 8\u2019x8\u2019 (2.4x2.4m) - CineSouk - For rent","isPartOf":{"@id":"https:\/\/www.cinesouk.ma\/#website"},"primaryImageOfPage":{"@id":"https:\/\/www.cinesouk.ma\/product\/full-grid-1-1-cloth-diffusion-silk-white-8x8-2-4x2-4m\/#primaryimage"},"image":{"@id":"https:\/\/www.cinesouk.ma\/product\/full-grid-1-1-cloth-diffusion-silk-white-8x8-2-4x2-4m\/#primaryimage"},"thumbnailUrl":"https:\/\/www.cinesouk.ma\/wp-content\/uploads\/2025\/03\/full-grid-silk-cloth.jpg","datePublished":"2025-04-08T14:05:07+00:00","dateModified":"2026-02-05T13:18:23+00:00","description":"Full Grid 1\/1 Cloth Diffusion Silk White 8\u2019x8\u2019 (2.4x2.4m) \u2013 Strong light diffusion for smooth, even illumination. Color-neutral, weather-resistant, and frame-compatible for film and photography.","breadcrumb":{"@id":"https:\/\/www.cinesouk.ma\/product\/full-grid-1-1-cloth-diffusion-silk-white-8x8-2-4x2-4m\/#breadcrumb"},"inLanguage":"fr-FR","potentialAction":[{"@type":"ReadAction","target":["https:\/\/www.cinesouk.ma\/product\/full-grid-1-1-cloth-diffusion-silk-white-8x8-2-4x2-4m\/"]}]},{"@type":"ImageObject","inLanguage":"fr-FR","@id":"https:\/\/www.cinesouk.ma\/product\/full-grid-1-1-cloth-diffusion-silk-white-8x8-2-4x2-4m\/#primaryimage","url":"https:\/\/www.cinesouk.ma\/wp-content\/uploads\/2025\/03\/full-grid-silk-cloth.jpg","contentUrl":"https:\/\/www.cinesouk.ma\/wp-content\/uploads\/2025\/03\/full-grid-silk-cloth.jpg","width":300,"height":238,"caption":"full grid silk cloth"},{"@type":"BreadcrumbList","@id":"https:\/\/www.cinesouk.ma\/product\/full-grid-1-1-cloth-diffusion-silk-white-8x8-2-4x2-4m\/#breadcrumb","itemListElement":[{"@type":"ListItem","position":1,"name":"Home","item":"https:\/\/www.cinesouk.ma\/"},{"@type":"ListItem","position":2,"name":"Shop","item":"https:\/\/www.cinesouk.ma\/shop\/"},{"@type":"ListItem","position":3,"name":"Full Grid 1\/1 Cloth Diffusion Silk White &#8211; 8\u2019x8\u2019 (2.4&#215;2.4m)"}]},{"@type":"WebSite","@id":"https:\/\/www.cinesouk.ma\/#website","url":"https:\/\/www.cinesouk.ma\/","name":"CineSouk","description":"","publisher":{"@id":"https:\/\/www.cinesouk.ma\/#organization"},"potentialAction":[{"@type":"SearchAction","target":{"@type":"EntryPoint","urlTemplate":"https:\/\/www.cinesouk.ma\/?s={search_term_string}"},"query-input":{"@type":"PropertyValueSpecification","valueRequired":true,"valueName":"search_term_string"}}],"inLanguage":"fr-FR"},{"@type":"Organization","@id":"https:\/\/www.cinesouk.ma\/#organization","name":"CineSouk","url":"https:\/\/www.cinesouk.ma\/","logo":{"@type":"ImageObject","inLanguage":"fr-FR","@id":"https:\/\/www.cinesouk.ma\/#\/schema\/logo\/image\/","url":"https:\/\/www.cinesouk.ma\/wp-content\/uploads\/2024\/01\/CineSouk-logo-v01-alpha-alligned-left.png","contentUrl":"https:\/\/www.cinesouk.ma\/wp-content\/uploads\/2024\/01\/CineSouk-logo-v01-alpha-alligned-left.png","width":3204,"height":889,"caption":"CineSouk"},"image":{"@id":"https:\/\/www.cinesouk.ma\/#\/schema\/logo\/image\/"}}]}},"_links":{"self":[{"href":"https:\/\/www.cinesouk.ma\/fr\/wp-json\/wp\/v2\/product\/11548","targetHints":{"allow":["GET"]}}],"collection":[{"href":"https:\/\/www.cinesouk.ma\/fr\/wp-json\/wp\/v2\/product"}],"about":[{"href":"https:\/\/www.cinesouk.ma\/fr\/wp-json\/wp\/v2\/types\/product"}],"wp:featuredmedia":[{"embeddable":true,"href":"https:\/\/www.cinesouk.ma\/fr\/wp-json\/wp\/v2\/media\/11875"}],"wp:attachment":[{"href":"https:\/\/www.cinesouk.ma\/fr\/wp-json\/wp\/v2\/media?parent=11548"}],"wp:term":[{"taxonomy":"product_brand","embeddable":true,"href":"https:\/\/www.cinesouk.ma\/fr\/wp-json\/wp\/v2\/product_brand?post=11548"},{"taxonomy":"product_cat","embeddable":true,"href":"https:\/\/www.cinesouk.ma\/fr\/wp-json\/wp\/v2\/product_cat?post=11548"},{"taxonomy":"product_tag","embeddable":true,"href":"https:\/\/www.cinesouk.ma\/fr\/wp-json\/wp\/v2\/product_tag?post=11548"}],"curies":[{"name":"wp","href":"https:\/\/api.w.org\/{rel}","templated":true}]}}