{"id":11559,"date":"2025-04-08T14:21:22","date_gmt":"2025-04-08T14:21:22","guid":{"rendered":"https:\/\/www.cinesouk.ma\/?post_type=product&#038;p=11559"},"modified":"2026-02-05T13:17:52","modified_gmt":"2026-02-05T13:17:52","slug":"half-grid-1-2-cloth-diffusion-silk-white-8x8-2-4x2-4m","status":"publish","type":"product","link":"https:\/\/www.cinesouk.ma\/fr\/produit\/half-grid-1-2-cloth-diffusion-silk-white-8x8-2-4x2-4m\/","title":{"rendered":"Demi-grille 1\/2 Tissu Diffusion Soie Blanc - 8'x8' (2.4\u00d72.4m)"},"content":{"rendered":"<p data-start=\"71\" data-end=\"431\">Le Half Grid 1\/2 Cloth Diffusion Silk White 8'x8' (2.4\u00d72.4m) est un modificateur de lumi\u00e8re polyvalent con\u00e7u pour adoucir et contr\u00f4ler la lumi\u00e8re tout en maintenant une transmission de lumi\u00e8re sup\u00e9rieure \u00e0 celle d'une grille compl\u00e8te. Gr\u00e2ce \u00e0 son tissu l\u00e9ger mais durable, il offre une diffusion douce et naturelle, ce qui le rend id\u00e9al pour le cin\u00e9ma, la photographie et la production vid\u00e9o.<\/p>\n<p data-start=\"433\" data-end=\"713\">Gr\u00e2ce \u00e0 sa conception en demi-grille, cette soie de diffusion offre un \u00e9quilibre entre l'att\u00e9nuation des ombres dures et le maintien de la luminosit\u00e9. En outre, sa surface blanche garantit un \u00e9quilibre neutre des couleurs, \u00e9vitant les teintes ind\u00e9sirables et conservant des tons fid\u00e8les \u00e0 la r\u00e9alit\u00e9.<\/p>\n<p data-start=\"715\" data-end=\"971\">Comme il est con\u00e7u pour s'adapter aux cadres de papillon standard de 8 pi x 8 pi, le montage et l'ajustement sont rapides et faciles. De plus, son mat\u00e9riau r\u00e9sistant aux intemp\u00e9ries garantit une fiabilit\u00e9 \u00e0 long terme, ce qui permet de l'utiliser aussi bien en studio qu'\u00e0 l'ext\u00e9rieur.<\/p>\n<h3 data-start=\"973\" data-end=\"995\"><strong data-start=\"977\" data-end=\"993\">Caract\u00e9ristiques principales<\/strong><\/h3>\n<ul data-start=\"997\" data-end=\"1640\">\n<li data-start=\"997\" data-end=\"1117\"><strong data-start=\"999\" data-end=\"1028\">Diffusion douce et \u00e9quilibr\u00e9e :<\/strong> R\u00e9duit <strong data-start=\"1037\" data-end=\"1054\">ombres dures<\/strong> alors que <strong data-start=\"1061\" data-end=\"1097\">permettant une meilleure transmission de la lumi\u00e8re<\/strong> qu'une grille compl\u00e8te.<\/li>\n<li data-start=\"1118\" data-end=\"1227\"><strong data-start=\"1120\" data-end=\"1145\">Demi-grille 1\/2 Tissu :<\/strong> Fournit <strong data-start=\"1155\" data-end=\"1197\">un effet de diffusion naturel et contr\u00f4l\u00e9<\/strong> pour <strong data-start=\"1202\" data-end=\"1224\">l'\u00e9clairage cin\u00e9matographique<\/strong>.<\/li>\n<li data-start=\"1228\" data-end=\"1318\"><strong data-start=\"1230\" data-end=\"1256\">Neutre Balance des blancs :<\/strong> Veille <strong data-start=\"1265\" data-end=\"1292\">un \u00e9clairage fid\u00e8le aux couleurs<\/strong> sans alt\u00e9rer les tons.<\/li>\n<li data-start=\"1319\" data-end=\"1434\"><strong data-start=\"1321\" data-end=\"1353\">Grand 8'x8' (2.4\u00d72.4m) Taille :<\/strong> Couvertures <strong data-start=\"1361\" data-end=\"1376\">une vaste zone<\/strong>, ce qui en fait <strong data-start=\"1388\" data-end=\"1431\">id\u00e9al pour diverses applications d'\u00e9clairage<\/strong>.<\/li>\n<li data-start=\"1435\" data-end=\"1522\"><strong data-start=\"1437\" data-end=\"1458\">Compatible avec le cadre :<\/strong> Convient <strong data-start=\"1464\" data-end=\"1499\">cadres papillon standard 8'x8<\/strong> pour <strong data-start=\"1504\" data-end=\"1519\">configuration rapide<\/strong>.<\/li>\n<li data-start=\"1523\" data-end=\"1640\"><strong data-start=\"1525\" data-end=\"1551\">Durable et l\u00e9ger :<\/strong> Facile \u00e0 <strong data-start=\"1560\" data-end=\"1584\">transport et mise en place<\/strong>parfait pour les <strong data-start=\"1598\" data-end=\"1637\">des productions en int\u00e9rieur et en ext\u00e9rieur<\/strong>.<\/li>\n<\/ul>\n<h3 data-start=\"1642\" data-end=\"1666\"><strong data-start=\"1646\" data-end=\"1664\">Sp\u00e9cifications<\/strong><\/h3>\n<ul data-start=\"1668\" data-end=\"1901\">\n<li data-start=\"1668\" data-end=\"1715\"><strong data-start=\"1670\" data-end=\"1683\">Mat\u00e9riau :<\/strong> Demi-grille 1\/2 toile de diffusion<\/li>\n<li data-start=\"1716\" data-end=\"1755\"><strong data-start=\"1718\" data-end=\"1733\">Dimensions :<\/strong> 8'x8' (2.4m x 2.4m)<\/li>\n<li data-start=\"1756\" data-end=\"1816\"><strong data-start=\"1758\" data-end=\"1782\">Compatibilit\u00e9 des cadres :<\/strong> Cadre papillon standard 8'x8<\/li>\n<li data-start=\"1817\" data-end=\"1901\"><strong data-start=\"1819\" data-end=\"1836\">Applications :<\/strong> <strong data-start=\"1837\" data-end=\"1899\">Film, photographie, tournages commerciaux et production vid\u00e9o<\/strong><\/li>\n<\/ul>\n<p data-start=\"1903\" data-end=\"2248\">La grille de diffusion Half Grid 1\/2 Cloth Silk White 8'x8' (2,4\u00d72,4m) est un outil essentiel pour les directeurs de la photographie et les photographes qui ont besoin d'un \u00e9clairage doux et contr\u00f4l\u00e9 tout en pr\u00e9servant la luminosit\u00e9. Avec sa diffusion \u00e9quilibr\u00e9e, sa construction durable et la pr\u00e9cision de ses couleurs neutres, il assure un \u00e9clairage de qualit\u00e9 professionnelle dans n'importe quelle configuration de production.<\/p>\n<p>Louez-le maintenant sur <a href=\"https:\/\/www.cinesouk.ma\/fr\">CINESOUK<\/a> - une marque de <a href=\"https:\/\/www.broadway.ma\/\">BROADWAY PRODUCTIONS SARL.<\/a><\/p>","protected":false},"excerpt":{"rendered":"<p><strong>Sp\u00e9cifications<\/strong><\/p>\n<ul>\n<li data-start=\"1668\" data-end=\"1715\"><strong data-start=\"1670\" data-end=\"1683\">Mat\u00e9riau :<\/strong> Demi-grille 1\/2 toile de diffusion<\/li>\n<li data-start=\"1716\" data-end=\"1755\"><strong data-start=\"1718\" data-end=\"1733\">Dimensions :<\/strong> 8'x8' (2.4m x 2.4m)<\/li>\n<li data-start=\"1756\" data-end=\"1816\"><strong data-start=\"1758\" data-end=\"1782\">Compatibilit\u00e9 des cadres :<\/strong> Cadre papillon standard 8'x8<\/li>\n<li data-start=\"1817\" data-end=\"1901\"><strong data-start=\"1819\" data-end=\"1836\">Applications :<\/strong> <strong data-start=\"1837\" data-end=\"1899\">Film, photographie, tournages commerciaux et production vid\u00e9o<\/strong><\/li>\n<\/ul>","protected":false},"featured_media":11874,"template":"","meta":{"om_disable_all_campaigns":false,"_monsterinsights_skip_tracking":false,"_monsterinsights_sitenote_active":false,"_monsterinsights_sitenote_note":"","_monsterinsights_sitenote_category":0,"_uf_show_specific_survey":0,"_uf_disable_surveys":false},"product_brand":[],"product_cat":[91],"product_tag":[],"class_list":{"0":"post-11559","1":"product","2":"type-product","3":"status-publish","4":"has-post-thumbnail","6":"product_cat-fabrics-and-bounces-cinesouk","8":"entry","9":"has-media","11":"first","12":"instock","13":"taxable","14":"shipping-taxable","15":"purchasable","16":"product-type-variable","17":"has-product-nav","18":"col","19":"span_1_of_3","20":"owp-content-center","21":"owp-thumbs-layout-horizontal","22":"owp-btn-normal","23":"owp-tabs-layout-horizontal","24":"has-no-thumbnails"},"yoast_head":"<!-- This site is optimized with the Yoast SEO Premium plugin v26.0 (Yoast SEO v26.0) - https:\/\/yoast.com\/wordpress\/plugins\/seo\/ -->\n<title>Half Grid 1\/2 Cloth Diffusion Silk White - 8\u2019x8\u2019 (2.4x2.4m) - CineSouk - For rent<\/title>\n<meta name=\"description\" content=\"Half Grid 1\/2 Cloth Diffusion Silk White 8\u2019x8\u2019 (2.4x2.4m) \u2013 Softens light while maintaining brightness. Lightweight, color-neutral, and frame-compatible for film and photography.\" \/>\n<meta name=\"robots\" content=\"index, follow, max-snippet:-1, max-image-preview:large, max-video-preview:-1\" \/>\n<link rel=\"canonical\" href=\"https:\/\/www.cinesouk.ma\/fr\/produit\/half-grid-1-2-cloth-diffusion-silk-white-8x8-2-4x2-4m\/\" \/>\n<meta property=\"og:locale\" content=\"fr_FR\" \/>\n<meta property=\"og:type\" content=\"article\" \/>\n<meta property=\"og:title\" content=\"Half Grid 1\/2 Cloth Diffusion Silk White - 8\u2019x8\u2019 (2.4x2.4m)\" \/>\n<meta property=\"og:description\" content=\"Half Grid 1\/2 Cloth Diffusion Silk White 8\u2019x8\u2019 (2.4x2.4m) \u2013 Softens light while maintaining brightness. Lightweight, color-neutral, and frame-compatible for film and photography.\" \/>\n<meta property=\"og:url\" content=\"https:\/\/www.cinesouk.ma\/fr\/produit\/half-grid-1-2-cloth-diffusion-silk-white-8x8-2-4x2-4m\/\" \/>\n<meta property=\"og:site_name\" content=\"CineSouk\" \/>\n<meta property=\"article:modified_time\" content=\"2026-02-05T13:17:52+00:00\" \/>\n<meta property=\"og:image\" content=\"https:\/\/www.cinesouk.ma\/wp-content\/uploads\/2025\/03\/half-grid-cloth.jpg\" \/>\n\t<meta property=\"og:image:width\" content=\"300\" \/>\n\t<meta property=\"og:image:height\" content=\"238\" \/>\n\t<meta property=\"og:image:type\" content=\"image\/jpeg\" \/>\n<meta name=\"twitter:card\" content=\"summary_large_image\" \/>\n<meta name=\"twitter:description\" content=\"Half Grid 1\/2 Cloth Diffusion Silk White 8\u2019x8\u2019 (2.4x2.4m) \u2013 Softens light while maintaining brightness. Lightweight, color-neutral, and frame-compatible for film and photography.\" \/>\n<meta name=\"twitter:label1\" content=\"Dur\u00e9e de lecture estim\u00e9e\" \/>\n\t<meta name=\"twitter:data1\" content=\"2 minutes\" \/>\n<script type=\"application\/ld+json\" class=\"yoast-schema-graph\">{\"@context\":\"https:\/\/schema.org\",\"@graph\":[{\"@type\":\"WebPage\",\"@id\":\"https:\/\/www.cinesouk.ma\/product\/half-grid-1-2-cloth-diffusion-silk-white-8x8-2-4x2-4m\/\",\"url\":\"https:\/\/www.cinesouk.ma\/product\/half-grid-1-2-cloth-diffusion-silk-white-8x8-2-4x2-4m\/\",\"name\":\"Half Grid 1\/2 Cloth Diffusion Silk White - 8\u2019x8\u2019 (2.4x2.4m) - CineSouk - For rent\",\"isPartOf\":{\"@id\":\"https:\/\/www.cinesouk.ma\/#website\"},\"primaryImageOfPage\":{\"@id\":\"https:\/\/www.cinesouk.ma\/product\/half-grid-1-2-cloth-diffusion-silk-white-8x8-2-4x2-4m\/#primaryimage\"},\"image\":{\"@id\":\"https:\/\/www.cinesouk.ma\/product\/half-grid-1-2-cloth-diffusion-silk-white-8x8-2-4x2-4m\/#primaryimage\"},\"thumbnailUrl\":\"https:\/\/www.cinesouk.ma\/wp-content\/uploads\/2025\/03\/half-grid-cloth.jpg\",\"datePublished\":\"2025-04-08T14:21:22+00:00\",\"dateModified\":\"2026-02-05T13:17:52+00:00\",\"description\":\"Half Grid 1\/2 Cloth Diffusion Silk White 8\u2019x8\u2019 (2.4x2.4m) \u2013 Softens light while maintaining brightness. Lightweight, color-neutral, and frame-compatible for film and photography.\",\"breadcrumb\":{\"@id\":\"https:\/\/www.cinesouk.ma\/product\/half-grid-1-2-cloth-diffusion-silk-white-8x8-2-4x2-4m\/#breadcrumb\"},\"inLanguage\":\"fr-FR\",\"potentialAction\":[{\"@type\":\"ReadAction\",\"target\":[\"https:\/\/www.cinesouk.ma\/product\/half-grid-1-2-cloth-diffusion-silk-white-8x8-2-4x2-4m\/\"]}]},{\"@type\":\"ImageObject\",\"inLanguage\":\"fr-FR\",\"@id\":\"https:\/\/www.cinesouk.ma\/product\/half-grid-1-2-cloth-diffusion-silk-white-8x8-2-4x2-4m\/#primaryimage\",\"url\":\"https:\/\/www.cinesouk.ma\/wp-content\/uploads\/2025\/03\/half-grid-cloth.jpg\",\"contentUrl\":\"https:\/\/www.cinesouk.ma\/wp-content\/uploads\/2025\/03\/half-grid-cloth.jpg\",\"width\":300,\"height\":238,\"caption\":\"Quarter Grid 1\/4 Cloth Diffusion Silk White\"},{\"@type\":\"BreadcrumbList\",\"@id\":\"https:\/\/www.cinesouk.ma\/product\/half-grid-1-2-cloth-diffusion-silk-white-8x8-2-4x2-4m\/#breadcrumb\",\"itemListElement\":[{\"@type\":\"ListItem\",\"position\":1,\"name\":\"Home\",\"item\":\"https:\/\/www.cinesouk.ma\/\"},{\"@type\":\"ListItem\",\"position\":2,\"name\":\"Shop\",\"item\":\"https:\/\/www.cinesouk.ma\/shop\/\"},{\"@type\":\"ListItem\",\"position\":3,\"name\":\"Half Grid 1\/2 Cloth Diffusion Silk White &#8211; 8\u2019x8\u2019 (2.4&#215;2.4m)\"}]},{\"@type\":\"WebSite\",\"@id\":\"https:\/\/www.cinesouk.ma\/#website\",\"url\":\"https:\/\/www.cinesouk.ma\/\",\"name\":\"CineSouk\",\"description\":\"\",\"publisher\":{\"@id\":\"https:\/\/www.cinesouk.ma\/#organization\"},\"potentialAction\":[{\"@type\":\"SearchAction\",\"target\":{\"@type\":\"EntryPoint\",\"urlTemplate\":\"https:\/\/www.cinesouk.ma\/?s={search_term_string}\"},\"query-input\":{\"@type\":\"PropertyValueSpecification\",\"valueRequired\":true,\"valueName\":\"search_term_string\"}}],\"inLanguage\":\"fr-FR\"},{\"@type\":\"Organization\",\"@id\":\"https:\/\/www.cinesouk.ma\/#organization\",\"name\":\"CineSouk\",\"url\":\"https:\/\/www.cinesouk.ma\/\",\"logo\":{\"@type\":\"ImageObject\",\"inLanguage\":\"fr-FR\",\"@id\":\"https:\/\/www.cinesouk.ma\/#\/schema\/logo\/image\/\",\"url\":\"https:\/\/www.cinesouk.ma\/wp-content\/uploads\/2024\/01\/CineSouk-logo-v01-alpha-alligned-left.png\",\"contentUrl\":\"https:\/\/www.cinesouk.ma\/wp-content\/uploads\/2024\/01\/CineSouk-logo-v01-alpha-alligned-left.png\",\"width\":3204,\"height\":889,\"caption\":\"CineSouk\"},\"image\":{\"@id\":\"https:\/\/www.cinesouk.ma\/#\/schema\/logo\/image\/\"}}]}<\/script>\n<!-- \/ Yoast SEO Premium plugin. -->","yoast_head_json":{"title":"Half Grid 1\/2 Cloth Diffusion Silk White - 8\u2019x8\u2019 (2.4x2.4m) - CineSouk - For rent","description":"Half Grid 1\/2 Cloth Diffusion Silk White 8\u2019x8\u2019 (2.4x2.4m) \u2013 Softens light while maintaining brightness. Lightweight, color-neutral, and frame-compatible for film and photography.","robots":{"index":"index","follow":"follow","max-snippet":"max-snippet:-1","max-image-preview":"max-image-preview:large","max-video-preview":"max-video-preview:-1"},"canonical":"https:\/\/www.cinesouk.ma\/fr\/produit\/half-grid-1-2-cloth-diffusion-silk-white-8x8-2-4x2-4m\/","og_locale":"fr_FR","og_type":"article","og_title":"Half Grid 1\/2 Cloth Diffusion Silk White - 8\u2019x8\u2019 (2.4x2.4m)","og_description":"Half Grid 1\/2 Cloth Diffusion Silk White 8\u2019x8\u2019 (2.4x2.4m) \u2013 Softens light while maintaining brightness. Lightweight, color-neutral, and frame-compatible for film and photography.","og_url":"https:\/\/www.cinesouk.ma\/fr\/produit\/half-grid-1-2-cloth-diffusion-silk-white-8x8-2-4x2-4m\/","og_site_name":"CineSouk","article_modified_time":"2026-02-05T13:17:52+00:00","og_image":[{"width":300,"height":238,"url":"https:\/\/www.cinesouk.ma\/wp-content\/uploads\/2025\/03\/half-grid-cloth.jpg","type":"image\/jpeg"}],"twitter_card":"summary_large_image","twitter_description":"Half Grid 1\/2 Cloth Diffusion Silk White 8\u2019x8\u2019 (2.4x2.4m) \u2013 Softens light while maintaining brightness. Lightweight, color-neutral, and frame-compatible for film and photography.","twitter_misc":{"Dur\u00e9e de lecture estim\u00e9e":"2 minutes"},"schema":{"@context":"https:\/\/schema.org","@graph":[{"@type":"WebPage","@id":"https:\/\/www.cinesouk.ma\/product\/half-grid-1-2-cloth-diffusion-silk-white-8x8-2-4x2-4m\/","url":"https:\/\/www.cinesouk.ma\/product\/half-grid-1-2-cloth-diffusion-silk-white-8x8-2-4x2-4m\/","name":"Half Grid 1\/2 Cloth Diffusion Silk White - 8\u2019x8\u2019 (2.4x2.4m) - CineSouk - For rent","isPartOf":{"@id":"https:\/\/www.cinesouk.ma\/#website"},"primaryImageOfPage":{"@id":"https:\/\/www.cinesouk.ma\/product\/half-grid-1-2-cloth-diffusion-silk-white-8x8-2-4x2-4m\/#primaryimage"},"image":{"@id":"https:\/\/www.cinesouk.ma\/product\/half-grid-1-2-cloth-diffusion-silk-white-8x8-2-4x2-4m\/#primaryimage"},"thumbnailUrl":"https:\/\/www.cinesouk.ma\/wp-content\/uploads\/2025\/03\/half-grid-cloth.jpg","datePublished":"2025-04-08T14:21:22+00:00","dateModified":"2026-02-05T13:17:52+00:00","description":"Half Grid 1\/2 Cloth Diffusion Silk White 8\u2019x8\u2019 (2.4x2.4m) \u2013 Softens light while maintaining brightness. Lightweight, color-neutral, and frame-compatible for film and photography.","breadcrumb":{"@id":"https:\/\/www.cinesouk.ma\/product\/half-grid-1-2-cloth-diffusion-silk-white-8x8-2-4x2-4m\/#breadcrumb"},"inLanguage":"fr-FR","potentialAction":[{"@type":"ReadAction","target":["https:\/\/www.cinesouk.ma\/product\/half-grid-1-2-cloth-diffusion-silk-white-8x8-2-4x2-4m\/"]}]},{"@type":"ImageObject","inLanguage":"fr-FR","@id":"https:\/\/www.cinesouk.ma\/product\/half-grid-1-2-cloth-diffusion-silk-white-8x8-2-4x2-4m\/#primaryimage","url":"https:\/\/www.cinesouk.ma\/wp-content\/uploads\/2025\/03\/half-grid-cloth.jpg","contentUrl":"https:\/\/www.cinesouk.ma\/wp-content\/uploads\/2025\/03\/half-grid-cloth.jpg","width":300,"height":238,"caption":"Quarter Grid 1\/4 Cloth Diffusion Silk White"},{"@type":"BreadcrumbList","@id":"https:\/\/www.cinesouk.ma\/product\/half-grid-1-2-cloth-diffusion-silk-white-8x8-2-4x2-4m\/#breadcrumb","itemListElement":[{"@type":"ListItem","position":1,"name":"Home","item":"https:\/\/www.cinesouk.ma\/"},{"@type":"ListItem","position":2,"name":"Shop","item":"https:\/\/www.cinesouk.ma\/shop\/"},{"@type":"ListItem","position":3,"name":"Half Grid 1\/2 Cloth Diffusion Silk White &#8211; 8\u2019x8\u2019 (2.4&#215;2.4m)"}]},{"@type":"WebSite","@id":"https:\/\/www.cinesouk.ma\/#website","url":"https:\/\/www.cinesouk.ma\/","name":"CineSouk","description":"","publisher":{"@id":"https:\/\/www.cinesouk.ma\/#organization"},"potentialAction":[{"@type":"SearchAction","target":{"@type":"EntryPoint","urlTemplate":"https:\/\/www.cinesouk.ma\/?s={search_term_string}"},"query-input":{"@type":"PropertyValueSpecification","valueRequired":true,"valueName":"search_term_string"}}],"inLanguage":"fr-FR"},{"@type":"Organization","@id":"https:\/\/www.cinesouk.ma\/#organization","name":"CineSouk","url":"https:\/\/www.cinesouk.ma\/","logo":{"@type":"ImageObject","inLanguage":"fr-FR","@id":"https:\/\/www.cinesouk.ma\/#\/schema\/logo\/image\/","url":"https:\/\/www.cinesouk.ma\/wp-content\/uploads\/2024\/01\/CineSouk-logo-v01-alpha-alligned-left.png","contentUrl":"https:\/\/www.cinesouk.ma\/wp-content\/uploads\/2024\/01\/CineSouk-logo-v01-alpha-alligned-left.png","width":3204,"height":889,"caption":"CineSouk"},"image":{"@id":"https:\/\/www.cinesouk.ma\/#\/schema\/logo\/image\/"}}]}},"_links":{"self":[{"href":"https:\/\/www.cinesouk.ma\/fr\/wp-json\/wp\/v2\/product\/11559","targetHints":{"allow":["GET"]}}],"collection":[{"href":"https:\/\/www.cinesouk.ma\/fr\/wp-json\/wp\/v2\/product"}],"about":[{"href":"https:\/\/www.cinesouk.ma\/fr\/wp-json\/wp\/v2\/types\/product"}],"wp:featuredmedia":[{"embeddable":true,"href":"https:\/\/www.cinesouk.ma\/fr\/wp-json\/wp\/v2\/media\/11874"}],"wp:attachment":[{"href":"https:\/\/www.cinesouk.ma\/fr\/wp-json\/wp\/v2\/media?parent=11559"}],"wp:term":[{"taxonomy":"product_brand","embeddable":true,"href":"https:\/\/www.cinesouk.ma\/fr\/wp-json\/wp\/v2\/product_brand?post=11559"},{"taxonomy":"product_cat","embeddable":true,"href":"https:\/\/www.cinesouk.ma\/fr\/wp-json\/wp\/v2\/product_cat?post=11559"},{"taxonomy":"product_tag","embeddable":true,"href":"https:\/\/www.cinesouk.ma\/fr\/wp-json\/wp\/v2\/product_tag?post=11559"}],"curies":[{"name":"wp","href":"https:\/\/api.w.org\/{rel}","templated":true}]}}