{"id":11570,"date":"2025-04-08T14:24:39","date_gmt":"2025-04-08T14:24:39","guid":{"rendered":"https:\/\/www.cinesouk.ma\/?post_type=product&#038;p=11570"},"modified":"2026-02-05T13:18:04","modified_gmt":"2026-02-05T13:18:04","slug":"half-grid-1-2-cloth-diffusion-silk-white-12x12-3-6x3-6m","status":"publish","type":"product","link":"https:\/\/www.cinesouk.ma\/fr\/produit\/half-grid-1-2-cloth-diffusion-silk-white-12x12-3-6x3-6m\/","title":{"rendered":"Demi-grille 1\/2 Tissu Diffusion Soie Blanc - 3.6\u00d73.6m (12'x12')"},"content":{"rendered":"<p data-start=\"73\" data-end=\"435\">Le tissu de diffusion Half Grid 1\/2 Cloth Silk White 12'x12' (3,6\u00d73,6m) est un tissu de diffusion de haute qualit\u00e9 con\u00e7u pour adoucir la lumi\u00e8re crue tout en maintenant une transmission de la lumi\u00e8re sup\u00e9rieure \u00e0 celle d'une grille compl\u00e8te. Gr\u00e2ce \u00e0 son mat\u00e9riau l\u00e9ger mais durable, il cr\u00e9e une diffusion douce et naturelle, ce qui le rend id\u00e9al pour la production de films, de photographies et de vid\u00e9os.<\/p>\n<p data-start=\"437\" data-end=\"737\">Gr\u00e2ce \u00e0 sa construction en demi-grille, cette soie de diffusion r\u00e9duit les ombres et les reflets tout en pr\u00e9servant la luminosit\u00e9, offrant ainsi un effet de diffusion \u00e9quilibr\u00e9. En outre, sa surface blanche garantit la pr\u00e9cision des couleurs neutres, \u00e9vitant ainsi les teintes ind\u00e9sirables dans l'image finale.<\/p>\n<p data-start=\"739\" data-end=\"1037\">Compatible avec les cadres papillon standard de 12 x 12 pieds, il se monte et s'ajuste rapidement, ce qui en fait un choix pratique pour les productions en studio et en ext\u00e9rieur. De plus, sa construction r\u00e9sistante aux intemp\u00e9ries garantit une durabilit\u00e9 \u00e0 long terme dans les environnements de tournage exigeants.<\/p>\n<h3 data-start=\"1039\" data-end=\"1061\"><strong data-start=\"1043\" data-end=\"1059\">Caract\u00e9ristiques principales<\/strong><\/h3>\n<ul data-start=\"1063\" data-end=\"1720\">\n<li data-start=\"1063\" data-end=\"1188\"><strong data-start=\"1065\" data-end=\"1094\">Diffusion douce et \u00e9quilibr\u00e9e :<\/strong> R\u00e9duit <strong data-start=\"1103\" data-end=\"1120\">ombres dures<\/strong> alors que <strong data-start=\"1127\" data-end=\"1168\">maintien d'une transmission lumineuse plus \u00e9lev\u00e9e<\/strong> qu'une grille compl\u00e8te.<\/li>\n<li data-start=\"1189\" data-end=\"1297\"><strong data-start=\"1191\" data-end=\"1216\">Demi-grille 1\/2 Tissu :<\/strong> Cr\u00e9e <strong data-start=\"1225\" data-end=\"1267\">un effet de diffusion naturel et contr\u00f4l\u00e9<\/strong> pour <strong data-start=\"1272\" data-end=\"1294\">l'\u00e9clairage cin\u00e9matographique<\/strong>.<\/li>\n<li data-start=\"1298\" data-end=\"1390\"><strong data-start=\"1300\" data-end=\"1326\">Neutre Balance des blancs :<\/strong> Veille <strong data-start=\"1335\" data-end=\"1363\">un rendu pr\u00e9cis des couleurs<\/strong> sans d\u00e9calage ni teinte.<\/li>\n<li data-start=\"1391\" data-end=\"1503\"><strong data-start=\"1393\" data-end=\"1427\">Large 12'x12' (3.6\u00d73.6m) Taille :<\/strong> Fournit <strong data-start=\"1437\" data-end=\"1455\">large couverture<\/strong>, ce qui en fait <strong data-start=\"1467\" data-end=\"1500\">id\u00e9al pour les installations professionnelles<\/strong>.<\/li>\n<li data-start=\"1504\" data-end=\"1599\"><strong data-start=\"1506\" data-end=\"1527\">Compatible avec le cadre :<\/strong> Convient <strong data-start=\"1533\" data-end=\"1570\">cadre papillon standard 12'x12' (12'x12')<\/strong> pour <strong data-start=\"1575\" data-end=\"1596\">installation facile<\/strong>.<\/li>\n<li data-start=\"1600\" data-end=\"1720\"><strong data-start=\"1602\" data-end=\"1628\">Durable et l\u00e9ger :<\/strong> Con\u00e7u pour <strong data-start=\"1642\" data-end=\"1671\">transport et installation rapides<\/strong>parfait pour les <strong data-start=\"1685\" data-end=\"1717\">prises de vue en studio ou sur place<\/strong>.<\/li>\n<\/ul>\n<h3 data-start=\"1722\" data-end=\"1746\"><strong data-start=\"1726\" data-end=\"1744\">Sp\u00e9cifications<\/strong><\/h3>\n<ul data-start=\"1748\" data-end=\"1985\">\n<li data-start=\"1748\" data-end=\"1795\"><strong data-start=\"1750\" data-end=\"1763\">Mat\u00e9riau :<\/strong> Demi-grille 1\/2 toile de diffusion<\/li>\n<li data-start=\"1796\" data-end=\"1837\"><strong data-start=\"1798\" data-end=\"1813\">Dimensions :<\/strong> 12'x12' (3.6m x 3.6m)<\/li>\n<li data-start=\"1838\" data-end=\"1900\"><strong data-start=\"1840\" data-end=\"1864\">Compatibilit\u00e9 des cadres :<\/strong> Cadres papillons standard 12'x12<\/li>\n<li data-start=\"1901\" data-end=\"1985\"><strong data-start=\"1903\" data-end=\"1920\">Applications :<\/strong> <strong data-start=\"1921\" data-end=\"1983\">Film, photographie, tournages commerciaux et production vid\u00e9o<\/strong><\/li>\n<\/ul>\n<p data-start=\"1987\" data-end=\"2331\">La grille de diffusion Half Grid 1\/2 Cloth Silk White 12'x12' (3,6\u00d73,6m) est un outil essentiel pour les directeurs de la photographie et les photographes qui ont besoin d'un \u00e9clairage doux et contr\u00f4l\u00e9 tout en pr\u00e9servant la luminosit\u00e9. Avec sa diffusion \u00e9quilibr\u00e9e, sa construction durable et sa grande zone de couverture, il assure un \u00e9clairage de haute qualit\u00e9 pour toute installation de production.<\/p>\n<p>Louez-le maintenant sur <a href=\"https:\/\/www.cinesouk.ma\/fr\">CINESOUK<\/a> - une marque de <a href=\"https:\/\/www.broadway.ma\/\">BROADWAY PRODUCTIONS SARL.<\/a><\/p>","protected":false},"excerpt":{"rendered":"<p><strong>Sp\u00e9cifications<\/strong><\/p>\n<ul>\n<li data-start=\"1748\" data-end=\"1795\"><strong data-start=\"1750\" data-end=\"1763\">Mat\u00e9riau :<\/strong> Demi-grille 1\/2 toile de diffusion<\/li>\n<li data-start=\"1796\" data-end=\"1837\"><strong data-start=\"1798\" data-end=\"1813\">Dimensions :<\/strong> 12'x12' (3.6m x 3.6m)<\/li>\n<li data-start=\"1838\" data-end=\"1900\"><strong data-start=\"1840\" data-end=\"1864\">Compatibilit\u00e9 des cadres :<\/strong> Cadres papillons standard 12'x12<\/li>\n<li data-start=\"1901\" data-end=\"1985\"><strong data-start=\"1903\" data-end=\"1920\">Applications :<\/strong> <strong data-start=\"1921\" data-end=\"1983\">Film, photographie, tournages commerciaux et production vid\u00e9o<\/strong><\/li>\n<\/ul>","protected":false},"featured_media":11874,"template":"","meta":{"om_disable_all_campaigns":false,"_monsterinsights_skip_tracking":false,"_monsterinsights_sitenote_active":false,"_monsterinsights_sitenote_note":"","_monsterinsights_sitenote_category":0,"_uf_show_specific_survey":0,"_uf_disable_surveys":false},"product_brand":[],"product_cat":[91],"product_tag":[],"class_list":{"0":"post-11570","1":"product","2":"type-product","3":"status-publish","4":"has-post-thumbnail","6":"product_cat-fabrics-and-bounces-cinesouk","8":"entry","9":"has-media","11":"first","12":"instock","13":"taxable","14":"shipping-taxable","15":"purchasable","16":"product-type-variable","17":"has-product-nav","18":"col","19":"span_1_of_3","20":"owp-content-center","21":"owp-thumbs-layout-horizontal","22":"owp-btn-normal","23":"owp-tabs-layout-horizontal","24":"has-no-thumbnails"},"yoast_head":"<!-- This site is optimized with the Yoast SEO Premium plugin v26.0 (Yoast SEO v26.0) - https:\/\/yoast.com\/wordpress\/plugins\/seo\/ -->\n<title>Half Grid 1\/2 Cloth Diffusion Silk White - 12\u2019x12\u2019 (3.6x3.6m) - CineSouk - For rent<\/title>\n<meta name=\"description\" content=\"Half Grid 1\/2 Cloth Diffusion Silk White 12\u2019x12\u2019 (3.6x3.6m) \u2013 Softens light while maintaining brightness. Lightweight, color-neutral, and frame-compatible for film and photography.\" \/>\n<meta name=\"robots\" content=\"index, follow, max-snippet:-1, max-image-preview:large, max-video-preview:-1\" \/>\n<link rel=\"canonical\" href=\"https:\/\/www.cinesouk.ma\/fr\/produit\/half-grid-1-2-cloth-diffusion-silk-white-12x12-3-6x3-6m\/\" \/>\n<meta property=\"og:locale\" content=\"fr_FR\" \/>\n<meta property=\"og:type\" content=\"article\" \/>\n<meta property=\"og:title\" content=\"Half Grid 1\/2 Cloth Diffusion Silk White - 12\u2019x12\u2019 (3.6x3.6m)\" \/>\n<meta property=\"og:description\" content=\"Half Grid 1\/2 Cloth Diffusion Silk White 12\u2019x12\u2019 (3.6x3.6m) \u2013 Softens light while maintaining brightness. Lightweight, color-neutral, and frame-compatible for film and photography.\" \/>\n<meta property=\"og:url\" content=\"https:\/\/www.cinesouk.ma\/fr\/produit\/half-grid-1-2-cloth-diffusion-silk-white-12x12-3-6x3-6m\/\" \/>\n<meta property=\"og:site_name\" content=\"CineSouk\" \/>\n<meta property=\"article:modified_time\" content=\"2026-02-05T13:18:04+00:00\" \/>\n<meta property=\"og:image\" content=\"https:\/\/www.cinesouk.ma\/wp-content\/uploads\/2025\/03\/half-grid-cloth.jpg\" \/>\n\t<meta property=\"og:image:width\" content=\"300\" \/>\n\t<meta property=\"og:image:height\" content=\"238\" \/>\n\t<meta property=\"og:image:type\" content=\"image\/jpeg\" \/>\n<meta name=\"twitter:card\" content=\"summary_large_image\" \/>\n<meta name=\"twitter:description\" content=\"Half Grid 1\/2 Cloth Diffusion Silk White 12\u2019x12\u2019 (3.6x3.6m) \u2013 Softens light while maintaining brightness. Lightweight, color-neutral, and frame-compatible for film and photography.\" \/>\n<meta name=\"twitter:label1\" content=\"Dur\u00e9e de lecture estim\u00e9e\" \/>\n\t<meta name=\"twitter:data1\" content=\"2 minutes\" \/>\n<script type=\"application\/ld+json\" class=\"yoast-schema-graph\">{\"@context\":\"https:\/\/schema.org\",\"@graph\":[{\"@type\":\"WebPage\",\"@id\":\"https:\/\/www.cinesouk.ma\/product\/half-grid-1-2-cloth-diffusion-silk-white-12x12-3-6x3-6m\/\",\"url\":\"https:\/\/www.cinesouk.ma\/product\/half-grid-1-2-cloth-diffusion-silk-white-12x12-3-6x3-6m\/\",\"name\":\"Half Grid 1\/2 Cloth Diffusion Silk White - 12\u2019x12\u2019 (3.6x3.6m) - CineSouk - For rent\",\"isPartOf\":{\"@id\":\"https:\/\/www.cinesouk.ma\/#website\"},\"primaryImageOfPage\":{\"@id\":\"https:\/\/www.cinesouk.ma\/product\/half-grid-1-2-cloth-diffusion-silk-white-12x12-3-6x3-6m\/#primaryimage\"},\"image\":{\"@id\":\"https:\/\/www.cinesouk.ma\/product\/half-grid-1-2-cloth-diffusion-silk-white-12x12-3-6x3-6m\/#primaryimage\"},\"thumbnailUrl\":\"https:\/\/www.cinesouk.ma\/wp-content\/uploads\/2025\/03\/half-grid-cloth.jpg\",\"datePublished\":\"2025-04-08T14:24:39+00:00\",\"dateModified\":\"2026-02-05T13:18:04+00:00\",\"description\":\"Half Grid 1\/2 Cloth Diffusion Silk White 12\u2019x12\u2019 (3.6x3.6m) \u2013 Softens light while maintaining brightness. Lightweight, color-neutral, and frame-compatible for film and photography.\",\"breadcrumb\":{\"@id\":\"https:\/\/www.cinesouk.ma\/product\/half-grid-1-2-cloth-diffusion-silk-white-12x12-3-6x3-6m\/#breadcrumb\"},\"inLanguage\":\"fr-FR\",\"potentialAction\":[{\"@type\":\"ReadAction\",\"target\":[\"https:\/\/www.cinesouk.ma\/product\/half-grid-1-2-cloth-diffusion-silk-white-12x12-3-6x3-6m\/\"]}]},{\"@type\":\"ImageObject\",\"inLanguage\":\"fr-FR\",\"@id\":\"https:\/\/www.cinesouk.ma\/product\/half-grid-1-2-cloth-diffusion-silk-white-12x12-3-6x3-6m\/#primaryimage\",\"url\":\"https:\/\/www.cinesouk.ma\/wp-content\/uploads\/2025\/03\/half-grid-cloth.jpg\",\"contentUrl\":\"https:\/\/www.cinesouk.ma\/wp-content\/uploads\/2025\/03\/half-grid-cloth.jpg\",\"width\":300,\"height\":238,\"caption\":\"Quarter Grid 1\/4 Cloth Diffusion Silk White\"},{\"@type\":\"BreadcrumbList\",\"@id\":\"https:\/\/www.cinesouk.ma\/product\/half-grid-1-2-cloth-diffusion-silk-white-12x12-3-6x3-6m\/#breadcrumb\",\"itemListElement\":[{\"@type\":\"ListItem\",\"position\":1,\"name\":\"Home\",\"item\":\"https:\/\/www.cinesouk.ma\/\"},{\"@type\":\"ListItem\",\"position\":2,\"name\":\"Shop\",\"item\":\"https:\/\/www.cinesouk.ma\/shop\/\"},{\"@type\":\"ListItem\",\"position\":3,\"name\":\"Half Grid 1\/2 Cloth Diffusion Silk White &#8211; 12\u2019x12\u2019 (3.6&#215;3.6m)\"}]},{\"@type\":\"WebSite\",\"@id\":\"https:\/\/www.cinesouk.ma\/#website\",\"url\":\"https:\/\/www.cinesouk.ma\/\",\"name\":\"CineSouk\",\"description\":\"\",\"publisher\":{\"@id\":\"https:\/\/www.cinesouk.ma\/#organization\"},\"potentialAction\":[{\"@type\":\"SearchAction\",\"target\":{\"@type\":\"EntryPoint\",\"urlTemplate\":\"https:\/\/www.cinesouk.ma\/?s={search_term_string}\"},\"query-input\":{\"@type\":\"PropertyValueSpecification\",\"valueRequired\":true,\"valueName\":\"search_term_string\"}}],\"inLanguage\":\"fr-FR\"},{\"@type\":\"Organization\",\"@id\":\"https:\/\/www.cinesouk.ma\/#organization\",\"name\":\"CineSouk\",\"url\":\"https:\/\/www.cinesouk.ma\/\",\"logo\":{\"@type\":\"ImageObject\",\"inLanguage\":\"fr-FR\",\"@id\":\"https:\/\/www.cinesouk.ma\/#\/schema\/logo\/image\/\",\"url\":\"https:\/\/www.cinesouk.ma\/wp-content\/uploads\/2024\/01\/CineSouk-logo-v01-alpha-alligned-left.png\",\"contentUrl\":\"https:\/\/www.cinesouk.ma\/wp-content\/uploads\/2024\/01\/CineSouk-logo-v01-alpha-alligned-left.png\",\"width\":3204,\"height\":889,\"caption\":\"CineSouk\"},\"image\":{\"@id\":\"https:\/\/www.cinesouk.ma\/#\/schema\/logo\/image\/\"}}]}<\/script>\n<!-- \/ Yoast SEO Premium plugin. -->","yoast_head_json":{"title":"Half Grid 1\/2 Cloth Diffusion Silk White - 12\u2019x12\u2019 (3.6x3.6m) - CineSouk - For rent","description":"Half Grid 1\/2 Cloth Diffusion Silk White 12\u2019x12\u2019 (3.6x3.6m) \u2013 Softens light while maintaining brightness. Lightweight, color-neutral, and frame-compatible for film and photography.","robots":{"index":"index","follow":"follow","max-snippet":"max-snippet:-1","max-image-preview":"max-image-preview:large","max-video-preview":"max-video-preview:-1"},"canonical":"https:\/\/www.cinesouk.ma\/fr\/produit\/half-grid-1-2-cloth-diffusion-silk-white-12x12-3-6x3-6m\/","og_locale":"fr_FR","og_type":"article","og_title":"Half Grid 1\/2 Cloth Diffusion Silk White - 12\u2019x12\u2019 (3.6x3.6m)","og_description":"Half Grid 1\/2 Cloth Diffusion Silk White 12\u2019x12\u2019 (3.6x3.6m) \u2013 Softens light while maintaining brightness. Lightweight, color-neutral, and frame-compatible for film and photography.","og_url":"https:\/\/www.cinesouk.ma\/fr\/produit\/half-grid-1-2-cloth-diffusion-silk-white-12x12-3-6x3-6m\/","og_site_name":"CineSouk","article_modified_time":"2026-02-05T13:18:04+00:00","og_image":[{"width":300,"height":238,"url":"https:\/\/www.cinesouk.ma\/wp-content\/uploads\/2025\/03\/half-grid-cloth.jpg","type":"image\/jpeg"}],"twitter_card":"summary_large_image","twitter_description":"Half Grid 1\/2 Cloth Diffusion Silk White 12\u2019x12\u2019 (3.6x3.6m) \u2013 Softens light while maintaining brightness. Lightweight, color-neutral, and frame-compatible for film and photography.","twitter_misc":{"Dur\u00e9e de lecture estim\u00e9e":"2 minutes"},"schema":{"@context":"https:\/\/schema.org","@graph":[{"@type":"WebPage","@id":"https:\/\/www.cinesouk.ma\/product\/half-grid-1-2-cloth-diffusion-silk-white-12x12-3-6x3-6m\/","url":"https:\/\/www.cinesouk.ma\/product\/half-grid-1-2-cloth-diffusion-silk-white-12x12-3-6x3-6m\/","name":"Half Grid 1\/2 Cloth Diffusion Silk White - 12\u2019x12\u2019 (3.6x3.6m) - CineSouk - For rent","isPartOf":{"@id":"https:\/\/www.cinesouk.ma\/#website"},"primaryImageOfPage":{"@id":"https:\/\/www.cinesouk.ma\/product\/half-grid-1-2-cloth-diffusion-silk-white-12x12-3-6x3-6m\/#primaryimage"},"image":{"@id":"https:\/\/www.cinesouk.ma\/product\/half-grid-1-2-cloth-diffusion-silk-white-12x12-3-6x3-6m\/#primaryimage"},"thumbnailUrl":"https:\/\/www.cinesouk.ma\/wp-content\/uploads\/2025\/03\/half-grid-cloth.jpg","datePublished":"2025-04-08T14:24:39+00:00","dateModified":"2026-02-05T13:18:04+00:00","description":"Half Grid 1\/2 Cloth Diffusion Silk White 12\u2019x12\u2019 (3.6x3.6m) \u2013 Softens light while maintaining brightness. Lightweight, color-neutral, and frame-compatible for film and photography.","breadcrumb":{"@id":"https:\/\/www.cinesouk.ma\/product\/half-grid-1-2-cloth-diffusion-silk-white-12x12-3-6x3-6m\/#breadcrumb"},"inLanguage":"fr-FR","potentialAction":[{"@type":"ReadAction","target":["https:\/\/www.cinesouk.ma\/product\/half-grid-1-2-cloth-diffusion-silk-white-12x12-3-6x3-6m\/"]}]},{"@type":"ImageObject","inLanguage":"fr-FR","@id":"https:\/\/www.cinesouk.ma\/product\/half-grid-1-2-cloth-diffusion-silk-white-12x12-3-6x3-6m\/#primaryimage","url":"https:\/\/www.cinesouk.ma\/wp-content\/uploads\/2025\/03\/half-grid-cloth.jpg","contentUrl":"https:\/\/www.cinesouk.ma\/wp-content\/uploads\/2025\/03\/half-grid-cloth.jpg","width":300,"height":238,"caption":"Quarter Grid 1\/4 Cloth Diffusion Silk White"},{"@type":"BreadcrumbList","@id":"https:\/\/www.cinesouk.ma\/product\/half-grid-1-2-cloth-diffusion-silk-white-12x12-3-6x3-6m\/#breadcrumb","itemListElement":[{"@type":"ListItem","position":1,"name":"Home","item":"https:\/\/www.cinesouk.ma\/"},{"@type":"ListItem","position":2,"name":"Shop","item":"https:\/\/www.cinesouk.ma\/shop\/"},{"@type":"ListItem","position":3,"name":"Half Grid 1\/2 Cloth Diffusion Silk White &#8211; 12\u2019x12\u2019 (3.6&#215;3.6m)"}]},{"@type":"WebSite","@id":"https:\/\/www.cinesouk.ma\/#website","url":"https:\/\/www.cinesouk.ma\/","name":"CineSouk","description":"","publisher":{"@id":"https:\/\/www.cinesouk.ma\/#organization"},"potentialAction":[{"@type":"SearchAction","target":{"@type":"EntryPoint","urlTemplate":"https:\/\/www.cinesouk.ma\/?s={search_term_string}"},"query-input":{"@type":"PropertyValueSpecification","valueRequired":true,"valueName":"search_term_string"}}],"inLanguage":"fr-FR"},{"@type":"Organization","@id":"https:\/\/www.cinesouk.ma\/#organization","name":"CineSouk","url":"https:\/\/www.cinesouk.ma\/","logo":{"@type":"ImageObject","inLanguage":"fr-FR","@id":"https:\/\/www.cinesouk.ma\/#\/schema\/logo\/image\/","url":"https:\/\/www.cinesouk.ma\/wp-content\/uploads\/2024\/01\/CineSouk-logo-v01-alpha-alligned-left.png","contentUrl":"https:\/\/www.cinesouk.ma\/wp-content\/uploads\/2024\/01\/CineSouk-logo-v01-alpha-alligned-left.png","width":3204,"height":889,"caption":"CineSouk"},"image":{"@id":"https:\/\/www.cinesouk.ma\/#\/schema\/logo\/image\/"}}]}},"_links":{"self":[{"href":"https:\/\/www.cinesouk.ma\/fr\/wp-json\/wp\/v2\/product\/11570","targetHints":{"allow":["GET"]}}],"collection":[{"href":"https:\/\/www.cinesouk.ma\/fr\/wp-json\/wp\/v2\/product"}],"about":[{"href":"https:\/\/www.cinesouk.ma\/fr\/wp-json\/wp\/v2\/types\/product"}],"wp:featuredmedia":[{"embeddable":true,"href":"https:\/\/www.cinesouk.ma\/fr\/wp-json\/wp\/v2\/media\/11874"}],"wp:attachment":[{"href":"https:\/\/www.cinesouk.ma\/fr\/wp-json\/wp\/v2\/media?parent=11570"}],"wp:term":[{"taxonomy":"product_brand","embeddable":true,"href":"https:\/\/www.cinesouk.ma\/fr\/wp-json\/wp\/v2\/product_brand?post=11570"},{"taxonomy":"product_cat","embeddable":true,"href":"https:\/\/www.cinesouk.ma\/fr\/wp-json\/wp\/v2\/product_cat?post=11570"},{"taxonomy":"product_tag","embeddable":true,"href":"https:\/\/www.cinesouk.ma\/fr\/wp-json\/wp\/v2\/product_tag?post=11570"}],"curies":[{"name":"wp","href":"https:\/\/api.w.org\/{rel}","templated":true}]}}