{"id":11582,"date":"2025-03-19T09:17:31","date_gmt":"2025-03-19T09:17:31","guid":{"rendered":"https:\/\/www.cinesouk.ma\/?post_type=product&#038;p=11582"},"modified":"2026-02-05T13:01:25","modified_gmt":"2026-02-05T13:01:25","slug":"profoto-softgrid-50-degrees-3%e2%80%b2-octa-90cm","status":"publish","type":"product","link":"https:\/\/www.cinesouk.ma\/fr\/produit\/profoto-softgrid-50-degrees-3%e2%80%b2-octa-90cm\/","title":{"rendered":"Profoto Softgrid 50 degr\u00e9s 3\u2032 Octa (90cm)"},"content":{"rendered":"<div class=\"flex max-w-full flex-col flex-grow\">\n<div class=\"min-h-8 text-message flex w-full flex-col items-end gap-2 whitespace-normal break-words [.text-message+&amp;]:mt-5\" dir=\"auto\" data-message-author-role=\"assistant\" data-message-id=\"e4c3ffad-71cb-44e7-93b8-bb60eda86b77\" data-message-model-slug=\"gpt-4o-mini\">\n<div class=\"flex w-full flex-col gap-1 empty:hidden first:pt-[3px]\">\n<div class=\"markdown prose w-full break-words dark:prose-invert light\">\n<p data-start=\"54\" data-end=\"392\">Le Profoto Softgrid 50 degr\u00e9s 3\u2032 Octa (90cm) est un modificateur de lumi\u00e8re de pr\u00e9cision con\u00e7u pour am\u00e9liorer le contr\u00f4le directionnel et r\u00e9duire les d\u00e9bordements de lumi\u00e8re dans la photographie de portrait, de mode et commerciale. Gr\u00e2ce \u00e0 sa conception en grille, il r\u00e9tr\u00e9cit l'angle du faisceau \u00e0 50 degr\u00e9s, assurant un \u00e9clairage plus cibl\u00e9 et mieux contr\u00f4l\u00e9.<\/p>\n<p data-start=\"394\" data-end=\"856\">Parce qu'elle se fixe facilement \u00e0 la bo\u00eete \u00e0 lumi\u00e8re Profoto 3\u2032 Octa (90 cm), cette grille souple maintient une qualit\u00e9 de lumi\u00e8re douce tout en am\u00e9liorant le contraste et la profondeur. En outre, sa construction l\u00e9g\u00e8re et pliable rend l'installation rapide et sans effort, ce qui la rend id\u00e9ale pour les prises de vue en studio et sur place. De plus, la grille souple permet de cr\u00e9er des effets d'\u00e9clairage plus spectaculaires et contr\u00f4l\u00e9s, offrant ainsi aux photographes une plus grande flexibilit\u00e9 cr\u00e9ative.<\/p>\n<h3 data-start=\"858\" data-end=\"880\"><strong data-start=\"862\" data-end=\"878\">Caract\u00e9ristiques principales<\/strong><\/h3>\n<ul data-start=\"882\" data-end=\"1518\">\n<li data-start=\"882\" data-end=\"997\"><strong data-start=\"884\" data-end=\"912\">Contr\u00f4le de la lumi\u00e8re \u00e0 50 degr\u00e9s :<\/strong> R\u00e9duit la diffusion de la lumi\u00e8re, fournissant <strong data-start=\"949\" data-end=\"994\">un \u00e9clairage plus directionnel et plus cibl\u00e9<\/strong>.<\/li>\n<li data-start=\"998\" data-end=\"1135\"><strong data-start=\"1000\" data-end=\"1033\">Un \u00e9clairage doux et contr\u00f4l\u00e9 :<\/strong> Maintient la qualit\u00e9 de la lumi\u00e8re douce de la <strong data-start=\"1074\" data-end=\"1093\">Profoto 3\u2032 Octa<\/strong> alors que <strong data-start=\"1100\" data-end=\"1132\">am\u00e9liorer le contraste et la profondeur<\/strong>.<\/li>\n<li data-start=\"1136\" data-end=\"1249\"><strong data-start=\"1138\" data-end=\"1162\">R\u00e9duit les \u00e9claboussures de lumi\u00e8re :<\/strong> Aide <strong data-start=\"1169\" data-end=\"1201\">maintenir la lumi\u00e8re l\u00e0 o\u00f9 elle est n\u00e9cessaire<\/strong>et \u00e9vite les \u00e9clairages d'arri\u00e8re-plan non d\u00e9sir\u00e9s.<\/li>\n<li data-start=\"1250\" data-end=\"1384\"><strong data-start=\"1252\" data-end=\"1272\">Fixation facile :<\/strong> Se monte rapidement sur <strong data-start=\"1291\" data-end=\"1325\">Profoto 3\u2032 Octa Bo\u00eete \u00e0 lumi\u00e8re (90cm)<\/strong> par une fermeture velcro, ce qui permet de <strong data-start=\"1361\" data-end=\"1381\">des ajustements rapides<\/strong>.<\/li>\n<li data-start=\"1385\" data-end=\"1518\"><strong data-start=\"1387\" data-end=\"1414\">L\u00e9ger et portable :<\/strong> Plis <strong data-start=\"1421\" data-end=\"1434\">de mani\u00e8re compacte<\/strong> pour <strong data-start=\"1439\" data-end=\"1469\">transport et stockage faciles<\/strong>, ce qui en fait <strong data-start=\"1481\" data-end=\"1515\">pratique pour les prises de vue en ext\u00e9rieur<\/strong>.<\/li>\n<\/ul>\n<h3 data-start=\"1520\" data-end=\"1544\"><strong data-start=\"1524\" data-end=\"1542\">Sp\u00e9cifications<\/strong><\/h3>\n<ul data-start=\"1546\" data-end=\"1813\">\n<li data-start=\"1546\" data-end=\"1591\"><strong data-start=\"1548\" data-end=\"1566\">Compatibilit\u00e9 :<\/strong> Profoto 3\u2032 Octa (90cm)<\/li>\n<li data-start=\"1592\" data-end=\"1622\"><strong data-start=\"1594\" data-end=\"1609\">Angle du faisceau :<\/strong> 50 degr\u00e9s<\/li>\n<li data-start=\"1623\" data-end=\"1679\"><strong data-start=\"1625\" data-end=\"1640\">Pi\u00e8ce jointe :<\/strong> Fixation par velcro pour un montage s\u00fbr<\/li>\n<li data-start=\"1680\" data-end=\"1725\"><strong data-start=\"1682\" data-end=\"1695\">Mat\u00e9riau :<\/strong> Tissu durable et l\u00e9ger<\/li>\n<li data-start=\"1726\" data-end=\"1813\"><strong data-start=\"1728\" data-end=\"1745\">Applications :<\/strong> Portrait, mode, photographie de produits et prises de vue commerciales<\/li>\n<\/ul>\n<p data-start=\"1815\" data-end=\"2220\">Le Profoto Softgrid 50 degr\u00e9s 3\u2032 Octa (90cm) est un outil essentiel pour les photographes qui recherchent un contr\u00f4le pr\u00e9cis de la lumi\u00e8re. Avec son faisceau directionnel, ses projections de lumi\u00e8re r\u00e9duites et son installation facile, elle garantit un \u00e9clairage de qualit\u00e9 professionnelle dans n'importe quel environnement de prise de vue. Qu'elle soit utilis\u00e9e en studio ou en ext\u00e9rieur, cette grille souple fournit un \u00e9clairage coh\u00e9rent et contr\u00f4l\u00e9 pour des r\u00e9sultats \u00e9poustouflants.<\/p>\n<\/div>\n<\/div>\n<\/div>\n<\/div>\n<p>Louez-le maintenant sur <a href=\"https:\/\/www.cinesouk.ma\/fr\">CINESOUK<\/a> - une marque de <a href=\"https:\/\/www.broadway.ma\/\">BROADWAY PRODUCTIONS SARL.<\/a><\/p>","protected":false},"excerpt":{"rendered":"<p><strong>Sp\u00e9cifications :<\/strong><\/p>\n<ul>\n<li data-start=\"1319\" data-end=\"1364\"><strong data-start=\"1321\" data-end=\"1339\">Compatibilit\u00e9 :<\/strong> Profoto 3\u2032 Octa (90cm)<\/li>\n<li data-start=\"1365\" data-end=\"1395\"><strong data-start=\"1367\" data-end=\"1382\">Angle du faisceau :<\/strong> 50 degr\u00e9s<\/li>\n<li data-start=\"1396\" data-end=\"1432\"><strong data-start=\"1398\" data-end=\"1413\">Pi\u00e8ce jointe :<\/strong> Fermeture velcro<\/li>\n<li data-start=\"1433\" data-end=\"1478\"><strong data-start=\"1435\" data-end=\"1448\">Mat\u00e9riau :<\/strong> Tissu durable et l\u00e9ger<\/li>\n<\/ul>","protected":false},"featured_media":11594,"template":"","meta":{"om_disable_all_campaigns":false,"_monsterinsights_skip_tracking":false,"_monsterinsights_sitenote_active":false,"_monsterinsights_sitenote_note":"","_monsterinsights_sitenote_category":0,"_uf_show_specific_survey":0,"_uf_disable_surveys":false},"product_brand":[],"product_cat":[37,79],"product_tag":[],"class_list":{"0":"post-11582","1":"product","2":"type-product","3":"status-publish","4":"has-post-thumbnail","6":"product_cat-accessories-cinesouk","7":"product_cat-photography-cinesouk","9":"entry","10":"has-media","12":"first","13":"instock","14":"taxable","15":"shipping-taxable","16":"purchasable","17":"product-type-variable","18":"has-product-nav","19":"col","20":"span_1_of_3","21":"owp-content-center","22":"owp-thumbs-layout-horizontal","23":"owp-btn-normal","24":"owp-tabs-layout-horizontal","25":"has-no-thumbnails"},"yoast_head":"<!-- This site is optimized with the Yoast SEO Premium plugin v26.0 (Yoast SEO v26.0) - https:\/\/yoast.com\/wordpress\/plugins\/seo\/ -->\n<title>Profoto Softgrid 50 degrees 3\u2032 Octa (90cm) - CineSouk<\/title>\n<meta name=\"description\" content=\"Profoto Softgrid 50 Degrees 3\u2032 Octa (90cm) \u2013 Controls light spread, reduces spill, and enhances contrast. Lightweight, foldable, and perfect for precise studio lighting.\" \/>\n<meta name=\"robots\" content=\"index, follow, max-snippet:-1, max-image-preview:large, max-video-preview:-1\" \/>\n<link rel=\"canonical\" href=\"https:\/\/www.cinesouk.ma\/fr\/produit\/profoto-softgrid-50-degrees-3\u2032-octa-90cm\/\" \/>\n<meta property=\"og:locale\" content=\"fr_FR\" \/>\n<meta property=\"og:type\" content=\"article\" \/>\n<meta property=\"og:title\" content=\"Profoto Softgrid 50 degrees 3\u2032 Octa (90cm)\" \/>\n<meta property=\"og:description\" content=\"Profoto Softgrid 50 Degrees 3\u2032 Octa (90cm) \u2013 Controls light spread, reduces spill, and enhances contrast. Lightweight, foldable, and perfect for precise studio lighting.\" \/>\n<meta property=\"og:url\" content=\"https:\/\/www.cinesouk.ma\/fr\/produit\/profoto-softgrid-50-degrees-3\u2032-octa-90cm\/\" \/>\n<meta property=\"og:site_name\" content=\"CineSouk\" \/>\n<meta property=\"article:modified_time\" content=\"2026-02-05T13:01:25+00:00\" \/>\n<meta property=\"og:image\" content=\"https:\/\/www.cinesouk.ma\/wp-content\/uploads\/2025\/03\/Profoto-Softgrid-50-degrees-3\u2032-Octa-90cm.jpg\" \/>\n\t<meta property=\"og:image:width\" content=\"300\" \/>\n\t<meta property=\"og:image:height\" content=\"238\" \/>\n\t<meta property=\"og:image:type\" content=\"image\/jpeg\" \/>\n<meta name=\"twitter:card\" content=\"summary_large_image\" \/>\n<meta name=\"twitter:description\" content=\"Profoto Softgrid 50 Degrees 3\u2032 Octa (90cm) \u2013 Controls light spread, reduces spill, and enhances contrast. Lightweight, foldable, and perfect for precise studio lighting.\" \/>\n<meta name=\"twitter:label1\" content=\"Dur\u00e9e de lecture estim\u00e9e\" \/>\n\t<meta name=\"twitter:data1\" content=\"2 minutes\" \/>\n<script type=\"application\/ld+json\" class=\"yoast-schema-graph\">{\"@context\":\"https:\/\/schema.org\",\"@graph\":[{\"@type\":\"WebPage\",\"@id\":\"https:\/\/www.cinesouk.ma\/product\/profoto-softgrid-50-degrees-3%e2%80%b2-octa-90cm\/\",\"url\":\"https:\/\/www.cinesouk.ma\/product\/profoto-softgrid-50-degrees-3%e2%80%b2-octa-90cm\/\",\"name\":\"Profoto Softgrid 50 degrees 3\u2032 Octa (90cm) - CineSouk\",\"isPartOf\":{\"@id\":\"https:\/\/www.cinesouk.ma\/#website\"},\"primaryImageOfPage\":{\"@id\":\"https:\/\/www.cinesouk.ma\/product\/profoto-softgrid-50-degrees-3%e2%80%b2-octa-90cm\/#primaryimage\"},\"image\":{\"@id\":\"https:\/\/www.cinesouk.ma\/product\/profoto-softgrid-50-degrees-3%e2%80%b2-octa-90cm\/#primaryimage\"},\"thumbnailUrl\":\"https:\/\/www.cinesouk.ma\/wp-content\/uploads\/2025\/03\/Profoto-Softgrid-50-degrees-3\u2032-Octa-90cm.jpg\",\"datePublished\":\"2025-03-19T09:17:31+00:00\",\"dateModified\":\"2026-02-05T13:01:25+00:00\",\"description\":\"Profoto Softgrid 50 Degrees 3\u2032 Octa (90cm) \u2013 Controls light spread, reduces spill, and enhances contrast. Lightweight, foldable, and perfect for precise studio lighting.\",\"breadcrumb\":{\"@id\":\"https:\/\/www.cinesouk.ma\/product\/profoto-softgrid-50-degrees-3%e2%80%b2-octa-90cm\/#breadcrumb\"},\"inLanguage\":\"fr-FR\",\"potentialAction\":[{\"@type\":\"ReadAction\",\"target\":[\"https:\/\/www.cinesouk.ma\/product\/profoto-softgrid-50-degrees-3%e2%80%b2-octa-90cm\/\"]}]},{\"@type\":\"ImageObject\",\"inLanguage\":\"fr-FR\",\"@id\":\"https:\/\/www.cinesouk.ma\/product\/profoto-softgrid-50-degrees-3%e2%80%b2-octa-90cm\/#primaryimage\",\"url\":\"https:\/\/www.cinesouk.ma\/wp-content\/uploads\/2025\/03\/Profoto-Softgrid-50-degrees-3\u2032-Octa-90cm.jpg\",\"contentUrl\":\"https:\/\/www.cinesouk.ma\/wp-content\/uploads\/2025\/03\/Profoto-Softgrid-50-degrees-3\u2032-Octa-90cm.jpg\",\"width\":300,\"height\":238,\"caption\":\"Profoto Softgrid 50 degrees 3\u2032 Octa (90cm)\"},{\"@type\":\"BreadcrumbList\",\"@id\":\"https:\/\/www.cinesouk.ma\/product\/profoto-softgrid-50-degrees-3%e2%80%b2-octa-90cm\/#breadcrumb\",\"itemListElement\":[{\"@type\":\"ListItem\",\"position\":1,\"name\":\"Home\",\"item\":\"https:\/\/www.cinesouk.ma\/\"},{\"@type\":\"ListItem\",\"position\":2,\"name\":\"Shop\",\"item\":\"https:\/\/www.cinesouk.ma\/shop\/\"},{\"@type\":\"ListItem\",\"position\":3,\"name\":\"Profoto Softgrid 50 degrees 3\u2032 Octa (90cm)\"}]},{\"@type\":\"WebSite\",\"@id\":\"https:\/\/www.cinesouk.ma\/#website\",\"url\":\"https:\/\/www.cinesouk.ma\/\",\"name\":\"CineSouk\",\"description\":\"\",\"publisher\":{\"@id\":\"https:\/\/www.cinesouk.ma\/#organization\"},\"potentialAction\":[{\"@type\":\"SearchAction\",\"target\":{\"@type\":\"EntryPoint\",\"urlTemplate\":\"https:\/\/www.cinesouk.ma\/?s={search_term_string}\"},\"query-input\":{\"@type\":\"PropertyValueSpecification\",\"valueRequired\":true,\"valueName\":\"search_term_string\"}}],\"inLanguage\":\"fr-FR\"},{\"@type\":\"Organization\",\"@id\":\"https:\/\/www.cinesouk.ma\/#organization\",\"name\":\"CineSouk\",\"url\":\"https:\/\/www.cinesouk.ma\/\",\"logo\":{\"@type\":\"ImageObject\",\"inLanguage\":\"fr-FR\",\"@id\":\"https:\/\/www.cinesouk.ma\/#\/schema\/logo\/image\/\",\"url\":\"https:\/\/www.cinesouk.ma\/wp-content\/uploads\/2024\/01\/CineSouk-logo-v01-alpha-alligned-left.png\",\"contentUrl\":\"https:\/\/www.cinesouk.ma\/wp-content\/uploads\/2024\/01\/CineSouk-logo-v01-alpha-alligned-left.png\",\"width\":3204,\"height\":889,\"caption\":\"CineSouk\"},\"image\":{\"@id\":\"https:\/\/www.cinesouk.ma\/#\/schema\/logo\/image\/\"}}]}<\/script>\n<!-- \/ Yoast SEO Premium plugin. -->","yoast_head_json":{"title":"Profoto Softgrid 50 degrees 3\u2032 Octa (90cm) - CineSouk","description":"Profoto Softgrid 50 Degrees 3\u2032 Octa (90cm) \u2013 Controls light spread, reduces spill, and enhances contrast. Lightweight, foldable, and perfect for precise studio lighting.","robots":{"index":"index","follow":"follow","max-snippet":"max-snippet:-1","max-image-preview":"max-image-preview:large","max-video-preview":"max-video-preview:-1"},"canonical":"https:\/\/www.cinesouk.ma\/fr\/produit\/profoto-softgrid-50-degrees-3\u2032-octa-90cm\/","og_locale":"fr_FR","og_type":"article","og_title":"Profoto Softgrid 50 degrees 3\u2032 Octa (90cm)","og_description":"Profoto Softgrid 50 Degrees 3\u2032 Octa (90cm) \u2013 Controls light spread, reduces spill, and enhances contrast. Lightweight, foldable, and perfect for precise studio lighting.","og_url":"https:\/\/www.cinesouk.ma\/fr\/produit\/profoto-softgrid-50-degrees-3\u2032-octa-90cm\/","og_site_name":"CineSouk","article_modified_time":"2026-02-05T13:01:25+00:00","og_image":[{"width":300,"height":238,"url":"https:\/\/www.cinesouk.ma\/wp-content\/uploads\/2025\/03\/Profoto-Softgrid-50-degrees-3\u2032-Octa-90cm.jpg","type":"image\/jpeg"}],"twitter_card":"summary_large_image","twitter_description":"Profoto Softgrid 50 Degrees 3\u2032 Octa (90cm) \u2013 Controls light spread, reduces spill, and enhances contrast. Lightweight, foldable, and perfect for precise studio lighting.","twitter_misc":{"Dur\u00e9e de lecture estim\u00e9e":"2 minutes"},"schema":{"@context":"https:\/\/schema.org","@graph":[{"@type":"WebPage","@id":"https:\/\/www.cinesouk.ma\/product\/profoto-softgrid-50-degrees-3%e2%80%b2-octa-90cm\/","url":"https:\/\/www.cinesouk.ma\/product\/profoto-softgrid-50-degrees-3%e2%80%b2-octa-90cm\/","name":"Profoto Softgrid 50 degrees 3\u2032 Octa (90cm) - CineSouk","isPartOf":{"@id":"https:\/\/www.cinesouk.ma\/#website"},"primaryImageOfPage":{"@id":"https:\/\/www.cinesouk.ma\/product\/profoto-softgrid-50-degrees-3%e2%80%b2-octa-90cm\/#primaryimage"},"image":{"@id":"https:\/\/www.cinesouk.ma\/product\/profoto-softgrid-50-degrees-3%e2%80%b2-octa-90cm\/#primaryimage"},"thumbnailUrl":"https:\/\/www.cinesouk.ma\/wp-content\/uploads\/2025\/03\/Profoto-Softgrid-50-degrees-3\u2032-Octa-90cm.jpg","datePublished":"2025-03-19T09:17:31+00:00","dateModified":"2026-02-05T13:01:25+00:00","description":"Profoto Softgrid 50 Degrees 3\u2032 Octa (90cm) \u2013 Controls light spread, reduces spill, and enhances contrast. Lightweight, foldable, and perfect for precise studio lighting.","breadcrumb":{"@id":"https:\/\/www.cinesouk.ma\/product\/profoto-softgrid-50-degrees-3%e2%80%b2-octa-90cm\/#breadcrumb"},"inLanguage":"fr-FR","potentialAction":[{"@type":"ReadAction","target":["https:\/\/www.cinesouk.ma\/product\/profoto-softgrid-50-degrees-3%e2%80%b2-octa-90cm\/"]}]},{"@type":"ImageObject","inLanguage":"fr-FR","@id":"https:\/\/www.cinesouk.ma\/product\/profoto-softgrid-50-degrees-3%e2%80%b2-octa-90cm\/#primaryimage","url":"https:\/\/www.cinesouk.ma\/wp-content\/uploads\/2025\/03\/Profoto-Softgrid-50-degrees-3\u2032-Octa-90cm.jpg","contentUrl":"https:\/\/www.cinesouk.ma\/wp-content\/uploads\/2025\/03\/Profoto-Softgrid-50-degrees-3\u2032-Octa-90cm.jpg","width":300,"height":238,"caption":"Profoto Softgrid 50 degrees 3\u2032 Octa (90cm)"},{"@type":"BreadcrumbList","@id":"https:\/\/www.cinesouk.ma\/product\/profoto-softgrid-50-degrees-3%e2%80%b2-octa-90cm\/#breadcrumb","itemListElement":[{"@type":"ListItem","position":1,"name":"Home","item":"https:\/\/www.cinesouk.ma\/"},{"@type":"ListItem","position":2,"name":"Shop","item":"https:\/\/www.cinesouk.ma\/shop\/"},{"@type":"ListItem","position":3,"name":"Profoto Softgrid 50 degrees 3\u2032 Octa (90cm)"}]},{"@type":"WebSite","@id":"https:\/\/www.cinesouk.ma\/#website","url":"https:\/\/www.cinesouk.ma\/","name":"CineSouk","description":"","publisher":{"@id":"https:\/\/www.cinesouk.ma\/#organization"},"potentialAction":[{"@type":"SearchAction","target":{"@type":"EntryPoint","urlTemplate":"https:\/\/www.cinesouk.ma\/?s={search_term_string}"},"query-input":{"@type":"PropertyValueSpecification","valueRequired":true,"valueName":"search_term_string"}}],"inLanguage":"fr-FR"},{"@type":"Organization","@id":"https:\/\/www.cinesouk.ma\/#organization","name":"CineSouk","url":"https:\/\/www.cinesouk.ma\/","logo":{"@type":"ImageObject","inLanguage":"fr-FR","@id":"https:\/\/www.cinesouk.ma\/#\/schema\/logo\/image\/","url":"https:\/\/www.cinesouk.ma\/wp-content\/uploads\/2024\/01\/CineSouk-logo-v01-alpha-alligned-left.png","contentUrl":"https:\/\/www.cinesouk.ma\/wp-content\/uploads\/2024\/01\/CineSouk-logo-v01-alpha-alligned-left.png","width":3204,"height":889,"caption":"CineSouk"},"image":{"@id":"https:\/\/www.cinesouk.ma\/#\/schema\/logo\/image\/"}}]}},"_links":{"self":[{"href":"https:\/\/www.cinesouk.ma\/fr\/wp-json\/wp\/v2\/product\/11582","targetHints":{"allow":["GET"]}}],"collection":[{"href":"https:\/\/www.cinesouk.ma\/fr\/wp-json\/wp\/v2\/product"}],"about":[{"href":"https:\/\/www.cinesouk.ma\/fr\/wp-json\/wp\/v2\/types\/product"}],"wp:featuredmedia":[{"embeddable":true,"href":"https:\/\/www.cinesouk.ma\/fr\/wp-json\/wp\/v2\/media\/11594"}],"wp:attachment":[{"href":"https:\/\/www.cinesouk.ma\/fr\/wp-json\/wp\/v2\/media?parent=11582"}],"wp:term":[{"taxonomy":"product_brand","embeddable":true,"href":"https:\/\/www.cinesouk.ma\/fr\/wp-json\/wp\/v2\/product_brand?post=11582"},{"taxonomy":"product_cat","embeddable":true,"href":"https:\/\/www.cinesouk.ma\/fr\/wp-json\/wp\/v2\/product_cat?post=11582"},{"taxonomy":"product_tag","embeddable":true,"href":"https:\/\/www.cinesouk.ma\/fr\/wp-json\/wp\/v2\/product_tag?post=11582"}],"curies":[{"name":"wp","href":"https:\/\/api.w.org\/{rel}","templated":true}]}}