{"id":11810,"date":"2025-04-08T11:01:41","date_gmt":"2025-04-08T11:01:41","guid":{"rendered":"https:\/\/www.cinesouk.ma\/?post_type=product&#038;p=11810"},"modified":"2025-08-19T10:49:24","modified_gmt":"2025-08-19T10:49:24","slug":"manfrotto-pro-scrim-all-in-one-kit-s","status":"publish","type":"product","link":"https:\/\/www.cinesouk.ma\/fr\/produit\/manfrotto-pro-scrim-all-in-one-kit-s\/","title":{"rendered":"Manfrotto Pro Scrim All-in-one-Kit S (1.1 x 1.1m)"},"content":{"rendered":"<p data-start=\"61\" data-end=\"442\">Le Manfrotto Pro Scrim All-in-One Kit S (1,1 x 1,1 m) est une solution de contr\u00f4le de la lumi\u00e8re polyvalente et compacte con\u00e7ue pour les cin\u00e9astes, les photographes et les professionnels de la production vid\u00e9o. Gr\u00e2ce \u00e0 sa conception l\u00e9g\u00e8re et durable, il offre des capacit\u00e9s de diffusion et de r\u00e9flexion efficaces, garantissant le contr\u00f4le de la qualit\u00e9 de la lumi\u00e8re dans tous les environnements de tournage.<\/p>\n<p data-start=\"444\" data-end=\"871\">Comme le kit comprend une grille, un cadre et une mallette de transport, il offre une solution compl\u00e8te, tout-en-un, pour les installations en d\u00e9placement. En outre, la taille de 1,1 x 1,1 m offre une flexibilit\u00e9 pour les espaces plus restreints, ce qui le rend id\u00e9al pour le travail en studio et les tournages en ext\u00e9rieur. De plus, sa rapidit\u00e9 d'installation et de d\u00e9montage le rend facile \u00e0 transporter et \u00e0 ranger, ce qui offre un maximum de commodit\u00e9 pendant la production.<\/p>\n<h3 data-start=\"873\" data-end=\"935\"><strong data-start=\"877\" data-end=\"933\">Pourquoi choisir le kit Manfrotto Pro Scrim All-in-One Kit S ?<\/strong><\/h3>\n<p data-start=\"937\" data-end=\"1407\">Ce kit est parfait pour les photographes et vid\u00e9astes qui ont besoin d'une solution fiable et portable pour diffuser ou contr\u00f4ler la lumi\u00e8re. Que vous r\u00e9alisiez des portraits, des photographies de produits ou des vid\u00e9os, le Pro Scrim All-in-One Kit S de Manfrotto permet de modeler la lumi\u00e8re de mani\u00e8re polyvalente pour une finition professionnelle. De plus, gr\u00e2ce \u00e0 son cadre facile \u00e0 utiliser, ce kit est parfait pour les d\u00e9butants comme pour les utilisateurs exp\u00e9riment\u00e9s.<\/p>\n<h3 data-start=\"1409\" data-end=\"1431\"><strong data-start=\"1413\" data-end=\"1429\">Caract\u00e9ristiques principales<\/strong><\/h3>\n<ul data-start=\"1433\" data-end=\"1985\">\n<li data-start=\"1433\" data-end=\"1550\"><strong data-start=\"1435\" data-end=\"1454\">Kit tout-en-un :<\/strong> Comprend <strong data-start=\"1464\" data-end=\"1499\">grille, cadre et mallette de transport<\/strong>, offrant une <strong data-start=\"1512\" data-end=\"1547\">solution compl\u00e8te de contr\u00f4le de la lumi\u00e8re<\/strong>.<\/li>\n<li data-start=\"1551\" data-end=\"1657\"><strong data-start=\"1553\" data-end=\"1570\">Taille compacte :<\/strong> Mesures <strong data-start=\"1580\" data-end=\"1594\">1,1 x 1,1m<\/strong>Il s'agit donc d'une solution id\u00e9ale pour <strong data-start=\"1616\" data-end=\"1654\">les petites installations et les prises de vue en ext\u00e9rieur<\/strong>.<\/li>\n<li data-start=\"1658\" data-end=\"1774\"><strong data-start=\"1660\" data-end=\"1699\">Construction durable et l\u00e9g\u00e8re :<\/strong> Con\u00e7u pour <strong data-start=\"1713\" data-end=\"1733\">utilisation durable<\/strong> sans ajouter <strong data-start=\"1749\" data-end=\"1771\">poids inutile<\/strong>.<\/li>\n<li data-start=\"1775\" data-end=\"1876\"><strong data-start=\"1777\" data-end=\"1793\">Installation rapide :<\/strong> <strong data-start=\"1794\" data-end=\"1825\">Montage et d\u00e9montage faciles<\/strong> le rendre adapt\u00e9 \u00e0 <strong data-start=\"1847\" data-end=\"1873\">des productions au rythme soutenu<\/strong>.<\/li>\n<li data-start=\"1877\" data-end=\"1985\"><strong data-start=\"1879\" data-end=\"1907\">Contr\u00f4le polyvalent de la lumi\u00e8re :<\/strong> Diffuse la lumi\u00e8re et r\u00e9duit les reflets, ce qui permet <strong data-start=\"1957\" data-end=\"1982\">une mise en forme pr\u00e9cise de la lumi\u00e8re<\/strong>.<\/li>\n<\/ul>\n<h3 data-start=\"1987\" data-end=\"2011\"><strong data-start=\"1991\" data-end=\"2009\">Sp\u00e9cifications<\/strong><\/h3>\n<ul data-start=\"2013\" data-end=\"2325\">\n<li data-start=\"2013\" data-end=\"2043\"><strong data-start=\"2015\" data-end=\"2030\">Taille de l'\u00e9cran :<\/strong> 1,1 x 1,1m<\/li>\n<li data-start=\"2044\" data-end=\"2100\"><strong data-start=\"2046\" data-end=\"2059\">Mat\u00e9riau :<\/strong> Tissu durable pour <strong data-start=\"2079\" data-end=\"2098\">diffusion de la lumi\u00e8re<\/strong><\/li>\n<li data-start=\"2101\" data-end=\"2151\"><strong data-start=\"2103\" data-end=\"2113\">Cadre :<\/strong> Cadre l\u00e9ger et facile \u00e0 assembler<\/li>\n<li data-start=\"2152\" data-end=\"2214\"><strong data-start=\"2154\" data-end=\"2166\">Stockage :<\/strong> Comprend <strong data-start=\"2176\" data-end=\"2193\">mallette de transport<\/strong> pour un transport facile<\/li>\n<li data-start=\"2215\" data-end=\"2325\"><strong data-start=\"2217\" data-end=\"2234\">Applications :<\/strong> <strong data-start=\"2235\" data-end=\"2323\">Photographie, vid\u00e9ographie, portraits, photographie de produits et production vid\u00e9o<\/strong><\/li>\n<\/ul>\n<p data-start=\"2327\" data-end=\"2624\">Le kit Manfrotto Pro Scrim All-in-One Kit S (1,1 x 1,1 m) est un outil essentiel pour contr\u00f4ler la lumi\u00e8re dans de nombreuses situations de prise de vue. Gr\u00e2ce \u00e0 sa construction durable, sa portabilit\u00e9 et sa commodit\u00e9 tout-en-un, ce kit vous permet d'obtenir des r\u00e9sultats professionnels en toute simplicit\u00e9.<\/p>\n<p>Louez-le maintenant sur <a href=\"https:\/\/www.cinesouk.ma\/fr\">CINESOUK<\/a> - une marque de <a href=\"https:\/\/www.broadway.ma\/\">BROADWAY PRODUCTIONS SARL.<\/a><\/p>","protected":false},"excerpt":{"rendered":"<p><strong>Sp\u00e9cifications<\/strong><\/p>\n<ul data-start=\"2013\" data-end=\"2325\">\n<li data-start=\"2013\" data-end=\"2043\"><strong data-start=\"2015\" data-end=\"2030\">Taille de l'\u00e9cran :<\/strong> 1,1 x 1,1m<\/li>\n<li data-start=\"2044\" data-end=\"2100\"><strong data-start=\"2046\" data-end=\"2059\">Mat\u00e9riau :<\/strong> Tissu durable pour <strong data-start=\"2079\" data-end=\"2098\">diffusion de la lumi\u00e8re<\/strong><\/li>\n<li data-start=\"2101\" data-end=\"2151\"><strong data-start=\"2103\" data-end=\"2113\">Cadre :<\/strong> Cadre l\u00e9ger et facile \u00e0 assembler<\/li>\n<li data-start=\"2152\" data-end=\"2214\"><strong data-start=\"2154\" data-end=\"2166\">Stockage :<\/strong> Comprend <strong data-start=\"2176\" data-end=\"2193\">mallette de transport<\/strong> pour un transport facile<\/li>\n<li data-start=\"2215\" data-end=\"2325\"><strong data-start=\"2217\" data-end=\"2234\">Applications :<\/strong> <strong data-start=\"2235\" data-end=\"2323\">Photographie, vid\u00e9ographie, portraits, photographie de produits et production vid\u00e9o<\/strong><\/li>\n<\/ul>","protected":false},"featured_media":11827,"template":"","meta":{"om_disable_all_campaigns":false,"_monsterinsights_skip_tracking":false,"_monsterinsights_sitenote_active":false,"_monsterinsights_sitenote_note":"","_monsterinsights_sitenote_category":0,"_uf_show_specific_survey":0,"_uf_disable_surveys":false},"product_brand":[],"product_cat":[38,20],"product_tag":[],"class_list":{"0":"post-11810","1":"product","2":"type-product","3":"status-publish","4":"has-post-thumbnail","6":"product_cat-grip-cinesouk","7":"product_cat-light-cinesouk","9":"entry","10":"has-media","12":"first","13":"instock","14":"taxable","15":"shipping-taxable","16":"purchasable","17":"product-type-variable","18":"has-product-nav","19":"col","20":"span_1_of_3","21":"owp-content-center","22":"owp-thumbs-layout-horizontal","23":"owp-btn-normal","24":"owp-tabs-layout-horizontal","25":"has-no-thumbnails"},"yoast_head":"<!-- This site is optimized with the Yoast SEO Premium plugin v26.0 (Yoast SEO v26.0) - https:\/\/yoast.com\/wordpress\/plugins\/seo\/ -->\n<title>Manfrotto Pro Scrim All-in-one-Kit S (1.1 x 1.1m) - CineSouk - For rent<\/title>\n<meta name=\"description\" content=\"Manfrotto Pro Scrim All-in-One Kit S (1.1 x 1.1m) \u2013 Portable, durable light control kit with scrim, frame, and carrying case for diffusion and reflection in photography and videography.\" \/>\n<meta name=\"robots\" content=\"index, follow, max-snippet:-1, max-image-preview:large, max-video-preview:-1\" \/>\n<link rel=\"canonical\" href=\"https:\/\/www.cinesouk.ma\/fr\/produit\/manfrotto-pro-scrim-all-in-one-kit-s\/\" \/>\n<meta property=\"og:locale\" content=\"fr_FR\" \/>\n<meta property=\"og:type\" content=\"article\" \/>\n<meta property=\"og:title\" content=\"Manfrotto Pro Scrim All-in-one-Kit S (1.1 x 1.1m)\" \/>\n<meta property=\"og:description\" content=\"Manfrotto Pro Scrim All-in-One Kit S (1.1 x 1.1m) \u2013 Portable, durable light control kit with scrim, frame, and carrying case for diffusion and reflection in photography and videography.\" \/>\n<meta property=\"og:url\" content=\"https:\/\/www.cinesouk.ma\/fr\/produit\/manfrotto-pro-scrim-all-in-one-kit-s\/\" \/>\n<meta property=\"og:site_name\" content=\"CineSouk\" \/>\n<meta property=\"article:modified_time\" content=\"2025-08-19T10:49:24+00:00\" \/>\n<meta property=\"og:image\" content=\"https:\/\/www.cinesouk.ma\/wp-content\/uploads\/2025\/03\/Manfrotto-Pro-Scrim-All-in-one-Kit-S.jpg\" \/>\n\t<meta property=\"og:image:width\" content=\"300\" \/>\n\t<meta property=\"og:image:height\" content=\"238\" \/>\n\t<meta property=\"og:image:type\" content=\"image\/jpeg\" \/>\n<meta name=\"twitter:card\" content=\"summary_large_image\" \/>\n<meta name=\"twitter:description\" content=\"Manfrotto Pro Scrim All-in-One Kit S (1.1 x 1.1m) \u2013 Portable, durable light control kit with scrim, frame, and carrying case for diffusion and reflection in photography and videography.\" \/>\n<meta name=\"twitter:image\" content=\"https:\/\/www.cinesouk.ma\/wp-content\/uploads\/2025\/03\/Manfrotto-Pro-Scrim-All-in-one-Kit-S.jpg\" \/>\n<meta name=\"twitter:label1\" content=\"Dur\u00e9e de lecture estim\u00e9e\" \/>\n\t<meta name=\"twitter:data1\" content=\"2 minutes\" \/>\n<script type=\"application\/ld+json\" class=\"yoast-schema-graph\">{\"@context\":\"https:\/\/schema.org\",\"@graph\":[{\"@type\":\"WebPage\",\"@id\":\"https:\/\/www.cinesouk.ma\/product\/manfrotto-pro-scrim-all-in-one-kit-s\/\",\"url\":\"https:\/\/www.cinesouk.ma\/product\/manfrotto-pro-scrim-all-in-one-kit-s\/\",\"name\":\"Manfrotto Pro Scrim All-in-one-Kit S (1.1 x 1.1m) - CineSouk - For rent\",\"isPartOf\":{\"@id\":\"https:\/\/www.cinesouk.ma\/#website\"},\"primaryImageOfPage\":{\"@id\":\"https:\/\/www.cinesouk.ma\/product\/manfrotto-pro-scrim-all-in-one-kit-s\/#primaryimage\"},\"image\":{\"@id\":\"https:\/\/www.cinesouk.ma\/product\/manfrotto-pro-scrim-all-in-one-kit-s\/#primaryimage\"},\"thumbnailUrl\":\"https:\/\/www.cinesouk.ma\/wp-content\/uploads\/2025\/03\/Manfrotto-Pro-Scrim-All-in-one-Kit-S.jpg\",\"datePublished\":\"2025-04-08T11:01:41+00:00\",\"dateModified\":\"2025-08-19T10:49:24+00:00\",\"description\":\"Manfrotto Pro Scrim All-in-One Kit S (1.1 x 1.1m) \u2013 Portable, durable light control kit with scrim, frame, and carrying case for diffusion and reflection in photography and videography.\",\"breadcrumb\":{\"@id\":\"https:\/\/www.cinesouk.ma\/product\/manfrotto-pro-scrim-all-in-one-kit-s\/#breadcrumb\"},\"inLanguage\":\"fr-FR\",\"potentialAction\":[{\"@type\":\"ReadAction\",\"target\":[\"https:\/\/www.cinesouk.ma\/product\/manfrotto-pro-scrim-all-in-one-kit-s\/\"]}]},{\"@type\":\"ImageObject\",\"inLanguage\":\"fr-FR\",\"@id\":\"https:\/\/www.cinesouk.ma\/product\/manfrotto-pro-scrim-all-in-one-kit-s\/#primaryimage\",\"url\":\"https:\/\/www.cinesouk.ma\/wp-content\/uploads\/2025\/03\/Manfrotto-Pro-Scrim-All-in-one-Kit-S.jpg\",\"contentUrl\":\"https:\/\/www.cinesouk.ma\/wp-content\/uploads\/2025\/03\/Manfrotto-Pro-Scrim-All-in-one-Kit-S.jpg\",\"width\":300,\"height\":238,\"caption\":\"Manfrotto Pro Scrim All-in-one-Kit S\"},{\"@type\":\"BreadcrumbList\",\"@id\":\"https:\/\/www.cinesouk.ma\/product\/manfrotto-pro-scrim-all-in-one-kit-s\/#breadcrumb\",\"itemListElement\":[{\"@type\":\"ListItem\",\"position\":1,\"name\":\"Home\",\"item\":\"https:\/\/www.cinesouk.ma\/\"},{\"@type\":\"ListItem\",\"position\":2,\"name\":\"Shop\",\"item\":\"https:\/\/www.cinesouk.ma\/shop\/\"},{\"@type\":\"ListItem\",\"position\":3,\"name\":\"Manfrotto Pro Scrim All-in-one-Kit S (1.1 x 1.1m)\"}]},{\"@type\":\"WebSite\",\"@id\":\"https:\/\/www.cinesouk.ma\/#website\",\"url\":\"https:\/\/www.cinesouk.ma\/\",\"name\":\"CineSouk\",\"description\":\"\",\"publisher\":{\"@id\":\"https:\/\/www.cinesouk.ma\/#organization\"},\"potentialAction\":[{\"@type\":\"SearchAction\",\"target\":{\"@type\":\"EntryPoint\",\"urlTemplate\":\"https:\/\/www.cinesouk.ma\/?s={search_term_string}\"},\"query-input\":{\"@type\":\"PropertyValueSpecification\",\"valueRequired\":true,\"valueName\":\"search_term_string\"}}],\"inLanguage\":\"fr-FR\"},{\"@type\":\"Organization\",\"@id\":\"https:\/\/www.cinesouk.ma\/#organization\",\"name\":\"CineSouk\",\"url\":\"https:\/\/www.cinesouk.ma\/\",\"logo\":{\"@type\":\"ImageObject\",\"inLanguage\":\"fr-FR\",\"@id\":\"https:\/\/www.cinesouk.ma\/#\/schema\/logo\/image\/\",\"url\":\"https:\/\/www.cinesouk.ma\/wp-content\/uploads\/2024\/01\/CineSouk-logo-v01-alpha-alligned-left.png\",\"contentUrl\":\"https:\/\/www.cinesouk.ma\/wp-content\/uploads\/2024\/01\/CineSouk-logo-v01-alpha-alligned-left.png\",\"width\":3204,\"height\":889,\"caption\":\"CineSouk\"},\"image\":{\"@id\":\"https:\/\/www.cinesouk.ma\/#\/schema\/logo\/image\/\"}}]}<\/script>\n<!-- \/ Yoast SEO Premium plugin. -->","yoast_head_json":{"title":"Manfrotto Pro Scrim All-in-one-Kit S (1.1 x 1.1m) - CineSouk - For rent","description":"Manfrotto Pro Scrim All-in-One Kit S (1.1 x 1.1m) \u2013 Portable, durable light control kit with scrim, frame, and carrying case for diffusion and reflection in photography and videography.","robots":{"index":"index","follow":"follow","max-snippet":"max-snippet:-1","max-image-preview":"max-image-preview:large","max-video-preview":"max-video-preview:-1"},"canonical":"https:\/\/www.cinesouk.ma\/fr\/produit\/manfrotto-pro-scrim-all-in-one-kit-s\/","og_locale":"fr_FR","og_type":"article","og_title":"Manfrotto Pro Scrim All-in-one-Kit S (1.1 x 1.1m)","og_description":"Manfrotto Pro Scrim All-in-One Kit S (1.1 x 1.1m) \u2013 Portable, durable light control kit with scrim, frame, and carrying case for diffusion and reflection in photography and videography.","og_url":"https:\/\/www.cinesouk.ma\/fr\/produit\/manfrotto-pro-scrim-all-in-one-kit-s\/","og_site_name":"CineSouk","article_modified_time":"2025-08-19T10:49:24+00:00","og_image":[{"width":300,"height":238,"url":"https:\/\/www.cinesouk.ma\/wp-content\/uploads\/2025\/03\/Manfrotto-Pro-Scrim-All-in-one-Kit-S.jpg","type":"image\/jpeg"}],"twitter_card":"summary_large_image","twitter_description":"Manfrotto Pro Scrim All-in-One Kit S (1.1 x 1.1m) \u2013 Portable, durable light control kit with scrim, frame, and carrying case for diffusion and reflection in photography and videography.","twitter_image":"https:\/\/www.cinesouk.ma\/wp-content\/uploads\/2025\/03\/Manfrotto-Pro-Scrim-All-in-one-Kit-S.jpg","twitter_misc":{"Dur\u00e9e de lecture estim\u00e9e":"2 minutes"},"schema":{"@context":"https:\/\/schema.org","@graph":[{"@type":"WebPage","@id":"https:\/\/www.cinesouk.ma\/product\/manfrotto-pro-scrim-all-in-one-kit-s\/","url":"https:\/\/www.cinesouk.ma\/product\/manfrotto-pro-scrim-all-in-one-kit-s\/","name":"Manfrotto Pro Scrim All-in-one-Kit S (1.1 x 1.1m) - CineSouk - For rent","isPartOf":{"@id":"https:\/\/www.cinesouk.ma\/#website"},"primaryImageOfPage":{"@id":"https:\/\/www.cinesouk.ma\/product\/manfrotto-pro-scrim-all-in-one-kit-s\/#primaryimage"},"image":{"@id":"https:\/\/www.cinesouk.ma\/product\/manfrotto-pro-scrim-all-in-one-kit-s\/#primaryimage"},"thumbnailUrl":"https:\/\/www.cinesouk.ma\/wp-content\/uploads\/2025\/03\/Manfrotto-Pro-Scrim-All-in-one-Kit-S.jpg","datePublished":"2025-04-08T11:01:41+00:00","dateModified":"2025-08-19T10:49:24+00:00","description":"Manfrotto Pro Scrim All-in-One Kit S (1.1 x 1.1m) \u2013 Portable, durable light control kit with scrim, frame, and carrying case for diffusion and reflection in photography and videography.","breadcrumb":{"@id":"https:\/\/www.cinesouk.ma\/product\/manfrotto-pro-scrim-all-in-one-kit-s\/#breadcrumb"},"inLanguage":"fr-FR","potentialAction":[{"@type":"ReadAction","target":["https:\/\/www.cinesouk.ma\/product\/manfrotto-pro-scrim-all-in-one-kit-s\/"]}]},{"@type":"ImageObject","inLanguage":"fr-FR","@id":"https:\/\/www.cinesouk.ma\/product\/manfrotto-pro-scrim-all-in-one-kit-s\/#primaryimage","url":"https:\/\/www.cinesouk.ma\/wp-content\/uploads\/2025\/03\/Manfrotto-Pro-Scrim-All-in-one-Kit-S.jpg","contentUrl":"https:\/\/www.cinesouk.ma\/wp-content\/uploads\/2025\/03\/Manfrotto-Pro-Scrim-All-in-one-Kit-S.jpg","width":300,"height":238,"caption":"Manfrotto Pro Scrim All-in-one-Kit S"},{"@type":"BreadcrumbList","@id":"https:\/\/www.cinesouk.ma\/product\/manfrotto-pro-scrim-all-in-one-kit-s\/#breadcrumb","itemListElement":[{"@type":"ListItem","position":1,"name":"Home","item":"https:\/\/www.cinesouk.ma\/"},{"@type":"ListItem","position":2,"name":"Shop","item":"https:\/\/www.cinesouk.ma\/shop\/"},{"@type":"ListItem","position":3,"name":"Manfrotto Pro Scrim All-in-one-Kit S (1.1 x 1.1m)"}]},{"@type":"WebSite","@id":"https:\/\/www.cinesouk.ma\/#website","url":"https:\/\/www.cinesouk.ma\/","name":"CineSouk","description":"","publisher":{"@id":"https:\/\/www.cinesouk.ma\/#organization"},"potentialAction":[{"@type":"SearchAction","target":{"@type":"EntryPoint","urlTemplate":"https:\/\/www.cinesouk.ma\/?s={search_term_string}"},"query-input":{"@type":"PropertyValueSpecification","valueRequired":true,"valueName":"search_term_string"}}],"inLanguage":"fr-FR"},{"@type":"Organization","@id":"https:\/\/www.cinesouk.ma\/#organization","name":"CineSouk","url":"https:\/\/www.cinesouk.ma\/","logo":{"@type":"ImageObject","inLanguage":"fr-FR","@id":"https:\/\/www.cinesouk.ma\/#\/schema\/logo\/image\/","url":"https:\/\/www.cinesouk.ma\/wp-content\/uploads\/2024\/01\/CineSouk-logo-v01-alpha-alligned-left.png","contentUrl":"https:\/\/www.cinesouk.ma\/wp-content\/uploads\/2024\/01\/CineSouk-logo-v01-alpha-alligned-left.png","width":3204,"height":889,"caption":"CineSouk"},"image":{"@id":"https:\/\/www.cinesouk.ma\/#\/schema\/logo\/image\/"}}]}},"_links":{"self":[{"href":"https:\/\/www.cinesouk.ma\/fr\/wp-json\/wp\/v2\/product\/11810","targetHints":{"allow":["GET"]}}],"collection":[{"href":"https:\/\/www.cinesouk.ma\/fr\/wp-json\/wp\/v2\/product"}],"about":[{"href":"https:\/\/www.cinesouk.ma\/fr\/wp-json\/wp\/v2\/types\/product"}],"wp:featuredmedia":[{"embeddable":true,"href":"https:\/\/www.cinesouk.ma\/fr\/wp-json\/wp\/v2\/media\/11827"}],"wp:attachment":[{"href":"https:\/\/www.cinesouk.ma\/fr\/wp-json\/wp\/v2\/media?parent=11810"}],"wp:term":[{"taxonomy":"product_brand","embeddable":true,"href":"https:\/\/www.cinesouk.ma\/fr\/wp-json\/wp\/v2\/product_brand?post=11810"},{"taxonomy":"product_cat","embeddable":true,"href":"https:\/\/www.cinesouk.ma\/fr\/wp-json\/wp\/v2\/product_cat?post=11810"},{"taxonomy":"product_tag","embeddable":true,"href":"https:\/\/www.cinesouk.ma\/fr\/wp-json\/wp\/v2\/product_tag?post=11810"}],"curies":[{"name":"wp","href":"https:\/\/api.w.org\/{rel}","templated":true}]}}