{"id":11829,"date":"2025-04-08T10:56:17","date_gmt":"2025-04-08T10:56:17","guid":{"rendered":"https:\/\/www.cinesouk.ma\/?post_type=product&#038;p=11829"},"modified":"2026-02-05T13:21:48","modified_gmt":"2026-02-05T13:21:48","slug":"quarter-grid-1-4-cloth-diffusion-silk-white-24x24m-8x8","status":"publish","type":"product","link":"https:\/\/www.cinesouk.ma\/fr\/produit\/quarter-grid-1-4-cloth-diffusion-silk-white-24x24m-8x8\/","title":{"rendered":"Quarter Grid 1\/4 Cloth Diffusion Silk White - 2,4\u00d72,4m (8'x8')"},"content":{"rendered":"<p class=\"\" data-start=\"69\" data-end=\"451\">Le Quarter Grid 1\/4 Cloth Diffusion Silk White est un accessoire essentiel pour les cin\u00e9astes et les photographes qui cherchent \u00e0 contr\u00f4ler et \u00e0 adoucir la lumi\u00e8re. Con\u00e7ue pour un cadre de 2,4\u00d72,4 m (8'x8'), cette toile assure une diffusion douce, adoucissant la lumi\u00e8re tout en conservant la pr\u00e9cision des couleurs. Il permet ainsi de cr\u00e9er un effet d'\u00e9clairage \u00e9quilibr\u00e9 et doux pour diverses configurations de tournage.<\/p>\n<p class=\"\" data-start=\"453\" data-end=\"753\">Gr\u00e2ce \u00e0 son tissu en soie de haute qualit\u00e9, la toile de diffusion assure une distribution uniforme de la lumi\u00e8re, minimisant les ombres dures et r\u00e9duisant le contraste. Elle est donc id\u00e9ale pour les portraits, la photographie de produits et la production vid\u00e9o, car elle permet un contr\u00f4le coh\u00e9rent de la lumi\u00e8re dans diff\u00e9rents sc\u00e9narios.<\/p>\n<p class=\"\" data-start=\"755\" data-end=\"1008\">De plus, le tissu est l\u00e9ger et facile \u00e0 manipuler, ce qui permet de le monter sur des supports d'\u00e9clairage ou de l'utiliser avec du mat\u00e9riel de pr\u00e9hension. Sa surface en soie blanche neutre permet de pr\u00e9server la couleur naturelle de la sc\u00e8ne tout en diffusant la source de lumi\u00e8re.<\/p>\n<h3 class=\"\" data-start=\"1372\" data-end=\"1394\"><strong data-start=\"1376\" data-end=\"1392\">Caract\u00e9ristiques principales du Quarter Grid 1\/4 Cloth Diffusion Silk White<\/strong><\/h3>\n<ul data-start=\"1396\" data-end=\"1928\">\n<li class=\"\" data-start=\"1396\" data-end=\"1518\">\n<p class=\"\" data-start=\"1398\" data-end=\"1518\"><strong data-start=\"1398\" data-end=\"1424\">Soie lisse Diffusion :<\/strong> Fournit <strong data-start=\"1434\" data-end=\"1452\">diffusion homog\u00e8ne<\/strong> avec une perte de lumi\u00e8re minimale, offrant <strong data-start=\"1487\" data-end=\"1515\">une qualit\u00e9 de lumi\u00e8re constante<\/strong>.<\/p>\n<\/li>\n<li class=\"\" data-start=\"1519\" data-end=\"1593\">\n<p class=\"\" data-start=\"1521\" data-end=\"1593\"><strong data-start=\"1521\" data-end=\"1530\">Taille :<\/strong> <strong data-start=\"1531\" data-end=\"1551\">2,4\u00d72,4m (8'x8')<\/strong>id\u00e9al pour <strong data-start=\"1563\" data-end=\"1590\">diff\u00e9rentes configurations d'\u00e9clairage<\/strong>.<\/p>\n<\/li>\n<li class=\"\" data-start=\"1594\" data-end=\"1706\">\n<p class=\"\" data-start=\"1596\" data-end=\"1706\"><strong data-start=\"1596\" data-end=\"1614\">Adoucit la lumi\u00e8re :<\/strong> R\u00e9duit les ombres dures, garantissant une <strong data-start=\"1649\" data-end=\"1676\">effet de lumi\u00e8re douce et uniforme<\/strong> sans compromettre la couleur.<\/p>\n<\/li>\n<li class=\"\" data-start=\"1707\" data-end=\"1796\">\n<p class=\"\" data-start=\"1709\" data-end=\"1796\"><strong data-start=\"1709\" data-end=\"1741\">Portable et facile \u00e0 manipuler :<\/strong> Conception l\u00e9g\u00e8re pour <strong data-start=\"1765\" data-end=\"1793\">transport et installation faciles<\/strong>.<\/p>\n<\/li>\n<li class=\"\" data-start=\"1797\" data-end=\"1928\">\n<p class=\"\" data-start=\"1799\" data-end=\"1928\"><strong data-start=\"1799\" data-end=\"1826\">Applications polyvalentes :<\/strong> Convient pour <strong data-start=\"1840\" data-end=\"1927\">la photographie de portrait, les tournages vid\u00e9o, la photographie de produits et l'\u00e9clairage de studio<\/strong>.<\/p>\n<\/li>\n<\/ul>\n<h3 class=\"\" data-start=\"1930\" data-end=\"1954\"><strong data-start=\"1934\" data-end=\"1952\">Sp\u00e9cifications<\/strong><\/h3>\n<ul data-start=\"1956\" data-end=\"2140\">\n<li class=\"\" data-start=\"1956\" data-end=\"1978\">\n<p class=\"\" data-start=\"1958\" data-end=\"1978\"><strong data-start=\"1958\" data-end=\"1971\">Mat\u00e9riau :<\/strong> Soie<\/p>\n<\/li>\n<li class=\"\" data-start=\"1979\" data-end=\"2009\">\n<p class=\"\" data-start=\"1981\" data-end=\"2009\"><strong data-start=\"1981\" data-end=\"1990\">Taille :<\/strong> 2,4\u00d72,4m (8'x8')<\/p>\n<\/li>\n<li class=\"\" data-start=\"2010\" data-end=\"2047\">\n<p class=\"\" data-start=\"2012\" data-end=\"2047\"><strong data-start=\"2012\" data-end=\"2031\">Type de diffusion :<\/strong> Quart de grille 1\/4<\/p>\n<\/li>\n<li class=\"\" data-start=\"2048\" data-end=\"2068\">\n<p class=\"\" data-start=\"2050\" data-end=\"2068\"><strong data-start=\"2050\" data-end=\"2060\">Couleur :<\/strong> Blanc<\/p>\n<\/li>\n<li class=\"\" data-start=\"2069\" data-end=\"2140\">\n<p class=\"\" data-start=\"2071\" data-end=\"2140\"><strong data-start=\"2071\" data-end=\"2088\">Applications :<\/strong> Photographie, vid\u00e9ographie et production de films<\/p>\n<\/li>\n<\/ul>\n<p class=\"\" data-start=\"2142\" data-end=\"2472\">Le Quarter Grid 1\/4 Cloth Diffusion Silk White - 2.4\u00d72.4m est un outil essentiel pour les professionnels \u00e0 la recherche d'une diffusion douce et homog\u00e8ne de la lumi\u00e8re avec une perte de lumi\u00e8re minimale. Avec son design compact et ses applications polyvalentes, il permet un contr\u00f4le pr\u00e9cis de vos installations d'\u00e9clairage, garantissant des r\u00e9sultats constants et de haute qualit\u00e9.<\/p>\n<p>Louez-le maintenant sur <a href=\"https:\/\/www.cinesouk.ma\/fr\">CINESOUK<\/a> - une marque de <a href=\"https:\/\/www.broadway.ma\/\">BROADWAY PRODUCTIONS SARL.<\/a><\/p>","protected":false},"excerpt":{"rendered":"<p><strong>Sp\u00e9cifications<\/strong><\/p>\n<ul>\n<li class=\"\" data-start=\"2055\" data-end=\"2077\">\n<p class=\"\" data-start=\"2057\" data-end=\"2077\"><strong data-start=\"2057\" data-end=\"2070\">Mat\u00e9riau :<\/strong> Soie<\/p>\n<\/li>\n<li class=\"\" data-start=\"2078\" data-end=\"2108\">\n<p class=\"\" data-start=\"2080\" data-end=\"2108\"><strong data-start=\"2080\" data-end=\"2089\">Taille :<\/strong> 2,4\u00d72,4m (8'x8')<\/p>\n<\/li>\n<li class=\"\" data-start=\"2109\" data-end=\"2146\">\n<p class=\"\" data-start=\"2111\" data-end=\"2146\"><strong data-start=\"2111\" data-end=\"2130\">Type de diffusion :<\/strong> Quart de grille 1\/4<\/p>\n<\/li>\n<li class=\"\" data-start=\"2147\" data-end=\"2167\">\n<p class=\"\" data-start=\"2149\" data-end=\"2167\"><strong data-start=\"2149\" data-end=\"2159\">Couleur :<\/strong> Blanc<\/p>\n<\/li>\n<li class=\"\" data-start=\"2168\" data-end=\"2239\">\n<p class=\"\" data-start=\"2170\" data-end=\"2239\"><strong data-start=\"2170\" data-end=\"2187\">Applications :<\/strong> <strong data-start=\"2188\" data-end=\"2237\">Photographie, vid\u00e9ographie et production de films<\/strong><\/p>\n<\/li>\n<\/ul>","protected":false},"featured_media":11874,"template":"","meta":{"om_disable_all_campaigns":false,"_monsterinsights_skip_tracking":false,"_monsterinsights_sitenote_active":false,"_monsterinsights_sitenote_note":"","_monsterinsights_sitenote_category":0,"_uf_show_specific_survey":0,"_uf_disable_surveys":false},"product_brand":[],"product_cat":[91],"product_tag":[],"class_list":{"0":"post-11829","1":"product","2":"type-product","3":"status-publish","4":"has-post-thumbnail","6":"product_cat-fabrics-and-bounces-cinesouk","8":"entry","9":"has-media","11":"first","12":"instock","13":"taxable","14":"shipping-taxable","15":"purchasable","16":"product-type-variable","17":"has-product-nav","18":"col","19":"span_1_of_3","20":"owp-content-center","21":"owp-thumbs-layout-horizontal","22":"owp-btn-normal","23":"owp-tabs-layout-horizontal","24":"has-no-thumbnails"},"yoast_head":"<!-- This site is optimized with the Yoast SEO Premium plugin v26.0 (Yoast SEO v26.0) - https:\/\/yoast.com\/wordpress\/plugins\/seo\/ -->\n<title>Quarter Grid 1\/4 Cloth Diffusion Silk White - 2,4x2,4m (8\u2019x8\u2019) - CineSouk - For rent<\/title>\n<meta name=\"description\" content=\"Quarter Grid 1\/4 Cloth Diffusion Silk White \u2013 2.4x2.4m (8\u2019x8\u2019) diffusion panel for soft, even light control in photography and videography with minimal light loss.\" \/>\n<meta name=\"robots\" content=\"index, follow, max-snippet:-1, max-image-preview:large, max-video-preview:-1\" \/>\n<link rel=\"canonical\" href=\"https:\/\/www.cinesouk.ma\/fr\/produit\/quarter-grid-1-4-cloth-diffusion-silk-white-24x24m-8x8\/\" \/>\n<meta property=\"og:locale\" content=\"fr_FR\" \/>\n<meta property=\"og:type\" content=\"article\" \/>\n<meta property=\"og:title\" content=\"Quarter Grid 1\/4 Cloth Diffusion Silk White - 2,4x2,4m (8\u2019x8\u2019)\" \/>\n<meta property=\"og:description\" content=\"Quarter Grid 1\/4 Cloth Diffusion Silk White \u2013 2.4x2.4m (8\u2019x8\u2019) diffusion panel for soft, even light control in photography and videography with minimal light loss.\" \/>\n<meta property=\"og:url\" content=\"https:\/\/www.cinesouk.ma\/fr\/produit\/quarter-grid-1-4-cloth-diffusion-silk-white-24x24m-8x8\/\" \/>\n<meta property=\"og:site_name\" content=\"CineSouk\" \/>\n<meta property=\"article:modified_time\" content=\"2026-02-05T13:21:48+00:00\" \/>\n<meta property=\"og:image\" content=\"https:\/\/www.cinesouk.ma\/wp-content\/uploads\/2025\/03\/half-grid-cloth.jpg\" \/>\n\t<meta property=\"og:image:width\" content=\"300\" \/>\n\t<meta property=\"og:image:height\" content=\"238\" \/>\n\t<meta property=\"og:image:type\" content=\"image\/jpeg\" \/>\n<meta name=\"twitter:card\" content=\"summary_large_image\" \/>\n<meta name=\"twitter:description\" content=\"Quarter Grid 1\/4 Cloth Diffusion Silk White \u2013 2.4x2.4m (8\u2019x8\u2019) diffusion panel for soft, even light control in photography and videography with minimal light loss.\" \/>\n<meta name=\"twitter:label1\" content=\"Dur\u00e9e de lecture estim\u00e9e\" \/>\n\t<meta name=\"twitter:data1\" content=\"2 minutes\" \/>\n<script type=\"application\/ld+json\" class=\"yoast-schema-graph\">{\"@context\":\"https:\/\/schema.org\",\"@graph\":[{\"@type\":\"WebPage\",\"@id\":\"https:\/\/www.cinesouk.ma\/product\/quarter-grid-1-4-cloth-diffusion-silk-white-24x24m-8x8\/\",\"url\":\"https:\/\/www.cinesouk.ma\/product\/quarter-grid-1-4-cloth-diffusion-silk-white-24x24m-8x8\/\",\"name\":\"Quarter Grid 1\/4 Cloth Diffusion Silk White - 2,4x2,4m (8\u2019x8\u2019) - CineSouk - For rent\",\"isPartOf\":{\"@id\":\"https:\/\/www.cinesouk.ma\/#website\"},\"primaryImageOfPage\":{\"@id\":\"https:\/\/www.cinesouk.ma\/product\/quarter-grid-1-4-cloth-diffusion-silk-white-24x24m-8x8\/#primaryimage\"},\"image\":{\"@id\":\"https:\/\/www.cinesouk.ma\/product\/quarter-grid-1-4-cloth-diffusion-silk-white-24x24m-8x8\/#primaryimage\"},\"thumbnailUrl\":\"https:\/\/www.cinesouk.ma\/wp-content\/uploads\/2025\/03\/half-grid-cloth.jpg\",\"datePublished\":\"2025-04-08T10:56:17+00:00\",\"dateModified\":\"2026-02-05T13:21:48+00:00\",\"description\":\"Quarter Grid 1\/4 Cloth Diffusion Silk White \u2013 2.4x2.4m (8\u2019x8\u2019) diffusion panel for soft, even light control in photography and videography with minimal light loss.\",\"breadcrumb\":{\"@id\":\"https:\/\/www.cinesouk.ma\/product\/quarter-grid-1-4-cloth-diffusion-silk-white-24x24m-8x8\/#breadcrumb\"},\"inLanguage\":\"fr-FR\",\"potentialAction\":[{\"@type\":\"ReadAction\",\"target\":[\"https:\/\/www.cinesouk.ma\/product\/quarter-grid-1-4-cloth-diffusion-silk-white-24x24m-8x8\/\"]}]},{\"@type\":\"ImageObject\",\"inLanguage\":\"fr-FR\",\"@id\":\"https:\/\/www.cinesouk.ma\/product\/quarter-grid-1-4-cloth-diffusion-silk-white-24x24m-8x8\/#primaryimage\",\"url\":\"https:\/\/www.cinesouk.ma\/wp-content\/uploads\/2025\/03\/half-grid-cloth.jpg\",\"contentUrl\":\"https:\/\/www.cinesouk.ma\/wp-content\/uploads\/2025\/03\/half-grid-cloth.jpg\",\"width\":300,\"height\":238,\"caption\":\"Quarter Grid 1\/4 Cloth Diffusion Silk White\"},{\"@type\":\"BreadcrumbList\",\"@id\":\"https:\/\/www.cinesouk.ma\/product\/quarter-grid-1-4-cloth-diffusion-silk-white-24x24m-8x8\/#breadcrumb\",\"itemListElement\":[{\"@type\":\"ListItem\",\"position\":1,\"name\":\"Home\",\"item\":\"https:\/\/www.cinesouk.ma\/\"},{\"@type\":\"ListItem\",\"position\":2,\"name\":\"Shop\",\"item\":\"https:\/\/www.cinesouk.ma\/shop\/\"},{\"@type\":\"ListItem\",\"position\":3,\"name\":\"Quarter Grid 1\/4 Cloth Diffusion Silk White &#8211; 2,4&#215;2,4m (8\u2019x8\u2019)\"}]},{\"@type\":\"WebSite\",\"@id\":\"https:\/\/www.cinesouk.ma\/#website\",\"url\":\"https:\/\/www.cinesouk.ma\/\",\"name\":\"CineSouk\",\"description\":\"\",\"publisher\":{\"@id\":\"https:\/\/www.cinesouk.ma\/#organization\"},\"potentialAction\":[{\"@type\":\"SearchAction\",\"target\":{\"@type\":\"EntryPoint\",\"urlTemplate\":\"https:\/\/www.cinesouk.ma\/?s={search_term_string}\"},\"query-input\":{\"@type\":\"PropertyValueSpecification\",\"valueRequired\":true,\"valueName\":\"search_term_string\"}}],\"inLanguage\":\"fr-FR\"},{\"@type\":\"Organization\",\"@id\":\"https:\/\/www.cinesouk.ma\/#organization\",\"name\":\"CineSouk\",\"url\":\"https:\/\/www.cinesouk.ma\/\",\"logo\":{\"@type\":\"ImageObject\",\"inLanguage\":\"fr-FR\",\"@id\":\"https:\/\/www.cinesouk.ma\/#\/schema\/logo\/image\/\",\"url\":\"https:\/\/www.cinesouk.ma\/wp-content\/uploads\/2024\/01\/CineSouk-logo-v01-alpha-alligned-left.png\",\"contentUrl\":\"https:\/\/www.cinesouk.ma\/wp-content\/uploads\/2024\/01\/CineSouk-logo-v01-alpha-alligned-left.png\",\"width\":3204,\"height\":889,\"caption\":\"CineSouk\"},\"image\":{\"@id\":\"https:\/\/www.cinesouk.ma\/#\/schema\/logo\/image\/\"}}]}<\/script>\n<!-- \/ Yoast SEO Premium plugin. -->","yoast_head_json":{"title":"Quarter Grid 1\/4 Cloth Diffusion Silk White - 2,4x2,4m (8\u2019x8\u2019) - CineSouk - For rent","description":"Quarter Grid 1\/4 Cloth Diffusion Silk White \u2013 2.4x2.4m (8\u2019x8\u2019) diffusion panel for soft, even light control in photography and videography with minimal light loss.","robots":{"index":"index","follow":"follow","max-snippet":"max-snippet:-1","max-image-preview":"max-image-preview:large","max-video-preview":"max-video-preview:-1"},"canonical":"https:\/\/www.cinesouk.ma\/fr\/produit\/quarter-grid-1-4-cloth-diffusion-silk-white-24x24m-8x8\/","og_locale":"fr_FR","og_type":"article","og_title":"Quarter Grid 1\/4 Cloth Diffusion Silk White - 2,4x2,4m (8\u2019x8\u2019)","og_description":"Quarter Grid 1\/4 Cloth Diffusion Silk White \u2013 2.4x2.4m (8\u2019x8\u2019) diffusion panel for soft, even light control in photography and videography with minimal light loss.","og_url":"https:\/\/www.cinesouk.ma\/fr\/produit\/quarter-grid-1-4-cloth-diffusion-silk-white-24x24m-8x8\/","og_site_name":"CineSouk","article_modified_time":"2026-02-05T13:21:48+00:00","og_image":[{"width":300,"height":238,"url":"https:\/\/www.cinesouk.ma\/wp-content\/uploads\/2025\/03\/half-grid-cloth.jpg","type":"image\/jpeg"}],"twitter_card":"summary_large_image","twitter_description":"Quarter Grid 1\/4 Cloth Diffusion Silk White \u2013 2.4x2.4m (8\u2019x8\u2019) diffusion panel for soft, even light control in photography and videography with minimal light loss.","twitter_misc":{"Dur\u00e9e de lecture estim\u00e9e":"2 minutes"},"schema":{"@context":"https:\/\/schema.org","@graph":[{"@type":"WebPage","@id":"https:\/\/www.cinesouk.ma\/product\/quarter-grid-1-4-cloth-diffusion-silk-white-24x24m-8x8\/","url":"https:\/\/www.cinesouk.ma\/product\/quarter-grid-1-4-cloth-diffusion-silk-white-24x24m-8x8\/","name":"Quarter Grid 1\/4 Cloth Diffusion Silk White - 2,4x2,4m (8\u2019x8\u2019) - CineSouk - For rent","isPartOf":{"@id":"https:\/\/www.cinesouk.ma\/#website"},"primaryImageOfPage":{"@id":"https:\/\/www.cinesouk.ma\/product\/quarter-grid-1-4-cloth-diffusion-silk-white-24x24m-8x8\/#primaryimage"},"image":{"@id":"https:\/\/www.cinesouk.ma\/product\/quarter-grid-1-4-cloth-diffusion-silk-white-24x24m-8x8\/#primaryimage"},"thumbnailUrl":"https:\/\/www.cinesouk.ma\/wp-content\/uploads\/2025\/03\/half-grid-cloth.jpg","datePublished":"2025-04-08T10:56:17+00:00","dateModified":"2026-02-05T13:21:48+00:00","description":"Quarter Grid 1\/4 Cloth Diffusion Silk White \u2013 2.4x2.4m (8\u2019x8\u2019) diffusion panel for soft, even light control in photography and videography with minimal light loss.","breadcrumb":{"@id":"https:\/\/www.cinesouk.ma\/product\/quarter-grid-1-4-cloth-diffusion-silk-white-24x24m-8x8\/#breadcrumb"},"inLanguage":"fr-FR","potentialAction":[{"@type":"ReadAction","target":["https:\/\/www.cinesouk.ma\/product\/quarter-grid-1-4-cloth-diffusion-silk-white-24x24m-8x8\/"]}]},{"@type":"ImageObject","inLanguage":"fr-FR","@id":"https:\/\/www.cinesouk.ma\/product\/quarter-grid-1-4-cloth-diffusion-silk-white-24x24m-8x8\/#primaryimage","url":"https:\/\/www.cinesouk.ma\/wp-content\/uploads\/2025\/03\/half-grid-cloth.jpg","contentUrl":"https:\/\/www.cinesouk.ma\/wp-content\/uploads\/2025\/03\/half-grid-cloth.jpg","width":300,"height":238,"caption":"Quarter Grid 1\/4 Cloth Diffusion Silk White"},{"@type":"BreadcrumbList","@id":"https:\/\/www.cinesouk.ma\/product\/quarter-grid-1-4-cloth-diffusion-silk-white-24x24m-8x8\/#breadcrumb","itemListElement":[{"@type":"ListItem","position":1,"name":"Home","item":"https:\/\/www.cinesouk.ma\/"},{"@type":"ListItem","position":2,"name":"Shop","item":"https:\/\/www.cinesouk.ma\/shop\/"},{"@type":"ListItem","position":3,"name":"Quarter Grid 1\/4 Cloth Diffusion Silk White &#8211; 2,4&#215;2,4m (8\u2019x8\u2019)"}]},{"@type":"WebSite","@id":"https:\/\/www.cinesouk.ma\/#website","url":"https:\/\/www.cinesouk.ma\/","name":"CineSouk","description":"","publisher":{"@id":"https:\/\/www.cinesouk.ma\/#organization"},"potentialAction":[{"@type":"SearchAction","target":{"@type":"EntryPoint","urlTemplate":"https:\/\/www.cinesouk.ma\/?s={search_term_string}"},"query-input":{"@type":"PropertyValueSpecification","valueRequired":true,"valueName":"search_term_string"}}],"inLanguage":"fr-FR"},{"@type":"Organization","@id":"https:\/\/www.cinesouk.ma\/#organization","name":"CineSouk","url":"https:\/\/www.cinesouk.ma\/","logo":{"@type":"ImageObject","inLanguage":"fr-FR","@id":"https:\/\/www.cinesouk.ma\/#\/schema\/logo\/image\/","url":"https:\/\/www.cinesouk.ma\/wp-content\/uploads\/2024\/01\/CineSouk-logo-v01-alpha-alligned-left.png","contentUrl":"https:\/\/www.cinesouk.ma\/wp-content\/uploads\/2024\/01\/CineSouk-logo-v01-alpha-alligned-left.png","width":3204,"height":889,"caption":"CineSouk"},"image":{"@id":"https:\/\/www.cinesouk.ma\/#\/schema\/logo\/image\/"}}]}},"_links":{"self":[{"href":"https:\/\/www.cinesouk.ma\/fr\/wp-json\/wp\/v2\/product\/11829","targetHints":{"allow":["GET"]}}],"collection":[{"href":"https:\/\/www.cinesouk.ma\/fr\/wp-json\/wp\/v2\/product"}],"about":[{"href":"https:\/\/www.cinesouk.ma\/fr\/wp-json\/wp\/v2\/types\/product"}],"wp:featuredmedia":[{"embeddable":true,"href":"https:\/\/www.cinesouk.ma\/fr\/wp-json\/wp\/v2\/media\/11874"}],"wp:attachment":[{"href":"https:\/\/www.cinesouk.ma\/fr\/wp-json\/wp\/v2\/media?parent=11829"}],"wp:term":[{"taxonomy":"product_brand","embeddable":true,"href":"https:\/\/www.cinesouk.ma\/fr\/wp-json\/wp\/v2\/product_brand?post=11829"},{"taxonomy":"product_cat","embeddable":true,"href":"https:\/\/www.cinesouk.ma\/fr\/wp-json\/wp\/v2\/product_cat?post=11829"},{"taxonomy":"product_tag","embeddable":true,"href":"https:\/\/www.cinesouk.ma\/fr\/wp-json\/wp\/v2\/product_tag?post=11829"}],"curies":[{"name":"wp","href":"https:\/\/api.w.org\/{rel}","templated":true}]}}