{"id":11840,"date":"2025-04-08T11:01:05","date_gmt":"2025-04-08T11:01:05","guid":{"rendered":"https:\/\/www.cinesouk.ma\/?post_type=product&#038;p=11840"},"modified":"2026-02-05T13:21:09","modified_gmt":"2026-02-05T13:21:09","slug":"quarter-grid-1-4-cloth-diffusion-silk-white-36x36m-12x12","status":"publish","type":"product","link":"https:\/\/www.cinesouk.ma\/fr\/produit\/quarter-grid-1-4-cloth-diffusion-silk-white-36x36m-12x12\/","title":{"rendered":"Quarter Grid 1\/4 Cloth Diffusion Silk White - 3,6\u00d73,6m (12'x12')"},"content":{"rendered":"<p class=\"\" data-start=\"71\" data-end=\"496\">Le Quarter Grid 1\/4 Cloth Diffusion Silk White (12'x12') est un panneau de diffusion polyvalent de haute qualit\u00e9 con\u00e7u pour les cin\u00e9astes et les photographes qui ont besoin d'un contr\u00f4le pr\u00e9cis de la lumi\u00e8re lors de leurs tournages. D'une taille de 3,6\u00d73,6 m (12'x12'), cette toile offre une couverture \u00e9tendue, ce qui la rend id\u00e9ale pour les grandes installations et les prises de vue de groupe. Elle adoucit la lumi\u00e8re, assurant une diffusion uniforme et naturelle tout en pr\u00e9servant la pr\u00e9cision des couleurs.<\/p>\n<p class=\"\" data-start=\"498\" data-end=\"815\">Gr\u00e2ce \u00e0 son mat\u00e9riau en soie de premi\u00e8re qualit\u00e9, cette toile de diffusion permet d'adoucir les lumi\u00e8res dures et d'\u00e9liminer les ombres dures, ce qui permet d'obtenir un \u00e9clairage doux et \u00e9quilibr\u00e9. Que vous r\u00e9alisiez des portraits, des photographies de produits ou des vid\u00e9os, cette toile permet de modeler la lumi\u00e8re de mani\u00e8re optimale, garantissant ainsi un rendu professionnel.<\/p>\n<p class=\"\" data-start=\"817\" data-end=\"1071\">De plus, la toile est l\u00e9g\u00e8re et facile \u00e0 manipuler, ce qui permet de la monter facilement sur des cadres ou avec du mat\u00e9riel de pr\u00e9hension. La surface en soie blanche offre un rendu naturel des couleurs, ce qui permet de conserver les couleurs de votre sc\u00e8ne tout en adoucissant la lumi\u00e8re.<\/p>\n<h3 class=\"\" data-start=\"1073\" data-end=\"1137\"><strong data-start=\"1077\" data-end=\"1137\">Pourquoi choisir le Quarter Grid 1\/4 Cloth Diffusion Silk White ?<\/strong><\/h3>\n<p class=\"\" data-start=\"1139\" data-end=\"1443\">Cette toile de diffusion est parfaite pour les professionnels qui ont besoin d'un contr\u00f4le de la lumi\u00e8re de haute qualit\u00e9 pour des installations plus importantes. Gr\u00e2ce \u00e0 sa construction durable et \u00e0 sa grande taille, la toile de diffusion Quarter Grid 1\/4 Cloth Silk White est con\u00e7ue pour fournir une lumi\u00e8re homog\u00e8ne et douce pour toute une s\u00e9rie de sc\u00e9narios de prise de vue.<\/p>\n<h3 class=\"\" data-start=\"1445\" data-end=\"1465\"><strong data-start=\"1449\" data-end=\"1465\">Caract\u00e9ristiques principales<\/strong><\/h3>\n<ul data-start=\"1467\" data-end=\"1980\">\n<li class=\"\" data-start=\"1467\" data-end=\"1585\">\n<p class=\"\" data-start=\"1469\" data-end=\"1585\"><strong data-start=\"1469\" data-end=\"1495\">Soie de premi\u00e8re qualit\u00e9 Mati\u00e8re :<\/strong> Fournit <strong data-start=\"1505\" data-end=\"1523\">diffusion homog\u00e8ne<\/strong> avec une perte de lumi\u00e8re minimale, ce qui garantit <strong data-start=\"1558\" data-end=\"1582\">qualit\u00e9 de lumi\u00e8re douce<\/strong>.<\/p>\n<\/li>\n<li class=\"\" data-start=\"1586\" data-end=\"1665\">\n<p class=\"\" data-start=\"1588\" data-end=\"1665\"><strong data-start=\"1588\" data-end=\"1603\">Grande taille :<\/strong> <strong data-start=\"1604\" data-end=\"1626\">3,6\u00d73,6m (12'x12')<\/strong> pour <strong data-start=\"1631\" data-end=\"1662\">les installations d'\u00e9clairage \u00e0 grande \u00e9chelle<\/strong>.<\/p>\n<\/li>\n<li class=\"\" data-start=\"1666\" data-end=\"1766\">\n<p class=\"\" data-start=\"1668\" data-end=\"1766\"><strong data-start=\"1668\" data-end=\"1686\">Adoucit la lumi\u00e8re :<\/strong> R\u00e9duit les ombres dures et fournit une <strong data-start=\"1724\" data-end=\"1763\">effet de lumi\u00e8re \u00e9quilibr\u00e9 et professionnel<\/strong>.<\/p>\n<\/li>\n<li class=\"\" data-start=\"1767\" data-end=\"1855\">\n<p class=\"\" data-start=\"1769\" data-end=\"1855\"><strong data-start=\"1769\" data-end=\"1798\">L\u00e9ger et portable :<\/strong> Facile \u00e0 transporter et \u00e0 manipuler pour <strong data-start=\"1832\" data-end=\"1852\">les prises de vue sur le pouce<\/strong>.<\/p>\n<\/li>\n<li class=\"\" data-start=\"1856\" data-end=\"1980\">\n<p class=\"\" data-start=\"1858\" data-end=\"1980\"><strong data-start=\"1858\" data-end=\"1898\">Polyvalent pour de multiples applications :<\/strong> Convient pour <strong data-start=\"1912\" data-end=\"1979\">photographie de portrait, production vid\u00e9o, prises de vue en studio, etc.<\/strong>.<\/p>\n<\/li>\n<\/ul>\n<h3 class=\"\" data-start=\"1982\" data-end=\"2004\"><strong data-start=\"1986\" data-end=\"2004\">Sp\u00e9cifications<\/strong><\/h3>\n<ul data-start=\"2006\" data-end=\"2205\">\n<li class=\"\" data-start=\"2006\" data-end=\"2028\">\n<p class=\"\" data-start=\"2008\" data-end=\"2028\"><strong data-start=\"2008\" data-end=\"2021\">Mat\u00e9riau :<\/strong> Soie<\/p>\n<\/li>\n<li class=\"\" data-start=\"2029\" data-end=\"2061\">\n<p class=\"\" data-start=\"2031\" data-end=\"2061\"><strong data-start=\"2031\" data-end=\"2040\">Taille :<\/strong> 3,6\u00d73,6m (12'x12')<\/p>\n<\/li>\n<li class=\"\" data-start=\"2062\" data-end=\"2099\">\n<p class=\"\" data-start=\"2064\" data-end=\"2099\"><strong data-start=\"2064\" data-end=\"2083\">Type de diffusion :<\/strong> Quart de grille 1\/4<\/p>\n<\/li>\n<li class=\"\" data-start=\"2100\" data-end=\"2120\">\n<p class=\"\" data-start=\"2102\" data-end=\"2120\"><strong data-start=\"2102\" data-end=\"2112\">Couleur :<\/strong> Blanc<\/p>\n<\/li>\n<li class=\"\" data-start=\"2121\" data-end=\"2205\">\n<p class=\"\" data-start=\"2123\" data-end=\"2205\"><strong data-start=\"2123\" data-end=\"2140\">Applications :<\/strong> <strong data-start=\"2141\" data-end=\"2203\">Photographie, vid\u00e9ographie et production de films professionnels<\/strong><\/p>\n<\/li>\n<\/ul>\n<p class=\"\" data-start=\"2207\" data-end=\"2535\">Le Quarter Grid 1\/4 Cloth Diffusion Silk White - 3.6\u00d73.6m (12'x12') est un outil indispensable pour les cin\u00e9astes et les photographes qui ont besoin d'une lumi\u00e8re homog\u00e8ne et douce sur des installations plus importantes. Avec sa conception fiable, ses excellentes propri\u00e9t\u00e9s de diffusion et sa polyvalence, il garantit un \u00e9clairage de haute qualit\u00e9 pour toute production.<\/p>\n<p>Louez-le maintenant sur <a href=\"https:\/\/www.cinesouk.ma\/fr\">CINESOUK<\/a> - une marque de <a href=\"https:\/\/www.broadway.ma\/\">BROADWAY PRODUCTIONS SARL.<\/a><\/p>","protected":false},"excerpt":{"rendered":"<p><strong>Sp\u00e9cifications<\/strong><\/p>\n<ul>\n<li class=\"\" data-start=\"2006\" data-end=\"2028\">\n<p class=\"\" data-start=\"2008\" data-end=\"2028\"><strong data-start=\"2008\" data-end=\"2021\">Mat\u00e9riau :<\/strong> Soie<\/p>\n<\/li>\n<li class=\"\" data-start=\"2006\" data-end=\"2028\">\n<p class=\"\" data-start=\"2008\" data-end=\"2028\"><strong data-start=\"2031\" data-end=\"2040\">Taille :<\/strong> 3,6\u00d73,6m (12'x12')<\/p>\n<\/li>\n<li class=\"\" data-start=\"2062\" data-end=\"2099\">\n<p class=\"\" data-start=\"2064\" data-end=\"2099\"><strong data-start=\"2064\" data-end=\"2083\">Type de diffusion :<\/strong> Quart de grille 1\/4<\/p>\n<\/li>\n<li class=\"\" data-start=\"2100\" data-end=\"2120\">\n<p class=\"\" data-start=\"2102\" data-end=\"2120\"><strong data-start=\"2102\" data-end=\"2112\">Couleur :<\/strong> Blanc<\/p>\n<\/li>\n<li class=\"\" data-start=\"2100\" data-end=\"2120\">\n<p class=\"\" data-start=\"2102\" data-end=\"2120\"><strong data-start=\"2123\" data-end=\"2140\">Applications :<\/strong> <strong data-start=\"2141\" data-end=\"2203\">Photographie, vid\u00e9ographie et production de films professionnels<\/strong><\/p>\n<\/li>\n<\/ul>","protected":false},"featured_media":11874,"template":"","meta":{"om_disable_all_campaigns":false,"_monsterinsights_skip_tracking":false,"_monsterinsights_sitenote_active":false,"_monsterinsights_sitenote_note":"","_monsterinsights_sitenote_category":0,"_uf_show_specific_survey":0,"_uf_disable_surveys":false},"product_brand":[],"product_cat":[91],"product_tag":[],"class_list":{"0":"post-11840","1":"product","2":"type-product","3":"status-publish","4":"has-post-thumbnail","6":"product_cat-fabrics-and-bounces-cinesouk","8":"entry","9":"has-media","11":"first","12":"instock","13":"taxable","14":"shipping-taxable","15":"purchasable","16":"product-type-variable","17":"has-product-nav","18":"col","19":"span_1_of_3","20":"owp-content-center","21":"owp-thumbs-layout-horizontal","22":"owp-btn-normal","23":"owp-tabs-layout-horizontal","24":"has-no-thumbnails"},"yoast_head":"<!-- This site is optimized with the Yoast SEO Premium plugin v26.0 (Yoast SEO v26.0) - https:\/\/yoast.com\/wordpress\/plugins\/seo\/ -->\n<title>Quarter Grid 1\/4 Cloth Diffusion Silk White - 3,6x3,6m (12\u2019x12\u2019) - CineSouk - For rent<\/title>\n<meta name=\"description\" content=\"Quarter Grid 1\/4 Cloth Diffusion Silk White \u2013 3.6x3.6m (12\u2019x12\u2019) diffusion panel for soft, even light control, ideal for large-scale shoots in photography and videography.\" \/>\n<meta name=\"robots\" content=\"index, follow, max-snippet:-1, max-image-preview:large, max-video-preview:-1\" \/>\n<link rel=\"canonical\" href=\"https:\/\/www.cinesouk.ma\/fr\/produit\/quarter-grid-1-4-cloth-diffusion-silk-white-36x36m-12x12\/\" \/>\n<meta property=\"og:locale\" content=\"fr_FR\" \/>\n<meta property=\"og:type\" content=\"article\" \/>\n<meta property=\"og:title\" content=\"Quarter Grid 1\/4 Cloth Diffusion Silk White - 3,6x3,6m (12\u2019x12\u2019)\" \/>\n<meta property=\"og:description\" content=\"Quarter Grid 1\/4 Cloth Diffusion Silk White \u2013 3.6x3.6m (12\u2019x12\u2019) diffusion panel for soft, even light control, ideal for large-scale shoots in photography and videography.\" \/>\n<meta property=\"og:url\" content=\"https:\/\/www.cinesouk.ma\/fr\/produit\/quarter-grid-1-4-cloth-diffusion-silk-white-36x36m-12x12\/\" \/>\n<meta property=\"og:site_name\" content=\"CineSouk\" \/>\n<meta property=\"article:modified_time\" content=\"2026-02-05T13:21:09+00:00\" \/>\n<meta property=\"og:image\" content=\"https:\/\/www.cinesouk.ma\/wp-content\/uploads\/2025\/03\/half-grid-cloth.jpg\" \/>\n\t<meta property=\"og:image:width\" content=\"300\" \/>\n\t<meta property=\"og:image:height\" content=\"238\" \/>\n\t<meta property=\"og:image:type\" content=\"image\/jpeg\" \/>\n<meta name=\"twitter:card\" content=\"summary_large_image\" \/>\n<meta name=\"twitter:description\" content=\"Quarter Grid 1\/4 Cloth Diffusion Silk White \u2013 3.6x3.6m (12\u2019x12\u2019) diffusion panel for soft, even light control, ideal for large-scale shoots in photography and videography.\" \/>\n<meta name=\"twitter:label1\" content=\"Dur\u00e9e de lecture estim\u00e9e\" \/>\n\t<meta name=\"twitter:data1\" content=\"2 minutes\" \/>\n<script type=\"application\/ld+json\" class=\"yoast-schema-graph\">{\"@context\":\"https:\/\/schema.org\",\"@graph\":[{\"@type\":\"WebPage\",\"@id\":\"https:\/\/www.cinesouk.ma\/product\/quarter-grid-1-4-cloth-diffusion-silk-white-36x36m-12x12\/\",\"url\":\"https:\/\/www.cinesouk.ma\/product\/quarter-grid-1-4-cloth-diffusion-silk-white-36x36m-12x12\/\",\"name\":\"Quarter Grid 1\/4 Cloth Diffusion Silk White - 3,6x3,6m (12\u2019x12\u2019) - CineSouk - For rent\",\"isPartOf\":{\"@id\":\"https:\/\/www.cinesouk.ma\/#website\"},\"primaryImageOfPage\":{\"@id\":\"https:\/\/www.cinesouk.ma\/product\/quarter-grid-1-4-cloth-diffusion-silk-white-36x36m-12x12\/#primaryimage\"},\"image\":{\"@id\":\"https:\/\/www.cinesouk.ma\/product\/quarter-grid-1-4-cloth-diffusion-silk-white-36x36m-12x12\/#primaryimage\"},\"thumbnailUrl\":\"https:\/\/www.cinesouk.ma\/wp-content\/uploads\/2025\/03\/half-grid-cloth.jpg\",\"datePublished\":\"2025-04-08T11:01:05+00:00\",\"dateModified\":\"2026-02-05T13:21:09+00:00\",\"description\":\"Quarter Grid 1\/4 Cloth Diffusion Silk White \u2013 3.6x3.6m (12\u2019x12\u2019) diffusion panel for soft, even light control, ideal for large-scale shoots in photography and videography.\",\"breadcrumb\":{\"@id\":\"https:\/\/www.cinesouk.ma\/product\/quarter-grid-1-4-cloth-diffusion-silk-white-36x36m-12x12\/#breadcrumb\"},\"inLanguage\":\"fr-FR\",\"potentialAction\":[{\"@type\":\"ReadAction\",\"target\":[\"https:\/\/www.cinesouk.ma\/product\/quarter-grid-1-4-cloth-diffusion-silk-white-36x36m-12x12\/\"]}]},{\"@type\":\"ImageObject\",\"inLanguage\":\"fr-FR\",\"@id\":\"https:\/\/www.cinesouk.ma\/product\/quarter-grid-1-4-cloth-diffusion-silk-white-36x36m-12x12\/#primaryimage\",\"url\":\"https:\/\/www.cinesouk.ma\/wp-content\/uploads\/2025\/03\/half-grid-cloth.jpg\",\"contentUrl\":\"https:\/\/www.cinesouk.ma\/wp-content\/uploads\/2025\/03\/half-grid-cloth.jpg\",\"width\":300,\"height\":238,\"caption\":\"Quarter Grid 1\/4 Cloth Diffusion Silk White\"},{\"@type\":\"BreadcrumbList\",\"@id\":\"https:\/\/www.cinesouk.ma\/product\/quarter-grid-1-4-cloth-diffusion-silk-white-36x36m-12x12\/#breadcrumb\",\"itemListElement\":[{\"@type\":\"ListItem\",\"position\":1,\"name\":\"Home\",\"item\":\"https:\/\/www.cinesouk.ma\/\"},{\"@type\":\"ListItem\",\"position\":2,\"name\":\"Shop\",\"item\":\"https:\/\/www.cinesouk.ma\/shop\/\"},{\"@type\":\"ListItem\",\"position\":3,\"name\":\"Quarter Grid 1\/4 Cloth Diffusion Silk White &#8211; 3,6&#215;3,6m (12\u2019x12\u2019)\"}]},{\"@type\":\"WebSite\",\"@id\":\"https:\/\/www.cinesouk.ma\/#website\",\"url\":\"https:\/\/www.cinesouk.ma\/\",\"name\":\"CineSouk\",\"description\":\"\",\"publisher\":{\"@id\":\"https:\/\/www.cinesouk.ma\/#organization\"},\"potentialAction\":[{\"@type\":\"SearchAction\",\"target\":{\"@type\":\"EntryPoint\",\"urlTemplate\":\"https:\/\/www.cinesouk.ma\/?s={search_term_string}\"},\"query-input\":{\"@type\":\"PropertyValueSpecification\",\"valueRequired\":true,\"valueName\":\"search_term_string\"}}],\"inLanguage\":\"fr-FR\"},{\"@type\":\"Organization\",\"@id\":\"https:\/\/www.cinesouk.ma\/#organization\",\"name\":\"CineSouk\",\"url\":\"https:\/\/www.cinesouk.ma\/\",\"logo\":{\"@type\":\"ImageObject\",\"inLanguage\":\"fr-FR\",\"@id\":\"https:\/\/www.cinesouk.ma\/#\/schema\/logo\/image\/\",\"url\":\"https:\/\/www.cinesouk.ma\/wp-content\/uploads\/2024\/01\/CineSouk-logo-v01-alpha-alligned-left.png\",\"contentUrl\":\"https:\/\/www.cinesouk.ma\/wp-content\/uploads\/2024\/01\/CineSouk-logo-v01-alpha-alligned-left.png\",\"width\":3204,\"height\":889,\"caption\":\"CineSouk\"},\"image\":{\"@id\":\"https:\/\/www.cinesouk.ma\/#\/schema\/logo\/image\/\"}}]}<\/script>\n<!-- \/ Yoast SEO Premium plugin. -->","yoast_head_json":{"title":"Quarter Grid 1\/4 Cloth Diffusion Silk White - 3,6x3,6m (12\u2019x12\u2019) - CineSouk - For rent","description":"Quarter Grid 1\/4 Cloth Diffusion Silk White \u2013 3.6x3.6m (12\u2019x12\u2019) diffusion panel for soft, even light control, ideal for large-scale shoots in photography and videography.","robots":{"index":"index","follow":"follow","max-snippet":"max-snippet:-1","max-image-preview":"max-image-preview:large","max-video-preview":"max-video-preview:-1"},"canonical":"https:\/\/www.cinesouk.ma\/fr\/produit\/quarter-grid-1-4-cloth-diffusion-silk-white-36x36m-12x12\/","og_locale":"fr_FR","og_type":"article","og_title":"Quarter Grid 1\/4 Cloth Diffusion Silk White - 3,6x3,6m (12\u2019x12\u2019)","og_description":"Quarter Grid 1\/4 Cloth Diffusion Silk White \u2013 3.6x3.6m (12\u2019x12\u2019) diffusion panel for soft, even light control, ideal for large-scale shoots in photography and videography.","og_url":"https:\/\/www.cinesouk.ma\/fr\/produit\/quarter-grid-1-4-cloth-diffusion-silk-white-36x36m-12x12\/","og_site_name":"CineSouk","article_modified_time":"2026-02-05T13:21:09+00:00","og_image":[{"width":300,"height":238,"url":"https:\/\/www.cinesouk.ma\/wp-content\/uploads\/2025\/03\/half-grid-cloth.jpg","type":"image\/jpeg"}],"twitter_card":"summary_large_image","twitter_description":"Quarter Grid 1\/4 Cloth Diffusion Silk White \u2013 3.6x3.6m (12\u2019x12\u2019) diffusion panel for soft, even light control, ideal for large-scale shoots in photography and videography.","twitter_misc":{"Dur\u00e9e de lecture estim\u00e9e":"2 minutes"},"schema":{"@context":"https:\/\/schema.org","@graph":[{"@type":"WebPage","@id":"https:\/\/www.cinesouk.ma\/product\/quarter-grid-1-4-cloth-diffusion-silk-white-36x36m-12x12\/","url":"https:\/\/www.cinesouk.ma\/product\/quarter-grid-1-4-cloth-diffusion-silk-white-36x36m-12x12\/","name":"Quarter Grid 1\/4 Cloth Diffusion Silk White - 3,6x3,6m (12\u2019x12\u2019) - CineSouk - For rent","isPartOf":{"@id":"https:\/\/www.cinesouk.ma\/#website"},"primaryImageOfPage":{"@id":"https:\/\/www.cinesouk.ma\/product\/quarter-grid-1-4-cloth-diffusion-silk-white-36x36m-12x12\/#primaryimage"},"image":{"@id":"https:\/\/www.cinesouk.ma\/product\/quarter-grid-1-4-cloth-diffusion-silk-white-36x36m-12x12\/#primaryimage"},"thumbnailUrl":"https:\/\/www.cinesouk.ma\/wp-content\/uploads\/2025\/03\/half-grid-cloth.jpg","datePublished":"2025-04-08T11:01:05+00:00","dateModified":"2026-02-05T13:21:09+00:00","description":"Quarter Grid 1\/4 Cloth Diffusion Silk White \u2013 3.6x3.6m (12\u2019x12\u2019) diffusion panel for soft, even light control, ideal for large-scale shoots in photography and videography.","breadcrumb":{"@id":"https:\/\/www.cinesouk.ma\/product\/quarter-grid-1-4-cloth-diffusion-silk-white-36x36m-12x12\/#breadcrumb"},"inLanguage":"fr-FR","potentialAction":[{"@type":"ReadAction","target":["https:\/\/www.cinesouk.ma\/product\/quarter-grid-1-4-cloth-diffusion-silk-white-36x36m-12x12\/"]}]},{"@type":"ImageObject","inLanguage":"fr-FR","@id":"https:\/\/www.cinesouk.ma\/product\/quarter-grid-1-4-cloth-diffusion-silk-white-36x36m-12x12\/#primaryimage","url":"https:\/\/www.cinesouk.ma\/wp-content\/uploads\/2025\/03\/half-grid-cloth.jpg","contentUrl":"https:\/\/www.cinesouk.ma\/wp-content\/uploads\/2025\/03\/half-grid-cloth.jpg","width":300,"height":238,"caption":"Quarter Grid 1\/4 Cloth Diffusion Silk White"},{"@type":"BreadcrumbList","@id":"https:\/\/www.cinesouk.ma\/product\/quarter-grid-1-4-cloth-diffusion-silk-white-36x36m-12x12\/#breadcrumb","itemListElement":[{"@type":"ListItem","position":1,"name":"Home","item":"https:\/\/www.cinesouk.ma\/"},{"@type":"ListItem","position":2,"name":"Shop","item":"https:\/\/www.cinesouk.ma\/shop\/"},{"@type":"ListItem","position":3,"name":"Quarter Grid 1\/4 Cloth Diffusion Silk White &#8211; 3,6&#215;3,6m (12\u2019x12\u2019)"}]},{"@type":"WebSite","@id":"https:\/\/www.cinesouk.ma\/#website","url":"https:\/\/www.cinesouk.ma\/","name":"CineSouk","description":"","publisher":{"@id":"https:\/\/www.cinesouk.ma\/#organization"},"potentialAction":[{"@type":"SearchAction","target":{"@type":"EntryPoint","urlTemplate":"https:\/\/www.cinesouk.ma\/?s={search_term_string}"},"query-input":{"@type":"PropertyValueSpecification","valueRequired":true,"valueName":"search_term_string"}}],"inLanguage":"fr-FR"},{"@type":"Organization","@id":"https:\/\/www.cinesouk.ma\/#organization","name":"CineSouk","url":"https:\/\/www.cinesouk.ma\/","logo":{"@type":"ImageObject","inLanguage":"fr-FR","@id":"https:\/\/www.cinesouk.ma\/#\/schema\/logo\/image\/","url":"https:\/\/www.cinesouk.ma\/wp-content\/uploads\/2024\/01\/CineSouk-logo-v01-alpha-alligned-left.png","contentUrl":"https:\/\/www.cinesouk.ma\/wp-content\/uploads\/2024\/01\/CineSouk-logo-v01-alpha-alligned-left.png","width":3204,"height":889,"caption":"CineSouk"},"image":{"@id":"https:\/\/www.cinesouk.ma\/#\/schema\/logo\/image\/"}}]}},"_links":{"self":[{"href":"https:\/\/www.cinesouk.ma\/fr\/wp-json\/wp\/v2\/product\/11840","targetHints":{"allow":["GET"]}}],"collection":[{"href":"https:\/\/www.cinesouk.ma\/fr\/wp-json\/wp\/v2\/product"}],"about":[{"href":"https:\/\/www.cinesouk.ma\/fr\/wp-json\/wp\/v2\/types\/product"}],"wp:featuredmedia":[{"embeddable":true,"href":"https:\/\/www.cinesouk.ma\/fr\/wp-json\/wp\/v2\/media\/11874"}],"wp:attachment":[{"href":"https:\/\/www.cinesouk.ma\/fr\/wp-json\/wp\/v2\/media?parent=11840"}],"wp:term":[{"taxonomy":"product_brand","embeddable":true,"href":"https:\/\/www.cinesouk.ma\/fr\/wp-json\/wp\/v2\/product_brand?post=11840"},{"taxonomy":"product_cat","embeddable":true,"href":"https:\/\/www.cinesouk.ma\/fr\/wp-json\/wp\/v2\/product_cat?post=11840"},{"taxonomy":"product_tag","embeddable":true,"href":"https:\/\/www.cinesouk.ma\/fr\/wp-json\/wp\/v2\/product_tag?post=11840"}],"curies":[{"name":"wp","href":"https:\/\/api.w.org\/{rel}","templated":true}]}}