{"id":11851,"date":"2025-04-08T11:03:57","date_gmt":"2025-04-08T11:03:57","guid":{"rendered":"https:\/\/www.cinesouk.ma\/?post_type=product&#038;p=11851"},"modified":"2026-02-05T13:20:49","modified_gmt":"2026-02-05T13:20:49","slug":"golden-silver-cloth-2-in-one-24x24m-8x8","status":"publish","type":"product","link":"https:\/\/www.cinesouk.ma\/fr\/produit\/golden-silver-cloth-2-in-one-24x24m-8x8\/","title":{"rendered":"Toile dor\u00e9e\/argent\u00e9e 2 en 1 - 2,4\u00d72,4m (8'x8')"},"content":{"rendered":"<p class=\"\" data-start=\"59\" data-end=\"413\">La toile Golden\/Silver Cloth 2-in-One est un tissu r\u00e9flecteur polyvalent qui offre deux effets d'\u00e9clairage distincts en un seul panneau facile \u00e0 utiliser. Gr\u00e2ce \u00e0 sa conception double face, vous pouvez rapidement passer du r\u00e9flecteur dor\u00e9 au r\u00e9flecteur argent\u00e9, ce qui en fait un choix id\u00e9al pour la photographie de portrait, les tournages vid\u00e9o et les installations de studio.<\/p>\n<p class=\"\" data-start=\"415\" data-end=\"736\">D'un c\u00f4t\u00e9, la surface dor\u00e9e offre une lumi\u00e8re chaude et douce qui convient parfaitement aux tons de peau, cr\u00e9ant un \u00e9clat flatteur et naturel. De l'autre c\u00f4t\u00e9, la surface argent\u00e9e offre une r\u00e9flexion plus froide et plus intense, parfaite pour \u00e9claircir les ombres et ajouter du contraste \u00e0 vos prises de vue.<\/p>\n<p class=\"\" data-start=\"738\" data-end=\"1037\">Avec ses dimensions de 2,4 x 2,4 m (8 pi x 8 pi), cette toile est suffisamment grande pour \u00eatre utilis\u00e9e \u00e0 diverses fins, que vous travailliez avec des sujets individuels ou de grands groupes. En outre, elle est l\u00e9g\u00e8re et pliable, ce qui la rend facile \u00e0 ranger et \u00e0 transporter. Elle est donc id\u00e9ale pour les professionnels en d\u00e9placement.<\/p>\n<h3 class=\"\" data-start=\"1039\" data-end=\"1093\"><strong data-start=\"1043\" data-end=\"1091\">Pourquoi choisir le chiffon dor\u00e9\/argent\u00e9 2-en-un ?<\/strong><\/h3>\n<p class=\"\" data-start=\"1095\" data-end=\"1368\">Ce tissu r\u00e9flecteur est id\u00e9al pour les photographes et les vid\u00e9astes qui ont besoin de plusieurs options d'\u00e9clairage en un seul outil pratique. Que vous souhaitiez ajouter de la chaleur ou de la luminosit\u00e9 \u00e0 vos prises de vue, ce tissu offre un excellent contr\u00f4le de la lumi\u00e8re et une grande polyvalence.<\/p>\n<h3 class=\"\" data-start=\"1370\" data-end=\"1392\"><strong data-start=\"1374\" data-end=\"1390\">Caract\u00e9ristiques principales<\/strong><\/h3>\n<ul data-start=\"1394\" data-end=\"1987\">\n<li class=\"\" data-start=\"1394\" data-end=\"1555\">\n<p class=\"\" data-start=\"1396\" data-end=\"1555\"><strong data-start=\"1396\" data-end=\"1418\">Conception double face :<\/strong> Un c\u00f4t\u00e9 a <strong data-start=\"1432\" data-end=\"1440\">l'or<\/strong> pour <strong data-start=\"1445\" data-end=\"1476\">chaleur et lumi\u00e8re flatteuse<\/strong>, tandis que l'autre c\u00f4t\u00e9 pr\u00e9sente <strong data-start=\"1508\" data-end=\"1518\">argent<\/strong> pour un <strong data-start=\"1525\" data-end=\"1552\">r\u00e9flexion froide et lumineuse<\/strong>.<\/p>\n<\/li>\n<li class=\"\" data-start=\"1556\" data-end=\"1638\">\n<p class=\"\" data-start=\"1558\" data-end=\"1638\"><strong data-start=\"1558\" data-end=\"1573\">Grande taille :<\/strong> <strong data-start=\"1574\" data-end=\"1594\">2,4\u00d72,4m (8'x8')<\/strong> pour <strong data-start=\"1599\" data-end=\"1635\">utilisation flexible dans diff\u00e9rentes configurations<\/strong>.<\/p>\n<\/li>\n<li class=\"\" data-start=\"1639\" data-end=\"1764\">\n<p class=\"\" data-start=\"1641\" data-end=\"1764\"><strong data-start=\"1641\" data-end=\"1668\">L\u00e9ger et portable :<\/strong> <strong data-start=\"1669\" data-end=\"1693\">Facilement transportable<\/strong> et <strong data-start=\"1698\" data-end=\"1717\">mise en place rapide<\/strong>Il s'agit donc d'une solution id\u00e9ale pour <strong data-start=\"1739\" data-end=\"1761\">prises de vue sur place<\/strong>.<\/p>\n<\/li>\n<li class=\"\" data-start=\"1765\" data-end=\"1854\">\n<p class=\"\" data-start=\"1767\" data-end=\"1854\"><strong data-start=\"1767\" data-end=\"1792\">Construction durable :<\/strong> Fabriqu\u00e9 avec <strong data-start=\"1803\" data-end=\"1826\">tissu de haute qualit\u00e9<\/strong> pour <strong data-start=\"1831\" data-end=\"1851\">utilisation durable<\/strong>.<\/p>\n<\/li>\n<li class=\"\" data-start=\"1855\" data-end=\"1987\">\n<p class=\"\" data-start=\"1857\" data-end=\"1987\"><strong data-start=\"1857\" data-end=\"1884\">Applications polyvalentes :<\/strong> Parfait pour <strong data-start=\"1897\" data-end=\"1954\">photographie de portrait, production vid\u00e9o, prises de vue de produits<\/strong>et <strong data-start=\"1960\" data-end=\"1986\">les installations d'\u00e9clairage de studio<\/strong>.<\/p>\n<\/li>\n<\/ul>\n<h3 class=\"\" data-start=\"1989\" data-end=\"2013\"><strong data-start=\"1993\" data-end=\"2011\">Sp\u00e9cifications<\/strong><\/h3>\n<ul data-start=\"2015\" data-end=\"2248\">\n<li class=\"\" data-start=\"2015\" data-end=\"2052\">\n<p class=\"\" data-start=\"2017\" data-end=\"2052\"><strong data-start=\"2017\" data-end=\"2030\">Mat\u00e9riau :<\/strong> Tissu de haute qualit\u00e9<\/p>\n<\/li>\n<li class=\"\" data-start=\"2053\" data-end=\"2083\">\n<p class=\"\" data-start=\"2055\" data-end=\"2083\"><strong data-start=\"2055\" data-end=\"2064\">Taille :<\/strong> 2,4\u00d72,4m (8'x8')<\/p>\n<\/li>\n<li class=\"\" data-start=\"2084\" data-end=\"2136\">\n<p class=\"\" data-start=\"2086\" data-end=\"2136\"><strong data-start=\"2086\" data-end=\"2104\">Options de couleur :<\/strong> Or (chaud) et argent (froid)<\/p>\n<\/li>\n<li class=\"\" data-start=\"2137\" data-end=\"2248\">\n<p class=\"\" data-start=\"2139\" data-end=\"2248\"><strong data-start=\"2139\" data-end=\"2156\">Applications :<\/strong> <strong data-start=\"2157\" data-end=\"2217\">Photographie de portrait, production vid\u00e9o, contr\u00f4le de l'\u00e9clairage<\/strong>et <strong data-start=\"2223\" data-end=\"2246\">travail g\u00e9n\u00e9ral en studio<\/strong><\/p>\n<\/li>\n<\/ul>\n<p class=\"\" data-start=\"2250\" data-end=\"2531\">La toile Golden\/Silver Cloth 2-en-One est un accessoire d'\u00e9clairage essentiel pour les cin\u00e9astes et les photographes qui ont besoin d'un contr\u00f4le de la lumi\u00e8re flexible et de haute qualit\u00e9. Gr\u00e2ce \u00e0 ses surfaces \u00e0 double r\u00e9flexion, il assure une mise en forme coh\u00e9rente de la lumi\u00e8re pour une vari\u00e9t\u00e9 de besoins de prise de vue.<\/p>\n<p>Louez-le maintenant sur <a href=\"https:\/\/www.cinesouk.ma\/fr\">CINESOUK<\/a> - une marque de <a href=\"https:\/\/www.broadway.ma\/\">BROADWAY PRODUCTIONS SARL.<\/a><\/p>","protected":false},"excerpt":{"rendered":"<p><strong>Sp\u00e9cifications<\/strong><\/p>\n<ul>\n<li class=\"\" data-start=\"2015\" data-end=\"2052\">\n<p class=\"\" data-start=\"2017\" data-end=\"2052\"><strong data-start=\"2017\" data-end=\"2030\">Mat\u00e9riau :<\/strong> Tissu de haute qualit\u00e9<\/p>\n<\/li>\n<li class=\"\" data-start=\"2053\" data-end=\"2083\">\n<p class=\"\" data-start=\"2055\" data-end=\"2083\"><strong data-start=\"2055\" data-end=\"2064\">Taille :<\/strong> 2,4\u00d72,4m (8'x8')<\/p>\n<\/li>\n<li class=\"\" data-start=\"2084\" data-end=\"2136\">\n<p class=\"\" data-start=\"2086\" data-end=\"2136\"><strong data-start=\"2086\" data-end=\"2104\">Options de couleur :<\/strong> Or (chaud) et argent (froid)<\/p>\n<\/li>\n<li class=\"\" data-start=\"2137\" data-end=\"2248\">\n<p class=\"\" data-start=\"2139\" data-end=\"2248\"><strong data-start=\"2139\" data-end=\"2156\">Applications :<\/strong> <strong data-start=\"2157\" data-end=\"2217\">Photographie de portrait, production vid\u00e9o, contr\u00f4le de l'\u00e9clairage<\/strong>et <strong data-start=\"2223\" data-end=\"2246\">travail g\u00e9n\u00e9ral en studio<\/strong><\/p>\n<\/li>\n<\/ul>","protected":false},"featured_media":11873,"template":"","meta":{"om_disable_all_campaigns":false,"_monsterinsights_skip_tracking":false,"_monsterinsights_sitenote_active":false,"_monsterinsights_sitenote_note":"","_monsterinsights_sitenote_category":0,"_uf_show_specific_survey":0,"_uf_disable_surveys":false},"product_brand":[],"product_cat":[91],"product_tag":[],"class_list":{"0":"post-11851","1":"product","2":"type-product","3":"status-publish","4":"has-post-thumbnail","6":"product_cat-fabrics-and-bounces-cinesouk","8":"entry","9":"has-media","11":"first","12":"instock","13":"taxable","14":"shipping-taxable","15":"purchasable","16":"product-type-variable","17":"has-product-nav","18":"col","19":"span_1_of_3","20":"owp-content-center","21":"owp-thumbs-layout-horizontal","22":"owp-btn-normal","23":"owp-tabs-layout-horizontal","24":"has-no-thumbnails"},"yoast_head":"<!-- This site is optimized with the Yoast SEO Premium plugin v26.0 (Yoast SEO v26.0) - https:\/\/yoast.com\/wordpress\/plugins\/seo\/ -->\n<title>Golden\/Silver Cloth 2 in one - 2,4x2,4m (8\u2019x8\u2019) - CineSouk - For rent<\/title>\n<meta name=\"description\" content=\"Golden\/Silver Cloth 2-in-One \u2013 2.4x2.4m (8\u2019x8\u2019) dual-sided reflector for warm or cool light control in photography and videography with a portable, lightweight design.\" \/>\n<meta name=\"robots\" content=\"index, follow, max-snippet:-1, max-image-preview:large, max-video-preview:-1\" \/>\n<link rel=\"canonical\" href=\"https:\/\/www.cinesouk.ma\/fr\/produit\/golden-silver-cloth-2-in-one-24x24m-8x8\/\" \/>\n<meta property=\"og:locale\" content=\"fr_FR\" \/>\n<meta property=\"og:type\" content=\"article\" \/>\n<meta property=\"og:title\" content=\"Golden\/Silver Cloth 2 in one - 2,4x2,4m (8\u2019x8\u2019)\" \/>\n<meta property=\"og:description\" content=\"Golden\/Silver Cloth 2-in-One \u2013 2.4x2.4m (8\u2019x8\u2019) dual-sided reflector for warm or cool light control in photography and videography with a portable, lightweight design.\" \/>\n<meta property=\"og:url\" content=\"https:\/\/www.cinesouk.ma\/fr\/produit\/golden-silver-cloth-2-in-one-24x24m-8x8\/\" \/>\n<meta property=\"og:site_name\" content=\"CineSouk\" \/>\n<meta property=\"article:modified_time\" content=\"2026-02-05T13:20:49+00:00\" \/>\n<meta property=\"og:image\" content=\"https:\/\/www.cinesouk.ma\/wp-content\/uploads\/2025\/03\/Golden_Silver-Cloth-2-in-one_.jpg\" \/>\n\t<meta property=\"og:image:width\" content=\"300\" \/>\n\t<meta property=\"og:image:height\" content=\"238\" \/>\n\t<meta property=\"og:image:type\" content=\"image\/jpeg\" \/>\n<meta name=\"twitter:card\" content=\"summary_large_image\" \/>\n<meta name=\"twitter:description\" content=\"Golden\/Silver Cloth 2-in-One \u2013 2.4x2.4m (8\u2019x8\u2019) dual-sided reflector for warm or cool light control in photography and videography with a portable, lightweight design.\" \/>\n<meta name=\"twitter:label1\" content=\"Dur\u00e9e de lecture estim\u00e9e\" \/>\n\t<meta name=\"twitter:data1\" content=\"2 minutes\" \/>\n<script type=\"application\/ld+json\" class=\"yoast-schema-graph\">{\"@context\":\"https:\/\/schema.org\",\"@graph\":[{\"@type\":\"WebPage\",\"@id\":\"https:\/\/www.cinesouk.ma\/product\/golden-silver-cloth-2-in-one-24x24m-8x8\/\",\"url\":\"https:\/\/www.cinesouk.ma\/product\/golden-silver-cloth-2-in-one-24x24m-8x8\/\",\"name\":\"Golden\/Silver Cloth 2 in one - 2,4x2,4m (8\u2019x8\u2019) - CineSouk - For rent\",\"isPartOf\":{\"@id\":\"https:\/\/www.cinesouk.ma\/#website\"},\"primaryImageOfPage\":{\"@id\":\"https:\/\/www.cinesouk.ma\/product\/golden-silver-cloth-2-in-one-24x24m-8x8\/#primaryimage\"},\"image\":{\"@id\":\"https:\/\/www.cinesouk.ma\/product\/golden-silver-cloth-2-in-one-24x24m-8x8\/#primaryimage\"},\"thumbnailUrl\":\"https:\/\/www.cinesouk.ma\/wp-content\/uploads\/2025\/03\/Golden_Silver-Cloth-2-in-one_.jpg\",\"datePublished\":\"2025-04-08T11:03:57+00:00\",\"dateModified\":\"2026-02-05T13:20:49+00:00\",\"description\":\"Golden\/Silver Cloth 2-in-One \u2013 2.4x2.4m (8\u2019x8\u2019) dual-sided reflector for warm or cool light control in photography and videography with a portable, lightweight design.\",\"breadcrumb\":{\"@id\":\"https:\/\/www.cinesouk.ma\/product\/golden-silver-cloth-2-in-one-24x24m-8x8\/#breadcrumb\"},\"inLanguage\":\"fr-FR\",\"potentialAction\":[{\"@type\":\"ReadAction\",\"target\":[\"https:\/\/www.cinesouk.ma\/product\/golden-silver-cloth-2-in-one-24x24m-8x8\/\"]}]},{\"@type\":\"ImageObject\",\"inLanguage\":\"fr-FR\",\"@id\":\"https:\/\/www.cinesouk.ma\/product\/golden-silver-cloth-2-in-one-24x24m-8x8\/#primaryimage\",\"url\":\"https:\/\/www.cinesouk.ma\/wp-content\/uploads\/2025\/03\/Golden_Silver-Cloth-2-in-one_.jpg\",\"contentUrl\":\"https:\/\/www.cinesouk.ma\/wp-content\/uploads\/2025\/03\/Golden_Silver-Cloth-2-in-one_.jpg\",\"width\":300,\"height\":238,\"caption\":\"Golden_Silver Cloth 2 in one_\"},{\"@type\":\"BreadcrumbList\",\"@id\":\"https:\/\/www.cinesouk.ma\/product\/golden-silver-cloth-2-in-one-24x24m-8x8\/#breadcrumb\",\"itemListElement\":[{\"@type\":\"ListItem\",\"position\":1,\"name\":\"Home\",\"item\":\"https:\/\/www.cinesouk.ma\/\"},{\"@type\":\"ListItem\",\"position\":2,\"name\":\"Shop\",\"item\":\"https:\/\/www.cinesouk.ma\/shop\/\"},{\"@type\":\"ListItem\",\"position\":3,\"name\":\"Golden\/Silver Cloth 2 in one &#8211; 2,4&#215;2,4m (8\u2019x8\u2019)\"}]},{\"@type\":\"WebSite\",\"@id\":\"https:\/\/www.cinesouk.ma\/#website\",\"url\":\"https:\/\/www.cinesouk.ma\/\",\"name\":\"CineSouk\",\"description\":\"\",\"publisher\":{\"@id\":\"https:\/\/www.cinesouk.ma\/#organization\"},\"potentialAction\":[{\"@type\":\"SearchAction\",\"target\":{\"@type\":\"EntryPoint\",\"urlTemplate\":\"https:\/\/www.cinesouk.ma\/?s={search_term_string}\"},\"query-input\":{\"@type\":\"PropertyValueSpecification\",\"valueRequired\":true,\"valueName\":\"search_term_string\"}}],\"inLanguage\":\"fr-FR\"},{\"@type\":\"Organization\",\"@id\":\"https:\/\/www.cinesouk.ma\/#organization\",\"name\":\"CineSouk\",\"url\":\"https:\/\/www.cinesouk.ma\/\",\"logo\":{\"@type\":\"ImageObject\",\"inLanguage\":\"fr-FR\",\"@id\":\"https:\/\/www.cinesouk.ma\/#\/schema\/logo\/image\/\",\"url\":\"https:\/\/www.cinesouk.ma\/wp-content\/uploads\/2024\/01\/CineSouk-logo-v01-alpha-alligned-left.png\",\"contentUrl\":\"https:\/\/www.cinesouk.ma\/wp-content\/uploads\/2024\/01\/CineSouk-logo-v01-alpha-alligned-left.png\",\"width\":3204,\"height\":889,\"caption\":\"CineSouk\"},\"image\":{\"@id\":\"https:\/\/www.cinesouk.ma\/#\/schema\/logo\/image\/\"}}]}<\/script>\n<!-- \/ Yoast SEO Premium plugin. -->","yoast_head_json":{"title":"Golden\/Silver Cloth 2 in one - 2,4x2,4m (8\u2019x8\u2019) - CineSouk - For rent","description":"Golden\/Silver Cloth 2-in-One \u2013 2.4x2.4m (8\u2019x8\u2019) dual-sided reflector for warm or cool light control in photography and videography with a portable, lightweight design.","robots":{"index":"index","follow":"follow","max-snippet":"max-snippet:-1","max-image-preview":"max-image-preview:large","max-video-preview":"max-video-preview:-1"},"canonical":"https:\/\/www.cinesouk.ma\/fr\/produit\/golden-silver-cloth-2-in-one-24x24m-8x8\/","og_locale":"fr_FR","og_type":"article","og_title":"Golden\/Silver Cloth 2 in one - 2,4x2,4m (8\u2019x8\u2019)","og_description":"Golden\/Silver Cloth 2-in-One \u2013 2.4x2.4m (8\u2019x8\u2019) dual-sided reflector for warm or cool light control in photography and videography with a portable, lightweight design.","og_url":"https:\/\/www.cinesouk.ma\/fr\/produit\/golden-silver-cloth-2-in-one-24x24m-8x8\/","og_site_name":"CineSouk","article_modified_time":"2026-02-05T13:20:49+00:00","og_image":[{"width":300,"height":238,"url":"https:\/\/www.cinesouk.ma\/wp-content\/uploads\/2025\/03\/Golden_Silver-Cloth-2-in-one_.jpg","type":"image\/jpeg"}],"twitter_card":"summary_large_image","twitter_description":"Golden\/Silver Cloth 2-in-One \u2013 2.4x2.4m (8\u2019x8\u2019) dual-sided reflector for warm or cool light control in photography and videography with a portable, lightweight design.","twitter_misc":{"Dur\u00e9e de lecture estim\u00e9e":"2 minutes"},"schema":{"@context":"https:\/\/schema.org","@graph":[{"@type":"WebPage","@id":"https:\/\/www.cinesouk.ma\/product\/golden-silver-cloth-2-in-one-24x24m-8x8\/","url":"https:\/\/www.cinesouk.ma\/product\/golden-silver-cloth-2-in-one-24x24m-8x8\/","name":"Golden\/Silver Cloth 2 in one - 2,4x2,4m (8\u2019x8\u2019) - CineSouk - For rent","isPartOf":{"@id":"https:\/\/www.cinesouk.ma\/#website"},"primaryImageOfPage":{"@id":"https:\/\/www.cinesouk.ma\/product\/golden-silver-cloth-2-in-one-24x24m-8x8\/#primaryimage"},"image":{"@id":"https:\/\/www.cinesouk.ma\/product\/golden-silver-cloth-2-in-one-24x24m-8x8\/#primaryimage"},"thumbnailUrl":"https:\/\/www.cinesouk.ma\/wp-content\/uploads\/2025\/03\/Golden_Silver-Cloth-2-in-one_.jpg","datePublished":"2025-04-08T11:03:57+00:00","dateModified":"2026-02-05T13:20:49+00:00","description":"Golden\/Silver Cloth 2-in-One \u2013 2.4x2.4m (8\u2019x8\u2019) dual-sided reflector for warm or cool light control in photography and videography with a portable, lightweight design.","breadcrumb":{"@id":"https:\/\/www.cinesouk.ma\/product\/golden-silver-cloth-2-in-one-24x24m-8x8\/#breadcrumb"},"inLanguage":"fr-FR","potentialAction":[{"@type":"ReadAction","target":["https:\/\/www.cinesouk.ma\/product\/golden-silver-cloth-2-in-one-24x24m-8x8\/"]}]},{"@type":"ImageObject","inLanguage":"fr-FR","@id":"https:\/\/www.cinesouk.ma\/product\/golden-silver-cloth-2-in-one-24x24m-8x8\/#primaryimage","url":"https:\/\/www.cinesouk.ma\/wp-content\/uploads\/2025\/03\/Golden_Silver-Cloth-2-in-one_.jpg","contentUrl":"https:\/\/www.cinesouk.ma\/wp-content\/uploads\/2025\/03\/Golden_Silver-Cloth-2-in-one_.jpg","width":300,"height":238,"caption":"Golden_Silver Cloth 2 in one_"},{"@type":"BreadcrumbList","@id":"https:\/\/www.cinesouk.ma\/product\/golden-silver-cloth-2-in-one-24x24m-8x8\/#breadcrumb","itemListElement":[{"@type":"ListItem","position":1,"name":"Home","item":"https:\/\/www.cinesouk.ma\/"},{"@type":"ListItem","position":2,"name":"Shop","item":"https:\/\/www.cinesouk.ma\/shop\/"},{"@type":"ListItem","position":3,"name":"Golden\/Silver Cloth 2 in one &#8211; 2,4&#215;2,4m (8\u2019x8\u2019)"}]},{"@type":"WebSite","@id":"https:\/\/www.cinesouk.ma\/#website","url":"https:\/\/www.cinesouk.ma\/","name":"CineSouk","description":"","publisher":{"@id":"https:\/\/www.cinesouk.ma\/#organization"},"potentialAction":[{"@type":"SearchAction","target":{"@type":"EntryPoint","urlTemplate":"https:\/\/www.cinesouk.ma\/?s={search_term_string}"},"query-input":{"@type":"PropertyValueSpecification","valueRequired":true,"valueName":"search_term_string"}}],"inLanguage":"fr-FR"},{"@type":"Organization","@id":"https:\/\/www.cinesouk.ma\/#organization","name":"CineSouk","url":"https:\/\/www.cinesouk.ma\/","logo":{"@type":"ImageObject","inLanguage":"fr-FR","@id":"https:\/\/www.cinesouk.ma\/#\/schema\/logo\/image\/","url":"https:\/\/www.cinesouk.ma\/wp-content\/uploads\/2024\/01\/CineSouk-logo-v01-alpha-alligned-left.png","contentUrl":"https:\/\/www.cinesouk.ma\/wp-content\/uploads\/2024\/01\/CineSouk-logo-v01-alpha-alligned-left.png","width":3204,"height":889,"caption":"CineSouk"},"image":{"@id":"https:\/\/www.cinesouk.ma\/#\/schema\/logo\/image\/"}}]}},"_links":{"self":[{"href":"https:\/\/www.cinesouk.ma\/fr\/wp-json\/wp\/v2\/product\/11851","targetHints":{"allow":["GET"]}}],"collection":[{"href":"https:\/\/www.cinesouk.ma\/fr\/wp-json\/wp\/v2\/product"}],"about":[{"href":"https:\/\/www.cinesouk.ma\/fr\/wp-json\/wp\/v2\/types\/product"}],"wp:featuredmedia":[{"embeddable":true,"href":"https:\/\/www.cinesouk.ma\/fr\/wp-json\/wp\/v2\/media\/11873"}],"wp:attachment":[{"href":"https:\/\/www.cinesouk.ma\/fr\/wp-json\/wp\/v2\/media?parent=11851"}],"wp:term":[{"taxonomy":"product_brand","embeddable":true,"href":"https:\/\/www.cinesouk.ma\/fr\/wp-json\/wp\/v2\/product_brand?post=11851"},{"taxonomy":"product_cat","embeddable":true,"href":"https:\/\/www.cinesouk.ma\/fr\/wp-json\/wp\/v2\/product_cat?post=11851"},{"taxonomy":"product_tag","embeddable":true,"href":"https:\/\/www.cinesouk.ma\/fr\/wp-json\/wp\/v2\/product_tag?post=11851"}],"curies":[{"name":"wp","href":"https:\/\/api.w.org\/{rel}","templated":true}]}}