{"id":11862,"date":"2025-04-08T11:15:51","date_gmt":"2025-04-08T11:15:51","guid":{"rendered":"https:\/\/www.cinesouk.ma\/?post_type=product&#038;p=11862"},"modified":"2026-02-05T13:20:30","modified_gmt":"2026-02-05T13:20:30","slug":"golden-silver-cloth-2-in-one-36x36m-12x12","status":"publish","type":"product","link":"https:\/\/www.cinesouk.ma\/fr\/produit\/golden-silver-cloth-2-in-one-36x36m-12x12\/","title":{"rendered":"Tissu dor\u00e9\/argent\u00e9 2 en 1 - 3,6\u00d73,6m (12'x12')"},"content":{"rendered":"<p class=\"\" data-start=\"61\" data-end=\"470\">La toile Golden\/Silver Cloth 2-in-One (12'x12') est une toile r\u00e9flectrice de haute qualit\u00e9, \u00e0 double usage, con\u00e7ue pour les cin\u00e9astes et les photographes qui ont besoin d'un contr\u00f4le pr\u00e9cis de leur \u00e9clairage. Gr\u00e2ce \u00e0 ses surfaces dor\u00e9e et argent\u00e9e, vous pouvez facilement passer d'un effet d'\u00e9clairage \u00e0 l'autre. Cette polyvalence le rend id\u00e9al pour la photographie de portrait, les tournages vid\u00e9o et les \u00e9clairages de studio.<\/p>\n<p class=\"\" data-start=\"472\" data-end=\"786\">D'un c\u00f4t\u00e9, la surface dor\u00e9e offre une lumi\u00e8re chaude et douce, id\u00e9ale pour rehausser les tons de la peau et donner un \u00e9clat naturel. De l'autre c\u00f4t\u00e9, la surface argent\u00e9e cr\u00e9e une r\u00e9flexion froide et plus intense, id\u00e9ale pour \u00e9claircir les ombres et ajouter du contraste \u00e0 vos prises de vue.<\/p>\n<p class=\"\" data-start=\"788\" data-end=\"1109\">Avec ses dimensions de 3,6 x 3,6 m (12 pi x 12 pi), la toile est parfaite pour les grandes installations et les prises de vue de groupe, car elle offre une couverture suffisante pour cr\u00e9er l'effet d'\u00e9clairage souhait\u00e9. En outre, elle est l\u00e9g\u00e8re et pliable, ce qui la rend facile \u00e0 transporter et \u00e0 ranger, ce qui est id\u00e9al pour les professionnels en d\u00e9placement.<\/p>\n<h3 class=\"\" data-start=\"1111\" data-end=\"1165\"><strong data-start=\"1115\" data-end=\"1163\">Pourquoi choisir le chiffon dor\u00e9\/argent\u00e9 2-en-un ?<\/strong><\/h3>\n<p class=\"\" data-start=\"1167\" data-end=\"1473\">Ce tissu r\u00e9flecteur est un outil essentiel pour les photographes et les vid\u00e9astes qui ont besoin de plusieurs options d'\u00e9clairage dans une solution unique et portable. Que vous ayez besoin de chaleur ou de luminosit\u00e9 dans vos prises de vue, ce tissu offre un excellent contr\u00f4le de la lumi\u00e8re pour une vari\u00e9t\u00e9 d'applications.<\/p>\n<h3 class=\"\" data-start=\"1475\" data-end=\"1497\"><strong data-start=\"1479\" data-end=\"1495\">Caract\u00e9ristiques principales<\/strong><\/h3>\n<ul data-start=\"1499\" data-end=\"2054\">\n<li class=\"\" data-start=\"1499\" data-end=\"1655\">\n<p class=\"\" data-start=\"1501\" data-end=\"1655\"><strong data-start=\"1501\" data-end=\"1523\">Conception double face :<\/strong> Un c\u00f4t\u00e9 a <strong data-start=\"1537\" data-end=\"1545\">l'or<\/strong> pour <strong data-start=\"1550\" data-end=\"1576\">lumi\u00e8re chaude et flatteuse<\/strong>, tandis que l'autre c\u00f4t\u00e9 pr\u00e9sente <strong data-start=\"1608\" data-end=\"1618\">argent<\/strong> pour un <strong data-start=\"1625\" data-end=\"1652\">r\u00e9flexion froide et lumineuse<\/strong>.<\/p>\n<\/li>\n<li class=\"\" data-start=\"1656\" data-end=\"1741\">\n<p class=\"\" data-start=\"1658\" data-end=\"1741\"><strong data-start=\"1658\" data-end=\"1673\">Grande taille :<\/strong> <strong data-start=\"1674\" data-end=\"1696\">3,6\u00d73,6m (12'x12')<\/strong>parfait pour les <strong data-start=\"1710\" data-end=\"1738\">les prises de vue et les montages plus importants<\/strong>.<\/p>\n<\/li>\n<li class=\"\" data-start=\"1742\" data-end=\"1847\">\n<p class=\"\" data-start=\"1744\" data-end=\"1847\"><strong data-start=\"1744\" data-end=\"1771\">L\u00e9ger et portable :<\/strong> <strong data-start=\"1772\" data-end=\"1789\">Facile \u00e0 transporter<\/strong> et <strong data-start=\"1794\" data-end=\"1813\">mise en place rapide<\/strong>id\u00e9al pour <strong data-start=\"1825\" data-end=\"1844\">prises de vue en ext\u00e9rieur<\/strong>.<\/p>\n<\/li>\n<li class=\"\" data-start=\"1848\" data-end=\"1937\">\n<p class=\"\" data-start=\"1850\" data-end=\"1937\"><strong data-start=\"1850\" data-end=\"1875\">Construction durable :<\/strong> Fabriqu\u00e9 avec <strong data-start=\"1886\" data-end=\"1909\">tissu de haute qualit\u00e9<\/strong> pour <strong data-start=\"1914\" data-end=\"1934\">utilisation durable<\/strong>.<\/p>\n<\/li>\n<li class=\"\" data-start=\"1938\" data-end=\"2054\">\n<p class=\"\" data-start=\"1940\" data-end=\"2054\"><strong data-start=\"1940\" data-end=\"1967\">Applications polyvalentes :<\/strong> Id\u00e9al pour <strong data-start=\"1978\" data-end=\"2051\">photographie de portrait, production vid\u00e9o, photographie de produits, etc.<\/strong>.<\/p>\n<\/li>\n<\/ul>\n<h3 class=\"\" data-start=\"2056\" data-end=\"2080\"><strong data-start=\"2060\" data-end=\"2078\">Sp\u00e9cifications<\/strong><\/h3>\n<ul data-start=\"2082\" data-end=\"2303\">\n<li class=\"\" data-start=\"2082\" data-end=\"2119\">\n<p class=\"\" data-start=\"2084\" data-end=\"2119\"><strong data-start=\"2084\" data-end=\"2097\">Mat\u00e9riau :<\/strong> Tissu de haute qualit\u00e9<\/p>\n<\/li>\n<li class=\"\" data-start=\"2120\" data-end=\"2152\">\n<p class=\"\" data-start=\"2122\" data-end=\"2152\"><strong data-start=\"2122\" data-end=\"2131\">Taille :<\/strong> 3,6\u00d73,6m (12'x12')<\/p>\n<\/li>\n<li class=\"\" data-start=\"2153\" data-end=\"2205\">\n<p class=\"\" data-start=\"2155\" data-end=\"2205\"><strong data-start=\"2155\" data-end=\"2173\">Options de couleur :<\/strong> Or (chaud) et argent (froid)<\/p>\n<\/li>\n<li class=\"\" data-start=\"2206\" data-end=\"2303\">\n<p class=\"\" data-start=\"2208\" data-end=\"2303\"><strong data-start=\"2208\" data-end=\"2225\">Applications :<\/strong> <strong data-start=\"2226\" data-end=\"2301\">Photographie de portrait, production vid\u00e9o, contr\u00f4le de l'\u00e9clairage, installations de studio<\/strong><\/p>\n<\/li>\n<\/ul>\n<p class=\"\" data-start=\"2305\" data-end=\"2556\">La toile Golden\/Silver 2-en-One est un outil de contr\u00f4le de la lumi\u00e8re essentiel pour les cin\u00e9astes et les photographes. Avec ses surfaces \u00e0 double r\u00e9flexion et sa grande taille, il offre polyvalence et efficacit\u00e9 dans tout environnement de production.<\/p>\n<p>Louez-le maintenant sur <a href=\"https:\/\/www.cinesouk.ma\/fr\">CINESOUK<\/a> - une marque de <a href=\"https:\/\/www.broadway.ma\/\">BROADWAY PRODUCTIONS SARL.<\/a><\/p>","protected":false},"excerpt":{"rendered":"<p><strong>Sp\u00e9cifications<\/strong><\/p>\n<ul>\n<li class=\"\" data-start=\"2120\" data-end=\"2152\">\n<p class=\"\" data-start=\"2122\" data-end=\"2152\"><strong data-start=\"2122\" data-end=\"2131\">Taille :<\/strong> 3,6\u00d73,6m (12'x12')<\/p>\n<\/li>\n<li class=\"\" data-start=\"2153\" data-end=\"2205\">\n<p class=\"\" data-start=\"2155\" data-end=\"2205\"><strong data-start=\"2155\" data-end=\"2173\">Options de couleur :<\/strong> Or (chaud) et argent (froid)<\/p>\n<\/li>\n<li class=\"\" data-start=\"2206\" data-end=\"2303\">\n<p class=\"\" data-start=\"2208\" data-end=\"2303\"><strong data-start=\"2208\" data-end=\"2225\">Applications :<\/strong> <strong data-start=\"2226\" data-end=\"2301\">Photographie de portrait, production vid\u00e9o, contr\u00f4le de l'\u00e9clairage, installations de studio<\/strong><\/p>\n<\/li>\n<\/ul>","protected":false},"featured_media":11877,"template":"","meta":{"om_disable_all_campaigns":false,"_monsterinsights_skip_tracking":false,"_monsterinsights_sitenote_active":false,"_monsterinsights_sitenote_note":"","_monsterinsights_sitenote_category":0,"_uf_show_specific_survey":0,"_uf_disable_surveys":false},"product_brand":[],"product_cat":[91],"product_tag":[],"class_list":{"0":"post-11862","1":"product","2":"type-product","3":"status-publish","4":"has-post-thumbnail","6":"product_cat-fabrics-and-bounces-cinesouk","8":"entry","9":"has-media","11":"first","12":"instock","13":"taxable","14":"shipping-taxable","15":"purchasable","16":"product-type-variable","17":"has-product-nav","18":"col","19":"span_1_of_3","20":"owp-content-center","21":"owp-thumbs-layout-horizontal","22":"owp-btn-normal","23":"owp-tabs-layout-horizontal","24":"has-no-thumbnails"},"yoast_head":"<!-- This site is optimized with the Yoast SEO Premium plugin v26.0 (Yoast SEO v26.0) - https:\/\/yoast.com\/wordpress\/plugins\/seo\/ -->\n<title>Golden\/Silver Cloth 2 in one - 3,6x3,6m (12\u2019x12\u2019) - CineSouk - For rent<\/title>\n<meta name=\"description\" content=\"Golden\/Silver Cloth 2-in-One \u2013 3.6x3.6m (12\u2019x12\u2019) dual-sided reflector for soft or bright light control in photography and videography with a portable design.\" \/>\n<meta name=\"robots\" content=\"index, follow, max-snippet:-1, max-image-preview:large, max-video-preview:-1\" \/>\n<link rel=\"canonical\" href=\"https:\/\/www.cinesouk.ma\/fr\/produit\/golden-silver-cloth-2-in-one-36x36m-12x12\/\" \/>\n<meta property=\"og:locale\" content=\"fr_FR\" \/>\n<meta property=\"og:type\" content=\"article\" \/>\n<meta property=\"og:title\" content=\"Golden\/Silver Cloth 2 in one - 3,6x3,6m (12\u2019x12\u2019)\" \/>\n<meta property=\"og:description\" content=\"Golden\/Silver Cloth 2-in-One \u2013 3.6x3.6m (12\u2019x12\u2019) dual-sided reflector for soft or bright light control in photography and videography with a portable design.\" \/>\n<meta property=\"og:url\" content=\"https:\/\/www.cinesouk.ma\/fr\/produit\/golden-silver-cloth-2-in-one-36x36m-12x12\/\" \/>\n<meta property=\"og:site_name\" content=\"CineSouk\" \/>\n<meta property=\"article:modified_time\" content=\"2026-02-05T13:20:30+00:00\" \/>\n<meta property=\"og:image\" content=\"https:\/\/www.cinesouk.ma\/wp-content\/uploads\/2025\/03\/Golden_Silver-Cloth-2-in-one_-1.jpg\" \/>\n\t<meta property=\"og:image:width\" content=\"300\" \/>\n\t<meta property=\"og:image:height\" content=\"238\" \/>\n\t<meta property=\"og:image:type\" content=\"image\/jpeg\" \/>\n<meta name=\"twitter:card\" content=\"summary_large_image\" \/>\n<meta name=\"twitter:description\" content=\"Golden\/Silver Cloth 2-in-One \u2013 3.6x3.6m (12\u2019x12\u2019) dual-sided reflector for soft or bright light control in photography and videography with a portable design.\" \/>\n<meta name=\"twitter:label1\" content=\"Dur\u00e9e de lecture estim\u00e9e\" \/>\n\t<meta name=\"twitter:data1\" content=\"2 minutes\" \/>\n<script type=\"application\/ld+json\" class=\"yoast-schema-graph\">{\"@context\":\"https:\/\/schema.org\",\"@graph\":[{\"@type\":\"WebPage\",\"@id\":\"https:\/\/www.cinesouk.ma\/product\/golden-silver-cloth-2-in-one-36x36m-12x12\/\",\"url\":\"https:\/\/www.cinesouk.ma\/product\/golden-silver-cloth-2-in-one-36x36m-12x12\/\",\"name\":\"Golden\/Silver Cloth 2 in one - 3,6x3,6m (12\u2019x12\u2019) - CineSouk - For rent\",\"isPartOf\":{\"@id\":\"https:\/\/www.cinesouk.ma\/#website\"},\"primaryImageOfPage\":{\"@id\":\"https:\/\/www.cinesouk.ma\/product\/golden-silver-cloth-2-in-one-36x36m-12x12\/#primaryimage\"},\"image\":{\"@id\":\"https:\/\/www.cinesouk.ma\/product\/golden-silver-cloth-2-in-one-36x36m-12x12\/#primaryimage\"},\"thumbnailUrl\":\"https:\/\/www.cinesouk.ma\/wp-content\/uploads\/2025\/03\/Golden_Silver-Cloth-2-in-one_-1.jpg\",\"datePublished\":\"2025-04-08T11:15:51+00:00\",\"dateModified\":\"2026-02-05T13:20:30+00:00\",\"description\":\"Golden\/Silver Cloth 2-in-One \u2013 3.6x3.6m (12\u2019x12\u2019) dual-sided reflector for soft or bright light control in photography and videography with a portable design.\",\"breadcrumb\":{\"@id\":\"https:\/\/www.cinesouk.ma\/product\/golden-silver-cloth-2-in-one-36x36m-12x12\/#breadcrumb\"},\"inLanguage\":\"fr-FR\",\"potentialAction\":[{\"@type\":\"ReadAction\",\"target\":[\"https:\/\/www.cinesouk.ma\/product\/golden-silver-cloth-2-in-one-36x36m-12x12\/\"]}]},{\"@type\":\"ImageObject\",\"inLanguage\":\"fr-FR\",\"@id\":\"https:\/\/www.cinesouk.ma\/product\/golden-silver-cloth-2-in-one-36x36m-12x12\/#primaryimage\",\"url\":\"https:\/\/www.cinesouk.ma\/wp-content\/uploads\/2025\/03\/Golden_Silver-Cloth-2-in-one_-1.jpg\",\"contentUrl\":\"https:\/\/www.cinesouk.ma\/wp-content\/uploads\/2025\/03\/Golden_Silver-Cloth-2-in-one_-1.jpg\",\"width\":300,\"height\":238},{\"@type\":\"BreadcrumbList\",\"@id\":\"https:\/\/www.cinesouk.ma\/product\/golden-silver-cloth-2-in-one-36x36m-12x12\/#breadcrumb\",\"itemListElement\":[{\"@type\":\"ListItem\",\"position\":1,\"name\":\"Home\",\"item\":\"https:\/\/www.cinesouk.ma\/\"},{\"@type\":\"ListItem\",\"position\":2,\"name\":\"Shop\",\"item\":\"https:\/\/www.cinesouk.ma\/shop\/\"},{\"@type\":\"ListItem\",\"position\":3,\"name\":\"Golden\/Silver Cloth 2 in one &#8211; 3,6&#215;3,6m (12\u2019x12\u2019)\"}]},{\"@type\":\"WebSite\",\"@id\":\"https:\/\/www.cinesouk.ma\/#website\",\"url\":\"https:\/\/www.cinesouk.ma\/\",\"name\":\"CineSouk\",\"description\":\"\",\"publisher\":{\"@id\":\"https:\/\/www.cinesouk.ma\/#organization\"},\"potentialAction\":[{\"@type\":\"SearchAction\",\"target\":{\"@type\":\"EntryPoint\",\"urlTemplate\":\"https:\/\/www.cinesouk.ma\/?s={search_term_string}\"},\"query-input\":{\"@type\":\"PropertyValueSpecification\",\"valueRequired\":true,\"valueName\":\"search_term_string\"}}],\"inLanguage\":\"fr-FR\"},{\"@type\":\"Organization\",\"@id\":\"https:\/\/www.cinesouk.ma\/#organization\",\"name\":\"CineSouk\",\"url\":\"https:\/\/www.cinesouk.ma\/\",\"logo\":{\"@type\":\"ImageObject\",\"inLanguage\":\"fr-FR\",\"@id\":\"https:\/\/www.cinesouk.ma\/#\/schema\/logo\/image\/\",\"url\":\"https:\/\/www.cinesouk.ma\/wp-content\/uploads\/2024\/01\/CineSouk-logo-v01-alpha-alligned-left.png\",\"contentUrl\":\"https:\/\/www.cinesouk.ma\/wp-content\/uploads\/2024\/01\/CineSouk-logo-v01-alpha-alligned-left.png\",\"width\":3204,\"height\":889,\"caption\":\"CineSouk\"},\"image\":{\"@id\":\"https:\/\/www.cinesouk.ma\/#\/schema\/logo\/image\/\"}}]}<\/script>\n<!-- \/ Yoast SEO Premium plugin. -->","yoast_head_json":{"title":"Golden\/Silver Cloth 2 in one - 3,6x3,6m (12\u2019x12\u2019) - CineSouk - For rent","description":"Golden\/Silver Cloth 2-in-One \u2013 3.6x3.6m (12\u2019x12\u2019) dual-sided reflector for soft or bright light control in photography and videography with a portable design.","robots":{"index":"index","follow":"follow","max-snippet":"max-snippet:-1","max-image-preview":"max-image-preview:large","max-video-preview":"max-video-preview:-1"},"canonical":"https:\/\/www.cinesouk.ma\/fr\/produit\/golden-silver-cloth-2-in-one-36x36m-12x12\/","og_locale":"fr_FR","og_type":"article","og_title":"Golden\/Silver Cloth 2 in one - 3,6x3,6m (12\u2019x12\u2019)","og_description":"Golden\/Silver Cloth 2-in-One \u2013 3.6x3.6m (12\u2019x12\u2019) dual-sided reflector for soft or bright light control in photography and videography with a portable design.","og_url":"https:\/\/www.cinesouk.ma\/fr\/produit\/golden-silver-cloth-2-in-one-36x36m-12x12\/","og_site_name":"CineSouk","article_modified_time":"2026-02-05T13:20:30+00:00","og_image":[{"width":300,"height":238,"url":"https:\/\/www.cinesouk.ma\/wp-content\/uploads\/2025\/03\/Golden_Silver-Cloth-2-in-one_-1.jpg","type":"image\/jpeg"}],"twitter_card":"summary_large_image","twitter_description":"Golden\/Silver Cloth 2-in-One \u2013 3.6x3.6m (12\u2019x12\u2019) dual-sided reflector for soft or bright light control in photography and videography with a portable design.","twitter_misc":{"Dur\u00e9e de lecture estim\u00e9e":"2 minutes"},"schema":{"@context":"https:\/\/schema.org","@graph":[{"@type":"WebPage","@id":"https:\/\/www.cinesouk.ma\/product\/golden-silver-cloth-2-in-one-36x36m-12x12\/","url":"https:\/\/www.cinesouk.ma\/product\/golden-silver-cloth-2-in-one-36x36m-12x12\/","name":"Golden\/Silver Cloth 2 in one - 3,6x3,6m (12\u2019x12\u2019) - CineSouk - For rent","isPartOf":{"@id":"https:\/\/www.cinesouk.ma\/#website"},"primaryImageOfPage":{"@id":"https:\/\/www.cinesouk.ma\/product\/golden-silver-cloth-2-in-one-36x36m-12x12\/#primaryimage"},"image":{"@id":"https:\/\/www.cinesouk.ma\/product\/golden-silver-cloth-2-in-one-36x36m-12x12\/#primaryimage"},"thumbnailUrl":"https:\/\/www.cinesouk.ma\/wp-content\/uploads\/2025\/03\/Golden_Silver-Cloth-2-in-one_-1.jpg","datePublished":"2025-04-08T11:15:51+00:00","dateModified":"2026-02-05T13:20:30+00:00","description":"Golden\/Silver Cloth 2-in-One \u2013 3.6x3.6m (12\u2019x12\u2019) dual-sided reflector for soft or bright light control in photography and videography with a portable design.","breadcrumb":{"@id":"https:\/\/www.cinesouk.ma\/product\/golden-silver-cloth-2-in-one-36x36m-12x12\/#breadcrumb"},"inLanguage":"fr-FR","potentialAction":[{"@type":"ReadAction","target":["https:\/\/www.cinesouk.ma\/product\/golden-silver-cloth-2-in-one-36x36m-12x12\/"]}]},{"@type":"ImageObject","inLanguage":"fr-FR","@id":"https:\/\/www.cinesouk.ma\/product\/golden-silver-cloth-2-in-one-36x36m-12x12\/#primaryimage","url":"https:\/\/www.cinesouk.ma\/wp-content\/uploads\/2025\/03\/Golden_Silver-Cloth-2-in-one_-1.jpg","contentUrl":"https:\/\/www.cinesouk.ma\/wp-content\/uploads\/2025\/03\/Golden_Silver-Cloth-2-in-one_-1.jpg","width":300,"height":238},{"@type":"BreadcrumbList","@id":"https:\/\/www.cinesouk.ma\/product\/golden-silver-cloth-2-in-one-36x36m-12x12\/#breadcrumb","itemListElement":[{"@type":"ListItem","position":1,"name":"Home","item":"https:\/\/www.cinesouk.ma\/"},{"@type":"ListItem","position":2,"name":"Shop","item":"https:\/\/www.cinesouk.ma\/shop\/"},{"@type":"ListItem","position":3,"name":"Golden\/Silver Cloth 2 in one &#8211; 3,6&#215;3,6m (12\u2019x12\u2019)"}]},{"@type":"WebSite","@id":"https:\/\/www.cinesouk.ma\/#website","url":"https:\/\/www.cinesouk.ma\/","name":"CineSouk","description":"","publisher":{"@id":"https:\/\/www.cinesouk.ma\/#organization"},"potentialAction":[{"@type":"SearchAction","target":{"@type":"EntryPoint","urlTemplate":"https:\/\/www.cinesouk.ma\/?s={search_term_string}"},"query-input":{"@type":"PropertyValueSpecification","valueRequired":true,"valueName":"search_term_string"}}],"inLanguage":"fr-FR"},{"@type":"Organization","@id":"https:\/\/www.cinesouk.ma\/#organization","name":"CineSouk","url":"https:\/\/www.cinesouk.ma\/","logo":{"@type":"ImageObject","inLanguage":"fr-FR","@id":"https:\/\/www.cinesouk.ma\/#\/schema\/logo\/image\/","url":"https:\/\/www.cinesouk.ma\/wp-content\/uploads\/2024\/01\/CineSouk-logo-v01-alpha-alligned-left.png","contentUrl":"https:\/\/www.cinesouk.ma\/wp-content\/uploads\/2024\/01\/CineSouk-logo-v01-alpha-alligned-left.png","width":3204,"height":889,"caption":"CineSouk"},"image":{"@id":"https:\/\/www.cinesouk.ma\/#\/schema\/logo\/image\/"}}]}},"_links":{"self":[{"href":"https:\/\/www.cinesouk.ma\/fr\/wp-json\/wp\/v2\/product\/11862","targetHints":{"allow":["GET"]}}],"collection":[{"href":"https:\/\/www.cinesouk.ma\/fr\/wp-json\/wp\/v2\/product"}],"about":[{"href":"https:\/\/www.cinesouk.ma\/fr\/wp-json\/wp\/v2\/types\/product"}],"wp:featuredmedia":[{"embeddable":true,"href":"https:\/\/www.cinesouk.ma\/fr\/wp-json\/wp\/v2\/media\/11877"}],"wp:attachment":[{"href":"https:\/\/www.cinesouk.ma\/fr\/wp-json\/wp\/v2\/media?parent=11862"}],"wp:term":[{"taxonomy":"product_brand","embeddable":true,"href":"https:\/\/www.cinesouk.ma\/fr\/wp-json\/wp\/v2\/product_brand?post=11862"},{"taxonomy":"product_cat","embeddable":true,"href":"https:\/\/www.cinesouk.ma\/fr\/wp-json\/wp\/v2\/product_cat?post=11862"},{"taxonomy":"product_tag","embeddable":true,"href":"https:\/\/www.cinesouk.ma\/fr\/wp-json\/wp\/v2\/product_tag?post=11862"}],"curies":[{"name":"wp","href":"https:\/\/api.w.org\/{rel}","templated":true}]}}