{"id":11882,"date":"2025-03-22T19:54:02","date_gmt":"2025-03-22T19:54:02","guid":{"rendered":"https:\/\/www.cinesouk.ma\/?post_type=product&#038;p=11882"},"modified":"2026-02-05T13:29:46","modified_gmt":"2026-02-05T13:29:46","slug":"california-sunbounce-pro-4x6-120x180cm-kit","status":"publish","type":"product","link":"https:\/\/www.cinesouk.ma\/fr\/produit\/california-sunbounce-pro-4x6-120x180cm-kit\/","title":{"rendered":"Kit California Sunbounce Pro 4\u00d76' (120x180cm)"},"content":{"rendered":"<p class=\"\" data-start=\"220\" data-end=\"547\">Le kit California Sunbounce Pro 4\u00d76' (120x180cm) est un r\u00e9flecteur de lumi\u00e8re de haute qualit\u00e9 con\u00e7u pour aider les photographes et les cin\u00e9astes \u00e0 modeler la lumi\u00e8re avec pr\u00e9cision. Que vous r\u00e9alisiez des prises de vue en ext\u00e9rieur, en studio ou des portraits, ce r\u00e9flecteur vous permet de contr\u00f4ler l'\u00e9clairage pour un rendu plus \u00e9quilibr\u00e9 et naturel.<\/p>\n<p class=\"\" data-start=\"549\" data-end=\"812\">Avec sa taille de 4\u00d76' (120x180cm), le Sunbounce Pro offre une large couverture, ce qui en fait un choix id\u00e9al pour les grands sujets ou les photos de groupe. De plus, son cadre l\u00e9ger mais robuste maintient le r\u00e9flecteur fermement, garantissant une r\u00e9flexion de la lumi\u00e8re uniforme et contr\u00f4l\u00e9e.<\/p>\n<h3 class=\"\" data-start=\"814\" data-end=\"869\">Pourquoi choisir le kit California Sunbounce Pro 4\u00d76' ?<\/h3>\n<p class=\"\" data-start=\"871\" data-end=\"1163\">Si vous avez besoin d'un moyen fiable pour diriger la lumi\u00e8re du soleil, combler les ombres ou faire rebondir la lumi\u00e8re artificielle, ce kit est une excellente option. Non seulement il est durable, mais il est \u00e9galement facile \u00e0 utiliser et \u00e0 transporter. Les photographes et vid\u00e9astes peuvent ainsi obtenir un \u00e9clairage de qualit\u00e9 professionnelle dans n'importe quel contexte.<\/p>\n<h3 class=\"\" data-start=\"1165\" data-end=\"1183\">Caract\u00e9ristiques principales<\/h3>\n<ul data-start=\"1185\" data-end=\"1692\">\n<li class=\"\" data-start=\"1185\" data-end=\"1287\">\n<p class=\"\" data-start=\"1187\" data-end=\"1287\"><strong data-start=\"1187\" data-end=\"1218\">Grande taille 4\u00d76' (120x180cm)<\/strong> - Offre une couverture suffisante pour les grands sujets et la photographie de groupe.<\/p>\n<\/li>\n<li class=\"\" data-start=\"1288\" data-end=\"1381\">\n<p class=\"\" data-start=\"1290\" data-end=\"1381\"><strong data-start=\"1290\" data-end=\"1325\">Surface r\u00e9fl\u00e9chissante de haute qualit\u00e9<\/strong> - Aide \u00e0 diriger la lumi\u00e8re pour une meilleure exposition et un meilleur \u00e9quilibre.<\/p>\n<\/li>\n<li class=\"\" data-start=\"1382\" data-end=\"1474\">\n<p class=\"\" data-start=\"1384\" data-end=\"1474\"><strong data-start=\"1384\" data-end=\"1416\">Cadre l\u00e9ger et robuste<\/strong> - Maintient le r\u00e9flecteur fermement sans ajouter de poids suppl\u00e9mentaire.<\/p>\n<\/li>\n<li class=\"\" data-start=\"1475\" data-end=\"1566\">\n<p class=\"\" data-start=\"1477\" data-end=\"1566\"><strong data-start=\"1477\" data-end=\"1508\">Portable et facile \u00e0 installer<\/strong> - Se plie rapidement pour un transport ais\u00e9 et un montage rapide.<\/p>\n<\/li>\n<li class=\"\" data-start=\"1567\" data-end=\"1692\">\n<p class=\"\" data-start=\"1569\" data-end=\"1692\"><strong data-start=\"1569\" data-end=\"1601\">Polyvalent pour diff\u00e9rentes utilisations<\/strong> - Fonctionne bien avec la lumi\u00e8re naturelle et artificielle dans la photographie et la production vid\u00e9o.<\/p>\n<\/li>\n<\/ul>\n<h3 class=\"\" data-start=\"1694\" data-end=\"1714\">Sp\u00e9cifications<\/h3>\n<ul data-start=\"1716\" data-end=\"1946\">\n<li class=\"\" data-start=\"1716\" data-end=\"1746\">\n<p class=\"\" data-start=\"1718\" data-end=\"1746\"><strong data-start=\"1718\" data-end=\"1727\">Taille :<\/strong> 4\u00d76' (120x180cm)<\/p>\n<\/li>\n<li class=\"\" data-start=\"1747\" data-end=\"1820\">\n<p class=\"\" data-start=\"1749\" data-end=\"1820\"><strong data-start=\"1749\" data-end=\"1762\">Mat\u00e9riau :<\/strong> Tissu r\u00e9fl\u00e9chissant de haute qualit\u00e9 pour un meilleur contr\u00f4le de la lumi\u00e8re<\/p>\n<\/li>\n<li class=\"\" data-start=\"1821\" data-end=\"1872\">\n<p class=\"\" data-start=\"1823\" data-end=\"1872\"><strong data-start=\"1823\" data-end=\"1833\">Cadre :<\/strong> Cadre de support l\u00e9ger mais solide<\/p>\n<\/li>\n<li class=\"\" data-start=\"1873\" data-end=\"1946\">\n<p class=\"\" data-start=\"1875\" data-end=\"1946\"><strong data-start=\"1875\" data-end=\"1884\">Utilisations :<\/strong> Photographie, vid\u00e9ographie, prises de vue en ext\u00e9rieur et installations en studio<\/p>\n<\/li>\n<\/ul>\n<p class=\"\" data-start=\"1948\" data-end=\"2188\">En r\u00e9sum\u00e9, le kit California Sunbounce Pro 4\u00d76' est un outil indispensable pour tous ceux qui cherchent \u00e0 am\u00e9liorer le contr\u00f4le de l'\u00e9clairage. Que vous travailliez avec la lumi\u00e8re naturelle du soleil ou avec des \u00e9clairages de studio, ce r\u00e9flecteur permet d'obtenir facilement des r\u00e9sultats professionnels.<\/p>\n<p>Louez-le maintenant sur <a href=\"https:\/\/www.cinesouk.ma\/fr\">CINESOUK<\/a> - une marque de <a href=\"https:\/\/www.broadway.ma\/\">BROADWAY PRODUCTIONS SARL.<\/a><\/p>","protected":false},"excerpt":{"rendered":"<p><strong>Sp\u00e9cifications<\/strong><\/p>\n<ul data-start=\"1716\" data-end=\"1946\">\n<li class=\"\" data-start=\"1716\" data-end=\"1746\">\n<p class=\"\" data-start=\"1718\" data-end=\"1746\"><strong data-start=\"1718\" data-end=\"1727\">Taille :<\/strong> 4\u00d76' (120x180cm)<\/p>\n<\/li>\n<li class=\"\" data-start=\"1747\" data-end=\"1820\">\n<p class=\"\" data-start=\"1749\" data-end=\"1820\"><strong data-start=\"1749\" data-end=\"1762\">Mat\u00e9riau :<\/strong> Tissu r\u00e9fl\u00e9chissant de haute qualit\u00e9 pour un meilleur contr\u00f4le de la lumi\u00e8re<\/p>\n<\/li>\n<li class=\"\" data-start=\"1821\" data-end=\"1872\">\n<p class=\"\" data-start=\"1823\" data-end=\"1872\"><strong data-start=\"1823\" data-end=\"1833\">Cadre :<\/strong> Cadre de support l\u00e9ger mais solide<\/p>\n<\/li>\n<li class=\"\" data-start=\"1873\" data-end=\"1946\">\n<p class=\"\" data-start=\"1875\" data-end=\"1946\"><strong data-start=\"1875\" data-end=\"1884\">Utilisations :<\/strong> Photographie, vid\u00e9ographie, prises de vue en ext\u00e9rieur et installations en studio<\/p>\n<\/li>\n<\/ul>","protected":false},"featured_media":6916,"template":"","meta":{"om_disable_all_campaigns":false,"_monsterinsights_skip_tracking":false,"_monsterinsights_sitenote_active":false,"_monsterinsights_sitenote_note":"","_monsterinsights_sitenote_category":0,"_uf_show_specific_survey":0,"_uf_disable_surveys":false},"product_brand":[],"product_cat":[91,79],"product_tag":[],"class_list":{"0":"post-11882","1":"product","2":"type-product","3":"status-publish","4":"has-post-thumbnail","6":"product_cat-fabrics-and-bounces-cinesouk","7":"product_cat-photography-cinesouk","9":"entry","10":"has-media","12":"first","13":"instock","14":"taxable","15":"shipping-taxable","16":"purchasable","17":"product-type-variable","18":"has-product-nav","19":"col","20":"span_1_of_3","21":"owp-content-center","22":"owp-thumbs-layout-horizontal","23":"owp-btn-normal","24":"owp-tabs-layout-horizontal","25":"has-no-thumbnails"},"yoast_head":"<!-- This site is optimized with the Yoast SEO Premium plugin v26.0 (Yoast SEO v26.0) - https:\/\/yoast.com\/wordpress\/plugins\/seo\/ -->\n<title>California Sunbounce Pro 4x6\u2019 (120x180cm) Kit - CineSouk - For rent<\/title>\n<meta name=\"description\" content=\"California Sunbounce Pro 4x6\u2019 (120x180cm) Kit \u2013 High-quality, durable light reflector for professional photography and videography. Portable, easy to set up, and perfect for studio or outdoor shoots.\" \/>\n<meta name=\"robots\" content=\"index, follow, max-snippet:-1, max-image-preview:large, max-video-preview:-1\" \/>\n<link rel=\"canonical\" href=\"https:\/\/www.cinesouk.ma\/fr\/produit\/california-sunbounce-pro-4x6-120x180cm-kit\/\" \/>\n<meta property=\"og:locale\" content=\"fr_FR\" \/>\n<meta property=\"og:type\" content=\"article\" \/>\n<meta property=\"og:title\" content=\"California Sunbounce Pro 4x6\u2019 (120x180cm) Kit\" \/>\n<meta property=\"og:description\" content=\"California Sunbounce Pro 4x6\u2019 (120x180cm) Kit \u2013 High-quality, durable light reflector for professional photography and videography. Portable, easy to set up, and perfect for studio or outdoor shoots.\" \/>\n<meta property=\"og:url\" content=\"https:\/\/www.cinesouk.ma\/fr\/produit\/california-sunbounce-pro-4x6-120x180cm-kit\/\" \/>\n<meta property=\"og:site_name\" content=\"CineSouk\" \/>\n<meta property=\"article:modified_time\" content=\"2026-02-05T13:29:46+00:00\" \/>\n<meta property=\"og:image\" content=\"https:\/\/www.cinesouk.ma\/wp-content\/uploads\/2024\/05\/16.jpg\" \/>\n\t<meta property=\"og:image:width\" content=\"300\" \/>\n\t<meta property=\"og:image:height\" content=\"238\" \/>\n\t<meta property=\"og:image:type\" content=\"image\/jpeg\" \/>\n<meta name=\"twitter:card\" content=\"summary_large_image\" \/>\n<meta name=\"twitter:description\" content=\"California Sunbounce Pro 4x6\u2019 (120x180cm) Kit \u2013 High-quality, durable light reflector for professional photography and videography. Portable, easy to set up, and perfect for studio or outdoor shoots.\" \/>\n<meta name=\"twitter:label1\" content=\"Dur\u00e9e de lecture estim\u00e9e\" \/>\n\t<meta name=\"twitter:data1\" content=\"2 minutes\" \/>\n<script type=\"application\/ld+json\" class=\"yoast-schema-graph\">{\"@context\":\"https:\/\/schema.org\",\"@graph\":[{\"@type\":\"WebPage\",\"@id\":\"https:\/\/www.cinesouk.ma\/product\/california-sunbounce-pro-4x6-120x180cm-kit\/\",\"url\":\"https:\/\/www.cinesouk.ma\/product\/california-sunbounce-pro-4x6-120x180cm-kit\/\",\"name\":\"California Sunbounce Pro 4x6\u2019 (120x180cm) Kit - CineSouk - For rent\",\"isPartOf\":{\"@id\":\"https:\/\/www.cinesouk.ma\/#website\"},\"primaryImageOfPage\":{\"@id\":\"https:\/\/www.cinesouk.ma\/product\/california-sunbounce-pro-4x6-120x180cm-kit\/#primaryimage\"},\"image\":{\"@id\":\"https:\/\/www.cinesouk.ma\/product\/california-sunbounce-pro-4x6-120x180cm-kit\/#primaryimage\"},\"thumbnailUrl\":\"https:\/\/www.cinesouk.ma\/wp-content\/uploads\/2024\/05\/16.jpg\",\"datePublished\":\"2025-03-22T19:54:02+00:00\",\"dateModified\":\"2026-02-05T13:29:46+00:00\",\"description\":\"California Sunbounce Pro 4x6\u2019 (120x180cm) Kit \u2013 High-quality, durable light reflector for professional photography and videography. Portable, easy to set up, and perfect for studio or outdoor shoots.\",\"breadcrumb\":{\"@id\":\"https:\/\/www.cinesouk.ma\/product\/california-sunbounce-pro-4x6-120x180cm-kit\/#breadcrumb\"},\"inLanguage\":\"fr-FR\",\"potentialAction\":[{\"@type\":\"ReadAction\",\"target\":[\"https:\/\/www.cinesouk.ma\/product\/california-sunbounce-pro-4x6-120x180cm-kit\/\"]}]},{\"@type\":\"ImageObject\",\"inLanguage\":\"fr-FR\",\"@id\":\"https:\/\/www.cinesouk.ma\/product\/california-sunbounce-pro-4x6-120x180cm-kit\/#primaryimage\",\"url\":\"https:\/\/www.cinesouk.ma\/wp-content\/uploads\/2024\/05\/16.jpg\",\"contentUrl\":\"https:\/\/www.cinesouk.ma\/wp-content\/uploads\/2024\/05\/16.jpg\",\"width\":300,\"height\":238,\"caption\":\"Sunbounce light reflector\"},{\"@type\":\"BreadcrumbList\",\"@id\":\"https:\/\/www.cinesouk.ma\/product\/california-sunbounce-pro-4x6-120x180cm-kit\/#breadcrumb\",\"itemListElement\":[{\"@type\":\"ListItem\",\"position\":1,\"name\":\"Home\",\"item\":\"https:\/\/www.cinesouk.ma\/\"},{\"@type\":\"ListItem\",\"position\":2,\"name\":\"Shop\",\"item\":\"https:\/\/www.cinesouk.ma\/shop\/\"},{\"@type\":\"ListItem\",\"position\":3,\"name\":\"California Sunbounce Pro 4&#215;6\u2019 (120x180cm) Kit\"}]},{\"@type\":\"WebSite\",\"@id\":\"https:\/\/www.cinesouk.ma\/#website\",\"url\":\"https:\/\/www.cinesouk.ma\/\",\"name\":\"CineSouk\",\"description\":\"\",\"publisher\":{\"@id\":\"https:\/\/www.cinesouk.ma\/#organization\"},\"potentialAction\":[{\"@type\":\"SearchAction\",\"target\":{\"@type\":\"EntryPoint\",\"urlTemplate\":\"https:\/\/www.cinesouk.ma\/?s={search_term_string}\"},\"query-input\":{\"@type\":\"PropertyValueSpecification\",\"valueRequired\":true,\"valueName\":\"search_term_string\"}}],\"inLanguage\":\"fr-FR\"},{\"@type\":\"Organization\",\"@id\":\"https:\/\/www.cinesouk.ma\/#organization\",\"name\":\"CineSouk\",\"url\":\"https:\/\/www.cinesouk.ma\/\",\"logo\":{\"@type\":\"ImageObject\",\"inLanguage\":\"fr-FR\",\"@id\":\"https:\/\/www.cinesouk.ma\/#\/schema\/logo\/image\/\",\"url\":\"https:\/\/www.cinesouk.ma\/wp-content\/uploads\/2024\/01\/CineSouk-logo-v01-alpha-alligned-left.png\",\"contentUrl\":\"https:\/\/www.cinesouk.ma\/wp-content\/uploads\/2024\/01\/CineSouk-logo-v01-alpha-alligned-left.png\",\"width\":3204,\"height\":889,\"caption\":\"CineSouk\"},\"image\":{\"@id\":\"https:\/\/www.cinesouk.ma\/#\/schema\/logo\/image\/\"}}]}<\/script>\n<!-- \/ Yoast SEO Premium plugin. -->","yoast_head_json":{"title":"California Sunbounce Pro 4x6\u2019 (120x180cm) Kit - CineSouk - For rent","description":"California Sunbounce Pro 4x6\u2019 (120x180cm) Kit \u2013 High-quality, durable light reflector for professional photography and videography. Portable, easy to set up, and perfect for studio or outdoor shoots.","robots":{"index":"index","follow":"follow","max-snippet":"max-snippet:-1","max-image-preview":"max-image-preview:large","max-video-preview":"max-video-preview:-1"},"canonical":"https:\/\/www.cinesouk.ma\/fr\/produit\/california-sunbounce-pro-4x6-120x180cm-kit\/","og_locale":"fr_FR","og_type":"article","og_title":"California Sunbounce Pro 4x6\u2019 (120x180cm) Kit","og_description":"California Sunbounce Pro 4x6\u2019 (120x180cm) Kit \u2013 High-quality, durable light reflector for professional photography and videography. Portable, easy to set up, and perfect for studio or outdoor shoots.","og_url":"https:\/\/www.cinesouk.ma\/fr\/produit\/california-sunbounce-pro-4x6-120x180cm-kit\/","og_site_name":"CineSouk","article_modified_time":"2026-02-05T13:29:46+00:00","og_image":[{"width":300,"height":238,"url":"https:\/\/www.cinesouk.ma\/wp-content\/uploads\/2024\/05\/16.jpg","type":"image\/jpeg"}],"twitter_card":"summary_large_image","twitter_description":"California Sunbounce Pro 4x6\u2019 (120x180cm) Kit \u2013 High-quality, durable light reflector for professional photography and videography. Portable, easy to set up, and perfect for studio or outdoor shoots.","twitter_misc":{"Dur\u00e9e de lecture estim\u00e9e":"2 minutes"},"schema":{"@context":"https:\/\/schema.org","@graph":[{"@type":"WebPage","@id":"https:\/\/www.cinesouk.ma\/product\/california-sunbounce-pro-4x6-120x180cm-kit\/","url":"https:\/\/www.cinesouk.ma\/product\/california-sunbounce-pro-4x6-120x180cm-kit\/","name":"California Sunbounce Pro 4x6\u2019 (120x180cm) Kit - CineSouk - For rent","isPartOf":{"@id":"https:\/\/www.cinesouk.ma\/#website"},"primaryImageOfPage":{"@id":"https:\/\/www.cinesouk.ma\/product\/california-sunbounce-pro-4x6-120x180cm-kit\/#primaryimage"},"image":{"@id":"https:\/\/www.cinesouk.ma\/product\/california-sunbounce-pro-4x6-120x180cm-kit\/#primaryimage"},"thumbnailUrl":"https:\/\/www.cinesouk.ma\/wp-content\/uploads\/2024\/05\/16.jpg","datePublished":"2025-03-22T19:54:02+00:00","dateModified":"2026-02-05T13:29:46+00:00","description":"California Sunbounce Pro 4x6\u2019 (120x180cm) Kit \u2013 High-quality, durable light reflector for professional photography and videography. Portable, easy to set up, and perfect for studio or outdoor shoots.","breadcrumb":{"@id":"https:\/\/www.cinesouk.ma\/product\/california-sunbounce-pro-4x6-120x180cm-kit\/#breadcrumb"},"inLanguage":"fr-FR","potentialAction":[{"@type":"ReadAction","target":["https:\/\/www.cinesouk.ma\/product\/california-sunbounce-pro-4x6-120x180cm-kit\/"]}]},{"@type":"ImageObject","inLanguage":"fr-FR","@id":"https:\/\/www.cinesouk.ma\/product\/california-sunbounce-pro-4x6-120x180cm-kit\/#primaryimage","url":"https:\/\/www.cinesouk.ma\/wp-content\/uploads\/2024\/05\/16.jpg","contentUrl":"https:\/\/www.cinesouk.ma\/wp-content\/uploads\/2024\/05\/16.jpg","width":300,"height":238,"caption":"Sunbounce light reflector"},{"@type":"BreadcrumbList","@id":"https:\/\/www.cinesouk.ma\/product\/california-sunbounce-pro-4x6-120x180cm-kit\/#breadcrumb","itemListElement":[{"@type":"ListItem","position":1,"name":"Home","item":"https:\/\/www.cinesouk.ma\/"},{"@type":"ListItem","position":2,"name":"Shop","item":"https:\/\/www.cinesouk.ma\/shop\/"},{"@type":"ListItem","position":3,"name":"California Sunbounce Pro 4&#215;6\u2019 (120x180cm) Kit"}]},{"@type":"WebSite","@id":"https:\/\/www.cinesouk.ma\/#website","url":"https:\/\/www.cinesouk.ma\/","name":"CineSouk","description":"","publisher":{"@id":"https:\/\/www.cinesouk.ma\/#organization"},"potentialAction":[{"@type":"SearchAction","target":{"@type":"EntryPoint","urlTemplate":"https:\/\/www.cinesouk.ma\/?s={search_term_string}"},"query-input":{"@type":"PropertyValueSpecification","valueRequired":true,"valueName":"search_term_string"}}],"inLanguage":"fr-FR"},{"@type":"Organization","@id":"https:\/\/www.cinesouk.ma\/#organization","name":"CineSouk","url":"https:\/\/www.cinesouk.ma\/","logo":{"@type":"ImageObject","inLanguage":"fr-FR","@id":"https:\/\/www.cinesouk.ma\/#\/schema\/logo\/image\/","url":"https:\/\/www.cinesouk.ma\/wp-content\/uploads\/2024\/01\/CineSouk-logo-v01-alpha-alligned-left.png","contentUrl":"https:\/\/www.cinesouk.ma\/wp-content\/uploads\/2024\/01\/CineSouk-logo-v01-alpha-alligned-left.png","width":3204,"height":889,"caption":"CineSouk"},"image":{"@id":"https:\/\/www.cinesouk.ma\/#\/schema\/logo\/image\/"}}]}},"_links":{"self":[{"href":"https:\/\/www.cinesouk.ma\/fr\/wp-json\/wp\/v2\/product\/11882","targetHints":{"allow":["GET"]}}],"collection":[{"href":"https:\/\/www.cinesouk.ma\/fr\/wp-json\/wp\/v2\/product"}],"about":[{"href":"https:\/\/www.cinesouk.ma\/fr\/wp-json\/wp\/v2\/types\/product"}],"wp:featuredmedia":[{"embeddable":true,"href":"https:\/\/www.cinesouk.ma\/fr\/wp-json\/wp\/v2\/media\/6916"}],"wp:attachment":[{"href":"https:\/\/www.cinesouk.ma\/fr\/wp-json\/wp\/v2\/media?parent=11882"}],"wp:term":[{"taxonomy":"product_brand","embeddable":true,"href":"https:\/\/www.cinesouk.ma\/fr\/wp-json\/wp\/v2\/product_brand?post=11882"},{"taxonomy":"product_cat","embeddable":true,"href":"https:\/\/www.cinesouk.ma\/fr\/wp-json\/wp\/v2\/product_cat?post=11882"},{"taxonomy":"product_tag","embeddable":true,"href":"https:\/\/www.cinesouk.ma\/fr\/wp-json\/wp\/v2\/product_tag?post=11882"}],"curies":[{"name":"wp","href":"https:\/\/api.w.org\/{rel}","templated":true}]}}