{"id":11893,"date":"2025-04-08T10:12:20","date_gmt":"2025-04-08T10:12:20","guid":{"rendered":"https:\/\/www.cinesouk.ma\/?post_type=product&#038;p=11893"},"modified":"2026-02-05T13:36:38","modified_gmt":"2026-02-05T13:36:38","slug":"ultrabounce-negative-fill-2-in1-fabric-36x36m-12x12","status":"publish","type":"product","link":"https:\/\/www.cinesouk.ma\/fr\/produit\/ultrabounce-negative-fill-2-in1-fabric-36x36m-12x12\/","title":{"rendered":"Tissu 2-en1 Ultrabounce \/ Negative Fill - 3,6\u00d73,6m (12'x12')"},"content":{"rendered":"<p class=\"\" data-start=\"72\" data-end=\"422\">Le tissu 2-en-1 Ultrabounce \/ Negative Fill est un outil d'\u00e9clairage polyvalent pour les photographes et les cin\u00e9astes qui ont besoin d'un contr\u00f4le pr\u00e9cis de la r\u00e9flexion et de l'absorption de la lumi\u00e8re. Ce tissu \u00e0 double usage offre deux fonctions essentielles : Ultrabounce pour r\u00e9fl\u00e9chir la lumi\u00e8re et Negative Fill pour bloquer la lumi\u00e8re ou cr\u00e9er des ombres.<\/p>\n<p class=\"\" data-start=\"424\" data-end=\"785\">Avec ses dimensions de 3,6 x 3,6 m (12 pi x 12 pi), cette toile offre une couverture suffisante pour les grandes installations ou les prises de vue en groupe. La face Ultrabounce pr\u00e9sente une surface argent\u00e9e r\u00e9fl\u00e9chissante pour \u00e9claircir les ombres et ajouter du contraste \u00e0 votre sujet. De l'autre c\u00f4t\u00e9, la face Negative Fill pr\u00e9sente une surface noire mate qui absorbe la lumi\u00e8re et r\u00e9duit la lumi\u00e8re ind\u00e9sirable, cr\u00e9ant ainsi de la profondeur dans votre sc\u00e8ne.<\/p>\n<p class=\"\" data-start=\"787\" data-end=\"949\">Gr\u00e2ce \u00e0 sa l\u00e9g\u00e8ret\u00e9 et \u00e0 sa durabilit\u00e9, ce tissu est facile \u00e0 transporter et \u00e0 mettre en place, ce qui le rend id\u00e9al pour les prises de vue en studio et sur place.<\/p>\n<h3 class=\"\" data-start=\"951\" data-end=\"1016\">Pourquoi choisir le tissu 2 en 1 Ultrabounce \/ Negative Fill ?<\/h3>\n<p class=\"\" data-start=\"1018\" data-end=\"1379\">Ce tissu 2 en 1 est parfait pour les cin\u00e9astes et les photographes qui souhaitent contr\u00f4ler leur \u00e9clairage de diff\u00e9rentes mani\u00e8res. Qu'il s'agisse de faire rebondir la lumi\u00e8re ou de cr\u00e9er des ombres spectaculaires, ce tissu offre la flexibilit\u00e9 n\u00e9cessaire \u00e0 diff\u00e9rentes configurations d'\u00e9clairage. Sa double fonction en fait une solution rentable pour les tournages professionnels.<\/p>\n<h3 class=\"\" data-start=\"1381\" data-end=\"1401\"><strong data-start=\"1385\" data-end=\"1401\">Caract\u00e9ristiques principales<\/strong><\/h3>\n<ul data-start=\"1403\" data-end=\"2011\">\n<li class=\"\" data-start=\"1403\" data-end=\"1520\">\n<p class=\"\" data-start=\"1405\" data-end=\"1520\"><strong data-start=\"1405\" data-end=\"1429\">Fonctionnalit\u00e9 2 en 1<\/strong>: Un c\u00f4t\u00e9 <strong data-start=\"1440\" data-end=\"1458\">refl\u00e8te la lumi\u00e8re<\/strong> (Ultrabounce), l'autre <strong data-start=\"1484\" data-end=\"1501\">absorbe la lumi\u00e8re<\/strong> (Remplissage n\u00e9gatif).<\/p>\n<\/li>\n<li class=\"\" data-start=\"1521\" data-end=\"1610\">\n<p class=\"\" data-start=\"1523\" data-end=\"1610\"><strong data-start=\"1523\" data-end=\"1537\">Grande taille<\/strong>: <strong data-start=\"1539\" data-end=\"1561\">3,6\u00d73,6m (12'x12')<\/strong>parfait pour les <strong data-start=\"1575\" data-end=\"1607\">les photos de groupe et les grandes mises en sc\u00e8ne<\/strong>.<\/p>\n<\/li>\n<li class=\"\" data-start=\"1611\" data-end=\"1722\">\n<p class=\"\" data-start=\"1613\" data-end=\"1722\"><strong data-start=\"1613\" data-end=\"1642\">Surface argent\u00e9e r\u00e9fl\u00e9chissante<\/strong>: <strong data-start=\"1644\" data-end=\"1664\">C\u00f4t\u00e9 Ultrabounce<\/strong> am\u00e9liore <strong data-start=\"1674\" data-end=\"1686\">l'\u00e9clairage<\/strong>pour des prises de vue lumineuses et d\u00e9taill\u00e9es.<\/p>\n<\/li>\n<li class=\"\" data-start=\"1723\" data-end=\"1841\">\n<p class=\"\" data-start=\"1725\" data-end=\"1841\"><strong data-start=\"1725\" data-end=\"1748\">Surface noire mate<\/strong>: <strong data-start=\"1750\" data-end=\"1772\">N\u00e9gatif C\u00f4t\u00e9 remplissage<\/strong> <strong data-start=\"1773\" data-end=\"1790\">absorbe la lumi\u00e8re<\/strong>Les images de l'image de marque peuvent \u00eatre utilis\u00e9es dans les deux sens, ce qui permet d'ajouter de la profondeur et de r\u00e9duire les reflets non d\u00e9sir\u00e9s.<\/p>\n<\/li>\n<li class=\"\" data-start=\"1842\" data-end=\"1934\">\n<p class=\"\" data-start=\"1844\" data-end=\"1934\"><strong data-start=\"1844\" data-end=\"1870\">L\u00e9ger et portable<\/strong>: <strong data-start=\"1872\" data-end=\"1904\">Facile \u00e0 manipuler et \u00e0 transporter<\/strong> pour <strong data-start=\"1909\" data-end=\"1931\">prises de vue sur place<\/strong>.<\/p>\n<\/li>\n<li class=\"\" data-start=\"1935\" data-end=\"2011\">\n<p class=\"\" data-start=\"1937\" data-end=\"2011\"><strong data-start=\"1937\" data-end=\"1955\">Tissu durable<\/strong>: Construit pour durer <strong data-start=\"1973\" data-end=\"2010\">environnements de production exigeants<\/strong>.<\/p>\n<\/li>\n<\/ul>\n<h3 class=\"\" data-start=\"2013\" data-end=\"2035\"><strong data-start=\"2017\" data-end=\"2035\">Sp\u00e9cifications<\/strong><\/h3>\n<ul data-start=\"2037\" data-end=\"2254\">\n<li class=\"\" data-start=\"2037\" data-end=\"2074\">\n<p class=\"\" data-start=\"2039\" data-end=\"2074\"><strong data-start=\"2039\" data-end=\"2051\">Mat\u00e9riau<\/strong>: Tissu de haute qualit\u00e9<\/p>\n<\/li>\n<li class=\"\" data-start=\"2075\" data-end=\"2107\">\n<p class=\"\" data-start=\"2077\" data-end=\"2107\"><strong data-start=\"2077\" data-end=\"2085\">Taille<\/strong>: 3,6\u00d73,6m (12'x12')<\/p>\n<\/li>\n<li class=\"\" data-start=\"2108\" data-end=\"2170\">\n<p class=\"\" data-start=\"2110\" data-end=\"2170\"><strong data-start=\"2110\" data-end=\"2123\">Fonctions<\/strong>: Ultrabounce (argent), Negative Fill (noir)<\/p>\n<\/li>\n<li class=\"\" data-start=\"2171\" data-end=\"2254\">\n<p class=\"\" data-start=\"2173\" data-end=\"2254\"><strong data-start=\"2173\" data-end=\"2189\">Applications<\/strong>: <strong data-start=\"2191\" data-end=\"2252\">Portraits, vid\u00e9ographie, production de films, contr\u00f4le de l'\u00e9clairage<\/strong><\/p>\n<\/li>\n<\/ul>\n<p class=\"\" data-start=\"2256\" data-end=\"2564\">Le tissu 2-en-1 Ultrabounce \/ Negative Fill est parfait pour les directeurs de la photographie et les photographes qui souhaitent ajouter de la polyvalence \u00e0 leur \u00e9clairage. Qu'il s'agisse de r\u00e9fl\u00e9chir ou d'absorber la lumi\u00e8re, ce tissu offre un contr\u00f4le pr\u00e9cis sur vos configurations d'\u00e9clairage, vous aidant \u00e0 obtenir des r\u00e9sultats professionnels.<\/p>\n<p>Louez-le maintenant sur <a href=\"https:\/\/www.cinesouk.ma\/fr\">CINESOUK<\/a> - une marque de <a href=\"https:\/\/www.broadway.ma\/\">BROADWAY PRODUCTIONS SARL.<\/a><\/p>","protected":false},"excerpt":{"rendered":"<p><strong>Sp\u00e9cifications<\/strong><\/p>\n<ul>\n<li class=\"\" data-start=\"2037\" data-end=\"2074\">\n<p class=\"\" data-start=\"2039\" data-end=\"2074\"><strong data-start=\"2039\" data-end=\"2051\">Mat\u00e9riau<\/strong>: Tissu de haute qualit\u00e9<\/p>\n<\/li>\n<li class=\"\" data-start=\"2075\" data-end=\"2107\">\n<p class=\"\" data-start=\"2077\" data-end=\"2107\"><strong data-start=\"2077\" data-end=\"2085\">Taille<\/strong>: 3,6\u00d73,6m (12'x12')<\/p>\n<\/li>\n<li class=\"\" data-start=\"2108\" data-end=\"2170\">\n<p class=\"\" data-start=\"2110\" data-end=\"2170\"><strong data-start=\"2110\" data-end=\"2123\">Fonctions<\/strong>: Ultrabounce (argent), Negative Fill (noir)<\/p>\n<\/li>\n<li class=\"\" data-start=\"2171\" data-end=\"2254\">\n<p class=\"\" data-start=\"2173\" data-end=\"2254\"><strong data-start=\"2173\" data-end=\"2189\">Applications<\/strong>: <strong data-start=\"2191\" data-end=\"2252\">Portraits, vid\u00e9ographie, production de films, contr\u00f4le de l'\u00e9clairage<\/strong><\/p>\n<\/li>\n<\/ul>","protected":false},"featured_media":11878,"template":"","meta":{"om_disable_all_campaigns":false,"_monsterinsights_skip_tracking":false,"_monsterinsights_sitenote_active":false,"_monsterinsights_sitenote_note":"","_monsterinsights_sitenote_category":0,"_uf_show_specific_survey":0,"_uf_disable_surveys":false},"product_brand":[],"product_cat":[91],"product_tag":[],"class_list":{"0":"post-11893","1":"product","2":"type-product","3":"status-publish","4":"has-post-thumbnail","6":"product_cat-fabrics-and-bounces-cinesouk","8":"entry","9":"has-media","11":"first","12":"instock","13":"taxable","14":"shipping-taxable","15":"purchasable","16":"product-type-variable","17":"has-product-nav","18":"col","19":"span_1_of_3","20":"owp-content-center","21":"owp-thumbs-layout-horizontal","22":"owp-btn-normal","23":"owp-tabs-layout-horizontal","24":"has-no-thumbnails"},"yoast_head":"<!-- This site is optimized with the Yoast SEO Premium plugin v26.0 (Yoast SEO v26.0) - https:\/\/yoast.com\/wordpress\/plugins\/seo\/ -->\n<title>Ultrabounce \/ Negative Fill 2-in1 fabric - 3,6x3,6m (12\u2019x12\u2019) - CineSouk - For rent<\/title>\n<meta name=\"description\" content=\"Ultrabounce \/ Negative Fill 2-in-1 Fabric \u2013 3.6x3.6m (12\u2019x12\u2019) versatile lighting tool for bouncing light or creating shadows in photography and videography with silver and black surfaces.\" \/>\n<meta name=\"robots\" content=\"index, follow, max-snippet:-1, max-image-preview:large, max-video-preview:-1\" \/>\n<link rel=\"canonical\" href=\"https:\/\/www.cinesouk.ma\/fr\/produit\/ultrabounce-negative-fill-2-in1-fabric-36x36m-12x12\/\" \/>\n<meta property=\"og:locale\" content=\"fr_FR\" \/>\n<meta property=\"og:type\" content=\"article\" \/>\n<meta property=\"og:title\" content=\"Ultrabounce \/ Negative Fill 2-in1 fabric - 3,6x3,6m (12\u2019x12\u2019)\" \/>\n<meta property=\"og:description\" content=\"Ultrabounce \/ Negative Fill 2-in-1 Fabric \u2013 3.6x3.6m (12\u2019x12\u2019) versatile lighting tool for bouncing light or creating shadows in photography and videography with silver and black surfaces.\" \/>\n<meta property=\"og:url\" content=\"https:\/\/www.cinesouk.ma\/fr\/produit\/ultrabounce-negative-fill-2-in1-fabric-36x36m-12x12\/\" \/>\n<meta property=\"og:site_name\" content=\"CineSouk\" \/>\n<meta property=\"article:modified_time\" content=\"2026-02-05T13:36:38+00:00\" \/>\n<meta property=\"og:image\" content=\"https:\/\/www.cinesouk.ma\/wp-content\/uploads\/2025\/03\/ultrabounce-black-_-white.jpg\" \/>\n\t<meta property=\"og:image:width\" content=\"300\" \/>\n\t<meta property=\"og:image:height\" content=\"238\" \/>\n\t<meta property=\"og:image:type\" content=\"image\/jpeg\" \/>\n<meta name=\"twitter:card\" content=\"summary_large_image\" \/>\n<meta name=\"twitter:description\" content=\"Ultrabounce \/ Negative Fill 2-in-1 Fabric \u2013 3.6x3.6m (12\u2019x12\u2019) versatile lighting tool for bouncing light or creating shadows in photography and videography with silver and black surfaces.\" \/>\n<meta name=\"twitter:label1\" content=\"Dur\u00e9e de lecture estim\u00e9e\" \/>\n\t<meta name=\"twitter:data1\" content=\"2 minutes\" \/>\n<script type=\"application\/ld+json\" class=\"yoast-schema-graph\">{\"@context\":\"https:\/\/schema.org\",\"@graph\":[{\"@type\":\"WebPage\",\"@id\":\"https:\/\/www.cinesouk.ma\/product\/ultrabounce-negative-fill-2-in1-fabric-36x36m-12x12\/\",\"url\":\"https:\/\/www.cinesouk.ma\/product\/ultrabounce-negative-fill-2-in1-fabric-36x36m-12x12\/\",\"name\":\"Ultrabounce \/ Negative Fill 2-in1 fabric - 3,6x3,6m (12\u2019x12\u2019) - CineSouk - For rent\",\"isPartOf\":{\"@id\":\"https:\/\/www.cinesouk.ma\/#website\"},\"primaryImageOfPage\":{\"@id\":\"https:\/\/www.cinesouk.ma\/product\/ultrabounce-negative-fill-2-in1-fabric-36x36m-12x12\/#primaryimage\"},\"image\":{\"@id\":\"https:\/\/www.cinesouk.ma\/product\/ultrabounce-negative-fill-2-in1-fabric-36x36m-12x12\/#primaryimage\"},\"thumbnailUrl\":\"https:\/\/www.cinesouk.ma\/wp-content\/uploads\/2025\/03\/ultrabounce-black-_-white.jpg\",\"datePublished\":\"2025-04-08T10:12:20+00:00\",\"dateModified\":\"2026-02-05T13:36:38+00:00\",\"description\":\"Ultrabounce \/ Negative Fill 2-in-1 Fabric \u2013 3.6x3.6m (12\u2019x12\u2019) versatile lighting tool for bouncing light or creating shadows in photography and videography with silver and black surfaces.\",\"breadcrumb\":{\"@id\":\"https:\/\/www.cinesouk.ma\/product\/ultrabounce-negative-fill-2-in1-fabric-36x36m-12x12\/#breadcrumb\"},\"inLanguage\":\"fr-FR\",\"potentialAction\":[{\"@type\":\"ReadAction\",\"target\":[\"https:\/\/www.cinesouk.ma\/product\/ultrabounce-negative-fill-2-in1-fabric-36x36m-12x12\/\"]}]},{\"@type\":\"ImageObject\",\"inLanguage\":\"fr-FR\",\"@id\":\"https:\/\/www.cinesouk.ma\/product\/ultrabounce-negative-fill-2-in1-fabric-36x36m-12x12\/#primaryimage\",\"url\":\"https:\/\/www.cinesouk.ma\/wp-content\/uploads\/2025\/03\/ultrabounce-black-_-white.jpg\",\"contentUrl\":\"https:\/\/www.cinesouk.ma\/wp-content\/uploads\/2025\/03\/ultrabounce-black-_-white.jpg\",\"width\":300,\"height\":238,\"caption\":\"ultrabounce-black-_-white\"},{\"@type\":\"BreadcrumbList\",\"@id\":\"https:\/\/www.cinesouk.ma\/product\/ultrabounce-negative-fill-2-in1-fabric-36x36m-12x12\/#breadcrumb\",\"itemListElement\":[{\"@type\":\"ListItem\",\"position\":1,\"name\":\"Home\",\"item\":\"https:\/\/www.cinesouk.ma\/\"},{\"@type\":\"ListItem\",\"position\":2,\"name\":\"Shop\",\"item\":\"https:\/\/www.cinesouk.ma\/shop\/\"},{\"@type\":\"ListItem\",\"position\":3,\"name\":\"Ultrabounce \/ Negative Fill 2-in1 fabric &#8211; 3,6&#215;3,6m (12\u2019x12\u2019)\"}]},{\"@type\":\"WebSite\",\"@id\":\"https:\/\/www.cinesouk.ma\/#website\",\"url\":\"https:\/\/www.cinesouk.ma\/\",\"name\":\"CineSouk\",\"description\":\"\",\"publisher\":{\"@id\":\"https:\/\/www.cinesouk.ma\/#organization\"},\"potentialAction\":[{\"@type\":\"SearchAction\",\"target\":{\"@type\":\"EntryPoint\",\"urlTemplate\":\"https:\/\/www.cinesouk.ma\/?s={search_term_string}\"},\"query-input\":{\"@type\":\"PropertyValueSpecification\",\"valueRequired\":true,\"valueName\":\"search_term_string\"}}],\"inLanguage\":\"fr-FR\"},{\"@type\":\"Organization\",\"@id\":\"https:\/\/www.cinesouk.ma\/#organization\",\"name\":\"CineSouk\",\"url\":\"https:\/\/www.cinesouk.ma\/\",\"logo\":{\"@type\":\"ImageObject\",\"inLanguage\":\"fr-FR\",\"@id\":\"https:\/\/www.cinesouk.ma\/#\/schema\/logo\/image\/\",\"url\":\"https:\/\/www.cinesouk.ma\/wp-content\/uploads\/2024\/01\/CineSouk-logo-v01-alpha-alligned-left.png\",\"contentUrl\":\"https:\/\/www.cinesouk.ma\/wp-content\/uploads\/2024\/01\/CineSouk-logo-v01-alpha-alligned-left.png\",\"width\":3204,\"height\":889,\"caption\":\"CineSouk\"},\"image\":{\"@id\":\"https:\/\/www.cinesouk.ma\/#\/schema\/logo\/image\/\"}}]}<\/script>\n<!-- \/ Yoast SEO Premium plugin. -->","yoast_head_json":{"title":"Ultrabounce \/ Negative Fill 2-in1 fabric - 3,6x3,6m (12\u2019x12\u2019) - CineSouk - For rent","description":"Ultrabounce \/ Negative Fill 2-in-1 Fabric \u2013 3.6x3.6m (12\u2019x12\u2019) versatile lighting tool for bouncing light or creating shadows in photography and videography with silver and black surfaces.","robots":{"index":"index","follow":"follow","max-snippet":"max-snippet:-1","max-image-preview":"max-image-preview:large","max-video-preview":"max-video-preview:-1"},"canonical":"https:\/\/www.cinesouk.ma\/fr\/produit\/ultrabounce-negative-fill-2-in1-fabric-36x36m-12x12\/","og_locale":"fr_FR","og_type":"article","og_title":"Ultrabounce \/ Negative Fill 2-in1 fabric - 3,6x3,6m (12\u2019x12\u2019)","og_description":"Ultrabounce \/ Negative Fill 2-in-1 Fabric \u2013 3.6x3.6m (12\u2019x12\u2019) versatile lighting tool for bouncing light or creating shadows in photography and videography with silver and black surfaces.","og_url":"https:\/\/www.cinesouk.ma\/fr\/produit\/ultrabounce-negative-fill-2-in1-fabric-36x36m-12x12\/","og_site_name":"CineSouk","article_modified_time":"2026-02-05T13:36:38+00:00","og_image":[{"width":300,"height":238,"url":"https:\/\/www.cinesouk.ma\/wp-content\/uploads\/2025\/03\/ultrabounce-black-_-white.jpg","type":"image\/jpeg"}],"twitter_card":"summary_large_image","twitter_description":"Ultrabounce \/ Negative Fill 2-in-1 Fabric \u2013 3.6x3.6m (12\u2019x12\u2019) versatile lighting tool for bouncing light or creating shadows in photography and videography with silver and black surfaces.","twitter_misc":{"Dur\u00e9e de lecture estim\u00e9e":"2 minutes"},"schema":{"@context":"https:\/\/schema.org","@graph":[{"@type":"WebPage","@id":"https:\/\/www.cinesouk.ma\/product\/ultrabounce-negative-fill-2-in1-fabric-36x36m-12x12\/","url":"https:\/\/www.cinesouk.ma\/product\/ultrabounce-negative-fill-2-in1-fabric-36x36m-12x12\/","name":"Ultrabounce \/ Negative Fill 2-in1 fabric - 3,6x3,6m (12\u2019x12\u2019) - CineSouk - For rent","isPartOf":{"@id":"https:\/\/www.cinesouk.ma\/#website"},"primaryImageOfPage":{"@id":"https:\/\/www.cinesouk.ma\/product\/ultrabounce-negative-fill-2-in1-fabric-36x36m-12x12\/#primaryimage"},"image":{"@id":"https:\/\/www.cinesouk.ma\/product\/ultrabounce-negative-fill-2-in1-fabric-36x36m-12x12\/#primaryimage"},"thumbnailUrl":"https:\/\/www.cinesouk.ma\/wp-content\/uploads\/2025\/03\/ultrabounce-black-_-white.jpg","datePublished":"2025-04-08T10:12:20+00:00","dateModified":"2026-02-05T13:36:38+00:00","description":"Ultrabounce \/ Negative Fill 2-in-1 Fabric \u2013 3.6x3.6m (12\u2019x12\u2019) versatile lighting tool for bouncing light or creating shadows in photography and videography with silver and black surfaces.","breadcrumb":{"@id":"https:\/\/www.cinesouk.ma\/product\/ultrabounce-negative-fill-2-in1-fabric-36x36m-12x12\/#breadcrumb"},"inLanguage":"fr-FR","potentialAction":[{"@type":"ReadAction","target":["https:\/\/www.cinesouk.ma\/product\/ultrabounce-negative-fill-2-in1-fabric-36x36m-12x12\/"]}]},{"@type":"ImageObject","inLanguage":"fr-FR","@id":"https:\/\/www.cinesouk.ma\/product\/ultrabounce-negative-fill-2-in1-fabric-36x36m-12x12\/#primaryimage","url":"https:\/\/www.cinesouk.ma\/wp-content\/uploads\/2025\/03\/ultrabounce-black-_-white.jpg","contentUrl":"https:\/\/www.cinesouk.ma\/wp-content\/uploads\/2025\/03\/ultrabounce-black-_-white.jpg","width":300,"height":238,"caption":"ultrabounce-black-_-white"},{"@type":"BreadcrumbList","@id":"https:\/\/www.cinesouk.ma\/product\/ultrabounce-negative-fill-2-in1-fabric-36x36m-12x12\/#breadcrumb","itemListElement":[{"@type":"ListItem","position":1,"name":"Home","item":"https:\/\/www.cinesouk.ma\/"},{"@type":"ListItem","position":2,"name":"Shop","item":"https:\/\/www.cinesouk.ma\/shop\/"},{"@type":"ListItem","position":3,"name":"Ultrabounce \/ Negative Fill 2-in1 fabric &#8211; 3,6&#215;3,6m (12\u2019x12\u2019)"}]},{"@type":"WebSite","@id":"https:\/\/www.cinesouk.ma\/#website","url":"https:\/\/www.cinesouk.ma\/","name":"CineSouk","description":"","publisher":{"@id":"https:\/\/www.cinesouk.ma\/#organization"},"potentialAction":[{"@type":"SearchAction","target":{"@type":"EntryPoint","urlTemplate":"https:\/\/www.cinesouk.ma\/?s={search_term_string}"},"query-input":{"@type":"PropertyValueSpecification","valueRequired":true,"valueName":"search_term_string"}}],"inLanguage":"fr-FR"},{"@type":"Organization","@id":"https:\/\/www.cinesouk.ma\/#organization","name":"CineSouk","url":"https:\/\/www.cinesouk.ma\/","logo":{"@type":"ImageObject","inLanguage":"fr-FR","@id":"https:\/\/www.cinesouk.ma\/#\/schema\/logo\/image\/","url":"https:\/\/www.cinesouk.ma\/wp-content\/uploads\/2024\/01\/CineSouk-logo-v01-alpha-alligned-left.png","contentUrl":"https:\/\/www.cinesouk.ma\/wp-content\/uploads\/2024\/01\/CineSouk-logo-v01-alpha-alligned-left.png","width":3204,"height":889,"caption":"CineSouk"},"image":{"@id":"https:\/\/www.cinesouk.ma\/#\/schema\/logo\/image\/"}}]}},"_links":{"self":[{"href":"https:\/\/www.cinesouk.ma\/fr\/wp-json\/wp\/v2\/product\/11893","targetHints":{"allow":["GET"]}}],"collection":[{"href":"https:\/\/www.cinesouk.ma\/fr\/wp-json\/wp\/v2\/product"}],"about":[{"href":"https:\/\/www.cinesouk.ma\/fr\/wp-json\/wp\/v2\/types\/product"}],"wp:featuredmedia":[{"embeddable":true,"href":"https:\/\/www.cinesouk.ma\/fr\/wp-json\/wp\/v2\/media\/11878"}],"wp:attachment":[{"href":"https:\/\/www.cinesouk.ma\/fr\/wp-json\/wp\/v2\/media?parent=11893"}],"wp:term":[{"taxonomy":"product_brand","embeddable":true,"href":"https:\/\/www.cinesouk.ma\/fr\/wp-json\/wp\/v2\/product_brand?post=11893"},{"taxonomy":"product_cat","embeddable":true,"href":"https:\/\/www.cinesouk.ma\/fr\/wp-json\/wp\/v2\/product_cat?post=11893"},{"taxonomy":"product_tag","embeddable":true,"href":"https:\/\/www.cinesouk.ma\/fr\/wp-json\/wp\/v2\/product_tag?post=11893"}],"curies":[{"name":"wp","href":"https:\/\/api.w.org\/{rel}","templated":true}]}}