{"id":11904,"date":"2025-04-08T10:45:58","date_gmt":"2025-04-08T10:45:58","guid":{"rendered":"https:\/\/www.cinesouk.ma\/?post_type=product&#038;p=11904"},"modified":"2026-02-05T13:36:14","modified_gmt":"2026-02-05T13:36:14","slug":"ultrabounce-negative-fill-2-in1-fabric-60x60m-20x20","status":"publish","type":"product","link":"https:\/\/www.cinesouk.ma\/fr\/produit\/ultrabounce-negative-fill-2-in1-fabric-60x60m-20x20\/","title":{"rendered":"Tissu 2-en1 Ultrabounce \/ Negative Fill - 6,0\u00d76,0m (20'x20')"},"content":{"rendered":"<p class=\"\" data-start=\"72\" data-end=\"353\">Le tissu 2-en-1 Ultrabounce \/ Negative Fill 6,0\u00d76,0m est un outil polyvalent et essentiel pour les photographes et les cin\u00e9astes qui ont besoin d'un contr\u00f4le pr\u00e9cis de la lumi\u00e8re. Avec une grande taille de 6,0\u00d76,0m (20'x20'), ce tissu est parfait pour les tournages \u00e0 grande \u00e9chelle ou les configurations de groupe.<\/p>\n<p class=\"\" data-start=\"355\" data-end=\"748\">La face Ultrabounce pr\u00e9sente une surface argent\u00e9e r\u00e9fl\u00e9chissante qui permet d'\u00e9claircir les ombres et d'ajouter du contraste \u00e0 vos prises de vue. En revanche, la face Negative Fill pr\u00e9sente une surface noire mate qui absorbe la lumi\u00e8re, cr\u00e9e de la profondeur et r\u00e9duit les reflets ind\u00e9sirables. Ce tissu \u00e0 double fonction permet de contr\u00f4ler de mani\u00e8re cr\u00e9ative la fa\u00e7on dont la lumi\u00e8re interagit avec votre sujet.<\/p>\n<p class=\"\" data-start=\"750\" data-end=\"1015\">Gr\u00e2ce \u00e0 sa l\u00e9g\u00e8ret\u00e9, le tissu est facile \u00e0 transporter et \u00e0 installer, que vous travailliez en studio ou en ext\u00e9rieur. De plus, il est con\u00e7u pour r\u00e9sister aux exigences des tournages professionnels, ce qui garantit sa fiabilit\u00e9 et sa durabilit\u00e9.<\/p>\n<h3 class=\"\" data-start=\"1017\" data-end=\"1082\">Pourquoi choisir le tissu 2 en 1 Ultrabounce \/ Negative Fill ?<\/h3>\n<p class=\"\" data-start=\"1084\" data-end=\"1396\">Ce tissu 2 en 1 est id\u00e9al pour les professionnels qui ont besoin d'un contr\u00f4le flexible de la lumi\u00e8re. Qu'il s'agisse de faire rebondir la lumi\u00e8re ou de cr\u00e9er des ombres, ce tissu est pratique et polyvalent. Sa double fonction et sa grande taille en font une solution rentable pour une grande vari\u00e9t\u00e9 de configurations.<\/p>\n<h3 class=\"\" data-start=\"1398\" data-end=\"1418\"><strong data-start=\"1402\" data-end=\"1418\">Caract\u00e9ristiques principales<\/strong><\/h3>\n<ul data-start=\"1420\" data-end=\"1981\">\n<li class=\"\" data-start=\"1420\" data-end=\"1535\">\n<p class=\"\" data-start=\"1422\" data-end=\"1535\"><strong data-start=\"1422\" data-end=\"1446\">Fonctionnalit\u00e9 2 en 1<\/strong>: Une face refl\u00e8te la lumi\u00e8re (Ultrabounce), tandis que l'autre absorbe la lumi\u00e8re (Negative Fill).<\/p>\n<\/li>\n<li class=\"\" data-start=\"1536\" data-end=\"1615\">\n<p class=\"\" data-start=\"1538\" data-end=\"1615\"><strong data-start=\"1538\" data-end=\"1552\">Grande taille<\/strong>6.0\u00d76.0m (20'x20') pour les <strong data-start=\"1577\" data-end=\"1593\">grandes installations<\/strong> ou <strong data-start=\"1597\" data-end=\"1612\">photos de groupe<\/strong>.<\/p>\n<\/li>\n<li class=\"\" data-start=\"1616\" data-end=\"1717\">\n<p class=\"\" data-start=\"1618\" data-end=\"1717\"><strong data-start=\"1618\" data-end=\"1647\">Surface argent\u00e9e r\u00e9fl\u00e9chissante<\/strong>: \u00c9claircit les ombres et les <strong data-start=\"1671\" data-end=\"1688\">ajoute du contraste<\/strong> avec le c\u00f4t\u00e9 Ultrabounce.<\/p>\n<\/li>\n<li class=\"\" data-start=\"1718\" data-end=\"1808\">\n<p class=\"\" data-start=\"1720\" data-end=\"1808\"><strong data-start=\"1720\" data-end=\"1743\">Surface noire mate<\/strong>: Absorbe la lumi\u00e8re pour cr\u00e9er <strong data-start=\"1769\" data-end=\"1778\">profondeur<\/strong> et <strong data-start=\"1783\" data-end=\"1805\">r\u00e9duire les reflets<\/strong>.<\/p>\n<\/li>\n<li class=\"\" data-start=\"1809\" data-end=\"1894\">\n<p class=\"\" data-start=\"1811\" data-end=\"1894\"><strong data-start=\"1811\" data-end=\"1837\">Portable et l\u00e9ger<\/strong>: Facile \u00e0 manipuler et \u00e0 mettre en place <strong data-start=\"1869\" data-end=\"1891\">prises de vue sur place<\/strong>.<\/p>\n<\/li>\n<li class=\"\" data-start=\"1895\" data-end=\"1981\">\n<p class=\"\" data-start=\"1897\" data-end=\"1981\"><strong data-start=\"1897\" data-end=\"1915\">Tissu durable<\/strong>: Con\u00e7u pour <strong data-start=\"1930\" data-end=\"1950\">utilisation professionnelle<\/strong> en <strong data-start=\"1954\" data-end=\"1980\">environnements exigeants<\/strong>.<\/p>\n<\/li>\n<\/ul>\n<h3 class=\"\" data-start=\"1983\" data-end=\"2005\"><strong data-start=\"1987\" data-end=\"2005\">Sp\u00e9cifications<\/strong><\/h3>\n<ul data-start=\"2007\" data-end=\"2245\">\n<li class=\"\" data-start=\"2007\" data-end=\"2044\">\n<p class=\"\" data-start=\"2009\" data-end=\"2044\"><strong data-start=\"2009\" data-end=\"2021\">Mat\u00e9riau<\/strong>: Tissu de haute qualit\u00e9<\/p>\n<\/li>\n<li class=\"\" data-start=\"2045\" data-end=\"2077\">\n<p class=\"\" data-start=\"2047\" data-end=\"2077\"><strong data-start=\"2047\" data-end=\"2055\">Taille<\/strong>6.0\u00d76.0m (20'x20')<\/p>\n<\/li>\n<li class=\"\" data-start=\"2078\" data-end=\"2143\">\n<p class=\"\" data-start=\"2080\" data-end=\"2143\"><strong data-start=\"2080\" data-end=\"2093\">Fonctions<\/strong>: Ultrabounce (argent) et Negative Fill (noir)<\/p>\n<\/li>\n<li class=\"\" data-start=\"2144\" data-end=\"2245\">\n<p class=\"\" data-start=\"2146\" data-end=\"2245\"><strong data-start=\"2146\" data-end=\"2162\">Applications<\/strong>: <strong data-start=\"2164\" data-end=\"2179\">Photographie<\/strong>, <strong data-start=\"2181\" data-end=\"2196\">vid\u00e9ographie<\/strong>, <strong data-start=\"2198\" data-end=\"2217\">production de films<\/strong>et <strong data-start=\"2223\" data-end=\"2243\">contr\u00f4le de l'\u00e9clairage<\/strong><\/p>\n<\/li>\n<\/ul>\n<p class=\"\" data-start=\"2247\" data-end=\"2481\">Le tissu 2-en-1 Ultrabounce \/ Negative Fill 6,0\u00d76,0m est un must pour les directeurs de la photographie et les photographes. Il offre un contr\u00f4le pr\u00e9cis de la lumi\u00e8re et une grande polyvalence, vous aidant \u00e0 cr\u00e9er des configurations d'\u00e9clairage professionnelles pour n'importe quelle prise de vue.<\/p>\n<p>Louez-le maintenant sur <a href=\"https:\/\/www.cinesouk.ma\/fr\">CINESOUK<\/a> - une marque de <a href=\"https:\/\/www.broadway.ma\/\">BROADWAY PRODUCTIONS SARL.<\/a><\/p>","protected":false},"excerpt":{"rendered":"<p><strong>Sp\u00e9cifications<\/strong><\/p>\n<ul>\n<li class=\"\" data-start=\"2007\" data-end=\"2044\">\n<p class=\"\" data-start=\"2009\" data-end=\"2044\"><strong data-start=\"2009\" data-end=\"2021\">Mat\u00e9riau<\/strong>: Tissu de haute qualit\u00e9<\/p>\n<\/li>\n<li class=\"\" data-start=\"2045\" data-end=\"2077\">\n<p class=\"\" data-start=\"2047\" data-end=\"2077\"><strong data-start=\"2047\" data-end=\"2055\">Taille<\/strong>6.0\u00d76.0m (20'x20')<\/p>\n<\/li>\n<li class=\"\" data-start=\"2078\" data-end=\"2143\">\n<p class=\"\" data-start=\"2080\" data-end=\"2143\"><strong data-start=\"2080\" data-end=\"2093\">Fonctions<\/strong>: Ultrabounce (argent) et Negative Fill (noir)<\/p>\n<\/li>\n<li class=\"\" data-start=\"2144\" data-end=\"2245\">\n<p class=\"\" data-start=\"2146\" data-end=\"2245\"><strong data-start=\"2146\" data-end=\"2162\">Applications<\/strong>: <strong data-start=\"2164\" data-end=\"2179\">Photographie<\/strong>, <strong data-start=\"2181\" data-end=\"2196\">vid\u00e9ographie<\/strong>, <strong data-start=\"2198\" data-end=\"2217\">production de films<\/strong>et <strong data-start=\"2223\" data-end=\"2243\">contr\u00f4le de l'\u00e9clairage<\/strong><\/p>\n<\/li>\n<\/ul>","protected":false},"featured_media":11878,"template":"","meta":{"om_disable_all_campaigns":false,"_monsterinsights_skip_tracking":false,"_monsterinsights_sitenote_active":false,"_monsterinsights_sitenote_note":"","_monsterinsights_sitenote_category":0,"_uf_show_specific_survey":0,"_uf_disable_surveys":false},"product_brand":[],"product_cat":[91],"product_tag":[],"class_list":{"0":"post-11904","1":"product","2":"type-product","3":"status-publish","4":"has-post-thumbnail","6":"product_cat-fabrics-and-bounces-cinesouk","8":"entry","9":"has-media","11":"first","12":"instock","13":"taxable","14":"shipping-taxable","15":"purchasable","16":"product-type-variable","17":"has-product-nav","18":"col","19":"span_1_of_3","20":"owp-content-center","21":"owp-thumbs-layout-horizontal","22":"owp-btn-normal","23":"owp-tabs-layout-horizontal","24":"has-no-thumbnails"},"yoast_head":"<!-- This site is optimized with the Yoast SEO Premium plugin v26.0 (Yoast SEO v26.0) - https:\/\/yoast.com\/wordpress\/plugins\/seo\/ -->\n<title>Ultrabounce \/ Negative Fill 2-in1 fabric - 6,0x6,0m (20\u2019x20\u2019) - CineSouk - For rent<\/title>\n<meta name=\"description\" content=\"Ultrabounce \/ Negative Fill 2-in-1 Fabric 6,0x6,0m (20\u2019x20\u2019) versatile reflector and negative fill fabric for large-scale lighting control in photography and videography.\" \/>\n<meta name=\"robots\" content=\"index, follow, max-snippet:-1, max-image-preview:large, max-video-preview:-1\" \/>\n<link rel=\"canonical\" href=\"https:\/\/www.cinesouk.ma\/fr\/produit\/ultrabounce-negative-fill-2-in1-fabric-60x60m-20x20\/\" \/>\n<meta property=\"og:locale\" content=\"fr_FR\" \/>\n<meta property=\"og:type\" content=\"article\" \/>\n<meta property=\"og:title\" content=\"Ultrabounce \/ Negative Fill 2-in1 fabric - 6,0x6,0m (20\u2019x20\u2019)\" \/>\n<meta property=\"og:description\" content=\"Ultrabounce \/ Negative Fill 2-in-1 Fabric \u2013 6.0x6.0m (20\u2019x20\u2019) versatile reflector and negative fill fabric for large-scale lighting control in photography and videography.\" \/>\n<meta property=\"og:url\" content=\"https:\/\/www.cinesouk.ma\/fr\/produit\/ultrabounce-negative-fill-2-in1-fabric-60x60m-20x20\/\" \/>\n<meta property=\"og:site_name\" content=\"CineSouk\" \/>\n<meta property=\"article:modified_time\" content=\"2026-02-05T13:36:14+00:00\" \/>\n<meta property=\"og:image\" content=\"https:\/\/www.cinesouk.ma\/wp-content\/uploads\/2025\/03\/ultrabounce-black-_-white.jpg\" \/>\n\t<meta property=\"og:image:width\" content=\"300\" \/>\n\t<meta property=\"og:image:height\" content=\"238\" \/>\n\t<meta property=\"og:image:type\" content=\"image\/jpeg\" \/>\n<meta name=\"twitter:card\" content=\"summary_large_image\" \/>\n<meta name=\"twitter:description\" content=\"Ultrabounce \/ Negative Fill 8&#039;x8&#039; (2.4x2.4m) \u2013 Dual-sided panel for soft light reflection or negative fill, perfect for film, photography, and professional lighting control.\" \/>\n<meta name=\"twitter:label1\" content=\"Dur\u00e9e de lecture estim\u00e9e\" \/>\n\t<meta name=\"twitter:data1\" content=\"2 minutes\" \/>\n<script type=\"application\/ld+json\" class=\"yoast-schema-graph\">{\"@context\":\"https:\/\/schema.org\",\"@graph\":[{\"@type\":\"WebPage\",\"@id\":\"https:\/\/www.cinesouk.ma\/product\/ultrabounce-negative-fill-2-in1-fabric-60x60m-20x20\/\",\"url\":\"https:\/\/www.cinesouk.ma\/product\/ultrabounce-negative-fill-2-in1-fabric-60x60m-20x20\/\",\"name\":\"Ultrabounce \/ Negative Fill 2-in1 fabric - 6,0x6,0m (20\u2019x20\u2019) - CineSouk - For rent\",\"isPartOf\":{\"@id\":\"https:\/\/www.cinesouk.ma\/#website\"},\"primaryImageOfPage\":{\"@id\":\"https:\/\/www.cinesouk.ma\/product\/ultrabounce-negative-fill-2-in1-fabric-60x60m-20x20\/#primaryimage\"},\"image\":{\"@id\":\"https:\/\/www.cinesouk.ma\/product\/ultrabounce-negative-fill-2-in1-fabric-60x60m-20x20\/#primaryimage\"},\"thumbnailUrl\":\"https:\/\/www.cinesouk.ma\/wp-content\/uploads\/2025\/03\/ultrabounce-black-_-white.jpg\",\"datePublished\":\"2025-04-08T10:45:58+00:00\",\"dateModified\":\"2026-02-05T13:36:14+00:00\",\"description\":\"Ultrabounce \/ Negative Fill 2-in-1 Fabric 6,0x6,0m (20\u2019x20\u2019) versatile reflector and negative fill fabric for large-scale lighting control in photography and videography.\",\"breadcrumb\":{\"@id\":\"https:\/\/www.cinesouk.ma\/product\/ultrabounce-negative-fill-2-in1-fabric-60x60m-20x20\/#breadcrumb\"},\"inLanguage\":\"fr-FR\",\"potentialAction\":[{\"@type\":\"ReadAction\",\"target\":[\"https:\/\/www.cinesouk.ma\/product\/ultrabounce-negative-fill-2-in1-fabric-60x60m-20x20\/\"]}]},{\"@type\":\"ImageObject\",\"inLanguage\":\"fr-FR\",\"@id\":\"https:\/\/www.cinesouk.ma\/product\/ultrabounce-negative-fill-2-in1-fabric-60x60m-20x20\/#primaryimage\",\"url\":\"https:\/\/www.cinesouk.ma\/wp-content\/uploads\/2025\/03\/ultrabounce-black-_-white.jpg\",\"contentUrl\":\"https:\/\/www.cinesouk.ma\/wp-content\/uploads\/2025\/03\/ultrabounce-black-_-white.jpg\",\"width\":300,\"height\":238,\"caption\":\"ultrabounce-black-_-white\"},{\"@type\":\"BreadcrumbList\",\"@id\":\"https:\/\/www.cinesouk.ma\/product\/ultrabounce-negative-fill-2-in1-fabric-60x60m-20x20\/#breadcrumb\",\"itemListElement\":[{\"@type\":\"ListItem\",\"position\":1,\"name\":\"Home\",\"item\":\"https:\/\/www.cinesouk.ma\/\"},{\"@type\":\"ListItem\",\"position\":2,\"name\":\"Shop\",\"item\":\"https:\/\/www.cinesouk.ma\/shop\/\"},{\"@type\":\"ListItem\",\"position\":3,\"name\":\"Ultrabounce \/ Negative Fill 2-in1 fabric &#8211; 6,0&#215;6,0m (20\u2019x20\u2019)\"}]},{\"@type\":\"WebSite\",\"@id\":\"https:\/\/www.cinesouk.ma\/#website\",\"url\":\"https:\/\/www.cinesouk.ma\/\",\"name\":\"CineSouk\",\"description\":\"\",\"publisher\":{\"@id\":\"https:\/\/www.cinesouk.ma\/#organization\"},\"potentialAction\":[{\"@type\":\"SearchAction\",\"target\":{\"@type\":\"EntryPoint\",\"urlTemplate\":\"https:\/\/www.cinesouk.ma\/?s={search_term_string}\"},\"query-input\":{\"@type\":\"PropertyValueSpecification\",\"valueRequired\":true,\"valueName\":\"search_term_string\"}}],\"inLanguage\":\"fr-FR\"},{\"@type\":\"Organization\",\"@id\":\"https:\/\/www.cinesouk.ma\/#organization\",\"name\":\"CineSouk\",\"url\":\"https:\/\/www.cinesouk.ma\/\",\"logo\":{\"@type\":\"ImageObject\",\"inLanguage\":\"fr-FR\",\"@id\":\"https:\/\/www.cinesouk.ma\/#\/schema\/logo\/image\/\",\"url\":\"https:\/\/www.cinesouk.ma\/wp-content\/uploads\/2024\/01\/CineSouk-logo-v01-alpha-alligned-left.png\",\"contentUrl\":\"https:\/\/www.cinesouk.ma\/wp-content\/uploads\/2024\/01\/CineSouk-logo-v01-alpha-alligned-left.png\",\"width\":3204,\"height\":889,\"caption\":\"CineSouk\"},\"image\":{\"@id\":\"https:\/\/www.cinesouk.ma\/#\/schema\/logo\/image\/\"}}]}<\/script>\n<!-- \/ Yoast SEO Premium plugin. -->","yoast_head_json":{"title":"Ultrabounce \/ Negative Fill 2-in1 fabric - 6,0x6,0m (20\u2019x20\u2019) - CineSouk - For rent","description":"Ultrabounce \/ Negative Fill 2-in-1 Fabric 6,0x6,0m (20\u2019x20\u2019) versatile reflector and negative fill fabric for large-scale lighting control in photography and videography.","robots":{"index":"index","follow":"follow","max-snippet":"max-snippet:-1","max-image-preview":"max-image-preview:large","max-video-preview":"max-video-preview:-1"},"canonical":"https:\/\/www.cinesouk.ma\/fr\/produit\/ultrabounce-negative-fill-2-in1-fabric-60x60m-20x20\/","og_locale":"fr_FR","og_type":"article","og_title":"Ultrabounce \/ Negative Fill 2-in1 fabric - 6,0x6,0m (20\u2019x20\u2019)","og_description":"Ultrabounce \/ Negative Fill 2-in-1 Fabric \u2013 6.0x6.0m (20\u2019x20\u2019) versatile reflector and negative fill fabric for large-scale lighting control in photography and videography.","og_url":"https:\/\/www.cinesouk.ma\/fr\/produit\/ultrabounce-negative-fill-2-in1-fabric-60x60m-20x20\/","og_site_name":"CineSouk","article_modified_time":"2026-02-05T13:36:14+00:00","og_image":[{"width":300,"height":238,"url":"https:\/\/www.cinesouk.ma\/wp-content\/uploads\/2025\/03\/ultrabounce-black-_-white.jpg","type":"image\/jpeg"}],"twitter_card":"summary_large_image","twitter_description":"Ultrabounce \/ Negative Fill 8'x8' (2.4x2.4m) \u2013 Dual-sided panel for soft light reflection or negative fill, perfect for film, photography, and professional lighting control.","twitter_misc":{"Dur\u00e9e de lecture estim\u00e9e":"2 minutes"},"schema":{"@context":"https:\/\/schema.org","@graph":[{"@type":"WebPage","@id":"https:\/\/www.cinesouk.ma\/product\/ultrabounce-negative-fill-2-in1-fabric-60x60m-20x20\/","url":"https:\/\/www.cinesouk.ma\/product\/ultrabounce-negative-fill-2-in1-fabric-60x60m-20x20\/","name":"Ultrabounce \/ Negative Fill 2-in1 fabric - 6,0x6,0m (20\u2019x20\u2019) - CineSouk - For rent","isPartOf":{"@id":"https:\/\/www.cinesouk.ma\/#website"},"primaryImageOfPage":{"@id":"https:\/\/www.cinesouk.ma\/product\/ultrabounce-negative-fill-2-in1-fabric-60x60m-20x20\/#primaryimage"},"image":{"@id":"https:\/\/www.cinesouk.ma\/product\/ultrabounce-negative-fill-2-in1-fabric-60x60m-20x20\/#primaryimage"},"thumbnailUrl":"https:\/\/www.cinesouk.ma\/wp-content\/uploads\/2025\/03\/ultrabounce-black-_-white.jpg","datePublished":"2025-04-08T10:45:58+00:00","dateModified":"2026-02-05T13:36:14+00:00","description":"Ultrabounce \/ Negative Fill 2-in-1 Fabric 6,0x6,0m (20\u2019x20\u2019) versatile reflector and negative fill fabric for large-scale lighting control in photography and videography.","breadcrumb":{"@id":"https:\/\/www.cinesouk.ma\/product\/ultrabounce-negative-fill-2-in1-fabric-60x60m-20x20\/#breadcrumb"},"inLanguage":"fr-FR","potentialAction":[{"@type":"ReadAction","target":["https:\/\/www.cinesouk.ma\/product\/ultrabounce-negative-fill-2-in1-fabric-60x60m-20x20\/"]}]},{"@type":"ImageObject","inLanguage":"fr-FR","@id":"https:\/\/www.cinesouk.ma\/product\/ultrabounce-negative-fill-2-in1-fabric-60x60m-20x20\/#primaryimage","url":"https:\/\/www.cinesouk.ma\/wp-content\/uploads\/2025\/03\/ultrabounce-black-_-white.jpg","contentUrl":"https:\/\/www.cinesouk.ma\/wp-content\/uploads\/2025\/03\/ultrabounce-black-_-white.jpg","width":300,"height":238,"caption":"ultrabounce-black-_-white"},{"@type":"BreadcrumbList","@id":"https:\/\/www.cinesouk.ma\/product\/ultrabounce-negative-fill-2-in1-fabric-60x60m-20x20\/#breadcrumb","itemListElement":[{"@type":"ListItem","position":1,"name":"Home","item":"https:\/\/www.cinesouk.ma\/"},{"@type":"ListItem","position":2,"name":"Shop","item":"https:\/\/www.cinesouk.ma\/shop\/"},{"@type":"ListItem","position":3,"name":"Ultrabounce \/ Negative Fill 2-in1 fabric &#8211; 6,0&#215;6,0m (20\u2019x20\u2019)"}]},{"@type":"WebSite","@id":"https:\/\/www.cinesouk.ma\/#website","url":"https:\/\/www.cinesouk.ma\/","name":"CineSouk","description":"","publisher":{"@id":"https:\/\/www.cinesouk.ma\/#organization"},"potentialAction":[{"@type":"SearchAction","target":{"@type":"EntryPoint","urlTemplate":"https:\/\/www.cinesouk.ma\/?s={search_term_string}"},"query-input":{"@type":"PropertyValueSpecification","valueRequired":true,"valueName":"search_term_string"}}],"inLanguage":"fr-FR"},{"@type":"Organization","@id":"https:\/\/www.cinesouk.ma\/#organization","name":"CineSouk","url":"https:\/\/www.cinesouk.ma\/","logo":{"@type":"ImageObject","inLanguage":"fr-FR","@id":"https:\/\/www.cinesouk.ma\/#\/schema\/logo\/image\/","url":"https:\/\/www.cinesouk.ma\/wp-content\/uploads\/2024\/01\/CineSouk-logo-v01-alpha-alligned-left.png","contentUrl":"https:\/\/www.cinesouk.ma\/wp-content\/uploads\/2024\/01\/CineSouk-logo-v01-alpha-alligned-left.png","width":3204,"height":889,"caption":"CineSouk"},"image":{"@id":"https:\/\/www.cinesouk.ma\/#\/schema\/logo\/image\/"}}]}},"_links":{"self":[{"href":"https:\/\/www.cinesouk.ma\/fr\/wp-json\/wp\/v2\/product\/11904","targetHints":{"allow":["GET"]}}],"collection":[{"href":"https:\/\/www.cinesouk.ma\/fr\/wp-json\/wp\/v2\/product"}],"about":[{"href":"https:\/\/www.cinesouk.ma\/fr\/wp-json\/wp\/v2\/types\/product"}],"wp:featuredmedia":[{"embeddable":true,"href":"https:\/\/www.cinesouk.ma\/fr\/wp-json\/wp\/v2\/media\/11878"}],"wp:attachment":[{"href":"https:\/\/www.cinesouk.ma\/fr\/wp-json\/wp\/v2\/media?parent=11904"}],"wp:term":[{"taxonomy":"product_brand","embeddable":true,"href":"https:\/\/www.cinesouk.ma\/fr\/wp-json\/wp\/v2\/product_brand?post=11904"},{"taxonomy":"product_cat","embeddable":true,"href":"https:\/\/www.cinesouk.ma\/fr\/wp-json\/wp\/v2\/product_cat?post=11904"},{"taxonomy":"product_tag","embeddable":true,"href":"https:\/\/www.cinesouk.ma\/fr\/wp-json\/wp\/v2\/product_tag?post=11904"}],"curies":[{"name":"wp","href":"https:\/\/api.w.org\/{rel}","templated":true}]}}