{"id":11915,"date":"2025-04-08T10:59:59","date_gmt":"2025-04-08T10:59:59","guid":{"rendered":"https:\/\/www.cinesouk.ma\/?post_type=product&#038;p=11915"},"modified":"2026-02-05T13:21:29","modified_gmt":"2026-02-05T13:21:29","slug":"black-grey-negative-fill-fabric-cloth-60x60m-20x20","status":"publish","type":"product","link":"https:\/\/www.cinesouk.ma\/fr\/produit\/black-grey-negative-fill-fabric-cloth-60x60m-20x20\/","title":{"rendered":"Tissu de remplissage n\u00e9gatif noir \/ gris - 6,0\u00d76,0m (20'x20')"},"content":{"rendered":"<p class=\"\" data-start=\"70\" data-end=\"378\">La toile noire\/grise de remplissage n\u00e9gatif (6,0\u00d76,0m) est un outil essentiel pour les photographes et les cin\u00e9astes qui ont besoin d'un contr\u00f4le pr\u00e9cis de la lumi\u00e8re. Con\u00e7ue pour les grandes installations, la toile de 6,0\u00d76,0m (20'x20') offre une large couverture, ce qui la rend id\u00e9ale pour les prises de vue de groupe ou les sc\u00e8nes en grand angle.<\/p>\n<p class=\"\" data-start=\"380\" data-end=\"754\">Ce tissu \u00e0 double usage pr\u00e9sente une face noire qui absorbe la lumi\u00e8re, cr\u00e9ant des ombres profondes et r\u00e9duisant les reflets ind\u00e9sirables. La face grise offre un remplissage n\u00e9gatif plus doux, vous permettant de contr\u00f4ler la lumi\u00e8re sans l'absorber compl\u00e8tement. Gr\u00e2ce \u00e0 sa grande taille, ce tissu est id\u00e9al pour contr\u00f4ler la lumi\u00e8re dans les grands d\u00e9cors ou les espaces ouverts.<\/p>\n<p class=\"\" data-start=\"756\" data-end=\"1000\">De plus, sa l\u00e9g\u00e8ret\u00e9 permet de le transporter facilement. Que vous r\u00e9alisiez des prises de vue en int\u00e9rieur ou en ext\u00e9rieur, le tissu de remplissage n\u00e9gatif noir\/gris est con\u00e7u pour durer et \u00eatre fiable dans des environnements exigeants.<\/p>\n<h3 class=\"\" data-start=\"1002\" data-end=\"1065\">Pourquoi choisir le tissu\/la toile de remplissage n\u00e9gatif noir\/gris ?<\/h3>\n<p class=\"\" data-start=\"1067\" data-end=\"1328\">Ce tissu de remplissage n\u00e9gatif est parfait pour les directeurs de la photographie et les photographes qui ont besoin de contr\u00f4ler la lumi\u00e8re sur le plateau. Que vous souhaitiez cr\u00e9er des ombres spectaculaires ou ajuster subtilement l'intensit\u00e9 de la lumi\u00e8re, ce tissu offre une grande flexibilit\u00e9 pour votre tournage.<\/p>\n<h3 class=\"\" data-start=\"1330\" data-end=\"1350\"><strong data-start=\"1334\" data-end=\"1350\">Caract\u00e9ristiques principales<\/strong><\/h3>\n<ul data-start=\"1352\" data-end=\"1880\">\n<li class=\"\" data-start=\"1352\" data-end=\"1467\">\n<p class=\"\" data-start=\"1354\" data-end=\"1467\"><strong data-start=\"1354\" data-end=\"1375\">Tissu double face<\/strong>: <strong data-start=\"1377\" data-end=\"1391\">C\u00f4t\u00e9 noir<\/strong> pour <strong data-start=\"1396\" data-end=\"1415\">absorber la lumi\u00e8re<\/strong> et <strong data-start=\"1420\" data-end=\"1433\">c\u00f4t\u00e9 gris<\/strong> pour un <strong data-start=\"1440\" data-end=\"1464\">remplissage n\u00e9gatif plus doux<\/strong>.<\/p>\n<\/li>\n<li class=\"\" data-start=\"1468\" data-end=\"1558\">\n<p class=\"\" data-start=\"1470\" data-end=\"1558\"><strong data-start=\"1470\" data-end=\"1484\">Grande taille<\/strong>: <strong data-start=\"1486\" data-end=\"1508\">6.0\u00d76.0m (20'x20')<\/strong>id\u00e9al pour <strong data-start=\"1520\" data-end=\"1536\">grandes installations<\/strong> ou <strong data-start=\"1540\" data-end=\"1555\">photos de groupe<\/strong>.<\/p>\n<\/li>\n<li class=\"\" data-start=\"1559\" data-end=\"1644\">\n<p class=\"\" data-start=\"1561\" data-end=\"1644\"><strong data-start=\"1561\" data-end=\"1587\">L\u00e9ger et portable<\/strong>: Facile \u00e0 <strong data-start=\"1597\" data-end=\"1610\">transport<\/strong> et <strong data-start=\"1615\" data-end=\"1625\">mettre en place<\/strong> sur <strong data-start=\"1629\" data-end=\"1641\">emplacement<\/strong>.<\/p>\n<\/li>\n<li class=\"\" data-start=\"1645\" data-end=\"1746\">\n<p class=\"\" data-start=\"1647\" data-end=\"1746\"><strong data-start=\"1647\" data-end=\"1671\">Construction durable<\/strong>: Con\u00e7u pour <strong data-start=\"1686\" data-end=\"1710\">utilisation performante<\/strong> en <strong data-start=\"1714\" data-end=\"1743\">environnements professionnels<\/strong>.<\/p>\n<\/li>\n<li class=\"\" data-start=\"1747\" data-end=\"1880\">\n<p class=\"\" data-start=\"1749\" data-end=\"1880\"><strong data-start=\"1749\" data-end=\"1775\">Applications polyvalentes<\/strong>: Parfait pour <strong data-start=\"1789\" data-end=\"1813\">photographie de portrait<\/strong>, <strong data-start=\"1815\" data-end=\"1835\">production vid\u00e9o<\/strong>, <strong data-start=\"1837\" data-end=\"1854\">l'\u00e9clairage des films<\/strong>et <strong data-start=\"1860\" data-end=\"1879\">prises de vue en ext\u00e9rieur<\/strong>.<\/p>\n<\/li>\n<\/ul>\n<h3 class=\"\" data-start=\"1882\" data-end=\"1904\"><strong data-start=\"1886\" data-end=\"1904\">Sp\u00e9cifications<\/strong><\/h3>\n<ul data-start=\"1906\" data-end=\"2145\">\n<li class=\"\" data-start=\"1906\" data-end=\"1943\">\n<p class=\"\" data-start=\"1908\" data-end=\"1943\"><strong data-start=\"1908\" data-end=\"1920\">Mat\u00e9riau<\/strong>: Tissu de haute qualit\u00e9<\/p>\n<\/li>\n<li class=\"\" data-start=\"1944\" data-end=\"1976\">\n<p class=\"\" data-start=\"1946\" data-end=\"1976\"><strong data-start=\"1946\" data-end=\"1954\">Taille<\/strong>6.0\u00d76.0m (20'x20')<\/p>\n<\/li>\n<li class=\"\" data-start=\"1977\" data-end=\"2053\">\n<p class=\"\" data-start=\"1979\" data-end=\"2053\"><strong data-start=\"1979\" data-end=\"1996\">Options de couleur<\/strong>: Noir (absorbe la lumi\u00e8re) et Gris (remplissage n\u00e9gatif plus doux)<\/p>\n<\/li>\n<li class=\"\" data-start=\"2054\" data-end=\"2145\">\n<p class=\"\" data-start=\"2056\" data-end=\"2145\"><strong data-start=\"2056\" data-end=\"2072\">Applications<\/strong>: <strong data-start=\"2074\" data-end=\"2119\">Photographie, vid\u00e9ographie, production de films<\/strong>et <strong data-start=\"2125\" data-end=\"2145\">contr\u00f4le de l'\u00e9clairage<\/strong><\/p>\n<\/li>\n<\/ul>\n<p class=\"\" data-start=\"2147\" data-end=\"2446\">Le tissu\/toile de remplissage n\u00e9gatif noir\/gris (6,0\u00d76,0m) est indispensable aux professionnels qui ont besoin de contr\u00f4ler et de modeler la lumi\u00e8re avec pr\u00e9cision. Sa polyvalence et sa conception \u00e0 double fonction en font un outil id\u00e9al pour tout type de production, vous donnant un contr\u00f4le total sur les ombres et les effets de lumi\u00e8re.<\/p>\n<p>Louez-le maintenant sur <a href=\"https:\/\/www.cinesouk.ma\/fr\">CINESOUK<\/a> - une marque de <a href=\"https:\/\/www.broadway.ma\/\">BROADWAY PRODUCTIONS SARL.<\/a><\/p>","protected":false},"excerpt":{"rendered":"<p><strong>Sp\u00e9cifications<\/strong><\/p>\n<ul>\n<li class=\"\" data-start=\"1906\" data-end=\"1943\">\n<p class=\"\" data-start=\"1908\" data-end=\"1943\"><strong data-start=\"1908\" data-end=\"1920\">Mat\u00e9riau<\/strong>: Tissu de haute qualit\u00e9<\/p>\n<\/li>\n<li class=\"\" data-start=\"1944\" data-end=\"1976\">\n<p class=\"\" data-start=\"1946\" data-end=\"1976\"><strong data-start=\"1946\" data-end=\"1954\">Taille<\/strong>6.0\u00d76.0m (20'x20')<\/p>\n<\/li>\n<li class=\"\" data-start=\"1977\" data-end=\"2053\">\n<p class=\"\" data-start=\"1979\" data-end=\"2053\"><strong data-start=\"1979\" data-end=\"1996\">Options de couleur<\/strong>: Noir (absorbe la lumi\u00e8re) et Gris (remplissage n\u00e9gatif plus doux)<\/p>\n<\/li>\n<li class=\"\" data-start=\"2054\" data-end=\"2145\">\n<p class=\"\" data-start=\"2056\" data-end=\"2145\"><strong data-start=\"2056\" data-end=\"2072\">Applications<\/strong>: <strong data-start=\"2074\" data-end=\"2119\">Photographie, vid\u00e9ographie, production de films<\/strong>et <strong data-start=\"2125\" data-end=\"2145\">contr\u00f4le de l'\u00e9clairage<\/strong><\/p>\n<\/li>\n<\/ul>","protected":false},"featured_media":11926,"template":"","meta":{"om_disable_all_campaigns":false,"_monsterinsights_skip_tracking":false,"_monsterinsights_sitenote_active":false,"_monsterinsights_sitenote_note":"","_monsterinsights_sitenote_category":0,"_uf_show_specific_survey":0,"_uf_disable_surveys":false},"product_brand":[],"product_cat":[91],"product_tag":[],"class_list":{"0":"post-11915","1":"product","2":"type-product","3":"status-publish","4":"has-post-thumbnail","6":"product_cat-fabrics-and-bounces-cinesouk","8":"entry","9":"has-media","11":"first","12":"instock","13":"taxable","14":"shipping-taxable","15":"purchasable","16":"product-type-variable","17":"has-product-nav","18":"col","19":"span_1_of_3","20":"owp-content-center","21":"owp-thumbs-layout-horizontal","22":"owp-btn-normal","23":"owp-tabs-layout-horizontal","24":"has-no-thumbnails"},"yoast_head":"<!-- This site is optimized with the Yoast SEO Premium plugin v26.0 (Yoast SEO v26.0) - https:\/\/yoast.com\/wordpress\/plugins\/seo\/ -->\n<title>Black \/ Grey Negative Fill Fabric\/Cloth - 6,0x6,0m (20\u2019x20\u2019) - CineSouk - For rent<\/title>\n<meta name=\"description\" content=\"Black \/ Grey Negative Fill Fabric\/Cloth \u2013 6.0x6.0m (20\u2019x20\u2019) for controlling light, creating shadows, and reducing reflections in photography and videography.\" \/>\n<meta name=\"robots\" content=\"index, follow, max-snippet:-1, max-image-preview:large, max-video-preview:-1\" \/>\n<link rel=\"canonical\" href=\"https:\/\/www.cinesouk.ma\/fr\/produit\/black-grey-negative-fill-fabric-cloth-60x60m-20x20\/\" \/>\n<meta property=\"og:locale\" content=\"fr_FR\" \/>\n<meta property=\"og:type\" content=\"article\" \/>\n<meta property=\"og:title\" content=\"Black \/ Grey Negative Fill Fabric\/Cloth - 6,0x6,0m (20\u2019x20\u2019)\" \/>\n<meta property=\"og:description\" content=\"Black \/ Grey Negative Fill Fabric\/Cloth \u2013 6.0x6.0m (20\u2019x20\u2019) for controlling light, creating shadows, and reducing reflections in photography and videography.\" \/>\n<meta property=\"og:url\" content=\"https:\/\/www.cinesouk.ma\/fr\/produit\/black-grey-negative-fill-fabric-cloth-60x60m-20x20\/\" \/>\n<meta property=\"og:site_name\" content=\"CineSouk\" \/>\n<meta property=\"article:modified_time\" content=\"2026-02-05T13:21:29+00:00\" \/>\n<meta property=\"og:image\" content=\"https:\/\/www.cinesouk.ma\/wp-content\/uploads\/2025\/03\/Black-_-Grey-Negative-Fill-Fabric_Cloth-60x60m-20x20_.jpg\" \/>\n\t<meta property=\"og:image:width\" content=\"300\" \/>\n\t<meta property=\"og:image:height\" content=\"238\" \/>\n\t<meta property=\"og:image:type\" content=\"image\/jpeg\" \/>\n<meta name=\"twitter:card\" content=\"summary_large_image\" \/>\n<meta name=\"twitter:description\" content=\"Black \/ Grey Negative Fill Fabric\/Cloth \u2013 6.0x6.0m (20\u2019x20\u2019) for controlling light, creating shadows, and reducing reflections in photography and videography.\" \/>\n<meta name=\"twitter:label1\" content=\"Dur\u00e9e de lecture estim\u00e9e\" \/>\n\t<meta name=\"twitter:data1\" content=\"2 minutes\" \/>\n<script type=\"application\/ld+json\" class=\"yoast-schema-graph\">{\"@context\":\"https:\/\/schema.org\",\"@graph\":[{\"@type\":\"WebPage\",\"@id\":\"https:\/\/www.cinesouk.ma\/product\/black-grey-negative-fill-fabric-cloth-60x60m-20x20\/\",\"url\":\"https:\/\/www.cinesouk.ma\/product\/black-grey-negative-fill-fabric-cloth-60x60m-20x20\/\",\"name\":\"Black \/ Grey Negative Fill Fabric\/Cloth - 6,0x6,0m (20\u2019x20\u2019) - CineSouk - For rent\",\"isPartOf\":{\"@id\":\"https:\/\/www.cinesouk.ma\/#website\"},\"primaryImageOfPage\":{\"@id\":\"https:\/\/www.cinesouk.ma\/product\/black-grey-negative-fill-fabric-cloth-60x60m-20x20\/#primaryimage\"},\"image\":{\"@id\":\"https:\/\/www.cinesouk.ma\/product\/black-grey-negative-fill-fabric-cloth-60x60m-20x20\/#primaryimage\"},\"thumbnailUrl\":\"https:\/\/www.cinesouk.ma\/wp-content\/uploads\/2025\/03\/Black-_-Grey-Negative-Fill-Fabric_Cloth-60x60m-20x20_.jpg\",\"datePublished\":\"2025-04-08T10:59:59+00:00\",\"dateModified\":\"2026-02-05T13:21:29+00:00\",\"description\":\"Black \/ Grey Negative Fill Fabric\/Cloth \u2013 6.0x6.0m (20\u2019x20\u2019) for controlling light, creating shadows, and reducing reflections in photography and videography.\",\"breadcrumb\":{\"@id\":\"https:\/\/www.cinesouk.ma\/product\/black-grey-negative-fill-fabric-cloth-60x60m-20x20\/#breadcrumb\"},\"inLanguage\":\"fr-FR\",\"potentialAction\":[{\"@type\":\"ReadAction\",\"target\":[\"https:\/\/www.cinesouk.ma\/product\/black-grey-negative-fill-fabric-cloth-60x60m-20x20\/\"]}]},{\"@type\":\"ImageObject\",\"inLanguage\":\"fr-FR\",\"@id\":\"https:\/\/www.cinesouk.ma\/product\/black-grey-negative-fill-fabric-cloth-60x60m-20x20\/#primaryimage\",\"url\":\"https:\/\/www.cinesouk.ma\/wp-content\/uploads\/2025\/03\/Black-_-Grey-Negative-Fill-Fabric_Cloth-60x60m-20x20_.jpg\",\"contentUrl\":\"https:\/\/www.cinesouk.ma\/wp-content\/uploads\/2025\/03\/Black-_-Grey-Negative-Fill-Fabric_Cloth-60x60m-20x20_.jpg\",\"width\":300,\"height\":238,\"caption\":\"Black _ Grey Negative Fill Fabric_Cloth - 6,0x6,0m (20\u2019x20\u2019)\"},{\"@type\":\"BreadcrumbList\",\"@id\":\"https:\/\/www.cinesouk.ma\/product\/black-grey-negative-fill-fabric-cloth-60x60m-20x20\/#breadcrumb\",\"itemListElement\":[{\"@type\":\"ListItem\",\"position\":1,\"name\":\"Home\",\"item\":\"https:\/\/www.cinesouk.ma\/\"},{\"@type\":\"ListItem\",\"position\":2,\"name\":\"Shop\",\"item\":\"https:\/\/www.cinesouk.ma\/shop\/\"},{\"@type\":\"ListItem\",\"position\":3,\"name\":\"Black \/ Grey Negative Fill Fabric\/Cloth &#8211; 6,0&#215;6,0m (20\u2019x20\u2019)\"}]},{\"@type\":\"WebSite\",\"@id\":\"https:\/\/www.cinesouk.ma\/#website\",\"url\":\"https:\/\/www.cinesouk.ma\/\",\"name\":\"CineSouk\",\"description\":\"\",\"publisher\":{\"@id\":\"https:\/\/www.cinesouk.ma\/#organization\"},\"potentialAction\":[{\"@type\":\"SearchAction\",\"target\":{\"@type\":\"EntryPoint\",\"urlTemplate\":\"https:\/\/www.cinesouk.ma\/?s={search_term_string}\"},\"query-input\":{\"@type\":\"PropertyValueSpecification\",\"valueRequired\":true,\"valueName\":\"search_term_string\"}}],\"inLanguage\":\"fr-FR\"},{\"@type\":\"Organization\",\"@id\":\"https:\/\/www.cinesouk.ma\/#organization\",\"name\":\"CineSouk\",\"url\":\"https:\/\/www.cinesouk.ma\/\",\"logo\":{\"@type\":\"ImageObject\",\"inLanguage\":\"fr-FR\",\"@id\":\"https:\/\/www.cinesouk.ma\/#\/schema\/logo\/image\/\",\"url\":\"https:\/\/www.cinesouk.ma\/wp-content\/uploads\/2024\/01\/CineSouk-logo-v01-alpha-alligned-left.png\",\"contentUrl\":\"https:\/\/www.cinesouk.ma\/wp-content\/uploads\/2024\/01\/CineSouk-logo-v01-alpha-alligned-left.png\",\"width\":3204,\"height\":889,\"caption\":\"CineSouk\"},\"image\":{\"@id\":\"https:\/\/www.cinesouk.ma\/#\/schema\/logo\/image\/\"}}]}<\/script>\n<!-- \/ Yoast SEO Premium plugin. -->","yoast_head_json":{"title":"Black \/ Grey Negative Fill Fabric\/Cloth - 6,0x6,0m (20\u2019x20\u2019) - CineSouk - For rent","description":"Black \/ Grey Negative Fill Fabric\/Cloth \u2013 6.0x6.0m (20\u2019x20\u2019) for controlling light, creating shadows, and reducing reflections in photography and videography.","robots":{"index":"index","follow":"follow","max-snippet":"max-snippet:-1","max-image-preview":"max-image-preview:large","max-video-preview":"max-video-preview:-1"},"canonical":"https:\/\/www.cinesouk.ma\/fr\/produit\/black-grey-negative-fill-fabric-cloth-60x60m-20x20\/","og_locale":"fr_FR","og_type":"article","og_title":"Black \/ Grey Negative Fill Fabric\/Cloth - 6,0x6,0m (20\u2019x20\u2019)","og_description":"Black \/ Grey Negative Fill Fabric\/Cloth \u2013 6.0x6.0m (20\u2019x20\u2019) for controlling light, creating shadows, and reducing reflections in photography and videography.","og_url":"https:\/\/www.cinesouk.ma\/fr\/produit\/black-grey-negative-fill-fabric-cloth-60x60m-20x20\/","og_site_name":"CineSouk","article_modified_time":"2026-02-05T13:21:29+00:00","og_image":[{"width":300,"height":238,"url":"https:\/\/www.cinesouk.ma\/wp-content\/uploads\/2025\/03\/Black-_-Grey-Negative-Fill-Fabric_Cloth-60x60m-20x20_.jpg","type":"image\/jpeg"}],"twitter_card":"summary_large_image","twitter_description":"Black \/ Grey Negative Fill Fabric\/Cloth \u2013 6.0x6.0m (20\u2019x20\u2019) for controlling light, creating shadows, and reducing reflections in photography and videography.","twitter_misc":{"Dur\u00e9e de lecture estim\u00e9e":"2 minutes"},"schema":{"@context":"https:\/\/schema.org","@graph":[{"@type":"WebPage","@id":"https:\/\/www.cinesouk.ma\/product\/black-grey-negative-fill-fabric-cloth-60x60m-20x20\/","url":"https:\/\/www.cinesouk.ma\/product\/black-grey-negative-fill-fabric-cloth-60x60m-20x20\/","name":"Black \/ Grey Negative Fill Fabric\/Cloth - 6,0x6,0m (20\u2019x20\u2019) - CineSouk - For rent","isPartOf":{"@id":"https:\/\/www.cinesouk.ma\/#website"},"primaryImageOfPage":{"@id":"https:\/\/www.cinesouk.ma\/product\/black-grey-negative-fill-fabric-cloth-60x60m-20x20\/#primaryimage"},"image":{"@id":"https:\/\/www.cinesouk.ma\/product\/black-grey-negative-fill-fabric-cloth-60x60m-20x20\/#primaryimage"},"thumbnailUrl":"https:\/\/www.cinesouk.ma\/wp-content\/uploads\/2025\/03\/Black-_-Grey-Negative-Fill-Fabric_Cloth-60x60m-20x20_.jpg","datePublished":"2025-04-08T10:59:59+00:00","dateModified":"2026-02-05T13:21:29+00:00","description":"Black \/ Grey Negative Fill Fabric\/Cloth \u2013 6.0x6.0m (20\u2019x20\u2019) for controlling light, creating shadows, and reducing reflections in photography and videography.","breadcrumb":{"@id":"https:\/\/www.cinesouk.ma\/product\/black-grey-negative-fill-fabric-cloth-60x60m-20x20\/#breadcrumb"},"inLanguage":"fr-FR","potentialAction":[{"@type":"ReadAction","target":["https:\/\/www.cinesouk.ma\/product\/black-grey-negative-fill-fabric-cloth-60x60m-20x20\/"]}]},{"@type":"ImageObject","inLanguage":"fr-FR","@id":"https:\/\/www.cinesouk.ma\/product\/black-grey-negative-fill-fabric-cloth-60x60m-20x20\/#primaryimage","url":"https:\/\/www.cinesouk.ma\/wp-content\/uploads\/2025\/03\/Black-_-Grey-Negative-Fill-Fabric_Cloth-60x60m-20x20_.jpg","contentUrl":"https:\/\/www.cinesouk.ma\/wp-content\/uploads\/2025\/03\/Black-_-Grey-Negative-Fill-Fabric_Cloth-60x60m-20x20_.jpg","width":300,"height":238,"caption":"Black _ Grey Negative Fill Fabric_Cloth - 6,0x6,0m (20\u2019x20\u2019)"},{"@type":"BreadcrumbList","@id":"https:\/\/www.cinesouk.ma\/product\/black-grey-negative-fill-fabric-cloth-60x60m-20x20\/#breadcrumb","itemListElement":[{"@type":"ListItem","position":1,"name":"Home","item":"https:\/\/www.cinesouk.ma\/"},{"@type":"ListItem","position":2,"name":"Shop","item":"https:\/\/www.cinesouk.ma\/shop\/"},{"@type":"ListItem","position":3,"name":"Black \/ Grey Negative Fill Fabric\/Cloth &#8211; 6,0&#215;6,0m (20\u2019x20\u2019)"}]},{"@type":"WebSite","@id":"https:\/\/www.cinesouk.ma\/#website","url":"https:\/\/www.cinesouk.ma\/","name":"CineSouk","description":"","publisher":{"@id":"https:\/\/www.cinesouk.ma\/#organization"},"potentialAction":[{"@type":"SearchAction","target":{"@type":"EntryPoint","urlTemplate":"https:\/\/www.cinesouk.ma\/?s={search_term_string}"},"query-input":{"@type":"PropertyValueSpecification","valueRequired":true,"valueName":"search_term_string"}}],"inLanguage":"fr-FR"},{"@type":"Organization","@id":"https:\/\/www.cinesouk.ma\/#organization","name":"CineSouk","url":"https:\/\/www.cinesouk.ma\/","logo":{"@type":"ImageObject","inLanguage":"fr-FR","@id":"https:\/\/www.cinesouk.ma\/#\/schema\/logo\/image\/","url":"https:\/\/www.cinesouk.ma\/wp-content\/uploads\/2024\/01\/CineSouk-logo-v01-alpha-alligned-left.png","contentUrl":"https:\/\/www.cinesouk.ma\/wp-content\/uploads\/2024\/01\/CineSouk-logo-v01-alpha-alligned-left.png","width":3204,"height":889,"caption":"CineSouk"},"image":{"@id":"https:\/\/www.cinesouk.ma\/#\/schema\/logo\/image\/"}}]}},"_links":{"self":[{"href":"https:\/\/www.cinesouk.ma\/fr\/wp-json\/wp\/v2\/product\/11915","targetHints":{"allow":["GET"]}}],"collection":[{"href":"https:\/\/www.cinesouk.ma\/fr\/wp-json\/wp\/v2\/product"}],"about":[{"href":"https:\/\/www.cinesouk.ma\/fr\/wp-json\/wp\/v2\/types\/product"}],"wp:featuredmedia":[{"embeddable":true,"href":"https:\/\/www.cinesouk.ma\/fr\/wp-json\/wp\/v2\/media\/11926"}],"wp:attachment":[{"href":"https:\/\/www.cinesouk.ma\/fr\/wp-json\/wp\/v2\/media?parent=11915"}],"wp:term":[{"taxonomy":"product_brand","embeddable":true,"href":"https:\/\/www.cinesouk.ma\/fr\/wp-json\/wp\/v2\/product_brand?post=11915"},{"taxonomy":"product_cat","embeddable":true,"href":"https:\/\/www.cinesouk.ma\/fr\/wp-json\/wp\/v2\/product_cat?post=11915"},{"taxonomy":"product_tag","embeddable":true,"href":"https:\/\/www.cinesouk.ma\/fr\/wp-json\/wp\/v2\/product_tag?post=11915"}],"curies":[{"name":"wp","href":"https:\/\/api.w.org\/{rel}","templated":true}]}}