{"id":11927,"date":"2025-04-08T11:24:15","date_gmt":"2025-04-08T11:24:15","guid":{"rendered":"https:\/\/www.cinesouk.ma\/?post_type=product&#038;p=11927"},"modified":"2026-02-05T13:20:09","modified_gmt":"2026-02-05T13:20:09","slug":"black-grey-negative-fill-fabric-cloth-36x36m-12x12","status":"publish","type":"product","link":"https:\/\/www.cinesouk.ma\/fr\/produit\/black-grey-negative-fill-fabric-cloth-36x36m-12x12\/","title":{"rendered":"Tissu de remplissage n\u00e9gatif noir \/ gris - 3,6\u00d73,6m (12'x12')"},"content":{"rendered":"<p class=\"\" data-start=\"70\" data-end=\"386\">La toile noire\/grise de remplissage n\u00e9gatif (3,6\u00d73,6m) est un outil essentiel pour les photographes et les cin\u00e9astes qui cherchent \u00e0 contr\u00f4ler pr\u00e9cis\u00e9ment leur \u00e9clairage. Avec ses dimensions de 3,6\u00d73,6m (12'x12'), ce tissu offre une couverture ample pour les configurations moyennes \u00e0 grandes, parfaites pour les photos de groupe ou le travail de portrait.<\/p>\n<p class=\"\" data-start=\"388\" data-end=\"740\">D'un c\u00f4t\u00e9, le tissu noir absorbe la lumi\u00e8re, cr\u00e9ant des ombres profondes et r\u00e9duisant les reflets ind\u00e9sirables. De l'autre c\u00f4t\u00e9, le tissu gris fournit un remplissage plus doux, vous permettant d'ajuster l'intensit\u00e9 de la lumi\u00e8re sans la bloquer compl\u00e8tement. Cette conception \u00e0 double usage vous offre la flexibilit\u00e9 n\u00e9cessaire pour g\u00e9rer la lumi\u00e8re dans diff\u00e9rents sc\u00e9narios.<\/p>\n<p class=\"\" data-start=\"742\" data-end=\"1062\">Gr\u00e2ce \u00e0 sa conception l\u00e9g\u00e8re et portable, ce tissu est facile \u00e0 transporter et \u00e0 mettre en place, ce qui le rend id\u00e9al pour les tournages sur place ou en studio. Sa construction durable garantit qu'il fonctionnera de mani\u00e8re fiable dans des environnements exigeants et qu'il durera pendant de nombreux projets.<\/p>\n<h3 class=\"\" data-start=\"1064\" data-end=\"1127\">Pourquoi choisir le tissu\/la toile de remplissage n\u00e9gatif noir\/gris ?<\/h3>\n<p class=\"\" data-start=\"1129\" data-end=\"1432\">Ce tissu de remplissage n\u00e9gatif est parfait pour les directeurs de la photographie et les photographes qui ont besoin de cr\u00e9er des effets d'\u00e9clairage pr\u00e9cis. Que vous souhaitiez adoucir la lumi\u00e8re, ajouter de la profondeur ou cr\u00e9er des ombres dramatiques, ce tissu est un outil polyvalent qui peut s'adapter \u00e0 diverses situations de prise de vue.<\/p>\n<h3 class=\"\" data-start=\"1434\" data-end=\"1454\"><strong data-start=\"1438\" data-end=\"1454\">Caract\u00e9ristiques principales<\/strong><\/h3>\n<ul data-start=\"1456\" data-end=\"1971\">\n<li class=\"\" data-start=\"1456\" data-end=\"1564\">\n<p class=\"\" data-start=\"1458\" data-end=\"1564\"><strong data-start=\"1458\" data-end=\"1479\">Tissu double face<\/strong>: Le <strong data-start=\"1485\" data-end=\"1513\">la face noire absorbe la lumi\u00e8re<\/strong>, tandis que le <strong data-start=\"1525\" data-end=\"1561\">la face grise offre un remplissage plus doux<\/strong>.<\/p>\n<\/li>\n<li class=\"\" data-start=\"1565\" data-end=\"1643\">\n<p class=\"\" data-start=\"1567\" data-end=\"1643\"><strong data-start=\"1567\" data-end=\"1575\">Taille<\/strong>: <strong data-start=\"1577\" data-end=\"1599\">3,6\u00d73,6m (12'x12')<\/strong>parfait pour les <strong data-start=\"1613\" data-end=\"1640\">moyennes et grandes installations<\/strong>.<\/p>\n<\/li>\n<li class=\"\" data-start=\"1644\" data-end=\"1745\">\n<p class=\"\" data-start=\"1646\" data-end=\"1745\"><strong data-start=\"1646\" data-end=\"1672\">L\u00e9ger et portable<\/strong>: <strong data-start=\"1674\" data-end=\"1699\">Facile \u00e0 manipuler et \u00e0 stocker<\/strong>et <strong data-start=\"1705\" data-end=\"1718\">transport<\/strong> pour <strong data-start=\"1723\" data-end=\"1742\">utilisation sur place<\/strong>.<\/p>\n<\/li>\n<li class=\"\" data-start=\"1746\" data-end=\"1838\">\n<p class=\"\" data-start=\"1748\" data-end=\"1838\"><strong data-start=\"1748\" data-end=\"1768\">Mat\u00e9riau durable<\/strong>: Construit pour <strong data-start=\"1780\" data-end=\"1808\">performance durable<\/strong> en <strong data-start=\"1812\" data-end=\"1835\">tournages professionnels<\/strong>.<\/p>\n<\/li>\n<li class=\"\" data-start=\"1839\" data-end=\"1971\">\n<p class=\"\" data-start=\"1841\" data-end=\"1971\"><strong data-start=\"1841\" data-end=\"1867\">Applications polyvalentes<\/strong>: Id\u00e9al pour <strong data-start=\"1879\" data-end=\"1903\">photographie de portrait<\/strong>, <strong data-start=\"1905\" data-end=\"1925\">production vid\u00e9o<\/strong>, <strong data-start=\"1927\" data-end=\"1944\">l'\u00e9clairage des films<\/strong>et <strong data-start=\"1950\" data-end=\"1970\">contr\u00f4le de l'\u00e9clairage<\/strong>.<\/p>\n<\/li>\n<\/ul>\n<h3 class=\"\" data-start=\"1973\" data-end=\"1995\"><strong data-start=\"1977\" data-end=\"1995\">Sp\u00e9cifications<\/strong><\/h3>\n<ul data-start=\"1997\" data-end=\"2217\">\n<li class=\"\" data-start=\"1997\" data-end=\"2034\">\n<p class=\"\" data-start=\"1999\" data-end=\"2034\"><strong data-start=\"1999\" data-end=\"2011\">Mat\u00e9riau<\/strong>: Tissu de haute qualit\u00e9<\/p>\n<\/li>\n<li class=\"\" data-start=\"2035\" data-end=\"2067\">\n<p class=\"\" data-start=\"2037\" data-end=\"2067\"><strong data-start=\"2037\" data-end=\"2045\">Taille<\/strong>: 3,6\u00d73,6m (12'x12')<\/p>\n<\/li>\n<li class=\"\" data-start=\"2068\" data-end=\"2141\">\n<p class=\"\" data-start=\"2070\" data-end=\"2141\"><strong data-start=\"2070\" data-end=\"2087\">Options de couleur<\/strong>: Noir (absorbe la lumi\u00e8re), Gris (remplissage n\u00e9gatif plus doux)<\/p>\n<\/li>\n<li class=\"\" data-start=\"2142\" data-end=\"2217\">\n<p class=\"\" data-start=\"2144\" data-end=\"2217\"><strong data-start=\"2144\" data-end=\"2160\">Applications<\/strong>: <strong data-start=\"2162\" data-end=\"2190\">Photographie, vid\u00e9ographie<\/strong>et <strong data-start=\"2196\" data-end=\"2215\">production de films<\/strong><\/p>\n<\/li>\n<\/ul>\n<p class=\"\" data-start=\"2219\" data-end=\"2519\">La toile noire\/grise de remplissage n\u00e9gatif (3,6\u00d73,6m) est l'outil id\u00e9al pour un contr\u00f4le pr\u00e9cis de la lumi\u00e8re dans les environnements de production professionnels. Qu'il s'agisse de modeler la lumi\u00e8re, de cr\u00e9er des ombres ou de r\u00e9gler l'intensit\u00e9 de la lumi\u00e8re, ce tissu offre flexibilit\u00e9 et fiabilit\u00e9.<\/p>\n<p>Louez-le maintenant sur <a href=\"https:\/\/www.cinesouk.ma\/fr\">CINESOUK<\/a> - une marque de <a href=\"https:\/\/www.broadway.ma\/\">BROADWAY PRODUCTIONS SARL.<\/a><\/p>","protected":false},"excerpt":{"rendered":"<p><strong>Sp\u00e9cifications<\/strong><\/p>\n<ul>\n<li class=\"\" data-start=\"1998\" data-end=\"2035\">\n<p class=\"\" data-start=\"2000\" data-end=\"2035\"><strong data-start=\"2000\" data-end=\"2013\">Mat\u00e9riau :<\/strong> Tissu de haute qualit\u00e9<\/p>\n<\/li>\n<li class=\"\" data-start=\"2036\" data-end=\"2068\">\n<p class=\"\" data-start=\"2038\" data-end=\"2068\"><strong data-start=\"2038\" data-end=\"2047\">Taille :<\/strong> 3,6\u00d73,6m (12'x12')<\/p>\n<\/li>\n<li class=\"\" data-start=\"2069\" data-end=\"2145\">\n<p class=\"\" data-start=\"2071\" data-end=\"2145\"><strong data-start=\"2071\" data-end=\"2089\">Options de couleur :<\/strong> Noir (absorbe la lumi\u00e8re) et gris (remplissage n\u00e9gatif plus doux)<\/p>\n<\/li>\n<li class=\"\" data-start=\"2146\" data-end=\"2239\">\n<p class=\"\" data-start=\"2148\" data-end=\"2239\"><strong data-start=\"2148\" data-end=\"2165\">Applications :<\/strong> <strong data-start=\"2166\" data-end=\"2211\">Photographie, vid\u00e9ographie, production de films<\/strong>et <strong data-start=\"2217\" data-end=\"2237\">contr\u00f4le de l'\u00e9clairage<\/strong><\/p>\n<\/li>\n<\/ul>","protected":false},"featured_media":11926,"template":"","meta":{"om_disable_all_campaigns":false,"_monsterinsights_skip_tracking":false,"_monsterinsights_sitenote_active":false,"_monsterinsights_sitenote_note":"","_monsterinsights_sitenote_category":0,"_uf_show_specific_survey":0,"_uf_disable_surveys":false},"product_brand":[],"product_cat":[91],"product_tag":[],"class_list":{"0":"post-11927","1":"product","2":"type-product","3":"status-publish","4":"has-post-thumbnail","6":"product_cat-fabrics-and-bounces-cinesouk","8":"entry","9":"has-media","11":"first","12":"instock","13":"taxable","14":"shipping-taxable","15":"purchasable","16":"product-type-variable","17":"has-product-nav","18":"col","19":"span_1_of_3","20":"owp-content-center","21":"owp-thumbs-layout-horizontal","22":"owp-btn-normal","23":"owp-tabs-layout-horizontal","24":"has-no-thumbnails"},"yoast_head":"<!-- This site is optimized with the Yoast SEO Premium plugin v26.0 (Yoast SEO v26.0) - https:\/\/yoast.com\/wordpress\/plugins\/seo\/ -->\n<title>Black \/ Grey Negative Fill Fabric\/Cloth - 3,6x3,6m (12\u2019x12\u2019) - CineSouk - For rent<\/title>\n<meta name=\"description\" content=\"Black \/ Grey Negative Fill Fabric\/Cloth \u2013 3.6x3.6m (12\u2019x12\u2019) for light control, shadow creation, and reflection reduction in photography and videography.\" \/>\n<meta name=\"robots\" content=\"index, follow, max-snippet:-1, max-image-preview:large, max-video-preview:-1\" \/>\n<link rel=\"canonical\" href=\"https:\/\/www.cinesouk.ma\/fr\/produit\/black-grey-negative-fill-fabric-cloth-36x36m-12x12\/\" \/>\n<meta property=\"og:locale\" content=\"fr_FR\" \/>\n<meta property=\"og:type\" content=\"article\" \/>\n<meta property=\"og:title\" content=\"Black \/ Grey Negative Fill Fabric\/Cloth - 3,6x3,6m (12\u2019x12\u2019)\" \/>\n<meta property=\"og:description\" content=\"Black \/ Grey Negative Fill Fabric\/Cloth \u2013 3.6x3.6m (12\u2019x12\u2019) for light control, shadow creation, and reflection reduction in photography and videography.\" \/>\n<meta property=\"og:url\" content=\"https:\/\/www.cinesouk.ma\/fr\/produit\/black-grey-negative-fill-fabric-cloth-36x36m-12x12\/\" \/>\n<meta property=\"og:site_name\" content=\"CineSouk\" \/>\n<meta property=\"article:modified_time\" content=\"2026-02-05T13:20:09+00:00\" \/>\n<meta property=\"og:image\" content=\"https:\/\/www.cinesouk.ma\/wp-content\/uploads\/2025\/03\/Black-_-Grey-Negative-Fill-Fabric_Cloth-60x60m-20x20_.jpg\" \/>\n\t<meta property=\"og:image:width\" content=\"300\" \/>\n\t<meta property=\"og:image:height\" content=\"238\" \/>\n\t<meta property=\"og:image:type\" content=\"image\/jpeg\" \/>\n<meta name=\"twitter:card\" content=\"summary_large_image\" \/>\n<meta name=\"twitter:description\" content=\"Black \/ Grey Negative Fill Fabric\/Cloth \u2013 3.6x3.6m (12\u2019x12\u2019) for light control, shadow creation, and reflection reduction in photography and videography.\" \/>\n<meta name=\"twitter:label1\" content=\"Dur\u00e9e de lecture estim\u00e9e\" \/>\n\t<meta name=\"twitter:data1\" content=\"2 minutes\" \/>\n<script type=\"application\/ld+json\" class=\"yoast-schema-graph\">{\"@context\":\"https:\/\/schema.org\",\"@graph\":[{\"@type\":\"WebPage\",\"@id\":\"https:\/\/www.cinesouk.ma\/product\/black-grey-negative-fill-fabric-cloth-36x36m-12x12\/\",\"url\":\"https:\/\/www.cinesouk.ma\/product\/black-grey-negative-fill-fabric-cloth-36x36m-12x12\/\",\"name\":\"Black \/ Grey Negative Fill Fabric\/Cloth - 3,6x3,6m (12\u2019x12\u2019) - CineSouk - For rent\",\"isPartOf\":{\"@id\":\"https:\/\/www.cinesouk.ma\/#website\"},\"primaryImageOfPage\":{\"@id\":\"https:\/\/www.cinesouk.ma\/product\/black-grey-negative-fill-fabric-cloth-36x36m-12x12\/#primaryimage\"},\"image\":{\"@id\":\"https:\/\/www.cinesouk.ma\/product\/black-grey-negative-fill-fabric-cloth-36x36m-12x12\/#primaryimage\"},\"thumbnailUrl\":\"https:\/\/www.cinesouk.ma\/wp-content\/uploads\/2025\/03\/Black-_-Grey-Negative-Fill-Fabric_Cloth-60x60m-20x20_.jpg\",\"datePublished\":\"2025-04-08T11:24:15+00:00\",\"dateModified\":\"2026-02-05T13:20:09+00:00\",\"description\":\"Black \/ Grey Negative Fill Fabric\/Cloth \u2013 3.6x3.6m (12\u2019x12\u2019) for light control, shadow creation, and reflection reduction in photography and videography.\",\"breadcrumb\":{\"@id\":\"https:\/\/www.cinesouk.ma\/product\/black-grey-negative-fill-fabric-cloth-36x36m-12x12\/#breadcrumb\"},\"inLanguage\":\"fr-FR\",\"potentialAction\":[{\"@type\":\"ReadAction\",\"target\":[\"https:\/\/www.cinesouk.ma\/product\/black-grey-negative-fill-fabric-cloth-36x36m-12x12\/\"]}]},{\"@type\":\"ImageObject\",\"inLanguage\":\"fr-FR\",\"@id\":\"https:\/\/www.cinesouk.ma\/product\/black-grey-negative-fill-fabric-cloth-36x36m-12x12\/#primaryimage\",\"url\":\"https:\/\/www.cinesouk.ma\/wp-content\/uploads\/2025\/03\/Black-_-Grey-Negative-Fill-Fabric_Cloth-60x60m-20x20_.jpg\",\"contentUrl\":\"https:\/\/www.cinesouk.ma\/wp-content\/uploads\/2025\/03\/Black-_-Grey-Negative-Fill-Fabric_Cloth-60x60m-20x20_.jpg\",\"width\":300,\"height\":238,\"caption\":\"Black _ Grey Negative Fill Fabric_Cloth - 6,0x6,0m (20\u2019x20\u2019)\"},{\"@type\":\"BreadcrumbList\",\"@id\":\"https:\/\/www.cinesouk.ma\/product\/black-grey-negative-fill-fabric-cloth-36x36m-12x12\/#breadcrumb\",\"itemListElement\":[{\"@type\":\"ListItem\",\"position\":1,\"name\":\"Home\",\"item\":\"https:\/\/www.cinesouk.ma\/\"},{\"@type\":\"ListItem\",\"position\":2,\"name\":\"Shop\",\"item\":\"https:\/\/www.cinesouk.ma\/shop\/\"},{\"@type\":\"ListItem\",\"position\":3,\"name\":\"Black \/ Grey Negative Fill Fabric\/Cloth &#8211; 3,6&#215;3,6m (12\u2019x12\u2019)\"}]},{\"@type\":\"WebSite\",\"@id\":\"https:\/\/www.cinesouk.ma\/#website\",\"url\":\"https:\/\/www.cinesouk.ma\/\",\"name\":\"CineSouk\",\"description\":\"\",\"publisher\":{\"@id\":\"https:\/\/www.cinesouk.ma\/#organization\"},\"potentialAction\":[{\"@type\":\"SearchAction\",\"target\":{\"@type\":\"EntryPoint\",\"urlTemplate\":\"https:\/\/www.cinesouk.ma\/?s={search_term_string}\"},\"query-input\":{\"@type\":\"PropertyValueSpecification\",\"valueRequired\":true,\"valueName\":\"search_term_string\"}}],\"inLanguage\":\"fr-FR\"},{\"@type\":\"Organization\",\"@id\":\"https:\/\/www.cinesouk.ma\/#organization\",\"name\":\"CineSouk\",\"url\":\"https:\/\/www.cinesouk.ma\/\",\"logo\":{\"@type\":\"ImageObject\",\"inLanguage\":\"fr-FR\",\"@id\":\"https:\/\/www.cinesouk.ma\/#\/schema\/logo\/image\/\",\"url\":\"https:\/\/www.cinesouk.ma\/wp-content\/uploads\/2024\/01\/CineSouk-logo-v01-alpha-alligned-left.png\",\"contentUrl\":\"https:\/\/www.cinesouk.ma\/wp-content\/uploads\/2024\/01\/CineSouk-logo-v01-alpha-alligned-left.png\",\"width\":3204,\"height\":889,\"caption\":\"CineSouk\"},\"image\":{\"@id\":\"https:\/\/www.cinesouk.ma\/#\/schema\/logo\/image\/\"}}]}<\/script>\n<!-- \/ Yoast SEO Premium plugin. -->","yoast_head_json":{"title":"Black \/ Grey Negative Fill Fabric\/Cloth - 3,6x3,6m (12\u2019x12\u2019) - CineSouk - For rent","description":"Black \/ Grey Negative Fill Fabric\/Cloth \u2013 3.6x3.6m (12\u2019x12\u2019) for light control, shadow creation, and reflection reduction in photography and videography.","robots":{"index":"index","follow":"follow","max-snippet":"max-snippet:-1","max-image-preview":"max-image-preview:large","max-video-preview":"max-video-preview:-1"},"canonical":"https:\/\/www.cinesouk.ma\/fr\/produit\/black-grey-negative-fill-fabric-cloth-36x36m-12x12\/","og_locale":"fr_FR","og_type":"article","og_title":"Black \/ Grey Negative Fill Fabric\/Cloth - 3,6x3,6m (12\u2019x12\u2019)","og_description":"Black \/ Grey Negative Fill Fabric\/Cloth \u2013 3.6x3.6m (12\u2019x12\u2019) for light control, shadow creation, and reflection reduction in photography and videography.","og_url":"https:\/\/www.cinesouk.ma\/fr\/produit\/black-grey-negative-fill-fabric-cloth-36x36m-12x12\/","og_site_name":"CineSouk","article_modified_time":"2026-02-05T13:20:09+00:00","og_image":[{"width":300,"height":238,"url":"https:\/\/www.cinesouk.ma\/wp-content\/uploads\/2025\/03\/Black-_-Grey-Negative-Fill-Fabric_Cloth-60x60m-20x20_.jpg","type":"image\/jpeg"}],"twitter_card":"summary_large_image","twitter_description":"Black \/ Grey Negative Fill Fabric\/Cloth \u2013 3.6x3.6m (12\u2019x12\u2019) for light control, shadow creation, and reflection reduction in photography and videography.","twitter_misc":{"Dur\u00e9e de lecture estim\u00e9e":"2 minutes"},"schema":{"@context":"https:\/\/schema.org","@graph":[{"@type":"WebPage","@id":"https:\/\/www.cinesouk.ma\/product\/black-grey-negative-fill-fabric-cloth-36x36m-12x12\/","url":"https:\/\/www.cinesouk.ma\/product\/black-grey-negative-fill-fabric-cloth-36x36m-12x12\/","name":"Black \/ Grey Negative Fill Fabric\/Cloth - 3,6x3,6m (12\u2019x12\u2019) - CineSouk - For rent","isPartOf":{"@id":"https:\/\/www.cinesouk.ma\/#website"},"primaryImageOfPage":{"@id":"https:\/\/www.cinesouk.ma\/product\/black-grey-negative-fill-fabric-cloth-36x36m-12x12\/#primaryimage"},"image":{"@id":"https:\/\/www.cinesouk.ma\/product\/black-grey-negative-fill-fabric-cloth-36x36m-12x12\/#primaryimage"},"thumbnailUrl":"https:\/\/www.cinesouk.ma\/wp-content\/uploads\/2025\/03\/Black-_-Grey-Negative-Fill-Fabric_Cloth-60x60m-20x20_.jpg","datePublished":"2025-04-08T11:24:15+00:00","dateModified":"2026-02-05T13:20:09+00:00","description":"Black \/ Grey Negative Fill Fabric\/Cloth \u2013 3.6x3.6m (12\u2019x12\u2019) for light control, shadow creation, and reflection reduction in photography and videography.","breadcrumb":{"@id":"https:\/\/www.cinesouk.ma\/product\/black-grey-negative-fill-fabric-cloth-36x36m-12x12\/#breadcrumb"},"inLanguage":"fr-FR","potentialAction":[{"@type":"ReadAction","target":["https:\/\/www.cinesouk.ma\/product\/black-grey-negative-fill-fabric-cloth-36x36m-12x12\/"]}]},{"@type":"ImageObject","inLanguage":"fr-FR","@id":"https:\/\/www.cinesouk.ma\/product\/black-grey-negative-fill-fabric-cloth-36x36m-12x12\/#primaryimage","url":"https:\/\/www.cinesouk.ma\/wp-content\/uploads\/2025\/03\/Black-_-Grey-Negative-Fill-Fabric_Cloth-60x60m-20x20_.jpg","contentUrl":"https:\/\/www.cinesouk.ma\/wp-content\/uploads\/2025\/03\/Black-_-Grey-Negative-Fill-Fabric_Cloth-60x60m-20x20_.jpg","width":300,"height":238,"caption":"Black _ Grey Negative Fill Fabric_Cloth - 6,0x6,0m (20\u2019x20\u2019)"},{"@type":"BreadcrumbList","@id":"https:\/\/www.cinesouk.ma\/product\/black-grey-negative-fill-fabric-cloth-36x36m-12x12\/#breadcrumb","itemListElement":[{"@type":"ListItem","position":1,"name":"Home","item":"https:\/\/www.cinesouk.ma\/"},{"@type":"ListItem","position":2,"name":"Shop","item":"https:\/\/www.cinesouk.ma\/shop\/"},{"@type":"ListItem","position":3,"name":"Black \/ Grey Negative Fill Fabric\/Cloth &#8211; 3,6&#215;3,6m (12\u2019x12\u2019)"}]},{"@type":"WebSite","@id":"https:\/\/www.cinesouk.ma\/#website","url":"https:\/\/www.cinesouk.ma\/","name":"CineSouk","description":"","publisher":{"@id":"https:\/\/www.cinesouk.ma\/#organization"},"potentialAction":[{"@type":"SearchAction","target":{"@type":"EntryPoint","urlTemplate":"https:\/\/www.cinesouk.ma\/?s={search_term_string}"},"query-input":{"@type":"PropertyValueSpecification","valueRequired":true,"valueName":"search_term_string"}}],"inLanguage":"fr-FR"},{"@type":"Organization","@id":"https:\/\/www.cinesouk.ma\/#organization","name":"CineSouk","url":"https:\/\/www.cinesouk.ma\/","logo":{"@type":"ImageObject","inLanguage":"fr-FR","@id":"https:\/\/www.cinesouk.ma\/#\/schema\/logo\/image\/","url":"https:\/\/www.cinesouk.ma\/wp-content\/uploads\/2024\/01\/CineSouk-logo-v01-alpha-alligned-left.png","contentUrl":"https:\/\/www.cinesouk.ma\/wp-content\/uploads\/2024\/01\/CineSouk-logo-v01-alpha-alligned-left.png","width":3204,"height":889,"caption":"CineSouk"},"image":{"@id":"https:\/\/www.cinesouk.ma\/#\/schema\/logo\/image\/"}}]}},"_links":{"self":[{"href":"https:\/\/www.cinesouk.ma\/fr\/wp-json\/wp\/v2\/product\/11927","targetHints":{"allow":["GET"]}}],"collection":[{"href":"https:\/\/www.cinesouk.ma\/fr\/wp-json\/wp\/v2\/product"}],"about":[{"href":"https:\/\/www.cinesouk.ma\/fr\/wp-json\/wp\/v2\/types\/product"}],"wp:featuredmedia":[{"embeddable":true,"href":"https:\/\/www.cinesouk.ma\/fr\/wp-json\/wp\/v2\/media\/11926"}],"wp:attachment":[{"href":"https:\/\/www.cinesouk.ma\/fr\/wp-json\/wp\/v2\/media?parent=11927"}],"wp:term":[{"taxonomy":"product_brand","embeddable":true,"href":"https:\/\/www.cinesouk.ma\/fr\/wp-json\/wp\/v2\/product_brand?post=11927"},{"taxonomy":"product_cat","embeddable":true,"href":"https:\/\/www.cinesouk.ma\/fr\/wp-json\/wp\/v2\/product_cat?post=11927"},{"taxonomy":"product_tag","embeddable":true,"href":"https:\/\/www.cinesouk.ma\/fr\/wp-json\/wp\/v2\/product_tag?post=11927"}],"curies":[{"name":"wp","href":"https:\/\/api.w.org\/{rel}","templated":true}]}}