{"id":11938,"date":"2025-04-08T11:35:26","date_gmt":"2025-04-08T11:35:26","guid":{"rendered":"https:\/\/www.cinesouk.ma\/?post_type=product&#038;p=11938"},"modified":"2026-02-05T13:19:50","modified_gmt":"2026-02-05T13:19:50","slug":"black-grey-negative-fill-fabric-cloth-24x24m-8x8","status":"publish","type":"product","link":"https:\/\/www.cinesouk.ma\/fr\/produit\/black-grey-negative-fill-fabric-cloth-24x24m-8x8\/","title":{"rendered":"Tissu de remplissage n\u00e9gatif noir \/ gris - 2,4\u00d72,4m (8'x8')"},"content":{"rendered":"<p class=\"\" data-start=\"68\" data-end=\"368\">La toile noire\/grise de remplissage n\u00e9gatif (2,4\u00d72,4m) est un outil d'\u00e9clairage polyvalent et essentiel pour les photographes et les cin\u00e9astes. Avec une taille de 2,4\u00d72,4m (8'x8'), ce tissu offre une couverture ample pour les configurations petites \u00e0 moyennes telles que la photographie de portrait ou les petits tournages vid\u00e9o.<\/p>\n<p class=\"\" data-start=\"370\" data-end=\"742\">Le tissu a une double fonction. L'une des faces est noire et absorbe la lumi\u00e8re pour cr\u00e9er de la profondeur, des ombres et du contraste. L'autre face est grise, offrant un remplissage n\u00e9gatif plus doux qui r\u00e9duit l'intensit\u00e9 de la lumi\u00e8re sans la bloquer compl\u00e8tement. Cela vous permet d'ajuster l'\u00e9clairage en fonction de la sc\u00e8ne ou du plan sur lequel vous travaillez.<\/p>\n<p class=\"\" data-start=\"744\" data-end=\"1082\">Gr\u00e2ce \u00e0 sa conception l\u00e9g\u00e8re et portable, cette toile est facile \u00e0 transporter et \u00e0 installer dans divers environnements, que vous travailliez en studio ou sur des tournages en ext\u00e9rieur. Sa construction durable lui permet de r\u00e9sister \u00e0 une utilisation professionnelle, ce qui en fait un compl\u00e9ment fiable \u00e0 votre installation d'\u00e9clairage.<\/p>\n<h3 class=\"\" data-start=\"1084\" data-end=\"1147\">Pourquoi choisir le tissu\/la toile de remplissage n\u00e9gatif noir\/gris ?<\/h3>\n<p class=\"\" data-start=\"1149\" data-end=\"1469\">Ce tissu de remplissage n\u00e9gatif est parfait pour les cin\u00e9astes et les photographes qui souhaitent contr\u00f4ler la lumi\u00e8re et cr\u00e9er des effets d'\u00e9clairage sp\u00e9cifiques. Qu'il s'agisse de faire rebondir la lumi\u00e8re, de cr\u00e9er des ombres ou d'ajuster l'intensit\u00e9 de la lumi\u00e8re, ce tissu offre la polyvalence dont vous avez besoin pour divers sc\u00e9narios de prise de vue.<\/p>\n<h3 class=\"\" data-start=\"1471\" data-end=\"1491\"><strong data-start=\"1475\" data-end=\"1491\">Caract\u00e9ristiques principales<\/strong><\/h3>\n<ul data-start=\"1493\" data-end=\"2087\">\n<li class=\"\" data-start=\"1493\" data-end=\"1634\">\n<p class=\"\" data-start=\"1495\" data-end=\"1634\"><strong data-start=\"1495\" data-end=\"1516\">Tissu double face<\/strong>: Le <strong data-start=\"1522\" data-end=\"1550\">la face noire absorbe la lumi\u00e8re<\/strong>, cr\u00e9ant <strong data-start=\"1561\" data-end=\"1573\">contraste<\/strong> et <strong data-start=\"1578\" data-end=\"1589\">ombres<\/strong>, tandis que le <strong data-start=\"1601\" data-end=\"1631\">le c\u00f4t\u00e9 gris adoucit le remplissage<\/strong>.<\/p>\n<\/li>\n<li class=\"\" data-start=\"1635\" data-end=\"1734\">\n<p class=\"\" data-start=\"1637\" data-end=\"1734\"><strong data-start=\"1637\" data-end=\"1645\">Taille<\/strong>: <strong data-start=\"1647\" data-end=\"1667\">2,4\u00d72,4m (8'x8')<\/strong>id\u00e9al pour <strong data-start=\"1679\" data-end=\"1707\">petites et moyennes installations<\/strong> et <strong data-start=\"1712\" data-end=\"1731\">s\u00e9ances de portraits<\/strong>.<\/p>\n<\/li>\n<li class=\"\" data-start=\"1735\" data-end=\"1844\">\n<p class=\"\" data-start=\"1737\" data-end=\"1844\"><strong data-start=\"1737\" data-end=\"1763\">L\u00e9ger et portable<\/strong>: <strong data-start=\"1765\" data-end=\"1783\">Facile \u00e0 manipuler<\/strong>, <strong data-start=\"1785\" data-end=\"1795\">mettre en place<\/strong>et <strong data-start=\"1801\" data-end=\"1814\">transport<\/strong> pour <strong data-start=\"1819\" data-end=\"1841\">prises de vue sur place<\/strong>.<\/p>\n<\/li>\n<li class=\"\" data-start=\"1845\" data-end=\"1952\">\n<p class=\"\" data-start=\"1847\" data-end=\"1952\"><strong data-start=\"1847\" data-end=\"1871\">Construction durable<\/strong>: Construit pour <strong data-start=\"1882\" data-end=\"1905\">supporter une utilisation fr\u00e9quente<\/strong> en <strong data-start=\"1909\" data-end=\"1949\">environnements de production professionnels<\/strong>.<\/p>\n<\/li>\n<li class=\"\" data-start=\"1953\" data-end=\"2087\">\n<p class=\"\" data-start=\"1955\" data-end=\"2087\"><strong data-start=\"1955\" data-end=\"1981\">Applications polyvalentes<\/strong>: Id\u00e9al pour <strong data-start=\"1993\" data-end=\"2017\">photographie de portrait<\/strong>, <strong data-start=\"2019\" data-end=\"2039\">production vid\u00e9o<\/strong>, <strong data-start=\"2041\" data-end=\"2058\">l'\u00e9clairage des films<\/strong>et <strong data-start=\"2064\" data-end=\"2086\">prises de vue sur place<\/strong>.<\/p>\n<\/li>\n<\/ul>\n<h3 class=\"\" data-start=\"2089\" data-end=\"2111\"><strong data-start=\"2093\" data-end=\"2111\">Sp\u00e9cifications<\/strong><\/h3>\n<ul data-start=\"2113\" data-end=\"2332\">\n<li class=\"\" data-start=\"2113\" data-end=\"2150\">\n<p class=\"\" data-start=\"2115\" data-end=\"2150\"><strong data-start=\"2115\" data-end=\"2127\">Mat\u00e9riau<\/strong>: Tissu de haute qualit\u00e9<\/p>\n<\/li>\n<li class=\"\" data-start=\"2151\" data-end=\"2181\">\n<p class=\"\" data-start=\"2153\" data-end=\"2181\"><strong data-start=\"2153\" data-end=\"2161\">Taille<\/strong>2,4\u00d72,4m (8'x8')<\/p>\n<\/li>\n<li class=\"\" data-start=\"2182\" data-end=\"2258\">\n<p class=\"\" data-start=\"2184\" data-end=\"2258\"><strong data-start=\"2184\" data-end=\"2201\">Options de couleur<\/strong>: Noir (absorbe la lumi\u00e8re) et Gris (remplissage n\u00e9gatif plus doux)<\/p>\n<\/li>\n<li class=\"\" data-start=\"2259\" data-end=\"2332\">\n<p class=\"\" data-start=\"2261\" data-end=\"2332\"><strong data-start=\"2261\" data-end=\"2277\">Applications<\/strong>: <strong data-start=\"2279\" data-end=\"2307\">Photographie, vid\u00e9ographie<\/strong>et <strong data-start=\"2313\" data-end=\"2332\">production de films<\/strong><\/p>\n<\/li>\n<\/ul>\n<p class=\"\" data-start=\"2334\" data-end=\"2618\">La toile noire\/grise de remplissage n\u00e9gatif (2,4\u00d72,4m) offre un contr\u00f4le pr\u00e9cis de la lumi\u00e8re et une grande polyvalence aux photographes et aux directeurs de la photographie. Qu'il s'agisse de modeler la lumi\u00e8re, d'ajouter des ombres ou d'ajuster l'intensit\u00e9, ce tissu garantit des r\u00e9sultats professionnels pour toutes les prises de vue.<\/p>\n<p>Louez-le maintenant sur <a href=\"https:\/\/www.cinesouk.ma\/fr\">CINESOUK<\/a> - une marque de <a href=\"https:\/\/www.broadway.ma\/\">BROADWAY PRODUCTIONS SARL.<\/a><\/p>","protected":false},"excerpt":{"rendered":"<p><strong>Sp\u00e9cifications<\/strong><\/p>\n<ul>\n<li class=\"\" data-start=\"2113\" data-end=\"2150\">\n<p class=\"\" data-start=\"2115\" data-end=\"2150\"><strong data-start=\"2115\" data-end=\"2127\">Mat\u00e9riau<\/strong>: Tissu de haute qualit\u00e9<\/p>\n<\/li>\n<li class=\"\" data-start=\"2151\" data-end=\"2181\">\n<p class=\"\" data-start=\"2153\" data-end=\"2181\"><strong data-start=\"2153\" data-end=\"2161\">Taille<\/strong>2,4\u00d72,4m (8'x8')<\/p>\n<\/li>\n<li class=\"\" data-start=\"2182\" data-end=\"2258\">\n<p class=\"\" data-start=\"2184\" data-end=\"2258\"><strong data-start=\"2184\" data-end=\"2201\">Options de couleur<\/strong>: Noir (absorbe la lumi\u00e8re) et Gris (remplissage n\u00e9gatif plus doux)<\/p>\n<\/li>\n<li class=\"\" data-start=\"2259\" data-end=\"2332\">\n<p class=\"\" data-start=\"2261\" data-end=\"2332\"><strong data-start=\"2261\" data-end=\"2277\">Applications<\/strong>: <strong data-start=\"2279\" data-end=\"2307\">Photographie, vid\u00e9ographie<\/strong>et <strong data-start=\"2313\" data-end=\"2332\">production de films<\/strong><\/p>\n<\/li>\n<\/ul>","protected":false},"featured_media":11926,"template":"","meta":{"om_disable_all_campaigns":false,"_monsterinsights_skip_tracking":false,"_monsterinsights_sitenote_active":false,"_monsterinsights_sitenote_note":"","_monsterinsights_sitenote_category":0,"_uf_show_specific_survey":0,"_uf_disable_surveys":false},"product_brand":[],"product_cat":[91],"product_tag":[],"class_list":{"0":"post-11938","1":"product","2":"type-product","3":"status-publish","4":"has-post-thumbnail","6":"product_cat-fabrics-and-bounces-cinesouk","8":"entry","9":"has-media","11":"first","12":"instock","13":"taxable","14":"shipping-taxable","15":"purchasable","16":"product-type-variable","17":"has-product-nav","18":"col","19":"span_1_of_3","20":"owp-content-center","21":"owp-thumbs-layout-horizontal","22":"owp-btn-normal","23":"owp-tabs-layout-horizontal","24":"has-no-thumbnails"},"yoast_head":"<!-- This site is optimized with the Yoast SEO Premium plugin v26.0 (Yoast SEO v26.0) - https:\/\/yoast.com\/wordpress\/plugins\/seo\/ -->\n<title>Black \/ Grey Negative Fill Fabric\/Cloth - 2,4x2,4m (8\u2019x8\u2019) - CineSouk - For rent<\/title>\n<meta name=\"description\" content=\"Black \/ Grey Negative Fill Fabric\/Cloth \u2013 2.4x2.4m (8\u2019x8\u2019) for light control, shadow creation, and reflection reduction in photography and videography.\" \/>\n<meta name=\"robots\" content=\"index, follow, max-snippet:-1, max-image-preview:large, max-video-preview:-1\" \/>\n<link rel=\"canonical\" href=\"https:\/\/www.cinesouk.ma\/fr\/produit\/black-grey-negative-fill-fabric-cloth-24x24m-8x8\/\" \/>\n<meta property=\"og:locale\" content=\"fr_FR\" \/>\n<meta property=\"og:type\" content=\"article\" \/>\n<meta property=\"og:title\" content=\"Black \/ Grey Negative Fill Fabric\/Cloth - 2,4x2,4m (8\u2019x8\u2019)\" \/>\n<meta property=\"og:description\" content=\"Black \/ Grey Negative Fill Fabric\/Cloth \u2013 2.4x2.4m (8\u2019x8\u2019) for light control, shadow creation, and reflection reduction in photography and videography.\" \/>\n<meta property=\"og:url\" content=\"https:\/\/www.cinesouk.ma\/fr\/produit\/black-grey-negative-fill-fabric-cloth-24x24m-8x8\/\" \/>\n<meta property=\"og:site_name\" content=\"CineSouk\" \/>\n<meta property=\"article:modified_time\" content=\"2026-02-05T13:19:50+00:00\" \/>\n<meta property=\"og:image\" content=\"https:\/\/www.cinesouk.ma\/wp-content\/uploads\/2025\/03\/Black-_-Grey-Negative-Fill-Fabric_Cloth-60x60m-20x20_.jpg\" \/>\n\t<meta property=\"og:image:width\" content=\"300\" \/>\n\t<meta property=\"og:image:height\" content=\"238\" \/>\n\t<meta property=\"og:image:type\" content=\"image\/jpeg\" \/>\n<meta name=\"twitter:card\" content=\"summary_large_image\" \/>\n<meta name=\"twitter:description\" content=\"Black \/ Grey Negative Fill Fabric\/Cloth \u2013 2.4x2.4m (8\u2019x8\u2019) for light control, shadow creation, and reflection reduction in photography and videography.\" \/>\n<meta name=\"twitter:label1\" content=\"Dur\u00e9e de lecture estim\u00e9e\" \/>\n\t<meta name=\"twitter:data1\" content=\"2 minutes\" \/>\n<script type=\"application\/ld+json\" class=\"yoast-schema-graph\">{\"@context\":\"https:\/\/schema.org\",\"@graph\":[{\"@type\":\"WebPage\",\"@id\":\"https:\/\/www.cinesouk.ma\/product\/black-grey-negative-fill-fabric-cloth-24x24m-8x8\/\",\"url\":\"https:\/\/www.cinesouk.ma\/product\/black-grey-negative-fill-fabric-cloth-24x24m-8x8\/\",\"name\":\"Black \/ Grey Negative Fill Fabric\/Cloth - 2,4x2,4m (8\u2019x8\u2019) - CineSouk - For rent\",\"isPartOf\":{\"@id\":\"https:\/\/www.cinesouk.ma\/#website\"},\"primaryImageOfPage\":{\"@id\":\"https:\/\/www.cinesouk.ma\/product\/black-grey-negative-fill-fabric-cloth-24x24m-8x8\/#primaryimage\"},\"image\":{\"@id\":\"https:\/\/www.cinesouk.ma\/product\/black-grey-negative-fill-fabric-cloth-24x24m-8x8\/#primaryimage\"},\"thumbnailUrl\":\"https:\/\/www.cinesouk.ma\/wp-content\/uploads\/2025\/03\/Black-_-Grey-Negative-Fill-Fabric_Cloth-60x60m-20x20_.jpg\",\"datePublished\":\"2025-04-08T11:35:26+00:00\",\"dateModified\":\"2026-02-05T13:19:50+00:00\",\"description\":\"Black \/ Grey Negative Fill Fabric\/Cloth \u2013 2.4x2.4m (8\u2019x8\u2019) for light control, shadow creation, and reflection reduction in photography and videography.\",\"breadcrumb\":{\"@id\":\"https:\/\/www.cinesouk.ma\/product\/black-grey-negative-fill-fabric-cloth-24x24m-8x8\/#breadcrumb\"},\"inLanguage\":\"fr-FR\",\"potentialAction\":[{\"@type\":\"ReadAction\",\"target\":[\"https:\/\/www.cinesouk.ma\/product\/black-grey-negative-fill-fabric-cloth-24x24m-8x8\/\"]}]},{\"@type\":\"ImageObject\",\"inLanguage\":\"fr-FR\",\"@id\":\"https:\/\/www.cinesouk.ma\/product\/black-grey-negative-fill-fabric-cloth-24x24m-8x8\/#primaryimage\",\"url\":\"https:\/\/www.cinesouk.ma\/wp-content\/uploads\/2025\/03\/Black-_-Grey-Negative-Fill-Fabric_Cloth-60x60m-20x20_.jpg\",\"contentUrl\":\"https:\/\/www.cinesouk.ma\/wp-content\/uploads\/2025\/03\/Black-_-Grey-Negative-Fill-Fabric_Cloth-60x60m-20x20_.jpg\",\"width\":300,\"height\":238,\"caption\":\"Black _ Grey Negative Fill Fabric_Cloth - 6,0x6,0m (20\u2019x20\u2019)\"},{\"@type\":\"BreadcrumbList\",\"@id\":\"https:\/\/www.cinesouk.ma\/product\/black-grey-negative-fill-fabric-cloth-24x24m-8x8\/#breadcrumb\",\"itemListElement\":[{\"@type\":\"ListItem\",\"position\":1,\"name\":\"Home\",\"item\":\"https:\/\/www.cinesouk.ma\/\"},{\"@type\":\"ListItem\",\"position\":2,\"name\":\"Shop\",\"item\":\"https:\/\/www.cinesouk.ma\/shop\/\"},{\"@type\":\"ListItem\",\"position\":3,\"name\":\"Black \/ Grey Negative Fill Fabric\/Cloth &#8211; 2,4&#215;2,4m (8\u2019x8\u2019)\"}]},{\"@type\":\"WebSite\",\"@id\":\"https:\/\/www.cinesouk.ma\/#website\",\"url\":\"https:\/\/www.cinesouk.ma\/\",\"name\":\"CineSouk\",\"description\":\"\",\"publisher\":{\"@id\":\"https:\/\/www.cinesouk.ma\/#organization\"},\"potentialAction\":[{\"@type\":\"SearchAction\",\"target\":{\"@type\":\"EntryPoint\",\"urlTemplate\":\"https:\/\/www.cinesouk.ma\/?s={search_term_string}\"},\"query-input\":{\"@type\":\"PropertyValueSpecification\",\"valueRequired\":true,\"valueName\":\"search_term_string\"}}],\"inLanguage\":\"fr-FR\"},{\"@type\":\"Organization\",\"@id\":\"https:\/\/www.cinesouk.ma\/#organization\",\"name\":\"CineSouk\",\"url\":\"https:\/\/www.cinesouk.ma\/\",\"logo\":{\"@type\":\"ImageObject\",\"inLanguage\":\"fr-FR\",\"@id\":\"https:\/\/www.cinesouk.ma\/#\/schema\/logo\/image\/\",\"url\":\"https:\/\/www.cinesouk.ma\/wp-content\/uploads\/2024\/01\/CineSouk-logo-v01-alpha-alligned-left.png\",\"contentUrl\":\"https:\/\/www.cinesouk.ma\/wp-content\/uploads\/2024\/01\/CineSouk-logo-v01-alpha-alligned-left.png\",\"width\":3204,\"height\":889,\"caption\":\"CineSouk\"},\"image\":{\"@id\":\"https:\/\/www.cinesouk.ma\/#\/schema\/logo\/image\/\"}}]}<\/script>\n<!-- \/ Yoast SEO Premium plugin. -->","yoast_head_json":{"title":"Black \/ Grey Negative Fill Fabric\/Cloth - 2,4x2,4m (8\u2019x8\u2019) - CineSouk - For rent","description":"Black \/ Grey Negative Fill Fabric\/Cloth \u2013 2.4x2.4m (8\u2019x8\u2019) for light control, shadow creation, and reflection reduction in photography and videography.","robots":{"index":"index","follow":"follow","max-snippet":"max-snippet:-1","max-image-preview":"max-image-preview:large","max-video-preview":"max-video-preview:-1"},"canonical":"https:\/\/www.cinesouk.ma\/fr\/produit\/black-grey-negative-fill-fabric-cloth-24x24m-8x8\/","og_locale":"fr_FR","og_type":"article","og_title":"Black \/ Grey Negative Fill Fabric\/Cloth - 2,4x2,4m (8\u2019x8\u2019)","og_description":"Black \/ Grey Negative Fill Fabric\/Cloth \u2013 2.4x2.4m (8\u2019x8\u2019) for light control, shadow creation, and reflection reduction in photography and videography.","og_url":"https:\/\/www.cinesouk.ma\/fr\/produit\/black-grey-negative-fill-fabric-cloth-24x24m-8x8\/","og_site_name":"CineSouk","article_modified_time":"2026-02-05T13:19:50+00:00","og_image":[{"width":300,"height":238,"url":"https:\/\/www.cinesouk.ma\/wp-content\/uploads\/2025\/03\/Black-_-Grey-Negative-Fill-Fabric_Cloth-60x60m-20x20_.jpg","type":"image\/jpeg"}],"twitter_card":"summary_large_image","twitter_description":"Black \/ Grey Negative Fill Fabric\/Cloth \u2013 2.4x2.4m (8\u2019x8\u2019) for light control, shadow creation, and reflection reduction in photography and videography.","twitter_misc":{"Dur\u00e9e de lecture estim\u00e9e":"2 minutes"},"schema":{"@context":"https:\/\/schema.org","@graph":[{"@type":"WebPage","@id":"https:\/\/www.cinesouk.ma\/product\/black-grey-negative-fill-fabric-cloth-24x24m-8x8\/","url":"https:\/\/www.cinesouk.ma\/product\/black-grey-negative-fill-fabric-cloth-24x24m-8x8\/","name":"Black \/ Grey Negative Fill Fabric\/Cloth - 2,4x2,4m (8\u2019x8\u2019) - CineSouk - For rent","isPartOf":{"@id":"https:\/\/www.cinesouk.ma\/#website"},"primaryImageOfPage":{"@id":"https:\/\/www.cinesouk.ma\/product\/black-grey-negative-fill-fabric-cloth-24x24m-8x8\/#primaryimage"},"image":{"@id":"https:\/\/www.cinesouk.ma\/product\/black-grey-negative-fill-fabric-cloth-24x24m-8x8\/#primaryimage"},"thumbnailUrl":"https:\/\/www.cinesouk.ma\/wp-content\/uploads\/2025\/03\/Black-_-Grey-Negative-Fill-Fabric_Cloth-60x60m-20x20_.jpg","datePublished":"2025-04-08T11:35:26+00:00","dateModified":"2026-02-05T13:19:50+00:00","description":"Black \/ Grey Negative Fill Fabric\/Cloth \u2013 2.4x2.4m (8\u2019x8\u2019) for light control, shadow creation, and reflection reduction in photography and videography.","breadcrumb":{"@id":"https:\/\/www.cinesouk.ma\/product\/black-grey-negative-fill-fabric-cloth-24x24m-8x8\/#breadcrumb"},"inLanguage":"fr-FR","potentialAction":[{"@type":"ReadAction","target":["https:\/\/www.cinesouk.ma\/product\/black-grey-negative-fill-fabric-cloth-24x24m-8x8\/"]}]},{"@type":"ImageObject","inLanguage":"fr-FR","@id":"https:\/\/www.cinesouk.ma\/product\/black-grey-negative-fill-fabric-cloth-24x24m-8x8\/#primaryimage","url":"https:\/\/www.cinesouk.ma\/wp-content\/uploads\/2025\/03\/Black-_-Grey-Negative-Fill-Fabric_Cloth-60x60m-20x20_.jpg","contentUrl":"https:\/\/www.cinesouk.ma\/wp-content\/uploads\/2025\/03\/Black-_-Grey-Negative-Fill-Fabric_Cloth-60x60m-20x20_.jpg","width":300,"height":238,"caption":"Black _ Grey Negative Fill Fabric_Cloth - 6,0x6,0m (20\u2019x20\u2019)"},{"@type":"BreadcrumbList","@id":"https:\/\/www.cinesouk.ma\/product\/black-grey-negative-fill-fabric-cloth-24x24m-8x8\/#breadcrumb","itemListElement":[{"@type":"ListItem","position":1,"name":"Home","item":"https:\/\/www.cinesouk.ma\/"},{"@type":"ListItem","position":2,"name":"Shop","item":"https:\/\/www.cinesouk.ma\/shop\/"},{"@type":"ListItem","position":3,"name":"Black \/ Grey Negative Fill Fabric\/Cloth &#8211; 2,4&#215;2,4m (8\u2019x8\u2019)"}]},{"@type":"WebSite","@id":"https:\/\/www.cinesouk.ma\/#website","url":"https:\/\/www.cinesouk.ma\/","name":"CineSouk","description":"","publisher":{"@id":"https:\/\/www.cinesouk.ma\/#organization"},"potentialAction":[{"@type":"SearchAction","target":{"@type":"EntryPoint","urlTemplate":"https:\/\/www.cinesouk.ma\/?s={search_term_string}"},"query-input":{"@type":"PropertyValueSpecification","valueRequired":true,"valueName":"search_term_string"}}],"inLanguage":"fr-FR"},{"@type":"Organization","@id":"https:\/\/www.cinesouk.ma\/#organization","name":"CineSouk","url":"https:\/\/www.cinesouk.ma\/","logo":{"@type":"ImageObject","inLanguage":"fr-FR","@id":"https:\/\/www.cinesouk.ma\/#\/schema\/logo\/image\/","url":"https:\/\/www.cinesouk.ma\/wp-content\/uploads\/2024\/01\/CineSouk-logo-v01-alpha-alligned-left.png","contentUrl":"https:\/\/www.cinesouk.ma\/wp-content\/uploads\/2024\/01\/CineSouk-logo-v01-alpha-alligned-left.png","width":3204,"height":889,"caption":"CineSouk"},"image":{"@id":"https:\/\/www.cinesouk.ma\/#\/schema\/logo\/image\/"}}]}},"_links":{"self":[{"href":"https:\/\/www.cinesouk.ma\/fr\/wp-json\/wp\/v2\/product\/11938","targetHints":{"allow":["GET"]}}],"collection":[{"href":"https:\/\/www.cinesouk.ma\/fr\/wp-json\/wp\/v2\/product"}],"about":[{"href":"https:\/\/www.cinesouk.ma\/fr\/wp-json\/wp\/v2\/types\/product"}],"wp:featuredmedia":[{"embeddable":true,"href":"https:\/\/www.cinesouk.ma\/fr\/wp-json\/wp\/v2\/media\/11926"}],"wp:attachment":[{"href":"https:\/\/www.cinesouk.ma\/fr\/wp-json\/wp\/v2\/media?parent=11938"}],"wp:term":[{"taxonomy":"product_brand","embeddable":true,"href":"https:\/\/www.cinesouk.ma\/fr\/wp-json\/wp\/v2\/product_brand?post=11938"},{"taxonomy":"product_cat","embeddable":true,"href":"https:\/\/www.cinesouk.ma\/fr\/wp-json\/wp\/v2\/product_cat?post=11938"},{"taxonomy":"product_tag","embeddable":true,"href":"https:\/\/www.cinesouk.ma\/fr\/wp-json\/wp\/v2\/product_tag?post=11938"}],"curies":[{"name":"wp","href":"https:\/\/api.w.org\/{rel}","templated":true}]}}