{"id":11949,"date":"2025-04-08T11:56:57","date_gmt":"2025-04-08T11:56:57","guid":{"rendered":"https:\/\/www.cinesouk.ma\/?post_type=product&#038;p=11949"},"modified":"2026-02-05T13:19:31","modified_gmt":"2026-02-05T13:19:31","slug":"quarter-grid-1-4-cloth-diffusion-silk-white-60x60m-20x20","status":"publish","type":"product","link":"https:\/\/www.cinesouk.ma\/fr\/produit\/quarter-grid-1-4-cloth-diffusion-silk-white-60x60m-20x20\/","title":{"rendered":"Quarter Grid 1\/4 Cloth Diffusion Silk White - 6,0\u00d76,0m (20'x20')"},"content":{"rendered":"<p class=\"\" data-start=\"71\" data-end=\"413\">Le Quarter Grid 1\/4 Cloth Diffusion Silk White (6,0\u00d76,0m) est un outil d'\u00e9clairage id\u00e9al pour les photographes et vid\u00e9astes qui ont besoin d'une diffusion pr\u00e9cise de la lumi\u00e8re avec un effet plus doux. Con\u00e7ue pour les grandes installations, cette toile de 6,0\u00d76,0 m (20'x20') offre une couverture suffisante pour les photos de groupe, les portraits et les sc\u00e8nes en grand angle.<\/p>\n<p class=\"\" data-start=\"415\" data-end=\"787\">Cette soie de diffusion de haute qualit\u00e9 est fabriqu\u00e9e \u00e0 partir d'un mat\u00e9riau de diffusion 1\/4, ce qui permet d'adoucir la lumi\u00e8re sans la bloquer compl\u00e8tement. La structure \u00e0 quart de grille garantit une diffusion uniforme de la lumi\u00e8re, ce qui donne un aspect naturel et doux. Elle est id\u00e9ale pour r\u00e9duire les ombres dures tout en pr\u00e9servant la luminosit\u00e9 et la clart\u00e9 de votre sujet.<\/p>\n<p class=\"\" data-start=\"789\" data-end=\"1073\">Gr\u00e2ce \u00e0 sa l\u00e9g\u00e8ret\u00e9, cette toile de diffusion est facile \u00e0 manipuler, \u00e0 installer et \u00e0 transporter, ce qui la rend id\u00e9ale pour les tournages en studio et en ext\u00e9rieur. Sa construction durable garantit qu'elle r\u00e9sistera \u00e0 une utilisation prolong\u00e9e dans des environnements exigeants.<\/p>\n<h3 class=\"\" data-start=\"1075\" data-end=\"1139\">Pourquoi choisir le Quarter Grid 1\/4 Cloth Diffusion Silk White ?<\/h3>\n<p class=\"\" data-start=\"1141\" data-end=\"1447\">Cette toile de diffusion est id\u00e9ale pour les directeurs de la photographie, les photographes de portrait et les cr\u00e9ateurs de contenu qui souhaitent une lumi\u00e8re douce et professionnelle avec une diffusion contr\u00f4l\u00e9e. Que vous travailliez dans des configurations petites ou grandes, ce tissu fournit des r\u00e9sultats coh\u00e9rents pour divers sc\u00e9narios de prise de vue.<\/p>\n<h3 class=\"\" data-start=\"1449\" data-end=\"1469\">Caract\u00e9ristiques principales<\/h3>\n<ul data-start=\"1471\" data-end=\"2088\">\n<li class=\"\" data-start=\"1471\" data-end=\"1566\">\n<p class=\"\" data-start=\"1473\" data-end=\"1566\"><strong data-start=\"1473\" data-end=\"1495\">Soie de diffusion 1\/4<\/strong>: Fournit un <strong data-start=\"1508\" data-end=\"1532\">diffusion de la lumi\u00e8re douce<\/strong> sans la bloquer compl\u00e8tement.<\/p>\n<\/li>\n<li class=\"\" data-start=\"1567\" data-end=\"1673\">\n<p class=\"\" data-start=\"1569\" data-end=\"1673\"><strong data-start=\"1569\" data-end=\"1592\">Structure de la grille des quarts<\/strong>: Assure <strong data-start=\"1602\" data-end=\"1626\">diffusion uniforme de la lumi\u00e8re<\/strong>parfait pour les <strong data-start=\"1640\" data-end=\"1670\">portraits et photos de produits<\/strong>.<\/p>\n<\/li>\n<li class=\"\" data-start=\"1674\" data-end=\"1775\">\n<p class=\"\" data-start=\"1676\" data-end=\"1775\"><strong data-start=\"1676\" data-end=\"1690\">Grande taille<\/strong>: <strong data-start=\"1692\" data-end=\"1714\">6.0\u00d76.0m (20'x20')<\/strong>id\u00e9al pour <strong data-start=\"1726\" data-end=\"1746\">prises de vue au grand angle<\/strong> et <strong data-start=\"1751\" data-end=\"1772\">photographie de groupe<\/strong>.<\/p>\n<\/li>\n<li class=\"\" data-start=\"1776\" data-end=\"1881\">\n<p class=\"\" data-start=\"1778\" data-end=\"1881\"><strong data-start=\"1778\" data-end=\"1804\">L\u00e9ger et portable<\/strong>: <strong data-start=\"1806\" data-end=\"1824\">Facile \u00e0 manipuler<\/strong>, <strong data-start=\"1826\" data-end=\"1836\">mettre en place<\/strong>et <strong data-start=\"1842\" data-end=\"1851\">magasin<\/strong> pour <strong data-start=\"1856\" data-end=\"1878\">prises de vue sur place<\/strong>.<\/p>\n<\/li>\n<li class=\"\" data-start=\"1882\" data-end=\"1969\">\n<p class=\"\" data-start=\"1884\" data-end=\"1969\"><strong data-start=\"1884\" data-end=\"1902\">Tissu durable<\/strong>: Con\u00e7u pour <strong data-start=\"1917\" data-end=\"1937\">utilisation durable<\/strong> en <strong data-start=\"1941\" data-end=\"1966\">cadres professionnels<\/strong>.<\/p>\n<\/li>\n<li class=\"\" data-start=\"1970\" data-end=\"2088\">\n<p class=\"\" data-start=\"1972\" data-end=\"2088\"><strong data-start=\"1972\" data-end=\"1998\">Applications polyvalentes<\/strong>: Id\u00e9al pour <strong data-start=\"2010\" data-end=\"2034\">photographie de portrait<\/strong>, <strong data-start=\"2036\" data-end=\"2058\">l'\u00e9clairage cin\u00e9matographique<\/strong>et <strong data-start=\"2064\" data-end=\"2087\">photographie de produits<\/strong>.<\/p>\n<\/li>\n<\/ul>\n<h3 class=\"\" data-start=\"2090\" data-end=\"2112\"><strong data-start=\"2094\" data-end=\"2112\">Sp\u00e9cifications<\/strong><\/h3>\n<ul data-start=\"2114\" data-end=\"2314\">\n<li class=\"\" data-start=\"2114\" data-end=\"2159\">\n<p class=\"\" data-start=\"2116\" data-end=\"2159\"><strong data-start=\"2116\" data-end=\"2128\">Mat\u00e9riau<\/strong>: Soie de diffusion de haute qualit\u00e9<\/p>\n<\/li>\n<li class=\"\" data-start=\"2160\" data-end=\"2192\">\n<p class=\"\" data-start=\"2162\" data-end=\"2192\"><strong data-start=\"2162\" data-end=\"2170\">Taille<\/strong>6.0\u00d76.0m (20'x20')<\/p>\n<\/li>\n<li class=\"\" data-start=\"2193\" data-end=\"2236\">\n<p class=\"\" data-start=\"2195\" data-end=\"2236\"><strong data-start=\"2195\" data-end=\"2213\">Type de diffusion<\/strong>: Diffusion en tissu 1\/4<\/p>\n<\/li>\n<li class=\"\" data-start=\"2237\" data-end=\"2314\">\n<p class=\"\" data-start=\"2239\" data-end=\"2314\"><strong data-start=\"2239\" data-end=\"2255\">Applications<\/strong>: <strong data-start=\"2257\" data-end=\"2272\">Photographie<\/strong>, <strong data-start=\"2274\" data-end=\"2289\">vid\u00e9ographie<\/strong>et <strong data-start=\"2295\" data-end=\"2314\">production de films<\/strong><\/p>\n<\/li>\n<\/ul>\n<p class=\"\" data-start=\"2316\" data-end=\"2649\">La toile de diffusion Quarter Grid 1\/4 Cloth Silk White (6,0\u00d76,0m) est un outil essentiel pour les cin\u00e9astes et les photographes qui ont besoin d'une diffusion douce de la lumi\u00e8re sans perdre la luminosit\u00e9 et la clart\u00e9 de leurs prises de vue. Que vous travailliez en studio ou en ext\u00e9rieur, cette toile offre des r\u00e9sultats professionnels constants.<\/p>\n<p>Louez-le maintenant sur <a href=\"https:\/\/www.cinesouk.ma\/fr\">CINESOUK<\/a> - une marque de <a href=\"https:\/\/www.broadway.ma\/\">BROADWAY PRODUCTIONS SARL.<\/a><\/p>","protected":false},"excerpt":{"rendered":"<p><strong>Sp\u00e9cifications<\/strong><\/p>\n<ul>\n<li class=\"\" data-start=\"2114\" data-end=\"2159\">\n<p class=\"\" data-start=\"2116\" data-end=\"2159\"><strong data-start=\"2116\" data-end=\"2128\">Mat\u00e9riau<\/strong>: Soie de diffusion de haute qualit\u00e9<\/p>\n<\/li>\n<li class=\"\" data-start=\"2160\" data-end=\"2192\">\n<p class=\"\" data-start=\"2162\" data-end=\"2192\"><strong data-start=\"2162\" data-end=\"2170\">Taille<\/strong>6.0\u00d76.0m (20'x20')<\/p>\n<\/li>\n<li class=\"\" data-start=\"2193\" data-end=\"2236\">\n<p class=\"\" data-start=\"2195\" data-end=\"2236\"><strong data-start=\"2195\" data-end=\"2213\">Type de diffusion<\/strong>: Diffusion en tissu 1\/4<\/p>\n<\/li>\n<li class=\"\" data-start=\"2237\" data-end=\"2314\">\n<p class=\"\" data-start=\"2239\" data-end=\"2314\"><strong data-start=\"2239\" data-end=\"2255\">Applications<\/strong>: <strong data-start=\"2257\" data-end=\"2272\">Photographie<\/strong>, <strong data-start=\"2274\" data-end=\"2289\">vid\u00e9ographie<\/strong>et <strong data-start=\"2295\" data-end=\"2314\">production de films<\/strong><\/p>\n<\/li>\n<\/ul>","protected":false},"featured_media":11874,"template":"","meta":{"om_disable_all_campaigns":false,"_monsterinsights_skip_tracking":false,"_monsterinsights_sitenote_active":false,"_monsterinsights_sitenote_note":"","_monsterinsights_sitenote_category":0,"_uf_show_specific_survey":0,"_uf_disable_surveys":false},"product_brand":[],"product_cat":[91],"product_tag":[],"class_list":{"0":"post-11949","1":"product","2":"type-product","3":"status-publish","4":"has-post-thumbnail","6":"product_cat-fabrics-and-bounces-cinesouk","8":"entry","9":"has-media","11":"first","12":"instock","13":"taxable","14":"shipping-taxable","15":"purchasable","16":"product-type-variable","17":"has-product-nav","18":"col","19":"span_1_of_3","20":"owp-content-center","21":"owp-thumbs-layout-horizontal","22":"owp-btn-normal","23":"owp-tabs-layout-horizontal","24":"has-no-thumbnails"},"yoast_head":"<!-- This site is optimized with the Yoast SEO Premium plugin v26.0 (Yoast SEO v26.0) - https:\/\/yoast.com\/wordpress\/plugins\/seo\/ -->\n<title>Quarter Grid 1\/4 Cloth Diffusion Silk White - 6,0x6,0m (20\u2019x20\u2019) - CineSouk - For rent<\/title>\n<meta name=\"description\" content=\"Quarter Grid 1\/4 Cloth Diffusion Silk White \u2013 6.0x6.0m (20\u2019x20\u2019) for soft light diffusion and even distribution in photography and videography.\" \/>\n<meta name=\"robots\" content=\"index, follow, max-snippet:-1, max-image-preview:large, max-video-preview:-1\" \/>\n<link rel=\"canonical\" href=\"https:\/\/www.cinesouk.ma\/fr\/produit\/quarter-grid-1-4-cloth-diffusion-silk-white-60x60m-20x20\/\" \/>\n<meta property=\"og:locale\" content=\"fr_FR\" \/>\n<meta property=\"og:type\" content=\"article\" \/>\n<meta property=\"og:title\" content=\"Quarter Grid 1\/4 Cloth Diffusion Silk White - 6,0x6,0m (20\u2019x20\u2019)\" \/>\n<meta property=\"og:description\" content=\"Quarter Grid 1\/4 Cloth Diffusion Silk White \u2013 6.0x6.0m (20\u2019x20\u2019) for soft light diffusion and even distribution in photography and videography.\" \/>\n<meta property=\"og:url\" content=\"https:\/\/www.cinesouk.ma\/fr\/produit\/quarter-grid-1-4-cloth-diffusion-silk-white-60x60m-20x20\/\" \/>\n<meta property=\"og:site_name\" content=\"CineSouk\" \/>\n<meta property=\"article:modified_time\" content=\"2026-02-05T13:19:31+00:00\" \/>\n<meta property=\"og:image\" content=\"https:\/\/www.cinesouk.ma\/wp-content\/uploads\/2025\/03\/half-grid-cloth.jpg\" \/>\n\t<meta property=\"og:image:width\" content=\"300\" \/>\n\t<meta property=\"og:image:height\" content=\"238\" \/>\n\t<meta property=\"og:image:type\" content=\"image\/jpeg\" \/>\n<meta name=\"twitter:card\" content=\"summary_large_image\" \/>\n<meta name=\"twitter:description\" content=\"Quarter Grid 1\/4 Cloth Diffusion Silk White \u2013 6.0x6.0m (20\u2019x20\u2019) for soft light diffusion and even distribution in photography and videography.\" \/>\n<meta name=\"twitter:label1\" content=\"Dur\u00e9e de lecture estim\u00e9e\" \/>\n\t<meta name=\"twitter:data1\" content=\"2 minutes\" \/>\n<script type=\"application\/ld+json\" class=\"yoast-schema-graph\">{\"@context\":\"https:\/\/schema.org\",\"@graph\":[{\"@type\":\"WebPage\",\"@id\":\"https:\/\/www.cinesouk.ma\/product\/quarter-grid-1-4-cloth-diffusion-silk-white-60x60m-20x20\/\",\"url\":\"https:\/\/www.cinesouk.ma\/product\/quarter-grid-1-4-cloth-diffusion-silk-white-60x60m-20x20\/\",\"name\":\"Quarter Grid 1\/4 Cloth Diffusion Silk White - 6,0x6,0m (20\u2019x20\u2019) - CineSouk - For rent\",\"isPartOf\":{\"@id\":\"https:\/\/www.cinesouk.ma\/#website\"},\"primaryImageOfPage\":{\"@id\":\"https:\/\/www.cinesouk.ma\/product\/quarter-grid-1-4-cloth-diffusion-silk-white-60x60m-20x20\/#primaryimage\"},\"image\":{\"@id\":\"https:\/\/www.cinesouk.ma\/product\/quarter-grid-1-4-cloth-diffusion-silk-white-60x60m-20x20\/#primaryimage\"},\"thumbnailUrl\":\"https:\/\/www.cinesouk.ma\/wp-content\/uploads\/2025\/03\/half-grid-cloth.jpg\",\"datePublished\":\"2025-04-08T11:56:57+00:00\",\"dateModified\":\"2026-02-05T13:19:31+00:00\",\"description\":\"Quarter Grid 1\/4 Cloth Diffusion Silk White \u2013 6.0x6.0m (20\u2019x20\u2019) for soft light diffusion and even distribution in photography and videography.\",\"breadcrumb\":{\"@id\":\"https:\/\/www.cinesouk.ma\/product\/quarter-grid-1-4-cloth-diffusion-silk-white-60x60m-20x20\/#breadcrumb\"},\"inLanguage\":\"fr-FR\",\"potentialAction\":[{\"@type\":\"ReadAction\",\"target\":[\"https:\/\/www.cinesouk.ma\/product\/quarter-grid-1-4-cloth-diffusion-silk-white-60x60m-20x20\/\"]}]},{\"@type\":\"ImageObject\",\"inLanguage\":\"fr-FR\",\"@id\":\"https:\/\/www.cinesouk.ma\/product\/quarter-grid-1-4-cloth-diffusion-silk-white-60x60m-20x20\/#primaryimage\",\"url\":\"https:\/\/www.cinesouk.ma\/wp-content\/uploads\/2025\/03\/half-grid-cloth.jpg\",\"contentUrl\":\"https:\/\/www.cinesouk.ma\/wp-content\/uploads\/2025\/03\/half-grid-cloth.jpg\",\"width\":300,\"height\":238,\"caption\":\"Quarter Grid 1\/4 Cloth Diffusion Silk White\"},{\"@type\":\"BreadcrumbList\",\"@id\":\"https:\/\/www.cinesouk.ma\/product\/quarter-grid-1-4-cloth-diffusion-silk-white-60x60m-20x20\/#breadcrumb\",\"itemListElement\":[{\"@type\":\"ListItem\",\"position\":1,\"name\":\"Home\",\"item\":\"https:\/\/www.cinesouk.ma\/\"},{\"@type\":\"ListItem\",\"position\":2,\"name\":\"Shop\",\"item\":\"https:\/\/www.cinesouk.ma\/shop\/\"},{\"@type\":\"ListItem\",\"position\":3,\"name\":\"Quarter Grid 1\/4 Cloth Diffusion Silk White &#8211; 6,0&#215;6,0m (20\u2019x20\u2019)\"}]},{\"@type\":\"WebSite\",\"@id\":\"https:\/\/www.cinesouk.ma\/#website\",\"url\":\"https:\/\/www.cinesouk.ma\/\",\"name\":\"CineSouk\",\"description\":\"\",\"publisher\":{\"@id\":\"https:\/\/www.cinesouk.ma\/#organization\"},\"potentialAction\":[{\"@type\":\"SearchAction\",\"target\":{\"@type\":\"EntryPoint\",\"urlTemplate\":\"https:\/\/www.cinesouk.ma\/?s={search_term_string}\"},\"query-input\":{\"@type\":\"PropertyValueSpecification\",\"valueRequired\":true,\"valueName\":\"search_term_string\"}}],\"inLanguage\":\"fr-FR\"},{\"@type\":\"Organization\",\"@id\":\"https:\/\/www.cinesouk.ma\/#organization\",\"name\":\"CineSouk\",\"url\":\"https:\/\/www.cinesouk.ma\/\",\"logo\":{\"@type\":\"ImageObject\",\"inLanguage\":\"fr-FR\",\"@id\":\"https:\/\/www.cinesouk.ma\/#\/schema\/logo\/image\/\",\"url\":\"https:\/\/www.cinesouk.ma\/wp-content\/uploads\/2024\/01\/CineSouk-logo-v01-alpha-alligned-left.png\",\"contentUrl\":\"https:\/\/www.cinesouk.ma\/wp-content\/uploads\/2024\/01\/CineSouk-logo-v01-alpha-alligned-left.png\",\"width\":3204,\"height\":889,\"caption\":\"CineSouk\"},\"image\":{\"@id\":\"https:\/\/www.cinesouk.ma\/#\/schema\/logo\/image\/\"}}]}<\/script>\n<!-- \/ Yoast SEO Premium plugin. -->","yoast_head_json":{"title":"Quarter Grid 1\/4 Cloth Diffusion Silk White - 6,0x6,0m (20\u2019x20\u2019) - CineSouk - For rent","description":"Quarter Grid 1\/4 Cloth Diffusion Silk White \u2013 6.0x6.0m (20\u2019x20\u2019) for soft light diffusion and even distribution in photography and videography.","robots":{"index":"index","follow":"follow","max-snippet":"max-snippet:-1","max-image-preview":"max-image-preview:large","max-video-preview":"max-video-preview:-1"},"canonical":"https:\/\/www.cinesouk.ma\/fr\/produit\/quarter-grid-1-4-cloth-diffusion-silk-white-60x60m-20x20\/","og_locale":"fr_FR","og_type":"article","og_title":"Quarter Grid 1\/4 Cloth Diffusion Silk White - 6,0x6,0m (20\u2019x20\u2019)","og_description":"Quarter Grid 1\/4 Cloth Diffusion Silk White \u2013 6.0x6.0m (20\u2019x20\u2019) for soft light diffusion and even distribution in photography and videography.","og_url":"https:\/\/www.cinesouk.ma\/fr\/produit\/quarter-grid-1-4-cloth-diffusion-silk-white-60x60m-20x20\/","og_site_name":"CineSouk","article_modified_time":"2026-02-05T13:19:31+00:00","og_image":[{"width":300,"height":238,"url":"https:\/\/www.cinesouk.ma\/wp-content\/uploads\/2025\/03\/half-grid-cloth.jpg","type":"image\/jpeg"}],"twitter_card":"summary_large_image","twitter_description":"Quarter Grid 1\/4 Cloth Diffusion Silk White \u2013 6.0x6.0m (20\u2019x20\u2019) for soft light diffusion and even distribution in photography and videography.","twitter_misc":{"Dur\u00e9e de lecture estim\u00e9e":"2 minutes"},"schema":{"@context":"https:\/\/schema.org","@graph":[{"@type":"WebPage","@id":"https:\/\/www.cinesouk.ma\/product\/quarter-grid-1-4-cloth-diffusion-silk-white-60x60m-20x20\/","url":"https:\/\/www.cinesouk.ma\/product\/quarter-grid-1-4-cloth-diffusion-silk-white-60x60m-20x20\/","name":"Quarter Grid 1\/4 Cloth Diffusion Silk White - 6,0x6,0m (20\u2019x20\u2019) - CineSouk - For rent","isPartOf":{"@id":"https:\/\/www.cinesouk.ma\/#website"},"primaryImageOfPage":{"@id":"https:\/\/www.cinesouk.ma\/product\/quarter-grid-1-4-cloth-diffusion-silk-white-60x60m-20x20\/#primaryimage"},"image":{"@id":"https:\/\/www.cinesouk.ma\/product\/quarter-grid-1-4-cloth-diffusion-silk-white-60x60m-20x20\/#primaryimage"},"thumbnailUrl":"https:\/\/www.cinesouk.ma\/wp-content\/uploads\/2025\/03\/half-grid-cloth.jpg","datePublished":"2025-04-08T11:56:57+00:00","dateModified":"2026-02-05T13:19:31+00:00","description":"Quarter Grid 1\/4 Cloth Diffusion Silk White \u2013 6.0x6.0m (20\u2019x20\u2019) for soft light diffusion and even distribution in photography and videography.","breadcrumb":{"@id":"https:\/\/www.cinesouk.ma\/product\/quarter-grid-1-4-cloth-diffusion-silk-white-60x60m-20x20\/#breadcrumb"},"inLanguage":"fr-FR","potentialAction":[{"@type":"ReadAction","target":["https:\/\/www.cinesouk.ma\/product\/quarter-grid-1-4-cloth-diffusion-silk-white-60x60m-20x20\/"]}]},{"@type":"ImageObject","inLanguage":"fr-FR","@id":"https:\/\/www.cinesouk.ma\/product\/quarter-grid-1-4-cloth-diffusion-silk-white-60x60m-20x20\/#primaryimage","url":"https:\/\/www.cinesouk.ma\/wp-content\/uploads\/2025\/03\/half-grid-cloth.jpg","contentUrl":"https:\/\/www.cinesouk.ma\/wp-content\/uploads\/2025\/03\/half-grid-cloth.jpg","width":300,"height":238,"caption":"Quarter Grid 1\/4 Cloth Diffusion Silk White"},{"@type":"BreadcrumbList","@id":"https:\/\/www.cinesouk.ma\/product\/quarter-grid-1-4-cloth-diffusion-silk-white-60x60m-20x20\/#breadcrumb","itemListElement":[{"@type":"ListItem","position":1,"name":"Home","item":"https:\/\/www.cinesouk.ma\/"},{"@type":"ListItem","position":2,"name":"Shop","item":"https:\/\/www.cinesouk.ma\/shop\/"},{"@type":"ListItem","position":3,"name":"Quarter Grid 1\/4 Cloth Diffusion Silk White &#8211; 6,0&#215;6,0m (20\u2019x20\u2019)"}]},{"@type":"WebSite","@id":"https:\/\/www.cinesouk.ma\/#website","url":"https:\/\/www.cinesouk.ma\/","name":"CineSouk","description":"","publisher":{"@id":"https:\/\/www.cinesouk.ma\/#organization"},"potentialAction":[{"@type":"SearchAction","target":{"@type":"EntryPoint","urlTemplate":"https:\/\/www.cinesouk.ma\/?s={search_term_string}"},"query-input":{"@type":"PropertyValueSpecification","valueRequired":true,"valueName":"search_term_string"}}],"inLanguage":"fr-FR"},{"@type":"Organization","@id":"https:\/\/www.cinesouk.ma\/#organization","name":"CineSouk","url":"https:\/\/www.cinesouk.ma\/","logo":{"@type":"ImageObject","inLanguage":"fr-FR","@id":"https:\/\/www.cinesouk.ma\/#\/schema\/logo\/image\/","url":"https:\/\/www.cinesouk.ma\/wp-content\/uploads\/2024\/01\/CineSouk-logo-v01-alpha-alligned-left.png","contentUrl":"https:\/\/www.cinesouk.ma\/wp-content\/uploads\/2024\/01\/CineSouk-logo-v01-alpha-alligned-left.png","width":3204,"height":889,"caption":"CineSouk"},"image":{"@id":"https:\/\/www.cinesouk.ma\/#\/schema\/logo\/image\/"}}]}},"_links":{"self":[{"href":"https:\/\/www.cinesouk.ma\/fr\/wp-json\/wp\/v2\/product\/11949","targetHints":{"allow":["GET"]}}],"collection":[{"href":"https:\/\/www.cinesouk.ma\/fr\/wp-json\/wp\/v2\/product"}],"about":[{"href":"https:\/\/www.cinesouk.ma\/fr\/wp-json\/wp\/v2\/types\/product"}],"wp:featuredmedia":[{"embeddable":true,"href":"https:\/\/www.cinesouk.ma\/fr\/wp-json\/wp\/v2\/media\/11874"}],"wp:attachment":[{"href":"https:\/\/www.cinesouk.ma\/fr\/wp-json\/wp\/v2\/media?parent=11949"}],"wp:term":[{"taxonomy":"product_brand","embeddable":true,"href":"https:\/\/www.cinesouk.ma\/fr\/wp-json\/wp\/v2\/product_brand?post=11949"},{"taxonomy":"product_cat","embeddable":true,"href":"https:\/\/www.cinesouk.ma\/fr\/wp-json\/wp\/v2\/product_cat?post=11949"},{"taxonomy":"product_tag","embeddable":true,"href":"https:\/\/www.cinesouk.ma\/fr\/wp-json\/wp\/v2\/product_tag?post=11949"}],"curies":[{"name":"wp","href":"https:\/\/api.w.org\/{rel}","templated":true}]}}