{"id":11960,"date":"2025-04-08T12:09:29","date_gmt":"2025-04-08T12:09:29","guid":{"rendered":"https:\/\/www.cinesouk.ma\/?post_type=product&#038;p=11960"},"modified":"2026-02-05T13:29:13","modified_gmt":"2026-02-05T13:29:13","slug":"black-single-net-scrims-overhead-butterfly-24x24m-8x8","status":"publish","type":"product","link":"https:\/\/www.cinesouk.ma\/fr\/produit\/black-single-net-scrims-overhead-butterfly-24x24m-8x8\/","title":{"rendered":"Filet simple noir \/ Butterfly a\u00e9rien - 2,4\u00d72,4m (8'x8')"},"content":{"rendered":"<p class=\"\" data-start=\"73\" data-end=\"396\">Le Black Single Net Scrims \/ Overhead Butterfly (2,4\u00d72,4m) est un outil d'\u00e9clairage polyvalent con\u00e7u pour les cin\u00e9astes et les photographes qui ont besoin de contr\u00f4ler la lumi\u00e8re lors de leurs prises de vue. Avec une taille de 2,4\u00d72,4m (8'x8'), ce tissu est parfait pour les installations moyennes, telles que la photographie de portrait ou les petites productions vid\u00e9o.<\/p>\n<p class=\"\" data-start=\"398\" data-end=\"776\">La grille noire \u00e0 filet simple est con\u00e7ue pour r\u00e9duire l'intensit\u00e9 de la lumi\u00e8re sans la bloquer compl\u00e8tement. Il est id\u00e9al pour att\u00e9nuer une lumi\u00e8re crue ou cr\u00e9er un \u00e9clairage diffus. Lorsqu'il est utilis\u00e9 comme papillon a\u00e9rien, il offre un contr\u00f4le pr\u00e9cis de la lumi\u00e8re, vous permettant de bloquer ou de diffuser la lumi\u00e8re tout en maintenant des conditions d'\u00e9clairage optimales pour votre sujet.<\/p>\n<p class=\"\" data-start=\"778\" data-end=\"1061\">Gr\u00e2ce \u00e0 sa construction l\u00e9g\u00e8re, cette grille est facile \u00e0 transporter et \u00e0 installer, ce qui la rend parfaite pour les tournages sur place et les installations en studio. Son mat\u00e9riau durable lui permet de r\u00e9sister aux tournages les plus exigeants et d'offrir des performances constantes.<\/p>\n<h3 class=\"\" data-start=\"1063\" data-end=\"1131\">Pourquoi choisir le filet simple noir Scrims \/ Overhead Butterfly ?<\/h3>\n<p class=\"\" data-start=\"1133\" data-end=\"1448\">Cette toile est essentielle pour les directeurs de la photographie et les photographes qui souhaitent contr\u00f4ler pr\u00e9cis\u00e9ment la lumi\u00e8re lors de leurs tournages. Qu'il s'agisse d'adoucir la lumi\u00e8re, de diffuser les ombres dures ou d'ajuster l'intensit\u00e9 de la lumi\u00e8re, ce tissu offre la flexibilit\u00e9 et les r\u00e9sultats fiables pour chaque production.<\/p>\n<h3 class=\"\" data-start=\"1450\" data-end=\"1470\"><strong data-start=\"1454\" data-end=\"1470\">Caract\u00e9ristiques principales<\/strong><\/h3>\n<ul data-start=\"1472\" data-end=\"2144\">\n<li class=\"\" data-start=\"1472\" data-end=\"1563\">\n<p class=\"\" data-start=\"1474\" data-end=\"1563\"><strong data-start=\"1474\" data-end=\"1500\">Scrim \u00e0 filet unique noir<\/strong>: R\u00e9duit l'intensit\u00e9 lumineuse sans <strong data-start=\"1534\" data-end=\"1560\">le bloquer compl\u00e8tement<\/strong>.<\/p>\n<\/li>\n<li class=\"\" data-start=\"1564\" data-end=\"1682\">\n<p class=\"\" data-start=\"1566\" data-end=\"1682\"><strong data-start=\"1566\" data-end=\"1597\">Fonction de papillon a\u00e9rien<\/strong>: Offres <strong data-start=\"1606\" data-end=\"1631\">contr\u00f4le pr\u00e9cis de la lumi\u00e8re<\/strong> pour <strong data-start=\"1636\" data-end=\"1655\">adoucir la lumi\u00e8re<\/strong> ou <strong data-start=\"1659\" data-end=\"1679\">cr\u00e9er des ombres<\/strong>.<\/p>\n<\/li>\n<li class=\"\" data-start=\"1683\" data-end=\"1782\">\n<p class=\"\" data-start=\"1685\" data-end=\"1782\"><strong data-start=\"1685\" data-end=\"1693\">Taille<\/strong>: <strong data-start=\"1695\" data-end=\"1715\">2,4\u00d72,4m (8'x8')<\/strong>id\u00e9al pour <strong data-start=\"1727\" data-end=\"1750\">installations de taille moyenne<\/strong> et <strong data-start=\"1755\" data-end=\"1779\">photographie de portrait<\/strong>.<\/p>\n<\/li>\n<li class=\"\" data-start=\"1783\" data-end=\"1891\">\n<p class=\"\" data-start=\"1785\" data-end=\"1891\"><strong data-start=\"1785\" data-end=\"1811\">L\u00e9ger et portable<\/strong>: <strong data-start=\"1813\" data-end=\"1834\">Facile \u00e0 transporter<\/strong>, <strong data-start=\"1836\" data-end=\"1846\">mettre en place<\/strong>et <strong data-start=\"1852\" data-end=\"1861\">magasin<\/strong> pour <strong data-start=\"1866\" data-end=\"1888\">prises de vue sur place<\/strong>.<\/p>\n<\/li>\n<li class=\"\" data-start=\"1892\" data-end=\"2007\">\n<p class=\"\" data-start=\"1894\" data-end=\"2007\"><strong data-start=\"1894\" data-end=\"1912\">Tissu durable<\/strong>: Fabriqu\u00e9 en <strong data-start=\"1924\" data-end=\"1950\">mat\u00e9riaux de haute qualit\u00e9<\/strong> pour <strong data-start=\"1955\" data-end=\"1975\">utilisation durable<\/strong> dans des environnements professionnels.<\/p>\n<\/li>\n<li class=\"\" data-start=\"2008\" data-end=\"2144\">\n<p class=\"\" data-start=\"2010\" data-end=\"2144\"><strong data-start=\"2010\" data-end=\"2036\">Applications polyvalentes<\/strong>: Parfait pour <strong data-start=\"2050\" data-end=\"2074\">photographie de portrait<\/strong>, <strong data-start=\"2076\" data-end=\"2096\">production vid\u00e9o<\/strong>, <strong data-start=\"2098\" data-end=\"2115\">l'\u00e9clairage des films<\/strong>et <strong data-start=\"2121\" data-end=\"2143\">prises de vue sur place<\/strong>.<\/p>\n<\/li>\n<\/ul>\n<h3 class=\"\" data-start=\"2146\" data-end=\"2168\"><strong data-start=\"2150\" data-end=\"2168\">Sp\u00e9cifications<\/strong><\/h3>\n<ul data-start=\"2170\" data-end=\"2378\">\n<li class=\"\" data-start=\"2170\" data-end=\"2207\">\n<p class=\"\" data-start=\"2172\" data-end=\"2207\"><strong data-start=\"2172\" data-end=\"2184\">Mat\u00e9riau<\/strong>: Tissu de haute qualit\u00e9<\/p>\n<\/li>\n<li class=\"\" data-start=\"2208\" data-end=\"2238\">\n<p class=\"\" data-start=\"2210\" data-end=\"2238\"><strong data-start=\"2210\" data-end=\"2218\">Taille<\/strong>2,4\u00d72,4m (8'x8')<\/p>\n<\/li>\n<li class=\"\" data-start=\"2239\" data-end=\"2300\">\n<p class=\"\" data-start=\"2241\" data-end=\"2300\"><strong data-start=\"2241\" data-end=\"2253\">Fonction<\/strong>: Toile noire \u00e0 filet unique \/ Papillon de t\u00eate<\/p>\n<\/li>\n<li class=\"\" data-start=\"2301\" data-end=\"2378\">\n<p class=\"\" data-start=\"2303\" data-end=\"2378\"><strong data-start=\"2303\" data-end=\"2319\">Applications<\/strong>: <strong data-start=\"2321\" data-end=\"2336\">Photographie<\/strong>, <strong data-start=\"2338\" data-end=\"2353\">vid\u00e9ographie<\/strong>et <strong data-start=\"2359\" data-end=\"2378\">production de films<\/strong><\/p>\n<\/li>\n<\/ul>\n<p class=\"\" data-start=\"2380\" data-end=\"2682\">Le Black Single Net Scrims \/ Overhead Butterfly (2,4\u00d72,4m) est un outil indispensable pour les cin\u00e9astes et les photographes qui ont besoin d'un contr\u00f4le pr\u00e9cis de leurs installations d'\u00e9clairage. Qu'il s'agisse de cr\u00e9er un \u00e9clairage doux ou de bloquer une lumi\u00e8re intense, ce tissu garantit des r\u00e9sultats fiables et professionnels.<\/p>\n<p>Louez-le maintenant sur <a href=\"https:\/\/www.cinesouk.ma\/fr\">CINESOUK<\/a> - une marque de <a href=\"https:\/\/www.broadway.ma\/\">BROADWAY PRODUCTIONS SARL.<\/a><\/p>","protected":false},"excerpt":{"rendered":"<p><strong>Sp\u00e9cifications<\/strong><\/p>\n<ul>\n<li class=\"\" data-start=\"2170\" data-end=\"2207\">\n<p class=\"\" data-start=\"2172\" data-end=\"2207\"><strong data-start=\"2172\" data-end=\"2184\">Mat\u00e9riau<\/strong>: Tissu de haute qualit\u00e9<\/p>\n<\/li>\n<li class=\"\" data-start=\"2208\" data-end=\"2238\">\n<p class=\"\" data-start=\"2210\" data-end=\"2238\"><strong data-start=\"2210\" data-end=\"2218\">Taille<\/strong>2,4\u00d72,4m (8'x8')<\/p>\n<\/li>\n<li class=\"\" data-start=\"2239\" data-end=\"2300\">\n<p class=\"\" data-start=\"2241\" data-end=\"2300\"><strong data-start=\"2241\" data-end=\"2253\">Fonction<\/strong>: Toile noire \u00e0 filet unique \/ Papillon de t\u00eate<\/p>\n<\/li>\n<li class=\"\" data-start=\"2301\" data-end=\"2378\">\n<p class=\"\" data-start=\"2303\" data-end=\"2378\"><strong data-start=\"2303\" data-end=\"2319\">Applications<\/strong>: <strong data-start=\"2321\" data-end=\"2336\">Photographie<\/strong>, <strong data-start=\"2338\" data-end=\"2353\">vid\u00e9ographie<\/strong>et <strong data-start=\"2359\" data-end=\"2378\">production de films<\/strong><\/p>\n<\/li>\n<\/ul>","protected":false},"featured_media":11971,"template":"","meta":{"om_disable_all_campaigns":false,"_monsterinsights_skip_tracking":false,"_monsterinsights_sitenote_active":false,"_monsterinsights_sitenote_note":"","_monsterinsights_sitenote_category":0,"_uf_show_specific_survey":0,"_uf_disable_surveys":false},"product_brand":[],"product_cat":[91],"product_tag":[],"class_list":{"0":"post-11960","1":"product","2":"type-product","3":"status-publish","4":"has-post-thumbnail","6":"product_cat-fabrics-and-bounces-cinesouk","8":"entry","9":"has-media","11":"first","12":"instock","13":"taxable","14":"shipping-taxable","15":"purchasable","16":"product-type-variable","17":"has-product-nav","18":"col","19":"span_1_of_3","20":"owp-content-center","21":"owp-thumbs-layout-horizontal","22":"owp-btn-normal","23":"owp-tabs-layout-horizontal","24":"has-no-thumbnails"},"yoast_head":"<!-- This site is optimized with the Yoast SEO Premium plugin v26.0 (Yoast SEO v26.0) - https:\/\/yoast.com\/wordpress\/plugins\/seo\/ -->\n<title>Black Single Net Scrims \/ Overhead Butterfly - 2,4x2,4m (8\u2019x8\u2019) - CineSouk - For rent<\/title>\n<meta name=\"description\" content=\"Black Single Net Scrims \/ Overhead Butterfly \u2013 2.4x2.4m (8\u2019x8\u2019) for precise light control and diffusing in photography and videography.\" \/>\n<meta name=\"robots\" content=\"index, follow, max-snippet:-1, max-image-preview:large, max-video-preview:-1\" \/>\n<link rel=\"canonical\" href=\"https:\/\/www.cinesouk.ma\/fr\/produit\/black-single-net-scrims-overhead-butterfly-24x24m-8x8\/\" \/>\n<meta property=\"og:locale\" content=\"fr_FR\" \/>\n<meta property=\"og:type\" content=\"article\" \/>\n<meta property=\"og:title\" content=\"Black Single Net Scrims \/ Overhead Butterfly - 2,4x2,4m (8\u2019x8\u2019)\" \/>\n<meta property=\"og:description\" content=\"Black Single Net Scrims \/ Overhead Butterfly \u2013 2.4x2.4m (8\u2019x8\u2019) for precise light control and diffusing in photography and videography.\" \/>\n<meta property=\"og:url\" content=\"https:\/\/www.cinesouk.ma\/fr\/produit\/black-single-net-scrims-overhead-butterfly-24x24m-8x8\/\" \/>\n<meta property=\"og:site_name\" content=\"CineSouk\" \/>\n<meta property=\"article:modified_time\" content=\"2026-02-05T13:29:13+00:00\" \/>\n<meta property=\"og:image\" content=\"https:\/\/www.cinesouk.ma\/wp-content\/uploads\/2025\/03\/Black-Single-Net-Scrims-Overhead-Butterfly-24x24m-8x8-.jpg\" \/>\n\t<meta property=\"og:image:width\" content=\"300\" \/>\n\t<meta property=\"og:image:height\" content=\"238\" \/>\n\t<meta property=\"og:image:type\" content=\"image\/jpeg\" \/>\n<meta name=\"twitter:card\" content=\"summary_large_image\" \/>\n<meta name=\"twitter:description\" content=\"Black Single Net Scrims \/ Overhead Butterfly \u2013 2.4x2.4m (8\u2019x8\u2019) for precise light control and diffusing in photography and videography.\" \/>\n<meta name=\"twitter:label1\" content=\"Dur\u00e9e de lecture estim\u00e9e\" \/>\n\t<meta name=\"twitter:data1\" content=\"2 minutes\" \/>\n<script type=\"application\/ld+json\" class=\"yoast-schema-graph\">{\"@context\":\"https:\/\/schema.org\",\"@graph\":[{\"@type\":\"WebPage\",\"@id\":\"https:\/\/www.cinesouk.ma\/product\/black-single-net-scrims-overhead-butterfly-24x24m-8x8\/\",\"url\":\"https:\/\/www.cinesouk.ma\/product\/black-single-net-scrims-overhead-butterfly-24x24m-8x8\/\",\"name\":\"Black Single Net Scrims \/ Overhead Butterfly - 2,4x2,4m (8\u2019x8\u2019) - CineSouk - For rent\",\"isPartOf\":{\"@id\":\"https:\/\/www.cinesouk.ma\/#website\"},\"primaryImageOfPage\":{\"@id\":\"https:\/\/www.cinesouk.ma\/product\/black-single-net-scrims-overhead-butterfly-24x24m-8x8\/#primaryimage\"},\"image\":{\"@id\":\"https:\/\/www.cinesouk.ma\/product\/black-single-net-scrims-overhead-butterfly-24x24m-8x8\/#primaryimage\"},\"thumbnailUrl\":\"https:\/\/www.cinesouk.ma\/wp-content\/uploads\/2025\/03\/Black-Single-Net-Scrims-Overhead-Butterfly-24x24m-8x8-.jpg\",\"datePublished\":\"2025-04-08T12:09:29+00:00\",\"dateModified\":\"2026-02-05T13:29:13+00:00\",\"description\":\"Black Single Net Scrims \/ Overhead Butterfly \u2013 2.4x2.4m (8\u2019x8\u2019) for precise light control and diffusing in photography and videography.\",\"breadcrumb\":{\"@id\":\"https:\/\/www.cinesouk.ma\/product\/black-single-net-scrims-overhead-butterfly-24x24m-8x8\/#breadcrumb\"},\"inLanguage\":\"fr-FR\",\"potentialAction\":[{\"@type\":\"ReadAction\",\"target\":[\"https:\/\/www.cinesouk.ma\/product\/black-single-net-scrims-overhead-butterfly-24x24m-8x8\/\"]}]},{\"@type\":\"ImageObject\",\"inLanguage\":\"fr-FR\",\"@id\":\"https:\/\/www.cinesouk.ma\/product\/black-single-net-scrims-overhead-butterfly-24x24m-8x8\/#primaryimage\",\"url\":\"https:\/\/www.cinesouk.ma\/wp-content\/uploads\/2025\/03\/Black-Single-Net-Scrims-Overhead-Butterfly-24x24m-8x8-.jpg\",\"contentUrl\":\"https:\/\/www.cinesouk.ma\/wp-content\/uploads\/2025\/03\/Black-Single-Net-Scrims-Overhead-Butterfly-24x24m-8x8-.jpg\",\"width\":300,\"height\":238,\"caption\":\"Black Single Net Scrims : Overhead Butterfly - 2,4x2,4m (8\u2019x8\u2019)\"},{\"@type\":\"BreadcrumbList\",\"@id\":\"https:\/\/www.cinesouk.ma\/product\/black-single-net-scrims-overhead-butterfly-24x24m-8x8\/#breadcrumb\",\"itemListElement\":[{\"@type\":\"ListItem\",\"position\":1,\"name\":\"Home\",\"item\":\"https:\/\/www.cinesouk.ma\/\"},{\"@type\":\"ListItem\",\"position\":2,\"name\":\"Shop\",\"item\":\"https:\/\/www.cinesouk.ma\/shop\/\"},{\"@type\":\"ListItem\",\"position\":3,\"name\":\"Black Single Net Scrims \/ Overhead Butterfly &#8211; 2,4&#215;2,4m (8\u2019x8\u2019)\"}]},{\"@type\":\"WebSite\",\"@id\":\"https:\/\/www.cinesouk.ma\/#website\",\"url\":\"https:\/\/www.cinesouk.ma\/\",\"name\":\"CineSouk\",\"description\":\"\",\"publisher\":{\"@id\":\"https:\/\/www.cinesouk.ma\/#organization\"},\"potentialAction\":[{\"@type\":\"SearchAction\",\"target\":{\"@type\":\"EntryPoint\",\"urlTemplate\":\"https:\/\/www.cinesouk.ma\/?s={search_term_string}\"},\"query-input\":{\"@type\":\"PropertyValueSpecification\",\"valueRequired\":true,\"valueName\":\"search_term_string\"}}],\"inLanguage\":\"fr-FR\"},{\"@type\":\"Organization\",\"@id\":\"https:\/\/www.cinesouk.ma\/#organization\",\"name\":\"CineSouk\",\"url\":\"https:\/\/www.cinesouk.ma\/\",\"logo\":{\"@type\":\"ImageObject\",\"inLanguage\":\"fr-FR\",\"@id\":\"https:\/\/www.cinesouk.ma\/#\/schema\/logo\/image\/\",\"url\":\"https:\/\/www.cinesouk.ma\/wp-content\/uploads\/2024\/01\/CineSouk-logo-v01-alpha-alligned-left.png\",\"contentUrl\":\"https:\/\/www.cinesouk.ma\/wp-content\/uploads\/2024\/01\/CineSouk-logo-v01-alpha-alligned-left.png\",\"width\":3204,\"height\":889,\"caption\":\"CineSouk\"},\"image\":{\"@id\":\"https:\/\/www.cinesouk.ma\/#\/schema\/logo\/image\/\"}}]}<\/script>\n<!-- \/ Yoast SEO Premium plugin. -->","yoast_head_json":{"title":"Black Single Net Scrims \/ Overhead Butterfly - 2,4x2,4m (8\u2019x8\u2019) - CineSouk - For rent","description":"Black Single Net Scrims \/ Overhead Butterfly \u2013 2.4x2.4m (8\u2019x8\u2019) for precise light control and diffusing in photography and videography.","robots":{"index":"index","follow":"follow","max-snippet":"max-snippet:-1","max-image-preview":"max-image-preview:large","max-video-preview":"max-video-preview:-1"},"canonical":"https:\/\/www.cinesouk.ma\/fr\/produit\/black-single-net-scrims-overhead-butterfly-24x24m-8x8\/","og_locale":"fr_FR","og_type":"article","og_title":"Black Single Net Scrims \/ Overhead Butterfly - 2,4x2,4m (8\u2019x8\u2019)","og_description":"Black Single Net Scrims \/ Overhead Butterfly \u2013 2.4x2.4m (8\u2019x8\u2019) for precise light control and diffusing in photography and videography.","og_url":"https:\/\/www.cinesouk.ma\/fr\/produit\/black-single-net-scrims-overhead-butterfly-24x24m-8x8\/","og_site_name":"CineSouk","article_modified_time":"2026-02-05T13:29:13+00:00","og_image":[{"width":300,"height":238,"url":"https:\/\/www.cinesouk.ma\/wp-content\/uploads\/2025\/03\/Black-Single-Net-Scrims-Overhead-Butterfly-24x24m-8x8-.jpg","type":"image\/jpeg"}],"twitter_card":"summary_large_image","twitter_description":"Black Single Net Scrims \/ Overhead Butterfly \u2013 2.4x2.4m (8\u2019x8\u2019) for precise light control and diffusing in photography and videography.","twitter_misc":{"Dur\u00e9e de lecture estim\u00e9e":"2 minutes"},"schema":{"@context":"https:\/\/schema.org","@graph":[{"@type":"WebPage","@id":"https:\/\/www.cinesouk.ma\/product\/black-single-net-scrims-overhead-butterfly-24x24m-8x8\/","url":"https:\/\/www.cinesouk.ma\/product\/black-single-net-scrims-overhead-butterfly-24x24m-8x8\/","name":"Black Single Net Scrims \/ Overhead Butterfly - 2,4x2,4m (8\u2019x8\u2019) - CineSouk - For rent","isPartOf":{"@id":"https:\/\/www.cinesouk.ma\/#website"},"primaryImageOfPage":{"@id":"https:\/\/www.cinesouk.ma\/product\/black-single-net-scrims-overhead-butterfly-24x24m-8x8\/#primaryimage"},"image":{"@id":"https:\/\/www.cinesouk.ma\/product\/black-single-net-scrims-overhead-butterfly-24x24m-8x8\/#primaryimage"},"thumbnailUrl":"https:\/\/www.cinesouk.ma\/wp-content\/uploads\/2025\/03\/Black-Single-Net-Scrims-Overhead-Butterfly-24x24m-8x8-.jpg","datePublished":"2025-04-08T12:09:29+00:00","dateModified":"2026-02-05T13:29:13+00:00","description":"Black Single Net Scrims \/ Overhead Butterfly \u2013 2.4x2.4m (8\u2019x8\u2019) for precise light control and diffusing in photography and videography.","breadcrumb":{"@id":"https:\/\/www.cinesouk.ma\/product\/black-single-net-scrims-overhead-butterfly-24x24m-8x8\/#breadcrumb"},"inLanguage":"fr-FR","potentialAction":[{"@type":"ReadAction","target":["https:\/\/www.cinesouk.ma\/product\/black-single-net-scrims-overhead-butterfly-24x24m-8x8\/"]}]},{"@type":"ImageObject","inLanguage":"fr-FR","@id":"https:\/\/www.cinesouk.ma\/product\/black-single-net-scrims-overhead-butterfly-24x24m-8x8\/#primaryimage","url":"https:\/\/www.cinesouk.ma\/wp-content\/uploads\/2025\/03\/Black-Single-Net-Scrims-Overhead-Butterfly-24x24m-8x8-.jpg","contentUrl":"https:\/\/www.cinesouk.ma\/wp-content\/uploads\/2025\/03\/Black-Single-Net-Scrims-Overhead-Butterfly-24x24m-8x8-.jpg","width":300,"height":238,"caption":"Black Single Net Scrims : Overhead Butterfly - 2,4x2,4m (8\u2019x8\u2019)"},{"@type":"BreadcrumbList","@id":"https:\/\/www.cinesouk.ma\/product\/black-single-net-scrims-overhead-butterfly-24x24m-8x8\/#breadcrumb","itemListElement":[{"@type":"ListItem","position":1,"name":"Home","item":"https:\/\/www.cinesouk.ma\/"},{"@type":"ListItem","position":2,"name":"Shop","item":"https:\/\/www.cinesouk.ma\/shop\/"},{"@type":"ListItem","position":3,"name":"Black Single Net Scrims \/ Overhead Butterfly &#8211; 2,4&#215;2,4m (8\u2019x8\u2019)"}]},{"@type":"WebSite","@id":"https:\/\/www.cinesouk.ma\/#website","url":"https:\/\/www.cinesouk.ma\/","name":"CineSouk","description":"","publisher":{"@id":"https:\/\/www.cinesouk.ma\/#organization"},"potentialAction":[{"@type":"SearchAction","target":{"@type":"EntryPoint","urlTemplate":"https:\/\/www.cinesouk.ma\/?s={search_term_string}"},"query-input":{"@type":"PropertyValueSpecification","valueRequired":true,"valueName":"search_term_string"}}],"inLanguage":"fr-FR"},{"@type":"Organization","@id":"https:\/\/www.cinesouk.ma\/#organization","name":"CineSouk","url":"https:\/\/www.cinesouk.ma\/","logo":{"@type":"ImageObject","inLanguage":"fr-FR","@id":"https:\/\/www.cinesouk.ma\/#\/schema\/logo\/image\/","url":"https:\/\/www.cinesouk.ma\/wp-content\/uploads\/2024\/01\/CineSouk-logo-v01-alpha-alligned-left.png","contentUrl":"https:\/\/www.cinesouk.ma\/wp-content\/uploads\/2024\/01\/CineSouk-logo-v01-alpha-alligned-left.png","width":3204,"height":889,"caption":"CineSouk"},"image":{"@id":"https:\/\/www.cinesouk.ma\/#\/schema\/logo\/image\/"}}]}},"_links":{"self":[{"href":"https:\/\/www.cinesouk.ma\/fr\/wp-json\/wp\/v2\/product\/11960","targetHints":{"allow":["GET"]}}],"collection":[{"href":"https:\/\/www.cinesouk.ma\/fr\/wp-json\/wp\/v2\/product"}],"about":[{"href":"https:\/\/www.cinesouk.ma\/fr\/wp-json\/wp\/v2\/types\/product"}],"wp:featuredmedia":[{"embeddable":true,"href":"https:\/\/www.cinesouk.ma\/fr\/wp-json\/wp\/v2\/media\/11971"}],"wp:attachment":[{"href":"https:\/\/www.cinesouk.ma\/fr\/wp-json\/wp\/v2\/media?parent=11960"}],"wp:term":[{"taxonomy":"product_brand","embeddable":true,"href":"https:\/\/www.cinesouk.ma\/fr\/wp-json\/wp\/v2\/product_brand?post=11960"},{"taxonomy":"product_cat","embeddable":true,"href":"https:\/\/www.cinesouk.ma\/fr\/wp-json\/wp\/v2\/product_cat?post=11960"},{"taxonomy":"product_tag","embeddable":true,"href":"https:\/\/www.cinesouk.ma\/fr\/wp-json\/wp\/v2\/product_tag?post=11960"}],"curies":[{"name":"wp","href":"https:\/\/api.w.org\/{rel}","templated":true}]}}