{"id":11972,"date":"2025-04-08T12:13:48","date_gmt":"2025-04-08T12:13:48","guid":{"rendered":"https:\/\/www.cinesouk.ma\/?post_type=product&#038;p=11972"},"modified":"2026-02-05T13:25:54","modified_gmt":"2026-02-05T13:25:54","slug":"black-single-net-scrims-overhead-butterfly-36x36m-12x12","status":"publish","type":"product","link":"https:\/\/www.cinesouk.ma\/fr\/produit\/black-single-net-scrims-overhead-butterfly-36x36m-12x12\/","title":{"rendered":"Filet simple noir Scrims \/ Overhead Butterfly - 3,6\u00d73,6m (12'x12')"},"content":{"rendered":"<p class=\"\" data-start=\"75\" data-end=\"403\">Le Black Single Net Scrims \/ Overhead Butterfly (3,6\u00d73,6m) est un outil d'\u00e9clairage tr\u00e8s polyvalent con\u00e7u pour les cin\u00e9astes et les photographes qui ont besoin d'un contr\u00f4le pr\u00e9cis de la lumi\u00e8re pour des configurations plus importantes. Avec une taille de 3,6\u00d73,6m (12'x12'), cette toile est id\u00e9ale pour les prises de vue de groupe, les sc\u00e8nes grand angle et les tournages en ext\u00e9rieur.<\/p>\n<p class=\"\" data-start=\"405\" data-end=\"836\">La grille noire \u00e0 filet simple est con\u00e7ue pour r\u00e9duire l'intensit\u00e9 de la lumi\u00e8re tout en conservant l'aspect naturel de la lumi\u00e8re. Il est parfait pour adoucir la lumi\u00e8re du soleil ou diffuser la lumi\u00e8re artificielle, ce qui permet de mieux contr\u00f4ler les ombres et l'exposition. Lorsqu'il est utilis\u00e9 comme papillon a\u00e9rien, il fournit une source de lumi\u00e8re contr\u00f4l\u00e9e, id\u00e9ale pour les grands plateaux de production ou les situations qui n\u00e9cessitent une grande pr\u00e9cision.<\/p>\n<p class=\"\" data-start=\"838\" data-end=\"1136\">Gr\u00e2ce \u00e0 sa conception l\u00e9g\u00e8re et durable, cette grille est facile \u00e0 installer et \u00e0 transporter, ce qui la rend id\u00e9ale pour les tournages en studio ou les productions sur place. C'est un outil fiable pour les cin\u00e9astes et les photographes qui ont besoin d'un contr\u00f4le de l'\u00e9clairage coh\u00e9rent et professionnel.<\/p>\n<h3 class=\"\" data-start=\"1138\" data-end=\"1206\">Pourquoi choisir le filet simple noir Scrims \/ Overhead Butterfly ?<\/h3>\n<p class=\"\" data-start=\"1208\" data-end=\"1520\">Cette toile est id\u00e9ale pour les directeurs de la photographie et les photographes qui ont besoin de contr\u00f4ler l'intensit\u00e9 de la lumi\u00e8re et de cr\u00e9er des effets d'\u00e9clairage pr\u00e9cis. Que vous tourniez en ext\u00e9rieur ou en studio, ce tissu offre la polyvalence et la fiabilit\u00e9 requises pour les tournages professionnels.<\/p>\n<h3 class=\"\" data-start=\"1522\" data-end=\"1542\"><strong data-start=\"1526\" data-end=\"1542\">Caract\u00e9ristiques principales<\/strong><\/h3>\n<ul data-start=\"1544\" data-end=\"2229\">\n<li class=\"\" data-start=\"1544\" data-end=\"1635\">\n<p class=\"\" data-start=\"1546\" data-end=\"1635\"><strong data-start=\"1546\" data-end=\"1572\">Scrim \u00e0 filet unique noir<\/strong>: R\u00e9duit l'intensit\u00e9 lumineuse sans <strong data-start=\"1606\" data-end=\"1629\">blocage total<\/strong> il.<\/p>\n<\/li>\n<li class=\"\" data-start=\"1636\" data-end=\"1743\">\n<p class=\"\" data-start=\"1638\" data-end=\"1743\"><strong data-start=\"1638\" data-end=\"1669\">Fonction de papillon a\u00e9rien<\/strong>: Fournitures <strong data-start=\"1680\" data-end=\"1710\">diffusion contr\u00f4l\u00e9e de la lumi\u00e8re<\/strong>parfait pour les <strong data-start=\"1724\" data-end=\"1740\">grandes installations<\/strong>.<\/p>\n<\/li>\n<li class=\"\" data-start=\"1744\" data-end=\"1862\">\n<p class=\"\" data-start=\"1746\" data-end=\"1862\"><strong data-start=\"1746\" data-end=\"1760\">Grande taille<\/strong>: <strong data-start=\"1762\" data-end=\"1784\">3,6\u00d73,6m (12'x12')<\/strong>id\u00e9al pour <strong data-start=\"1796\" data-end=\"1811\">photos de groupe<\/strong>, <strong data-start=\"1813\" data-end=\"1839\">photographie grand angle<\/strong>et <strong data-start=\"1845\" data-end=\"1859\">grands ensembles<\/strong>.<\/p>\n<\/li>\n<li class=\"\" data-start=\"1863\" data-end=\"1971\">\n<p class=\"\" data-start=\"1865\" data-end=\"1971\"><strong data-start=\"1865\" data-end=\"1891\">L\u00e9ger et portable<\/strong>: Facile \u00e0 <strong data-start=\"1901\" data-end=\"1914\">transport<\/strong>, <strong data-start=\"1916\" data-end=\"1926\">mettre en place<\/strong>et <strong data-start=\"1932\" data-end=\"1941\">magasin<\/strong> pour <strong data-start=\"1946\" data-end=\"1968\">prises de vue sur place<\/strong>.<\/p>\n<\/li>\n<li class=\"\" data-start=\"1972\" data-end=\"2091\">\n<p class=\"\" data-start=\"1974\" data-end=\"2091\"><strong data-start=\"1974\" data-end=\"1992\">Tissu durable<\/strong>: <strong data-start=\"1994\" data-end=\"2023\">Construction de haute qualit\u00e9<\/strong> pour <strong data-start=\"2028\" data-end=\"2048\">utilisation durable<\/strong> dans des environnements de production professionnels.<\/p>\n<\/li>\n<li class=\"\" data-start=\"2092\" data-end=\"2229\">\n<p class=\"\" data-start=\"2094\" data-end=\"2229\"><strong data-start=\"2094\" data-end=\"2120\">Applications polyvalentes<\/strong>: Id\u00e9al pour <strong data-start=\"2132\" data-end=\"2156\">photographie de portrait<\/strong>, <strong data-start=\"2158\" data-end=\"2178\">production vid\u00e9o<\/strong>, <strong data-start=\"2180\" data-end=\"2197\">l'\u00e9clairage des films<\/strong>et <strong data-start=\"2203\" data-end=\"2228\">les prises de vue dans des lieux importants<\/strong>.<\/p>\n<\/li>\n<\/ul>\n<h3 class=\"\" data-start=\"2231\" data-end=\"2253\"><strong data-start=\"2235\" data-end=\"2253\">Sp\u00e9cifications<\/strong><\/h3>\n<ul data-start=\"2255\" data-end=\"2461\">\n<li class=\"\" data-start=\"2255\" data-end=\"2292\">\n<p class=\"\" data-start=\"2257\" data-end=\"2292\"><strong data-start=\"2257\" data-end=\"2269\">Mat\u00e9riau<\/strong>: Tissu de haute qualit\u00e9<\/p>\n<\/li>\n<li class=\"\" data-start=\"2293\" data-end=\"2325\">\n<p class=\"\" data-start=\"2295\" data-end=\"2325\"><strong data-start=\"2295\" data-end=\"2303\">Taille<\/strong>: 3,6\u00d73,6m (12'x12')<\/p>\n<\/li>\n<li class=\"\" data-start=\"2326\" data-end=\"2387\">\n<p class=\"\" data-start=\"2328\" data-end=\"2387\"><strong data-start=\"2328\" data-end=\"2340\">Fonction<\/strong>: Toile noire \u00e0 filet unique \/ Papillon de t\u00eate<\/p>\n<\/li>\n<li class=\"\" data-start=\"2388\" data-end=\"2461\">\n<p class=\"\" data-start=\"2390\" data-end=\"2461\"><strong data-start=\"2390\" data-end=\"2406\">Applications<\/strong>: <strong data-start=\"2408\" data-end=\"2423\">Photographie<\/strong>, <strong data-start=\"2425\" data-end=\"2440\">vid\u00e9ographie<\/strong>, <strong data-start=\"2442\" data-end=\"2461\">production de films<\/strong><\/p>\n<\/li>\n<\/ul>\n<p class=\"\" data-start=\"2463\" data-end=\"2780\">Le Black Single Net Scrims \/ Overhead Butterfly (3,6\u00d73,6m) est un outil d'\u00e9clairage essentiel pour les cin\u00e9astes et les photographes qui ont besoin d'un contr\u00f4le pr\u00e9cis de la lumi\u00e8re. Qu'il s'agisse d'adoucir la lumi\u00e8re, de cr\u00e9er des ombres ou de contr\u00f4ler l'exposition, ce tissu garantit des performances fiables et des r\u00e9sultats professionnels.<\/p>\n<p>Louez-le maintenant sur <a href=\"https:\/\/www.cinesouk.ma\/fr\">CINESOUK<\/a> - une marque de <a href=\"https:\/\/www.broadway.ma\/\">BROADWAY PRODUCTIONS SARL.<\/a><\/p>","protected":false},"excerpt":{"rendered":"<p><strong>Sp\u00e9cifications<\/strong><\/p>\n<ul>\n<li class=\"\" data-start=\"2255\" data-end=\"2292\">\n<p class=\"\" data-start=\"2257\" data-end=\"2292\"><strong data-start=\"2257\" data-end=\"2269\">Mat\u00e9riau<\/strong>: Tissu de haute qualit\u00e9<\/p>\n<\/li>\n<li class=\"\" data-start=\"2293\" data-end=\"2325\">\n<p class=\"\" data-start=\"2295\" data-end=\"2325\"><strong data-start=\"2295\" data-end=\"2303\">Taille<\/strong>: 3,6\u00d73,6m (12'x12')<\/p>\n<\/li>\n<li class=\"\" data-start=\"2326\" data-end=\"2387\">\n<p class=\"\" data-start=\"2328\" data-end=\"2387\"><strong data-start=\"2328\" data-end=\"2340\">Fonction<\/strong>: Toile noire \u00e0 filet unique \/ Papillon de t\u00eate<\/p>\n<\/li>\n<li class=\"\" data-start=\"2388\" data-end=\"2461\">\n<p class=\"\" data-start=\"2390\" data-end=\"2461\"><strong data-start=\"2390\" data-end=\"2406\">Applications<\/strong>: <strong data-start=\"2408\" data-end=\"2423\">Photographie<\/strong>, <strong data-start=\"2425\" data-end=\"2440\">vid\u00e9ographie<\/strong>, <strong data-start=\"2442\" data-end=\"2461\">production de films<\/strong><\/p>\n<\/li>\n<\/ul>","protected":false},"featured_media":11971,"template":"","meta":{"om_disable_all_campaigns":false,"_monsterinsights_skip_tracking":false,"_monsterinsights_sitenote_active":false,"_monsterinsights_sitenote_note":"","_monsterinsights_sitenote_category":0,"_uf_show_specific_survey":0,"_uf_disable_surveys":false},"product_brand":[],"product_cat":[91],"product_tag":[],"class_list":{"0":"post-11972","1":"product","2":"type-product","3":"status-publish","4":"has-post-thumbnail","6":"product_cat-fabrics-and-bounces-cinesouk","8":"entry","9":"has-media","11":"first","12":"instock","13":"taxable","14":"shipping-taxable","15":"purchasable","16":"product-type-variable","17":"has-product-nav","18":"col","19":"span_1_of_3","20":"owp-content-center","21":"owp-thumbs-layout-horizontal","22":"owp-btn-normal","23":"owp-tabs-layout-horizontal","24":"has-no-thumbnails"},"yoast_head":"<!-- This site is optimized with the Yoast SEO Premium plugin v26.0 (Yoast SEO v26.0) - https:\/\/yoast.com\/wordpress\/plugins\/seo\/ -->\n<title>Black Single Net Scrims \/ Overhead Butterfly - 3,6x3,6m (12\u2019x12\u2019) - CineSouk - For rent<\/title>\n<meta name=\"description\" content=\"Black Single Net Scrims \/ Overhead Butterfly \u2013 3.6x3.6m (12\u2019x12\u2019) for controlled light diffusion and shadow creation in photography and videography.\" \/>\n<meta name=\"robots\" content=\"index, follow, max-snippet:-1, max-image-preview:large, max-video-preview:-1\" \/>\n<link rel=\"canonical\" href=\"https:\/\/www.cinesouk.ma\/fr\/produit\/black-single-net-scrims-overhead-butterfly-36x36m-12x12\/\" \/>\n<meta property=\"og:locale\" content=\"fr_FR\" \/>\n<meta property=\"og:type\" content=\"article\" \/>\n<meta property=\"og:title\" content=\"Black Single Net Scrims \/ Overhead Butterfly - 3,6x3,6m (12\u2019x12\u2019)\" \/>\n<meta property=\"og:description\" content=\"Black Single Net Scrims \/ Overhead Butterfly \u2013 3.6x3.6m (12\u2019x12\u2019) for controlled light diffusion and shadow creation in photography and videography.\" \/>\n<meta property=\"og:url\" content=\"https:\/\/www.cinesouk.ma\/fr\/produit\/black-single-net-scrims-overhead-butterfly-36x36m-12x12\/\" \/>\n<meta property=\"og:site_name\" content=\"CineSouk\" \/>\n<meta property=\"article:modified_time\" content=\"2026-02-05T13:25:54+00:00\" \/>\n<meta property=\"og:image\" content=\"https:\/\/www.cinesouk.ma\/wp-content\/uploads\/2025\/03\/Black-Single-Net-Scrims-Overhead-Butterfly-24x24m-8x8-.jpg\" \/>\n\t<meta property=\"og:image:width\" content=\"300\" \/>\n\t<meta property=\"og:image:height\" content=\"238\" \/>\n\t<meta property=\"og:image:type\" content=\"image\/jpeg\" \/>\n<meta name=\"twitter:card\" content=\"summary_large_image\" \/>\n<meta name=\"twitter:description\" content=\"Black Single Net Scrims \/ Overhead Butterfly \u2013 3.6x3.6m (12\u2019x12\u2019) for controlled light diffusion and shadow creation in photography and videography.\" \/>\n<meta name=\"twitter:label1\" content=\"Dur\u00e9e de lecture estim\u00e9e\" \/>\n\t<meta name=\"twitter:data1\" content=\"2 minutes\" \/>\n<script type=\"application\/ld+json\" class=\"yoast-schema-graph\">{\"@context\":\"https:\/\/schema.org\",\"@graph\":[{\"@type\":\"WebPage\",\"@id\":\"https:\/\/www.cinesouk.ma\/product\/black-single-net-scrims-overhead-butterfly-36x36m-12x12\/\",\"url\":\"https:\/\/www.cinesouk.ma\/product\/black-single-net-scrims-overhead-butterfly-36x36m-12x12\/\",\"name\":\"Black Single Net Scrims \/ Overhead Butterfly - 3,6x3,6m (12\u2019x12\u2019) - CineSouk - For rent\",\"isPartOf\":{\"@id\":\"https:\/\/www.cinesouk.ma\/#website\"},\"primaryImageOfPage\":{\"@id\":\"https:\/\/www.cinesouk.ma\/product\/black-single-net-scrims-overhead-butterfly-36x36m-12x12\/#primaryimage\"},\"image\":{\"@id\":\"https:\/\/www.cinesouk.ma\/product\/black-single-net-scrims-overhead-butterfly-36x36m-12x12\/#primaryimage\"},\"thumbnailUrl\":\"https:\/\/www.cinesouk.ma\/wp-content\/uploads\/2025\/03\/Black-Single-Net-Scrims-Overhead-Butterfly-24x24m-8x8-.jpg\",\"datePublished\":\"2025-04-08T12:13:48+00:00\",\"dateModified\":\"2026-02-05T13:25:54+00:00\",\"description\":\"Black Single Net Scrims \/ Overhead Butterfly \u2013 3.6x3.6m (12\u2019x12\u2019) for controlled light diffusion and shadow creation in photography and videography.\",\"breadcrumb\":{\"@id\":\"https:\/\/www.cinesouk.ma\/product\/black-single-net-scrims-overhead-butterfly-36x36m-12x12\/#breadcrumb\"},\"inLanguage\":\"fr-FR\",\"potentialAction\":[{\"@type\":\"ReadAction\",\"target\":[\"https:\/\/www.cinesouk.ma\/product\/black-single-net-scrims-overhead-butterfly-36x36m-12x12\/\"]}]},{\"@type\":\"ImageObject\",\"inLanguage\":\"fr-FR\",\"@id\":\"https:\/\/www.cinesouk.ma\/product\/black-single-net-scrims-overhead-butterfly-36x36m-12x12\/#primaryimage\",\"url\":\"https:\/\/www.cinesouk.ma\/wp-content\/uploads\/2025\/03\/Black-Single-Net-Scrims-Overhead-Butterfly-24x24m-8x8-.jpg\",\"contentUrl\":\"https:\/\/www.cinesouk.ma\/wp-content\/uploads\/2025\/03\/Black-Single-Net-Scrims-Overhead-Butterfly-24x24m-8x8-.jpg\",\"width\":300,\"height\":238,\"caption\":\"Black Single Net Scrims : Overhead Butterfly - 2,4x2,4m (8\u2019x8\u2019)\"},{\"@type\":\"BreadcrumbList\",\"@id\":\"https:\/\/www.cinesouk.ma\/product\/black-single-net-scrims-overhead-butterfly-36x36m-12x12\/#breadcrumb\",\"itemListElement\":[{\"@type\":\"ListItem\",\"position\":1,\"name\":\"Home\",\"item\":\"https:\/\/www.cinesouk.ma\/\"},{\"@type\":\"ListItem\",\"position\":2,\"name\":\"Shop\",\"item\":\"https:\/\/www.cinesouk.ma\/shop\/\"},{\"@type\":\"ListItem\",\"position\":3,\"name\":\"Black Single Net Scrims \/ Overhead Butterfly &#8211; 3,6&#215;3,6m (12\u2019x12\u2019)\"}]},{\"@type\":\"WebSite\",\"@id\":\"https:\/\/www.cinesouk.ma\/#website\",\"url\":\"https:\/\/www.cinesouk.ma\/\",\"name\":\"CineSouk\",\"description\":\"\",\"publisher\":{\"@id\":\"https:\/\/www.cinesouk.ma\/#organization\"},\"potentialAction\":[{\"@type\":\"SearchAction\",\"target\":{\"@type\":\"EntryPoint\",\"urlTemplate\":\"https:\/\/www.cinesouk.ma\/?s={search_term_string}\"},\"query-input\":{\"@type\":\"PropertyValueSpecification\",\"valueRequired\":true,\"valueName\":\"search_term_string\"}}],\"inLanguage\":\"fr-FR\"},{\"@type\":\"Organization\",\"@id\":\"https:\/\/www.cinesouk.ma\/#organization\",\"name\":\"CineSouk\",\"url\":\"https:\/\/www.cinesouk.ma\/\",\"logo\":{\"@type\":\"ImageObject\",\"inLanguage\":\"fr-FR\",\"@id\":\"https:\/\/www.cinesouk.ma\/#\/schema\/logo\/image\/\",\"url\":\"https:\/\/www.cinesouk.ma\/wp-content\/uploads\/2024\/01\/CineSouk-logo-v01-alpha-alligned-left.png\",\"contentUrl\":\"https:\/\/www.cinesouk.ma\/wp-content\/uploads\/2024\/01\/CineSouk-logo-v01-alpha-alligned-left.png\",\"width\":3204,\"height\":889,\"caption\":\"CineSouk\"},\"image\":{\"@id\":\"https:\/\/www.cinesouk.ma\/#\/schema\/logo\/image\/\"}}]}<\/script>\n<!-- \/ Yoast SEO Premium plugin. -->","yoast_head_json":{"title":"Black Single Net Scrims \/ Overhead Butterfly - 3,6x3,6m (12\u2019x12\u2019) - CineSouk - For rent","description":"Black Single Net Scrims \/ Overhead Butterfly \u2013 3.6x3.6m (12\u2019x12\u2019) for controlled light diffusion and shadow creation in photography and videography.","robots":{"index":"index","follow":"follow","max-snippet":"max-snippet:-1","max-image-preview":"max-image-preview:large","max-video-preview":"max-video-preview:-1"},"canonical":"https:\/\/www.cinesouk.ma\/fr\/produit\/black-single-net-scrims-overhead-butterfly-36x36m-12x12\/","og_locale":"fr_FR","og_type":"article","og_title":"Black Single Net Scrims \/ Overhead Butterfly - 3,6x3,6m (12\u2019x12\u2019)","og_description":"Black Single Net Scrims \/ Overhead Butterfly \u2013 3.6x3.6m (12\u2019x12\u2019) for controlled light diffusion and shadow creation in photography and videography.","og_url":"https:\/\/www.cinesouk.ma\/fr\/produit\/black-single-net-scrims-overhead-butterfly-36x36m-12x12\/","og_site_name":"CineSouk","article_modified_time":"2026-02-05T13:25:54+00:00","og_image":[{"width":300,"height":238,"url":"https:\/\/www.cinesouk.ma\/wp-content\/uploads\/2025\/03\/Black-Single-Net-Scrims-Overhead-Butterfly-24x24m-8x8-.jpg","type":"image\/jpeg"}],"twitter_card":"summary_large_image","twitter_description":"Black Single Net Scrims \/ Overhead Butterfly \u2013 3.6x3.6m (12\u2019x12\u2019) for controlled light diffusion and shadow creation in photography and videography.","twitter_misc":{"Dur\u00e9e de lecture estim\u00e9e":"2 minutes"},"schema":{"@context":"https:\/\/schema.org","@graph":[{"@type":"WebPage","@id":"https:\/\/www.cinesouk.ma\/product\/black-single-net-scrims-overhead-butterfly-36x36m-12x12\/","url":"https:\/\/www.cinesouk.ma\/product\/black-single-net-scrims-overhead-butterfly-36x36m-12x12\/","name":"Black Single Net Scrims \/ Overhead Butterfly - 3,6x3,6m (12\u2019x12\u2019) - CineSouk - For rent","isPartOf":{"@id":"https:\/\/www.cinesouk.ma\/#website"},"primaryImageOfPage":{"@id":"https:\/\/www.cinesouk.ma\/product\/black-single-net-scrims-overhead-butterfly-36x36m-12x12\/#primaryimage"},"image":{"@id":"https:\/\/www.cinesouk.ma\/product\/black-single-net-scrims-overhead-butterfly-36x36m-12x12\/#primaryimage"},"thumbnailUrl":"https:\/\/www.cinesouk.ma\/wp-content\/uploads\/2025\/03\/Black-Single-Net-Scrims-Overhead-Butterfly-24x24m-8x8-.jpg","datePublished":"2025-04-08T12:13:48+00:00","dateModified":"2026-02-05T13:25:54+00:00","description":"Black Single Net Scrims \/ Overhead Butterfly \u2013 3.6x3.6m (12\u2019x12\u2019) for controlled light diffusion and shadow creation in photography and videography.","breadcrumb":{"@id":"https:\/\/www.cinesouk.ma\/product\/black-single-net-scrims-overhead-butterfly-36x36m-12x12\/#breadcrumb"},"inLanguage":"fr-FR","potentialAction":[{"@type":"ReadAction","target":["https:\/\/www.cinesouk.ma\/product\/black-single-net-scrims-overhead-butterfly-36x36m-12x12\/"]}]},{"@type":"ImageObject","inLanguage":"fr-FR","@id":"https:\/\/www.cinesouk.ma\/product\/black-single-net-scrims-overhead-butterfly-36x36m-12x12\/#primaryimage","url":"https:\/\/www.cinesouk.ma\/wp-content\/uploads\/2025\/03\/Black-Single-Net-Scrims-Overhead-Butterfly-24x24m-8x8-.jpg","contentUrl":"https:\/\/www.cinesouk.ma\/wp-content\/uploads\/2025\/03\/Black-Single-Net-Scrims-Overhead-Butterfly-24x24m-8x8-.jpg","width":300,"height":238,"caption":"Black Single Net Scrims : Overhead Butterfly - 2,4x2,4m (8\u2019x8\u2019)"},{"@type":"BreadcrumbList","@id":"https:\/\/www.cinesouk.ma\/product\/black-single-net-scrims-overhead-butterfly-36x36m-12x12\/#breadcrumb","itemListElement":[{"@type":"ListItem","position":1,"name":"Home","item":"https:\/\/www.cinesouk.ma\/"},{"@type":"ListItem","position":2,"name":"Shop","item":"https:\/\/www.cinesouk.ma\/shop\/"},{"@type":"ListItem","position":3,"name":"Black Single Net Scrims \/ Overhead Butterfly &#8211; 3,6&#215;3,6m (12\u2019x12\u2019)"}]},{"@type":"WebSite","@id":"https:\/\/www.cinesouk.ma\/#website","url":"https:\/\/www.cinesouk.ma\/","name":"CineSouk","description":"","publisher":{"@id":"https:\/\/www.cinesouk.ma\/#organization"},"potentialAction":[{"@type":"SearchAction","target":{"@type":"EntryPoint","urlTemplate":"https:\/\/www.cinesouk.ma\/?s={search_term_string}"},"query-input":{"@type":"PropertyValueSpecification","valueRequired":true,"valueName":"search_term_string"}}],"inLanguage":"fr-FR"},{"@type":"Organization","@id":"https:\/\/www.cinesouk.ma\/#organization","name":"CineSouk","url":"https:\/\/www.cinesouk.ma\/","logo":{"@type":"ImageObject","inLanguage":"fr-FR","@id":"https:\/\/www.cinesouk.ma\/#\/schema\/logo\/image\/","url":"https:\/\/www.cinesouk.ma\/wp-content\/uploads\/2024\/01\/CineSouk-logo-v01-alpha-alligned-left.png","contentUrl":"https:\/\/www.cinesouk.ma\/wp-content\/uploads\/2024\/01\/CineSouk-logo-v01-alpha-alligned-left.png","width":3204,"height":889,"caption":"CineSouk"},"image":{"@id":"https:\/\/www.cinesouk.ma\/#\/schema\/logo\/image\/"}}]}},"_links":{"self":[{"href":"https:\/\/www.cinesouk.ma\/fr\/wp-json\/wp\/v2\/product\/11972","targetHints":{"allow":["GET"]}}],"collection":[{"href":"https:\/\/www.cinesouk.ma\/fr\/wp-json\/wp\/v2\/product"}],"about":[{"href":"https:\/\/www.cinesouk.ma\/fr\/wp-json\/wp\/v2\/types\/product"}],"wp:featuredmedia":[{"embeddable":true,"href":"https:\/\/www.cinesouk.ma\/fr\/wp-json\/wp\/v2\/media\/11971"}],"wp:attachment":[{"href":"https:\/\/www.cinesouk.ma\/fr\/wp-json\/wp\/v2\/media?parent=11972"}],"wp:term":[{"taxonomy":"product_brand","embeddable":true,"href":"https:\/\/www.cinesouk.ma\/fr\/wp-json\/wp\/v2\/product_brand?post=11972"},{"taxonomy":"product_cat","embeddable":true,"href":"https:\/\/www.cinesouk.ma\/fr\/wp-json\/wp\/v2\/product_cat?post=11972"},{"taxonomy":"product_tag","embeddable":true,"href":"https:\/\/www.cinesouk.ma\/fr\/wp-json\/wp\/v2\/product_tag?post=11972"}],"curies":[{"name":"wp","href":"https:\/\/api.w.org\/{rel}","templated":true}]}}