{"id":11983,"date":"2025-04-08T12:23:48","date_gmt":"2025-04-08T12:23:48","guid":{"rendered":"https:\/\/www.cinesouk.ma\/?post_type=product&#038;p=11983"},"modified":"2026-02-05T13:28:52","modified_gmt":"2026-02-05T13:28:52","slug":"black-single-net-scrims-overhead-butterfly-60x60m-20x20","status":"publish","type":"product","link":"https:\/\/www.cinesouk.ma\/fr\/produit\/black-single-net-scrims-overhead-butterfly-60x60m-20x20\/","title":{"rendered":"Filet simple noir \/ Butterfly a\u00e9rien - 6,0\u00d76,0m (20'x20')"},"content":{"rendered":"<p class=\"\" data-start=\"75\" data-end=\"395\">Le Black Single Net Scrims \/ Overhead Butterfly (6,0\u00d76,0m) est un outil essentiel pour les cin\u00e9astes et les photographes qui ont besoin d'un contr\u00f4le pr\u00e9cis de l'\u00e9clairage dans les grands d\u00e9cors. Avec une taille de 6,0\u00d76,0m (20'x20'), cette toile est parfaite pour les sc\u00e8nes \u00e0 grande \u00e9chelle, les prises de vue de groupe et la photographie grand angle.<\/p>\n<p class=\"\" data-start=\"397\" data-end=\"780\">La grille noire \u00e0 filet unique r\u00e9duit l'intensit\u00e9 de la lumi\u00e8re tout en conservant un aspect naturel. Il est id\u00e9al pour adoucir la lumi\u00e8re du soleil ou diffuser les lumi\u00e8res artificielles, ce qui permet de mieux contr\u00f4ler les ombres et l'exposition. Utilis\u00e9 comme papillon a\u00e9rien, il fournit une lumi\u00e8re douce et contr\u00f4l\u00e9e, parfaite pour les grandes productions cin\u00e9matographiques ou les installations d'\u00e9clairage complexes.<\/p>\n<p class=\"\" data-start=\"782\" data-end=\"1059\">Gr\u00e2ce \u00e0 sa l\u00e9g\u00e8ret\u00e9 et \u00e0 sa durabilit\u00e9, ce tissu est facile \u00e0 manipuler, \u00e0 mettre en place et \u00e0 transporter, ce qui le rend adapt\u00e9 aux tournages en studio et sur place. Il offre des performances constantes dans des environnements exigeants, garantissant des r\u00e9sultats professionnels.<\/p>\n<h3 class=\"\" data-start=\"1061\" data-end=\"1129\">Pourquoi choisir le filet simple noir Scrims \/ Overhead Butterfly ?<\/h3>\n<p class=\"\" data-start=\"1131\" data-end=\"1426\">Cette grille est id\u00e9ale pour les directeurs de la photographie et les photographes qui doivent g\u00e9rer la lumi\u00e8re dans de grandes configurations. Que vous tourniez en ext\u00e9rieur ou en int\u00e9rieur, il permet de contr\u00f4ler l'intensit\u00e9 de la lumi\u00e8re et de cr\u00e9er des ombres avec pr\u00e9cision, ce qui en fait un outil pr\u00e9cieux pour le travail professionnel.<\/p>\n<h3 class=\"\" data-start=\"1428\" data-end=\"1448\"><strong data-start=\"1432\" data-end=\"1448\">Caract\u00e9ristiques principales<\/strong><\/h3>\n<ul data-start=\"1450\" data-end=\"2117\">\n<li class=\"\" data-start=\"1450\" data-end=\"1545\">\n<p class=\"\" data-start=\"1452\" data-end=\"1545\"><strong data-start=\"1452\" data-end=\"1478\">Scrim \u00e0 filet unique noir<\/strong>: <strong data-start=\"1480\" data-end=\"1507\">R\u00e9duit l'intensit\u00e9 lumineuse<\/strong> sans <strong data-start=\"1516\" data-end=\"1539\">blocage total<\/strong> il.<\/p>\n<\/li>\n<li class=\"\" data-start=\"1546\" data-end=\"1660\">\n<p class=\"\" data-start=\"1548\" data-end=\"1660\"><strong data-start=\"1548\" data-end=\"1579\">Fonction de papillon a\u00e9rien<\/strong>: Fournitures <strong data-start=\"1590\" data-end=\"1616\">lumi\u00e8re douce et contr\u00f4l\u00e9e<\/strong> pour <strong data-start=\"1621\" data-end=\"1637\">grandes installations<\/strong> et <strong data-start=\"1642\" data-end=\"1657\">photos de groupe<\/strong>.<\/p>\n<\/li>\n<li class=\"\" data-start=\"1661\" data-end=\"1766\">\n<p class=\"\" data-start=\"1663\" data-end=\"1766\"><strong data-start=\"1663\" data-end=\"1677\">Grande taille<\/strong>: <strong data-start=\"1679\" data-end=\"1701\">6.0\u00d76.0m (20'x20')<\/strong>parfait pour les <strong data-start=\"1715\" data-end=\"1737\">tournages \u00e0 grande \u00e9chelle<\/strong> et <strong data-start=\"1742\" data-end=\"1763\">sc\u00e8nes grand angle<\/strong>.<\/p>\n<\/li>\n<li class=\"\" data-start=\"1767\" data-end=\"1874\">\n<p class=\"\" data-start=\"1769\" data-end=\"1874\"><strong data-start=\"1769\" data-end=\"1795\">L\u00e9ger et portable<\/strong>: <strong data-start=\"1797\" data-end=\"1815\">Facile \u00e0 mettre en place<\/strong>, <strong data-start=\"1817\" data-end=\"1827\">poign\u00e9e<\/strong>et <strong data-start=\"1833\" data-end=\"1846\">transport<\/strong> pour <strong data-start=\"1851\" data-end=\"1871\">travail sur place<\/strong>.<\/p>\n<\/li>\n<li class=\"\" data-start=\"1875\" data-end=\"1977\">\n<p class=\"\" data-start=\"1877\" data-end=\"1977\"><strong data-start=\"1877\" data-end=\"1901\">Construction durable<\/strong>: Construit pour <strong data-start=\"1913\" data-end=\"1941\">performance durable<\/strong> en <strong data-start=\"1945\" data-end=\"1974\">environnements professionnels<\/strong>.<\/p>\n<\/li>\n<li class=\"\" data-start=\"1978\" data-end=\"2117\">\n<p class=\"\" data-start=\"1980\" data-end=\"2117\"><strong data-start=\"1980\" data-end=\"2006\">Applications polyvalentes<\/strong>: Id\u00e9al pour <strong data-start=\"2018\" data-end=\"2042\">photographie de portrait<\/strong>, <strong data-start=\"2044\" data-end=\"2069\">productions cin\u00e9matographiques<\/strong>, <strong data-start=\"2071\" data-end=\"2088\">l'\u00e9clairage des films<\/strong>et <strong data-start=\"2094\" data-end=\"2116\">prises de vue sur place<\/strong>.<\/p>\n<\/li>\n<\/ul>\n<h3 class=\"\" data-start=\"2119\" data-end=\"2141\"><strong data-start=\"2123\" data-end=\"2141\">Sp\u00e9cifications<\/strong><\/h3>\n<ul data-start=\"2143\" data-end=\"2349\">\n<li class=\"\" data-start=\"2143\" data-end=\"2180\">\n<p class=\"\" data-start=\"2145\" data-end=\"2180\"><strong data-start=\"2145\" data-end=\"2157\">Mat\u00e9riau<\/strong>: Tissu de haute qualit\u00e9<\/p>\n<\/li>\n<li class=\"\" data-start=\"2181\" data-end=\"2213\">\n<p class=\"\" data-start=\"2183\" data-end=\"2213\"><strong data-start=\"2183\" data-end=\"2191\">Taille<\/strong>6.0\u00d76.0m (20'x20')<\/p>\n<\/li>\n<li class=\"\" data-start=\"2214\" data-end=\"2275\">\n<p class=\"\" data-start=\"2216\" data-end=\"2275\"><strong data-start=\"2216\" data-end=\"2228\">Fonction<\/strong>: Toile noire \u00e0 filet unique \/ Papillon de t\u00eate<\/p>\n<\/li>\n<li class=\"\" data-start=\"2276\" data-end=\"2349\">\n<p class=\"\" data-start=\"2278\" data-end=\"2349\"><strong data-start=\"2278\" data-end=\"2294\">Applications<\/strong>: <strong data-start=\"2296\" data-end=\"2311\">Photographie<\/strong>, <strong data-start=\"2313\" data-end=\"2328\">vid\u00e9ographie<\/strong>, <strong data-start=\"2330\" data-end=\"2349\">production de films<\/strong><\/p>\n<\/li>\n<\/ul>\n<p class=\"\" data-start=\"2351\" data-end=\"2654\">La toile noire Single Net Scrims \/ Overhead Butterfly (6,0\u00d76,0m) est un outil indispensable pour les photographes et les directeurs de la photographie professionnels. Qu'il s'agisse d'adoucir la lumi\u00e8re, de cr\u00e9er des ombres ou de contr\u00f4ler l'exposition, ce tissu fournit des r\u00e9sultats fiables dans les environnements de production \u00e0 grande \u00e9chelle.<\/p>\n<p>Louez-le maintenant sur <a href=\"https:\/\/www.cinesouk.ma\/fr\">CINESOUK<\/a> - une marque de <a href=\"https:\/\/www.broadway.ma\/\">BROADWAY PRODUCTIONS SARL.<\/a><\/p>","protected":false},"excerpt":{"rendered":"<p><strong>Sp\u00e9cifications<\/strong><\/p>\n<ul>\n<li class=\"\" data-start=\"2143\" data-end=\"2180\">\n<p class=\"\" data-start=\"2145\" data-end=\"2180\"><strong data-start=\"2145\" data-end=\"2157\">Mat\u00e9riau<\/strong>: Tissu de haute qualit\u00e9<\/p>\n<\/li>\n<li class=\"\" data-start=\"2181\" data-end=\"2213\">\n<p class=\"\" data-start=\"2183\" data-end=\"2213\"><strong data-start=\"2183\" data-end=\"2191\">Taille<\/strong>6.0\u00d76.0m (20'x20')<\/p>\n<\/li>\n<li class=\"\" data-start=\"2214\" data-end=\"2275\">\n<p class=\"\" data-start=\"2216\" data-end=\"2275\"><strong data-start=\"2216\" data-end=\"2228\">Fonction<\/strong>: Toile noire \u00e0 filet unique \/ Papillon de t\u00eate<\/p>\n<\/li>\n<li class=\"\" data-start=\"2276\" data-end=\"2349\">\n<p class=\"\" data-start=\"2278\" data-end=\"2349\"><strong data-start=\"2278\" data-end=\"2294\">Applications<\/strong>: <strong data-start=\"2296\" data-end=\"2311\">Photographie<\/strong>, <strong data-start=\"2313\" data-end=\"2328\">vid\u00e9ographie<\/strong>, <strong data-start=\"2330\" data-end=\"2349\">production de films<\/strong><\/p>\n<\/li>\n<\/ul>","protected":false},"featured_media":11971,"template":"","meta":{"om_disable_all_campaigns":false,"_monsterinsights_skip_tracking":false,"_monsterinsights_sitenote_active":false,"_monsterinsights_sitenote_note":"","_monsterinsights_sitenote_category":0,"_uf_show_specific_survey":0,"_uf_disable_surveys":false},"product_brand":[],"product_cat":[91],"product_tag":[],"class_list":{"0":"post-11983","1":"product","2":"type-product","3":"status-publish","4":"has-post-thumbnail","6":"product_cat-fabrics-and-bounces-cinesouk","8":"entry","9":"has-media","11":"first","12":"instock","13":"taxable","14":"shipping-taxable","15":"purchasable","16":"product-type-variable","17":"has-product-nav","18":"col","19":"span_1_of_3","20":"owp-content-center","21":"owp-thumbs-layout-horizontal","22":"owp-btn-normal","23":"owp-tabs-layout-horizontal","24":"has-no-thumbnails"},"yoast_head":"<!-- This site is optimized with the Yoast SEO Premium plugin v26.0 (Yoast SEO v26.0) - https:\/\/yoast.com\/wordpress\/plugins\/seo\/ -->\n<title>Black Single Net Scrims \/ Overhead Butterfly - 6,0x6,0m (20\u2019x20\u2019) - CineSouk - For rent<\/title>\n<meta name=\"description\" content=\"Black Single Net Scrims \/ Overhead Butterfly \u2013 6.0x6.0m (20\u2019x20\u2019) for light control, shadow creation, and soft light diffusion in photography and videography.\" \/>\n<meta name=\"robots\" content=\"index, follow, max-snippet:-1, max-image-preview:large, max-video-preview:-1\" \/>\n<link rel=\"canonical\" href=\"https:\/\/www.cinesouk.ma\/fr\/produit\/black-single-net-scrims-overhead-butterfly-60x60m-20x20\/\" \/>\n<meta property=\"og:locale\" content=\"fr_FR\" \/>\n<meta property=\"og:type\" content=\"article\" \/>\n<meta property=\"og:title\" content=\"Black Single Net Scrims \/ Overhead Butterfly - 6,0x6,0m (20\u2019x20\u2019)\" \/>\n<meta property=\"og:description\" content=\"Black Single Net Scrims \/ Overhead Butterfly \u2013 6.0x6.0m (20\u2019x20\u2019) for light control, shadow creation, and soft light diffusion in photography and videography.\" \/>\n<meta property=\"og:url\" content=\"https:\/\/www.cinesouk.ma\/fr\/produit\/black-single-net-scrims-overhead-butterfly-60x60m-20x20\/\" \/>\n<meta property=\"og:site_name\" content=\"CineSouk\" \/>\n<meta property=\"article:modified_time\" content=\"2026-02-05T13:28:52+00:00\" \/>\n<meta property=\"og:image\" content=\"https:\/\/www.cinesouk.ma\/wp-content\/uploads\/2025\/03\/Black-Single-Net-Scrims-Overhead-Butterfly-24x24m-8x8-.jpg\" \/>\n\t<meta property=\"og:image:width\" content=\"300\" \/>\n\t<meta property=\"og:image:height\" content=\"238\" \/>\n\t<meta property=\"og:image:type\" content=\"image\/jpeg\" \/>\n<meta name=\"twitter:card\" content=\"summary_large_image\" \/>\n<meta name=\"twitter:description\" content=\"Black Single Net Scrims \/ Overhead Butterfly \u2013 6.0x6.0m (20\u2019x20\u2019) for light control, shadow creation, and soft light diffusion in photography and videography.\" \/>\n<meta name=\"twitter:label1\" content=\"Dur\u00e9e de lecture estim\u00e9e\" \/>\n\t<meta name=\"twitter:data1\" content=\"2 minutes\" \/>\n<script type=\"application\/ld+json\" class=\"yoast-schema-graph\">{\"@context\":\"https:\/\/schema.org\",\"@graph\":[{\"@type\":\"WebPage\",\"@id\":\"https:\/\/www.cinesouk.ma\/product\/black-single-net-scrims-overhead-butterfly-60x60m-20x20\/\",\"url\":\"https:\/\/www.cinesouk.ma\/product\/black-single-net-scrims-overhead-butterfly-60x60m-20x20\/\",\"name\":\"Black Single Net Scrims \/ Overhead Butterfly - 6,0x6,0m (20\u2019x20\u2019) - CineSouk - For rent\",\"isPartOf\":{\"@id\":\"https:\/\/www.cinesouk.ma\/#website\"},\"primaryImageOfPage\":{\"@id\":\"https:\/\/www.cinesouk.ma\/product\/black-single-net-scrims-overhead-butterfly-60x60m-20x20\/#primaryimage\"},\"image\":{\"@id\":\"https:\/\/www.cinesouk.ma\/product\/black-single-net-scrims-overhead-butterfly-60x60m-20x20\/#primaryimage\"},\"thumbnailUrl\":\"https:\/\/www.cinesouk.ma\/wp-content\/uploads\/2025\/03\/Black-Single-Net-Scrims-Overhead-Butterfly-24x24m-8x8-.jpg\",\"datePublished\":\"2025-04-08T12:23:48+00:00\",\"dateModified\":\"2026-02-05T13:28:52+00:00\",\"description\":\"Black Single Net Scrims \/ Overhead Butterfly \u2013 6.0x6.0m (20\u2019x20\u2019) for light control, shadow creation, and soft light diffusion in photography and videography.\",\"breadcrumb\":{\"@id\":\"https:\/\/www.cinesouk.ma\/product\/black-single-net-scrims-overhead-butterfly-60x60m-20x20\/#breadcrumb\"},\"inLanguage\":\"fr-FR\",\"potentialAction\":[{\"@type\":\"ReadAction\",\"target\":[\"https:\/\/www.cinesouk.ma\/product\/black-single-net-scrims-overhead-butterfly-60x60m-20x20\/\"]}]},{\"@type\":\"ImageObject\",\"inLanguage\":\"fr-FR\",\"@id\":\"https:\/\/www.cinesouk.ma\/product\/black-single-net-scrims-overhead-butterfly-60x60m-20x20\/#primaryimage\",\"url\":\"https:\/\/www.cinesouk.ma\/wp-content\/uploads\/2025\/03\/Black-Single-Net-Scrims-Overhead-Butterfly-24x24m-8x8-.jpg\",\"contentUrl\":\"https:\/\/www.cinesouk.ma\/wp-content\/uploads\/2025\/03\/Black-Single-Net-Scrims-Overhead-Butterfly-24x24m-8x8-.jpg\",\"width\":300,\"height\":238,\"caption\":\"Black Single Net Scrims : Overhead Butterfly - 2,4x2,4m (8\u2019x8\u2019)\"},{\"@type\":\"BreadcrumbList\",\"@id\":\"https:\/\/www.cinesouk.ma\/product\/black-single-net-scrims-overhead-butterfly-60x60m-20x20\/#breadcrumb\",\"itemListElement\":[{\"@type\":\"ListItem\",\"position\":1,\"name\":\"Home\",\"item\":\"https:\/\/www.cinesouk.ma\/\"},{\"@type\":\"ListItem\",\"position\":2,\"name\":\"Shop\",\"item\":\"https:\/\/www.cinesouk.ma\/shop\/\"},{\"@type\":\"ListItem\",\"position\":3,\"name\":\"Black Single Net Scrims \/ Overhead Butterfly &#8211; 6,0&#215;6,0m (20\u2019x20\u2019)\"}]},{\"@type\":\"WebSite\",\"@id\":\"https:\/\/www.cinesouk.ma\/#website\",\"url\":\"https:\/\/www.cinesouk.ma\/\",\"name\":\"CineSouk\",\"description\":\"\",\"publisher\":{\"@id\":\"https:\/\/www.cinesouk.ma\/#organization\"},\"potentialAction\":[{\"@type\":\"SearchAction\",\"target\":{\"@type\":\"EntryPoint\",\"urlTemplate\":\"https:\/\/www.cinesouk.ma\/?s={search_term_string}\"},\"query-input\":{\"@type\":\"PropertyValueSpecification\",\"valueRequired\":true,\"valueName\":\"search_term_string\"}}],\"inLanguage\":\"fr-FR\"},{\"@type\":\"Organization\",\"@id\":\"https:\/\/www.cinesouk.ma\/#organization\",\"name\":\"CineSouk\",\"url\":\"https:\/\/www.cinesouk.ma\/\",\"logo\":{\"@type\":\"ImageObject\",\"inLanguage\":\"fr-FR\",\"@id\":\"https:\/\/www.cinesouk.ma\/#\/schema\/logo\/image\/\",\"url\":\"https:\/\/www.cinesouk.ma\/wp-content\/uploads\/2024\/01\/CineSouk-logo-v01-alpha-alligned-left.png\",\"contentUrl\":\"https:\/\/www.cinesouk.ma\/wp-content\/uploads\/2024\/01\/CineSouk-logo-v01-alpha-alligned-left.png\",\"width\":3204,\"height\":889,\"caption\":\"CineSouk\"},\"image\":{\"@id\":\"https:\/\/www.cinesouk.ma\/#\/schema\/logo\/image\/\"}}]}<\/script>\n<!-- \/ Yoast SEO Premium plugin. -->","yoast_head_json":{"title":"Black Single Net Scrims \/ Overhead Butterfly - 6,0x6,0m (20\u2019x20\u2019) - CineSouk - For rent","description":"Black Single Net Scrims \/ Overhead Butterfly \u2013 6.0x6.0m (20\u2019x20\u2019) for light control, shadow creation, and soft light diffusion in photography and videography.","robots":{"index":"index","follow":"follow","max-snippet":"max-snippet:-1","max-image-preview":"max-image-preview:large","max-video-preview":"max-video-preview:-1"},"canonical":"https:\/\/www.cinesouk.ma\/fr\/produit\/black-single-net-scrims-overhead-butterfly-60x60m-20x20\/","og_locale":"fr_FR","og_type":"article","og_title":"Black Single Net Scrims \/ Overhead Butterfly - 6,0x6,0m (20\u2019x20\u2019)","og_description":"Black Single Net Scrims \/ Overhead Butterfly \u2013 6.0x6.0m (20\u2019x20\u2019) for light control, shadow creation, and soft light diffusion in photography and videography.","og_url":"https:\/\/www.cinesouk.ma\/fr\/produit\/black-single-net-scrims-overhead-butterfly-60x60m-20x20\/","og_site_name":"CineSouk","article_modified_time":"2026-02-05T13:28:52+00:00","og_image":[{"width":300,"height":238,"url":"https:\/\/www.cinesouk.ma\/wp-content\/uploads\/2025\/03\/Black-Single-Net-Scrims-Overhead-Butterfly-24x24m-8x8-.jpg","type":"image\/jpeg"}],"twitter_card":"summary_large_image","twitter_description":"Black Single Net Scrims \/ Overhead Butterfly \u2013 6.0x6.0m (20\u2019x20\u2019) for light control, shadow creation, and soft light diffusion in photography and videography.","twitter_misc":{"Dur\u00e9e de lecture estim\u00e9e":"2 minutes"},"schema":{"@context":"https:\/\/schema.org","@graph":[{"@type":"WebPage","@id":"https:\/\/www.cinesouk.ma\/product\/black-single-net-scrims-overhead-butterfly-60x60m-20x20\/","url":"https:\/\/www.cinesouk.ma\/product\/black-single-net-scrims-overhead-butterfly-60x60m-20x20\/","name":"Black Single Net Scrims \/ Overhead Butterfly - 6,0x6,0m (20\u2019x20\u2019) - CineSouk - For rent","isPartOf":{"@id":"https:\/\/www.cinesouk.ma\/#website"},"primaryImageOfPage":{"@id":"https:\/\/www.cinesouk.ma\/product\/black-single-net-scrims-overhead-butterfly-60x60m-20x20\/#primaryimage"},"image":{"@id":"https:\/\/www.cinesouk.ma\/product\/black-single-net-scrims-overhead-butterfly-60x60m-20x20\/#primaryimage"},"thumbnailUrl":"https:\/\/www.cinesouk.ma\/wp-content\/uploads\/2025\/03\/Black-Single-Net-Scrims-Overhead-Butterfly-24x24m-8x8-.jpg","datePublished":"2025-04-08T12:23:48+00:00","dateModified":"2026-02-05T13:28:52+00:00","description":"Black Single Net Scrims \/ Overhead Butterfly \u2013 6.0x6.0m (20\u2019x20\u2019) for light control, shadow creation, and soft light diffusion in photography and videography.","breadcrumb":{"@id":"https:\/\/www.cinesouk.ma\/product\/black-single-net-scrims-overhead-butterfly-60x60m-20x20\/#breadcrumb"},"inLanguage":"fr-FR","potentialAction":[{"@type":"ReadAction","target":["https:\/\/www.cinesouk.ma\/product\/black-single-net-scrims-overhead-butterfly-60x60m-20x20\/"]}]},{"@type":"ImageObject","inLanguage":"fr-FR","@id":"https:\/\/www.cinesouk.ma\/product\/black-single-net-scrims-overhead-butterfly-60x60m-20x20\/#primaryimage","url":"https:\/\/www.cinesouk.ma\/wp-content\/uploads\/2025\/03\/Black-Single-Net-Scrims-Overhead-Butterfly-24x24m-8x8-.jpg","contentUrl":"https:\/\/www.cinesouk.ma\/wp-content\/uploads\/2025\/03\/Black-Single-Net-Scrims-Overhead-Butterfly-24x24m-8x8-.jpg","width":300,"height":238,"caption":"Black Single Net Scrims : Overhead Butterfly - 2,4x2,4m (8\u2019x8\u2019)"},{"@type":"BreadcrumbList","@id":"https:\/\/www.cinesouk.ma\/product\/black-single-net-scrims-overhead-butterfly-60x60m-20x20\/#breadcrumb","itemListElement":[{"@type":"ListItem","position":1,"name":"Home","item":"https:\/\/www.cinesouk.ma\/"},{"@type":"ListItem","position":2,"name":"Shop","item":"https:\/\/www.cinesouk.ma\/shop\/"},{"@type":"ListItem","position":3,"name":"Black Single Net Scrims \/ Overhead Butterfly &#8211; 6,0&#215;6,0m (20\u2019x20\u2019)"}]},{"@type":"WebSite","@id":"https:\/\/www.cinesouk.ma\/#website","url":"https:\/\/www.cinesouk.ma\/","name":"CineSouk","description":"","publisher":{"@id":"https:\/\/www.cinesouk.ma\/#organization"},"potentialAction":[{"@type":"SearchAction","target":{"@type":"EntryPoint","urlTemplate":"https:\/\/www.cinesouk.ma\/?s={search_term_string}"},"query-input":{"@type":"PropertyValueSpecification","valueRequired":true,"valueName":"search_term_string"}}],"inLanguage":"fr-FR"},{"@type":"Organization","@id":"https:\/\/www.cinesouk.ma\/#organization","name":"CineSouk","url":"https:\/\/www.cinesouk.ma\/","logo":{"@type":"ImageObject","inLanguage":"fr-FR","@id":"https:\/\/www.cinesouk.ma\/#\/schema\/logo\/image\/","url":"https:\/\/www.cinesouk.ma\/wp-content\/uploads\/2024\/01\/CineSouk-logo-v01-alpha-alligned-left.png","contentUrl":"https:\/\/www.cinesouk.ma\/wp-content\/uploads\/2024\/01\/CineSouk-logo-v01-alpha-alligned-left.png","width":3204,"height":889,"caption":"CineSouk"},"image":{"@id":"https:\/\/www.cinesouk.ma\/#\/schema\/logo\/image\/"}}]}},"_links":{"self":[{"href":"https:\/\/www.cinesouk.ma\/fr\/wp-json\/wp\/v2\/product\/11983","targetHints":{"allow":["GET"]}}],"collection":[{"href":"https:\/\/www.cinesouk.ma\/fr\/wp-json\/wp\/v2\/product"}],"about":[{"href":"https:\/\/www.cinesouk.ma\/fr\/wp-json\/wp\/v2\/types\/product"}],"wp:featuredmedia":[{"embeddable":true,"href":"https:\/\/www.cinesouk.ma\/fr\/wp-json\/wp\/v2\/media\/11971"}],"wp:attachment":[{"href":"https:\/\/www.cinesouk.ma\/fr\/wp-json\/wp\/v2\/media?parent=11983"}],"wp:term":[{"taxonomy":"product_brand","embeddable":true,"href":"https:\/\/www.cinesouk.ma\/fr\/wp-json\/wp\/v2\/product_brand?post=11983"},{"taxonomy":"product_cat","embeddable":true,"href":"https:\/\/www.cinesouk.ma\/fr\/wp-json\/wp\/v2\/product_cat?post=11983"},{"taxonomy":"product_tag","embeddable":true,"href":"https:\/\/www.cinesouk.ma\/fr\/wp-json\/wp\/v2\/product_tag?post=11983"}],"curies":[{"name":"wp","href":"https:\/\/api.w.org\/{rel}","templated":true}]}}