{"id":11994,"date":"2025-04-08T12:27:53","date_gmt":"2025-04-08T12:27:53","guid":{"rendered":"https:\/\/www.cinesouk.ma\/?post_type=product&#038;p=11994"},"modified":"2026-02-05T13:19:11","modified_gmt":"2026-02-05T13:19:11","slug":"full-grid-1-1-cloth-diffusion-silk-white-60x60m-20x20","status":"publish","type":"product","link":"https:\/\/www.cinesouk.ma\/fr\/produit\/full-grid-1-1-cloth-diffusion-silk-white-60x60m-20x20\/","title":{"rendered":"Full Grid 1\/1 Cloth Diffusion Silk White - 6,0\u00d76,0m (20'x20')"},"content":{"rendered":"<p class=\"\" data-start=\"71\" data-end=\"493\">Le Full Grid 1\/1 Cloth Diffusion Silk White (6,0\u00d76,0m) est un outil d'\u00e9clairage haut de gamme con\u00e7u pour les cin\u00e9astes et les photographes qui ont besoin d'une diffusion douce et homog\u00e8ne de la lumi\u00e8re. Avec sa grande taille de 6,0\u00d76,0m (20'x20'), ce tissu est parfait pour les grandes installations, les prises de vue de groupe et les sc\u00e8nes en grand angle. Que vous travailliez en studio ou en ext\u00e9rieur, elle offre une couverture compl\u00e8te pour un contr\u00f4le fluide de la lumi\u00e8re.<\/p>\n<p class=\"\" data-start=\"495\" data-end=\"846\">La soie de diffusion 1\/1 est con\u00e7ue pour adoucir la lumi\u00e8re sans perdre en luminosit\u00e9 ou en clart\u00e9. Elle cr\u00e9e une lumi\u00e8re naturelle et flatteuse qui aide \u00e0 r\u00e9duire les ombres dures tout en maintenant une exposition coh\u00e9rente. Id\u00e9al pour les portraits et la photographie de produits, ce tissu permet d'\u00e9quilibrer la lumi\u00e8re et d'obtenir des r\u00e9sultats uniformes.<\/p>\n<p class=\"\" data-start=\"848\" data-end=\"1150\">Gr\u00e2ce \u00e0 sa construction l\u00e9g\u00e8re, cette soie de diffusion est facile \u00e0 installer, \u00e0 transporter et \u00e0 stocker, ce qui la rend id\u00e9ale pour les tournages sur place ou les grandes productions en studio. Son mat\u00e9riau r\u00e9sistant garantit des performances durables, m\u00eame dans des environnements de production exigeants.<\/p>\n<h3 class=\"\" data-start=\"1152\" data-end=\"1216\">Pourquoi choisir le Full Grid 1\/1 Cloth Diffusion Silk White ?<\/h3>\n<p class=\"\" data-start=\"1218\" data-end=\"1549\">Ce tissu de diffusion est parfait pour les directeurs de la photographie et les photographes qui ont besoin d'une diffusion pr\u00e9cise et douce de la lumi\u00e8re sur de grandes installations. Que vous travailliez dans des environnements de studio contr\u00f4l\u00e9s ou en ext\u00e9rieur, ce tissu offre la polyvalence et la fiabilit\u00e9 n\u00e9cessaires pour obtenir des r\u00e9sultats professionnels.<\/p>\n<h3 class=\"\" data-start=\"1551\" data-end=\"1571\"><strong data-start=\"1555\" data-end=\"1571\">Caract\u00e9ristiques principales<\/strong><\/h3>\n<ul data-start=\"1573\" data-end=\"2262\">\n<li class=\"\" data-start=\"1573\" data-end=\"1700\">\n<p class=\"\" data-start=\"1575\" data-end=\"1700\"><strong data-start=\"1575\" data-end=\"1597\">1\/1 Diffusion Silk<\/strong>: <strong data-start=\"1599\" data-end=\"1616\">Adoucit la lumi\u00e8re<\/strong> tout en maintenant <strong data-start=\"1635\" data-end=\"1649\">luminosit\u00e9<\/strong> et <strong data-start=\"1654\" data-end=\"1665\">clart\u00e9<\/strong> pour un r\u00e9sultat naturel et flatteur.<\/p>\n<\/li>\n<li class=\"\" data-start=\"1701\" data-end=\"1792\">\n<p class=\"\" data-start=\"1703\" data-end=\"1792\"><strong data-start=\"1703\" data-end=\"1717\">Grande taille<\/strong>: <strong data-start=\"1719\" data-end=\"1741\">6.0\u00d76.0m (20'x20')<\/strong>id\u00e9al pour <strong data-start=\"1753\" data-end=\"1769\">grandes installations<\/strong> et <strong data-start=\"1774\" data-end=\"1789\">photos de groupe<\/strong>.<\/p>\n<\/li>\n<li class=\"\" data-start=\"1793\" data-end=\"1941\">\n<p class=\"\" data-start=\"1795\" data-end=\"1941\"><strong data-start=\"1795\" data-end=\"1822\">Distribution uniforme de la lumi\u00e8re<\/strong>: Fournitures <strong data-start=\"1833\" data-end=\"1854\">diffusion uniforme<\/strong>parfait pour les <strong data-start=\"1868\" data-end=\"1892\">photographie de portrait<\/strong>, <strong data-start=\"1894\" data-end=\"1914\">production vid\u00e9o<\/strong>et <strong data-start=\"1920\" data-end=\"1938\">prises de vue de produits<\/strong>.<\/p>\n<\/li>\n<li class=\"\" data-start=\"1942\" data-end=\"2051\">\n<p class=\"\" data-start=\"1944\" data-end=\"2051\"><strong data-start=\"1944\" data-end=\"1970\">L\u00e9ger et portable<\/strong>: <strong data-start=\"1972\" data-end=\"1990\">Facile \u00e0 manipuler<\/strong>, <strong data-start=\"1992\" data-end=\"2005\">transport<\/strong>et <strong data-start=\"2011\" data-end=\"2021\">mettre en place<\/strong> pour <strong data-start=\"2026\" data-end=\"2048\">prises de vue sur place<\/strong>.<\/p>\n<\/li>\n<li class=\"\" data-start=\"2052\" data-end=\"2156\">\n<p class=\"\" data-start=\"2054\" data-end=\"2156\"><strong data-start=\"2054\" data-end=\"2078\">Construction durable<\/strong>: <strong data-start=\"2080\" data-end=\"2110\">Con\u00e7u pour une utilisation durable<\/strong> en <strong data-start=\"2114\" data-end=\"2153\">environnements professionnels exigeants<\/strong>.<\/p>\n<\/li>\n<li class=\"\" data-start=\"2157\" data-end=\"2262\">\n<p class=\"\" data-start=\"2159\" data-end=\"2262\"><strong data-start=\"2159\" data-end=\"2185\">Applications polyvalentes<\/strong>: Id\u00e9al pour <strong data-start=\"2197\" data-end=\"2214\">tournages en studio<\/strong>, <strong data-start=\"2216\" data-end=\"2235\">production de films<\/strong>et <strong data-start=\"2241\" data-end=\"2261\">contr\u00f4le de l'\u00e9clairage<\/strong>.<\/p>\n<\/li>\n<\/ul>\n<h3 class=\"\" data-start=\"2264\" data-end=\"2286\"><strong data-start=\"2268\" data-end=\"2286\">Sp\u00e9cifications<\/strong><\/h3>\n<ul data-start=\"2288\" data-end=\"2509\">\n<li class=\"\" data-start=\"2288\" data-end=\"2333\">\n<p class=\"\" data-start=\"2290\" data-end=\"2333\"><strong data-start=\"2290\" data-end=\"2302\">Mat\u00e9riau<\/strong>: Soie de diffusion de haute qualit\u00e9<\/p>\n<\/li>\n<li class=\"\" data-start=\"2334\" data-end=\"2366\">\n<p class=\"\" data-start=\"2336\" data-end=\"2366\"><strong data-start=\"2336\" data-end=\"2344\">Taille<\/strong>6.0\u00d76.0m (20'x20')<\/p>\n<\/li>\n<li class=\"\" data-start=\"2367\" data-end=\"2413\">\n<p class=\"\" data-start=\"2369\" data-end=\"2413\"><strong data-start=\"2369\" data-end=\"2381\">Fonction<\/strong>: Grille compl\u00e8te 1\/1 Soie de diffusion<\/p>\n<\/li>\n<li class=\"\" data-start=\"2414\" data-end=\"2509\">\n<p class=\"\" data-start=\"2416\" data-end=\"2509\"><strong data-start=\"2416\" data-end=\"2432\">Applications<\/strong>: <strong data-start=\"2434\" data-end=\"2449\">Photographie<\/strong>, <strong data-start=\"2451\" data-end=\"2466\">vid\u00e9ographie<\/strong>, <strong data-start=\"2468\" data-end=\"2487\">production de films<\/strong>, <strong data-start=\"2489\" data-end=\"2509\">contr\u00f4le de l'\u00e9clairage<\/strong><\/p>\n<\/li>\n<\/ul>\n<p class=\"\" data-start=\"2511\" data-end=\"2804\">Le tissu Full Grid 1\/1 Diffusion Silk White (6,0\u00d76,0m) est un outil essentiel pour les photographes et les directeurs de la photographie qui ont besoin d'un contr\u00f4le pr\u00e9cis de la lumi\u00e8re. Qu'il s'agisse d'adoucir la lumi\u00e8re ou de cr\u00e9er une diffusion lisse et uniforme, ce tissu offre des r\u00e9sultats fiables pour chaque prise de vue.<\/p>\n<p>Louez-le maintenant sur <a href=\"https:\/\/www.cinesouk.ma\/fr\">CINESOUK<\/a> - une marque de <a href=\"https:\/\/www.broadway.ma\/\">BROADWAY PRODUCTIONS SARL.<\/a><\/p>","protected":false},"excerpt":{"rendered":"<p><strong>Sp\u00e9cifications<\/strong><\/p>\n<ul>\n<li class=\"\" data-start=\"2288\" data-end=\"2333\">\n<p class=\"\" data-start=\"2290\" data-end=\"2333\"><strong data-start=\"2290\" data-end=\"2302\">Mat\u00e9riau<\/strong>: Soie de diffusion de haute qualit\u00e9<\/p>\n<\/li>\n<li class=\"\" data-start=\"2334\" data-end=\"2366\">\n<p class=\"\" data-start=\"2336\" data-end=\"2366\"><strong data-start=\"2336\" data-end=\"2344\">Taille<\/strong>6.0\u00d76.0m (20'x20')<\/p>\n<\/li>\n<li class=\"\" data-start=\"2367\" data-end=\"2413\">\n<p class=\"\" data-start=\"2369\" data-end=\"2413\"><strong data-start=\"2369\" data-end=\"2381\">Fonction<\/strong>: Grille compl\u00e8te 1\/1 Soie de diffusion<\/p>\n<\/li>\n<li class=\"\" data-start=\"2414\" data-end=\"2509\">\n<p class=\"\" data-start=\"2416\" data-end=\"2509\"><strong data-start=\"2416\" data-end=\"2432\">Applications<\/strong>: <strong data-start=\"2434\" data-end=\"2449\">Photographie<\/strong>, <strong data-start=\"2451\" data-end=\"2466\">vid\u00e9ographie<\/strong>, <strong data-start=\"2468\" data-end=\"2487\">production de films<\/strong>, <strong data-start=\"2489\" data-end=\"2509\">contr\u00f4le de l'\u00e9clairage<\/strong><\/p>\n<\/li>\n<\/ul>","protected":false},"featured_media":11875,"template":"","meta":{"om_disable_all_campaigns":false,"_monsterinsights_skip_tracking":false,"_monsterinsights_sitenote_active":false,"_monsterinsights_sitenote_note":"","_monsterinsights_sitenote_category":0,"_uf_show_specific_survey":0,"_uf_disable_surveys":false},"product_brand":[],"product_cat":[91],"product_tag":[],"class_list":{"0":"post-11994","1":"product","2":"type-product","3":"status-publish","4":"has-post-thumbnail","6":"product_cat-fabrics-and-bounces-cinesouk","8":"entry","9":"has-media","11":"first","12":"instock","13":"taxable","14":"shipping-taxable","15":"purchasable","16":"product-type-variable","17":"has-product-nav","18":"col","19":"span_1_of_3","20":"owp-content-center","21":"owp-thumbs-layout-horizontal","22":"owp-btn-normal","23":"owp-tabs-layout-horizontal","24":"has-no-thumbnails"},"yoast_head":"<!-- This site is optimized with the Yoast SEO Premium plugin v26.0 (Yoast SEO v26.0) - https:\/\/yoast.com\/wordpress\/plugins\/seo\/ -->\n<title>Full Grid 1\/1 Cloth Diffusion Silk White - 6,0x6,0m (20\u2019x20\u2019) - CineSouk - For rent<\/title>\n<meta name=\"description\" content=\"Full Grid 1\/1 Cloth Diffusion Silk White \u2013 6.0x6.0m (20\u2019x20\u2019) for soft light diffusion and even distribution in photography and videography.\" \/>\n<meta name=\"robots\" content=\"index, follow, max-snippet:-1, max-image-preview:large, max-video-preview:-1\" \/>\n<link rel=\"canonical\" href=\"https:\/\/www.cinesouk.ma\/fr\/produit\/full-grid-1-1-cloth-diffusion-silk-white-60x60m-20x20\/\" \/>\n<meta property=\"og:locale\" content=\"fr_FR\" \/>\n<meta property=\"og:type\" content=\"article\" \/>\n<meta property=\"og:title\" content=\"Full Grid 1\/1 Cloth Diffusion Silk White - 6,0x6,0m (20\u2019x20\u2019)\" \/>\n<meta property=\"og:description\" content=\"Full Grid 1\/1 Cloth Diffusion Silk White \u2013 6.0x6.0m (20\u2019x20\u2019) for soft light diffusion and even distribution in photography and videography.\" \/>\n<meta property=\"og:url\" content=\"https:\/\/www.cinesouk.ma\/fr\/produit\/full-grid-1-1-cloth-diffusion-silk-white-60x60m-20x20\/\" \/>\n<meta property=\"og:site_name\" content=\"CineSouk\" \/>\n<meta property=\"article:modified_time\" content=\"2026-02-05T13:19:11+00:00\" \/>\n<meta property=\"og:image\" content=\"https:\/\/www.cinesouk.ma\/wp-content\/uploads\/2025\/03\/full-grid-silk-cloth.jpg\" \/>\n\t<meta property=\"og:image:width\" content=\"300\" \/>\n\t<meta property=\"og:image:height\" content=\"238\" \/>\n\t<meta property=\"og:image:type\" content=\"image\/jpeg\" \/>\n<meta name=\"twitter:card\" content=\"summary_large_image\" \/>\n<meta name=\"twitter:description\" content=\"Full Grid 1\/1 Cloth Diffusion Silk White \u2013 6.0x6.0m (20\u2019x20\u2019) for soft light diffusion and even distribution in photography and videography.\" \/>\n<meta name=\"twitter:label1\" content=\"Dur\u00e9e de lecture estim\u00e9e\" \/>\n\t<meta name=\"twitter:data1\" content=\"2 minutes\" \/>\n<script type=\"application\/ld+json\" class=\"yoast-schema-graph\">{\"@context\":\"https:\/\/schema.org\",\"@graph\":[{\"@type\":\"WebPage\",\"@id\":\"https:\/\/www.cinesouk.ma\/product\/full-grid-1-1-cloth-diffusion-silk-white-60x60m-20x20\/\",\"url\":\"https:\/\/www.cinesouk.ma\/product\/full-grid-1-1-cloth-diffusion-silk-white-60x60m-20x20\/\",\"name\":\"Full Grid 1\/1 Cloth Diffusion Silk White - 6,0x6,0m (20\u2019x20\u2019) - CineSouk - For rent\",\"isPartOf\":{\"@id\":\"https:\/\/www.cinesouk.ma\/#website\"},\"primaryImageOfPage\":{\"@id\":\"https:\/\/www.cinesouk.ma\/product\/full-grid-1-1-cloth-diffusion-silk-white-60x60m-20x20\/#primaryimage\"},\"image\":{\"@id\":\"https:\/\/www.cinesouk.ma\/product\/full-grid-1-1-cloth-diffusion-silk-white-60x60m-20x20\/#primaryimage\"},\"thumbnailUrl\":\"https:\/\/www.cinesouk.ma\/wp-content\/uploads\/2025\/03\/full-grid-silk-cloth.jpg\",\"datePublished\":\"2025-04-08T12:27:53+00:00\",\"dateModified\":\"2026-02-05T13:19:11+00:00\",\"description\":\"Full Grid 1\/1 Cloth Diffusion Silk White \u2013 6.0x6.0m (20\u2019x20\u2019) for soft light diffusion and even distribution in photography and videography.\",\"breadcrumb\":{\"@id\":\"https:\/\/www.cinesouk.ma\/product\/full-grid-1-1-cloth-diffusion-silk-white-60x60m-20x20\/#breadcrumb\"},\"inLanguage\":\"fr-FR\",\"potentialAction\":[{\"@type\":\"ReadAction\",\"target\":[\"https:\/\/www.cinesouk.ma\/product\/full-grid-1-1-cloth-diffusion-silk-white-60x60m-20x20\/\"]}]},{\"@type\":\"ImageObject\",\"inLanguage\":\"fr-FR\",\"@id\":\"https:\/\/www.cinesouk.ma\/product\/full-grid-1-1-cloth-diffusion-silk-white-60x60m-20x20\/#primaryimage\",\"url\":\"https:\/\/www.cinesouk.ma\/wp-content\/uploads\/2025\/03\/full-grid-silk-cloth.jpg\",\"contentUrl\":\"https:\/\/www.cinesouk.ma\/wp-content\/uploads\/2025\/03\/full-grid-silk-cloth.jpg\",\"width\":300,\"height\":238,\"caption\":\"full grid silk cloth\"},{\"@type\":\"BreadcrumbList\",\"@id\":\"https:\/\/www.cinesouk.ma\/product\/full-grid-1-1-cloth-diffusion-silk-white-60x60m-20x20\/#breadcrumb\",\"itemListElement\":[{\"@type\":\"ListItem\",\"position\":1,\"name\":\"Home\",\"item\":\"https:\/\/www.cinesouk.ma\/\"},{\"@type\":\"ListItem\",\"position\":2,\"name\":\"Shop\",\"item\":\"https:\/\/www.cinesouk.ma\/shop\/\"},{\"@type\":\"ListItem\",\"position\":3,\"name\":\"Full Grid 1\/1 Cloth Diffusion Silk White &#8211; 6,0&#215;6,0m (20\u2019x20\u2019)\"}]},{\"@type\":\"WebSite\",\"@id\":\"https:\/\/www.cinesouk.ma\/#website\",\"url\":\"https:\/\/www.cinesouk.ma\/\",\"name\":\"CineSouk\",\"description\":\"\",\"publisher\":{\"@id\":\"https:\/\/www.cinesouk.ma\/#organization\"},\"potentialAction\":[{\"@type\":\"SearchAction\",\"target\":{\"@type\":\"EntryPoint\",\"urlTemplate\":\"https:\/\/www.cinesouk.ma\/?s={search_term_string}\"},\"query-input\":{\"@type\":\"PropertyValueSpecification\",\"valueRequired\":true,\"valueName\":\"search_term_string\"}}],\"inLanguage\":\"fr-FR\"},{\"@type\":\"Organization\",\"@id\":\"https:\/\/www.cinesouk.ma\/#organization\",\"name\":\"CineSouk\",\"url\":\"https:\/\/www.cinesouk.ma\/\",\"logo\":{\"@type\":\"ImageObject\",\"inLanguage\":\"fr-FR\",\"@id\":\"https:\/\/www.cinesouk.ma\/#\/schema\/logo\/image\/\",\"url\":\"https:\/\/www.cinesouk.ma\/wp-content\/uploads\/2024\/01\/CineSouk-logo-v01-alpha-alligned-left.png\",\"contentUrl\":\"https:\/\/www.cinesouk.ma\/wp-content\/uploads\/2024\/01\/CineSouk-logo-v01-alpha-alligned-left.png\",\"width\":3204,\"height\":889,\"caption\":\"CineSouk\"},\"image\":{\"@id\":\"https:\/\/www.cinesouk.ma\/#\/schema\/logo\/image\/\"}}]}<\/script>\n<!-- \/ Yoast SEO Premium plugin. -->","yoast_head_json":{"title":"Full Grid 1\/1 Cloth Diffusion Silk White - 6,0x6,0m (20\u2019x20\u2019) - CineSouk - For rent","description":"Full Grid 1\/1 Cloth Diffusion Silk White \u2013 6.0x6.0m (20\u2019x20\u2019) for soft light diffusion and even distribution in photography and videography.","robots":{"index":"index","follow":"follow","max-snippet":"max-snippet:-1","max-image-preview":"max-image-preview:large","max-video-preview":"max-video-preview:-1"},"canonical":"https:\/\/www.cinesouk.ma\/fr\/produit\/full-grid-1-1-cloth-diffusion-silk-white-60x60m-20x20\/","og_locale":"fr_FR","og_type":"article","og_title":"Full Grid 1\/1 Cloth Diffusion Silk White - 6,0x6,0m (20\u2019x20\u2019)","og_description":"Full Grid 1\/1 Cloth Diffusion Silk White \u2013 6.0x6.0m (20\u2019x20\u2019) for soft light diffusion and even distribution in photography and videography.","og_url":"https:\/\/www.cinesouk.ma\/fr\/produit\/full-grid-1-1-cloth-diffusion-silk-white-60x60m-20x20\/","og_site_name":"CineSouk","article_modified_time":"2026-02-05T13:19:11+00:00","og_image":[{"width":300,"height":238,"url":"https:\/\/www.cinesouk.ma\/wp-content\/uploads\/2025\/03\/full-grid-silk-cloth.jpg","type":"image\/jpeg"}],"twitter_card":"summary_large_image","twitter_description":"Full Grid 1\/1 Cloth Diffusion Silk White \u2013 6.0x6.0m (20\u2019x20\u2019) for soft light diffusion and even distribution in photography and videography.","twitter_misc":{"Dur\u00e9e de lecture estim\u00e9e":"2 minutes"},"schema":{"@context":"https:\/\/schema.org","@graph":[{"@type":"WebPage","@id":"https:\/\/www.cinesouk.ma\/product\/full-grid-1-1-cloth-diffusion-silk-white-60x60m-20x20\/","url":"https:\/\/www.cinesouk.ma\/product\/full-grid-1-1-cloth-diffusion-silk-white-60x60m-20x20\/","name":"Full Grid 1\/1 Cloth Diffusion Silk White - 6,0x6,0m (20\u2019x20\u2019) - CineSouk - For rent","isPartOf":{"@id":"https:\/\/www.cinesouk.ma\/#website"},"primaryImageOfPage":{"@id":"https:\/\/www.cinesouk.ma\/product\/full-grid-1-1-cloth-diffusion-silk-white-60x60m-20x20\/#primaryimage"},"image":{"@id":"https:\/\/www.cinesouk.ma\/product\/full-grid-1-1-cloth-diffusion-silk-white-60x60m-20x20\/#primaryimage"},"thumbnailUrl":"https:\/\/www.cinesouk.ma\/wp-content\/uploads\/2025\/03\/full-grid-silk-cloth.jpg","datePublished":"2025-04-08T12:27:53+00:00","dateModified":"2026-02-05T13:19:11+00:00","description":"Full Grid 1\/1 Cloth Diffusion Silk White \u2013 6.0x6.0m (20\u2019x20\u2019) for soft light diffusion and even distribution in photography and videography.","breadcrumb":{"@id":"https:\/\/www.cinesouk.ma\/product\/full-grid-1-1-cloth-diffusion-silk-white-60x60m-20x20\/#breadcrumb"},"inLanguage":"fr-FR","potentialAction":[{"@type":"ReadAction","target":["https:\/\/www.cinesouk.ma\/product\/full-grid-1-1-cloth-diffusion-silk-white-60x60m-20x20\/"]}]},{"@type":"ImageObject","inLanguage":"fr-FR","@id":"https:\/\/www.cinesouk.ma\/product\/full-grid-1-1-cloth-diffusion-silk-white-60x60m-20x20\/#primaryimage","url":"https:\/\/www.cinesouk.ma\/wp-content\/uploads\/2025\/03\/full-grid-silk-cloth.jpg","contentUrl":"https:\/\/www.cinesouk.ma\/wp-content\/uploads\/2025\/03\/full-grid-silk-cloth.jpg","width":300,"height":238,"caption":"full grid silk cloth"},{"@type":"BreadcrumbList","@id":"https:\/\/www.cinesouk.ma\/product\/full-grid-1-1-cloth-diffusion-silk-white-60x60m-20x20\/#breadcrumb","itemListElement":[{"@type":"ListItem","position":1,"name":"Home","item":"https:\/\/www.cinesouk.ma\/"},{"@type":"ListItem","position":2,"name":"Shop","item":"https:\/\/www.cinesouk.ma\/shop\/"},{"@type":"ListItem","position":3,"name":"Full Grid 1\/1 Cloth Diffusion Silk White &#8211; 6,0&#215;6,0m (20\u2019x20\u2019)"}]},{"@type":"WebSite","@id":"https:\/\/www.cinesouk.ma\/#website","url":"https:\/\/www.cinesouk.ma\/","name":"CineSouk","description":"","publisher":{"@id":"https:\/\/www.cinesouk.ma\/#organization"},"potentialAction":[{"@type":"SearchAction","target":{"@type":"EntryPoint","urlTemplate":"https:\/\/www.cinesouk.ma\/?s={search_term_string}"},"query-input":{"@type":"PropertyValueSpecification","valueRequired":true,"valueName":"search_term_string"}}],"inLanguage":"fr-FR"},{"@type":"Organization","@id":"https:\/\/www.cinesouk.ma\/#organization","name":"CineSouk","url":"https:\/\/www.cinesouk.ma\/","logo":{"@type":"ImageObject","inLanguage":"fr-FR","@id":"https:\/\/www.cinesouk.ma\/#\/schema\/logo\/image\/","url":"https:\/\/www.cinesouk.ma\/wp-content\/uploads\/2024\/01\/CineSouk-logo-v01-alpha-alligned-left.png","contentUrl":"https:\/\/www.cinesouk.ma\/wp-content\/uploads\/2024\/01\/CineSouk-logo-v01-alpha-alligned-left.png","width":3204,"height":889,"caption":"CineSouk"},"image":{"@id":"https:\/\/www.cinesouk.ma\/#\/schema\/logo\/image\/"}}]}},"_links":{"self":[{"href":"https:\/\/www.cinesouk.ma\/fr\/wp-json\/wp\/v2\/product\/11994","targetHints":{"allow":["GET"]}}],"collection":[{"href":"https:\/\/www.cinesouk.ma\/fr\/wp-json\/wp\/v2\/product"}],"about":[{"href":"https:\/\/www.cinesouk.ma\/fr\/wp-json\/wp\/v2\/types\/product"}],"wp:featuredmedia":[{"embeddable":true,"href":"https:\/\/www.cinesouk.ma\/fr\/wp-json\/wp\/v2\/media\/11875"}],"wp:attachment":[{"href":"https:\/\/www.cinesouk.ma\/fr\/wp-json\/wp\/v2\/media?parent=11994"}],"wp:term":[{"taxonomy":"product_brand","embeddable":true,"href":"https:\/\/www.cinesouk.ma\/fr\/wp-json\/wp\/v2\/product_brand?post=11994"},{"taxonomy":"product_cat","embeddable":true,"href":"https:\/\/www.cinesouk.ma\/fr\/wp-json\/wp\/v2\/product_cat?post=11994"},{"taxonomy":"product_tag","embeddable":true,"href":"https:\/\/www.cinesouk.ma\/fr\/wp-json\/wp\/v2\/product_tag?post=11994"}],"curies":[{"name":"wp","href":"https:\/\/api.w.org\/{rel}","templated":true}]}}