{"id":12006,"date":"2025-04-08T12:38:06","date_gmt":"2025-04-08T12:38:06","guid":{"rendered":"https:\/\/www.cinesouk.ma\/?post_type=product&#038;p=12006"},"modified":"2026-02-05T13:18:45","modified_gmt":"2026-02-05T13:18:45","slug":"half-grid-1-2-cloth-diffusion-silk-white-60x60m-20x20","status":"publish","type":"product","link":"https:\/\/www.cinesouk.ma\/fr\/produit\/half-grid-1-2-cloth-diffusion-silk-white-60x60m-20x20\/","title":{"rendered":"Demi-grille 1\/2 toile de diffusion soie blanche - 6,0\u00d76,0m (20'x20')"},"content":{"rendered":"<p class=\"\" data-start=\"71\" data-end=\"458\">Le tissu de diffusion Half Grid 1\/2 Cloth Silk White (6,0\u00d76,0m) est un outil d'\u00e9clairage tr\u00e8s performant con\u00e7u pour les cin\u00e9astes et les photographes qui ont besoin d'adoucir la lumi\u00e8re tout en gardant le contr\u00f4le de l'intensit\u00e9. Avec sa grande taille de 6,0\u00d76,0m (20'x20'), ce tissu est parfait pour les grandes installations, les prises de vue de groupe et les sc\u00e8nes larges, tant en studio qu'en ext\u00e9rieur.<\/p>\n<p class=\"\" data-start=\"460\" data-end=\"860\">La soie de diffusion 1\/2 offre un niveau mod\u00e9r\u00e9 de diffusion de la lumi\u00e8re, adoucissant la lumi\u00e8re sans trop la r\u00e9duire. Elle permet d'\u00e9quilibrer les ombres et l'intensit\u00e9 de la lumi\u00e8re, pour un rendu naturel et flatteur. Elle est id\u00e9ale pour les portraits, les photos de produits et les productions cin\u00e9matographiques, car elle vous aide \u00e0 cr\u00e9er un \u00e9clairage coh\u00e9rent avec des transitions douces.<\/p>\n<p class=\"\" data-start=\"862\" data-end=\"1180\">Gr\u00e2ce \u00e0 sa l\u00e9g\u00e8ret\u00e9, ce tissu est facile \u00e0 manipuler, \u00e0 mettre en place et \u00e0 transporter, ce qui le rend id\u00e9al pour les tournages sur place ou les grandes productions en studio. La construction durable garantit une utilisation \u00e0 long terme dans des environnements professionnels, offrant des performances fiables \u00e0 chaque tournage.<\/p>\n<h3 class=\"\" data-start=\"1182\" data-end=\"1246\">Pourquoi choisir la demi-grille 1\/2 toile Diffusion Silk White ?<\/h3>\n<p class=\"\" data-start=\"1248\" data-end=\"1564\">Cette soie de diffusion est parfaite pour les directeurs de la photographie et les photographes qui souhaitent adoucir la lumi\u00e8re tout en gardant le contr\u00f4le des ombres et de l'exposition. Que vous tourniez en ext\u00e9rieur ou en studio, ce tissu offre des r\u00e9sultats coh\u00e9rents et une grande polyvalence pour r\u00e9pondre aux diff\u00e9rents besoins en mati\u00e8re d'\u00e9clairage.<\/p>\n<h3 class=\"\" data-start=\"1566\" data-end=\"1586\"><strong data-start=\"1570\" data-end=\"1586\">Caract\u00e9ristiques principales<\/strong><\/h3>\n<ul data-start=\"1588\" data-end=\"2300\">\n<li class=\"\" data-start=\"1588\" data-end=\"1708\">\n<p class=\"\" data-start=\"1590\" data-end=\"1708\"><strong data-start=\"1590\" data-end=\"1612\">1\/2 Soie de diffusion<\/strong>: Adoucit la lumi\u00e8re sans en r\u00e9duire l'intensit\u00e9 de mani\u00e8re significative, offrant ainsi une meilleure protection contre les effets n\u00e9fastes de la lumi\u00e8re. <strong data-start=\"1683\" data-end=\"1705\">diffusion \u00e9quilibr\u00e9e<\/strong>.<\/p>\n<\/li>\n<li class=\"\" data-start=\"1709\" data-end=\"1824\">\n<p class=\"\" data-start=\"1711\" data-end=\"1824\"><strong data-start=\"1711\" data-end=\"1725\">Grande taille<\/strong>: <strong data-start=\"1727\" data-end=\"1749\">6.0\u00d76.0m (20'x20')<\/strong>id\u00e9al pour <strong data-start=\"1761\" data-end=\"1776\">photos de groupe<\/strong>, <strong data-start=\"1778\" data-end=\"1799\">sc\u00e8nes grand angle<\/strong>et <strong data-start=\"1805\" data-end=\"1821\">grandes installations<\/strong>.<\/p>\n<\/li>\n<li class=\"\" data-start=\"1825\" data-end=\"1936\">\n<p class=\"\" data-start=\"1827\" data-end=\"1936\"><strong data-start=\"1827\" data-end=\"1854\">Distribution uniforme de la lumi\u00e8re<\/strong>: Contribue \u00e0 cr\u00e9er un <strong data-start=\"1871\" data-end=\"1900\">une lumi\u00e8re naturelle et flatteuse<\/strong> tout en maintenant <strong data-start=\"1919\" data-end=\"1933\">luminosit\u00e9<\/strong>.<\/p>\n<\/li>\n<li class=\"\" data-start=\"1937\" data-end=\"2056\">\n<p class=\"\" data-start=\"1939\" data-end=\"2056\"><strong data-start=\"1939\" data-end=\"1965\">L\u00e9ger et portable<\/strong>: <strong data-start=\"1967\" data-end=\"1985\">Facile \u00e0 mettre en place<\/strong>, <strong data-start=\"1987\" data-end=\"1997\">poign\u00e9e<\/strong>et <strong data-start=\"2003\" data-end=\"2016\">transport<\/strong> pour <strong data-start=\"2021\" data-end=\"2053\">les prises de vue sur place ou en studio<\/strong>.<\/p>\n<\/li>\n<li class=\"\" data-start=\"2057\" data-end=\"2165\">\n<p class=\"\" data-start=\"2059\" data-end=\"2165\"><strong data-start=\"2059\" data-end=\"2083\">Construction durable<\/strong>: Con\u00e7u pour <strong data-start=\"2098\" data-end=\"2118\">utilisation durable<\/strong> en <strong data-start=\"2122\" data-end=\"2162\">environnements de production professionnels<\/strong>.<\/p>\n<\/li>\n<li class=\"\" data-start=\"2166\" data-end=\"2300\">\n<p class=\"\" data-start=\"2168\" data-end=\"2300\"><strong data-start=\"2168\" data-end=\"2194\">Applications polyvalentes<\/strong>: Parfait pour <strong data-start=\"2208\" data-end=\"2232\">photographie de portrait<\/strong>, <strong data-start=\"2234\" data-end=\"2254\">production vid\u00e9o<\/strong>, <strong data-start=\"2256\" data-end=\"2273\">l'\u00e9clairage des films<\/strong>et <strong data-start=\"2279\" data-end=\"2299\">contr\u00f4le de l'\u00e9clairage<\/strong>.<\/p>\n<\/li>\n<\/ul>\n<h3 class=\"\" data-start=\"2302\" data-end=\"2324\"><strong data-start=\"2306\" data-end=\"2324\">Sp\u00e9cifications<\/strong><\/h3>\n<ul data-start=\"2326\" data-end=\"2525\">\n<li class=\"\" data-start=\"2326\" data-end=\"2371\">\n<p class=\"\" data-start=\"2328\" data-end=\"2371\"><strong data-start=\"2328\" data-end=\"2340\">Mat\u00e9riau<\/strong>: Soie de diffusion de haute qualit\u00e9<\/p>\n<\/li>\n<li class=\"\" data-start=\"2372\" data-end=\"2404\">\n<p class=\"\" data-start=\"2374\" data-end=\"2404\"><strong data-start=\"2374\" data-end=\"2382\">Taille<\/strong>6.0\u00d76.0m (20'x20')<\/p>\n<\/li>\n<li class=\"\" data-start=\"2405\" data-end=\"2451\">\n<p class=\"\" data-start=\"2407\" data-end=\"2451\"><strong data-start=\"2407\" data-end=\"2419\">Fonction<\/strong>: Demi-grille 1\/2 Diffusion Soie<\/p>\n<\/li>\n<li class=\"\" data-start=\"2452\" data-end=\"2525\">\n<p class=\"\" data-start=\"2454\" data-end=\"2525\"><strong data-start=\"2454\" data-end=\"2470\">Applications<\/strong>: <strong data-start=\"2472\" data-end=\"2487\">Photographie<\/strong>, <strong data-start=\"2489\" data-end=\"2504\">vid\u00e9ographie<\/strong>, <strong data-start=\"2506\" data-end=\"2525\">production de films<\/strong><\/p>\n<\/li>\n<\/ul>\n<p class=\"\" data-start=\"2527\" data-end=\"2830\">Le tissu de diffusion Half Grid 1\/2 Cloth Silk White (6,0\u00d76,0m) est un outil essentiel pour les photographes et les directeurs de la photographie \u00e0 la recherche d'une diffusion et d'un contr\u00f4le pr\u00e9cis de la lumi\u00e8re. Qu'il s'agisse d'adoucir la lumi\u00e8re ou d'\u00e9quilibrer les ombres, ce tissu garantit des r\u00e9sultats professionnels constants \u00e0 chaque prise de vue.<\/p>\n<p>Louez-le maintenant sur <a href=\"https:\/\/www.cinesouk.ma\/fr\">CINESOUK<\/a> - une marque de <a href=\"https:\/\/www.broadway.ma\/\">BROADWAY PRODUCTIONS SARL.<\/a><\/p>","protected":false},"excerpt":{"rendered":"<p><strong>Sp\u00e9cifications<\/strong><\/p>\n<ul>\n<li class=\"\" data-start=\"2326\" data-end=\"2371\">\n<p class=\"\" data-start=\"2328\" data-end=\"2371\"><strong data-start=\"2328\" data-end=\"2340\">Mat\u00e9riau<\/strong>: Soie de diffusion de haute qualit\u00e9<\/p>\n<\/li>\n<li class=\"\" data-start=\"2372\" data-end=\"2404\">\n<p class=\"\" data-start=\"2374\" data-end=\"2404\"><strong data-start=\"2374\" data-end=\"2382\">Taille<\/strong>6.0\u00d76.0m (20'x20')<\/p>\n<\/li>\n<li class=\"\" data-start=\"2405\" data-end=\"2451\">\n<p class=\"\" data-start=\"2407\" data-end=\"2451\"><strong data-start=\"2407\" data-end=\"2419\">Fonction<\/strong>: Demi-grille 1\/2 Diffusion Soie<\/p>\n<\/li>\n<li class=\"\" data-start=\"2452\" data-end=\"2525\">\n<p class=\"\" data-start=\"2454\" data-end=\"2525\"><strong data-start=\"2454\" data-end=\"2470\">Applications<\/strong>: <strong data-start=\"2472\" data-end=\"2487\">Photographie<\/strong>, <strong data-start=\"2489\" data-end=\"2504\">vid\u00e9ographie<\/strong>, <strong data-start=\"2506\" data-end=\"2525\">production de films<\/strong><\/p>\n<\/li>\n<\/ul>","protected":false},"featured_media":11874,"template":"","meta":{"om_disable_all_campaigns":false,"_monsterinsights_skip_tracking":false,"_monsterinsights_sitenote_active":false,"_monsterinsights_sitenote_note":"","_monsterinsights_sitenote_category":0,"_uf_show_specific_survey":0,"_uf_disable_surveys":false},"product_brand":[],"product_cat":[91],"product_tag":[],"class_list":{"0":"post-12006","1":"product","2":"type-product","3":"status-publish","4":"has-post-thumbnail","6":"product_cat-fabrics-and-bounces-cinesouk","8":"entry","9":"has-media","11":"first","12":"instock","13":"taxable","14":"shipping-taxable","15":"purchasable","16":"product-type-variable","17":"has-product-nav","18":"col","19":"span_1_of_3","20":"owp-content-center","21":"owp-thumbs-layout-horizontal","22":"owp-btn-normal","23":"owp-tabs-layout-horizontal","24":"has-no-thumbnails"},"yoast_head":"<!-- This site is optimized with the Yoast SEO Premium plugin v26.0 (Yoast SEO v26.0) - https:\/\/yoast.com\/wordpress\/plugins\/seo\/ -->\n<title>Half Grid 1\/2 Cloth Diffusion Silk White - 6,0x6,0m (20\u2019x20\u2019) - CineSouk - For rent<\/title>\n<meta name=\"description\" content=\"Half Grid 1\/2 Cloth Diffusion Silk White \u2013 6.0x6.0m (20\u2019x20\u2019) for balanced light diffusion and softening in photography and videography.\" \/>\n<meta name=\"robots\" content=\"index, follow, max-snippet:-1, max-image-preview:large, max-video-preview:-1\" \/>\n<link rel=\"canonical\" href=\"https:\/\/www.cinesouk.ma\/fr\/produit\/half-grid-1-2-cloth-diffusion-silk-white-60x60m-20x20\/\" \/>\n<meta property=\"og:locale\" content=\"fr_FR\" \/>\n<meta property=\"og:type\" content=\"article\" \/>\n<meta property=\"og:title\" content=\"Half Grid 1\/2 Cloth Diffusion Silk White - 6,0x6,0m (20\u2019x20\u2019)\" \/>\n<meta property=\"og:description\" content=\"Half Grid 1\/2 Cloth Diffusion Silk White \u2013 6.0x6.0m (20\u2019x20\u2019) for balanced light diffusion and softening in photography and videography.\" \/>\n<meta property=\"og:url\" content=\"https:\/\/www.cinesouk.ma\/fr\/produit\/half-grid-1-2-cloth-diffusion-silk-white-60x60m-20x20\/\" \/>\n<meta property=\"og:site_name\" content=\"CineSouk\" \/>\n<meta property=\"article:modified_time\" content=\"2026-02-05T13:18:45+00:00\" \/>\n<meta property=\"og:image\" content=\"https:\/\/www.cinesouk.ma\/wp-content\/uploads\/2025\/03\/half-grid-cloth.jpg\" \/>\n\t<meta property=\"og:image:width\" content=\"300\" \/>\n\t<meta property=\"og:image:height\" content=\"238\" \/>\n\t<meta property=\"og:image:type\" content=\"image\/jpeg\" \/>\n<meta name=\"twitter:card\" content=\"summary_large_image\" \/>\n<meta name=\"twitter:description\" content=\"Half Grid 1\/2 Cloth Diffusion Silk White \u2013 6.0x6.0m (20\u2019x20\u2019) for balanced light diffusion and softening in photography and videography.\" \/>\n<meta name=\"twitter:label1\" content=\"Dur\u00e9e de lecture estim\u00e9e\" \/>\n\t<meta name=\"twitter:data1\" content=\"2 minutes\" \/>\n<script type=\"application\/ld+json\" class=\"yoast-schema-graph\">{\"@context\":\"https:\/\/schema.org\",\"@graph\":[{\"@type\":\"WebPage\",\"@id\":\"https:\/\/www.cinesouk.ma\/product\/half-grid-1-2-cloth-diffusion-silk-white-60x60m-20x20\/\",\"url\":\"https:\/\/www.cinesouk.ma\/product\/half-grid-1-2-cloth-diffusion-silk-white-60x60m-20x20\/\",\"name\":\"Half Grid 1\/2 Cloth Diffusion Silk White - 6,0x6,0m (20\u2019x20\u2019) - CineSouk - For rent\",\"isPartOf\":{\"@id\":\"https:\/\/www.cinesouk.ma\/#website\"},\"primaryImageOfPage\":{\"@id\":\"https:\/\/www.cinesouk.ma\/product\/half-grid-1-2-cloth-diffusion-silk-white-60x60m-20x20\/#primaryimage\"},\"image\":{\"@id\":\"https:\/\/www.cinesouk.ma\/product\/half-grid-1-2-cloth-diffusion-silk-white-60x60m-20x20\/#primaryimage\"},\"thumbnailUrl\":\"https:\/\/www.cinesouk.ma\/wp-content\/uploads\/2025\/03\/half-grid-cloth.jpg\",\"datePublished\":\"2025-04-08T12:38:06+00:00\",\"dateModified\":\"2026-02-05T13:18:45+00:00\",\"description\":\"Half Grid 1\/2 Cloth Diffusion Silk White \u2013 6.0x6.0m (20\u2019x20\u2019) for balanced light diffusion and softening in photography and videography.\",\"breadcrumb\":{\"@id\":\"https:\/\/www.cinesouk.ma\/product\/half-grid-1-2-cloth-diffusion-silk-white-60x60m-20x20\/#breadcrumb\"},\"inLanguage\":\"fr-FR\",\"potentialAction\":[{\"@type\":\"ReadAction\",\"target\":[\"https:\/\/www.cinesouk.ma\/product\/half-grid-1-2-cloth-diffusion-silk-white-60x60m-20x20\/\"]}]},{\"@type\":\"ImageObject\",\"inLanguage\":\"fr-FR\",\"@id\":\"https:\/\/www.cinesouk.ma\/product\/half-grid-1-2-cloth-diffusion-silk-white-60x60m-20x20\/#primaryimage\",\"url\":\"https:\/\/www.cinesouk.ma\/wp-content\/uploads\/2025\/03\/half-grid-cloth.jpg\",\"contentUrl\":\"https:\/\/www.cinesouk.ma\/wp-content\/uploads\/2025\/03\/half-grid-cloth.jpg\",\"width\":300,\"height\":238,\"caption\":\"Quarter Grid 1\/4 Cloth Diffusion Silk White\"},{\"@type\":\"BreadcrumbList\",\"@id\":\"https:\/\/www.cinesouk.ma\/product\/half-grid-1-2-cloth-diffusion-silk-white-60x60m-20x20\/#breadcrumb\",\"itemListElement\":[{\"@type\":\"ListItem\",\"position\":1,\"name\":\"Home\",\"item\":\"https:\/\/www.cinesouk.ma\/\"},{\"@type\":\"ListItem\",\"position\":2,\"name\":\"Shop\",\"item\":\"https:\/\/www.cinesouk.ma\/shop\/\"},{\"@type\":\"ListItem\",\"position\":3,\"name\":\"Half Grid 1\/2 Cloth Diffusion Silk White &#8211; 6,0&#215;6,0m (20\u2019x20\u2019)\"}]},{\"@type\":\"WebSite\",\"@id\":\"https:\/\/www.cinesouk.ma\/#website\",\"url\":\"https:\/\/www.cinesouk.ma\/\",\"name\":\"CineSouk\",\"description\":\"\",\"publisher\":{\"@id\":\"https:\/\/www.cinesouk.ma\/#organization\"},\"potentialAction\":[{\"@type\":\"SearchAction\",\"target\":{\"@type\":\"EntryPoint\",\"urlTemplate\":\"https:\/\/www.cinesouk.ma\/?s={search_term_string}\"},\"query-input\":{\"@type\":\"PropertyValueSpecification\",\"valueRequired\":true,\"valueName\":\"search_term_string\"}}],\"inLanguage\":\"fr-FR\"},{\"@type\":\"Organization\",\"@id\":\"https:\/\/www.cinesouk.ma\/#organization\",\"name\":\"CineSouk\",\"url\":\"https:\/\/www.cinesouk.ma\/\",\"logo\":{\"@type\":\"ImageObject\",\"inLanguage\":\"fr-FR\",\"@id\":\"https:\/\/www.cinesouk.ma\/#\/schema\/logo\/image\/\",\"url\":\"https:\/\/www.cinesouk.ma\/wp-content\/uploads\/2024\/01\/CineSouk-logo-v01-alpha-alligned-left.png\",\"contentUrl\":\"https:\/\/www.cinesouk.ma\/wp-content\/uploads\/2024\/01\/CineSouk-logo-v01-alpha-alligned-left.png\",\"width\":3204,\"height\":889,\"caption\":\"CineSouk\"},\"image\":{\"@id\":\"https:\/\/www.cinesouk.ma\/#\/schema\/logo\/image\/\"}}]}<\/script>\n<!-- \/ Yoast SEO Premium plugin. -->","yoast_head_json":{"title":"Half Grid 1\/2 Cloth Diffusion Silk White - 6,0x6,0m (20\u2019x20\u2019) - CineSouk - For rent","description":"Half Grid 1\/2 Cloth Diffusion Silk White \u2013 6.0x6.0m (20\u2019x20\u2019) for balanced light diffusion and softening in photography and videography.","robots":{"index":"index","follow":"follow","max-snippet":"max-snippet:-1","max-image-preview":"max-image-preview:large","max-video-preview":"max-video-preview:-1"},"canonical":"https:\/\/www.cinesouk.ma\/fr\/produit\/half-grid-1-2-cloth-diffusion-silk-white-60x60m-20x20\/","og_locale":"fr_FR","og_type":"article","og_title":"Half Grid 1\/2 Cloth Diffusion Silk White - 6,0x6,0m (20\u2019x20\u2019)","og_description":"Half Grid 1\/2 Cloth Diffusion Silk White \u2013 6.0x6.0m (20\u2019x20\u2019) for balanced light diffusion and softening in photography and videography.","og_url":"https:\/\/www.cinesouk.ma\/fr\/produit\/half-grid-1-2-cloth-diffusion-silk-white-60x60m-20x20\/","og_site_name":"CineSouk","article_modified_time":"2026-02-05T13:18:45+00:00","og_image":[{"width":300,"height":238,"url":"https:\/\/www.cinesouk.ma\/wp-content\/uploads\/2025\/03\/half-grid-cloth.jpg","type":"image\/jpeg"}],"twitter_card":"summary_large_image","twitter_description":"Half Grid 1\/2 Cloth Diffusion Silk White \u2013 6.0x6.0m (20\u2019x20\u2019) for balanced light diffusion and softening in photography and videography.","twitter_misc":{"Dur\u00e9e de lecture estim\u00e9e":"2 minutes"},"schema":{"@context":"https:\/\/schema.org","@graph":[{"@type":"WebPage","@id":"https:\/\/www.cinesouk.ma\/product\/half-grid-1-2-cloth-diffusion-silk-white-60x60m-20x20\/","url":"https:\/\/www.cinesouk.ma\/product\/half-grid-1-2-cloth-diffusion-silk-white-60x60m-20x20\/","name":"Half Grid 1\/2 Cloth Diffusion Silk White - 6,0x6,0m (20\u2019x20\u2019) - CineSouk - For rent","isPartOf":{"@id":"https:\/\/www.cinesouk.ma\/#website"},"primaryImageOfPage":{"@id":"https:\/\/www.cinesouk.ma\/product\/half-grid-1-2-cloth-diffusion-silk-white-60x60m-20x20\/#primaryimage"},"image":{"@id":"https:\/\/www.cinesouk.ma\/product\/half-grid-1-2-cloth-diffusion-silk-white-60x60m-20x20\/#primaryimage"},"thumbnailUrl":"https:\/\/www.cinesouk.ma\/wp-content\/uploads\/2025\/03\/half-grid-cloth.jpg","datePublished":"2025-04-08T12:38:06+00:00","dateModified":"2026-02-05T13:18:45+00:00","description":"Half Grid 1\/2 Cloth Diffusion Silk White \u2013 6.0x6.0m (20\u2019x20\u2019) for balanced light diffusion and softening in photography and videography.","breadcrumb":{"@id":"https:\/\/www.cinesouk.ma\/product\/half-grid-1-2-cloth-diffusion-silk-white-60x60m-20x20\/#breadcrumb"},"inLanguage":"fr-FR","potentialAction":[{"@type":"ReadAction","target":["https:\/\/www.cinesouk.ma\/product\/half-grid-1-2-cloth-diffusion-silk-white-60x60m-20x20\/"]}]},{"@type":"ImageObject","inLanguage":"fr-FR","@id":"https:\/\/www.cinesouk.ma\/product\/half-grid-1-2-cloth-diffusion-silk-white-60x60m-20x20\/#primaryimage","url":"https:\/\/www.cinesouk.ma\/wp-content\/uploads\/2025\/03\/half-grid-cloth.jpg","contentUrl":"https:\/\/www.cinesouk.ma\/wp-content\/uploads\/2025\/03\/half-grid-cloth.jpg","width":300,"height":238,"caption":"Quarter Grid 1\/4 Cloth Diffusion Silk White"},{"@type":"BreadcrumbList","@id":"https:\/\/www.cinesouk.ma\/product\/half-grid-1-2-cloth-diffusion-silk-white-60x60m-20x20\/#breadcrumb","itemListElement":[{"@type":"ListItem","position":1,"name":"Home","item":"https:\/\/www.cinesouk.ma\/"},{"@type":"ListItem","position":2,"name":"Shop","item":"https:\/\/www.cinesouk.ma\/shop\/"},{"@type":"ListItem","position":3,"name":"Half Grid 1\/2 Cloth Diffusion Silk White &#8211; 6,0&#215;6,0m (20\u2019x20\u2019)"}]},{"@type":"WebSite","@id":"https:\/\/www.cinesouk.ma\/#website","url":"https:\/\/www.cinesouk.ma\/","name":"CineSouk","description":"","publisher":{"@id":"https:\/\/www.cinesouk.ma\/#organization"},"potentialAction":[{"@type":"SearchAction","target":{"@type":"EntryPoint","urlTemplate":"https:\/\/www.cinesouk.ma\/?s={search_term_string}"},"query-input":{"@type":"PropertyValueSpecification","valueRequired":true,"valueName":"search_term_string"}}],"inLanguage":"fr-FR"},{"@type":"Organization","@id":"https:\/\/www.cinesouk.ma\/#organization","name":"CineSouk","url":"https:\/\/www.cinesouk.ma\/","logo":{"@type":"ImageObject","inLanguage":"fr-FR","@id":"https:\/\/www.cinesouk.ma\/#\/schema\/logo\/image\/","url":"https:\/\/www.cinesouk.ma\/wp-content\/uploads\/2024\/01\/CineSouk-logo-v01-alpha-alligned-left.png","contentUrl":"https:\/\/www.cinesouk.ma\/wp-content\/uploads\/2024\/01\/CineSouk-logo-v01-alpha-alligned-left.png","width":3204,"height":889,"caption":"CineSouk"},"image":{"@id":"https:\/\/www.cinesouk.ma\/#\/schema\/logo\/image\/"}}]}},"_links":{"self":[{"href":"https:\/\/www.cinesouk.ma\/fr\/wp-json\/wp\/v2\/product\/12006","targetHints":{"allow":["GET"]}}],"collection":[{"href":"https:\/\/www.cinesouk.ma\/fr\/wp-json\/wp\/v2\/product"}],"about":[{"href":"https:\/\/www.cinesouk.ma\/fr\/wp-json\/wp\/v2\/types\/product"}],"wp:featuredmedia":[{"embeddable":true,"href":"https:\/\/www.cinesouk.ma\/fr\/wp-json\/wp\/v2\/media\/11874"}],"wp:attachment":[{"href":"https:\/\/www.cinesouk.ma\/fr\/wp-json\/wp\/v2\/media?parent=12006"}],"wp:term":[{"taxonomy":"product_brand","embeddable":true,"href":"https:\/\/www.cinesouk.ma\/fr\/wp-json\/wp\/v2\/product_brand?post=12006"},{"taxonomy":"product_cat","embeddable":true,"href":"https:\/\/www.cinesouk.ma\/fr\/wp-json\/wp\/v2\/product_cat?post=12006"},{"taxonomy":"product_tag","embeddable":true,"href":"https:\/\/www.cinesouk.ma\/fr\/wp-json\/wp\/v2\/product_tag?post=12006"}],"curies":[{"name":"wp","href":"https:\/\/api.w.org\/{rel}","templated":true}]}}