{"id":12029,"date":"2024-03-24T14:05:36","date_gmt":"2024-03-24T14:05:36","guid":{"rendered":"https:\/\/www.cinesouk.ma\/?post_type=product&#038;p=12029"},"modified":"2025-08-26T12:42:49","modified_gmt":"2025-08-26T12:42:49","slug":"manfrotto-039-u-hooks-40mm-j-hook-16mm-5-8","status":"publish","type":"product","link":"https:\/\/www.cinesouk.ma\/fr\/produit\/manfrotto-039-u-hooks-40mm-j-hook-16mm-5-8\/","title":{"rendered":"Manfrotto 039 U-Hooks 40mm \/ J Hook \/ Compatible avec 16mm TV-Spigot (5\/8\")"},"content":{"rendered":"<p class=\"\" data-start=\"387\" data-end=\"693\">Les crochets en U Manfrotto 039 sont des crochets en J solides et durables con\u00e7us pour suspendre en toute s\u00e9curit\u00e9 les modificateurs d'\u00e9clairage, les toiles de fond et divers \u00e9quipements. Chaque crochet mesure 40 mm et est con\u00e7u pour s'adapter \u00e0 l'embout TV standard de 16 mm (5\/8\"), ce qui garantit une compatibilit\u00e9 fiable avec la plupart des supports d'\u00e9clairage professionnels et du mat\u00e9riel de pr\u00e9hension.<\/p>\n<p class=\"\" data-start=\"695\" data-end=\"832\">Que vous travailliez en studio ou sur le terrain, ces crochets constituent une solution pratique pour fixer ou organiser rapidement votre mat\u00e9riel.<\/p>\n<p class=\"\" data-start=\"834\" data-end=\"875\"><strong data-start=\"834\" data-end=\"875\">Pourquoi choisir les crochets en U Manfrotto 039 ?<\/strong><\/p>\n<p class=\"\" data-start=\"877\" data-end=\"1139\">Con\u00e7us pour les photographes, les cin\u00e9astes et les cr\u00e9ateurs de contenu, ces crochets en U offrent un moyen fiable et flexible de fixer des accessoires. Leur construction robuste prend en charge une gamme de tailles et de poids d'\u00e9quipement, ce qui les rend id\u00e9aux pour les installations compactes et \u00e9tendues.<\/p>\n<h3 data-start=\"1141\" data-end=\"1157\"><strong data-start=\"1141\" data-end=\"1157\">Caract\u00e9ristiques principales des crochets en U Manfrotto 039 :<\/strong><\/h3>\n<ul data-start=\"1159\" data-end=\"1591\">\n<li class=\"\" data-start=\"1159\" data-end=\"1249\">\n<p class=\"\" data-start=\"1161\" data-end=\"1249\"><strong data-start=\"1161\" data-end=\"1176\">Crochet en J de 40 mm<\/strong>: Id\u00e9al pour suspendre des modificateurs d'\u00e9clairage, des drapeaux, des toiles de fond ou des c\u00e2bles.<\/p>\n<\/li>\n<li class=\"\" data-start=\"1250\" data-end=\"1357\">\n<p class=\"\" data-start=\"1252\" data-end=\"1357\"><strong data-start=\"1252\" data-end=\"1293\">Compatible avec le TV-Spigot 16mm (5\/8\")<\/strong>: Se fixe en toute s\u00e9curit\u00e9 sur les supports d'\u00e9clairage et les syst\u00e8mes de pr\u00e9hension standard.<\/p>\n<\/li>\n<li class=\"\" data-start=\"1358\" data-end=\"1446\">\n<p class=\"\" data-start=\"1360\" data-end=\"1446\"><strong data-start=\"1360\" data-end=\"1377\">Construction durable<\/strong>: Construit pour une utilisation quotidienne dans des environnements de production \u00e0 forte demande.<\/p>\n<\/li>\n<li class=\"\" data-start=\"1447\" data-end=\"1516\">\n<p class=\"\" data-start=\"1449\" data-end=\"1516\"><strong data-start=\"1449\" data-end=\"1474\">Compact et l\u00e9ger<\/strong>: Facile \u00e0 emballer, \u00e0 transporter et \u00e0 monter sur le plateau.<\/p>\n<\/li>\n<li class=\"\" data-start=\"1517\" data-end=\"1591\">\n<p class=\"\" data-start=\"1519\" data-end=\"1591\"><strong data-start=\"1519\" data-end=\"1533\">Mise en place rapide<\/strong>: La conception \u00e0 glissi\u00e8re permet une fixation rapide et stable.<\/p>\n<\/li>\n<\/ul>\n<h3 data-start=\"1593\" data-end=\"1611\"><strong data-start=\"1593\" data-end=\"1611\">Sp\u00e9cifications :<\/strong><\/h3>\n<ul data-start=\"1613\" data-end=\"1836\">\n<li class=\"\" data-start=\"1613\" data-end=\"1638\">\n<p class=\"\" data-start=\"1615\" data-end=\"1638\"><strong data-start=\"1615\" data-end=\"1628\">Type de crochet<\/strong>: Crochet en J<\/p>\n<\/li>\n<li class=\"\" data-start=\"1639\" data-end=\"1687\">\n<p class=\"\" data-start=\"1641\" data-end=\"1687\"><strong data-start=\"1641\" data-end=\"1662\">Compatibilit\u00e9 des tiges<\/strong>: 16mm TV-spigot (5\/8\")<\/p>\n<\/li>\n<li class=\"\" data-start=\"1688\" data-end=\"1737\">\n<p class=\"\" data-start=\"1690\" data-end=\"1737\"><strong data-start=\"1690\" data-end=\"1702\">Mat\u00e9riau<\/strong>: Construction m\u00e9tallique de haute qualit\u00e9<\/p>\n<\/li>\n<li class=\"\" data-start=\"1738\" data-end=\"1761\">\n<p class=\"\" data-start=\"1740\" data-end=\"1761\"><strong data-start=\"1740\" data-end=\"1753\">Taille du crochet<\/strong>: 40mm<\/p>\n<\/li>\n<li class=\"\" data-start=\"1762\" data-end=\"1836\">\n<p class=\"\" data-start=\"1764\" data-end=\"1836\"><strong data-start=\"1764\" data-end=\"1780\">Applications<\/strong>: Mise en place de l'\u00e9clairage, accrochage de la toile de fond, organisation du mat\u00e9riel<\/p>\n<\/li>\n<\/ul>\n<p class=\"\" data-start=\"1838\" data-end=\"2011\">Les crochets en U Manfrotto 039 rendent la gestion du mat\u00e9riel sur le plateau plus rapide et plus efficace. Compatibles avec tous les points d'attache TV standard de 16 mm, ils constituent un compl\u00e9ment essentiel \u00e0 tout kit de prise de vues.<\/p>\n<p class=\"\" data-start=\"2013\" data-end=\"2080\"><strong data-start=\"2013\" data-end=\"2080\">Louez-le maintenant \u00e0 CINESOUK - une marque de BROADWAY PRODUCTIONS SARL.<\/strong><\/p>","protected":false},"excerpt":{"rendered":"<p><strong>Sp\u00e9cifications<\/strong><\/p>\n<ul>\n<li class=\"\" data-start=\"1613\" data-end=\"1638\">\n<p class=\"\" data-start=\"1615\" data-end=\"1638\"><strong data-start=\"1615\" data-end=\"1628\">Type de crochet<\/strong>: Crochet en J<\/p>\n<\/li>\n<li class=\"\" data-start=\"1639\" data-end=\"1687\">\n<p class=\"\" data-start=\"1641\" data-end=\"1687\"><strong data-start=\"1641\" data-end=\"1662\">Compatibilit\u00e9 des tiges<\/strong>: 16mm TV-spigot (5\/8\")<\/p>\n<\/li>\n<li class=\"\" data-start=\"1688\" data-end=\"1737\">\n<p class=\"\" data-start=\"1690\" data-end=\"1737\"><strong data-start=\"1690\" data-end=\"1702\">Mat\u00e9riau<\/strong>: Construction m\u00e9tallique de haute qualit\u00e9<\/p>\n<\/li>\n<li class=\"\" data-start=\"1738\" data-end=\"1761\">\n<p class=\"\" data-start=\"1740\" data-end=\"1761\"><strong data-start=\"1740\" data-end=\"1753\">Taille du crochet<\/strong>: 40mm<\/p>\n<\/li>\n<li class=\"\" data-start=\"1762\" data-end=\"1836\">\n<p class=\"\" data-start=\"1764\" data-end=\"1836\"><strong data-start=\"1764\" data-end=\"1780\">Applications<\/strong>: Mise en place de l'\u00e9clairage, accrochage de la toile de fond, organisation du mat\u00e9riel<\/p>\n<\/li>\n<\/ul>","protected":false},"featured_media":12067,"template":"","meta":{"om_disable_all_campaigns":false,"_monsterinsights_skip_tracking":false,"_monsterinsights_sitenote_active":false,"_monsterinsights_sitenote_note":"","_monsterinsights_sitenote_category":0,"_uf_show_specific_survey":0,"_uf_disable_surveys":false},"product_brand":[],"product_cat":[37,38],"product_tag":[],"class_list":{"0":"post-12029","1":"product","2":"type-product","3":"status-publish","4":"has-post-thumbnail","6":"product_cat-accessories-cinesouk","7":"product_cat-grip-cinesouk","9":"entry","10":"has-media","12":"first","13":"instock","14":"taxable","15":"shipping-taxable","16":"purchasable","17":"product-type-variable","18":"has-product-nav","19":"col","20":"span_1_of_3","21":"owp-content-center","22":"owp-thumbs-layout-horizontal","23":"owp-btn-normal","24":"owp-tabs-layout-horizontal","25":"has-no-thumbnails"},"yoast_head":"<!-- This site is optimized with the Yoast SEO Premium plugin v26.0 (Yoast SEO v26.0) - https:\/\/yoast.com\/wordpress\/plugins\/seo\/ -->\n<title>Manfrotto 039 U-Hooks \u2013 40mm J-Hook for 16mm TV-Spigot (5\/8\u201d)<\/title>\n<meta name=\"description\" content=\"Manfrotto 039 U-Hooks 40mm \/ J Hook \/ 16mm (5\/8\u201d) for secure hanging of lighting modifiers, backdrops, and accessories in professional setups.\" \/>\n<meta name=\"robots\" content=\"index, follow, max-snippet:-1, max-image-preview:large, max-video-preview:-1\" \/>\n<link rel=\"canonical\" href=\"https:\/\/www.cinesouk.ma\/fr\/produit\/manfrotto-039-u-hooks-40mm-j-hook-16mm-5-8\/\" \/>\n<meta property=\"og:locale\" content=\"fr_FR\" \/>\n<meta property=\"og:type\" content=\"article\" \/>\n<meta property=\"og:title\" content=\"Manfrotto 039 U-Hooks 40mm \/ J Hook \/ Compatible with 16mm TV-Spigot (5\/8\u201d)\" \/>\n<meta property=\"og:description\" content=\"Manfrotto 039 U-Hooks 40mm \/ J Hook \/ 16mm (5\/8\u201d) for secure hanging of lighting modifiers, backdrops, and accessories in professional setups.\" \/>\n<meta property=\"og:url\" content=\"https:\/\/www.cinesouk.ma\/fr\/produit\/manfrotto-039-u-hooks-40mm-j-hook-16mm-5-8\/\" \/>\n<meta property=\"og:site_name\" content=\"CineSouk\" \/>\n<meta property=\"article:modified_time\" content=\"2025-08-26T12:42:49+00:00\" \/>\n<meta property=\"og:image\" content=\"https:\/\/www.cinesouk.ma\/wp-content\/uploads\/2025\/03\/Manfrotto-039-U-Hooks-40mm-J-hook-16mm-58.jpg\" \/>\n\t<meta property=\"og:image:width\" content=\"300\" \/>\n\t<meta property=\"og:image:height\" content=\"238\" \/>\n\t<meta property=\"og:image:type\" content=\"image\/jpeg\" \/>\n<meta name=\"twitter:card\" content=\"summary_large_image\" \/>\n<meta name=\"twitter:description\" content=\"Manfrotto 039 U-Hooks 40mm \/ J Hook \/ 16mm (5\/8\u201d) for secure hanging of lighting modifiers, backdrops, and accessories in professional setups.\" \/>\n<meta name=\"twitter:label1\" content=\"Dur\u00e9e de lecture estim\u00e9e\" \/>\n\t<meta name=\"twitter:data1\" content=\"2 minutes\" \/>\n<script type=\"application\/ld+json\" class=\"yoast-schema-graph\">{\"@context\":\"https:\/\/schema.org\",\"@graph\":[{\"@type\":\"WebPage\",\"@id\":\"https:\/\/www.cinesouk.ma\/product\/manfrotto-039-u-hooks-40mm-j-hook-16mm-5-8\/\",\"url\":\"https:\/\/www.cinesouk.ma\/product\/manfrotto-039-u-hooks-40mm-j-hook-16mm-5-8\/\",\"name\":\"Manfrotto 039 U-Hooks \u2013 40mm J-Hook for 16mm TV-Spigot (5\/8\u201d)\",\"isPartOf\":{\"@id\":\"https:\/\/www.cinesouk.ma\/#website\"},\"primaryImageOfPage\":{\"@id\":\"https:\/\/www.cinesouk.ma\/product\/manfrotto-039-u-hooks-40mm-j-hook-16mm-5-8\/#primaryimage\"},\"image\":{\"@id\":\"https:\/\/www.cinesouk.ma\/product\/manfrotto-039-u-hooks-40mm-j-hook-16mm-5-8\/#primaryimage\"},\"thumbnailUrl\":\"https:\/\/www.cinesouk.ma\/wp-content\/uploads\/2025\/03\/Manfrotto-039-U-Hooks-40mm-J-hook-16mm-58.jpg\",\"datePublished\":\"2024-03-24T14:05:36+00:00\",\"dateModified\":\"2025-08-26T12:42:49+00:00\",\"description\":\"Manfrotto 039 U-Hooks 40mm \/ J Hook \/ 16mm (5\/8\u201d) for secure hanging of lighting modifiers, backdrops, and accessories in professional setups.\",\"breadcrumb\":{\"@id\":\"https:\/\/www.cinesouk.ma\/product\/manfrotto-039-u-hooks-40mm-j-hook-16mm-5-8\/#breadcrumb\"},\"inLanguage\":\"fr-FR\",\"potentialAction\":[{\"@type\":\"ReadAction\",\"target\":[\"https:\/\/www.cinesouk.ma\/product\/manfrotto-039-u-hooks-40mm-j-hook-16mm-5-8\/\"]}]},{\"@type\":\"ImageObject\",\"inLanguage\":\"fr-FR\",\"@id\":\"https:\/\/www.cinesouk.ma\/product\/manfrotto-039-u-hooks-40mm-j-hook-16mm-5-8\/#primaryimage\",\"url\":\"https:\/\/www.cinesouk.ma\/wp-content\/uploads\/2025\/03\/Manfrotto-039-U-Hooks-40mm-J-hook-16mm-58.jpg\",\"contentUrl\":\"https:\/\/www.cinesouk.ma\/wp-content\/uploads\/2025\/03\/Manfrotto-039-U-Hooks-40mm-J-hook-16mm-58.jpg\",\"width\":300,\"height\":238,\"caption\":\"Manfrotto 039 U-Hooks\"},{\"@type\":\"BreadcrumbList\",\"@id\":\"https:\/\/www.cinesouk.ma\/product\/manfrotto-039-u-hooks-40mm-j-hook-16mm-5-8\/#breadcrumb\",\"itemListElement\":[{\"@type\":\"ListItem\",\"position\":1,\"name\":\"Home\",\"item\":\"https:\/\/www.cinesouk.ma\/\"},{\"@type\":\"ListItem\",\"position\":2,\"name\":\"Shop\",\"item\":\"https:\/\/www.cinesouk.ma\/shop\/\"},{\"@type\":\"ListItem\",\"position\":3,\"name\":\"Manfrotto 039 U-Hooks 40mm \/ J Hook \/ Compatible with 16mm TV-Spigot (5\/8\u201d)\"}]},{\"@type\":\"WebSite\",\"@id\":\"https:\/\/www.cinesouk.ma\/#website\",\"url\":\"https:\/\/www.cinesouk.ma\/\",\"name\":\"CineSouk\",\"description\":\"\",\"publisher\":{\"@id\":\"https:\/\/www.cinesouk.ma\/#organization\"},\"potentialAction\":[{\"@type\":\"SearchAction\",\"target\":{\"@type\":\"EntryPoint\",\"urlTemplate\":\"https:\/\/www.cinesouk.ma\/?s={search_term_string}\"},\"query-input\":{\"@type\":\"PropertyValueSpecification\",\"valueRequired\":true,\"valueName\":\"search_term_string\"}}],\"inLanguage\":\"fr-FR\"},{\"@type\":\"Organization\",\"@id\":\"https:\/\/www.cinesouk.ma\/#organization\",\"name\":\"CineSouk\",\"url\":\"https:\/\/www.cinesouk.ma\/\",\"logo\":{\"@type\":\"ImageObject\",\"inLanguage\":\"fr-FR\",\"@id\":\"https:\/\/www.cinesouk.ma\/#\/schema\/logo\/image\/\",\"url\":\"https:\/\/www.cinesouk.ma\/wp-content\/uploads\/2024\/01\/CineSouk-logo-v01-alpha-alligned-left.png\",\"contentUrl\":\"https:\/\/www.cinesouk.ma\/wp-content\/uploads\/2024\/01\/CineSouk-logo-v01-alpha-alligned-left.png\",\"width\":3204,\"height\":889,\"caption\":\"CineSouk\"},\"image\":{\"@id\":\"https:\/\/www.cinesouk.ma\/#\/schema\/logo\/image\/\"}}]}<\/script>\n<!-- \/ Yoast SEO Premium plugin. -->","yoast_head_json":{"title":"Manfrotto 039 U-Hooks \u2013 40mm J-Hook for 16mm TV-Spigot (5\/8\u201d)","description":"Manfrotto 039 U-Hooks 40mm \/ J Hook \/ 16mm (5\/8\u201d) for secure hanging of lighting modifiers, backdrops, and accessories in professional setups.","robots":{"index":"index","follow":"follow","max-snippet":"max-snippet:-1","max-image-preview":"max-image-preview:large","max-video-preview":"max-video-preview:-1"},"canonical":"https:\/\/www.cinesouk.ma\/fr\/produit\/manfrotto-039-u-hooks-40mm-j-hook-16mm-5-8\/","og_locale":"fr_FR","og_type":"article","og_title":"Manfrotto 039 U-Hooks 40mm \/ J Hook \/ Compatible with 16mm TV-Spigot (5\/8\u201d)","og_description":"Manfrotto 039 U-Hooks 40mm \/ J Hook \/ 16mm (5\/8\u201d) for secure hanging of lighting modifiers, backdrops, and accessories in professional setups.","og_url":"https:\/\/www.cinesouk.ma\/fr\/produit\/manfrotto-039-u-hooks-40mm-j-hook-16mm-5-8\/","og_site_name":"CineSouk","article_modified_time":"2025-08-26T12:42:49+00:00","og_image":[{"width":300,"height":238,"url":"https:\/\/www.cinesouk.ma\/wp-content\/uploads\/2025\/03\/Manfrotto-039-U-Hooks-40mm-J-hook-16mm-58.jpg","type":"image\/jpeg"}],"twitter_card":"summary_large_image","twitter_description":"Manfrotto 039 U-Hooks 40mm \/ J Hook \/ 16mm (5\/8\u201d) for secure hanging of lighting modifiers, backdrops, and accessories in professional setups.","twitter_misc":{"Dur\u00e9e de lecture estim\u00e9e":"2 minutes"},"schema":{"@context":"https:\/\/schema.org","@graph":[{"@type":"WebPage","@id":"https:\/\/www.cinesouk.ma\/product\/manfrotto-039-u-hooks-40mm-j-hook-16mm-5-8\/","url":"https:\/\/www.cinesouk.ma\/product\/manfrotto-039-u-hooks-40mm-j-hook-16mm-5-8\/","name":"Manfrotto 039 U-Hooks \u2013 40mm J-Hook for 16mm TV-Spigot (5\/8\u201d)","isPartOf":{"@id":"https:\/\/www.cinesouk.ma\/#website"},"primaryImageOfPage":{"@id":"https:\/\/www.cinesouk.ma\/product\/manfrotto-039-u-hooks-40mm-j-hook-16mm-5-8\/#primaryimage"},"image":{"@id":"https:\/\/www.cinesouk.ma\/product\/manfrotto-039-u-hooks-40mm-j-hook-16mm-5-8\/#primaryimage"},"thumbnailUrl":"https:\/\/www.cinesouk.ma\/wp-content\/uploads\/2025\/03\/Manfrotto-039-U-Hooks-40mm-J-hook-16mm-58.jpg","datePublished":"2024-03-24T14:05:36+00:00","dateModified":"2025-08-26T12:42:49+00:00","description":"Manfrotto 039 U-Hooks 40mm \/ J Hook \/ 16mm (5\/8\u201d) for secure hanging of lighting modifiers, backdrops, and accessories in professional setups.","breadcrumb":{"@id":"https:\/\/www.cinesouk.ma\/product\/manfrotto-039-u-hooks-40mm-j-hook-16mm-5-8\/#breadcrumb"},"inLanguage":"fr-FR","potentialAction":[{"@type":"ReadAction","target":["https:\/\/www.cinesouk.ma\/product\/manfrotto-039-u-hooks-40mm-j-hook-16mm-5-8\/"]}]},{"@type":"ImageObject","inLanguage":"fr-FR","@id":"https:\/\/www.cinesouk.ma\/product\/manfrotto-039-u-hooks-40mm-j-hook-16mm-5-8\/#primaryimage","url":"https:\/\/www.cinesouk.ma\/wp-content\/uploads\/2025\/03\/Manfrotto-039-U-Hooks-40mm-J-hook-16mm-58.jpg","contentUrl":"https:\/\/www.cinesouk.ma\/wp-content\/uploads\/2025\/03\/Manfrotto-039-U-Hooks-40mm-J-hook-16mm-58.jpg","width":300,"height":238,"caption":"Manfrotto 039 U-Hooks"},{"@type":"BreadcrumbList","@id":"https:\/\/www.cinesouk.ma\/product\/manfrotto-039-u-hooks-40mm-j-hook-16mm-5-8\/#breadcrumb","itemListElement":[{"@type":"ListItem","position":1,"name":"Home","item":"https:\/\/www.cinesouk.ma\/"},{"@type":"ListItem","position":2,"name":"Shop","item":"https:\/\/www.cinesouk.ma\/shop\/"},{"@type":"ListItem","position":3,"name":"Manfrotto 039 U-Hooks 40mm \/ J Hook \/ Compatible with 16mm TV-Spigot (5\/8\u201d)"}]},{"@type":"WebSite","@id":"https:\/\/www.cinesouk.ma\/#website","url":"https:\/\/www.cinesouk.ma\/","name":"CineSouk","description":"","publisher":{"@id":"https:\/\/www.cinesouk.ma\/#organization"},"potentialAction":[{"@type":"SearchAction","target":{"@type":"EntryPoint","urlTemplate":"https:\/\/www.cinesouk.ma\/?s={search_term_string}"},"query-input":{"@type":"PropertyValueSpecification","valueRequired":true,"valueName":"search_term_string"}}],"inLanguage":"fr-FR"},{"@type":"Organization","@id":"https:\/\/www.cinesouk.ma\/#organization","name":"CineSouk","url":"https:\/\/www.cinesouk.ma\/","logo":{"@type":"ImageObject","inLanguage":"fr-FR","@id":"https:\/\/www.cinesouk.ma\/#\/schema\/logo\/image\/","url":"https:\/\/www.cinesouk.ma\/wp-content\/uploads\/2024\/01\/CineSouk-logo-v01-alpha-alligned-left.png","contentUrl":"https:\/\/www.cinesouk.ma\/wp-content\/uploads\/2024\/01\/CineSouk-logo-v01-alpha-alligned-left.png","width":3204,"height":889,"caption":"CineSouk"},"image":{"@id":"https:\/\/www.cinesouk.ma\/#\/schema\/logo\/image\/"}}]}},"_links":{"self":[{"href":"https:\/\/www.cinesouk.ma\/fr\/wp-json\/wp\/v2\/product\/12029","targetHints":{"allow":["GET"]}}],"collection":[{"href":"https:\/\/www.cinesouk.ma\/fr\/wp-json\/wp\/v2\/product"}],"about":[{"href":"https:\/\/www.cinesouk.ma\/fr\/wp-json\/wp\/v2\/types\/product"}],"wp:featuredmedia":[{"embeddable":true,"href":"https:\/\/www.cinesouk.ma\/fr\/wp-json\/wp\/v2\/media\/12067"}],"wp:attachment":[{"href":"https:\/\/www.cinesouk.ma\/fr\/wp-json\/wp\/v2\/media?parent=12029"}],"wp:term":[{"taxonomy":"product_brand","embeddable":true,"href":"https:\/\/www.cinesouk.ma\/fr\/wp-json\/wp\/v2\/product_brand?post=12029"},{"taxonomy":"product_cat","embeddable":true,"href":"https:\/\/www.cinesouk.ma\/fr\/wp-json\/wp\/v2\/product_cat?post=12029"},{"taxonomy":"product_tag","embeddable":true,"href":"https:\/\/www.cinesouk.ma\/fr\/wp-json\/wp\/v2\/product_tag?post=12029"}],"curies":[{"name":"wp","href":"https:\/\/api.w.org\/{rel}","templated":true}]}}