{"id":12043,"date":"2024-04-08T14:29:58","date_gmt":"2024-04-08T14:29:58","guid":{"rendered":"https:\/\/www.cinesouk.ma\/?post_type=product&#038;p=12043"},"modified":"2025-08-19T10:44:54","modified_gmt":"2025-08-19T10:44:54","slug":"aluminium-ladder","status":"publish","type":"product","link":"https:\/\/www.cinesouk.ma\/fr\/produit\/aluminium-ladder\/","title":{"rendered":"\u00c9chelle en aluminium 5 marches"},"content":{"rendered":"<p class=\"\" data-start=\"34\" data-end=\"497\">L'\u00e9chelle en aluminium \u00e0 5 marches est une \u00e9chelle compacte, l\u00e9g\u00e8re et durable con\u00e7ue pour une utilisation domestique, des t\u00e2ches d'entretien et des applications professionnelles. Fabriqu\u00e9e en aluminium de haute qualit\u00e9, cette \u00e9chelle est parfaite pour atteindre des hauteurs moyennes tout en garantissant stabilit\u00e9 et s\u00e9curit\u00e9. Qu'il s'agisse d'atteindre des \u00e9tag\u00e8res hautes, de nettoyer des fen\u00eatres ou de peindre des murs, cette \u00e9chelle \u00e0 5 marches offre un acc\u00e8s facile et une assise s\u00fbre.<\/p>\n<p class=\"\" data-start=\"499\" data-end=\"771\">Sa construction l\u00e9g\u00e8re la rend facile \u00e0 d\u00e9placer et \u00e0 ranger, tandis que ses pieds antid\u00e9rapants lui conf\u00e8rent une stabilit\u00e9 accrue. Con\u00e7ue avec des m\u00e9canismes de verrouillage faciles \u00e0 utiliser, l'\u00e9chelle reste bien en place lorsqu'elle est utilis\u00e9e, ce qui r\u00e9duit le risque de glissade ou d'accident.<\/p>\n<h3 class=\"\" data-start=\"1063\" data-end=\"1083\"><strong data-start=\"1067\" data-end=\"1083\">Caract\u00e9ristiques principales<\/strong><\/h3>\n<ul data-start=\"1085\" data-end=\"1573\">\n<li class=\"\" data-start=\"1085\" data-end=\"1203\">\n<p class=\"\" data-start=\"1087\" data-end=\"1203\"><strong data-start=\"1087\" data-end=\"1112\">L\u00e9ger et durable<\/strong>: Fabriqu\u00e9 en <strong data-start=\"1124\" data-end=\"1151\">aluminium haute r\u00e9sistance<\/strong>, ce qui en fait <strong data-start=\"1163\" data-end=\"1181\">facile \u00e0 manipuler<\/strong> et <strong data-start=\"1186\" data-end=\"1202\">durable<\/strong>.<\/p>\n<\/li>\n<li class=\"\" data-start=\"1204\" data-end=\"1290\">\n<p class=\"\" data-start=\"1206\" data-end=\"1290\"><strong data-start=\"1206\" data-end=\"1223\">Pieds antid\u00e9rapants<\/strong>: Assure <strong data-start=\"1233\" data-end=\"1246\">stabilit\u00e9<\/strong> sur diff\u00e9rentes surfaces pour \u00e9viter les accidents.<\/p>\n<\/li>\n<li class=\"\" data-start=\"1291\" data-end=\"1371\">\n<p class=\"\" data-start=\"1293\" data-end=\"1371\"><strong data-start=\"1293\" data-end=\"1321\">M\u00e9canisme de verrouillage s\u00e9curis\u00e9<\/strong>: Garde l'\u00e9chelle <strong data-start=\"1340\" data-end=\"1359\">fermement en place<\/strong> pendant l'utilisation.<\/p>\n<\/li>\n<li class=\"\" data-start=\"1372\" data-end=\"1458\">\n<p class=\"\" data-start=\"1374\" data-end=\"1458\"><strong data-start=\"1374\" data-end=\"1396\">Compact et portable<\/strong>: <strong data-start=\"1398\" data-end=\"1415\">Facile \u00e0 ranger<\/strong> et <strong data-start=\"1420\" data-end=\"1433\">transport<\/strong>Id\u00e9al pour les petits espaces.<\/p>\n<\/li>\n<li class=\"\" data-start=\"1459\" data-end=\"1573\">\n<p class=\"\" data-start=\"1461\" data-end=\"1573\"><strong data-start=\"1461\" data-end=\"1487\">Applications polyvalentes<\/strong>: Parfait pour <strong data-start=\"1501\" data-end=\"1521\">am\u00e9lioration de l'habitat<\/strong>, <strong data-start=\"1523\" data-end=\"1535\">nettoyage<\/strong>, <strong data-start=\"1537\" data-end=\"1549\">peinture<\/strong>et d'autres t\u00e2ches l\u00e9g\u00e8res.<\/p>\n<\/li>\n<\/ul>\n<h3 class=\"\" data-start=\"1575\" data-end=\"1597\"><strong data-start=\"1579\" data-end=\"1597\">Sp\u00e9cifications<\/strong><\/h3>\n<ul data-start=\"1599\" data-end=\"1893\">\n<li class=\"\" data-start=\"1599\" data-end=\"1639\">\n<p class=\"\" data-start=\"1601\" data-end=\"1639\"><strong data-start=\"1601\" data-end=\"1613\">Mat\u00e9riau<\/strong>: Aluminium de haute qualit\u00e9<\/p>\n<\/li>\n<li class=\"\" data-start=\"1640\" data-end=\"1666\">\n<p class=\"\" data-start=\"1642\" data-end=\"1666\"><strong data-start=\"1642\" data-end=\"1661\">Nombre d'\u00e9tapes<\/strong>: 5<\/p>\n<\/li>\n<li class=\"\" data-start=\"1736\" data-end=\"1785\">\n<p class=\"\" data-start=\"1738\" data-end=\"1785\"><strong data-start=\"1738\" data-end=\"1748\">Hauteur<\/strong>: Id\u00e9al pour <strong data-start=\"1760\" data-end=\"1783\">t\u00e2ches de hauteur moyenne<\/strong><\/p>\n<\/li>\n<li class=\"\" data-start=\"1786\" data-end=\"1847\">\n<p class=\"\" data-start=\"1788\" data-end=\"1847\"><strong data-start=\"1788\" data-end=\"1806\">Syst\u00e8me de verrouillage<\/strong>: M\u00e9canisme de verrouillage s\u00fbr et facile \u00e0 utiliser<\/p>\n<\/li>\n<li class=\"\" data-start=\"1848\" data-end=\"1893\">\n<p class=\"\" data-start=\"1850\" data-end=\"1893\"><strong data-start=\"1850\" data-end=\"1863\">Type de pieds<\/strong>: Antid\u00e9rapant pour une meilleure stabilit\u00e9<\/p>\n<\/li>\n<\/ul>\n<p class=\"\" data-start=\"1895\" data-end=\"2177\">L'\u00e9chelle en aluminium 5 marches est un outil fiable et pratique pour tous ceux qui ont besoin d'acc\u00e9der en toute s\u00e9curit\u00e9 \u00e0 des hauteurs mod\u00e9r\u00e9es. Qu'il s'agisse de t\u00e2ches m\u00e9nag\u00e8res, de travaux professionnels ou d'entretien, cette \u00e9chelle offre stabilit\u00e9 et commodit\u00e9 \u00e0 chaque fois que vous l'utilisez.<\/p>\n<p>Louez-le maintenant sur <a href=\"https:\/\/www.cinesouk.ma\/fr\">CINESOUK<\/a> - une marque de <a href=\"https:\/\/www.broadway.ma\/\">BROADWAY PRODUCTIONS SARL.<\/a><\/p>","protected":false},"excerpt":{"rendered":"<p><strong>Sp\u00e9cifications<\/strong><\/p>\n<ul>\n<li class=\"\" data-start=\"1599\" data-end=\"1639\">\n<p class=\"\" data-start=\"1601\" data-end=\"1639\"><strong data-start=\"1601\" data-end=\"1613\">Mat\u00e9riau<\/strong>: Aluminium de haute qualit\u00e9<\/p>\n<\/li>\n<li class=\"\" data-start=\"1640\" data-end=\"1666\">\n<p class=\"\" data-start=\"1642\" data-end=\"1666\"><strong data-start=\"1642\" data-end=\"1661\">Nombre d'\u00e9tapes<\/strong>: 5<\/p>\n<\/li>\n<li class=\"\" data-start=\"1736\" data-end=\"1785\">\n<p class=\"\" data-start=\"1738\" data-end=\"1785\"><strong data-start=\"1738\" data-end=\"1748\">Hauteur<\/strong>: Id\u00e9al pour <strong data-start=\"1760\" data-end=\"1783\">t\u00e2ches de hauteur moyenne<\/strong><\/p>\n<\/li>\n<li class=\"\" data-start=\"1786\" data-end=\"1847\">\n<p class=\"\" data-start=\"1788\" data-end=\"1847\"><strong data-start=\"1788\" data-end=\"1806\">Syst\u00e8me de verrouillage<\/strong>: M\u00e9canisme de verrouillage s\u00fbr et facile \u00e0 utiliser<\/p>\n<\/li>\n<li class=\"\" data-start=\"1848\" data-end=\"1893\">\n<p class=\"\" data-start=\"1850\" data-end=\"1893\"><strong data-start=\"1850\" data-end=\"1863\">Type de pieds<\/strong>: Antid\u00e9rapant pour une meilleure stabilit\u00e9<\/p>\n<\/li>\n<\/ul>","protected":false},"featured_media":12054,"template":"","meta":{"om_disable_all_campaigns":false,"_monsterinsights_skip_tracking":false,"_monsterinsights_sitenote_active":false,"_monsterinsights_sitenote_note":"","_monsterinsights_sitenote_category":0,"_uf_show_specific_survey":0,"_uf_disable_surveys":false},"product_brand":[],"product_cat":[37,38],"product_tag":[],"class_list":{"0":"post-12043","1":"product","2":"type-product","3":"status-publish","4":"has-post-thumbnail","6":"product_cat-accessories-cinesouk","7":"product_cat-grip-cinesouk","9":"entry","10":"has-media","12":"first","13":"instock","14":"taxable","15":"shipping-taxable","16":"purchasable","17":"product-type-variable","18":"has-product-nav","19":"col","20":"span_1_of_3","21":"owp-content-center","22":"owp-thumbs-layout-horizontal","23":"owp-btn-normal","24":"owp-tabs-layout-horizontal","25":"has-no-thumbnails"},"yoast_head":"<!-- This site is optimized with the Yoast SEO Premium plugin v26.0 (Yoast SEO v26.0) - https:\/\/yoast.com\/wordpress\/plugins\/seo\/ -->\n<title>Aluminium Ladder 5 steps - CineSouk - Marrakech l Morocco - For rent<\/title>\n<meta name=\"description\" content=\"Aluminium Ladder \u2013 Lightweight, durable, and versatile ladder for home maintenance, construction, and professional use with non-slip feet and secure locking mechanisms.\" \/>\n<meta name=\"robots\" content=\"index, follow, max-snippet:-1, max-image-preview:large, max-video-preview:-1\" \/>\n<link rel=\"canonical\" href=\"https:\/\/www.cinesouk.ma\/fr\/produit\/aluminium-ladder\/\" \/>\n<meta property=\"og:locale\" content=\"fr_FR\" \/>\n<meta property=\"og:type\" content=\"article\" \/>\n<meta property=\"og:title\" content=\"Aluminium Ladder 5 steps\" \/>\n<meta property=\"og:description\" content=\"Manfrotto 039 U-Hooks 40mm \/ J Hook \/ 16mm (5\/8\u201d) for secure hanging of lighting modifiers, backdrops, and accessories in professional setups.\" \/>\n<meta property=\"og:url\" content=\"https:\/\/www.cinesouk.ma\/fr\/produit\/aluminium-ladder\/\" \/>\n<meta property=\"og:site_name\" content=\"CineSouk\" \/>\n<meta property=\"article:modified_time\" content=\"2025-08-19T10:44:54+00:00\" \/>\n<meta property=\"og:image\" content=\"https:\/\/www.cinesouk.ma\/wp-content\/uploads\/2025\/03\/Aluminium-Ladder-5-Steps.jpg\" \/>\n\t<meta property=\"og:image:width\" content=\"300\" \/>\n\t<meta property=\"og:image:height\" content=\"238\" \/>\n\t<meta property=\"og:image:type\" content=\"image\/jpeg\" \/>\n<meta name=\"twitter:card\" content=\"summary_large_image\" \/>\n<meta name=\"twitter:description\" content=\"Manfrotto 039 U-Hooks 40mm \/ J Hook \/ 16mm (5\/8\u201d) for secure hanging of lighting modifiers, backdrops, and accessories in professional setups.\" \/>\n<meta name=\"twitter:label1\" content=\"Dur\u00e9e de lecture estim\u00e9e\" \/>\n\t<meta name=\"twitter:data1\" content=\"2 minutes\" \/>\n<script type=\"application\/ld+json\" class=\"yoast-schema-graph\">{\"@context\":\"https:\/\/schema.org\",\"@graph\":[{\"@type\":\"WebPage\",\"@id\":\"https:\/\/www.cinesouk.ma\/product\/aluminium-ladder\/\",\"url\":\"https:\/\/www.cinesouk.ma\/product\/aluminium-ladder\/\",\"name\":\"Aluminium Ladder 5 steps - CineSouk - Marrakech l Morocco - For rent\",\"isPartOf\":{\"@id\":\"https:\/\/www.cinesouk.ma\/#website\"},\"primaryImageOfPage\":{\"@id\":\"https:\/\/www.cinesouk.ma\/product\/aluminium-ladder\/#primaryimage\"},\"image\":{\"@id\":\"https:\/\/www.cinesouk.ma\/product\/aluminium-ladder\/#primaryimage\"},\"thumbnailUrl\":\"https:\/\/www.cinesouk.ma\/wp-content\/uploads\/2025\/03\/Aluminium-Ladder-5-Steps.jpg\",\"datePublished\":\"2024-04-08T14:29:58+00:00\",\"dateModified\":\"2025-08-19T10:44:54+00:00\",\"description\":\"Aluminium Ladder \u2013 Lightweight, durable, and versatile ladder for home maintenance, construction, and professional use with non-slip feet and secure locking mechanisms.\",\"breadcrumb\":{\"@id\":\"https:\/\/www.cinesouk.ma\/product\/aluminium-ladder\/#breadcrumb\"},\"inLanguage\":\"fr-FR\",\"potentialAction\":[{\"@type\":\"ReadAction\",\"target\":[\"https:\/\/www.cinesouk.ma\/product\/aluminium-ladder\/\"]}]},{\"@type\":\"ImageObject\",\"inLanguage\":\"fr-FR\",\"@id\":\"https:\/\/www.cinesouk.ma\/product\/aluminium-ladder\/#primaryimage\",\"url\":\"https:\/\/www.cinesouk.ma\/wp-content\/uploads\/2025\/03\/Aluminium-Ladder-5-Steps.jpg\",\"contentUrl\":\"https:\/\/www.cinesouk.ma\/wp-content\/uploads\/2025\/03\/Aluminium-Ladder-5-Steps.jpg\",\"width\":300,\"height\":238,\"caption\":\"Aluminium Ladder 5 Steps\"},{\"@type\":\"BreadcrumbList\",\"@id\":\"https:\/\/www.cinesouk.ma\/product\/aluminium-ladder\/#breadcrumb\",\"itemListElement\":[{\"@type\":\"ListItem\",\"position\":1,\"name\":\"Home\",\"item\":\"https:\/\/www.cinesouk.ma\/\"},{\"@type\":\"ListItem\",\"position\":2,\"name\":\"Shop\",\"item\":\"https:\/\/www.cinesouk.ma\/shop\/\"},{\"@type\":\"ListItem\",\"position\":3,\"name\":\"Aluminium Ladder 5 steps\"}]},{\"@type\":\"WebSite\",\"@id\":\"https:\/\/www.cinesouk.ma\/#website\",\"url\":\"https:\/\/www.cinesouk.ma\/\",\"name\":\"CineSouk\",\"description\":\"\",\"publisher\":{\"@id\":\"https:\/\/www.cinesouk.ma\/#organization\"},\"potentialAction\":[{\"@type\":\"SearchAction\",\"target\":{\"@type\":\"EntryPoint\",\"urlTemplate\":\"https:\/\/www.cinesouk.ma\/?s={search_term_string}\"},\"query-input\":{\"@type\":\"PropertyValueSpecification\",\"valueRequired\":true,\"valueName\":\"search_term_string\"}}],\"inLanguage\":\"fr-FR\"},{\"@type\":\"Organization\",\"@id\":\"https:\/\/www.cinesouk.ma\/#organization\",\"name\":\"CineSouk\",\"url\":\"https:\/\/www.cinesouk.ma\/\",\"logo\":{\"@type\":\"ImageObject\",\"inLanguage\":\"fr-FR\",\"@id\":\"https:\/\/www.cinesouk.ma\/#\/schema\/logo\/image\/\",\"url\":\"https:\/\/www.cinesouk.ma\/wp-content\/uploads\/2024\/01\/CineSouk-logo-v01-alpha-alligned-left.png\",\"contentUrl\":\"https:\/\/www.cinesouk.ma\/wp-content\/uploads\/2024\/01\/CineSouk-logo-v01-alpha-alligned-left.png\",\"width\":3204,\"height\":889,\"caption\":\"CineSouk\"},\"image\":{\"@id\":\"https:\/\/www.cinesouk.ma\/#\/schema\/logo\/image\/\"}}]}<\/script>\n<!-- \/ Yoast SEO Premium plugin. -->","yoast_head_json":{"title":"Aluminium Ladder 5 steps - CineSouk - Marrakech l Morocco - For rent","description":"Aluminium Ladder \u2013 Lightweight, durable, and versatile ladder for home maintenance, construction, and professional use with non-slip feet and secure locking mechanisms.","robots":{"index":"index","follow":"follow","max-snippet":"max-snippet:-1","max-image-preview":"max-image-preview:large","max-video-preview":"max-video-preview:-1"},"canonical":"https:\/\/www.cinesouk.ma\/fr\/produit\/aluminium-ladder\/","og_locale":"fr_FR","og_type":"article","og_title":"Aluminium Ladder 5 steps","og_description":"Manfrotto 039 U-Hooks 40mm \/ J Hook \/ 16mm (5\/8\u201d) for secure hanging of lighting modifiers, backdrops, and accessories in professional setups.","og_url":"https:\/\/www.cinesouk.ma\/fr\/produit\/aluminium-ladder\/","og_site_name":"CineSouk","article_modified_time":"2025-08-19T10:44:54+00:00","og_image":[{"width":300,"height":238,"url":"https:\/\/www.cinesouk.ma\/wp-content\/uploads\/2025\/03\/Aluminium-Ladder-5-Steps.jpg","type":"image\/jpeg"}],"twitter_card":"summary_large_image","twitter_description":"Manfrotto 039 U-Hooks 40mm \/ J Hook \/ 16mm (5\/8\u201d) for secure hanging of lighting modifiers, backdrops, and accessories in professional setups.","twitter_misc":{"Dur\u00e9e de lecture estim\u00e9e":"2 minutes"},"schema":{"@context":"https:\/\/schema.org","@graph":[{"@type":"WebPage","@id":"https:\/\/www.cinesouk.ma\/product\/aluminium-ladder\/","url":"https:\/\/www.cinesouk.ma\/product\/aluminium-ladder\/","name":"Aluminium Ladder 5 steps - CineSouk - Marrakech l Morocco - For rent","isPartOf":{"@id":"https:\/\/www.cinesouk.ma\/#website"},"primaryImageOfPage":{"@id":"https:\/\/www.cinesouk.ma\/product\/aluminium-ladder\/#primaryimage"},"image":{"@id":"https:\/\/www.cinesouk.ma\/product\/aluminium-ladder\/#primaryimage"},"thumbnailUrl":"https:\/\/www.cinesouk.ma\/wp-content\/uploads\/2025\/03\/Aluminium-Ladder-5-Steps.jpg","datePublished":"2024-04-08T14:29:58+00:00","dateModified":"2025-08-19T10:44:54+00:00","description":"Aluminium Ladder \u2013 Lightweight, durable, and versatile ladder for home maintenance, construction, and professional use with non-slip feet and secure locking mechanisms.","breadcrumb":{"@id":"https:\/\/www.cinesouk.ma\/product\/aluminium-ladder\/#breadcrumb"},"inLanguage":"fr-FR","potentialAction":[{"@type":"ReadAction","target":["https:\/\/www.cinesouk.ma\/product\/aluminium-ladder\/"]}]},{"@type":"ImageObject","inLanguage":"fr-FR","@id":"https:\/\/www.cinesouk.ma\/product\/aluminium-ladder\/#primaryimage","url":"https:\/\/www.cinesouk.ma\/wp-content\/uploads\/2025\/03\/Aluminium-Ladder-5-Steps.jpg","contentUrl":"https:\/\/www.cinesouk.ma\/wp-content\/uploads\/2025\/03\/Aluminium-Ladder-5-Steps.jpg","width":300,"height":238,"caption":"Aluminium Ladder 5 Steps"},{"@type":"BreadcrumbList","@id":"https:\/\/www.cinesouk.ma\/product\/aluminium-ladder\/#breadcrumb","itemListElement":[{"@type":"ListItem","position":1,"name":"Home","item":"https:\/\/www.cinesouk.ma\/"},{"@type":"ListItem","position":2,"name":"Shop","item":"https:\/\/www.cinesouk.ma\/shop\/"},{"@type":"ListItem","position":3,"name":"Aluminium Ladder 5 steps"}]},{"@type":"WebSite","@id":"https:\/\/www.cinesouk.ma\/#website","url":"https:\/\/www.cinesouk.ma\/","name":"CineSouk","description":"","publisher":{"@id":"https:\/\/www.cinesouk.ma\/#organization"},"potentialAction":[{"@type":"SearchAction","target":{"@type":"EntryPoint","urlTemplate":"https:\/\/www.cinesouk.ma\/?s={search_term_string}"},"query-input":{"@type":"PropertyValueSpecification","valueRequired":true,"valueName":"search_term_string"}}],"inLanguage":"fr-FR"},{"@type":"Organization","@id":"https:\/\/www.cinesouk.ma\/#organization","name":"CineSouk","url":"https:\/\/www.cinesouk.ma\/","logo":{"@type":"ImageObject","inLanguage":"fr-FR","@id":"https:\/\/www.cinesouk.ma\/#\/schema\/logo\/image\/","url":"https:\/\/www.cinesouk.ma\/wp-content\/uploads\/2024\/01\/CineSouk-logo-v01-alpha-alligned-left.png","contentUrl":"https:\/\/www.cinesouk.ma\/wp-content\/uploads\/2024\/01\/CineSouk-logo-v01-alpha-alligned-left.png","width":3204,"height":889,"caption":"CineSouk"},"image":{"@id":"https:\/\/www.cinesouk.ma\/#\/schema\/logo\/image\/"}}]}},"_links":{"self":[{"href":"https:\/\/www.cinesouk.ma\/fr\/wp-json\/wp\/v2\/product\/12043","targetHints":{"allow":["GET"]}}],"collection":[{"href":"https:\/\/www.cinesouk.ma\/fr\/wp-json\/wp\/v2\/product"}],"about":[{"href":"https:\/\/www.cinesouk.ma\/fr\/wp-json\/wp\/v2\/types\/product"}],"wp:featuredmedia":[{"embeddable":true,"href":"https:\/\/www.cinesouk.ma\/fr\/wp-json\/wp\/v2\/media\/12054"}],"wp:attachment":[{"href":"https:\/\/www.cinesouk.ma\/fr\/wp-json\/wp\/v2\/media?parent=12043"}],"wp:term":[{"taxonomy":"product_brand","embeddable":true,"href":"https:\/\/www.cinesouk.ma\/fr\/wp-json\/wp\/v2\/product_brand?post=12043"},{"taxonomy":"product_cat","embeddable":true,"href":"https:\/\/www.cinesouk.ma\/fr\/wp-json\/wp\/v2\/product_cat?post=12043"},{"taxonomy":"product_tag","embeddable":true,"href":"https:\/\/www.cinesouk.ma\/fr\/wp-json\/wp\/v2\/product_tag?post=12043"}],"curies":[{"name":"wp","href":"https:\/\/api.w.org\/{rel}","templated":true}]}}