{"id":12069,"date":"2025-03-28T11:19:26","date_gmt":"2025-03-28T11:19:26","guid":{"rendered":"https:\/\/www.cinesouk.ma\/?post_type=product&#038;p=12069"},"modified":"2025-09-24T13:28:16","modified_gmt":"2025-09-24T13:28:16","slug":"briteq-stage-beamer-mk2","status":"publish","type":"product","link":"https:\/\/www.cinesouk.ma\/fr\/produit\/briteq-stage-beamer-mk2\/","title":{"rendered":"Briteq Stage Beamer Mk2 (uplighter\/PAR)"},"content":{"rendered":"<div class=\"flex max-w-full flex-col flex-grow\">\n<div class=\"min-h-8 text-message flex w-full flex-col items-end gap-2 whitespace-normal break-words [.text-message+&amp;]:mt-5\" dir=\"auto\" data-message-author-role=\"assistant\" data-message-id=\"e4c3ffad-71cb-44e7-93b8-bb60eda86b77\" data-message-model-slug=\"gpt-4o-mini\">\n<div class=\"flex w-full flex-col gap-1 empty:hidden first:pt-[3px]\">\n<div class=\"markdown prose w-full break-words dark:prose-invert light\">\n<p class=\"\" data-start=\"0\" data-end=\"416\">Le Briteq Stage Beamer Mk2 est un puissant projecteur LED RVB con\u00e7u pour l'\u00e9clairage de sc\u00e8ne et les applications architecturales. Il est \u00e9quip\u00e9 de 14 LED tricolores de 3W, d\u00e9livrant 3200 lux \u00e0 une distance de 2 m\u00e8tres. Cette conception \u00e9limine efficacement les ombres RVB ind\u00e9sirables, garantissant un m\u00e9lange uniforme des couleurs, m\u00eame \u00e0 courte distance. Avec un angle de rayonnement de 16\u00b0, il convient \u00e0 l'\u00e9clairage des petites et grandes sc\u00e8nes et des \u00e9l\u00e9ments architecturaux.<\/p>\n<h3 class=\"\" data-start=\"418\" data-end=\"439\"><strong data-start=\"422\" data-end=\"439\">Caract\u00e9ristiques principales :<\/strong><\/h3>\n<ul data-start=\"441\" data-end=\"1261\">\n<li class=\"\" data-start=\"441\" data-end=\"577\">\n<p class=\"\" data-start=\"443\" data-end=\"577\"><strong data-start=\"443\" data-end=\"465\">Efficacit\u00e9 \u00e9nerg\u00e9tique :<\/strong> Ne consomme que 52 W \u00e0 pleine puissance, ce qui permet de r\u00e9aliser d'importantes \u00e9conomies d'\u00e9nergie par rapport aux projecteurs PAR64 traditionnels.<\/p>\n<\/li>\n<li class=\"\" data-start=\"578\" data-end=\"788\">\n<p class=\"\" data-start=\"580\" data-end=\"788\"><strong data-start=\"580\" data-end=\"596\">Contr\u00f4le DMX :<\/strong> Offre plusieurs modes de fonctionnement DMX, y compris HSV \u00e0 3 canaux, RVB \u00e0 3 canaux, RVB \u00e0 4 canaux + gradateur, RVB \u00e0 5 canaux + gradateur + stroboscope, TOUR \u00e0 9 canaux \u00e0 8 bits et TOUR \u00e0 13 canaux \u00e0 16 bits.<\/p>\n<\/li>\n<li class=\"\" data-start=\"789\" data-end=\"1001\">\n<p class=\"\" data-start=\"791\" data-end=\"1001\"><strong data-start=\"791\" data-end=\"813\">Fonctionnalit\u00e9s avanc\u00e9es :<\/strong> Il offre un contr\u00f4le des couleurs sur 16 bits, des pr\u00e9r\u00e9glages de temp\u00e9rature de couleur allant de 3200K \u00e0 10 000K, un calibrage du blanc et du RVB, diverses courbes de gradation, un adressage ID et une entr\u00e9e\/sortie Neutrik PowerCon.<\/p>\n<\/li>\n<li class=\"\" data-start=\"1002\" data-end=\"1127\">\n<p class=\"\" data-start=\"1004\" data-end=\"1127\"><strong data-start=\"1004\" data-end=\"1025\">Fonctionnement silencieux :<\/strong> Utilise la convection naturelle de l'air pour le refroidissement, garantissant un fonctionnement totalement silencieux sans ventilateurs bruyants.<\/p>\n<\/li>\n<li class=\"\" data-start=\"1128\" data-end=\"1261\">\n<p class=\"\" data-start=\"1130\" data-end=\"1261\"><strong data-start=\"1130\" data-end=\"1149\">Conception durable :<\/strong> Log\u00e9 dans un bo\u00eetier l\u00e9ger en aluminium avec un double support de suspension, il convient \u00e0 la fois \u00e0 une utilisation au sol et au montage.<\/p>\n<\/li>\n<\/ul>\n<h3 class=\"\" data-start=\"1263\" data-end=\"1296\"><strong data-start=\"1267\" data-end=\"1296\">Sp\u00e9cifications :<\/strong><\/h3>\n<ul data-start=\"1298\" data-end=\"1449\">\n<li class=\"\" data-start=\"1298\" data-end=\"1337\">\n<p class=\"\" data-start=\"1300\" data-end=\"1337\"><strong data-start=\"1300\" data-end=\"1315\">Dimensions :<\/strong> 24,5 x 20,5 x 24,5 cm<\/p>\n<\/li>\n<li class=\"\" data-start=\"1338\" data-end=\"1359\">\n<p class=\"\" data-start=\"1340\" data-end=\"1359\"><strong data-start=\"1340\" data-end=\"1351\">Poids :<\/strong> 4,96 kg<\/p>\n<\/li>\n<li class=\"\" data-start=\"1360\" data-end=\"1401\">\n<p class=\"\" data-start=\"1362\" data-end=\"1401\"><strong data-start=\"1362\" data-end=\"1378\">Alimentation \u00e9lectrique :<\/strong> AC 100 - 240V, 50\/60Hz<\/p>\n<\/li>\n<li class=\"\" data-start=\"1402\" data-end=\"1430\">\n<p class=\"\" data-start=\"1404\" data-end=\"1430\"><strong data-start=\"1404\" data-end=\"1426\">Consommation \u00e9lectrique :<\/strong> 50W<\/p>\n<\/li>\n<li class=\"\" data-start=\"1431\" data-end=\"1449\">\n<p class=\"\" data-start=\"1433\" data-end=\"1449\"><strong data-start=\"1433\" data-end=\"1443\">Couleur :<\/strong> Noir<\/p>\n<\/li>\n<\/ul>\n<p class=\"\" data-start=\"1451\" data-end=\"1701\">Si vous recherchez les projecteurs Briteq Stage Beamer Mk2, n'h\u00e9sitez pas \u00e0 nous contacter pour conna\u00eetre la disponibilit\u00e9, les prix et les conditions de location.<\/p>\n<p data-start=\"41\" data-end=\"431\">Louez-le maintenant sur <a href=\"https:\/\/www.cinesouk.ma\/fr\">CINESOUK<\/a> - une marque de <a href=\"https:\/\/www.broadway.ma\/\">BROADWAY PRODUCTIONS SARL.<\/a><\/p>\n<\/div>\n<\/div>\n<\/div>\n<\/div>","protected":false},"excerpt":{"rendered":"<p><strong>Sp\u00e9cifications :<\/strong><\/p>\n<ul>\n<li class=\"\" data-start=\"1298\" data-end=\"1337\">\n<p class=\"\" data-start=\"1300\" data-end=\"1337\"><strong data-start=\"1300\" data-end=\"1315\">Dimensions :<\/strong> 24,5 x 20,5 x 24,5 cm<\/p>\n<\/li>\n<li class=\"\" data-start=\"1338\" data-end=\"1359\">\n<p class=\"\" data-start=\"1340\" data-end=\"1359\"><strong data-start=\"1340\" data-end=\"1351\">Poids :<\/strong> 4,96 kg<\/p>\n<\/li>\n<li class=\"\" data-start=\"1360\" data-end=\"1401\">\n<p class=\"\" data-start=\"1362\" data-end=\"1401\"><strong data-start=\"1362\" data-end=\"1378\">Alimentation \u00e9lectrique :<\/strong> AC 100 - 240V, 50\/60Hz<\/p>\n<\/li>\n<li class=\"\" data-start=\"1402\" data-end=\"1430\">\n<p class=\"\" data-start=\"1404\" data-end=\"1430\"><strong data-start=\"1404\" data-end=\"1426\">Consommation \u00e9lectrique :<\/strong> 50W<\/p>\n<\/li>\n<\/ul>","protected":false},"featured_media":12080,"template":"","meta":{"om_disable_all_campaigns":false,"_monsterinsights_skip_tracking":false,"_monsterinsights_sitenote_active":false,"_monsterinsights_sitenote_note":"","_monsterinsights_sitenote_category":0,"_uf_show_specific_survey":0,"_uf_disable_surveys":false},"product_brand":[],"product_cat":[90,20,103,102],"product_tag":[],"class_list":{"0":"post-12069","1":"product","2":"type-product","3":"status-publish","4":"has-post-thumbnail","6":"product_cat-djparty-cinesouk","7":"product_cat-light-cinesouk","8":"product_cat-uplights-eventsouk","9":"product_cat-washed-and-heads-eventsouk","11":"entry","12":"has-media","14":"first","15":"instock","16":"taxable","17":"shipping-taxable","18":"purchasable","19":"product-type-variable","20":"has-product-nav","21":"col","22":"span_1_of_3","23":"owp-content-center","24":"owp-thumbs-layout-horizontal","25":"owp-btn-normal","26":"owp-tabs-layout-horizontal","27":"has-no-thumbnails"},"yoast_head":"<!-- This site is optimized with the Yoast SEO Premium plugin v26.0 (Yoast SEO v26.0) - https:\/\/yoast.com\/wordpress\/plugins\/seo\/ -->\n<title>Briteq Stage Beamer Mk2 (uplighter\/PAR) - CineSouk<\/title>\n<meta name=\"description\" content=\"Briteq Stage Beamer Mk2 \u2013 RGB LED projector with silent operation, 16-bit color control, and DMX compatibility, designed for stage and architectural lighting with efficient energy use.\" \/>\n<meta name=\"robots\" content=\"index, follow, max-snippet:-1, max-image-preview:large, max-video-preview:-1\" \/>\n<link rel=\"canonical\" href=\"https:\/\/www.cinesouk.ma\/fr\/produit\/briteq-stage-beamer-mk2\/\" \/>\n<meta property=\"og:locale\" content=\"fr_FR\" \/>\n<meta property=\"og:type\" content=\"article\" \/>\n<meta property=\"og:title\" content=\"Briteq Stage Beamer Mk2 (uplighter\/PAR)\" \/>\n<meta property=\"og:description\" content=\"Briteq Stage Beamer Mk2 \u2013 RGB LED projector with silent operation, 16-bit color control, and DMX compatibility, designed for stage and architectural lighting with efficient energy use.\" \/>\n<meta property=\"og:url\" content=\"https:\/\/www.cinesouk.ma\/fr\/produit\/briteq-stage-beamer-mk2\/\" \/>\n<meta property=\"og:site_name\" content=\"CineSouk\" \/>\n<meta property=\"article:modified_time\" content=\"2025-09-24T13:28:16+00:00\" \/>\n<meta property=\"og:image\" content=\"https:\/\/www.cinesouk.ma\/wp-content\/uploads\/2025\/03\/Briteq-Stage-Beamer-Mk2.jpg\" \/>\n\t<meta property=\"og:image:width\" content=\"300\" \/>\n\t<meta property=\"og:image:height\" content=\"238\" \/>\n\t<meta property=\"og:image:type\" content=\"image\/jpeg\" \/>\n<meta name=\"twitter:card\" content=\"summary_large_image\" \/>\n<meta name=\"twitter:description\" content=\"Briteq Stage Beamer Mk2 \u2013 RGB LED projector with silent operation, 16-bit color control, and DMX compatibility, designed for stage and architectural lighting with efficient energy use.\" \/>\n<meta name=\"twitter:label1\" content=\"Dur\u00e9e de lecture estim\u00e9e\" \/>\n\t<meta name=\"twitter:data1\" content=\"2 minutes\" \/>\n<script type=\"application\/ld+json\" class=\"yoast-schema-graph\">{\"@context\":\"https:\/\/schema.org\",\"@graph\":[{\"@type\":\"WebPage\",\"@id\":\"https:\/\/www.cinesouk.ma\/product\/briteq-stage-beamer-mk2\/\",\"url\":\"https:\/\/www.cinesouk.ma\/product\/briteq-stage-beamer-mk2\/\",\"name\":\"Briteq Stage Beamer Mk2 (uplighter\/PAR) - CineSouk\",\"isPartOf\":{\"@id\":\"https:\/\/www.cinesouk.ma\/#website\"},\"primaryImageOfPage\":{\"@id\":\"https:\/\/www.cinesouk.ma\/product\/briteq-stage-beamer-mk2\/#primaryimage\"},\"image\":{\"@id\":\"https:\/\/www.cinesouk.ma\/product\/briteq-stage-beamer-mk2\/#primaryimage\"},\"thumbnailUrl\":\"https:\/\/www.cinesouk.ma\/wp-content\/uploads\/2025\/03\/Briteq-Stage-Beamer-Mk2.jpg\",\"datePublished\":\"2025-03-28T11:19:26+00:00\",\"dateModified\":\"2025-09-24T13:28:16+00:00\",\"description\":\"Briteq Stage Beamer Mk2 \u2013 RGB LED projector with silent operation, 16-bit color control, and DMX compatibility, designed for stage and architectural lighting with efficient energy use.\",\"breadcrumb\":{\"@id\":\"https:\/\/www.cinesouk.ma\/product\/briteq-stage-beamer-mk2\/#breadcrumb\"},\"inLanguage\":\"fr-FR\",\"potentialAction\":[{\"@type\":\"ReadAction\",\"target\":[\"https:\/\/www.cinesouk.ma\/product\/briteq-stage-beamer-mk2\/\"]}]},{\"@type\":\"ImageObject\",\"inLanguage\":\"fr-FR\",\"@id\":\"https:\/\/www.cinesouk.ma\/product\/briteq-stage-beamer-mk2\/#primaryimage\",\"url\":\"https:\/\/www.cinesouk.ma\/wp-content\/uploads\/2025\/03\/Briteq-Stage-Beamer-Mk2.jpg\",\"contentUrl\":\"https:\/\/www.cinesouk.ma\/wp-content\/uploads\/2025\/03\/Briteq-Stage-Beamer-Mk2.jpg\",\"width\":300,\"height\":238,\"caption\":\"Briteq Stage Beamer Mk2\"},{\"@type\":\"BreadcrumbList\",\"@id\":\"https:\/\/www.cinesouk.ma\/product\/briteq-stage-beamer-mk2\/#breadcrumb\",\"itemListElement\":[{\"@type\":\"ListItem\",\"position\":1,\"name\":\"Home\",\"item\":\"https:\/\/www.cinesouk.ma\/\"},{\"@type\":\"ListItem\",\"position\":2,\"name\":\"Shop\",\"item\":\"https:\/\/www.cinesouk.ma\/shop\/\"},{\"@type\":\"ListItem\",\"position\":3,\"name\":\"Briteq Stage Beamer Mk2 (uplighter\/PAR)\"}]},{\"@type\":\"WebSite\",\"@id\":\"https:\/\/www.cinesouk.ma\/#website\",\"url\":\"https:\/\/www.cinesouk.ma\/\",\"name\":\"CineSouk\",\"description\":\"\",\"publisher\":{\"@id\":\"https:\/\/www.cinesouk.ma\/#organization\"},\"potentialAction\":[{\"@type\":\"SearchAction\",\"target\":{\"@type\":\"EntryPoint\",\"urlTemplate\":\"https:\/\/www.cinesouk.ma\/?s={search_term_string}\"},\"query-input\":{\"@type\":\"PropertyValueSpecification\",\"valueRequired\":true,\"valueName\":\"search_term_string\"}}],\"inLanguage\":\"fr-FR\"},{\"@type\":\"Organization\",\"@id\":\"https:\/\/www.cinesouk.ma\/#organization\",\"name\":\"CineSouk\",\"url\":\"https:\/\/www.cinesouk.ma\/\",\"logo\":{\"@type\":\"ImageObject\",\"inLanguage\":\"fr-FR\",\"@id\":\"https:\/\/www.cinesouk.ma\/#\/schema\/logo\/image\/\",\"url\":\"https:\/\/www.cinesouk.ma\/wp-content\/uploads\/2024\/01\/CineSouk-logo-v01-alpha-alligned-left.png\",\"contentUrl\":\"https:\/\/www.cinesouk.ma\/wp-content\/uploads\/2024\/01\/CineSouk-logo-v01-alpha-alligned-left.png\",\"width\":3204,\"height\":889,\"caption\":\"CineSouk\"},\"image\":{\"@id\":\"https:\/\/www.cinesouk.ma\/#\/schema\/logo\/image\/\"}}]}<\/script>\n<!-- \/ Yoast SEO Premium plugin. -->","yoast_head_json":{"title":"Briteq Stage Beamer Mk2 (uplighter\/PAR) - CineSouk","description":"Briteq Stage Beamer Mk2 \u2013 RGB LED projector with silent operation, 16-bit color control, and DMX compatibility, designed for stage and architectural lighting with efficient energy use.","robots":{"index":"index","follow":"follow","max-snippet":"max-snippet:-1","max-image-preview":"max-image-preview:large","max-video-preview":"max-video-preview:-1"},"canonical":"https:\/\/www.cinesouk.ma\/fr\/produit\/briteq-stage-beamer-mk2\/","og_locale":"fr_FR","og_type":"article","og_title":"Briteq Stage Beamer Mk2 (uplighter\/PAR)","og_description":"Briteq Stage Beamer Mk2 \u2013 RGB LED projector with silent operation, 16-bit color control, and DMX compatibility, designed for stage and architectural lighting with efficient energy use.","og_url":"https:\/\/www.cinesouk.ma\/fr\/produit\/briteq-stage-beamer-mk2\/","og_site_name":"CineSouk","article_modified_time":"2025-09-24T13:28:16+00:00","og_image":[{"width":300,"height":238,"url":"https:\/\/www.cinesouk.ma\/wp-content\/uploads\/2025\/03\/Briteq-Stage-Beamer-Mk2.jpg","type":"image\/jpeg"}],"twitter_card":"summary_large_image","twitter_description":"Briteq Stage Beamer Mk2 \u2013 RGB LED projector with silent operation, 16-bit color control, and DMX compatibility, designed for stage and architectural lighting with efficient energy use.","twitter_misc":{"Dur\u00e9e de lecture estim\u00e9e":"2 minutes"},"schema":{"@context":"https:\/\/schema.org","@graph":[{"@type":"WebPage","@id":"https:\/\/www.cinesouk.ma\/product\/briteq-stage-beamer-mk2\/","url":"https:\/\/www.cinesouk.ma\/product\/briteq-stage-beamer-mk2\/","name":"Briteq Stage Beamer Mk2 (uplighter\/PAR) - CineSouk","isPartOf":{"@id":"https:\/\/www.cinesouk.ma\/#website"},"primaryImageOfPage":{"@id":"https:\/\/www.cinesouk.ma\/product\/briteq-stage-beamer-mk2\/#primaryimage"},"image":{"@id":"https:\/\/www.cinesouk.ma\/product\/briteq-stage-beamer-mk2\/#primaryimage"},"thumbnailUrl":"https:\/\/www.cinesouk.ma\/wp-content\/uploads\/2025\/03\/Briteq-Stage-Beamer-Mk2.jpg","datePublished":"2025-03-28T11:19:26+00:00","dateModified":"2025-09-24T13:28:16+00:00","description":"Briteq Stage Beamer Mk2 \u2013 RGB LED projector with silent operation, 16-bit color control, and DMX compatibility, designed for stage and architectural lighting with efficient energy use.","breadcrumb":{"@id":"https:\/\/www.cinesouk.ma\/product\/briteq-stage-beamer-mk2\/#breadcrumb"},"inLanguage":"fr-FR","potentialAction":[{"@type":"ReadAction","target":["https:\/\/www.cinesouk.ma\/product\/briteq-stage-beamer-mk2\/"]}]},{"@type":"ImageObject","inLanguage":"fr-FR","@id":"https:\/\/www.cinesouk.ma\/product\/briteq-stage-beamer-mk2\/#primaryimage","url":"https:\/\/www.cinesouk.ma\/wp-content\/uploads\/2025\/03\/Briteq-Stage-Beamer-Mk2.jpg","contentUrl":"https:\/\/www.cinesouk.ma\/wp-content\/uploads\/2025\/03\/Briteq-Stage-Beamer-Mk2.jpg","width":300,"height":238,"caption":"Briteq Stage Beamer Mk2"},{"@type":"BreadcrumbList","@id":"https:\/\/www.cinesouk.ma\/product\/briteq-stage-beamer-mk2\/#breadcrumb","itemListElement":[{"@type":"ListItem","position":1,"name":"Home","item":"https:\/\/www.cinesouk.ma\/"},{"@type":"ListItem","position":2,"name":"Shop","item":"https:\/\/www.cinesouk.ma\/shop\/"},{"@type":"ListItem","position":3,"name":"Briteq Stage Beamer Mk2 (uplighter\/PAR)"}]},{"@type":"WebSite","@id":"https:\/\/www.cinesouk.ma\/#website","url":"https:\/\/www.cinesouk.ma\/","name":"CineSouk","description":"","publisher":{"@id":"https:\/\/www.cinesouk.ma\/#organization"},"potentialAction":[{"@type":"SearchAction","target":{"@type":"EntryPoint","urlTemplate":"https:\/\/www.cinesouk.ma\/?s={search_term_string}"},"query-input":{"@type":"PropertyValueSpecification","valueRequired":true,"valueName":"search_term_string"}}],"inLanguage":"fr-FR"},{"@type":"Organization","@id":"https:\/\/www.cinesouk.ma\/#organization","name":"CineSouk","url":"https:\/\/www.cinesouk.ma\/","logo":{"@type":"ImageObject","inLanguage":"fr-FR","@id":"https:\/\/www.cinesouk.ma\/#\/schema\/logo\/image\/","url":"https:\/\/www.cinesouk.ma\/wp-content\/uploads\/2024\/01\/CineSouk-logo-v01-alpha-alligned-left.png","contentUrl":"https:\/\/www.cinesouk.ma\/wp-content\/uploads\/2024\/01\/CineSouk-logo-v01-alpha-alligned-left.png","width":3204,"height":889,"caption":"CineSouk"},"image":{"@id":"https:\/\/www.cinesouk.ma\/#\/schema\/logo\/image\/"}}]}},"_links":{"self":[{"href":"https:\/\/www.cinesouk.ma\/fr\/wp-json\/wp\/v2\/product\/12069","targetHints":{"allow":["GET"]}}],"collection":[{"href":"https:\/\/www.cinesouk.ma\/fr\/wp-json\/wp\/v2\/product"}],"about":[{"href":"https:\/\/www.cinesouk.ma\/fr\/wp-json\/wp\/v2\/types\/product"}],"wp:featuredmedia":[{"embeddable":true,"href":"https:\/\/www.cinesouk.ma\/fr\/wp-json\/wp\/v2\/media\/12080"}],"wp:attachment":[{"href":"https:\/\/www.cinesouk.ma\/fr\/wp-json\/wp\/v2\/media?parent=12069"}],"wp:term":[{"taxonomy":"product_brand","embeddable":true,"href":"https:\/\/www.cinesouk.ma\/fr\/wp-json\/wp\/v2\/product_brand?post=12069"},{"taxonomy":"product_cat","embeddable":true,"href":"https:\/\/www.cinesouk.ma\/fr\/wp-json\/wp\/v2\/product_cat?post=12069"},{"taxonomy":"product_tag","embeddable":true,"href":"https:\/\/www.cinesouk.ma\/fr\/wp-json\/wp\/v2\/product_tag?post=12069"}],"curies":[{"name":"wp","href":"https:\/\/api.w.org\/{rel}","templated":true}]}}