{"id":12095,"date":"2025-04-02T13:23:59","date_gmt":"2025-04-02T13:23:59","guid":{"rendered":"https:\/\/www.cinesouk.ma\/?post_type=product&#038;p=12095"},"modified":"2025-04-02T14:45:10","modified_gmt":"2025-04-02T14:45:10","slug":"roadworx-cinedapter-cmt-5-8-m10","status":"publish","type":"product","link":"https:\/\/www.cinesouk.ma\/fr\/produit\/roadworx-cinedapter-cmt-5-8-m10\/","title":{"rendered":"Roadworx CineDapter CMT 5\/8\u2033 M10"},"content":{"rendered":"<p class=\"\" data-start=\"42\" data-end=\"312\">Le CineDapter CMT 5\/8\u2033 M10 de Roadworx est un adaptateur essentiel pour les installations vid\u00e9o et photographiques. Il convertit un embout 5\/8\u2033 (mini broche TV) en un filetage m\u00e2le M10, ce qui permet de fixer facilement un \u00e9quipement avec un filetage femelle M10 sur des supports ou des montages avec des embouts 5\/8\u2033.<\/p>\n<p class=\"\" data-start=\"314\" data-end=\"578\">Cet adaptateur est id\u00e9al pour les installations d'\u00e9clairage o\u00f9 la compatibilit\u00e9 entre diff\u00e9rents syst\u00e8mes de montage est n\u00e9cessaire. Sa construction en laiton assure une connexion durable, tandis que sa conception compacte permet une int\u00e9gration facile dans diverses configurations de production.<\/p>\n<h3 class=\"\" data-start=\"580\" data-end=\"601\"><strong data-start=\"584\" data-end=\"601\">Caract\u00e9ristiques principales :<\/strong><\/h3>\n<ul data-start=\"603\" data-end=\"901\">\n<li class=\"\" data-start=\"603\" data-end=\"652\">\n<p class=\"\" data-start=\"605\" data-end=\"652\"><strong data-start=\"605\" data-end=\"620\">Conversion :<\/strong> Raccord de 5\/8\u2033 \u00e0 filetage m\u00e2le M10.<\/p>\n<\/li>\n<li class=\"\" data-start=\"653\" data-end=\"700\">\n<p class=\"\" data-start=\"655\" data-end=\"700\"><strong data-start=\"655\" data-end=\"668\">Mat\u00e9riau :<\/strong> Durable <strong data-start=\"677\" data-end=\"686\">laiton<\/strong> construction.<\/p>\n<\/li>\n<li class=\"\" data-start=\"701\" data-end=\"811\">\n<p class=\"\" data-start=\"703\" data-end=\"811\"><strong data-start=\"703\" data-end=\"721\">Utilisation polyvalente :<\/strong> Parfait pour <strong data-start=\"734\" data-end=\"753\">les installations d'\u00e9clairage<\/strong> et le mat\u00e9riel de montage dans une large gamme de configurations.<\/p>\n<\/li>\n<li class=\"\" data-start=\"812\" data-end=\"901\">\n<p class=\"\" data-start=\"814\" data-end=\"901\"><strong data-start=\"814\" data-end=\"833\">Conception compacte :<\/strong> S'int\u00e8gre facilement dans diverses installations sans prendre beaucoup de place.<\/p>\n<\/li>\n<\/ul>\n<h3 class=\"\" data-start=\"903\" data-end=\"926\"><strong data-start=\"907\" data-end=\"926\">Sp\u00e9cifications :<\/strong><\/h3>\n<ul data-start=\"928\" data-end=\"1221\">\n<li class=\"\" data-start=\"928\" data-end=\"984\">\n<p class=\"\" data-start=\"930\" data-end=\"984\"><strong data-start=\"930\" data-end=\"952\">Conversion du fil :<\/strong> Raccord de 5\/8\u2033 \u00e0 filetage m\u00e2le M10.<\/p>\n<\/li>\n<li class=\"\" data-start=\"985\" data-end=\"1016\">\n<p class=\"\" data-start=\"987\" data-end=\"1016\"><strong data-start=\"987\" data-end=\"1009\">M10 Longueur du filet :<\/strong> 20 mm.<\/p>\n<\/li>\n<li class=\"\" data-start=\"1017\" data-end=\"1067\">\n<p class=\"\" data-start=\"1019\" data-end=\"1067\"><strong data-start=\"1019\" data-end=\"1032\">Mat\u00e9riau :<\/strong> Construction en laiton pour une meilleure durabilit\u00e9.<\/p>\n<\/li>\n<li class=\"\" data-start=\"1068\" data-end=\"1115\">\n<p class=\"\" data-start=\"1070\" data-end=\"1115\"><strong data-start=\"1070\" data-end=\"1081\">Poids :<\/strong> L\u00e9ger pour un transport facile.<\/p>\n<\/li>\n<li class=\"\" data-start=\"1116\" data-end=\"1221\">\n<p class=\"\" data-start=\"1118\" data-end=\"1221\"><strong data-start=\"1118\" data-end=\"1131\">Cas d'utilisation :<\/strong> Id\u00e9al pour le montage d'\u00e9quipements n\u00e9cessitant un filetage M10 sur des supports ou des montages \u00e0 embout de 5\/8\u2033.<\/p>\n<\/li>\n<\/ul>\n<p>Le CineDapter CMT 5\/8\u2033 M10 de Roadworx est une solution fiable et pratique pour les professionnels qui ont besoin de relier diff\u00e9rents syst\u00e8mes de montage. Sa construction en laiton de haute qualit\u00e9, sa taille compacte et sa compatibilit\u00e9 polyvalente en font un accessoire essentiel pour les configurations d'\u00e9clairage et d'autres \u00e9quipements, garantissant des op\u00e9rations fluides et efficaces sur le plateau.<\/p>\n<p data-start=\"40\" data-end=\"376\">Louez-le maintenant sur <a href=\"https:\/\/www.cinesouk.ma\/fr\">CINESOUK<\/a> - une marque de <a href=\"https:\/\/www.broadway.ma\/\">BROADWAY PRODUCTIONS SARL.<\/a><\/p>","protected":false},"excerpt":{"rendered":"<p><strong>Sp\u00e9cifications :<\/strong><\/p>\n<ul>\n<li class=\"\" data-start=\"928\" data-end=\"984\">\n<p class=\"\" data-start=\"930\" data-end=\"984\"><strong data-start=\"930\" data-end=\"952\">Conversion du fil :<\/strong> Raccord de 5\/8\u2033 \u00e0 filetage m\u00e2le M10.<\/p>\n<\/li>\n<li class=\"\" data-start=\"985\" data-end=\"1016\">\n<p class=\"\" data-start=\"987\" data-end=\"1016\"><strong data-start=\"987\" data-end=\"1009\">M10 Longueur du filet :<\/strong> 20 mm.<\/p>\n<\/li>\n<li class=\"\" data-start=\"1017\" data-end=\"1067\">\n<p class=\"\" data-start=\"1019\" data-end=\"1067\"><strong data-start=\"1019\" data-end=\"1032\">Mat\u00e9riau :<\/strong> Construction en laiton pour une meilleure durabilit\u00e9.<\/p>\n<\/li>\n<li class=\"\" data-start=\"1068\" data-end=\"1115\">\n<p class=\"\" data-start=\"1070\" data-end=\"1115\"><strong data-start=\"1070\" data-end=\"1081\">Poids :<\/strong> L\u00e9ger pour un transport facile.<\/p>\n<\/li>\n<li class=\"\" data-start=\"1116\" data-end=\"1221\">\n<p class=\"\" data-start=\"1118\" data-end=\"1221\"><strong data-start=\"1118\" data-end=\"1131\">Cas d'utilisation :<\/strong> Id\u00e9al pour le montage d'\u00e9quipements n\u00e9cessitant un filetage M10 sur des supports ou des montages \u00e0 embout de 5\/8\u2033.<\/p>\n<\/li>\n<\/ul>","protected":false},"featured_media":12106,"template":"","meta":{"om_disable_all_campaigns":false,"_monsterinsights_skip_tracking":false,"_monsterinsights_sitenote_active":false,"_monsterinsights_sitenote_note":"","_monsterinsights_sitenote_category":0,"_uf_show_specific_survey":0,"_uf_disable_surveys":false},"product_brand":[],"product_cat":[37],"product_tag":[],"class_list":{"0":"post-12095","1":"product","2":"type-product","3":"status-publish","4":"has-post-thumbnail","6":"product_cat-accessories-cinesouk","8":"entry","9":"has-media","11":"first","12":"instock","13":"taxable","14":"shipping-taxable","15":"purchasable","16":"product-type-variable","17":"has-product-nav","18":"col","19":"span_1_of_3","20":"owp-content-center","21":"owp-thumbs-layout-horizontal","22":"owp-btn-normal","23":"owp-tabs-layout-horizontal","24":"has-no-thumbnails"},"yoast_head":"<!-- This site is optimized with the Yoast SEO Premium plugin v26.0 (Yoast SEO v26.0) - https:\/\/yoast.com\/wordpress\/plugins\/seo\/ -->\n<title>Roadworx CineDapter CMT 5\/8&quot; M10 - CineSouk<\/title>\n<meta name=\"description\" content=\"Roadworx CineDapter CMT 5\/8&quot; M10 \u2013 Brass adapter for converting 5\/8&quot; spigot to M10 male thread, ideal for lighting setups and mounting equipment with ease.\" \/>\n<meta name=\"robots\" content=\"index, follow, max-snippet:-1, max-image-preview:large, max-video-preview:-1\" \/>\n<link rel=\"canonical\" href=\"https:\/\/www.cinesouk.ma\/fr\/produit\/roadworx-cinedapter-cmt-5-8-m10\/\" \/>\n<meta property=\"og:locale\" content=\"fr_FR\" \/>\n<meta property=\"og:type\" content=\"article\" \/>\n<meta property=\"og:title\" content=\"Roadworx CineDapter CMT 5\/8&quot; M10\" \/>\n<meta property=\"og:description\" content=\"Roadworx CineDapter CMT 5\/8&quot; M10 \u2013 Brass adapter for converting 5\/8&quot; spigot to M10 male thread, ideal for lighting setups and mounting equipment with ease.\" \/>\n<meta property=\"og:url\" content=\"https:\/\/www.cinesouk.ma\/fr\/produit\/roadworx-cinedapter-cmt-5-8-m10\/\" \/>\n<meta property=\"og:site_name\" content=\"CineSouk\" \/>\n<meta property=\"article:modified_time\" content=\"2025-04-02T14:45:10+00:00\" \/>\n<meta property=\"og:image\" content=\"https:\/\/www.cinesouk.ma\/wp-content\/uploads\/2025\/04\/Roadworx-CineDapter-CMT-5822-M10.jpg\" \/>\n\t<meta property=\"og:image:width\" content=\"300\" \/>\n\t<meta property=\"og:image:height\" content=\"238\" \/>\n\t<meta property=\"og:image:type\" content=\"image\/jpeg\" \/>\n<meta name=\"twitter:card\" content=\"summary_large_image\" \/>\n<meta name=\"twitter:description\" content=\"Roadworx CineDapter CMT 5\/8&quot; M10 \u2013 Brass adapter for converting 5\/8&quot; spigot to M10 male thread, ideal for lighting setups and mounting equipment with ease.\" \/>\n<meta name=\"twitter:label1\" content=\"Dur\u00e9e de lecture estim\u00e9e\" \/>\n\t<meta name=\"twitter:data1\" content=\"2 minutes\" \/>\n<script type=\"application\/ld+json\" class=\"yoast-schema-graph\">{\"@context\":\"https:\/\/schema.org\",\"@graph\":[{\"@type\":\"WebPage\",\"@id\":\"https:\/\/www.cinesouk.ma\/product\/roadworx-cinedapter-cmt-5-8-m10\/\",\"url\":\"https:\/\/www.cinesouk.ma\/product\/roadworx-cinedapter-cmt-5-8-m10\/\",\"name\":\"Roadworx CineDapter CMT 5\/8\\\" M10 - CineSouk\",\"isPartOf\":{\"@id\":\"https:\/\/www.cinesouk.ma\/#website\"},\"primaryImageOfPage\":{\"@id\":\"https:\/\/www.cinesouk.ma\/product\/roadworx-cinedapter-cmt-5-8-m10\/#primaryimage\"},\"image\":{\"@id\":\"https:\/\/www.cinesouk.ma\/product\/roadworx-cinedapter-cmt-5-8-m10\/#primaryimage\"},\"thumbnailUrl\":\"https:\/\/www.cinesouk.ma\/wp-content\/uploads\/2025\/04\/Roadworx-CineDapter-CMT-5822-M10.jpg\",\"datePublished\":\"2025-04-02T13:23:59+00:00\",\"dateModified\":\"2025-04-02T14:45:10+00:00\",\"description\":\"Roadworx CineDapter CMT 5\/8\\\" M10 \u2013 Brass adapter for converting 5\/8\\\" spigot to M10 male thread, ideal for lighting setups and mounting equipment with ease.\",\"breadcrumb\":{\"@id\":\"https:\/\/www.cinesouk.ma\/product\/roadworx-cinedapter-cmt-5-8-m10\/#breadcrumb\"},\"inLanguage\":\"fr-FR\",\"potentialAction\":[{\"@type\":\"ReadAction\",\"target\":[\"https:\/\/www.cinesouk.ma\/product\/roadworx-cinedapter-cmt-5-8-m10\/\"]}]},{\"@type\":\"ImageObject\",\"inLanguage\":\"fr-FR\",\"@id\":\"https:\/\/www.cinesouk.ma\/product\/roadworx-cinedapter-cmt-5-8-m10\/#primaryimage\",\"url\":\"https:\/\/www.cinesouk.ma\/wp-content\/uploads\/2025\/04\/Roadworx-CineDapter-CMT-5822-M10.jpg\",\"contentUrl\":\"https:\/\/www.cinesouk.ma\/wp-content\/uploads\/2025\/04\/Roadworx-CineDapter-CMT-5822-M10.jpg\",\"width\":300,\"height\":238,\"caption\":\"Roadworx CineDapter CMT 5:8 M10\"},{\"@type\":\"BreadcrumbList\",\"@id\":\"https:\/\/www.cinesouk.ma\/product\/roadworx-cinedapter-cmt-5-8-m10\/#breadcrumb\",\"itemListElement\":[{\"@type\":\"ListItem\",\"position\":1,\"name\":\"Home\",\"item\":\"https:\/\/www.cinesouk.ma\/\"},{\"@type\":\"ListItem\",\"position\":2,\"name\":\"Shop\",\"item\":\"https:\/\/www.cinesouk.ma\/shop\/\"},{\"@type\":\"ListItem\",\"position\":3,\"name\":\"Roadworx CineDapter CMT 5\/8&#8243; M10\"}]},{\"@type\":\"WebSite\",\"@id\":\"https:\/\/www.cinesouk.ma\/#website\",\"url\":\"https:\/\/www.cinesouk.ma\/\",\"name\":\"CineSouk\",\"description\":\"\",\"publisher\":{\"@id\":\"https:\/\/www.cinesouk.ma\/#organization\"},\"potentialAction\":[{\"@type\":\"SearchAction\",\"target\":{\"@type\":\"EntryPoint\",\"urlTemplate\":\"https:\/\/www.cinesouk.ma\/?s={search_term_string}\"},\"query-input\":{\"@type\":\"PropertyValueSpecification\",\"valueRequired\":true,\"valueName\":\"search_term_string\"}}],\"inLanguage\":\"fr-FR\"},{\"@type\":\"Organization\",\"@id\":\"https:\/\/www.cinesouk.ma\/#organization\",\"name\":\"CineSouk\",\"url\":\"https:\/\/www.cinesouk.ma\/\",\"logo\":{\"@type\":\"ImageObject\",\"inLanguage\":\"fr-FR\",\"@id\":\"https:\/\/www.cinesouk.ma\/#\/schema\/logo\/image\/\",\"url\":\"https:\/\/www.cinesouk.ma\/wp-content\/uploads\/2024\/01\/CineSouk-logo-v01-alpha-alligned-left.png\",\"contentUrl\":\"https:\/\/www.cinesouk.ma\/wp-content\/uploads\/2024\/01\/CineSouk-logo-v01-alpha-alligned-left.png\",\"width\":3204,\"height\":889,\"caption\":\"CineSouk\"},\"image\":{\"@id\":\"https:\/\/www.cinesouk.ma\/#\/schema\/logo\/image\/\"}}]}<\/script>\n<!-- \/ Yoast SEO Premium plugin. -->","yoast_head_json":{"title":"Roadworx CineDapter CMT 5\/8\" M10 - CineSouk","description":"Roadworx CineDapter CMT 5\/8\" M10 \u2013 Brass adapter for converting 5\/8\" spigot to M10 male thread, ideal for lighting setups and mounting equipment with ease.","robots":{"index":"index","follow":"follow","max-snippet":"max-snippet:-1","max-image-preview":"max-image-preview:large","max-video-preview":"max-video-preview:-1"},"canonical":"https:\/\/www.cinesouk.ma\/fr\/produit\/roadworx-cinedapter-cmt-5-8-m10\/","og_locale":"fr_FR","og_type":"article","og_title":"Roadworx CineDapter CMT 5\/8\" M10","og_description":"Roadworx CineDapter CMT 5\/8\" M10 \u2013 Brass adapter for converting 5\/8\" spigot to M10 male thread, ideal for lighting setups and mounting equipment with ease.","og_url":"https:\/\/www.cinesouk.ma\/fr\/produit\/roadworx-cinedapter-cmt-5-8-m10\/","og_site_name":"CineSouk","article_modified_time":"2025-04-02T14:45:10+00:00","og_image":[{"width":300,"height":238,"url":"https:\/\/www.cinesouk.ma\/wp-content\/uploads\/2025\/04\/Roadworx-CineDapter-CMT-5822-M10.jpg","type":"image\/jpeg"}],"twitter_card":"summary_large_image","twitter_description":"Roadworx CineDapter CMT 5\/8\" M10 \u2013 Brass adapter for converting 5\/8\" spigot to M10 male thread, ideal for lighting setups and mounting equipment with ease.","twitter_misc":{"Dur\u00e9e de lecture estim\u00e9e":"2 minutes"},"schema":{"@context":"https:\/\/schema.org","@graph":[{"@type":"WebPage","@id":"https:\/\/www.cinesouk.ma\/product\/roadworx-cinedapter-cmt-5-8-m10\/","url":"https:\/\/www.cinesouk.ma\/product\/roadworx-cinedapter-cmt-5-8-m10\/","name":"Roadworx CineDapter CMT 5\/8\" M10 - CineSouk","isPartOf":{"@id":"https:\/\/www.cinesouk.ma\/#website"},"primaryImageOfPage":{"@id":"https:\/\/www.cinesouk.ma\/product\/roadworx-cinedapter-cmt-5-8-m10\/#primaryimage"},"image":{"@id":"https:\/\/www.cinesouk.ma\/product\/roadworx-cinedapter-cmt-5-8-m10\/#primaryimage"},"thumbnailUrl":"https:\/\/www.cinesouk.ma\/wp-content\/uploads\/2025\/04\/Roadworx-CineDapter-CMT-5822-M10.jpg","datePublished":"2025-04-02T13:23:59+00:00","dateModified":"2025-04-02T14:45:10+00:00","description":"Roadworx CineDapter CMT 5\/8\" M10 \u2013 Brass adapter for converting 5\/8\" spigot to M10 male thread, ideal for lighting setups and mounting equipment with ease.","breadcrumb":{"@id":"https:\/\/www.cinesouk.ma\/product\/roadworx-cinedapter-cmt-5-8-m10\/#breadcrumb"},"inLanguage":"fr-FR","potentialAction":[{"@type":"ReadAction","target":["https:\/\/www.cinesouk.ma\/product\/roadworx-cinedapter-cmt-5-8-m10\/"]}]},{"@type":"ImageObject","inLanguage":"fr-FR","@id":"https:\/\/www.cinesouk.ma\/product\/roadworx-cinedapter-cmt-5-8-m10\/#primaryimage","url":"https:\/\/www.cinesouk.ma\/wp-content\/uploads\/2025\/04\/Roadworx-CineDapter-CMT-5822-M10.jpg","contentUrl":"https:\/\/www.cinesouk.ma\/wp-content\/uploads\/2025\/04\/Roadworx-CineDapter-CMT-5822-M10.jpg","width":300,"height":238,"caption":"Roadworx CineDapter CMT 5:8 M10"},{"@type":"BreadcrumbList","@id":"https:\/\/www.cinesouk.ma\/product\/roadworx-cinedapter-cmt-5-8-m10\/#breadcrumb","itemListElement":[{"@type":"ListItem","position":1,"name":"Home","item":"https:\/\/www.cinesouk.ma\/"},{"@type":"ListItem","position":2,"name":"Shop","item":"https:\/\/www.cinesouk.ma\/shop\/"},{"@type":"ListItem","position":3,"name":"Roadworx CineDapter CMT 5\/8&#8243; M10"}]},{"@type":"WebSite","@id":"https:\/\/www.cinesouk.ma\/#website","url":"https:\/\/www.cinesouk.ma\/","name":"CineSouk","description":"","publisher":{"@id":"https:\/\/www.cinesouk.ma\/#organization"},"potentialAction":[{"@type":"SearchAction","target":{"@type":"EntryPoint","urlTemplate":"https:\/\/www.cinesouk.ma\/?s={search_term_string}"},"query-input":{"@type":"PropertyValueSpecification","valueRequired":true,"valueName":"search_term_string"}}],"inLanguage":"fr-FR"},{"@type":"Organization","@id":"https:\/\/www.cinesouk.ma\/#organization","name":"CineSouk","url":"https:\/\/www.cinesouk.ma\/","logo":{"@type":"ImageObject","inLanguage":"fr-FR","@id":"https:\/\/www.cinesouk.ma\/#\/schema\/logo\/image\/","url":"https:\/\/www.cinesouk.ma\/wp-content\/uploads\/2024\/01\/CineSouk-logo-v01-alpha-alligned-left.png","contentUrl":"https:\/\/www.cinesouk.ma\/wp-content\/uploads\/2024\/01\/CineSouk-logo-v01-alpha-alligned-left.png","width":3204,"height":889,"caption":"CineSouk"},"image":{"@id":"https:\/\/www.cinesouk.ma\/#\/schema\/logo\/image\/"}}]}},"_links":{"self":[{"href":"https:\/\/www.cinesouk.ma\/fr\/wp-json\/wp\/v2\/product\/12095","targetHints":{"allow":["GET"]}}],"collection":[{"href":"https:\/\/www.cinesouk.ma\/fr\/wp-json\/wp\/v2\/product"}],"about":[{"href":"https:\/\/www.cinesouk.ma\/fr\/wp-json\/wp\/v2\/types\/product"}],"wp:featuredmedia":[{"embeddable":true,"href":"https:\/\/www.cinesouk.ma\/fr\/wp-json\/wp\/v2\/media\/12106"}],"wp:attachment":[{"href":"https:\/\/www.cinesouk.ma\/fr\/wp-json\/wp\/v2\/media?parent=12095"}],"wp:term":[{"taxonomy":"product_brand","embeddable":true,"href":"https:\/\/www.cinesouk.ma\/fr\/wp-json\/wp\/v2\/product_brand?post=12095"},{"taxonomy":"product_cat","embeddable":true,"href":"https:\/\/www.cinesouk.ma\/fr\/wp-json\/wp\/v2\/product_cat?post=12095"},{"taxonomy":"product_tag","embeddable":true,"href":"https:\/\/www.cinesouk.ma\/fr\/wp-json\/wp\/v2\/product_tag?post=12095"}],"curies":[{"name":"wp","href":"https:\/\/api.w.org\/{rel}","templated":true}]}}