{"id":12107,"date":"2025-04-02T13:51:02","date_gmt":"2025-04-02T13:51:02","guid":{"rendered":"https:\/\/www.cinesouk.ma\/?post_type=product&#038;p=12107"},"modified":"2025-04-07T08:38:47","modified_gmt":"2025-04-07T08:38:47","slug":"hyperjuice-245w-usb-c-100wh-battery-pack","status":"publish","type":"product","link":"https:\/\/www.cinesouk.ma\/fr\/produit\/hyperjuice-245w-usb-c-100wh-battery-pack\/","title":{"rendered":"HyperJuice 245W USB-C 100Wh Battery Pack"},"content":{"rendered":"<p class=\"\" data-start=\"0\" data-end=\"291\">La batterie HyperJuice 245W USB-C 100Wh est un chargeur portable de grande capacit\u00e9 con\u00e7u pour les voyages, la r\u00e9alisation de films et l'utilisation prolong\u00e9e en ext\u00e9rieur. Avec une capacit\u00e9 massive de 27 000 mAh, ce bloc-batterie peut charger des appareils tels que des ordinateurs portables, des tablettes, des smartphones et d'autres \u00e9quipements aliment\u00e9s par USB-C.<\/p>\n<h3 class=\"\" data-start=\"293\" data-end=\"314\"><strong data-start=\"297\" data-end=\"314\">Caract\u00e9ristiques principales de la batterie HyperJuice 245W USB-C 100Wh :<\/strong><\/h3>\n<ul data-start=\"316\" data-end=\"1193\">\n<li class=\"\" data-start=\"316\" data-end=\"464\">\n<p class=\"\" data-start=\"318\" data-end=\"464\"><strong data-start=\"318\" data-end=\"336\">Grande capacit\u00e9 :<\/strong> Offre un <strong data-start=\"346\" data-end=\"360\">27 000 mAh<\/strong> batterie, capable de charger un <strong data-start=\"392\" data-end=\"411\">13\u2033 MacBook Pro<\/strong> jusqu'\u00e0 deux fois ou un <strong data-start=\"434\" data-end=\"447\">iPhone 13<\/strong> jusqu'\u00e0 7-9 fois.<\/p>\n<\/li>\n<li class=\"\" data-start=\"465\" data-end=\"661\">\n<p class=\"\" data-start=\"467\" data-end=\"661\"><strong data-start=\"467\" data-end=\"486\">Ports multiples :<\/strong> \u00c9quip\u00e9 de <strong data-start=\"501\" data-end=\"521\">quatre ports USB-C<\/strong>, deux soutiens <strong data-start=\"538\" data-end=\"546\">100W<\/strong> et deux \u00e0 <strong data-start=\"558\" data-end=\"565\">65W<\/strong>Il permet de recharger simultan\u00e9ment plusieurs appareils, tels que deux ordinateurs portables, un iPad et un t\u00e9l\u00e9phone.<\/p>\n<\/li>\n<li class=\"\" data-start=\"662\" data-end=\"806\">\n<p class=\"\" data-start=\"664\" data-end=\"806\"><strong data-start=\"664\" data-end=\"682\">Chargement rapide :<\/strong> Soutien <strong data-start=\"692\" data-end=\"714\">Alimentation par USB<\/strong>, <strong data-start=\"716\" data-end=\"744\">Qualcomm Quick Charge 4+<\/strong>et <strong data-start=\"750\" data-end=\"757\">PPS<\/strong>permettant une recharge rapide des appareils compatibles.<\/p>\n<\/li>\n<li class=\"\" data-start=\"807\" data-end=\"919\">\n<p class=\"\" data-start=\"809\" data-end=\"919\"><strong data-start=\"809\" data-end=\"834\">Chargement en continu :<\/strong> Permet de recharger la batterie tout en chargeant simultan\u00e9ment les appareils connect\u00e9s.<\/p>\n<\/li>\n<li class=\"\" data-start=\"920\" data-end=\"1045\">\n<p class=\"\" data-start=\"922\" data-end=\"1045\"><strong data-start=\"922\" data-end=\"939\">\u00c9cran OLED :<\/strong> Caract\u00e9ristiques <strong data-start=\"952\" data-end=\"967\">\u00c9cran OLED<\/strong> qui indique l'\u00e9tat de la batterie en temps r\u00e9el, y compris le niveau de charge et la puissance d\u00e9livr\u00e9e.<\/p>\n<\/li>\n<li class=\"\" data-start=\"1046\" data-end=\"1193\">\n<p class=\"\" data-start=\"1048\" data-end=\"1193\"><strong data-start=\"1048\" data-end=\"1071\">Protections de s\u00e9curit\u00e9 :<\/strong> Construit avec <strong data-start=\"1083\" data-end=\"1099\">surintensit\u00e9<\/strong>, <strong data-start=\"1101\" data-end=\"1117\">surtension<\/strong>, <strong data-start=\"1119\" data-end=\"1139\">surchauffe<\/strong>et <strong data-start=\"1145\" data-end=\"1162\">court-circuit<\/strong> protection pour un fonctionnement s\u00fbr.<\/p>\n<\/li>\n<\/ul>\n<h3 class=\"\" data-start=\"1195\" data-end=\"1218\"><strong data-start=\"1199\" data-end=\"1218\">Sp\u00e9cifications :<\/strong><\/h3>\n<ul data-start=\"1220\" data-end=\"1448\">\n<li class=\"\" data-start=\"1220\" data-end=\"1258\">\n<p class=\"\" data-start=\"1222\" data-end=\"1258\"><strong data-start=\"1222\" data-end=\"1243\">Capacit\u00e9 de la batterie :<\/strong> <strong data-start=\"1244\" data-end=\"1258\">27 000 mAh<\/strong><\/p>\n<\/li>\n<li class=\"\" data-start=\"1259\" data-end=\"1288\">\n<p class=\"\" data-start=\"1261\" data-end=\"1288\"><strong data-start=\"1261\" data-end=\"1271\">Entr\u00e9e :<\/strong> <strong data-start=\"1272\" data-end=\"1288\">USB-C (100W)<\/strong><\/p>\n<\/li>\n<li class=\"\" data-start=\"1289\" data-end=\"1374\">\n<p class=\"\" data-start=\"1291\" data-end=\"1303\"><strong data-start=\"1291\" data-end=\"1303\">Sorties :<\/strong><\/p>\n<ul data-start=\"1306\" data-end=\"1374\">\n<li class=\"\" data-start=\"1306\" data-end=\"1339\">\n<p class=\"\" data-start=\"1308\" data-end=\"1339\">Deux <strong data-start=\"1312\" data-end=\"1339\">Ports USB-C (100 W chacun)<\/strong><\/p>\n<\/li>\n<li class=\"\" data-start=\"1342\" data-end=\"1374\">\n<p class=\"\" data-start=\"1344\" data-end=\"1374\">Deux <strong data-start=\"1348\" data-end=\"1374\">Ports USB-C (65 W chacun)<\/strong><\/p>\n<\/li>\n<\/ul>\n<\/li>\n<li class=\"\" data-start=\"1375\" data-end=\"1419\">\n<p class=\"\" data-start=\"1377\" data-end=\"1419\"><strong data-start=\"1377\" data-end=\"1392\">Dimensions :<\/strong> <strong data-start=\"1393\" data-end=\"1419\">7,6 x 3,4 x 1,1 pouces<\/strong><\/p>\n<\/li>\n<li class=\"\" data-start=\"1420\" data-end=\"1448\">\n<p class=\"\" data-start=\"1422\" data-end=\"1448\"><strong data-start=\"1422\" data-end=\"1433\">Poids :<\/strong> <strong data-start=\"1434\" data-end=\"1448\">1.7 livres<\/strong><\/p>\n<\/li>\n<\/ul>\n<p class=\"\" data-start=\"1471\" data-end=\"1786\">La batterie HyperJuice 245W USB-C 100Wh est un excellent choix pour les professionnels, les voyageurs et les cr\u00e9ateurs de contenu qui ont besoin d'une source d'alimentation fiable et de grande capacit\u00e9. Avec plusieurs ports de charge, des capacit\u00e9s de charge rapide et des fonctionnalit\u00e9s de s\u00e9curit\u00e9, il garantit que vos appareils restent aliment\u00e9s pendant de longues heures d'utilisation.<\/p>\n<p>Louez-le maintenant sur <a href=\"https:\/\/www.cinesouk.ma\/fr\">CINESOUK<\/a> - une marque de <a href=\"https:\/\/www.broadway.ma\/\">BROADWAY PRODUCTIONS SARL.<\/a><\/p>","protected":false},"excerpt":{"rendered":"<p><strong>Sp\u00e9cifications<\/strong><\/p>\n<ul>\n<li class=\"\" data-start=\"1220\" data-end=\"1258\">\n<p class=\"\" data-start=\"1222\" data-end=\"1258\"><strong data-start=\"1222\" data-end=\"1243\">Capacit\u00e9 de la batterie :<\/strong> <strong data-start=\"1244\" data-end=\"1258\">27 000 mAh<\/strong><\/p>\n<\/li>\n<li class=\"\" data-start=\"1259\" data-end=\"1288\">\n<p class=\"\" data-start=\"1261\" data-end=\"1288\"><strong data-start=\"1261\" data-end=\"1271\">Entr\u00e9e :<\/strong> <strong data-start=\"1272\" data-end=\"1288\">USB-C (100W)<\/strong><\/p>\n<\/li>\n<li class=\"\" data-start=\"1289\" data-end=\"1374\">\n<p class=\"\" data-start=\"1291\" data-end=\"1303\"><strong data-start=\"1291\" data-end=\"1303\">Sorties :<\/strong><\/p>\n<ul data-start=\"1306\" data-end=\"1374\">\n<li class=\"\" data-start=\"1306\" data-end=\"1339\">\n<p class=\"\" data-start=\"1308\" data-end=\"1339\">Deux <strong data-start=\"1312\" data-end=\"1339\">Ports USB-C (100 W chacun)<\/strong><\/p>\n<\/li>\n<li class=\"\" data-start=\"1342\" data-end=\"1374\">\n<p class=\"\" data-start=\"1344\" data-end=\"1374\">Deux <strong data-start=\"1348\" data-end=\"1374\">Ports USB-C (65 W chacun)<\/strong><\/p>\n<\/li>\n<\/ul>\n<\/li>\n<li class=\"\" data-start=\"1375\" data-end=\"1419\">\n<p class=\"\" data-start=\"1377\" data-end=\"1419\"><strong data-start=\"1377\" data-end=\"1392\">Dimensions :<\/strong> <strong data-start=\"1393\" data-end=\"1419\">7,6 x 3,4 x 1,1 pouces<\/strong><\/p>\n<\/li>\n<li class=\"\" data-start=\"1420\" data-end=\"1448\">\n<p class=\"\" data-start=\"1422\" data-end=\"1448\"><strong data-start=\"1422\" data-end=\"1433\">Poids :<\/strong> <strong data-start=\"1434\" data-end=\"1448\">1.7 livres<\/strong><\/p>\n<\/li>\n<\/ul>","protected":false},"featured_media":12166,"template":"","meta":{"om_disable_all_campaigns":false,"_monsterinsights_skip_tracking":false,"_monsterinsights_sitenote_active":false,"_monsterinsights_sitenote_note":"","_monsterinsights_sitenote_category":0,"_uf_show_specific_survey":0,"_uf_disable_surveys":false},"product_brand":[],"product_cat":[57],"product_tag":[],"class_list":{"0":"post-12107","1":"product","2":"type-product","3":"status-publish","4":"has-post-thumbnail","6":"product_cat-batteries-cinesouk","8":"entry","9":"has-media","11":"first","12":"instock","13":"taxable","14":"shipping-taxable","15":"purchasable","16":"product-type-variable","17":"has-product-nav","18":"col","19":"span_1_of_3","20":"owp-content-center","21":"owp-thumbs-layout-horizontal","22":"owp-btn-normal","23":"owp-tabs-layout-horizontal","24":"has-no-thumbnails"},"yoast_head":"<!-- This site is optimized with the Yoast SEO Premium plugin v26.0 (Yoast SEO v26.0) - https:\/\/yoast.com\/wordpress\/plugins\/seo\/ -->\n<title>HyperJuice 245W USB-C 100Wh Battery Pack - CineSouk Marrakesh - For rent<\/title>\n<meta name=\"description\" content=\"The HyperJuice 245W USB-C 100Wh Battery Pack offers 27,000 mAh capacity, four USB-C ports with up to 100W output, fast charging, passthrough charging, and an OLED display, ensuring reliable power during travel.\" \/>\n<meta name=\"robots\" content=\"index, follow, max-snippet:-1, max-image-preview:large, max-video-preview:-1\" \/>\n<link rel=\"canonical\" href=\"https:\/\/www.cinesouk.ma\/fr\/produit\/hyperjuice-245w-usb-c-100wh-battery-pack\/\" \/>\n<meta property=\"og:locale\" content=\"fr_FR\" \/>\n<meta property=\"og:type\" content=\"article\" \/>\n<meta property=\"og:title\" content=\"HyperJuice 245W USB-C 100Wh Battery Pack\" \/>\n<meta property=\"og:description\" content=\"The HyperJuice 245W USB-C 100Wh Battery Pack offers 27,000 mAh capacity, four USB-C ports with up to 100W output, fast charging, passthrough charging, and an OLED display, ensuring reliable power during travel.\" \/>\n<meta property=\"og:url\" content=\"https:\/\/www.cinesouk.ma\/fr\/produit\/hyperjuice-245w-usb-c-100wh-battery-pack\/\" \/>\n<meta property=\"og:site_name\" content=\"CineSouk\" \/>\n<meta property=\"article:modified_time\" content=\"2025-04-07T08:38:47+00:00\" \/>\n<meta property=\"og:image\" content=\"https:\/\/www.cinesouk.ma\/wp-content\/uploads\/2025\/04\/HyperJuice-245W-USB-C-100Wh-Battery-Pack_V2.jpg\" \/>\n\t<meta property=\"og:image:width\" content=\"300\" \/>\n\t<meta property=\"og:image:height\" content=\"238\" \/>\n\t<meta property=\"og:image:type\" content=\"image\/jpeg\" \/>\n<meta name=\"twitter:card\" content=\"summary_large_image\" \/>\n<meta name=\"twitter:description\" content=\"The HyperJuice 245W USB-C 100Wh Battery Pack offers 27,000 mAh capacity, four USB-C ports with up to 100W output, fast charging, passthrough charging, and an OLED display, ensuring reliable power during travel.\" \/>\n<meta name=\"twitter:label1\" content=\"Dur\u00e9e de lecture estim\u00e9e\" \/>\n\t<meta name=\"twitter:data1\" content=\"2 minutes\" \/>\n<script type=\"application\/ld+json\" class=\"yoast-schema-graph\">{\"@context\":\"https:\/\/schema.org\",\"@graph\":[{\"@type\":\"WebPage\",\"@id\":\"https:\/\/www.cinesouk.ma\/product\/hyperjuice-245w-usb-c-100wh-battery-pack\/\",\"url\":\"https:\/\/www.cinesouk.ma\/product\/hyperjuice-245w-usb-c-100wh-battery-pack\/\",\"name\":\"HyperJuice 245W USB-C 100Wh Battery Pack - CineSouk Marrakesh - For rent\",\"isPartOf\":{\"@id\":\"https:\/\/www.cinesouk.ma\/#website\"},\"primaryImageOfPage\":{\"@id\":\"https:\/\/www.cinesouk.ma\/product\/hyperjuice-245w-usb-c-100wh-battery-pack\/#primaryimage\"},\"image\":{\"@id\":\"https:\/\/www.cinesouk.ma\/product\/hyperjuice-245w-usb-c-100wh-battery-pack\/#primaryimage\"},\"thumbnailUrl\":\"https:\/\/www.cinesouk.ma\/wp-content\/uploads\/2025\/04\/HyperJuice-245W-USB-C-100Wh-Battery-Pack_V2.jpg\",\"datePublished\":\"2025-04-02T13:51:02+00:00\",\"dateModified\":\"2025-04-07T08:38:47+00:00\",\"description\":\"The HyperJuice 245W USB-C 100Wh Battery Pack offers 27,000 mAh capacity, four USB-C ports with up to 100W output, fast charging, passthrough charging, and an OLED display, ensuring reliable power during travel.\",\"breadcrumb\":{\"@id\":\"https:\/\/www.cinesouk.ma\/product\/hyperjuice-245w-usb-c-100wh-battery-pack\/#breadcrumb\"},\"inLanguage\":\"fr-FR\",\"potentialAction\":[{\"@type\":\"ReadAction\",\"target\":[\"https:\/\/www.cinesouk.ma\/product\/hyperjuice-245w-usb-c-100wh-battery-pack\/\"]}]},{\"@type\":\"ImageObject\",\"inLanguage\":\"fr-FR\",\"@id\":\"https:\/\/www.cinesouk.ma\/product\/hyperjuice-245w-usb-c-100wh-battery-pack\/#primaryimage\",\"url\":\"https:\/\/www.cinesouk.ma\/wp-content\/uploads\/2025\/04\/HyperJuice-245W-USB-C-100Wh-Battery-Pack_V2.jpg\",\"contentUrl\":\"https:\/\/www.cinesouk.ma\/wp-content\/uploads\/2025\/04\/HyperJuice-245W-USB-C-100Wh-Battery-Pack_V2.jpg\",\"width\":300,\"height\":238,\"caption\":\"\u00a0HyperJuice 245W USB-C 100Wh Battery Pack_V2\"},{\"@type\":\"BreadcrumbList\",\"@id\":\"https:\/\/www.cinesouk.ma\/product\/hyperjuice-245w-usb-c-100wh-battery-pack\/#breadcrumb\",\"itemListElement\":[{\"@type\":\"ListItem\",\"position\":1,\"name\":\"Home\",\"item\":\"https:\/\/www.cinesouk.ma\/\"},{\"@type\":\"ListItem\",\"position\":2,\"name\":\"Shop\",\"item\":\"https:\/\/www.cinesouk.ma\/shop\/\"},{\"@type\":\"ListItem\",\"position\":3,\"name\":\"HyperJuice 245W USB-C 100Wh Battery Pack\"}]},{\"@type\":\"WebSite\",\"@id\":\"https:\/\/www.cinesouk.ma\/#website\",\"url\":\"https:\/\/www.cinesouk.ma\/\",\"name\":\"CineSouk\",\"description\":\"\",\"publisher\":{\"@id\":\"https:\/\/www.cinesouk.ma\/#organization\"},\"potentialAction\":[{\"@type\":\"SearchAction\",\"target\":{\"@type\":\"EntryPoint\",\"urlTemplate\":\"https:\/\/www.cinesouk.ma\/?s={search_term_string}\"},\"query-input\":{\"@type\":\"PropertyValueSpecification\",\"valueRequired\":true,\"valueName\":\"search_term_string\"}}],\"inLanguage\":\"fr-FR\"},{\"@type\":\"Organization\",\"@id\":\"https:\/\/www.cinesouk.ma\/#organization\",\"name\":\"CineSouk\",\"url\":\"https:\/\/www.cinesouk.ma\/\",\"logo\":{\"@type\":\"ImageObject\",\"inLanguage\":\"fr-FR\",\"@id\":\"https:\/\/www.cinesouk.ma\/#\/schema\/logo\/image\/\",\"url\":\"https:\/\/www.cinesouk.ma\/wp-content\/uploads\/2024\/01\/CineSouk-logo-v01-alpha-alligned-left.png\",\"contentUrl\":\"https:\/\/www.cinesouk.ma\/wp-content\/uploads\/2024\/01\/CineSouk-logo-v01-alpha-alligned-left.png\",\"width\":3204,\"height\":889,\"caption\":\"CineSouk\"},\"image\":{\"@id\":\"https:\/\/www.cinesouk.ma\/#\/schema\/logo\/image\/\"}}]}<\/script>\n<!-- \/ Yoast SEO Premium plugin. -->","yoast_head_json":{"title":"HyperJuice 245W USB-C 100Wh Battery Pack - CineSouk Marrakesh - For rent","description":"The HyperJuice 245W USB-C 100Wh Battery Pack offers 27,000 mAh capacity, four USB-C ports with up to 100W output, fast charging, passthrough charging, and an OLED display, ensuring reliable power during travel.","robots":{"index":"index","follow":"follow","max-snippet":"max-snippet:-1","max-image-preview":"max-image-preview:large","max-video-preview":"max-video-preview:-1"},"canonical":"https:\/\/www.cinesouk.ma\/fr\/produit\/hyperjuice-245w-usb-c-100wh-battery-pack\/","og_locale":"fr_FR","og_type":"article","og_title":"HyperJuice 245W USB-C 100Wh Battery Pack","og_description":"The HyperJuice 245W USB-C 100Wh Battery Pack offers 27,000 mAh capacity, four USB-C ports with up to 100W output, fast charging, passthrough charging, and an OLED display, ensuring reliable power during travel.","og_url":"https:\/\/www.cinesouk.ma\/fr\/produit\/hyperjuice-245w-usb-c-100wh-battery-pack\/","og_site_name":"CineSouk","article_modified_time":"2025-04-07T08:38:47+00:00","og_image":[{"width":300,"height":238,"url":"https:\/\/www.cinesouk.ma\/wp-content\/uploads\/2025\/04\/HyperJuice-245W-USB-C-100Wh-Battery-Pack_V2.jpg","type":"image\/jpeg"}],"twitter_card":"summary_large_image","twitter_description":"The HyperJuice 245W USB-C 100Wh Battery Pack offers 27,000 mAh capacity, four USB-C ports with up to 100W output, fast charging, passthrough charging, and an OLED display, ensuring reliable power during travel.","twitter_misc":{"Dur\u00e9e de lecture estim\u00e9e":"2 minutes"},"schema":{"@context":"https:\/\/schema.org","@graph":[{"@type":"WebPage","@id":"https:\/\/www.cinesouk.ma\/product\/hyperjuice-245w-usb-c-100wh-battery-pack\/","url":"https:\/\/www.cinesouk.ma\/product\/hyperjuice-245w-usb-c-100wh-battery-pack\/","name":"HyperJuice 245W USB-C 100Wh Battery Pack - CineSouk Marrakesh - For rent","isPartOf":{"@id":"https:\/\/www.cinesouk.ma\/#website"},"primaryImageOfPage":{"@id":"https:\/\/www.cinesouk.ma\/product\/hyperjuice-245w-usb-c-100wh-battery-pack\/#primaryimage"},"image":{"@id":"https:\/\/www.cinesouk.ma\/product\/hyperjuice-245w-usb-c-100wh-battery-pack\/#primaryimage"},"thumbnailUrl":"https:\/\/www.cinesouk.ma\/wp-content\/uploads\/2025\/04\/HyperJuice-245W-USB-C-100Wh-Battery-Pack_V2.jpg","datePublished":"2025-04-02T13:51:02+00:00","dateModified":"2025-04-07T08:38:47+00:00","description":"The HyperJuice 245W USB-C 100Wh Battery Pack offers 27,000 mAh capacity, four USB-C ports with up to 100W output, fast charging, passthrough charging, and an OLED display, ensuring reliable power during travel.","breadcrumb":{"@id":"https:\/\/www.cinesouk.ma\/product\/hyperjuice-245w-usb-c-100wh-battery-pack\/#breadcrumb"},"inLanguage":"fr-FR","potentialAction":[{"@type":"ReadAction","target":["https:\/\/www.cinesouk.ma\/product\/hyperjuice-245w-usb-c-100wh-battery-pack\/"]}]},{"@type":"ImageObject","inLanguage":"fr-FR","@id":"https:\/\/www.cinesouk.ma\/product\/hyperjuice-245w-usb-c-100wh-battery-pack\/#primaryimage","url":"https:\/\/www.cinesouk.ma\/wp-content\/uploads\/2025\/04\/HyperJuice-245W-USB-C-100Wh-Battery-Pack_V2.jpg","contentUrl":"https:\/\/www.cinesouk.ma\/wp-content\/uploads\/2025\/04\/HyperJuice-245W-USB-C-100Wh-Battery-Pack_V2.jpg","width":300,"height":238,"caption":"\u00a0HyperJuice 245W USB-C 100Wh Battery Pack_V2"},{"@type":"BreadcrumbList","@id":"https:\/\/www.cinesouk.ma\/product\/hyperjuice-245w-usb-c-100wh-battery-pack\/#breadcrumb","itemListElement":[{"@type":"ListItem","position":1,"name":"Home","item":"https:\/\/www.cinesouk.ma\/"},{"@type":"ListItem","position":2,"name":"Shop","item":"https:\/\/www.cinesouk.ma\/shop\/"},{"@type":"ListItem","position":3,"name":"HyperJuice 245W USB-C 100Wh Battery Pack"}]},{"@type":"WebSite","@id":"https:\/\/www.cinesouk.ma\/#website","url":"https:\/\/www.cinesouk.ma\/","name":"CineSouk","description":"","publisher":{"@id":"https:\/\/www.cinesouk.ma\/#organization"},"potentialAction":[{"@type":"SearchAction","target":{"@type":"EntryPoint","urlTemplate":"https:\/\/www.cinesouk.ma\/?s={search_term_string}"},"query-input":{"@type":"PropertyValueSpecification","valueRequired":true,"valueName":"search_term_string"}}],"inLanguage":"fr-FR"},{"@type":"Organization","@id":"https:\/\/www.cinesouk.ma\/#organization","name":"CineSouk","url":"https:\/\/www.cinesouk.ma\/","logo":{"@type":"ImageObject","inLanguage":"fr-FR","@id":"https:\/\/www.cinesouk.ma\/#\/schema\/logo\/image\/","url":"https:\/\/www.cinesouk.ma\/wp-content\/uploads\/2024\/01\/CineSouk-logo-v01-alpha-alligned-left.png","contentUrl":"https:\/\/www.cinesouk.ma\/wp-content\/uploads\/2024\/01\/CineSouk-logo-v01-alpha-alligned-left.png","width":3204,"height":889,"caption":"CineSouk"},"image":{"@id":"https:\/\/www.cinesouk.ma\/#\/schema\/logo\/image\/"}}]}},"_links":{"self":[{"href":"https:\/\/www.cinesouk.ma\/fr\/wp-json\/wp\/v2\/product\/12107","targetHints":{"allow":["GET"]}}],"collection":[{"href":"https:\/\/www.cinesouk.ma\/fr\/wp-json\/wp\/v2\/product"}],"about":[{"href":"https:\/\/www.cinesouk.ma\/fr\/wp-json\/wp\/v2\/types\/product"}],"wp:featuredmedia":[{"embeddable":true,"href":"https:\/\/www.cinesouk.ma\/fr\/wp-json\/wp\/v2\/media\/12166"}],"wp:attachment":[{"href":"https:\/\/www.cinesouk.ma\/fr\/wp-json\/wp\/v2\/media?parent=12107"}],"wp:term":[{"taxonomy":"product_brand","embeddable":true,"href":"https:\/\/www.cinesouk.ma\/fr\/wp-json\/wp\/v2\/product_brand?post=12107"},{"taxonomy":"product_cat","embeddable":true,"href":"https:\/\/www.cinesouk.ma\/fr\/wp-json\/wp\/v2\/product_cat?post=12107"},{"taxonomy":"product_tag","embeddable":true,"href":"https:\/\/www.cinesouk.ma\/fr\/wp-json\/wp\/v2\/product_tag?post=12107"}],"curies":[{"name":"wp","href":"https:\/\/api.w.org\/{rel}","templated":true}]}}