{"id":12167,"date":"2025-04-07T08:40:32","date_gmt":"2025-04-07T08:40:32","guid":{"rendered":"https:\/\/www.cinesouk.ma\/?post_type=product&#038;p=12167"},"modified":"2025-08-18T10:05:23","modified_gmt":"2025-08-18T10:05:23","slug":"dzofilm-octopus-adapter-pl-lens-to-canon-rf-mount-for-red-komodo-canon-cameras","status":"publish","type":"product","link":"https:\/\/www.cinesouk.ma\/fr\/produit\/dzofilm-octopus-adapter-pl-lens-to-canon-rf-mount-for-red-komodo-canon-cameras\/","title":{"rendered":"DZOFilm Octopus Adapter PL lens to Canon RF-mount (pour Red Komodo \/ Canon cameras)"},"content":{"rendered":"<p class=\"\" data-start=\"85\" data-end=\"423\">L'adaptateur Octopus de DZOFilm vous permet d'utiliser des objectifs \u00e0 monture PL avec des cam\u00e9ras dot\u00e9es d'une monture Canon RF, notamment la Red Komodo et divers mod\u00e8les Canon. Cet adaptateur comble le foss\u00e9 entre les objectifs de cin\u00e9ma professionnels et les cam\u00e9ras sans miroir modernes, offrant ainsi une plus grande flexibilit\u00e9 aux directeurs de la photographie et aux vid\u00e9astes.<\/p>\n<h3 class=\"\" data-start=\"425\" data-end=\"446\"><strong data-start=\"429\" data-end=\"446\">Caract\u00e9ristiques principales de l'adaptateur octopus DZOFilm :<\/strong><\/h3>\n<ul data-start=\"448\" data-end=\"943\">\n<li class=\"\" data-start=\"448\" data-end=\"580\">\n<p class=\"\" data-start=\"450\" data-end=\"580\"><strong data-start=\"450\" data-end=\"480\">Conversion PL vers Canon RF :<\/strong> Permet de fixer facilement des objectifs \u00e0 monture PL sur des appareils photo Canon \u00e0 monture RF, am\u00e9liorant ainsi la compatibilit\u00e9 des objectifs.<\/p>\n<\/li>\n<li class=\"\" data-start=\"581\" data-end=\"707\">\n<p class=\"\" data-start=\"583\" data-end=\"707\"><strong data-start=\"583\" data-end=\"609\">Ing\u00e9nierie de pr\u00e9cision :<\/strong> Maintient l'alignement optique et l'int\u00e9grit\u00e9 du syst\u00e8me, garantissant une capture d'image de haute qualit\u00e9.<\/p>\n<\/li>\n<li class=\"\" data-start=\"708\" data-end=\"826\">\n<p class=\"\" data-start=\"710\" data-end=\"826\"><strong data-start=\"710\" data-end=\"735\">Construction durable :<\/strong> Con\u00e7u pour r\u00e9pondre aux exigences d'un tournage professionnel, il garantit des performances fiables sur le plateau.<\/p>\n<\/li>\n<li class=\"\" data-start=\"827\" data-end=\"943\">\n<p class=\"\" data-start=\"829\" data-end=\"943\"><strong data-start=\"829\" data-end=\"848\">Conception compacte :<\/strong> L\u00e9ger et peu encombrant, cet adaptateur n'alourdira pas inutilement votre appareil photo.<\/p>\n<\/li>\n<\/ul>\n<h3 class=\"\" data-start=\"945\" data-end=\"968\"><strong data-start=\"949\" data-end=\"968\">Sp\u00e9cifications :<\/strong><\/h3>\n<ul data-start=\"970\" data-end=\"1307\">\n<li class=\"\" data-start=\"970\" data-end=\"1031\">\n<p class=\"\" data-start=\"972\" data-end=\"1031\"><strong data-start=\"972\" data-end=\"987\">Type de montage :<\/strong> Monture PL (femelle) vers monture Canon RF (m\u00e2le).<\/p>\n<\/li>\n<li class=\"\" data-start=\"1032\" data-end=\"1133\">\n<p class=\"\" data-start=\"1034\" data-end=\"1133\"><strong data-start=\"1034\" data-end=\"1052\">Compatibilit\u00e9 :<\/strong> Fonctionne avec les objectifs \u00e0 monture PL et les appareils photo \u00e0 monture Canon RF, y compris le Red Komodo.<\/p>\n<\/li>\n<li class=\"\" data-start=\"1134\" data-end=\"1216\">\n<p class=\"\" data-start=\"1136\" data-end=\"1216\"><strong data-start=\"1136\" data-end=\"1149\">Mat\u00e9riau :<\/strong> Mat\u00e9riaux de haute qualit\u00e9, durables, l\u00e9gers et portables.<\/p>\n<\/li>\n<li class=\"\" data-start=\"1217\" data-end=\"1307\">\n<p class=\"\" data-start=\"1219\" data-end=\"1307\"><strong data-start=\"1219\" data-end=\"1234\">Dimensions :<\/strong> Format compact pour minimiser l'impact sur la manipulation et l'\u00e9quilibre de l'objectif.<\/p>\n<\/li>\n<\/ul>\n<p class=\"\" data-start=\"1309\" data-end=\"1602\">L'adaptateur Octopus de DZOFilm est un accessoire indispensable pour ceux qui utilisent des objectifs \u00e0 monture PL avec des cam\u00e9ras \u00e0 monture RF de Canon. Son ing\u00e9nierie pr\u00e9cise et sa construction robuste garantissent des performances fiables et de haute qualit\u00e9, ce qui en fait un excellent choix pour les cin\u00e9astes professionnels et les passionn\u00e9s.<\/p>\n<p class=\"\" data-start=\"0\" data-end=\"126\">Louez-le maintenant sur <a href=\"https:\/\/www.cinesouk.ma\/fr\">CINESOUK<\/a> - une marque de <a href=\"https:\/\/www.broadway.ma\/\">BROADWAY PRODUCTIONS SARL.<\/a><\/p>","protected":false},"excerpt":{"rendered":"<p><strong>Sp\u00e9cifications :<\/strong><\/p>\n<ul data-start=\"611\" data-end=\"1027\">\n<li class=\"\" data-start=\"611\" data-end=\"714\">\n<p class=\"\" data-start=\"613\" data-end=\"714\"><strong data-start=\"613\" data-end=\"628\">Type de montage :<\/strong> <span class=\"relative -mx-px my-[-0.2rem] rounded-sm px-px py-[0.2rem]\">Monture PL (femelle) vers monture Canon RF (m\u00e2le).<\/span>\u200b<\/p>\n<\/li>\n<li class=\"\" data-start=\"715\" data-end=\"821\">\n<p class=\"\" data-start=\"717\" data-end=\"821\"><strong data-start=\"717\" data-end=\"735\">Compatibilit\u00e9 :<\/strong> <span class=\"relative -mx-px my-[-0.2rem] rounded-sm px-px py-[0.2rem]\">Compatible avec les objectifs \u00e0 monture PL et les appareils photo \u00e0 monture RF de Canon, y compris le Red Komodo.<\/span>\u200b<\/p>\n<\/li>\n<li class=\"\" data-start=\"822\" data-end=\"923\">\n<p class=\"\" data-start=\"824\" data-end=\"923\"><strong data-start=\"824\" data-end=\"837\">Mat\u00e9riau :<\/strong> <span class=\"relative -mx-px my-[-0.2rem] rounded-sm px-px py-[0.2rem]\">Mat\u00e9riaux l\u00e9gers de haute qualit\u00e9 pour la durabilit\u00e9 et la portabilit\u00e9.<\/span>\u200b<\/p>\n<\/li>\n<li class=\"\" data-start=\"924\" data-end=\"1027\">\n<p class=\"\" data-start=\"926\" data-end=\"1027\"><strong data-start=\"926\" data-end=\"941\">Dimensions :<\/strong> <span class=\"relative -mx-px my-[-0.2rem] rounded-sm px-px py-[0.2rem]\">Format compact pour minimiser l'impact sur la manipulation et l'\u00e9quilibre de l'objectif.<\/span>\u200b<\/p>\n<\/li>\n<\/ul>","protected":false},"featured_media":12178,"template":"","meta":{"om_disable_all_campaigns":false,"_monsterinsights_skip_tracking":false,"_monsterinsights_sitenote_active":false,"_monsterinsights_sitenote_note":"","_monsterinsights_sitenote_category":0,"_uf_show_specific_survey":0,"_uf_disable_surveys":false},"product_brand":[],"product_cat":[37,36],"product_tag":[],"class_list":{"0":"post-12167","1":"product","2":"type-product","3":"status-publish","4":"has-post-thumbnail","6":"product_cat-accessories-cinesouk","7":"product_cat-lenses-cinesouk","9":"entry","10":"has-media","12":"first","13":"instock","14":"taxable","15":"shipping-taxable","16":"purchasable","17":"product-type-variable","18":"has-product-nav","19":"col","20":"span_1_of_3","21":"owp-content-center","22":"owp-thumbs-layout-horizontal","23":"owp-btn-normal","24":"owp-tabs-layout-horizontal","25":"has-no-thumbnails"},"yoast_head":"<!-- This site is optimized with the Yoast SEO Premium plugin v26.0 (Yoast SEO v26.0) - https:\/\/yoast.com\/wordpress\/plugins\/seo\/ -->\n<title>DZOFilm Octopus Adapter PL lens to Canon RF-mount (for Red Komodo \/ Canon cameras) - Marrakech | Morocco - CineSouk - For rent<\/title>\n<meta name=\"description\" content=\"The DZOFilm Octopus Adapter enables the use of PL-mount lenses on Canon RF-mount cameras like the Red Komodo, offering durable construction and precise engineering for high-quality cinematography.\u200b\" \/>\n<meta name=\"robots\" content=\"index, follow, max-snippet:-1, max-image-preview:large, max-video-preview:-1\" \/>\n<link rel=\"canonical\" href=\"https:\/\/www.cinesouk.ma\/fr\/produit\/dzofilm-octopus-adapter-pl-lens-to-canon-rf-mount-for-red-komodo-canon-cameras\/\" \/>\n<meta property=\"og:locale\" content=\"fr_FR\" \/>\n<meta property=\"og:type\" content=\"article\" \/>\n<meta property=\"og:title\" content=\"DZOFilm Octopus Adapter PL lens to Canon RF-mount (for Red Komodo \/ Canon cameras)\" \/>\n<meta property=\"og:description\" content=\"The DZOFilm Octopus Adapter enables the use of PL-mount lenses on Canon RF-mount cameras like the Red Komodo, offering durable construction and precise engineering for high-quality cinematography.\u200b\" \/>\n<meta property=\"og:url\" content=\"https:\/\/www.cinesouk.ma\/fr\/produit\/dzofilm-octopus-adapter-pl-lens-to-canon-rf-mount-for-red-komodo-canon-cameras\/\" \/>\n<meta property=\"og:site_name\" content=\"CineSouk\" \/>\n<meta property=\"article:modified_time\" content=\"2025-08-18T10:05:23+00:00\" \/>\n<meta property=\"og:image\" content=\"https:\/\/www.cinesouk.ma\/wp-content\/uploads\/2025\/04\/DZOFilm-Octopus-Adapter-PL-lens-to-Canon-RF-mount-for-Red-Komodo-Canon-cameras.jpg\" \/>\n\t<meta property=\"og:image:width\" content=\"300\" \/>\n\t<meta property=\"og:image:height\" content=\"238\" \/>\n\t<meta property=\"og:image:type\" content=\"image\/jpeg\" \/>\n<meta name=\"twitter:card\" content=\"summary_large_image\" \/>\n<meta name=\"twitter:description\" content=\"The DZOFilm Octopus Adapter enables the use of PL-mount lenses on Canon RF-mount cameras like the Red Komodo, offering durable construction and precise engineering for high-quality cinematography.\u200b\" \/>\n<meta name=\"twitter:label1\" content=\"Dur\u00e9e de lecture estim\u00e9e\" \/>\n\t<meta name=\"twitter:data1\" content=\"2 minutes\" \/>\n<script type=\"application\/ld+json\" class=\"yoast-schema-graph\">{\"@context\":\"https:\/\/schema.org\",\"@graph\":[{\"@type\":\"WebPage\",\"@id\":\"https:\/\/www.cinesouk.ma\/product\/dzofilm-octopus-adapter-pl-lens-to-canon-rf-mount-for-red-komodo-canon-cameras\/\",\"url\":\"https:\/\/www.cinesouk.ma\/product\/dzofilm-octopus-adapter-pl-lens-to-canon-rf-mount-for-red-komodo-canon-cameras\/\",\"name\":\"DZOFilm Octopus Adapter PL lens to Canon RF-mount (for Red Komodo \/ Canon cameras) - Marrakech | Morocco - CineSouk - For rent\",\"isPartOf\":{\"@id\":\"https:\/\/www.cinesouk.ma\/#website\"},\"primaryImageOfPage\":{\"@id\":\"https:\/\/www.cinesouk.ma\/product\/dzofilm-octopus-adapter-pl-lens-to-canon-rf-mount-for-red-komodo-canon-cameras\/#primaryimage\"},\"image\":{\"@id\":\"https:\/\/www.cinesouk.ma\/product\/dzofilm-octopus-adapter-pl-lens-to-canon-rf-mount-for-red-komodo-canon-cameras\/#primaryimage\"},\"thumbnailUrl\":\"https:\/\/www.cinesouk.ma\/wp-content\/uploads\/2025\/04\/DZOFilm-Octopus-Adapter-PL-lens-to-Canon-RF-mount-for-Red-Komodo-Canon-cameras.jpg\",\"datePublished\":\"2025-04-07T08:40:32+00:00\",\"dateModified\":\"2025-08-18T10:05:23+00:00\",\"description\":\"The DZOFilm Octopus Adapter enables the use of PL-mount lenses on Canon RF-mount cameras like the Red Komodo, offering durable construction and precise engineering for high-quality cinematography.\u200b\",\"breadcrumb\":{\"@id\":\"https:\/\/www.cinesouk.ma\/product\/dzofilm-octopus-adapter-pl-lens-to-canon-rf-mount-for-red-komodo-canon-cameras\/#breadcrumb\"},\"inLanguage\":\"fr-FR\",\"potentialAction\":[{\"@type\":\"ReadAction\",\"target\":[\"https:\/\/www.cinesouk.ma\/product\/dzofilm-octopus-adapter-pl-lens-to-canon-rf-mount-for-red-komodo-canon-cameras\/\"]}]},{\"@type\":\"ImageObject\",\"inLanguage\":\"fr-FR\",\"@id\":\"https:\/\/www.cinesouk.ma\/product\/dzofilm-octopus-adapter-pl-lens-to-canon-rf-mount-for-red-komodo-canon-cameras\/#primaryimage\",\"url\":\"https:\/\/www.cinesouk.ma\/wp-content\/uploads\/2025\/04\/DZOFilm-Octopus-Adapter-PL-lens-to-Canon-RF-mount-for-Red-Komodo-Canon-cameras.jpg\",\"contentUrl\":\"https:\/\/www.cinesouk.ma\/wp-content\/uploads\/2025\/04\/DZOFilm-Octopus-Adapter-PL-lens-to-Canon-RF-mount-for-Red-Komodo-Canon-cameras.jpg\",\"width\":300,\"height\":238,\"caption\":\"DZOFilm Octopus Adapter PL lens to Canon RF-mount (for Red Komodo : Canon cameras)\"},{\"@type\":\"BreadcrumbList\",\"@id\":\"https:\/\/www.cinesouk.ma\/product\/dzofilm-octopus-adapter-pl-lens-to-canon-rf-mount-for-red-komodo-canon-cameras\/#breadcrumb\",\"itemListElement\":[{\"@type\":\"ListItem\",\"position\":1,\"name\":\"Home\",\"item\":\"https:\/\/www.cinesouk.ma\/\"},{\"@type\":\"ListItem\",\"position\":2,\"name\":\"Shop\",\"item\":\"https:\/\/www.cinesouk.ma\/shop\/\"},{\"@type\":\"ListItem\",\"position\":3,\"name\":\"DZOFilm Octopus Adapter PL lens to Canon RF-mount (for Red Komodo \/ Canon cameras)\"}]},{\"@type\":\"WebSite\",\"@id\":\"https:\/\/www.cinesouk.ma\/#website\",\"url\":\"https:\/\/www.cinesouk.ma\/\",\"name\":\"CineSouk\",\"description\":\"\",\"publisher\":{\"@id\":\"https:\/\/www.cinesouk.ma\/#organization\"},\"potentialAction\":[{\"@type\":\"SearchAction\",\"target\":{\"@type\":\"EntryPoint\",\"urlTemplate\":\"https:\/\/www.cinesouk.ma\/?s={search_term_string}\"},\"query-input\":{\"@type\":\"PropertyValueSpecification\",\"valueRequired\":true,\"valueName\":\"search_term_string\"}}],\"inLanguage\":\"fr-FR\"},{\"@type\":\"Organization\",\"@id\":\"https:\/\/www.cinesouk.ma\/#organization\",\"name\":\"CineSouk\",\"url\":\"https:\/\/www.cinesouk.ma\/\",\"logo\":{\"@type\":\"ImageObject\",\"inLanguage\":\"fr-FR\",\"@id\":\"https:\/\/www.cinesouk.ma\/#\/schema\/logo\/image\/\",\"url\":\"https:\/\/www.cinesouk.ma\/wp-content\/uploads\/2024\/01\/CineSouk-logo-v01-alpha-alligned-left.png\",\"contentUrl\":\"https:\/\/www.cinesouk.ma\/wp-content\/uploads\/2024\/01\/CineSouk-logo-v01-alpha-alligned-left.png\",\"width\":3204,\"height\":889,\"caption\":\"CineSouk\"},\"image\":{\"@id\":\"https:\/\/www.cinesouk.ma\/#\/schema\/logo\/image\/\"}}]}<\/script>\n<!-- \/ Yoast SEO Premium plugin. -->","yoast_head_json":{"title":"DZOFilm Octopus Adapter PL lens to Canon RF-mount (for Red Komodo \/ Canon cameras) - Marrakech | Morocco - CineSouk - For rent","description":"The DZOFilm Octopus Adapter enables the use of PL-mount lenses on Canon RF-mount cameras like the Red Komodo, offering durable construction and precise engineering for high-quality cinematography.\u200b","robots":{"index":"index","follow":"follow","max-snippet":"max-snippet:-1","max-image-preview":"max-image-preview:large","max-video-preview":"max-video-preview:-1"},"canonical":"https:\/\/www.cinesouk.ma\/fr\/produit\/dzofilm-octopus-adapter-pl-lens-to-canon-rf-mount-for-red-komodo-canon-cameras\/","og_locale":"fr_FR","og_type":"article","og_title":"DZOFilm Octopus Adapter PL lens to Canon RF-mount (for Red Komodo \/ Canon cameras)","og_description":"The DZOFilm Octopus Adapter enables the use of PL-mount lenses on Canon RF-mount cameras like the Red Komodo, offering durable construction and precise engineering for high-quality cinematography.\u200b","og_url":"https:\/\/www.cinesouk.ma\/fr\/produit\/dzofilm-octopus-adapter-pl-lens-to-canon-rf-mount-for-red-komodo-canon-cameras\/","og_site_name":"CineSouk","article_modified_time":"2025-08-18T10:05:23+00:00","og_image":[{"width":300,"height":238,"url":"https:\/\/www.cinesouk.ma\/wp-content\/uploads\/2025\/04\/DZOFilm-Octopus-Adapter-PL-lens-to-Canon-RF-mount-for-Red-Komodo-Canon-cameras.jpg","type":"image\/jpeg"}],"twitter_card":"summary_large_image","twitter_description":"The DZOFilm Octopus Adapter enables the use of PL-mount lenses on Canon RF-mount cameras like the Red Komodo, offering durable construction and precise engineering for high-quality cinematography.\u200b","twitter_misc":{"Dur\u00e9e de lecture estim\u00e9e":"2 minutes"},"schema":{"@context":"https:\/\/schema.org","@graph":[{"@type":"WebPage","@id":"https:\/\/www.cinesouk.ma\/product\/dzofilm-octopus-adapter-pl-lens-to-canon-rf-mount-for-red-komodo-canon-cameras\/","url":"https:\/\/www.cinesouk.ma\/product\/dzofilm-octopus-adapter-pl-lens-to-canon-rf-mount-for-red-komodo-canon-cameras\/","name":"DZOFilm Octopus Adapter PL lens to Canon RF-mount (for Red Komodo \/ Canon cameras) - Marrakech | Morocco - CineSouk - For rent","isPartOf":{"@id":"https:\/\/www.cinesouk.ma\/#website"},"primaryImageOfPage":{"@id":"https:\/\/www.cinesouk.ma\/product\/dzofilm-octopus-adapter-pl-lens-to-canon-rf-mount-for-red-komodo-canon-cameras\/#primaryimage"},"image":{"@id":"https:\/\/www.cinesouk.ma\/product\/dzofilm-octopus-adapter-pl-lens-to-canon-rf-mount-for-red-komodo-canon-cameras\/#primaryimage"},"thumbnailUrl":"https:\/\/www.cinesouk.ma\/wp-content\/uploads\/2025\/04\/DZOFilm-Octopus-Adapter-PL-lens-to-Canon-RF-mount-for-Red-Komodo-Canon-cameras.jpg","datePublished":"2025-04-07T08:40:32+00:00","dateModified":"2025-08-18T10:05:23+00:00","description":"The DZOFilm Octopus Adapter enables the use of PL-mount lenses on Canon RF-mount cameras like the Red Komodo, offering durable construction and precise engineering for high-quality cinematography.\u200b","breadcrumb":{"@id":"https:\/\/www.cinesouk.ma\/product\/dzofilm-octopus-adapter-pl-lens-to-canon-rf-mount-for-red-komodo-canon-cameras\/#breadcrumb"},"inLanguage":"fr-FR","potentialAction":[{"@type":"ReadAction","target":["https:\/\/www.cinesouk.ma\/product\/dzofilm-octopus-adapter-pl-lens-to-canon-rf-mount-for-red-komodo-canon-cameras\/"]}]},{"@type":"ImageObject","inLanguage":"fr-FR","@id":"https:\/\/www.cinesouk.ma\/product\/dzofilm-octopus-adapter-pl-lens-to-canon-rf-mount-for-red-komodo-canon-cameras\/#primaryimage","url":"https:\/\/www.cinesouk.ma\/wp-content\/uploads\/2025\/04\/DZOFilm-Octopus-Adapter-PL-lens-to-Canon-RF-mount-for-Red-Komodo-Canon-cameras.jpg","contentUrl":"https:\/\/www.cinesouk.ma\/wp-content\/uploads\/2025\/04\/DZOFilm-Octopus-Adapter-PL-lens-to-Canon-RF-mount-for-Red-Komodo-Canon-cameras.jpg","width":300,"height":238,"caption":"DZOFilm Octopus Adapter PL lens to Canon RF-mount (for Red Komodo : Canon cameras)"},{"@type":"BreadcrumbList","@id":"https:\/\/www.cinesouk.ma\/product\/dzofilm-octopus-adapter-pl-lens-to-canon-rf-mount-for-red-komodo-canon-cameras\/#breadcrumb","itemListElement":[{"@type":"ListItem","position":1,"name":"Home","item":"https:\/\/www.cinesouk.ma\/"},{"@type":"ListItem","position":2,"name":"Shop","item":"https:\/\/www.cinesouk.ma\/shop\/"},{"@type":"ListItem","position":3,"name":"DZOFilm Octopus Adapter PL lens to Canon RF-mount (for Red Komodo \/ Canon cameras)"}]},{"@type":"WebSite","@id":"https:\/\/www.cinesouk.ma\/#website","url":"https:\/\/www.cinesouk.ma\/","name":"CineSouk","description":"","publisher":{"@id":"https:\/\/www.cinesouk.ma\/#organization"},"potentialAction":[{"@type":"SearchAction","target":{"@type":"EntryPoint","urlTemplate":"https:\/\/www.cinesouk.ma\/?s={search_term_string}"},"query-input":{"@type":"PropertyValueSpecification","valueRequired":true,"valueName":"search_term_string"}}],"inLanguage":"fr-FR"},{"@type":"Organization","@id":"https:\/\/www.cinesouk.ma\/#organization","name":"CineSouk","url":"https:\/\/www.cinesouk.ma\/","logo":{"@type":"ImageObject","inLanguage":"fr-FR","@id":"https:\/\/www.cinesouk.ma\/#\/schema\/logo\/image\/","url":"https:\/\/www.cinesouk.ma\/wp-content\/uploads\/2024\/01\/CineSouk-logo-v01-alpha-alligned-left.png","contentUrl":"https:\/\/www.cinesouk.ma\/wp-content\/uploads\/2024\/01\/CineSouk-logo-v01-alpha-alligned-left.png","width":3204,"height":889,"caption":"CineSouk"},"image":{"@id":"https:\/\/www.cinesouk.ma\/#\/schema\/logo\/image\/"}}]}},"_links":{"self":[{"href":"https:\/\/www.cinesouk.ma\/fr\/wp-json\/wp\/v2\/product\/12167","targetHints":{"allow":["GET"]}}],"collection":[{"href":"https:\/\/www.cinesouk.ma\/fr\/wp-json\/wp\/v2\/product"}],"about":[{"href":"https:\/\/www.cinesouk.ma\/fr\/wp-json\/wp\/v2\/types\/product"}],"wp:featuredmedia":[{"embeddable":true,"href":"https:\/\/www.cinesouk.ma\/fr\/wp-json\/wp\/v2\/media\/12178"}],"wp:attachment":[{"href":"https:\/\/www.cinesouk.ma\/fr\/wp-json\/wp\/v2\/media?parent=12167"}],"wp:term":[{"taxonomy":"product_brand","embeddable":true,"href":"https:\/\/www.cinesouk.ma\/fr\/wp-json\/wp\/v2\/product_brand?post=12167"},{"taxonomy":"product_cat","embeddable":true,"href":"https:\/\/www.cinesouk.ma\/fr\/wp-json\/wp\/v2\/product_cat?post=12167"},{"taxonomy":"product_tag","embeddable":true,"href":"https:\/\/www.cinesouk.ma\/fr\/wp-json\/wp\/v2\/product_tag?post=12167"}],"curies":[{"name":"wp","href":"https:\/\/api.w.org\/{rel}","templated":true}]}}