{"id":12179,"date":"2024-04-07T09:26:30","date_gmt":"2024-04-07T09:26:30","guid":{"rendered":"https:\/\/www.cinesouk.ma\/?post_type=product&#038;p=12179"},"modified":"2026-01-21T10:36:35","modified_gmt":"2026-01-21T10:36:35","slug":"a-clamp-large-approx-4-10cm","status":"publish","type":"product","link":"https:\/\/www.cinesouk.ma\/fr\/produit\/a-clamp-large-approx-4-10cm\/","title":{"rendered":"Pony A-clamp large approx 4\u201d (10cm)"},"content":{"rendered":"<div class=\"flex max-w-full flex-col flex-grow\">\n<div class=\"min-h-[20px] text-message flex w-full flex-col items-end gap-2 break-words [.text-message+&amp;]:mt-5 overflow-x-auto whitespace-normal\" dir=\"auto\" data-message-author-role=\"assistant\" data-message-id=\"08c860b5-28a6-425b-bedd-998aab1ab46c\">\n<div class=\"flex w-full flex-col gap-1 empty:hidden first:pt-[3px]\">\n<div class=\"markdown prose w-full break-words dark:prose-invert light\">\n<p data-start=\"201\" data-end=\"518\">The Pony A-Clamp Large 4&#8243; (10cm) is a sturdy and reliable tool designed to securely hold materials during various tasks, including woodworking, metalworking, and automotive repairs. This clamp provides a strong grip, allowing you to keep your workpieces steady and in place for better precision and safety.<\/p>\n<p data-start=\"520\" data-end=\"752\">Id\u00e9ale pour les projets professionnels et de bricolage, cette pince en A est polyvalente et con\u00e7ue pour durer. Sa construction durable et sa facilit\u00e9 d'utilisation en font un outil essentiel pour tous ceux qui cherchent \u00e0 am\u00e9liorer leur efficacit\u00e9 et leur pr\u00e9cision dans leur travail.<\/p>\n<h3 data-start=\"754\" data-end=\"775\"><strong data-start=\"758\" data-end=\"775\">Caract\u00e9ristiques principales :<\/strong><\/h3>\n<ul data-start=\"777\" data-end=\"1193\">\n<li data-start=\"777\" data-end=\"858\">\n<p data-start=\"779\" data-end=\"858\"><strong data-start=\"779\" data-end=\"801\">Capacit\u00e9 de serrage :<\/strong> 4 pouces (10 cm) pour fixer une large gamme de mat\u00e9riaux.<\/p>\n<\/li>\n<li data-start=\"859\" data-end=\"978\">\n<p data-start=\"861\" data-end=\"978\"><strong data-start=\"861\" data-end=\"886\">Construction durable :<\/strong> Fabriqu\u00e9s \u00e0 partir de mat\u00e9riaux de haute qualit\u00e9, ils garantissent une utilisation durable, m\u00eame dans des environnements exigeants.<\/p>\n<\/li>\n<li data-start=\"979\" data-end=\"1076\">\n<p data-start=\"981\" data-end=\"1076\"><strong data-start=\"981\" data-end=\"1004\">Conception facile \u00e0 utiliser :<\/strong> Simple d'utilisation, la vis r\u00e9glable permet d'obtenir une prise en main parfaite.<\/p>\n<\/li>\n<li data-start=\"1077\" data-end=\"1193\">\n<p data-start=\"1079\" data-end=\"1193\"><strong data-start=\"1079\" data-end=\"1097\">Utilisation polyvalente :<\/strong> Convient \u00e0 diverses applications, y compris le travail du bois, le travail des m\u00e9taux et les r\u00e9parations automobiles.<\/p>\n<\/li>\n<\/ul>\n<h3 data-start=\"1195\" data-end=\"1218\"><strong data-start=\"1199\" data-end=\"1218\">Sp\u00e9cifications :<\/strong><\/h3>\n<ul data-start=\"1220\" data-end=\"1472\">\n<li data-start=\"1220\" data-end=\"1261\">\n<p data-start=\"1222\" data-end=\"1261\"><strong data-start=\"1222\" data-end=\"1244\">Capacit\u00e9 de serrage :<\/strong> 4 pouces (10 cm)<\/p>\n<\/li>\n<li data-start=\"1262\" data-end=\"1337\">\n<p data-start=\"1264\" data-end=\"1337\"><strong data-start=\"1264\" data-end=\"1277\">Mat\u00e9riau :<\/strong> Construction m\u00e9tallique robuste pour une durabilit\u00e9 et une utilisation \u00e0 long terme.<\/p>\n<\/li>\n<li data-start=\"1338\" data-end=\"1400\">\n<p data-start=\"1340\" data-end=\"1400\"><strong data-start=\"1340\" data-end=\"1355\">Dimensions :<\/strong> Conception compacte, facile \u00e0 ranger et \u00e0 transporter.<\/p>\n<\/li>\n<li data-start=\"1401\" data-end=\"1472\">\n<p data-start=\"1403\" data-end=\"1472\"><strong data-start=\"1403\" data-end=\"1414\">Poids :<\/strong> L\u00e9ger pour une manipulation confortable lors d'une utilisation prolong\u00e9e.<\/p>\n<\/li>\n<\/ul>\n<p data-start=\"1495\" data-end=\"1776\">The Pony A-Clamp Large 4&#8243; (10cm) is an indispensable tool for securing materials in place during a wide range of projects. With its durable build, ease of use, and versatile applications, this clamp ensures reliability and precision, making it an essential addition to any workshop.<\/p>\n<\/div>\n<\/div>\n<\/div>\n<\/div>\n<p>Louez-le maintenant sur <a href=\"https:\/\/www.cinesouk.ma\/fr\">CINESOUK<\/a> - une marque de <a href=\"https:\/\/www.broadway.ma\/\">BROADWAY PRODUCTIONS SARL.<\/a><\/p>","protected":false},"excerpt":{"rendered":"<p><strong>Sp\u00e9cifications<\/strong><\/p>\n<ul>\n<li class=\"\" data-start=\"1220\" data-end=\"1261\">\n<p class=\"\" data-start=\"1222\" data-end=\"1261\"><strong data-start=\"1222\" data-end=\"1244\">Capacit\u00e9 de serrage :<\/strong> 4 pouces (10 cm)<\/p>\n<\/li>\n<li class=\"\" data-start=\"1262\" data-end=\"1337\">\n<p class=\"\" data-start=\"1264\" data-end=\"1337\"><strong data-start=\"1264\" data-end=\"1277\">Mat\u00e9riau :<\/strong> Construction m\u00e9tallique robuste pour une durabilit\u00e9 et une utilisation \u00e0 long terme.<\/p>\n<\/li>\n<li class=\"\" data-start=\"1338\" data-end=\"1400\">\n<p class=\"\" data-start=\"1340\" data-end=\"1400\"><strong data-start=\"1340\" data-end=\"1355\">Dimensions :<\/strong> Conception compacte, facile \u00e0 ranger et \u00e0 transporter.<\/p>\n<\/li>\n<li class=\"\" data-start=\"1401\" data-end=\"1472\">\n<p class=\"\" data-start=\"1403\" data-end=\"1472\"><strong data-start=\"1403\" data-end=\"1414\">Poids :<\/strong> L\u00e9ger pour une manipulation confortable lors d'une utilisation prolong\u00e9e.<\/p>\n<\/li>\n<\/ul>","protected":false},"featured_media":12190,"template":"","meta":{"om_disable_all_campaigns":false,"_monsterinsights_skip_tracking":false,"_monsterinsights_sitenote_active":false,"_monsterinsights_sitenote_note":"","_monsterinsights_sitenote_category":0,"_uf_show_specific_survey":0,"_uf_disable_surveys":false},"product_brand":[],"product_cat":[38],"product_tag":[],"class_list":{"0":"post-12179","1":"product","2":"type-product","3":"status-publish","4":"has-post-thumbnail","6":"product_cat-grip-cinesouk","8":"entry","9":"has-media","11":"first","12":"instock","13":"taxable","14":"shipping-taxable","15":"purchasable","16":"product-type-variable","17":"has-product-nav","18":"col","19":"span_1_of_3","20":"owp-content-center","21":"owp-thumbs-layout-horizontal","22":"owp-btn-normal","23":"owp-tabs-layout-horizontal","24":"has-no-thumbnails"},"yoast_head":"<!-- This site is optimized with the Yoast SEO Premium plugin v26.0 (Yoast SEO v26.0) - https:\/\/yoast.com\/wordpress\/plugins\/seo\/ -->\n<title>Pony A-clamp large approx 4\u201d (10cm) - CineSouk - For rent<\/title>\n<meta name=\"description\" content=\"Pony A-Clamp Large 4&quot; (10cm) \u2013 Durable and reliable clamp designed for securing materials in woodworking, metalworking, and automotive tasks. Ideal for precision work with a 4-inch clamping capacity.\" \/>\n<meta name=\"robots\" content=\"index, follow, max-snippet:-1, max-image-preview:large, max-video-preview:-1\" \/>\n<link rel=\"canonical\" href=\"https:\/\/www.cinesouk.ma\/fr\/produit\/a-clamp-large-approx-4-10cm\/\" \/>\n<meta property=\"og:locale\" content=\"fr_FR\" \/>\n<meta property=\"og:type\" content=\"article\" \/>\n<meta property=\"og:title\" content=\"Pony A-clamp large approx 4\u201d (10cm)\" \/>\n<meta property=\"og:description\" content=\"Pony A-Clamp Large 4&quot; (10cm) \u2013 Durable and reliable clamp designed for securing materials in woodworking, metalworking, and automotive tasks. Ideal for precision work with a 4-inch clamping capacity.\" \/>\n<meta property=\"og:url\" content=\"https:\/\/www.cinesouk.ma\/fr\/produit\/a-clamp-large-approx-4-10cm\/\" \/>\n<meta property=\"og:site_name\" content=\"CineSouk\" \/>\n<meta property=\"article:modified_time\" content=\"2026-01-21T10:36:35+00:00\" \/>\n<meta property=\"og:image\" content=\"https:\/\/www.cinesouk.ma\/wp-content\/uploads\/2025\/04\/A-clamp-large-approx-4-10cm.jpg\" \/>\n\t<meta property=\"og:image:width\" content=\"300\" \/>\n\t<meta property=\"og:image:height\" content=\"238\" \/>\n\t<meta property=\"og:image:type\" content=\"image\/jpeg\" \/>\n<meta name=\"twitter:card\" content=\"summary_large_image\" \/>\n<meta name=\"twitter:description\" content=\"Pony A-Clamp Large 4&quot; (10cm) \u2013 Durable and reliable clamp designed for securing materials in woodworking, metalworking, and automotive tasks. Ideal for precision work with a 4-inch clamping capacity.\" \/>\n<meta name=\"twitter:label1\" content=\"Dur\u00e9e de lecture estim\u00e9e\" \/>\n\t<meta name=\"twitter:data1\" content=\"2 minutes\" \/>\n<script type=\"application\/ld+json\" class=\"yoast-schema-graph\">{\"@context\":\"https:\/\/schema.org\",\"@graph\":[{\"@type\":\"WebPage\",\"@id\":\"https:\/\/www.cinesouk.ma\/product\/a-clamp-large-approx-4-10cm\/\",\"url\":\"https:\/\/www.cinesouk.ma\/product\/a-clamp-large-approx-4-10cm\/\",\"name\":\"Pony A-clamp large approx 4\u201d (10cm) - CineSouk - For rent\",\"isPartOf\":{\"@id\":\"https:\/\/www.cinesouk.ma\/#website\"},\"primaryImageOfPage\":{\"@id\":\"https:\/\/www.cinesouk.ma\/product\/a-clamp-large-approx-4-10cm\/#primaryimage\"},\"image\":{\"@id\":\"https:\/\/www.cinesouk.ma\/product\/a-clamp-large-approx-4-10cm\/#primaryimage\"},\"thumbnailUrl\":\"https:\/\/www.cinesouk.ma\/wp-content\/uploads\/2025\/04\/A-clamp-large-approx-4-10cm.jpg\",\"datePublished\":\"2024-04-07T09:26:30+00:00\",\"dateModified\":\"2026-01-21T10:36:35+00:00\",\"description\":\"Pony A-Clamp Large 4\\\" (10cm) \u2013 Durable and reliable clamp designed for securing materials in woodworking, metalworking, and automotive tasks. Ideal for precision work with a 4-inch clamping capacity.\",\"breadcrumb\":{\"@id\":\"https:\/\/www.cinesouk.ma\/product\/a-clamp-large-approx-4-10cm\/#breadcrumb\"},\"inLanguage\":\"fr-FR\",\"potentialAction\":[{\"@type\":\"ReadAction\",\"target\":[\"https:\/\/www.cinesouk.ma\/product\/a-clamp-large-approx-4-10cm\/\"]}]},{\"@type\":\"ImageObject\",\"inLanguage\":\"fr-FR\",\"@id\":\"https:\/\/www.cinesouk.ma\/product\/a-clamp-large-approx-4-10cm\/#primaryimage\",\"url\":\"https:\/\/www.cinesouk.ma\/wp-content\/uploads\/2025\/04\/A-clamp-large-approx-4-10cm.jpg\",\"contentUrl\":\"https:\/\/www.cinesouk.ma\/wp-content\/uploads\/2025\/04\/A-clamp-large-approx-4-10cm.jpg\",\"width\":300,\"height\":238,\"caption\":\"A-clamp large approx 4\u201d (10cm)\"},{\"@type\":\"BreadcrumbList\",\"@id\":\"https:\/\/www.cinesouk.ma\/product\/a-clamp-large-approx-4-10cm\/#breadcrumb\",\"itemListElement\":[{\"@type\":\"ListItem\",\"position\":1,\"name\":\"Home\",\"item\":\"https:\/\/www.cinesouk.ma\/\"},{\"@type\":\"ListItem\",\"position\":2,\"name\":\"Shop\",\"item\":\"https:\/\/www.cinesouk.ma\/shop\/\"},{\"@type\":\"ListItem\",\"position\":3,\"name\":\"Pony A-clamp large approx 4\u201d (10cm)\"}]},{\"@type\":\"WebSite\",\"@id\":\"https:\/\/www.cinesouk.ma\/#website\",\"url\":\"https:\/\/www.cinesouk.ma\/\",\"name\":\"CineSouk\",\"description\":\"\",\"publisher\":{\"@id\":\"https:\/\/www.cinesouk.ma\/#organization\"},\"potentialAction\":[{\"@type\":\"SearchAction\",\"target\":{\"@type\":\"EntryPoint\",\"urlTemplate\":\"https:\/\/www.cinesouk.ma\/?s={search_term_string}\"},\"query-input\":{\"@type\":\"PropertyValueSpecification\",\"valueRequired\":true,\"valueName\":\"search_term_string\"}}],\"inLanguage\":\"fr-FR\"},{\"@type\":\"Organization\",\"@id\":\"https:\/\/www.cinesouk.ma\/#organization\",\"name\":\"CineSouk\",\"url\":\"https:\/\/www.cinesouk.ma\/\",\"logo\":{\"@type\":\"ImageObject\",\"inLanguage\":\"fr-FR\",\"@id\":\"https:\/\/www.cinesouk.ma\/#\/schema\/logo\/image\/\",\"url\":\"https:\/\/www.cinesouk.ma\/wp-content\/uploads\/2024\/01\/CineSouk-logo-v01-alpha-alligned-left.png\",\"contentUrl\":\"https:\/\/www.cinesouk.ma\/wp-content\/uploads\/2024\/01\/CineSouk-logo-v01-alpha-alligned-left.png\",\"width\":3204,\"height\":889,\"caption\":\"CineSouk\"},\"image\":{\"@id\":\"https:\/\/www.cinesouk.ma\/#\/schema\/logo\/image\/\"}}]}<\/script>\n<!-- \/ Yoast SEO Premium plugin. -->","yoast_head_json":{"title":"Pony A-clamp large approx 4\u201d (10cm) - CineSouk - For rent","description":"Pony A-Clamp Large 4\" (10cm) \u2013 Durable and reliable clamp designed for securing materials in woodworking, metalworking, and automotive tasks. Ideal for precision work with a 4-inch clamping capacity.","robots":{"index":"index","follow":"follow","max-snippet":"max-snippet:-1","max-image-preview":"max-image-preview:large","max-video-preview":"max-video-preview:-1"},"canonical":"https:\/\/www.cinesouk.ma\/fr\/produit\/a-clamp-large-approx-4-10cm\/","og_locale":"fr_FR","og_type":"article","og_title":"Pony A-clamp large approx 4\u201d (10cm)","og_description":"Pony A-Clamp Large 4\" (10cm) \u2013 Durable and reliable clamp designed for securing materials in woodworking, metalworking, and automotive tasks. Ideal for precision work with a 4-inch clamping capacity.","og_url":"https:\/\/www.cinesouk.ma\/fr\/produit\/a-clamp-large-approx-4-10cm\/","og_site_name":"CineSouk","article_modified_time":"2026-01-21T10:36:35+00:00","og_image":[{"width":300,"height":238,"url":"https:\/\/www.cinesouk.ma\/wp-content\/uploads\/2025\/04\/A-clamp-large-approx-4-10cm.jpg","type":"image\/jpeg"}],"twitter_card":"summary_large_image","twitter_description":"Pony A-Clamp Large 4\" (10cm) \u2013 Durable and reliable clamp designed for securing materials in woodworking, metalworking, and automotive tasks. Ideal for precision work with a 4-inch clamping capacity.","twitter_misc":{"Dur\u00e9e de lecture estim\u00e9e":"2 minutes"},"schema":{"@context":"https:\/\/schema.org","@graph":[{"@type":"WebPage","@id":"https:\/\/www.cinesouk.ma\/product\/a-clamp-large-approx-4-10cm\/","url":"https:\/\/www.cinesouk.ma\/product\/a-clamp-large-approx-4-10cm\/","name":"Pony A-clamp large approx 4\u201d (10cm) - CineSouk - For rent","isPartOf":{"@id":"https:\/\/www.cinesouk.ma\/#website"},"primaryImageOfPage":{"@id":"https:\/\/www.cinesouk.ma\/product\/a-clamp-large-approx-4-10cm\/#primaryimage"},"image":{"@id":"https:\/\/www.cinesouk.ma\/product\/a-clamp-large-approx-4-10cm\/#primaryimage"},"thumbnailUrl":"https:\/\/www.cinesouk.ma\/wp-content\/uploads\/2025\/04\/A-clamp-large-approx-4-10cm.jpg","datePublished":"2024-04-07T09:26:30+00:00","dateModified":"2026-01-21T10:36:35+00:00","description":"Pony A-Clamp Large 4\" (10cm) \u2013 Durable and reliable clamp designed for securing materials in woodworking, metalworking, and automotive tasks. Ideal for precision work with a 4-inch clamping capacity.","breadcrumb":{"@id":"https:\/\/www.cinesouk.ma\/product\/a-clamp-large-approx-4-10cm\/#breadcrumb"},"inLanguage":"fr-FR","potentialAction":[{"@type":"ReadAction","target":["https:\/\/www.cinesouk.ma\/product\/a-clamp-large-approx-4-10cm\/"]}]},{"@type":"ImageObject","inLanguage":"fr-FR","@id":"https:\/\/www.cinesouk.ma\/product\/a-clamp-large-approx-4-10cm\/#primaryimage","url":"https:\/\/www.cinesouk.ma\/wp-content\/uploads\/2025\/04\/A-clamp-large-approx-4-10cm.jpg","contentUrl":"https:\/\/www.cinesouk.ma\/wp-content\/uploads\/2025\/04\/A-clamp-large-approx-4-10cm.jpg","width":300,"height":238,"caption":"A-clamp large approx 4\u201d (10cm)"},{"@type":"BreadcrumbList","@id":"https:\/\/www.cinesouk.ma\/product\/a-clamp-large-approx-4-10cm\/#breadcrumb","itemListElement":[{"@type":"ListItem","position":1,"name":"Home","item":"https:\/\/www.cinesouk.ma\/"},{"@type":"ListItem","position":2,"name":"Shop","item":"https:\/\/www.cinesouk.ma\/shop\/"},{"@type":"ListItem","position":3,"name":"Pony A-clamp large approx 4\u201d (10cm)"}]},{"@type":"WebSite","@id":"https:\/\/www.cinesouk.ma\/#website","url":"https:\/\/www.cinesouk.ma\/","name":"CineSouk","description":"","publisher":{"@id":"https:\/\/www.cinesouk.ma\/#organization"},"potentialAction":[{"@type":"SearchAction","target":{"@type":"EntryPoint","urlTemplate":"https:\/\/www.cinesouk.ma\/?s={search_term_string}"},"query-input":{"@type":"PropertyValueSpecification","valueRequired":true,"valueName":"search_term_string"}}],"inLanguage":"fr-FR"},{"@type":"Organization","@id":"https:\/\/www.cinesouk.ma\/#organization","name":"CineSouk","url":"https:\/\/www.cinesouk.ma\/","logo":{"@type":"ImageObject","inLanguage":"fr-FR","@id":"https:\/\/www.cinesouk.ma\/#\/schema\/logo\/image\/","url":"https:\/\/www.cinesouk.ma\/wp-content\/uploads\/2024\/01\/CineSouk-logo-v01-alpha-alligned-left.png","contentUrl":"https:\/\/www.cinesouk.ma\/wp-content\/uploads\/2024\/01\/CineSouk-logo-v01-alpha-alligned-left.png","width":3204,"height":889,"caption":"CineSouk"},"image":{"@id":"https:\/\/www.cinesouk.ma\/#\/schema\/logo\/image\/"}}]}},"_links":{"self":[{"href":"https:\/\/www.cinesouk.ma\/fr\/wp-json\/wp\/v2\/product\/12179","targetHints":{"allow":["GET"]}}],"collection":[{"href":"https:\/\/www.cinesouk.ma\/fr\/wp-json\/wp\/v2\/product"}],"about":[{"href":"https:\/\/www.cinesouk.ma\/fr\/wp-json\/wp\/v2\/types\/product"}],"wp:featuredmedia":[{"embeddable":true,"href":"https:\/\/www.cinesouk.ma\/fr\/wp-json\/wp\/v2\/media\/12190"}],"wp:attachment":[{"href":"https:\/\/www.cinesouk.ma\/fr\/wp-json\/wp\/v2\/media?parent=12179"}],"wp:term":[{"taxonomy":"product_brand","embeddable":true,"href":"https:\/\/www.cinesouk.ma\/fr\/wp-json\/wp\/v2\/product_brand?post=12179"},{"taxonomy":"product_cat","embeddable":true,"href":"https:\/\/www.cinesouk.ma\/fr\/wp-json\/wp\/v2\/product_cat?post=12179"},{"taxonomy":"product_tag","embeddable":true,"href":"https:\/\/www.cinesouk.ma\/fr\/wp-json\/wp\/v2\/product_tag?post=12179"}],"curies":[{"name":"wp","href":"https:\/\/api.w.org\/{rel}","templated":true}]}}