{"id":12191,"date":"2024-04-07T09:31:28","date_gmt":"2024-04-07T09:31:28","guid":{"rendered":"https:\/\/www.cinesouk.ma\/?post_type=product&#038;p=12191"},"modified":"2026-01-21T10:33:25","modified_gmt":"2026-01-21T10:33:25","slug":"a-clamp-medium-approx-3-7cm","status":"publish","type":"product","link":"https:\/\/www.cinesouk.ma\/fr\/produit\/a-clamp-medium-approx-3-7cm\/","title":{"rendered":"Pony A-Clamp Medium Approx 3&#8243; (7cm)"},"content":{"rendered":"<div class=\"flex max-w-full flex-col flex-grow\">\n<div class=\"min-h-[20px] text-message flex w-full flex-col items-end gap-2 break-words [.text-message+&amp;]:mt-5 overflow-x-auto whitespace-normal\" dir=\"auto\" data-message-author-role=\"assistant\" data-message-id=\"08c860b5-28a6-425b-bedd-998aab1ab46c\">\n<div class=\"flex w-full flex-col gap-1 empty:hidden first:pt-[3px]\">\n<div class=\"markdown prose w-full break-words dark:prose-invert light\">\n<p data-start=\"40\" data-end=\"361\">The Pony A-Clamp Medium 3&#8243; (7cm) is a reliable and durable tool, designed for securing materials during various tasks such as woodworking, metalworking, and automotive repairs. With a clamping capacity of 3 inches, this clamp is perfect for medium-sized workpieces, providing a strong grip and precise control.<\/p>\n<p data-start=\"363\" data-end=\"616\">Sa conception compacte et son m\u00e9canisme facile \u00e0 utiliser conviennent aussi bien aux professionnels qu'aux bricoleurs. Que vous assembliez, soudiez ou bricoliez, cette pince en A garantit que vos mat\u00e9riaux restent fermement en place, pour plus de pr\u00e9cision et de s\u00e9curit\u00e9.<\/p>\n<h3 data-start=\"618\" data-end=\"639\"><strong data-start=\"622\" data-end=\"639\">Caract\u00e9ristiques principales :<\/strong><\/h3>\n<ul data-start=\"641\" data-end=\"1024\">\n<li data-start=\"641\" data-end=\"717\">\n<p data-start=\"643\" data-end=\"717\"><strong data-start=\"643\" data-end=\"665\">Capacit\u00e9 de serrage :<\/strong> 3 pouces (7 cm), id\u00e9al pour les pi\u00e8ces de taille moyenne.<\/p>\n<\/li>\n<li data-start=\"718\" data-end=\"826\">\n<p data-start=\"720\" data-end=\"826\"><strong data-start=\"720\" data-end=\"745\">Construction durable :<\/strong> Fabriqu\u00e9 \u00e0 partir de mat\u00e9riaux de haute qualit\u00e9 pour une utilisation durable dans des environnements exigeants.<\/p>\n<\/li>\n<li data-start=\"827\" data-end=\"914\">\n<p data-start=\"829\" data-end=\"914\"><strong data-start=\"829\" data-end=\"852\">Conception facile \u00e0 utiliser :<\/strong> M\u00e9canisme \u00e0 vis r\u00e9glable pour un fonctionnement rapide et efficace.<\/p>\n<\/li>\n<li data-start=\"915\" data-end=\"1024\">\n<p data-start=\"917\" data-end=\"1024\"><strong data-start=\"917\" data-end=\"944\">Applications polyvalentes :<\/strong> Parfait pour le travail du bois, le travail des m\u00e9taux, les r\u00e9parations automobiles et d'autres t\u00e2ches de bricolage.<\/p>\n<\/li>\n<\/ul>\n<h3 data-start=\"1026\" data-end=\"1049\"><strong data-start=\"1030\" data-end=\"1049\">Sp\u00e9cifications :<\/strong><\/h3>\n<ul data-start=\"1051\" data-end=\"1278\">\n<li data-start=\"1051\" data-end=\"1091\">\n<p data-start=\"1053\" data-end=\"1091\"><strong data-start=\"1053\" data-end=\"1075\">Capacit\u00e9 de serrage :<\/strong> 3 pouces (7 cm)<\/p>\n<\/li>\n<li data-start=\"1092\" data-end=\"1165\">\n<p data-start=\"1094\" data-end=\"1165\"><strong data-start=\"1094\" data-end=\"1107\">Mat\u00e9riau :<\/strong> Construction m\u00e9tallique solide pour une durabilit\u00e9 et une fiabilit\u00e9 accrues.<\/p>\n<\/li>\n<li data-start=\"1166\" data-end=\"1230\">\n<p data-start=\"1168\" data-end=\"1230\"><strong data-start=\"1168\" data-end=\"1183\">Dimensions :<\/strong> Conception compacte pour faciliter le stockage et le transport.<\/p>\n<\/li>\n<li data-start=\"1231\" data-end=\"1278\">\n<p data-start=\"1233\" data-end=\"1278\"><strong data-start=\"1233\" data-end=\"1244\">Poids :<\/strong> L\u00e9ger pour une manipulation ais\u00e9e.<\/p>\n<\/li>\n<\/ul>\n<p data-start=\"1301\" data-end=\"1562\">The Pony\u00a0A-Clamp Medium 3&#8243; (7cm) is an essential tool for securing medium-sized materials during a variety of projects. Its durable construction, adjustable design, and compact size make it an indispensable asset for both professionals and hobbyists.<\/p>\n<\/div>\n<\/div>\n<\/div>\n<\/div>\n<p>Louez-le maintenant sur <a href=\"https:\/\/www.cinesouk.ma\/fr\">CINESOUK<\/a> - une marque de <a href=\"https:\/\/www.broadway.ma\/\">BROADWAY PRODUCTIONS SARL.<\/a><\/p>","protected":false},"excerpt":{"rendered":"<p><strong>Sp\u00e9cifications :<\/strong><\/p>\n<ul>\n<li class=\"\" data-start=\"1051\" data-end=\"1091\">\n<p class=\"\" data-start=\"1053\" data-end=\"1091\"><strong data-start=\"1053\" data-end=\"1075\">Capacit\u00e9 de serrage :<\/strong> 3 pouces (7 cm)<\/p>\n<\/li>\n<li class=\"\" data-start=\"1092\" data-end=\"1165\">\n<p class=\"\" data-start=\"1094\" data-end=\"1165\"><strong data-start=\"1094\" data-end=\"1107\">Mat\u00e9riau :<\/strong> Construction m\u00e9tallique solide pour une durabilit\u00e9 et une fiabilit\u00e9 accrues.<\/p>\n<\/li>\n<li class=\"\" data-start=\"1166\" data-end=\"1230\">\n<p class=\"\" data-start=\"1168\" data-end=\"1230\"><strong data-start=\"1168\" data-end=\"1183\">Dimensions :<\/strong> Conception compacte pour faciliter le stockage et le transport.<\/p>\n<\/li>\n<li class=\"\" data-start=\"1231\" data-end=\"1278\">\n<p class=\"\" data-start=\"1233\" data-end=\"1278\"><strong data-start=\"1233\" data-end=\"1244\">Poids :<\/strong> L\u00e9ger pour une manipulation ais\u00e9e.<\/p>\n<\/li>\n<\/ul>","protected":false},"featured_media":12190,"template":"","meta":{"om_disable_all_campaigns":false,"_monsterinsights_skip_tracking":false,"_monsterinsights_sitenote_active":false,"_monsterinsights_sitenote_note":"","_monsterinsights_sitenote_category":0,"_uf_show_specific_survey":0,"_uf_disable_surveys":false},"product_brand":[],"product_cat":[38],"product_tag":[],"class_list":{"0":"post-12191","1":"product","2":"type-product","3":"status-publish","4":"has-post-thumbnail","6":"product_cat-grip-cinesouk","8":"entry","9":"has-media","11":"first","12":"instock","13":"taxable","14":"shipping-taxable","15":"purchasable","16":"product-type-variable","17":"has-product-nav","18":"col","19":"span_1_of_3","20":"owp-content-center","21":"owp-thumbs-layout-horizontal","22":"owp-btn-normal","23":"owp-tabs-layout-horizontal","24":"has-no-thumbnails"},"yoast_head":"<!-- This site is optimized with the Yoast SEO Premium plugin v26.0 (Yoast SEO v26.0) - https:\/\/yoast.com\/wordpress\/plugins\/seo\/ -->\n<title>Pony A-Clamp Medium Approx 3&quot; (7cm) - CineSouk - For rent<\/title>\n<meta name=\"description\" content=\"Pony A-Clamp Medium 3&quot; (7cm) \u2013 Durable and versatile clamp for securing medium-sized materials in woodworking, metalworking, and automotive tasks. Ideal for precise control with a 3-inch clamping capacity.\" \/>\n<meta name=\"robots\" content=\"index, follow, max-snippet:-1, max-image-preview:large, max-video-preview:-1\" \/>\n<link rel=\"canonical\" href=\"https:\/\/www.cinesouk.ma\/fr\/produit\/a-clamp-medium-approx-3-7cm\/\" \/>\n<meta property=\"og:locale\" content=\"fr_FR\" \/>\n<meta property=\"og:type\" content=\"article\" \/>\n<meta property=\"og:title\" content=\"Pony A-Clamp Medium Approx 3&quot; (7cm)\" \/>\n<meta property=\"og:description\" content=\"Pony A-Clamp Medium 3&quot; (7cm) \u2013 Durable and versatile clamp for securing medium-sized materials in woodworking, metalworking, and automotive tasks. Ideal for precise control with a 3-inch clamping capacity.\" \/>\n<meta property=\"og:url\" content=\"https:\/\/www.cinesouk.ma\/fr\/produit\/a-clamp-medium-approx-3-7cm\/\" \/>\n<meta property=\"og:site_name\" content=\"CineSouk\" \/>\n<meta property=\"article:modified_time\" content=\"2026-01-21T10:33:25+00:00\" \/>\n<meta property=\"og:image\" content=\"https:\/\/www.cinesouk.ma\/wp-content\/uploads\/2025\/04\/A-clamp-large-approx-4-10cm.jpg\" \/>\n\t<meta property=\"og:image:width\" content=\"300\" \/>\n\t<meta property=\"og:image:height\" content=\"238\" \/>\n\t<meta property=\"og:image:type\" content=\"image\/jpeg\" \/>\n<meta name=\"twitter:card\" content=\"summary_large_image\" \/>\n<meta name=\"twitter:description\" content=\"Pony A-Clamp Medium 3&quot; (7cm) \u2013 Durable and versatile clamp for securing medium-sized materials in woodworking, metalworking, and automotive tasks. Ideal for precise control with a 3-inch clamping capacity.\" \/>\n<meta name=\"twitter:label1\" content=\"Dur\u00e9e de lecture estim\u00e9e\" \/>\n\t<meta name=\"twitter:data1\" content=\"2 minutes\" \/>\n<script type=\"application\/ld+json\" class=\"yoast-schema-graph\">{\"@context\":\"https:\/\/schema.org\",\"@graph\":[{\"@type\":\"WebPage\",\"@id\":\"https:\/\/www.cinesouk.ma\/product\/a-clamp-medium-approx-3-7cm\/\",\"url\":\"https:\/\/www.cinesouk.ma\/product\/a-clamp-medium-approx-3-7cm\/\",\"name\":\"Pony A-Clamp Medium Approx 3\\\" (7cm) - CineSouk - For rent\",\"isPartOf\":{\"@id\":\"https:\/\/www.cinesouk.ma\/#website\"},\"primaryImageOfPage\":{\"@id\":\"https:\/\/www.cinesouk.ma\/product\/a-clamp-medium-approx-3-7cm\/#primaryimage\"},\"image\":{\"@id\":\"https:\/\/www.cinesouk.ma\/product\/a-clamp-medium-approx-3-7cm\/#primaryimage\"},\"thumbnailUrl\":\"https:\/\/www.cinesouk.ma\/wp-content\/uploads\/2025\/04\/A-clamp-large-approx-4-10cm.jpg\",\"datePublished\":\"2024-04-07T09:31:28+00:00\",\"dateModified\":\"2026-01-21T10:33:25+00:00\",\"description\":\"Pony A-Clamp Medium 3\\\" (7cm) \u2013 Durable and versatile clamp for securing medium-sized materials in woodworking, metalworking, and automotive tasks. Ideal for precise control with a 3-inch clamping capacity.\",\"breadcrumb\":{\"@id\":\"https:\/\/www.cinesouk.ma\/product\/a-clamp-medium-approx-3-7cm\/#breadcrumb\"},\"inLanguage\":\"fr-FR\",\"potentialAction\":[{\"@type\":\"ReadAction\",\"target\":[\"https:\/\/www.cinesouk.ma\/product\/a-clamp-medium-approx-3-7cm\/\"]}]},{\"@type\":\"ImageObject\",\"inLanguage\":\"fr-FR\",\"@id\":\"https:\/\/www.cinesouk.ma\/product\/a-clamp-medium-approx-3-7cm\/#primaryimage\",\"url\":\"https:\/\/www.cinesouk.ma\/wp-content\/uploads\/2025\/04\/A-clamp-large-approx-4-10cm.jpg\",\"contentUrl\":\"https:\/\/www.cinesouk.ma\/wp-content\/uploads\/2025\/04\/A-clamp-large-approx-4-10cm.jpg\",\"width\":300,\"height\":238,\"caption\":\"A-clamp large approx 4\u201d (10cm)\"},{\"@type\":\"BreadcrumbList\",\"@id\":\"https:\/\/www.cinesouk.ma\/product\/a-clamp-medium-approx-3-7cm\/#breadcrumb\",\"itemListElement\":[{\"@type\":\"ListItem\",\"position\":1,\"name\":\"Home\",\"item\":\"https:\/\/www.cinesouk.ma\/\"},{\"@type\":\"ListItem\",\"position\":2,\"name\":\"Shop\",\"item\":\"https:\/\/www.cinesouk.ma\/shop\/\"},{\"@type\":\"ListItem\",\"position\":3,\"name\":\"Pony A-Clamp Medium Approx 3&#8243; (7cm)\"}]},{\"@type\":\"WebSite\",\"@id\":\"https:\/\/www.cinesouk.ma\/#website\",\"url\":\"https:\/\/www.cinesouk.ma\/\",\"name\":\"CineSouk\",\"description\":\"\",\"publisher\":{\"@id\":\"https:\/\/www.cinesouk.ma\/#organization\"},\"potentialAction\":[{\"@type\":\"SearchAction\",\"target\":{\"@type\":\"EntryPoint\",\"urlTemplate\":\"https:\/\/www.cinesouk.ma\/?s={search_term_string}\"},\"query-input\":{\"@type\":\"PropertyValueSpecification\",\"valueRequired\":true,\"valueName\":\"search_term_string\"}}],\"inLanguage\":\"fr-FR\"},{\"@type\":\"Organization\",\"@id\":\"https:\/\/www.cinesouk.ma\/#organization\",\"name\":\"CineSouk\",\"url\":\"https:\/\/www.cinesouk.ma\/\",\"logo\":{\"@type\":\"ImageObject\",\"inLanguage\":\"fr-FR\",\"@id\":\"https:\/\/www.cinesouk.ma\/#\/schema\/logo\/image\/\",\"url\":\"https:\/\/www.cinesouk.ma\/wp-content\/uploads\/2024\/01\/CineSouk-logo-v01-alpha-alligned-left.png\",\"contentUrl\":\"https:\/\/www.cinesouk.ma\/wp-content\/uploads\/2024\/01\/CineSouk-logo-v01-alpha-alligned-left.png\",\"width\":3204,\"height\":889,\"caption\":\"CineSouk\"},\"image\":{\"@id\":\"https:\/\/www.cinesouk.ma\/#\/schema\/logo\/image\/\"}}]}<\/script>\n<!-- \/ Yoast SEO Premium plugin. -->","yoast_head_json":{"title":"Pony A-Clamp Medium Approx 3\" (7cm) - CineSouk - For rent","description":"Pony A-Clamp Medium 3\" (7cm) \u2013 Durable and versatile clamp for securing medium-sized materials in woodworking, metalworking, and automotive tasks. Ideal for precise control with a 3-inch clamping capacity.","robots":{"index":"index","follow":"follow","max-snippet":"max-snippet:-1","max-image-preview":"max-image-preview:large","max-video-preview":"max-video-preview:-1"},"canonical":"https:\/\/www.cinesouk.ma\/fr\/produit\/a-clamp-medium-approx-3-7cm\/","og_locale":"fr_FR","og_type":"article","og_title":"Pony A-Clamp Medium Approx 3\" (7cm)","og_description":"Pony A-Clamp Medium 3\" (7cm) \u2013 Durable and versatile clamp for securing medium-sized materials in woodworking, metalworking, and automotive tasks. Ideal for precise control with a 3-inch clamping capacity.","og_url":"https:\/\/www.cinesouk.ma\/fr\/produit\/a-clamp-medium-approx-3-7cm\/","og_site_name":"CineSouk","article_modified_time":"2026-01-21T10:33:25+00:00","og_image":[{"width":300,"height":238,"url":"https:\/\/www.cinesouk.ma\/wp-content\/uploads\/2025\/04\/A-clamp-large-approx-4-10cm.jpg","type":"image\/jpeg"}],"twitter_card":"summary_large_image","twitter_description":"Pony A-Clamp Medium 3\" (7cm) \u2013 Durable and versatile clamp for securing medium-sized materials in woodworking, metalworking, and automotive tasks. Ideal for precise control with a 3-inch clamping capacity.","twitter_misc":{"Dur\u00e9e de lecture estim\u00e9e":"2 minutes"},"schema":{"@context":"https:\/\/schema.org","@graph":[{"@type":"WebPage","@id":"https:\/\/www.cinesouk.ma\/product\/a-clamp-medium-approx-3-7cm\/","url":"https:\/\/www.cinesouk.ma\/product\/a-clamp-medium-approx-3-7cm\/","name":"Pony A-Clamp Medium Approx 3\" (7cm) - CineSouk - For rent","isPartOf":{"@id":"https:\/\/www.cinesouk.ma\/#website"},"primaryImageOfPage":{"@id":"https:\/\/www.cinesouk.ma\/product\/a-clamp-medium-approx-3-7cm\/#primaryimage"},"image":{"@id":"https:\/\/www.cinesouk.ma\/product\/a-clamp-medium-approx-3-7cm\/#primaryimage"},"thumbnailUrl":"https:\/\/www.cinesouk.ma\/wp-content\/uploads\/2025\/04\/A-clamp-large-approx-4-10cm.jpg","datePublished":"2024-04-07T09:31:28+00:00","dateModified":"2026-01-21T10:33:25+00:00","description":"Pony A-Clamp Medium 3\" (7cm) \u2013 Durable and versatile clamp for securing medium-sized materials in woodworking, metalworking, and automotive tasks. Ideal for precise control with a 3-inch clamping capacity.","breadcrumb":{"@id":"https:\/\/www.cinesouk.ma\/product\/a-clamp-medium-approx-3-7cm\/#breadcrumb"},"inLanguage":"fr-FR","potentialAction":[{"@type":"ReadAction","target":["https:\/\/www.cinesouk.ma\/product\/a-clamp-medium-approx-3-7cm\/"]}]},{"@type":"ImageObject","inLanguage":"fr-FR","@id":"https:\/\/www.cinesouk.ma\/product\/a-clamp-medium-approx-3-7cm\/#primaryimage","url":"https:\/\/www.cinesouk.ma\/wp-content\/uploads\/2025\/04\/A-clamp-large-approx-4-10cm.jpg","contentUrl":"https:\/\/www.cinesouk.ma\/wp-content\/uploads\/2025\/04\/A-clamp-large-approx-4-10cm.jpg","width":300,"height":238,"caption":"A-clamp large approx 4\u201d (10cm)"},{"@type":"BreadcrumbList","@id":"https:\/\/www.cinesouk.ma\/product\/a-clamp-medium-approx-3-7cm\/#breadcrumb","itemListElement":[{"@type":"ListItem","position":1,"name":"Home","item":"https:\/\/www.cinesouk.ma\/"},{"@type":"ListItem","position":2,"name":"Shop","item":"https:\/\/www.cinesouk.ma\/shop\/"},{"@type":"ListItem","position":3,"name":"Pony A-Clamp Medium Approx 3&#8243; (7cm)"}]},{"@type":"WebSite","@id":"https:\/\/www.cinesouk.ma\/#website","url":"https:\/\/www.cinesouk.ma\/","name":"CineSouk","description":"","publisher":{"@id":"https:\/\/www.cinesouk.ma\/#organization"},"potentialAction":[{"@type":"SearchAction","target":{"@type":"EntryPoint","urlTemplate":"https:\/\/www.cinesouk.ma\/?s={search_term_string}"},"query-input":{"@type":"PropertyValueSpecification","valueRequired":true,"valueName":"search_term_string"}}],"inLanguage":"fr-FR"},{"@type":"Organization","@id":"https:\/\/www.cinesouk.ma\/#organization","name":"CineSouk","url":"https:\/\/www.cinesouk.ma\/","logo":{"@type":"ImageObject","inLanguage":"fr-FR","@id":"https:\/\/www.cinesouk.ma\/#\/schema\/logo\/image\/","url":"https:\/\/www.cinesouk.ma\/wp-content\/uploads\/2024\/01\/CineSouk-logo-v01-alpha-alligned-left.png","contentUrl":"https:\/\/www.cinesouk.ma\/wp-content\/uploads\/2024\/01\/CineSouk-logo-v01-alpha-alligned-left.png","width":3204,"height":889,"caption":"CineSouk"},"image":{"@id":"https:\/\/www.cinesouk.ma\/#\/schema\/logo\/image\/"}}]}},"_links":{"self":[{"href":"https:\/\/www.cinesouk.ma\/fr\/wp-json\/wp\/v2\/product\/12191","targetHints":{"allow":["GET"]}}],"collection":[{"href":"https:\/\/www.cinesouk.ma\/fr\/wp-json\/wp\/v2\/product"}],"about":[{"href":"https:\/\/www.cinesouk.ma\/fr\/wp-json\/wp\/v2\/types\/product"}],"wp:featuredmedia":[{"embeddable":true,"href":"https:\/\/www.cinesouk.ma\/fr\/wp-json\/wp\/v2\/media\/12190"}],"wp:attachment":[{"href":"https:\/\/www.cinesouk.ma\/fr\/wp-json\/wp\/v2\/media?parent=12191"}],"wp:term":[{"taxonomy":"product_brand","embeddable":true,"href":"https:\/\/www.cinesouk.ma\/fr\/wp-json\/wp\/v2\/product_brand?post=12191"},{"taxonomy":"product_cat","embeddable":true,"href":"https:\/\/www.cinesouk.ma\/fr\/wp-json\/wp\/v2\/product_cat?post=12191"},{"taxonomy":"product_tag","embeddable":true,"href":"https:\/\/www.cinesouk.ma\/fr\/wp-json\/wp\/v2\/product_tag?post=12191"}],"curies":[{"name":"wp","href":"https:\/\/api.w.org\/{rel}","templated":true}]}}