{"id":12214,"date":"2025-04-08T14:46:42","date_gmt":"2025-04-08T14:46:42","guid":{"rendered":"https:\/\/www.cinesouk.ma\/?post_type=product&#038;p=12214"},"modified":"2025-04-08T15:07:57","modified_gmt":"2025-04-08T15:07:57","slug":"manfrotto-143bkt-camera-bracket","status":"publish","type":"product","link":"https:\/\/www.cinesouk.ma\/fr\/produit\/manfrotto-143bkt-camera-bracket\/","title":{"rendered":"Manfrotto 143BKT Support de cam\u00e9ra"},"content":{"rendered":"<p class=\"\" data-start=\"82\" data-end=\"576\">Le support de cam\u00e9ra Manfrotto 143BKT est un accessoire de montage tr\u00e8s polyvalent et durable con\u00e7u pour fixer solidement les cam\u00e9ras \u00e0 divers syst\u00e8mes de support, y compris le Magic Arm. Ce support de cam\u00e9ra est dot\u00e9 d'une monture filet\u00e9e 1\/4\u2033-20 pouces, ce qui le rend compatible avec une large gamme de cam\u00e9ras, d'appareils et d'accessoires. Que vous travailliez en studio ou en ext\u00e9rieur, ce support offre une fixation fiable et stable pour garantir que votre \u00e9quipement reste bien en place.<\/p>\n<p class=\"\" data-start=\"578\" data-end=\"985\">Le support de cam\u00e9ra Manfrotto 143BKT est un excellent choix pour les professionnels qui ont besoin de pr\u00e9cision et de flexibilit\u00e9 dans leurs installations. Sa l\u00e9g\u00e8ret\u00e9 le rend facile \u00e0 transporter, tandis que sa robustesse garantit une utilisation durable, m\u00eame dans des conditions difficiles. Id\u00e9al pour les directeurs de la photographie, les photographes et les vid\u00e9astes, il offre une solution de montage s\u00fbre pour diverses applications.<\/p>\n<h3 class=\"\" data-start=\"987\" data-end=\"1008\"><strong data-start=\"991\" data-end=\"1008\">Caract\u00e9ristiques principales :<\/strong><\/h3>\n<ul data-start=\"1010\" data-end=\"1806\">\n<li class=\"\" data-start=\"1010\" data-end=\"1218\">\n<p class=\"\" data-start=\"1012\" data-end=\"1218\"><strong data-start=\"1012\" data-end=\"1040\">Compatibilit\u00e9 universelle :<\/strong> \u00c9quip\u00e9 d'un <strong data-start=\"1057\" data-end=\"1095\">montage standard avec filetage 1\/4\u2033-20<\/strong>Ce support convient \u00e0 la plupart des appareils photo et des dispositifs, ce qui garantit une utilisation polyvalente pour diff\u00e9rents types d'\u00e9quipement.<\/p>\n<\/li>\n<li class=\"\" data-start=\"1219\" data-end=\"1440\">\n<p class=\"\" data-start=\"1221\" data-end=\"1440\"><strong data-start=\"1221\" data-end=\"1246\">Construction durable :<\/strong> Fabriqu\u00e9 \u00e0 partir de <strong data-start=\"1257\" data-end=\"1282\">aluminium de haute qualit\u00e9<\/strong>, le <strong data-start=\"1288\" data-end=\"1308\">Manfrotto 143BKT<\/strong> est con\u00e7u pour r\u00e9sister aux rigueurs d'une utilisation r\u00e9guli\u00e8re, offrant fiabilit\u00e9 et durabilit\u00e9 aux photographes professionnels et amateurs.<\/p>\n<\/li>\n<li class=\"\" data-start=\"1441\" data-end=\"1621\">\n<p class=\"\" data-start=\"1443\" data-end=\"1621\"><strong data-start=\"1443\" data-end=\"1468\">Positionnement flexible :<\/strong> Id\u00e9al pour une utilisation avec le <strong data-start=\"1492\" data-end=\"1505\">Bras magique<\/strong>Il permet un positionnement pr\u00e9cis de la cam\u00e9ra afin d'obtenir des angles et des prises de vue optimaux, ce qui vous donne un contr\u00f4le total sur votre installation.<\/p>\n<\/li>\n<li class=\"\" data-start=\"1622\" data-end=\"1806\">\n<p class=\"\" data-start=\"1624\" data-end=\"1806\"><strong data-start=\"1624\" data-end=\"1653\">L\u00e9ger et portable :<\/strong> La conception compacte du <strong data-start=\"1680\" data-end=\"1700\">Manfrotto 143BKT<\/strong> le rend facile \u00e0 transporter et \u00e0 ranger, tout en \u00e9tant suffisamment solide pour supporter votre mat\u00e9riel avec stabilit\u00e9.<\/p>\n<\/li>\n<\/ul>\n<h3 class=\"\" data-start=\"1808\" data-end=\"1831\"><strong data-start=\"1812\" data-end=\"1831\">Sp\u00e9cifications :<\/strong><\/h3>\n<ul data-start=\"1833\" data-end=\"2179\">\n<li class=\"\" data-start=\"1833\" data-end=\"1906\">\n<p class=\"\" data-start=\"1835\" data-end=\"1906\"><strong data-start=\"1835\" data-end=\"1848\">Mat\u00e9riau :<\/strong> Prime <strong data-start=\"1857\" data-end=\"1869\">aluminium<\/strong> pour une durabilit\u00e9 et une r\u00e9sistance maximales.<\/p>\n<\/li>\n<li class=\"\" data-start=\"1907\" data-end=\"1988\">\n<p class=\"\" data-start=\"1909\" data-end=\"1988\"><strong data-start=\"1909\" data-end=\"1925\">Taille du filetage :<\/strong> <strong data-start=\"1926\" data-end=\"1942\">1\/4\u2033-20 pouce<\/strong>Id\u00e9al pour la plupart des cam\u00e9ras et des syst\u00e8mes de montage.<\/p>\n<\/li>\n<li class=\"\" data-start=\"1989\" data-end=\"2077\">\n<p class=\"\" data-start=\"1991\" data-end=\"2077\"><strong data-start=\"1991\" data-end=\"2006\">Dimensions :<\/strong> Environ <strong data-start=\"2021\" data-end=\"2047\">3,6 x 1,9 x 1,1 pouces<\/strong>compact et peu encombrant.<\/p>\n<\/li>\n<li class=\"\" data-start=\"2078\" data-end=\"2179\">\n<p class=\"\" data-start=\"2080\" data-end=\"2179\"><strong data-start=\"2080\" data-end=\"2091\">Poids :<\/strong> <strong data-start=\"2092\" data-end=\"2114\">0,14 kg (0,31 lbs)<\/strong>L\u00e9ger, il est facile \u00e0 manipuler lors des tournages et du transport.<\/p>\n<\/li>\n<\/ul>\n<p class=\"\" data-start=\"2202\" data-end=\"2685\">Le support de cam\u00e9ra Manfrotto 143BKT est un accessoire fiable et polyvalent con\u00e7u pour am\u00e9liorer l'installation de votre cam\u00e9ra. Avec sa construction en aluminium durable, son filetage universel de 1\/4\u2033-20 pouces et son positionnement flexible, ce support offre un excellent soutien pour divers appareils photo et dispositifs. Que vous montiez votre cam\u00e9ra sur un Magic Arm ou tout autre syst\u00e8me de support, ce support garantit que votre \u00e9quipement est solidement positionn\u00e9 pour des r\u00e9sultats optimaux lors de chaque prise de vue.<\/p>\n<p>Louez-le maintenant sur <a href=\"https:\/\/www.cinesouk.ma\/fr\">CINESOUK<\/a> - une marque de <a href=\"https:\/\/www.broadway.ma\/\">BROADWAY PRODUCTIONS SARL.<\/a><\/p>","protected":false},"excerpt":{"rendered":"<p><strong>Sp\u00e9cifications<\/strong><\/p>\n<ul>\n<li class=\"\" data-start=\"624\" data-end=\"648\">\n<p class=\"\" data-start=\"626\" data-end=\"648\"><strong data-start=\"626\" data-end=\"639\">Mat\u00e9riau :<\/strong> Aluminium<\/p>\n<\/li>\n<li class=\"\" data-start=\"649\" data-end=\"680\">\n<p class=\"\" data-start=\"651\" data-end=\"680\"><strong data-start=\"651\" data-end=\"667\">Taille du filetage :<\/strong> 1\/4\u2033-20 pouce<\/p>\n<\/li>\n<li class=\"\" data-start=\"681\" data-end=\"735\">\n<p class=\"\" data-start=\"683\" data-end=\"735\"><strong data-start=\"683\" data-end=\"698\">Dimensions :<\/strong> Environ 3,6 x 1,9 x 1,1 pouces<\/p>\n<\/li>\n<li class=\"\" data-start=\"736\" data-end=\"768\">\n<p class=\"\" data-start=\"738\" data-end=\"768\"><strong data-start=\"738\" data-end=\"749\">Poids :<\/strong> 0,14 kg (0,31 lbs)<\/p>\n<\/li>\n<\/ul>","protected":false},"featured_media":12225,"template":"","meta":{"om_disable_all_campaigns":false,"_monsterinsights_skip_tracking":false,"_monsterinsights_sitenote_active":false,"_monsterinsights_sitenote_note":"","_monsterinsights_sitenote_category":0,"_uf_show_specific_survey":0,"_uf_disable_surveys":false},"product_brand":[],"product_cat":[37],"product_tag":[],"class_list":{"0":"post-12214","1":"product","2":"type-product","3":"status-publish","4":"has-post-thumbnail","6":"product_cat-accessories-cinesouk","8":"entry","9":"has-media","11":"first","12":"instock","13":"taxable","14":"shipping-taxable","15":"purchasable","16":"product-type-variable","17":"has-product-nav","18":"col","19":"span_1_of_3","20":"owp-content-center","21":"owp-thumbs-layout-horizontal","22":"owp-btn-normal","23":"owp-tabs-layout-horizontal","24":"has-no-thumbnails"},"yoast_head":"<!-- This site is optimized with the Yoast SEO Premium plugin v26.0 (Yoast SEO v26.0) - https:\/\/yoast.com\/wordpress\/plugins\/seo\/ -->\n<title>Manfrotto 143BKT Camera Bracket - CineSouk - For rent<\/title>\n<meta name=\"description\" content=\"Manfrotto 143BKT Camera Bracket \u2013 Durable aluminum camera bracket with a 1\/4&quot;-20 inch thread, ideal for use with Magic Arm and other support systems.\" \/>\n<meta name=\"robots\" content=\"index, follow, max-snippet:-1, max-image-preview:large, max-video-preview:-1\" \/>\n<link rel=\"canonical\" href=\"https:\/\/www.cinesouk.ma\/fr\/produit\/manfrotto-143bkt-camera-bracket\/\" \/>\n<meta property=\"og:locale\" content=\"fr_FR\" \/>\n<meta property=\"og:type\" content=\"article\" \/>\n<meta property=\"og:title\" content=\"Manfrotto 143BKT Camera Bracket\" \/>\n<meta property=\"og:description\" content=\"Manfrotto 143BKT Camera Bracket \u2013 Durable aluminum camera bracket with a 1\/4&quot;-20 inch thread, ideal for use with Magic Arm and other support systems. Versatile and reliable for professional use.\" \/>\n<meta property=\"og:url\" content=\"https:\/\/www.cinesouk.ma\/fr\/produit\/manfrotto-143bkt-camera-bracket\/\" \/>\n<meta property=\"og:site_name\" content=\"CineSouk\" \/>\n<meta property=\"article:modified_time\" content=\"2025-04-08T15:07:57+00:00\" \/>\n<meta property=\"og:image\" content=\"https:\/\/www.cinesouk.ma\/wp-content\/uploads\/2025\/04\/Manfrotto-143BKT-Camera-Bracket.jpg\" \/>\n\t<meta property=\"og:image:width\" content=\"300\" \/>\n\t<meta property=\"og:image:height\" content=\"238\" \/>\n\t<meta property=\"og:image:type\" content=\"image\/jpeg\" \/>\n<meta name=\"twitter:card\" content=\"summary_large_image\" \/>\n<meta name=\"twitter:description\" content=\"Manfrotto 143BKT Camera Bracket \u2013 Durable aluminum camera bracket with a 1\/4&quot;-20 inch thread, ideal for use with Magic Arm and other support systems. Versatile and reliable for professional use.\" \/>\n<meta name=\"twitter:label1\" content=\"Dur\u00e9e de lecture estim\u00e9e\" \/>\n\t<meta name=\"twitter:data1\" content=\"2 minutes\" \/>\n<script type=\"application\/ld+json\" class=\"yoast-schema-graph\">{\"@context\":\"https:\/\/schema.org\",\"@graph\":[{\"@type\":\"WebPage\",\"@id\":\"https:\/\/www.cinesouk.ma\/product\/manfrotto-143bkt-camera-bracket\/\",\"url\":\"https:\/\/www.cinesouk.ma\/product\/manfrotto-143bkt-camera-bracket\/\",\"name\":\"Manfrotto 143BKT Camera Bracket - CineSouk - For rent\",\"isPartOf\":{\"@id\":\"https:\/\/www.cinesouk.ma\/#website\"},\"primaryImageOfPage\":{\"@id\":\"https:\/\/www.cinesouk.ma\/product\/manfrotto-143bkt-camera-bracket\/#primaryimage\"},\"image\":{\"@id\":\"https:\/\/www.cinesouk.ma\/product\/manfrotto-143bkt-camera-bracket\/#primaryimage\"},\"thumbnailUrl\":\"https:\/\/www.cinesouk.ma\/wp-content\/uploads\/2025\/04\/Manfrotto-143BKT-Camera-Bracket.jpg\",\"datePublished\":\"2025-04-08T14:46:42+00:00\",\"dateModified\":\"2025-04-08T15:07:57+00:00\",\"description\":\"Manfrotto 143BKT Camera Bracket \u2013 Durable aluminum camera bracket with a 1\/4\\\"-20 inch thread, ideal for use with Magic Arm and other support systems.\",\"breadcrumb\":{\"@id\":\"https:\/\/www.cinesouk.ma\/product\/manfrotto-143bkt-camera-bracket\/#breadcrumb\"},\"inLanguage\":\"fr-FR\",\"potentialAction\":[{\"@type\":\"ReadAction\",\"target\":[\"https:\/\/www.cinesouk.ma\/product\/manfrotto-143bkt-camera-bracket\/\"]}]},{\"@type\":\"ImageObject\",\"inLanguage\":\"fr-FR\",\"@id\":\"https:\/\/www.cinesouk.ma\/product\/manfrotto-143bkt-camera-bracket\/#primaryimage\",\"url\":\"https:\/\/www.cinesouk.ma\/wp-content\/uploads\/2025\/04\/Manfrotto-143BKT-Camera-Bracket.jpg\",\"contentUrl\":\"https:\/\/www.cinesouk.ma\/wp-content\/uploads\/2025\/04\/Manfrotto-143BKT-Camera-Bracket.jpg\",\"width\":300,\"height\":238,\"caption\":\"Manfrotto 143BKT Camera Bracket\"},{\"@type\":\"BreadcrumbList\",\"@id\":\"https:\/\/www.cinesouk.ma\/product\/manfrotto-143bkt-camera-bracket\/#breadcrumb\",\"itemListElement\":[{\"@type\":\"ListItem\",\"position\":1,\"name\":\"Home\",\"item\":\"https:\/\/www.cinesouk.ma\/\"},{\"@type\":\"ListItem\",\"position\":2,\"name\":\"Shop\",\"item\":\"https:\/\/www.cinesouk.ma\/shop\/\"},{\"@type\":\"ListItem\",\"position\":3,\"name\":\"Manfrotto 143BKT Camera Bracket\"}]},{\"@type\":\"WebSite\",\"@id\":\"https:\/\/www.cinesouk.ma\/#website\",\"url\":\"https:\/\/www.cinesouk.ma\/\",\"name\":\"CineSouk\",\"description\":\"\",\"publisher\":{\"@id\":\"https:\/\/www.cinesouk.ma\/#organization\"},\"potentialAction\":[{\"@type\":\"SearchAction\",\"target\":{\"@type\":\"EntryPoint\",\"urlTemplate\":\"https:\/\/www.cinesouk.ma\/?s={search_term_string}\"},\"query-input\":{\"@type\":\"PropertyValueSpecification\",\"valueRequired\":true,\"valueName\":\"search_term_string\"}}],\"inLanguage\":\"fr-FR\"},{\"@type\":\"Organization\",\"@id\":\"https:\/\/www.cinesouk.ma\/#organization\",\"name\":\"CineSouk\",\"url\":\"https:\/\/www.cinesouk.ma\/\",\"logo\":{\"@type\":\"ImageObject\",\"inLanguage\":\"fr-FR\",\"@id\":\"https:\/\/www.cinesouk.ma\/#\/schema\/logo\/image\/\",\"url\":\"https:\/\/www.cinesouk.ma\/wp-content\/uploads\/2024\/01\/CineSouk-logo-v01-alpha-alligned-left.png\",\"contentUrl\":\"https:\/\/www.cinesouk.ma\/wp-content\/uploads\/2024\/01\/CineSouk-logo-v01-alpha-alligned-left.png\",\"width\":3204,\"height\":889,\"caption\":\"CineSouk\"},\"image\":{\"@id\":\"https:\/\/www.cinesouk.ma\/#\/schema\/logo\/image\/\"}}]}<\/script>\n<!-- \/ Yoast SEO Premium plugin. -->","yoast_head_json":{"title":"Manfrotto 143BKT Camera Bracket - CineSouk - For rent","description":"Manfrotto 143BKT Camera Bracket \u2013 Durable aluminum camera bracket with a 1\/4\"-20 inch thread, ideal for use with Magic Arm and other support systems.","robots":{"index":"index","follow":"follow","max-snippet":"max-snippet:-1","max-image-preview":"max-image-preview:large","max-video-preview":"max-video-preview:-1"},"canonical":"https:\/\/www.cinesouk.ma\/fr\/produit\/manfrotto-143bkt-camera-bracket\/","og_locale":"fr_FR","og_type":"article","og_title":"Manfrotto 143BKT Camera Bracket","og_description":"Manfrotto 143BKT Camera Bracket \u2013 Durable aluminum camera bracket with a 1\/4\"-20 inch thread, ideal for use with Magic Arm and other support systems. Versatile and reliable for professional use.","og_url":"https:\/\/www.cinesouk.ma\/fr\/produit\/manfrotto-143bkt-camera-bracket\/","og_site_name":"CineSouk","article_modified_time":"2025-04-08T15:07:57+00:00","og_image":[{"width":300,"height":238,"url":"https:\/\/www.cinesouk.ma\/wp-content\/uploads\/2025\/04\/Manfrotto-143BKT-Camera-Bracket.jpg","type":"image\/jpeg"}],"twitter_card":"summary_large_image","twitter_description":"Manfrotto 143BKT Camera Bracket \u2013 Durable aluminum camera bracket with a 1\/4\"-20 inch thread, ideal for use with Magic Arm and other support systems. Versatile and reliable for professional use.","twitter_misc":{"Dur\u00e9e de lecture estim\u00e9e":"2 minutes"},"schema":{"@context":"https:\/\/schema.org","@graph":[{"@type":"WebPage","@id":"https:\/\/www.cinesouk.ma\/product\/manfrotto-143bkt-camera-bracket\/","url":"https:\/\/www.cinesouk.ma\/product\/manfrotto-143bkt-camera-bracket\/","name":"Manfrotto 143BKT Camera Bracket - CineSouk - For rent","isPartOf":{"@id":"https:\/\/www.cinesouk.ma\/#website"},"primaryImageOfPage":{"@id":"https:\/\/www.cinesouk.ma\/product\/manfrotto-143bkt-camera-bracket\/#primaryimage"},"image":{"@id":"https:\/\/www.cinesouk.ma\/product\/manfrotto-143bkt-camera-bracket\/#primaryimage"},"thumbnailUrl":"https:\/\/www.cinesouk.ma\/wp-content\/uploads\/2025\/04\/Manfrotto-143BKT-Camera-Bracket.jpg","datePublished":"2025-04-08T14:46:42+00:00","dateModified":"2025-04-08T15:07:57+00:00","description":"Manfrotto 143BKT Camera Bracket \u2013 Durable aluminum camera bracket with a 1\/4\"-20 inch thread, ideal for use with Magic Arm and other support systems.","breadcrumb":{"@id":"https:\/\/www.cinesouk.ma\/product\/manfrotto-143bkt-camera-bracket\/#breadcrumb"},"inLanguage":"fr-FR","potentialAction":[{"@type":"ReadAction","target":["https:\/\/www.cinesouk.ma\/product\/manfrotto-143bkt-camera-bracket\/"]}]},{"@type":"ImageObject","inLanguage":"fr-FR","@id":"https:\/\/www.cinesouk.ma\/product\/manfrotto-143bkt-camera-bracket\/#primaryimage","url":"https:\/\/www.cinesouk.ma\/wp-content\/uploads\/2025\/04\/Manfrotto-143BKT-Camera-Bracket.jpg","contentUrl":"https:\/\/www.cinesouk.ma\/wp-content\/uploads\/2025\/04\/Manfrotto-143BKT-Camera-Bracket.jpg","width":300,"height":238,"caption":"Manfrotto 143BKT Camera Bracket"},{"@type":"BreadcrumbList","@id":"https:\/\/www.cinesouk.ma\/product\/manfrotto-143bkt-camera-bracket\/#breadcrumb","itemListElement":[{"@type":"ListItem","position":1,"name":"Home","item":"https:\/\/www.cinesouk.ma\/"},{"@type":"ListItem","position":2,"name":"Shop","item":"https:\/\/www.cinesouk.ma\/shop\/"},{"@type":"ListItem","position":3,"name":"Manfrotto 143BKT Camera Bracket"}]},{"@type":"WebSite","@id":"https:\/\/www.cinesouk.ma\/#website","url":"https:\/\/www.cinesouk.ma\/","name":"CineSouk","description":"","publisher":{"@id":"https:\/\/www.cinesouk.ma\/#organization"},"potentialAction":[{"@type":"SearchAction","target":{"@type":"EntryPoint","urlTemplate":"https:\/\/www.cinesouk.ma\/?s={search_term_string}"},"query-input":{"@type":"PropertyValueSpecification","valueRequired":true,"valueName":"search_term_string"}}],"inLanguage":"fr-FR"},{"@type":"Organization","@id":"https:\/\/www.cinesouk.ma\/#organization","name":"CineSouk","url":"https:\/\/www.cinesouk.ma\/","logo":{"@type":"ImageObject","inLanguage":"fr-FR","@id":"https:\/\/www.cinesouk.ma\/#\/schema\/logo\/image\/","url":"https:\/\/www.cinesouk.ma\/wp-content\/uploads\/2024\/01\/CineSouk-logo-v01-alpha-alligned-left.png","contentUrl":"https:\/\/www.cinesouk.ma\/wp-content\/uploads\/2024\/01\/CineSouk-logo-v01-alpha-alligned-left.png","width":3204,"height":889,"caption":"CineSouk"},"image":{"@id":"https:\/\/www.cinesouk.ma\/#\/schema\/logo\/image\/"}}]}},"_links":{"self":[{"href":"https:\/\/www.cinesouk.ma\/fr\/wp-json\/wp\/v2\/product\/12214","targetHints":{"allow":["GET"]}}],"collection":[{"href":"https:\/\/www.cinesouk.ma\/fr\/wp-json\/wp\/v2\/product"}],"about":[{"href":"https:\/\/www.cinesouk.ma\/fr\/wp-json\/wp\/v2\/types\/product"}],"wp:featuredmedia":[{"embeddable":true,"href":"https:\/\/www.cinesouk.ma\/fr\/wp-json\/wp\/v2\/media\/12225"}],"wp:attachment":[{"href":"https:\/\/www.cinesouk.ma\/fr\/wp-json\/wp\/v2\/media?parent=12214"}],"wp:term":[{"taxonomy":"product_brand","embeddable":true,"href":"https:\/\/www.cinesouk.ma\/fr\/wp-json\/wp\/v2\/product_brand?post=12214"},{"taxonomy":"product_cat","embeddable":true,"href":"https:\/\/www.cinesouk.ma\/fr\/wp-json\/wp\/v2\/product_cat?post=12214"},{"taxonomy":"product_tag","embeddable":true,"href":"https:\/\/www.cinesouk.ma\/fr\/wp-json\/wp\/v2\/product_tag?post=12214"}],"curies":[{"name":"wp","href":"https:\/\/api.w.org\/{rel}","templated":true}]}}