{"id":12228,"date":"2025-04-15T08:53:40","date_gmt":"2025-04-15T08:53:40","guid":{"rendered":"https:\/\/www.cinesouk.ma\/?post_type=product&#038;p=12228"},"modified":"2025-04-15T11:33:42","modified_gmt":"2025-04-15T11:33:42","slug":"lastolite-collapsible-reflector-1-2m-sunfire-silver-ll-lr4836","status":"publish","type":"product","link":"https:\/\/www.cinesouk.ma\/fr\/produit\/lastolite-collapsible-reflector-1-2m-sunfire-silver-ll-lr4836\/","title":{"rendered":"Lastolite R\u00e9flecteur pliable 1.2m Sunfire\/Argent (LL LR4836)"},"content":{"rendered":"<p class=\"\" data-start=\"61\" data-end=\"413\">Le r\u00e9flecteur pliable Lastolite 1,2 m Sunfire\/Silver est un accessoire d'\u00e9clairage polyvalent et compact con\u00e7u pour les photographes et vid\u00e9astes professionnels. Il dispose de deux surfaces r\u00e9fl\u00e9chissantes, offrant des options Sunfire et Silver pour contr\u00f4ler et manipuler efficacement la lumi\u00e8re, ce qui en fait un outil indispensable pour diverses configurations d'\u00e9clairage.<\/p>\n<p class=\"\" data-start=\"415\" data-end=\"752\">Le design pliable de ce r\u00e9flecteur le rend facile \u00e0 ranger et \u00e0 transporter, et il est suffisamment l\u00e9ger pour \u00eatre utilis\u00e9 en studio et \u00e0 l'ext\u00e9rieur. La face Sunfire produit une lumi\u00e8re chaude et dor\u00e9e, parfaite pour cr\u00e9er un \u00e9clat naturel, tandis que la face Silver produit un ton froid et neutre pour un effet plus \u00e9quilibr\u00e9 et plus net.<\/p>\n<h3 class=\"\" data-start=\"754\" data-end=\"775\"><strong data-start=\"758\" data-end=\"775\">Caract\u00e9ristiques principales du r\u00e9flecteur pliable Lastolite :<\/strong><\/h3>\n<ul data-start=\"777\" data-end=\"1233\">\n<li class=\"\" data-start=\"777\" data-end=\"926\">\n<p class=\"\" data-start=\"779\" data-end=\"926\"><strong data-start=\"779\" data-end=\"814\">Surfaces r\u00e9fl\u00e9chissantes double face :<\/strong> Sunfire pour une lumi\u00e8re chaude et dor\u00e9e et Silver pour un ton froid et neutre, permettant une flexibilit\u00e9 dans le contr\u00f4le de l'\u00e9clairage.<\/p>\n<\/li>\n<li class=\"\" data-start=\"927\" data-end=\"1027\">\n<p class=\"\" data-start=\"929\" data-end=\"1027\"><strong data-start=\"929\" data-end=\"952\">Conception pliable :<\/strong> Se plie au tiers de sa taille d'origine pour faciliter le stockage et le transport.<\/p>\n<\/li>\n<li class=\"\" data-start=\"1028\" data-end=\"1103\">\n<p class=\"\" data-start=\"1030\" data-end=\"1103\"><strong data-start=\"1030\" data-end=\"1059\">L\u00e9ger et portable :<\/strong> Id\u00e9al pour le travail en ext\u00e9rieur et les prises de vue en plein air.<\/p>\n<\/li>\n<li class=\"\" data-start=\"1104\" data-end=\"1233\">\n<p class=\"\" data-start=\"1106\" data-end=\"1233\"><strong data-start=\"1106\" data-end=\"1131\">Construction durable :<\/strong> Construit pour r\u00e9sister \u00e0 une utilisation r\u00e9guli\u00e8re, il est parfait pour les studios professionnels et les environnements ext\u00e9rieurs.<\/p>\n<\/li>\n<\/ul>\n<h3 class=\"\" data-start=\"1235\" data-end=\"1258\"><strong data-start=\"1239\" data-end=\"1258\">Sp\u00e9cifications :<\/strong><\/h3>\n<ul data-start=\"1260\" data-end=\"1489\">\n<li class=\"\" data-start=\"1260\" data-end=\"1298\">\n<p class=\"\" data-start=\"1262\" data-end=\"1298\"><strong data-start=\"1262\" data-end=\"1275\">Diam\u00e8tre :<\/strong> 1,2 m\u00e8tre (48 pouces)<\/p>\n<\/li>\n<li class=\"\" data-start=\"1299\" data-end=\"1320\">\n<p class=\"\" data-start=\"1301\" data-end=\"1320\"><strong data-start=\"1301\" data-end=\"1311\">Forme :<\/strong> Circulaire<\/p>\n<\/li>\n<li class=\"\" data-start=\"1321\" data-end=\"1364\">\n<p class=\"\" data-start=\"1323\" data-end=\"1364\"><strong data-start=\"1323\" data-end=\"1336\">Surfaces :<\/strong> Sunfire (dor\u00e9) et Silver<\/p>\n<\/li>\n<li class=\"\" data-start=\"1365\" data-end=\"1432\">\n<p class=\"\" data-start=\"1367\" data-end=\"1432\"><strong data-start=\"1367\" data-end=\"1386\">Taille r\u00e9duite :<\/strong> Diam\u00e8tre d'environ 40 cm (15,7 pouces)<\/p>\n<\/li>\n<\/ul>\n<p class=\"\" data-start=\"1512\" data-end=\"1831\">Le r\u00e9flecteur pliable Lastolite 1,2 m Sunfire\/Silver est un outil d'\u00e9clairage essentiel pour les photographes et vid\u00e9astes qui ont besoin de solutions polyvalentes et portables pour leurs prises de vue. Avec ses surfaces r\u00e9fl\u00e9chissantes double face et son design compact, il assure un contr\u00f4le efficace de la lumi\u00e8re, que ce soit en studio ou en ext\u00e9rieur.<\/p>\n<p>Louez-le maintenant sur <a href=\"https:\/\/www.cinesouk.ma\/fr\">CINESOUK<\/a> - une marque de <a href=\"https:\/\/www.broadway.ma\/\">BROADWAY PRODUCTIONS SARL.<\/a><\/p>","protected":false},"excerpt":{"rendered":"<p><strong>Sp\u00e9cifications<\/strong><\/p>\n<ul>\n<li class=\"\" data-start=\"1260\" data-end=\"1298\">\n<p class=\"\" data-start=\"1262\" data-end=\"1298\"><strong data-start=\"1262\" data-end=\"1275\">Diam\u00e8tre :<\/strong> 1,2 m\u00e8tre (48 pouces)<\/p>\n<\/li>\n<li class=\"\" data-start=\"1299\" data-end=\"1320\">\n<p class=\"\" data-start=\"1301\" data-end=\"1320\"><strong data-start=\"1301\" data-end=\"1311\">Forme :<\/strong> Circulaire<\/p>\n<\/li>\n<li class=\"\" data-start=\"1321\" data-end=\"1364\">\n<p class=\"\" data-start=\"1323\" data-end=\"1364\"><strong data-start=\"1323\" data-end=\"1336\">Surfaces :<\/strong> Sunfire (dor\u00e9) et Silver<\/p>\n<\/li>\n<li class=\"\" data-start=\"1365\" data-end=\"1432\">\n<p class=\"\" data-start=\"1367\" data-end=\"1432\"><strong data-start=\"1367\" data-end=\"1386\">Taille r\u00e9duite :<\/strong> Diam\u00e8tre d'environ 40 cm (15,7 pouces)<\/p>\n<\/li>\n<\/ul>","protected":false},"featured_media":12239,"template":"","meta":{"om_disable_all_campaigns":false,"_monsterinsights_skip_tracking":false,"_monsterinsights_sitenote_active":false,"_monsterinsights_sitenote_note":"","_monsterinsights_sitenote_category":0,"_uf_show_specific_survey":0,"_uf_disable_surveys":false},"product_brand":[],"product_cat":[20,79],"product_tag":[],"class_list":{"0":"post-12228","1":"product","2":"type-product","3":"status-publish","4":"has-post-thumbnail","6":"product_cat-light-cinesouk","7":"product_cat-photography-cinesouk","9":"entry","10":"has-media","12":"first","13":"instock","14":"taxable","15":"shipping-taxable","16":"purchasable","17":"product-type-variable","18":"has-product-nav","19":"col","20":"span_1_of_3","21":"owp-content-center","22":"owp-thumbs-layout-horizontal","23":"owp-btn-normal","24":"owp-tabs-layout-horizontal","25":"has-no-thumbnails"},"yoast_head":"<!-- This site is optimized with the Yoast SEO Premium plugin v26.0 (Yoast SEO v26.0) - https:\/\/yoast.com\/wordpress\/plugins\/seo\/ -->\n<title>Lastolite Collapsible Reflector 1.2m Sunfire\/Silver (LL LR4836) - CineSouk - For rent<\/title>\n<meta name=\"description\" content=\"The Lastolite Collapsible Reflector 1.2m Sunfire\/Silver offers dual-sided reflective surfaces and a compact design, making it ideal for versatile lighting control in photography and videography.\" \/>\n<meta name=\"robots\" content=\"index, follow, max-snippet:-1, max-image-preview:large, max-video-preview:-1\" \/>\n<link rel=\"canonical\" href=\"https:\/\/www.cinesouk.ma\/fr\/produit\/lastolite-collapsible-reflector-1-2m-sunfire-silver-ll-lr4836\/\" \/>\n<meta property=\"og:locale\" content=\"fr_FR\" \/>\n<meta property=\"og:type\" content=\"article\" \/>\n<meta property=\"og:title\" content=\"Lastolite Collapsible Reflector 1.2m Sunfire\/Silver (LL LR4836)\" \/>\n<meta property=\"og:description\" content=\"The Lastolite Collapsible Reflector 1.2m Sunfire\/Silver offers dual-sided reflective surfaces and a compact design, making it ideal for versatile lighting control in photography and videography.\" \/>\n<meta property=\"og:url\" content=\"https:\/\/www.cinesouk.ma\/fr\/produit\/lastolite-collapsible-reflector-1-2m-sunfire-silver-ll-lr4836\/\" \/>\n<meta property=\"og:site_name\" content=\"CineSouk\" \/>\n<meta property=\"article:modified_time\" content=\"2025-04-15T11:33:42+00:00\" \/>\n<meta property=\"og:image\" content=\"https:\/\/www.cinesouk.ma\/wp-content\/uploads\/2025\/04\/Silver-LL-LR4836.jpg\" \/>\n\t<meta property=\"og:image:width\" content=\"300\" \/>\n\t<meta property=\"og:image:height\" content=\"238\" \/>\n\t<meta property=\"og:image:type\" content=\"image\/jpeg\" \/>\n<meta name=\"twitter:card\" content=\"summary_large_image\" \/>\n<meta name=\"twitter:description\" content=\"The Lastolite Collapsible Reflector 1.2m Sunfire\/Silver offers dual-sided reflective surfaces and a compact design, making it ideal for versatile lighting control in photography and videography.\" \/>\n<meta name=\"twitter:label1\" content=\"Dur\u00e9e de lecture estim\u00e9e\" \/>\n\t<meta name=\"twitter:data1\" content=\"2 minutes\" \/>\n<script type=\"application\/ld+json\" class=\"yoast-schema-graph\">{\"@context\":\"https:\/\/schema.org\",\"@graph\":[{\"@type\":\"WebPage\",\"@id\":\"https:\/\/www.cinesouk.ma\/product\/lastolite-collapsible-reflector-1-2m-sunfire-silver-ll-lr4836\/\",\"url\":\"https:\/\/www.cinesouk.ma\/product\/lastolite-collapsible-reflector-1-2m-sunfire-silver-ll-lr4836\/\",\"name\":\"Lastolite Collapsible Reflector 1.2m Sunfire\/Silver (LL LR4836) - CineSouk - For rent\",\"isPartOf\":{\"@id\":\"https:\/\/www.cinesouk.ma\/#website\"},\"primaryImageOfPage\":{\"@id\":\"https:\/\/www.cinesouk.ma\/product\/lastolite-collapsible-reflector-1-2m-sunfire-silver-ll-lr4836\/#primaryimage\"},\"image\":{\"@id\":\"https:\/\/www.cinesouk.ma\/product\/lastolite-collapsible-reflector-1-2m-sunfire-silver-ll-lr4836\/#primaryimage\"},\"thumbnailUrl\":\"https:\/\/www.cinesouk.ma\/wp-content\/uploads\/2025\/04\/Silver-LL-LR4836.jpg\",\"datePublished\":\"2025-04-15T08:53:40+00:00\",\"dateModified\":\"2025-04-15T11:33:42+00:00\",\"description\":\"The Lastolite Collapsible Reflector 1.2m Sunfire\/Silver offers dual-sided reflective surfaces and a compact design, making it ideal for versatile lighting control in photography and videography.\",\"breadcrumb\":{\"@id\":\"https:\/\/www.cinesouk.ma\/product\/lastolite-collapsible-reflector-1-2m-sunfire-silver-ll-lr4836\/#breadcrumb\"},\"inLanguage\":\"fr-FR\",\"potentialAction\":[{\"@type\":\"ReadAction\",\"target\":[\"https:\/\/www.cinesouk.ma\/product\/lastolite-collapsible-reflector-1-2m-sunfire-silver-ll-lr4836\/\"]}]},{\"@type\":\"ImageObject\",\"inLanguage\":\"fr-FR\",\"@id\":\"https:\/\/www.cinesouk.ma\/product\/lastolite-collapsible-reflector-1-2m-sunfire-silver-ll-lr4836\/#primaryimage\",\"url\":\"https:\/\/www.cinesouk.ma\/wp-content\/uploads\/2025\/04\/Silver-LL-LR4836.jpg\",\"contentUrl\":\"https:\/\/www.cinesouk.ma\/wp-content\/uploads\/2025\/04\/Silver-LL-LR4836.jpg\",\"width\":300,\"height\":238,\"caption\":\"Lastolite Collapsible Reflector 1.2m Sunfire\/Silver\"},{\"@type\":\"BreadcrumbList\",\"@id\":\"https:\/\/www.cinesouk.ma\/product\/lastolite-collapsible-reflector-1-2m-sunfire-silver-ll-lr4836\/#breadcrumb\",\"itemListElement\":[{\"@type\":\"ListItem\",\"position\":1,\"name\":\"Home\",\"item\":\"https:\/\/www.cinesouk.ma\/\"},{\"@type\":\"ListItem\",\"position\":2,\"name\":\"Shop\",\"item\":\"https:\/\/www.cinesouk.ma\/shop\/\"},{\"@type\":\"ListItem\",\"position\":3,\"name\":\"Lastolite Collapsible Reflector 1.2m Sunfire\/Silver (LL LR4836)\"}]},{\"@type\":\"WebSite\",\"@id\":\"https:\/\/www.cinesouk.ma\/#website\",\"url\":\"https:\/\/www.cinesouk.ma\/\",\"name\":\"CineSouk\",\"description\":\"\",\"publisher\":{\"@id\":\"https:\/\/www.cinesouk.ma\/#organization\"},\"potentialAction\":[{\"@type\":\"SearchAction\",\"target\":{\"@type\":\"EntryPoint\",\"urlTemplate\":\"https:\/\/www.cinesouk.ma\/?s={search_term_string}\"},\"query-input\":{\"@type\":\"PropertyValueSpecification\",\"valueRequired\":true,\"valueName\":\"search_term_string\"}}],\"inLanguage\":\"fr-FR\"},{\"@type\":\"Organization\",\"@id\":\"https:\/\/www.cinesouk.ma\/#organization\",\"name\":\"CineSouk\",\"url\":\"https:\/\/www.cinesouk.ma\/\",\"logo\":{\"@type\":\"ImageObject\",\"inLanguage\":\"fr-FR\",\"@id\":\"https:\/\/www.cinesouk.ma\/#\/schema\/logo\/image\/\",\"url\":\"https:\/\/www.cinesouk.ma\/wp-content\/uploads\/2024\/01\/CineSouk-logo-v01-alpha-alligned-left.png\",\"contentUrl\":\"https:\/\/www.cinesouk.ma\/wp-content\/uploads\/2024\/01\/CineSouk-logo-v01-alpha-alligned-left.png\",\"width\":3204,\"height\":889,\"caption\":\"CineSouk\"},\"image\":{\"@id\":\"https:\/\/www.cinesouk.ma\/#\/schema\/logo\/image\/\"}}]}<\/script>\n<!-- \/ Yoast SEO Premium plugin. -->","yoast_head_json":{"title":"Lastolite Collapsible Reflector 1.2m Sunfire\/Silver (LL LR4836) - CineSouk - For rent","description":"The Lastolite Collapsible Reflector 1.2m Sunfire\/Silver offers dual-sided reflective surfaces and a compact design, making it ideal for versatile lighting control in photography and videography.","robots":{"index":"index","follow":"follow","max-snippet":"max-snippet:-1","max-image-preview":"max-image-preview:large","max-video-preview":"max-video-preview:-1"},"canonical":"https:\/\/www.cinesouk.ma\/fr\/produit\/lastolite-collapsible-reflector-1-2m-sunfire-silver-ll-lr4836\/","og_locale":"fr_FR","og_type":"article","og_title":"Lastolite Collapsible Reflector 1.2m Sunfire\/Silver (LL LR4836)","og_description":"The Lastolite Collapsible Reflector 1.2m Sunfire\/Silver offers dual-sided reflective surfaces and a compact design, making it ideal for versatile lighting control in photography and videography.","og_url":"https:\/\/www.cinesouk.ma\/fr\/produit\/lastolite-collapsible-reflector-1-2m-sunfire-silver-ll-lr4836\/","og_site_name":"CineSouk","article_modified_time":"2025-04-15T11:33:42+00:00","og_image":[{"width":300,"height":238,"url":"https:\/\/www.cinesouk.ma\/wp-content\/uploads\/2025\/04\/Silver-LL-LR4836.jpg","type":"image\/jpeg"}],"twitter_card":"summary_large_image","twitter_description":"The Lastolite Collapsible Reflector 1.2m Sunfire\/Silver offers dual-sided reflective surfaces and a compact design, making it ideal for versatile lighting control in photography and videography.","twitter_misc":{"Dur\u00e9e de lecture estim\u00e9e":"2 minutes"},"schema":{"@context":"https:\/\/schema.org","@graph":[{"@type":"WebPage","@id":"https:\/\/www.cinesouk.ma\/product\/lastolite-collapsible-reflector-1-2m-sunfire-silver-ll-lr4836\/","url":"https:\/\/www.cinesouk.ma\/product\/lastolite-collapsible-reflector-1-2m-sunfire-silver-ll-lr4836\/","name":"Lastolite Collapsible Reflector 1.2m Sunfire\/Silver (LL LR4836) - CineSouk - For rent","isPartOf":{"@id":"https:\/\/www.cinesouk.ma\/#website"},"primaryImageOfPage":{"@id":"https:\/\/www.cinesouk.ma\/product\/lastolite-collapsible-reflector-1-2m-sunfire-silver-ll-lr4836\/#primaryimage"},"image":{"@id":"https:\/\/www.cinesouk.ma\/product\/lastolite-collapsible-reflector-1-2m-sunfire-silver-ll-lr4836\/#primaryimage"},"thumbnailUrl":"https:\/\/www.cinesouk.ma\/wp-content\/uploads\/2025\/04\/Silver-LL-LR4836.jpg","datePublished":"2025-04-15T08:53:40+00:00","dateModified":"2025-04-15T11:33:42+00:00","description":"The Lastolite Collapsible Reflector 1.2m Sunfire\/Silver offers dual-sided reflective surfaces and a compact design, making it ideal for versatile lighting control in photography and videography.","breadcrumb":{"@id":"https:\/\/www.cinesouk.ma\/product\/lastolite-collapsible-reflector-1-2m-sunfire-silver-ll-lr4836\/#breadcrumb"},"inLanguage":"fr-FR","potentialAction":[{"@type":"ReadAction","target":["https:\/\/www.cinesouk.ma\/product\/lastolite-collapsible-reflector-1-2m-sunfire-silver-ll-lr4836\/"]}]},{"@type":"ImageObject","inLanguage":"fr-FR","@id":"https:\/\/www.cinesouk.ma\/product\/lastolite-collapsible-reflector-1-2m-sunfire-silver-ll-lr4836\/#primaryimage","url":"https:\/\/www.cinesouk.ma\/wp-content\/uploads\/2025\/04\/Silver-LL-LR4836.jpg","contentUrl":"https:\/\/www.cinesouk.ma\/wp-content\/uploads\/2025\/04\/Silver-LL-LR4836.jpg","width":300,"height":238,"caption":"Lastolite Collapsible Reflector 1.2m Sunfire\/Silver"},{"@type":"BreadcrumbList","@id":"https:\/\/www.cinesouk.ma\/product\/lastolite-collapsible-reflector-1-2m-sunfire-silver-ll-lr4836\/#breadcrumb","itemListElement":[{"@type":"ListItem","position":1,"name":"Home","item":"https:\/\/www.cinesouk.ma\/"},{"@type":"ListItem","position":2,"name":"Shop","item":"https:\/\/www.cinesouk.ma\/shop\/"},{"@type":"ListItem","position":3,"name":"Lastolite Collapsible Reflector 1.2m Sunfire\/Silver (LL LR4836)"}]},{"@type":"WebSite","@id":"https:\/\/www.cinesouk.ma\/#website","url":"https:\/\/www.cinesouk.ma\/","name":"CineSouk","description":"","publisher":{"@id":"https:\/\/www.cinesouk.ma\/#organization"},"potentialAction":[{"@type":"SearchAction","target":{"@type":"EntryPoint","urlTemplate":"https:\/\/www.cinesouk.ma\/?s={search_term_string}"},"query-input":{"@type":"PropertyValueSpecification","valueRequired":true,"valueName":"search_term_string"}}],"inLanguage":"fr-FR"},{"@type":"Organization","@id":"https:\/\/www.cinesouk.ma\/#organization","name":"CineSouk","url":"https:\/\/www.cinesouk.ma\/","logo":{"@type":"ImageObject","inLanguage":"fr-FR","@id":"https:\/\/www.cinesouk.ma\/#\/schema\/logo\/image\/","url":"https:\/\/www.cinesouk.ma\/wp-content\/uploads\/2024\/01\/CineSouk-logo-v01-alpha-alligned-left.png","contentUrl":"https:\/\/www.cinesouk.ma\/wp-content\/uploads\/2024\/01\/CineSouk-logo-v01-alpha-alligned-left.png","width":3204,"height":889,"caption":"CineSouk"},"image":{"@id":"https:\/\/www.cinesouk.ma\/#\/schema\/logo\/image\/"}}]}},"_links":{"self":[{"href":"https:\/\/www.cinesouk.ma\/fr\/wp-json\/wp\/v2\/product\/12228","targetHints":{"allow":["GET"]}}],"collection":[{"href":"https:\/\/www.cinesouk.ma\/fr\/wp-json\/wp\/v2\/product"}],"about":[{"href":"https:\/\/www.cinesouk.ma\/fr\/wp-json\/wp\/v2\/types\/product"}],"wp:featuredmedia":[{"embeddable":true,"href":"https:\/\/www.cinesouk.ma\/fr\/wp-json\/wp\/v2\/media\/12239"}],"wp:attachment":[{"href":"https:\/\/www.cinesouk.ma\/fr\/wp-json\/wp\/v2\/media?parent=12228"}],"wp:term":[{"taxonomy":"product_brand","embeddable":true,"href":"https:\/\/www.cinesouk.ma\/fr\/wp-json\/wp\/v2\/product_brand?post=12228"},{"taxonomy":"product_cat","embeddable":true,"href":"https:\/\/www.cinesouk.ma\/fr\/wp-json\/wp\/v2\/product_cat?post=12228"},{"taxonomy":"product_tag","embeddable":true,"href":"https:\/\/www.cinesouk.ma\/fr\/wp-json\/wp\/v2\/product_tag?post=12228"}],"curies":[{"name":"wp","href":"https:\/\/api.w.org\/{rel}","templated":true}]}}