{"id":12240,"date":"2025-04-15T09:24:08","date_gmt":"2025-04-15T09:24:08","guid":{"rendered":"https:\/\/www.cinesouk.ma\/?post_type=product&#038;p=12240"},"modified":"2025-04-15T11:34:47","modified_gmt":"2025-04-15T11:34:47","slug":"lastolite-trigrip-reflector-large-120cm-gold-white-ll-lr3741","status":"publish","type":"product","link":"https:\/\/www.cinesouk.ma\/fr\/produit\/lastolite-trigrip-reflector-large-120cm-gold-white-ll-lr3741\/","title":{"rendered":"Lastolite Trigrip Reflector Large 120cm Gold\/White (LL LR3741)"},"content":{"rendered":"<p class=\"\" data-start=\"93\" data-end=\"372\">Le r\u00e9flecteur Lastolite TriGrip Large 120cm Gold\/White est un outil essentiel pour les photographes et vid\u00e9astes. Il pr\u00e9sente deux surfaces r\u00e9fl\u00e9chissantes : Or et Blanc. Cette polyvalence vous permet de contr\u00f4ler et de manipuler la lumi\u00e8re pour diff\u00e9rents styles de prise de vue.<\/p>\n<p class=\"\" data-start=\"374\" data-end=\"666\">La face dor\u00e9e donne un ton chaud et dor\u00e9, tandis que la face blanche offre un reflet neutre et doux. Cette flexibilit\u00e9 le rend parfait pour les portraits, les produits et la photographie de mode. De plus, la forme triangulaire du r\u00e9flecteur facilite sa manipulation et permet un contr\u00f4le pr\u00e9cis de la lumi\u00e8re.<\/p>\n<p class=\"\" data-start=\"668\" data-end=\"925\">Con\u00e7u pour \u00eatre facilement transport\u00e9, le r\u00e9flecteur est pliable. Il se replie pour atteindre une taille compacte, ce qui le rend parfait pour les prises de vue en studio et sur site. De plus, la poign\u00e9e ergonomique permet de l'utiliser d'une seule main, ce qui vous donne plus de libert\u00e9 pendant les prises de vue.<\/p>\n<h3 class=\"\" data-start=\"927\" data-end=\"948\"><strong data-start=\"931\" data-end=\"948\">Caract\u00e9ristiques principales du Lastolite Trigrip Reflector Large 120cm Gold\/White :<\/strong><\/h3>\n<ul data-start=\"950\" data-end=\"1413\">\n<li class=\"\" data-start=\"950\" data-end=\"1082\">\n<p class=\"\" data-start=\"952\" data-end=\"1082\"><strong data-start=\"952\" data-end=\"987\">Surfaces r\u00e9fl\u00e9chissantes double face :<\/strong> Le <strong data-start=\"992\" data-end=\"1005\">C\u00f4t\u00e9 or<\/strong> donne un son chaud, et le <strong data-start=\"1033\" data-end=\"1047\">C\u00f4t\u00e9 blanc<\/strong> offre un reflet neutre et doux.<\/p>\n<\/li>\n<li class=\"\" data-start=\"1083\" data-end=\"1157\">\n<p class=\"\" data-start=\"1085\" data-end=\"1157\"><strong data-start=\"1085\" data-end=\"1106\">Forme triangulaire :<\/strong> Assure une manipulation ais\u00e9e et une diffusion optimale de la lumi\u00e8re.<\/p>\n<\/li>\n<li class=\"\" data-start=\"1158\" data-end=\"1233\">\n<p class=\"\" data-start=\"1160\" data-end=\"1233\"><strong data-start=\"1160\" data-end=\"1183\">Conception pliable :<\/strong> Se plie en un format compact, ce qui le rend facile \u00e0 transporter.<\/p>\n<\/li>\n<li class=\"\" data-start=\"1234\" data-end=\"1330\">\n<p class=\"\" data-start=\"1236\" data-end=\"1330\"><strong data-start=\"1236\" data-end=\"1261\">Fonctionnement d'une seule main :<\/strong> La poign\u00e9e et la sangle de s\u00e9curit\u00e9 permettent de le tenir et de le positionner facilement.<\/p>\n<\/li>\n<li class=\"\" data-start=\"1331\" data-end=\"1413\">\n<p class=\"\" data-start=\"1333\" data-end=\"1413\"><strong data-start=\"1333\" data-end=\"1358\">Construction durable :<\/strong> Fabriqu\u00e9 pour r\u00e9sister \u00e0 une utilisation r\u00e9guli\u00e8re dans divers environnements.<\/p>\n<\/li>\n<\/ul>\n<h3 class=\"\" data-start=\"1415\" data-end=\"1438\"><strong data-start=\"1419\" data-end=\"1438\">Sp\u00e9cifications :<\/strong><\/h3>\n<ul data-start=\"1440\" data-end=\"1621\">\n<li class=\"\" data-start=\"1440\" data-end=\"1476\">\n<p class=\"\" data-start=\"1442\" data-end=\"1476\"><strong data-start=\"1442\" data-end=\"1455\">Diam\u00e8tre :<\/strong> 120 cm (47,2 pouces)<\/p>\n<\/li>\n<li class=\"\" data-start=\"1477\" data-end=\"1500\">\n<p class=\"\" data-start=\"1479\" data-end=\"1500\"><strong data-start=\"1479\" data-end=\"1489\">Forme :<\/strong> Triangulaire<\/p>\n<\/li>\n<li class=\"\" data-start=\"1501\" data-end=\"1545\">\n<p class=\"\" data-start=\"1503\" data-end=\"1545\"><strong data-start=\"1503\" data-end=\"1514\">Poids :<\/strong> Environ 1,1 kg (2,4 lbs)<\/p>\n<\/li>\n<li class=\"\" data-start=\"1546\" data-end=\"1569\">\n<p class=\"\" data-start=\"1548\" data-end=\"1569\"><strong data-start=\"1548\" data-end=\"1558\">Couleur :<\/strong> Or\/Blanc<\/p>\n<\/li>\n<\/ul>\n<p class=\"\" data-start=\"1644\" data-end=\"2007\">Le r\u00e9flecteur Lastolite TriGrip Large 120cm Gold\/White est id\u00e9al pour contr\u00f4ler la lumi\u00e8re pendant les prises de vue. Avec sa construction durable, son design pliable et ses surfaces r\u00e9fl\u00e9chissantes \u00e0 double face, il offre flexibilit\u00e9 et facilit\u00e9 d'utilisation. Que vous ayez besoin d'une lumi\u00e8re chaude ou d'une r\u00e9flexion douce et neutre, ce r\u00e9flecteur est un excellent compl\u00e9ment \u00e0 votre syst\u00e8me d'\u00e9clairage.<\/p>\n<p>Louez-le maintenant sur <a href=\"https:\/\/www.cinesouk.ma\/fr\">CINESOUK<\/a> - une marque de <a href=\"https:\/\/www.broadway.ma\/\">BROADWAY PRODUCTIONS SARL.<\/a><\/p>","protected":false},"excerpt":{"rendered":"<p><strong>Sp\u00e9cifications<\/strong><\/p>\n<ul data-start=\"787\" data-end=\"1116\">\n<li class=\"\" data-start=\"787\" data-end=\"842\">\n<p class=\"\" data-start=\"789\" data-end=\"842\"><strong data-start=\"789\" data-end=\"802\">Diam\u00e8tre :<\/strong> <span class=\"relative -mx-px my-[-0.2rem] rounded px-px py-[0.2rem] transition-colors duration-100 ease-in-out\">120 cm (47,2 pouces)<\/span><\/p>\n<\/li>\n<li class=\"\" data-start=\"843\" data-end=\"895\">\n<p class=\"\" data-start=\"845\" data-end=\"895\"><strong data-start=\"845\" data-end=\"855\">Forme :<\/strong> <span class=\"relative -mx-px my-[-0.2rem] rounded px-px py-[0.2rem] transition-colors duration-100 ease-in-out\">Triangulaire<\/span><\/p>\n<\/li>\n<li class=\"\" data-start=\"896\" data-end=\"949\">\n<p class=\"\" data-start=\"898\" data-end=\"949\"><strong data-start=\"898\" data-end=\"909\">Poids :<\/strong> <span class=\"relative -mx-px my-[-0.2rem] rounded px-px py-[0.2rem] transition-colors duration-100 ease-in-out\">Environ 1,1 kg (2,4 lbs)<\/span><\/p>\n<\/li>\n<li class=\"\" data-start=\"950\" data-end=\"1002\">\n<p class=\"\" data-start=\"952\" data-end=\"1002\"><strong data-start=\"952\" data-end=\"962\">Couleur :<\/strong> <span class=\"relative -mx-px my-[-0.2rem] rounded px-px py-[0.2rem] transition-colors duration-100 ease-in-out\">Or\/Blanc<\/span><\/p>\n<\/li>\n<\/ul>","protected":false},"featured_media":12251,"template":"","meta":{"om_disable_all_campaigns":false,"_monsterinsights_skip_tracking":false,"_monsterinsights_sitenote_active":false,"_monsterinsights_sitenote_note":"","_monsterinsights_sitenote_category":0,"_uf_show_specific_survey":0,"_uf_disable_surveys":false},"product_brand":[],"product_cat":[20,79],"product_tag":[],"class_list":{"0":"post-12240","1":"product","2":"type-product","3":"status-publish","4":"has-post-thumbnail","6":"product_cat-light-cinesouk","7":"product_cat-photography-cinesouk","9":"entry","10":"has-media","12":"first","13":"instock","14":"taxable","15":"shipping-taxable","16":"purchasable","17":"product-type-variable","18":"has-product-nav","19":"col","20":"span_1_of_3","21":"owp-content-center","22":"owp-thumbs-layout-horizontal","23":"owp-btn-normal","24":"owp-tabs-layout-horizontal","25":"has-no-thumbnails"},"yoast_head":"<!-- This site is optimized with the Yoast SEO Premium plugin v26.0 (Yoast SEO v26.0) - https:\/\/yoast.com\/wordpress\/plugins\/seo\/ -->\n<title>Lastolite Trigrip Reflector Large 120cm Gold\/White (LL LR3741) - CineSouk - For rent<\/title>\n<meta name=\"description\" content=\"Enhance your lighting setup with the Lastolite TriGrip Reflector Large 120cm Gold\/White (LL LR3741). Featuring dual-sided reflective surfaces and a collapsible design, it&#039;s perfect for photographers and videographers seeking versatile lighting control.\" \/>\n<meta name=\"robots\" content=\"index, follow, max-snippet:-1, max-image-preview:large, max-video-preview:-1\" \/>\n<link rel=\"canonical\" href=\"https:\/\/www.cinesouk.ma\/fr\/produit\/lastolite-trigrip-reflector-large-120cm-gold-white-ll-lr3741\/\" \/>\n<meta property=\"og:locale\" content=\"fr_FR\" \/>\n<meta property=\"og:type\" content=\"article\" \/>\n<meta property=\"og:title\" content=\"Lastolite Trigrip Reflector Large 120cm Gold\/White (LL LR3741)\" \/>\n<meta property=\"og:description\" content=\"Enhance your lighting setup with the Lastolite TriGrip Reflector Large 120cm Gold\/White (LL LR3741). Featuring dual-sided reflective surfaces and a collapsible design, it&#039;s perfect for photographers and videographers seeking versatile lighting control.\" \/>\n<meta property=\"og:url\" content=\"https:\/\/www.cinesouk.ma\/fr\/produit\/lastolite-trigrip-reflector-large-120cm-gold-white-ll-lr3741\/\" \/>\n<meta property=\"og:site_name\" content=\"CineSouk\" \/>\n<meta property=\"article:modified_time\" content=\"2025-04-15T11:34:47+00:00\" \/>\n<meta property=\"og:image\" content=\"https:\/\/www.cinesouk.ma\/wp-content\/uploads\/2025\/04\/White-LL-LR3741.jpg\" \/>\n\t<meta property=\"og:image:width\" content=\"300\" \/>\n\t<meta property=\"og:image:height\" content=\"238\" \/>\n\t<meta property=\"og:image:type\" content=\"image\/jpeg\" \/>\n<meta name=\"twitter:card\" content=\"summary_large_image\" \/>\n<meta name=\"twitter:description\" content=\"Enhance your lighting setup with the Lastolite TriGrip Reflector Large 120cm Gold\/White (LL LR3741). Featuring dual-sided reflective surfaces and a collapsible design, it&#039;s perfect for photographers and videographers seeking versatile lighting control.\" \/>\n<meta name=\"twitter:label1\" content=\"Dur\u00e9e de lecture estim\u00e9e\" \/>\n\t<meta name=\"twitter:data1\" content=\"2 minutes\" \/>\n<script type=\"application\/ld+json\" class=\"yoast-schema-graph\">{\"@context\":\"https:\/\/schema.org\",\"@graph\":[{\"@type\":\"WebPage\",\"@id\":\"https:\/\/www.cinesouk.ma\/product\/lastolite-trigrip-reflector-large-120cm-gold-white-ll-lr3741\/\",\"url\":\"https:\/\/www.cinesouk.ma\/product\/lastolite-trigrip-reflector-large-120cm-gold-white-ll-lr3741\/\",\"name\":\"Lastolite Trigrip Reflector Large 120cm Gold\/White (LL LR3741) - CineSouk - For rent\",\"isPartOf\":{\"@id\":\"https:\/\/www.cinesouk.ma\/#website\"},\"primaryImageOfPage\":{\"@id\":\"https:\/\/www.cinesouk.ma\/product\/lastolite-trigrip-reflector-large-120cm-gold-white-ll-lr3741\/#primaryimage\"},\"image\":{\"@id\":\"https:\/\/www.cinesouk.ma\/product\/lastolite-trigrip-reflector-large-120cm-gold-white-ll-lr3741\/#primaryimage\"},\"thumbnailUrl\":\"https:\/\/www.cinesouk.ma\/wp-content\/uploads\/2025\/04\/White-LL-LR3741.jpg\",\"datePublished\":\"2025-04-15T09:24:08+00:00\",\"dateModified\":\"2025-04-15T11:34:47+00:00\",\"description\":\"Enhance your lighting setup with the Lastolite TriGrip Reflector Large 120cm Gold\/White (LL LR3741). Featuring dual-sided reflective surfaces and a collapsible design, it's perfect for photographers and videographers seeking versatile lighting control.\",\"breadcrumb\":{\"@id\":\"https:\/\/www.cinesouk.ma\/product\/lastolite-trigrip-reflector-large-120cm-gold-white-ll-lr3741\/#breadcrumb\"},\"inLanguage\":\"fr-FR\",\"potentialAction\":[{\"@type\":\"ReadAction\",\"target\":[\"https:\/\/www.cinesouk.ma\/product\/lastolite-trigrip-reflector-large-120cm-gold-white-ll-lr3741\/\"]}]},{\"@type\":\"ImageObject\",\"inLanguage\":\"fr-FR\",\"@id\":\"https:\/\/www.cinesouk.ma\/product\/lastolite-trigrip-reflector-large-120cm-gold-white-ll-lr3741\/#primaryimage\",\"url\":\"https:\/\/www.cinesouk.ma\/wp-content\/uploads\/2025\/04\/White-LL-LR3741.jpg\",\"contentUrl\":\"https:\/\/www.cinesouk.ma\/wp-content\/uploads\/2025\/04\/White-LL-LR3741.jpg\",\"width\":300,\"height\":238,\"caption\":\"Lastolite Trigrip Reflector Large 120cm Gold\/White\"},{\"@type\":\"BreadcrumbList\",\"@id\":\"https:\/\/www.cinesouk.ma\/product\/lastolite-trigrip-reflector-large-120cm-gold-white-ll-lr3741\/#breadcrumb\",\"itemListElement\":[{\"@type\":\"ListItem\",\"position\":1,\"name\":\"Home\",\"item\":\"https:\/\/www.cinesouk.ma\/\"},{\"@type\":\"ListItem\",\"position\":2,\"name\":\"Shop\",\"item\":\"https:\/\/www.cinesouk.ma\/shop\/\"},{\"@type\":\"ListItem\",\"position\":3,\"name\":\"Lastolite Trigrip Reflector Large 120cm Gold\/White (LL LR3741)\"}]},{\"@type\":\"WebSite\",\"@id\":\"https:\/\/www.cinesouk.ma\/#website\",\"url\":\"https:\/\/www.cinesouk.ma\/\",\"name\":\"CineSouk\",\"description\":\"\",\"publisher\":{\"@id\":\"https:\/\/www.cinesouk.ma\/#organization\"},\"potentialAction\":[{\"@type\":\"SearchAction\",\"target\":{\"@type\":\"EntryPoint\",\"urlTemplate\":\"https:\/\/www.cinesouk.ma\/?s={search_term_string}\"},\"query-input\":{\"@type\":\"PropertyValueSpecification\",\"valueRequired\":true,\"valueName\":\"search_term_string\"}}],\"inLanguage\":\"fr-FR\"},{\"@type\":\"Organization\",\"@id\":\"https:\/\/www.cinesouk.ma\/#organization\",\"name\":\"CineSouk\",\"url\":\"https:\/\/www.cinesouk.ma\/\",\"logo\":{\"@type\":\"ImageObject\",\"inLanguage\":\"fr-FR\",\"@id\":\"https:\/\/www.cinesouk.ma\/#\/schema\/logo\/image\/\",\"url\":\"https:\/\/www.cinesouk.ma\/wp-content\/uploads\/2024\/01\/CineSouk-logo-v01-alpha-alligned-left.png\",\"contentUrl\":\"https:\/\/www.cinesouk.ma\/wp-content\/uploads\/2024\/01\/CineSouk-logo-v01-alpha-alligned-left.png\",\"width\":3204,\"height\":889,\"caption\":\"CineSouk\"},\"image\":{\"@id\":\"https:\/\/www.cinesouk.ma\/#\/schema\/logo\/image\/\"}}]}<\/script>\n<!-- \/ Yoast SEO Premium plugin. -->","yoast_head_json":{"title":"Lastolite Trigrip Reflector Large 120cm Gold\/White (LL LR3741) - CineSouk - For rent","description":"Enhance your lighting setup with the Lastolite TriGrip Reflector Large 120cm Gold\/White (LL LR3741). Featuring dual-sided reflective surfaces and a collapsible design, it's perfect for photographers and videographers seeking versatile lighting control.","robots":{"index":"index","follow":"follow","max-snippet":"max-snippet:-1","max-image-preview":"max-image-preview:large","max-video-preview":"max-video-preview:-1"},"canonical":"https:\/\/www.cinesouk.ma\/fr\/produit\/lastolite-trigrip-reflector-large-120cm-gold-white-ll-lr3741\/","og_locale":"fr_FR","og_type":"article","og_title":"Lastolite Trigrip Reflector Large 120cm Gold\/White (LL LR3741)","og_description":"Enhance your lighting setup with the Lastolite TriGrip Reflector Large 120cm Gold\/White (LL LR3741). Featuring dual-sided reflective surfaces and a collapsible design, it's perfect for photographers and videographers seeking versatile lighting control.","og_url":"https:\/\/www.cinesouk.ma\/fr\/produit\/lastolite-trigrip-reflector-large-120cm-gold-white-ll-lr3741\/","og_site_name":"CineSouk","article_modified_time":"2025-04-15T11:34:47+00:00","og_image":[{"width":300,"height":238,"url":"https:\/\/www.cinesouk.ma\/wp-content\/uploads\/2025\/04\/White-LL-LR3741.jpg","type":"image\/jpeg"}],"twitter_card":"summary_large_image","twitter_description":"Enhance your lighting setup with the Lastolite TriGrip Reflector Large 120cm Gold\/White (LL LR3741). Featuring dual-sided reflective surfaces and a collapsible design, it's perfect for photographers and videographers seeking versatile lighting control.","twitter_misc":{"Dur\u00e9e de lecture estim\u00e9e":"2 minutes"},"schema":{"@context":"https:\/\/schema.org","@graph":[{"@type":"WebPage","@id":"https:\/\/www.cinesouk.ma\/product\/lastolite-trigrip-reflector-large-120cm-gold-white-ll-lr3741\/","url":"https:\/\/www.cinesouk.ma\/product\/lastolite-trigrip-reflector-large-120cm-gold-white-ll-lr3741\/","name":"Lastolite Trigrip Reflector Large 120cm Gold\/White (LL LR3741) - CineSouk - For rent","isPartOf":{"@id":"https:\/\/www.cinesouk.ma\/#website"},"primaryImageOfPage":{"@id":"https:\/\/www.cinesouk.ma\/product\/lastolite-trigrip-reflector-large-120cm-gold-white-ll-lr3741\/#primaryimage"},"image":{"@id":"https:\/\/www.cinesouk.ma\/product\/lastolite-trigrip-reflector-large-120cm-gold-white-ll-lr3741\/#primaryimage"},"thumbnailUrl":"https:\/\/www.cinesouk.ma\/wp-content\/uploads\/2025\/04\/White-LL-LR3741.jpg","datePublished":"2025-04-15T09:24:08+00:00","dateModified":"2025-04-15T11:34:47+00:00","description":"Enhance your lighting setup with the Lastolite TriGrip Reflector Large 120cm Gold\/White (LL LR3741). Featuring dual-sided reflective surfaces and a collapsible design, it's perfect for photographers and videographers seeking versatile lighting control.","breadcrumb":{"@id":"https:\/\/www.cinesouk.ma\/product\/lastolite-trigrip-reflector-large-120cm-gold-white-ll-lr3741\/#breadcrumb"},"inLanguage":"fr-FR","potentialAction":[{"@type":"ReadAction","target":["https:\/\/www.cinesouk.ma\/product\/lastolite-trigrip-reflector-large-120cm-gold-white-ll-lr3741\/"]}]},{"@type":"ImageObject","inLanguage":"fr-FR","@id":"https:\/\/www.cinesouk.ma\/product\/lastolite-trigrip-reflector-large-120cm-gold-white-ll-lr3741\/#primaryimage","url":"https:\/\/www.cinesouk.ma\/wp-content\/uploads\/2025\/04\/White-LL-LR3741.jpg","contentUrl":"https:\/\/www.cinesouk.ma\/wp-content\/uploads\/2025\/04\/White-LL-LR3741.jpg","width":300,"height":238,"caption":"Lastolite Trigrip Reflector Large 120cm Gold\/White"},{"@type":"BreadcrumbList","@id":"https:\/\/www.cinesouk.ma\/product\/lastolite-trigrip-reflector-large-120cm-gold-white-ll-lr3741\/#breadcrumb","itemListElement":[{"@type":"ListItem","position":1,"name":"Home","item":"https:\/\/www.cinesouk.ma\/"},{"@type":"ListItem","position":2,"name":"Shop","item":"https:\/\/www.cinesouk.ma\/shop\/"},{"@type":"ListItem","position":3,"name":"Lastolite Trigrip Reflector Large 120cm Gold\/White (LL LR3741)"}]},{"@type":"WebSite","@id":"https:\/\/www.cinesouk.ma\/#website","url":"https:\/\/www.cinesouk.ma\/","name":"CineSouk","description":"","publisher":{"@id":"https:\/\/www.cinesouk.ma\/#organization"},"potentialAction":[{"@type":"SearchAction","target":{"@type":"EntryPoint","urlTemplate":"https:\/\/www.cinesouk.ma\/?s={search_term_string}"},"query-input":{"@type":"PropertyValueSpecification","valueRequired":true,"valueName":"search_term_string"}}],"inLanguage":"fr-FR"},{"@type":"Organization","@id":"https:\/\/www.cinesouk.ma\/#organization","name":"CineSouk","url":"https:\/\/www.cinesouk.ma\/","logo":{"@type":"ImageObject","inLanguage":"fr-FR","@id":"https:\/\/www.cinesouk.ma\/#\/schema\/logo\/image\/","url":"https:\/\/www.cinesouk.ma\/wp-content\/uploads\/2024\/01\/CineSouk-logo-v01-alpha-alligned-left.png","contentUrl":"https:\/\/www.cinesouk.ma\/wp-content\/uploads\/2024\/01\/CineSouk-logo-v01-alpha-alligned-left.png","width":3204,"height":889,"caption":"CineSouk"},"image":{"@id":"https:\/\/www.cinesouk.ma\/#\/schema\/logo\/image\/"}}]}},"_links":{"self":[{"href":"https:\/\/www.cinesouk.ma\/fr\/wp-json\/wp\/v2\/product\/12240","targetHints":{"allow":["GET"]}}],"collection":[{"href":"https:\/\/www.cinesouk.ma\/fr\/wp-json\/wp\/v2\/product"}],"about":[{"href":"https:\/\/www.cinesouk.ma\/fr\/wp-json\/wp\/v2\/types\/product"}],"wp:featuredmedia":[{"embeddable":true,"href":"https:\/\/www.cinesouk.ma\/fr\/wp-json\/wp\/v2\/media\/12251"}],"wp:attachment":[{"href":"https:\/\/www.cinesouk.ma\/fr\/wp-json\/wp\/v2\/media?parent=12240"}],"wp:term":[{"taxonomy":"product_brand","embeddable":true,"href":"https:\/\/www.cinesouk.ma\/fr\/wp-json\/wp\/v2\/product_brand?post=12240"},{"taxonomy":"product_cat","embeddable":true,"href":"https:\/\/www.cinesouk.ma\/fr\/wp-json\/wp\/v2\/product_cat?post=12240"},{"taxonomy":"product_tag","embeddable":true,"href":"https:\/\/www.cinesouk.ma\/fr\/wp-json\/wp\/v2\/product_tag?post=12240"}],"curies":[{"name":"wp","href":"https:\/\/api.w.org\/{rel}","templated":true}]}}