{"id":12252,"date":"2025-04-15T09:50:46","date_gmt":"2025-04-15T09:50:46","guid":{"rendered":"https:\/\/www.cinesouk.ma\/?post_type=product&#038;p=12252"},"modified":"2025-04-15T11:35:13","modified_gmt":"2025-04-15T11:35:13","slug":"lastolite-trigrip-reflector-large-120cm-sunlite-soft-silver-ll-lr3728","status":"publish","type":"product","link":"https:\/\/www.cinesouk.ma\/fr\/produit\/lastolite-trigrip-reflector-large-120cm-sunlite-soft-silver-ll-lr3728\/","title":{"rendered":"Lastolite Trigrip Reflector Large 120cm Sunlite\/Soft Silver (LL LR3728)"},"content":{"rendered":"<p class=\"\" data-start=\"172\" data-end=\"601\">Le r\u00e9flecteur Lastolite TriGrip Large 120cm Sunlite\/Soft Silver (LL LR3728) est un outil d'\u00e9clairage de qualit\u00e9 professionnelle con\u00e7u pour les photographes et vid\u00e9astes. Il est dot\u00e9 de deux surfaces r\u00e9fl\u00e9chissantes : Sunlite, un m\u00e9lange de tons dor\u00e9s et argent\u00e9s, et Soft Silver, un reflet neutre et doux. Cette combinaison en fait un outil id\u00e9al pour les portraits, les produits et la photographie de mode, offrant une grande flexibilit\u00e9 dans le contr\u00f4le de l'\u00e9clairage.<\/p>\n<p class=\"\" data-start=\"603\" data-end=\"934\">Le r\u00e9flecteur est con\u00e7u avec une forme triangulaire, ce qui permet une manipulation facile et une diffusion optimale de la lumi\u00e8re. Sa conception pliable le rend portable et facile \u00e0 ranger. De plus, la poign\u00e9e ergonomique permet de l'utiliser d'une seule main, ce qui vous permet de positionner le r\u00e9flecteur tout en manipulant votre appareil photo de l'autre main.<\/p>\n<h3 class=\"\" data-start=\"936\" data-end=\"957\"><strong data-start=\"940\" data-end=\"957\">Caract\u00e9ristiques principales du Lastolite Trigrip Reflector Large 120cm Sunlite\/Soft Silver :<\/strong><\/h3>\n<ul data-start=\"959\" data-end=\"1437\">\n<li class=\"\" data-start=\"959\" data-end=\"1105\">\n<p class=\"\" data-start=\"961\" data-end=\"1105\"><strong data-start=\"961\" data-end=\"996\">Surfaces r\u00e9fl\u00e9chissantes double face :<\/strong> Le <strong data-start=\"1001\" data-end=\"1012\">Sunlite<\/strong> offre un son chaud, tandis que le c\u00f4t\u00e9 <strong data-start=\"1048\" data-end=\"1063\">Argent doux<\/strong> offre un reflet neutre et doux.<\/p>\n<\/li>\n<li class=\"\" data-start=\"1106\" data-end=\"1182\">\n<p class=\"\" data-start=\"1108\" data-end=\"1182\"><strong data-start=\"1108\" data-end=\"1129\">Forme triangulaire :<\/strong> Assure une manipulation ais\u00e9e et une diffusion efficace de la lumi\u00e8re.<\/p>\n<\/li>\n<li class=\"\" data-start=\"1183\" data-end=\"1254\">\n<p class=\"\" data-start=\"1185\" data-end=\"1254\"><strong data-start=\"1185\" data-end=\"1208\">Conception pliable :<\/strong> Se plie en un format compact pour plus de commodit\u00e9.<\/p>\n<\/li>\n<li class=\"\" data-start=\"1255\" data-end=\"1334\">\n<p class=\"\" data-start=\"1257\" data-end=\"1334\"><strong data-start=\"1257\" data-end=\"1282\">Fonctionnement d'une seule main :<\/strong> La poign\u00e9e et la sangle de s\u00e9curit\u00e9 facilitent le positionnement.<\/p>\n<\/li>\n<li class=\"\" data-start=\"1335\" data-end=\"1437\">\n<p class=\"\" data-start=\"1337\" data-end=\"1437\"><strong data-start=\"1337\" data-end=\"1362\">Construction durable :<\/strong> Fabriqu\u00e9 avec des mat\u00e9riaux de haute qualit\u00e9 pour une utilisation r\u00e9guli\u00e8re dans divers environnements.<\/p>\n<\/li>\n<\/ul>\n<h3 class=\"\" data-start=\"1439\" data-end=\"1462\"><strong data-start=\"1443\" data-end=\"1462\">Sp\u00e9cifications :<\/strong><\/h3>\n<ul data-start=\"1464\" data-end=\"1681\">\n<li class=\"\" data-start=\"1464\" data-end=\"1500\">\n<p class=\"\" data-start=\"1466\" data-end=\"1500\"><strong data-start=\"1466\" data-end=\"1479\">Diam\u00e8tre :<\/strong> 120 cm (47,2 pouces)<\/p>\n<\/li>\n<li class=\"\" data-start=\"1501\" data-end=\"1524\">\n<p class=\"\" data-start=\"1503\" data-end=\"1524\"><strong data-start=\"1503\" data-end=\"1513\">Forme :<\/strong> Triangulaire<\/p>\n<\/li>\n<li class=\"\" data-start=\"1525\" data-end=\"1569\">\n<p class=\"\" data-start=\"1527\" data-end=\"1569\"><strong data-start=\"1527\" data-end=\"1538\">Poids :<\/strong> Environ 1,1 kg (2,4 lbs)<\/p>\n<\/li>\n<li class=\"\" data-start=\"1570\" data-end=\"1624\">\n<p class=\"\" data-start=\"1572\" data-end=\"1624\"><strong data-start=\"1572\" data-end=\"1582\">Couleur :<\/strong> Sunlite (m\u00e9lange d'or et d'argent) et Soft Silver<\/p>\n<\/li>\n<li class=\"\" data-start=\"1625\" data-end=\"1681\"><\/li>\n<\/ul>\n<p class=\"\" data-start=\"1704\" data-end=\"2151\">Le r\u00e9flecteur Lastolite TriGrip Large 120cm Sunlite\/Soft Silver (LL LR3728) est un outil essentiel pour contr\u00f4ler l'\u00e9clairage dans vos installations photographiques et vid\u00e9ographiques. Avec son design double face, sa structure pliable et sa poign\u00e9e ergonomique, il est parfait pour les prises de vue en studio et sur site. Que vous recherchiez une lueur chaude ou une r\u00e9flexion douce et neutre, ce r\u00e9flecteur offre la flexibilit\u00e9 n\u00e9cessaire pour obtenir des r\u00e9sultats d'\u00e9clairage professionnels.<\/p>\n<p class=\"\" data-start=\"93\" data-end=\"372\">Louez-le maintenant sur <a href=\"https:\/\/www.cinesouk.ma\/fr\">CINESOUK<\/a> - une marque de <a href=\"https:\/\/www.broadway.ma\/\">BROADWAY PRODUCTIONS SARL.<\/a><\/p>","protected":false},"excerpt":{"rendered":"<p><strong>Sp\u00e9cifications<\/strong><\/p>\n<ul data-start=\"1464\" data-end=\"1681\">\n<li class=\"\" data-start=\"1464\" data-end=\"1500\">\n<p class=\"\" data-start=\"1466\" data-end=\"1500\"><strong data-start=\"1466\" data-end=\"1479\">Diam\u00e8tre :<\/strong> 120 cm (47,2 pouces)<\/p>\n<\/li>\n<li class=\"\" data-start=\"1501\" data-end=\"1524\">\n<p class=\"\" data-start=\"1503\" data-end=\"1524\"><strong data-start=\"1503\" data-end=\"1513\">Forme :<\/strong> Triangulaire<\/p>\n<\/li>\n<li class=\"\" data-start=\"1525\" data-end=\"1569\">\n<p class=\"\" data-start=\"1527\" data-end=\"1569\"><strong data-start=\"1527\" data-end=\"1538\">Poids :<\/strong> Environ 1,1 kg (2,4 lbs)<\/p>\n<\/li>\n<li class=\"\" data-start=\"1570\" data-end=\"1624\">\n<p class=\"\" data-start=\"1572\" data-end=\"1624\"><strong data-start=\"1572\" data-end=\"1582\">Couleur :<\/strong> Sunlite (m\u00e9lange d'or et d'argent) et Soft Silver<\/p>\n<\/li>\n<\/ul>","protected":false},"featured_media":12264,"template":"","meta":{"om_disable_all_campaigns":false,"_monsterinsights_skip_tracking":false,"_monsterinsights_sitenote_active":false,"_monsterinsights_sitenote_note":"","_monsterinsights_sitenote_category":0,"_uf_show_specific_survey":0,"_uf_disable_surveys":false},"product_brand":[],"product_cat":[20,79],"product_tag":[],"class_list":{"0":"post-12252","1":"product","2":"type-product","3":"status-publish","4":"has-post-thumbnail","6":"product_cat-light-cinesouk","7":"product_cat-photography-cinesouk","9":"entry","10":"has-media","12":"first","13":"instock","14":"taxable","15":"shipping-taxable","16":"purchasable","17":"product-type-variable","18":"has-product-nav","19":"col","20":"span_1_of_3","21":"owp-content-center","22":"owp-thumbs-layout-horizontal","23":"owp-btn-normal","24":"owp-tabs-layout-horizontal","25":"has-no-thumbnails"},"yoast_head":"<!-- This site is optimized with the Yoast SEO Premium plugin v26.0 (Yoast SEO v26.0) - https:\/\/yoast.com\/wordpress\/plugins\/seo\/ -->\n<title>Lastolite Trigrip Reflector Large 120cm Sunlite\/Soft Silver (LL LR3728) - CineSouk - For rent<\/title>\n<meta name=\"description\" content=\"Lastolite TriGrip Reflector Large 120cm Sunlite\/Soft Silver (LL LR3728) \u2013 Dual-sided reflector with Sunlite and Soft Silver options. Collapsible, portable, and ideal for versatile lighting control in photography and videography.\" \/>\n<meta name=\"robots\" content=\"index, follow, max-snippet:-1, max-image-preview:large, max-video-preview:-1\" \/>\n<link rel=\"canonical\" href=\"https:\/\/www.cinesouk.ma\/fr\/produit\/lastolite-trigrip-reflector-large-120cm-sunlite-soft-silver-ll-lr3728\/\" \/>\n<meta property=\"og:locale\" content=\"fr_FR\" \/>\n<meta property=\"og:type\" content=\"article\" \/>\n<meta property=\"og:title\" content=\"Lastolite Trigrip Reflector Large 120cm Sunlite\/Soft Silver (LL LR3728)\" \/>\n<meta property=\"og:description\" content=\"Lastolite TriGrip Reflector Large 120cm Sunlite\/Soft Silver (LL LR3728) \u2013 Dual-sided reflector with Sunlite and Soft Silver options. Collapsible, portable, and ideal for versatile lighting control in photography and videography.\" \/>\n<meta property=\"og:url\" content=\"https:\/\/www.cinesouk.ma\/fr\/produit\/lastolite-trigrip-reflector-large-120cm-sunlite-soft-silver-ll-lr3728\/\" \/>\n<meta property=\"og:site_name\" content=\"CineSouk\" \/>\n<meta property=\"article:modified_time\" content=\"2025-04-15T11:35:13+00:00\" \/>\n<meta property=\"og:image\" content=\"https:\/\/www.cinesouk.ma\/wp-content\/uploads\/2025\/04\/Soft-Silver-LL-LR3728.jpg\" \/>\n\t<meta property=\"og:image:width\" content=\"300\" \/>\n\t<meta property=\"og:image:height\" content=\"238\" \/>\n\t<meta property=\"og:image:type\" content=\"image\/jpeg\" \/>\n<meta name=\"twitter:card\" content=\"summary_large_image\" \/>\n<meta name=\"twitter:description\" content=\"Lastolite TriGrip Reflector Large 120cm Sunlite\/Soft Silver (LL LR3728) \u2013 Dual-sided reflector with Sunlite and Soft Silver options. Collapsible, portable, and ideal for versatile lighting control in photography and videography.\" \/>\n<meta name=\"twitter:label1\" content=\"Dur\u00e9e de lecture estim\u00e9e\" \/>\n\t<meta name=\"twitter:data1\" content=\"2 minutes\" \/>\n<script type=\"application\/ld+json\" class=\"yoast-schema-graph\">{\"@context\":\"https:\/\/schema.org\",\"@graph\":[{\"@type\":\"WebPage\",\"@id\":\"https:\/\/www.cinesouk.ma\/product\/lastolite-trigrip-reflector-large-120cm-sunlite-soft-silver-ll-lr3728\/\",\"url\":\"https:\/\/www.cinesouk.ma\/product\/lastolite-trigrip-reflector-large-120cm-sunlite-soft-silver-ll-lr3728\/\",\"name\":\"Lastolite Trigrip Reflector Large 120cm Sunlite\/Soft Silver (LL LR3728) - CineSouk - For rent\",\"isPartOf\":{\"@id\":\"https:\/\/www.cinesouk.ma\/#website\"},\"primaryImageOfPage\":{\"@id\":\"https:\/\/www.cinesouk.ma\/product\/lastolite-trigrip-reflector-large-120cm-sunlite-soft-silver-ll-lr3728\/#primaryimage\"},\"image\":{\"@id\":\"https:\/\/www.cinesouk.ma\/product\/lastolite-trigrip-reflector-large-120cm-sunlite-soft-silver-ll-lr3728\/#primaryimage\"},\"thumbnailUrl\":\"https:\/\/www.cinesouk.ma\/wp-content\/uploads\/2025\/04\/Soft-Silver-LL-LR3728.jpg\",\"datePublished\":\"2025-04-15T09:50:46+00:00\",\"dateModified\":\"2025-04-15T11:35:13+00:00\",\"description\":\"Lastolite TriGrip Reflector Large 120cm Sunlite\/Soft Silver (LL LR3728) \u2013 Dual-sided reflector with Sunlite and Soft Silver options. Collapsible, portable, and ideal for versatile lighting control in photography and videography.\",\"breadcrumb\":{\"@id\":\"https:\/\/www.cinesouk.ma\/product\/lastolite-trigrip-reflector-large-120cm-sunlite-soft-silver-ll-lr3728\/#breadcrumb\"},\"inLanguage\":\"fr-FR\",\"potentialAction\":[{\"@type\":\"ReadAction\",\"target\":[\"https:\/\/www.cinesouk.ma\/product\/lastolite-trigrip-reflector-large-120cm-sunlite-soft-silver-ll-lr3728\/\"]}]},{\"@type\":\"ImageObject\",\"inLanguage\":\"fr-FR\",\"@id\":\"https:\/\/www.cinesouk.ma\/product\/lastolite-trigrip-reflector-large-120cm-sunlite-soft-silver-ll-lr3728\/#primaryimage\",\"url\":\"https:\/\/www.cinesouk.ma\/wp-content\/uploads\/2025\/04\/Soft-Silver-LL-LR3728.jpg\",\"contentUrl\":\"https:\/\/www.cinesouk.ma\/wp-content\/uploads\/2025\/04\/Soft-Silver-LL-LR3728.jpg\",\"width\":300,\"height\":238,\"caption\":\"Lastolite Trigrip Reflector Large 120cm Sunlite\/Soft Silver (LL LR3728)\"},{\"@type\":\"BreadcrumbList\",\"@id\":\"https:\/\/www.cinesouk.ma\/product\/lastolite-trigrip-reflector-large-120cm-sunlite-soft-silver-ll-lr3728\/#breadcrumb\",\"itemListElement\":[{\"@type\":\"ListItem\",\"position\":1,\"name\":\"Home\",\"item\":\"https:\/\/www.cinesouk.ma\/\"},{\"@type\":\"ListItem\",\"position\":2,\"name\":\"Shop\",\"item\":\"https:\/\/www.cinesouk.ma\/shop\/\"},{\"@type\":\"ListItem\",\"position\":3,\"name\":\"Lastolite Trigrip Reflector Large 120cm Sunlite\/Soft Silver (LL LR3728)\"}]},{\"@type\":\"WebSite\",\"@id\":\"https:\/\/www.cinesouk.ma\/#website\",\"url\":\"https:\/\/www.cinesouk.ma\/\",\"name\":\"CineSouk\",\"description\":\"\",\"publisher\":{\"@id\":\"https:\/\/www.cinesouk.ma\/#organization\"},\"potentialAction\":[{\"@type\":\"SearchAction\",\"target\":{\"@type\":\"EntryPoint\",\"urlTemplate\":\"https:\/\/www.cinesouk.ma\/?s={search_term_string}\"},\"query-input\":{\"@type\":\"PropertyValueSpecification\",\"valueRequired\":true,\"valueName\":\"search_term_string\"}}],\"inLanguage\":\"fr-FR\"},{\"@type\":\"Organization\",\"@id\":\"https:\/\/www.cinesouk.ma\/#organization\",\"name\":\"CineSouk\",\"url\":\"https:\/\/www.cinesouk.ma\/\",\"logo\":{\"@type\":\"ImageObject\",\"inLanguage\":\"fr-FR\",\"@id\":\"https:\/\/www.cinesouk.ma\/#\/schema\/logo\/image\/\",\"url\":\"https:\/\/www.cinesouk.ma\/wp-content\/uploads\/2024\/01\/CineSouk-logo-v01-alpha-alligned-left.png\",\"contentUrl\":\"https:\/\/www.cinesouk.ma\/wp-content\/uploads\/2024\/01\/CineSouk-logo-v01-alpha-alligned-left.png\",\"width\":3204,\"height\":889,\"caption\":\"CineSouk\"},\"image\":{\"@id\":\"https:\/\/www.cinesouk.ma\/#\/schema\/logo\/image\/\"}}]}<\/script>\n<!-- \/ Yoast SEO Premium plugin. -->","yoast_head_json":{"title":"Lastolite Trigrip Reflector Large 120cm Sunlite\/Soft Silver (LL LR3728) - CineSouk - For rent","description":"Lastolite TriGrip Reflector Large 120cm Sunlite\/Soft Silver (LL LR3728) \u2013 Dual-sided reflector with Sunlite and Soft Silver options. Collapsible, portable, and ideal for versatile lighting control in photography and videography.","robots":{"index":"index","follow":"follow","max-snippet":"max-snippet:-1","max-image-preview":"max-image-preview:large","max-video-preview":"max-video-preview:-1"},"canonical":"https:\/\/www.cinesouk.ma\/fr\/produit\/lastolite-trigrip-reflector-large-120cm-sunlite-soft-silver-ll-lr3728\/","og_locale":"fr_FR","og_type":"article","og_title":"Lastolite Trigrip Reflector Large 120cm Sunlite\/Soft Silver (LL LR3728)","og_description":"Lastolite TriGrip Reflector Large 120cm Sunlite\/Soft Silver (LL LR3728) \u2013 Dual-sided reflector with Sunlite and Soft Silver options. Collapsible, portable, and ideal for versatile lighting control in photography and videography.","og_url":"https:\/\/www.cinesouk.ma\/fr\/produit\/lastolite-trigrip-reflector-large-120cm-sunlite-soft-silver-ll-lr3728\/","og_site_name":"CineSouk","article_modified_time":"2025-04-15T11:35:13+00:00","og_image":[{"width":300,"height":238,"url":"https:\/\/www.cinesouk.ma\/wp-content\/uploads\/2025\/04\/Soft-Silver-LL-LR3728.jpg","type":"image\/jpeg"}],"twitter_card":"summary_large_image","twitter_description":"Lastolite TriGrip Reflector Large 120cm Sunlite\/Soft Silver (LL LR3728) \u2013 Dual-sided reflector with Sunlite and Soft Silver options. Collapsible, portable, and ideal for versatile lighting control in photography and videography.","twitter_misc":{"Dur\u00e9e de lecture estim\u00e9e":"2 minutes"},"schema":{"@context":"https:\/\/schema.org","@graph":[{"@type":"WebPage","@id":"https:\/\/www.cinesouk.ma\/product\/lastolite-trigrip-reflector-large-120cm-sunlite-soft-silver-ll-lr3728\/","url":"https:\/\/www.cinesouk.ma\/product\/lastolite-trigrip-reflector-large-120cm-sunlite-soft-silver-ll-lr3728\/","name":"Lastolite Trigrip Reflector Large 120cm Sunlite\/Soft Silver (LL LR3728) - CineSouk - For rent","isPartOf":{"@id":"https:\/\/www.cinesouk.ma\/#website"},"primaryImageOfPage":{"@id":"https:\/\/www.cinesouk.ma\/product\/lastolite-trigrip-reflector-large-120cm-sunlite-soft-silver-ll-lr3728\/#primaryimage"},"image":{"@id":"https:\/\/www.cinesouk.ma\/product\/lastolite-trigrip-reflector-large-120cm-sunlite-soft-silver-ll-lr3728\/#primaryimage"},"thumbnailUrl":"https:\/\/www.cinesouk.ma\/wp-content\/uploads\/2025\/04\/Soft-Silver-LL-LR3728.jpg","datePublished":"2025-04-15T09:50:46+00:00","dateModified":"2025-04-15T11:35:13+00:00","description":"Lastolite TriGrip Reflector Large 120cm Sunlite\/Soft Silver (LL LR3728) \u2013 Dual-sided reflector with Sunlite and Soft Silver options. Collapsible, portable, and ideal for versatile lighting control in photography and videography.","breadcrumb":{"@id":"https:\/\/www.cinesouk.ma\/product\/lastolite-trigrip-reflector-large-120cm-sunlite-soft-silver-ll-lr3728\/#breadcrumb"},"inLanguage":"fr-FR","potentialAction":[{"@type":"ReadAction","target":["https:\/\/www.cinesouk.ma\/product\/lastolite-trigrip-reflector-large-120cm-sunlite-soft-silver-ll-lr3728\/"]}]},{"@type":"ImageObject","inLanguage":"fr-FR","@id":"https:\/\/www.cinesouk.ma\/product\/lastolite-trigrip-reflector-large-120cm-sunlite-soft-silver-ll-lr3728\/#primaryimage","url":"https:\/\/www.cinesouk.ma\/wp-content\/uploads\/2025\/04\/Soft-Silver-LL-LR3728.jpg","contentUrl":"https:\/\/www.cinesouk.ma\/wp-content\/uploads\/2025\/04\/Soft-Silver-LL-LR3728.jpg","width":300,"height":238,"caption":"Lastolite Trigrip Reflector Large 120cm Sunlite\/Soft Silver (LL LR3728)"},{"@type":"BreadcrumbList","@id":"https:\/\/www.cinesouk.ma\/product\/lastolite-trigrip-reflector-large-120cm-sunlite-soft-silver-ll-lr3728\/#breadcrumb","itemListElement":[{"@type":"ListItem","position":1,"name":"Home","item":"https:\/\/www.cinesouk.ma\/"},{"@type":"ListItem","position":2,"name":"Shop","item":"https:\/\/www.cinesouk.ma\/shop\/"},{"@type":"ListItem","position":3,"name":"Lastolite Trigrip Reflector Large 120cm Sunlite\/Soft Silver (LL LR3728)"}]},{"@type":"WebSite","@id":"https:\/\/www.cinesouk.ma\/#website","url":"https:\/\/www.cinesouk.ma\/","name":"CineSouk","description":"","publisher":{"@id":"https:\/\/www.cinesouk.ma\/#organization"},"potentialAction":[{"@type":"SearchAction","target":{"@type":"EntryPoint","urlTemplate":"https:\/\/www.cinesouk.ma\/?s={search_term_string}"},"query-input":{"@type":"PropertyValueSpecification","valueRequired":true,"valueName":"search_term_string"}}],"inLanguage":"fr-FR"},{"@type":"Organization","@id":"https:\/\/www.cinesouk.ma\/#organization","name":"CineSouk","url":"https:\/\/www.cinesouk.ma\/","logo":{"@type":"ImageObject","inLanguage":"fr-FR","@id":"https:\/\/www.cinesouk.ma\/#\/schema\/logo\/image\/","url":"https:\/\/www.cinesouk.ma\/wp-content\/uploads\/2024\/01\/CineSouk-logo-v01-alpha-alligned-left.png","contentUrl":"https:\/\/www.cinesouk.ma\/wp-content\/uploads\/2024\/01\/CineSouk-logo-v01-alpha-alligned-left.png","width":3204,"height":889,"caption":"CineSouk"},"image":{"@id":"https:\/\/www.cinesouk.ma\/#\/schema\/logo\/image\/"}}]}},"_links":{"self":[{"href":"https:\/\/www.cinesouk.ma\/fr\/wp-json\/wp\/v2\/product\/12252","targetHints":{"allow":["GET"]}}],"collection":[{"href":"https:\/\/www.cinesouk.ma\/fr\/wp-json\/wp\/v2\/product"}],"about":[{"href":"https:\/\/www.cinesouk.ma\/fr\/wp-json\/wp\/v2\/types\/product"}],"wp:featuredmedia":[{"embeddable":true,"href":"https:\/\/www.cinesouk.ma\/fr\/wp-json\/wp\/v2\/media\/12264"}],"wp:attachment":[{"href":"https:\/\/www.cinesouk.ma\/fr\/wp-json\/wp\/v2\/media?parent=12252"}],"wp:term":[{"taxonomy":"product_brand","embeddable":true,"href":"https:\/\/www.cinesouk.ma\/fr\/wp-json\/wp\/v2\/product_brand?post=12252"},{"taxonomy":"product_cat","embeddable":true,"href":"https:\/\/www.cinesouk.ma\/fr\/wp-json\/wp\/v2\/product_cat?post=12252"},{"taxonomy":"product_tag","embeddable":true,"href":"https:\/\/www.cinesouk.ma\/fr\/wp-json\/wp\/v2\/product_tag?post=12252"}],"curies":[{"name":"wp","href":"https:\/\/api.w.org\/{rel}","templated":true}]}}