{"id":12277,"date":"2025-04-15T11:02:58","date_gmt":"2025-04-15T11:02:58","guid":{"rendered":"https:\/\/www.cinesouk.ma\/?post_type=product&#038;p=12277"},"modified":"2025-04-15T11:35:53","modified_gmt":"2025-04-15T11:35:53","slug":"lastolite-collapsible-reflector-95cm-sunlite-soft-silver-ll-lr3828","status":"publish","type":"product","link":"https:\/\/www.cinesouk.ma\/fr\/produit\/lastolite-collapsible-reflector-95cm-sunlite-soft-silver-ll-lr3828\/","title":{"rendered":"Lastolite R\u00e9flecteur pliable 95cm Soleil\/Argent doux (LL LR3828)"},"content":{"rendered":"<p class=\"\" data-start=\"137\" data-end=\"486\">Le r\u00e9flecteur pliable Lastolite 95cm Sunlite\/Soft Silver (LL LR3828) est un accessoire d'\u00e9clairage de qualit\u00e9 professionnelle con\u00e7u pour am\u00e9liorer vos installations de photographie et de vid\u00e9ographie. Dot\u00e9 de deux surfaces r\u00e9fl\u00e9chissantes - Sunlite et Soft Silver - il offre un contr\u00f4le polyvalent de l'\u00e9clairage, ce qui le rend id\u00e9al pour les portraits, les produits et la photographie de mode.<\/p>\n<p class=\"\" data-start=\"488\" data-end=\"718\">La face Sunlite donne un ton chaud et dor\u00e9, tandis que la face Soft Silver donne un reflet neutre et doux. Cette combinaison fait du r\u00e9flecteur un outil id\u00e9al pour obtenir diff\u00e9rents effets d'\u00e9clairage en fonction de vos besoins.<\/p>\n<p class=\"\" data-start=\"720\" data-end=\"966\">Gr\u00e2ce \u00e0 sa conception pliable, ce r\u00e9flecteur est facile \u00e0 ranger et \u00e0 transporter, ce qui le rend pratique pour les prises de vue en studio et sur place. La poign\u00e9e ergonomique permet de l'utiliser d'une seule main, lib\u00e9rant ainsi l'autre main pour les r\u00e9glages de l'appareil photo.<\/p>\n<h3 class=\"\" data-start=\"968\" data-end=\"989\"><strong data-start=\"972\" data-end=\"989\">Caract\u00e9ristiques principales :<\/strong><\/h3>\n<ul data-start=\"991\" data-end=\"1394\">\n<li class=\"\" data-start=\"991\" data-end=\"1131\">\n<p class=\"\" data-start=\"993\" data-end=\"1131\"><strong data-start=\"993\" data-end=\"1028\">Surfaces r\u00e9fl\u00e9chissantes double face :<\/strong> Le <strong data-start=\"1033\" data-end=\"1044\">Sunlite<\/strong> cr\u00e9e une lueur chaleureuse, tandis que le c\u00f4t\u00e9 <strong data-start=\"1081\" data-end=\"1096\">Argent doux<\/strong> offre une lumi\u00e8re neutre et douce.<\/p>\n<\/li>\n<li class=\"\" data-start=\"1132\" data-end=\"1215\">\n<p class=\"\" data-start=\"1134\" data-end=\"1215\"><strong data-start=\"1134\" data-end=\"1157\">Conception pliable :<\/strong> Se plie en un format compact pour faciliter le stockage et le transport.<\/p>\n<\/li>\n<li class=\"\" data-start=\"1216\" data-end=\"1313\">\n<p class=\"\" data-start=\"1218\" data-end=\"1313\"><strong data-start=\"1218\" data-end=\"1243\">Fonctionnement d'une seule main :<\/strong> \u00c9quip\u00e9 d'une poign\u00e9e ergonomique et d'une sangle de s\u00e9curit\u00e9 pour une manipulation ais\u00e9e.<\/p>\n<\/li>\n<li class=\"\" data-start=\"1314\" data-end=\"1394\">\n<p class=\"\" data-start=\"1316\" data-end=\"1394\"><strong data-start=\"1316\" data-end=\"1341\">Construction durable :<\/strong> Con\u00e7ue pour r\u00e9sister \u00e0 une utilisation r\u00e9guli\u00e8re dans divers environnements.<\/p>\n<\/li>\n<\/ul>\n<h3 class=\"\" data-start=\"1396\" data-end=\"1419\"><strong data-start=\"1400\" data-end=\"1419\">Sp\u00e9cifications :<\/strong><\/h3>\n<ul data-start=\"1421\" data-end=\"1637\">\n<li class=\"\" data-start=\"1421\" data-end=\"1456\">\n<p class=\"\" data-start=\"1423\" data-end=\"1456\"><strong data-start=\"1423\" data-end=\"1436\">Diam\u00e8tre :<\/strong> 95 cm (37.4 pouces)<\/p>\n<\/li>\n<li class=\"\" data-start=\"1457\" data-end=\"1478\">\n<p class=\"\" data-start=\"1459\" data-end=\"1478\"><strong data-start=\"1459\" data-end=\"1469\">Forme :<\/strong> Circulaire<\/p>\n<\/li>\n<li class=\"\" data-start=\"1479\" data-end=\"1525\">\n<p class=\"\" data-start=\"1481\" data-end=\"1525\"><strong data-start=\"1481\" data-end=\"1492\">Poids :<\/strong> Environ 0,35 kg (0,77 lbs)<\/p>\n<\/li>\n<li class=\"\" data-start=\"1526\" data-end=\"1580\">\n<p class=\"\" data-start=\"1528\" data-end=\"1580\"><strong data-start=\"1528\" data-end=\"1538\">Couleur :<\/strong> Sunlite (m\u00e9lange d'or et d'argent) et Soft Silver<\/p>\n<\/li>\n<li class=\"\" data-start=\"1581\" data-end=\"1637\"><\/li>\n<\/ul>\n<p class=\"\" data-start=\"1660\" data-end=\"2115\">Le r\u00e9flecteur pliable Lastolite 95cm Sunlite\/Argent doux (LL LR3828) est un outil d'\u00e9clairage essentiel pour les photographes et vid\u00e9astes qui ont besoin d'un contr\u00f4le polyvalent de l'\u00e9clairage. Que vous ayez besoin d'une lumi\u00e8re dor\u00e9e et chaude ou d'une r\u00e9flexion douce et neutre, ce r\u00e9flecteur offre une grande flexibilit\u00e9 pour les prises de vue en int\u00e9rieur et en ext\u00e9rieur. Son design ergonomique, sa structure pliable et sa construction durable en font un choix fiable et portable pour toute installation professionnelle.<\/p>\n<p class=\"\" data-start=\"129\" data-end=\"570\">Louez-le maintenant sur <a href=\"https:\/\/www.cinesouk.ma\/fr\">CINESOUK<\/a> - une marque de <a href=\"https:\/\/www.broadway.ma\/\">BROADWAY PRODUCTIONS SARL.<\/a><\/p>","protected":false},"excerpt":{"rendered":"<p><strong>Sp\u00e9cifications<\/strong><\/p>\n<ul>\n<li class=\"\" data-start=\"1421\" data-end=\"1456\">\n<p class=\"\" data-start=\"1423\" data-end=\"1456\"><strong data-start=\"1423\" data-end=\"1436\">Diam\u00e8tre :<\/strong> 95 cm (37.4 pouces)<\/p>\n<\/li>\n<li class=\"\" data-start=\"1457\" data-end=\"1478\">\n<p class=\"\" data-start=\"1459\" data-end=\"1478\"><strong data-start=\"1459\" data-end=\"1469\">Forme :<\/strong> Circulaire<\/p>\n<\/li>\n<li class=\"\" data-start=\"1479\" data-end=\"1525\">\n<p class=\"\" data-start=\"1481\" data-end=\"1525\"><strong data-start=\"1481\" data-end=\"1492\">Poids :<\/strong> Environ 0,35 kg (0,77 lbs)<\/p>\n<\/li>\n<li class=\"\" data-start=\"1526\" data-end=\"1580\">\n<p class=\"\" data-start=\"1528\" data-end=\"1580\"><strong data-start=\"1528\" data-end=\"1538\">Couleur :<\/strong> Sunlite (m\u00e9lange d'or et d'argent) et Soft Silver<\/p>\n<\/li>\n<\/ul>","protected":false},"featured_media":12288,"template":"","meta":{"om_disable_all_campaigns":false,"_monsterinsights_skip_tracking":false,"_monsterinsights_sitenote_active":false,"_monsterinsights_sitenote_note":"","_monsterinsights_sitenote_category":0,"_uf_show_specific_survey":0,"_uf_disable_surveys":false},"product_brand":[],"product_cat":[20,79],"product_tag":[],"class_list":{"0":"post-12277","1":"product","2":"type-product","3":"status-publish","4":"has-post-thumbnail","6":"product_cat-light-cinesouk","7":"product_cat-photography-cinesouk","9":"entry","10":"has-media","12":"first","13":"instock","14":"taxable","15":"shipping-taxable","16":"purchasable","17":"product-type-variable","18":"has-product-nav","19":"col","20":"span_1_of_3","21":"owp-content-center","22":"owp-thumbs-layout-horizontal","23":"owp-btn-normal","24":"owp-tabs-layout-horizontal","25":"has-no-thumbnails"},"yoast_head":"<!-- This site is optimized with the Yoast SEO Premium plugin v26.0 (Yoast SEO v26.0) - https:\/\/yoast.com\/wordpress\/plugins\/seo\/ -->\n<title>Lastolite Collapsible Reflector 95cm Sunlite\/Soft Silver (LL LR3828)<\/title>\n<meta name=\"description\" content=\"The Lastolite Collapsible Reflector 95cm Sunlite\/Soft Silver (LL LR3828) offers dual-sided reflective surfaces and a collapsible design, making it ideal for photographers and videographers seeking versatile lighting control.\" \/>\n<meta name=\"robots\" content=\"index, follow, max-snippet:-1, max-image-preview:large, max-video-preview:-1\" \/>\n<link rel=\"canonical\" href=\"https:\/\/www.cinesouk.ma\/fr\/produit\/lastolite-collapsible-reflector-95cm-sunlite-soft-silver-ll-lr3828\/\" \/>\n<meta property=\"og:locale\" content=\"fr_FR\" \/>\n<meta property=\"og:type\" content=\"article\" \/>\n<meta property=\"og:title\" content=\"Lastolite Collapsible Reflector 95cm Sunlite\/Soft Silver (LL LR3828)\" \/>\n<meta property=\"og:description\" content=\"The Lastolite Collapsible Reflector 95cm Sunlite\/Soft Silver (LL LR3828) offers dual-sided reflective surfaces and a collapsible design, making it ideal for photographers and videographers seeking versatile lighting control.\" \/>\n<meta property=\"og:url\" content=\"https:\/\/www.cinesouk.ma\/fr\/produit\/lastolite-collapsible-reflector-95cm-sunlite-soft-silver-ll-lr3828\/\" \/>\n<meta property=\"og:site_name\" content=\"CineSouk\" \/>\n<meta property=\"article:modified_time\" content=\"2025-04-15T11:35:53+00:00\" \/>\n<meta property=\"og:image\" content=\"https:\/\/www.cinesouk.ma\/wp-content\/uploads\/2025\/04\/Soft-Silver-LL-LR3828.jpg\" \/>\n\t<meta property=\"og:image:width\" content=\"300\" \/>\n\t<meta property=\"og:image:height\" content=\"238\" \/>\n\t<meta property=\"og:image:type\" content=\"image\/jpeg\" \/>\n<meta name=\"twitter:card\" content=\"summary_large_image\" \/>\n<meta name=\"twitter:description\" content=\"The Lastolite Collapsible Reflector 95cm Sunlite\/Soft Silver (LL LR3828) offers dual-sided reflective surfaces and a collapsible design, making it ideal for photographers and videographers seeking versatile lighting control.\" \/>\n<meta name=\"twitter:image\" content=\"https:\/\/www.cinesouk.ma\/wp-content\/uploads\/2025\/04\/Soft-Silver-LL-LR3828.jpg\" \/>\n<meta name=\"twitter:label1\" content=\"Dur\u00e9e de lecture estim\u00e9e\" \/>\n\t<meta name=\"twitter:data1\" content=\"2 minutes\" \/>\n<script type=\"application\/ld+json\" class=\"yoast-schema-graph\">{\"@context\":\"https:\/\/schema.org\",\"@graph\":[{\"@type\":\"WebPage\",\"@id\":\"https:\/\/www.cinesouk.ma\/product\/lastolite-collapsible-reflector-95cm-sunlite-soft-silver-ll-lr3828\/\",\"url\":\"https:\/\/www.cinesouk.ma\/product\/lastolite-collapsible-reflector-95cm-sunlite-soft-silver-ll-lr3828\/\",\"name\":\"Lastolite Collapsible Reflector 95cm Sunlite\/Soft Silver (LL LR3828)\",\"isPartOf\":{\"@id\":\"https:\/\/www.cinesouk.ma\/#website\"},\"primaryImageOfPage\":{\"@id\":\"https:\/\/www.cinesouk.ma\/product\/lastolite-collapsible-reflector-95cm-sunlite-soft-silver-ll-lr3828\/#primaryimage\"},\"image\":{\"@id\":\"https:\/\/www.cinesouk.ma\/product\/lastolite-collapsible-reflector-95cm-sunlite-soft-silver-ll-lr3828\/#primaryimage\"},\"thumbnailUrl\":\"https:\/\/www.cinesouk.ma\/wp-content\/uploads\/2025\/04\/Soft-Silver-LL-LR3828.jpg\",\"datePublished\":\"2025-04-15T11:02:58+00:00\",\"dateModified\":\"2025-04-15T11:35:53+00:00\",\"description\":\"The Lastolite Collapsible Reflector 95cm Sunlite\/Soft Silver (LL LR3828) offers dual-sided reflective surfaces and a collapsible design, making it ideal for photographers and videographers seeking versatile lighting control.\",\"breadcrumb\":{\"@id\":\"https:\/\/www.cinesouk.ma\/product\/lastolite-collapsible-reflector-95cm-sunlite-soft-silver-ll-lr3828\/#breadcrumb\"},\"inLanguage\":\"fr-FR\",\"potentialAction\":[{\"@type\":\"ReadAction\",\"target\":[\"https:\/\/www.cinesouk.ma\/product\/lastolite-collapsible-reflector-95cm-sunlite-soft-silver-ll-lr3828\/\"]}]},{\"@type\":\"ImageObject\",\"inLanguage\":\"fr-FR\",\"@id\":\"https:\/\/www.cinesouk.ma\/product\/lastolite-collapsible-reflector-95cm-sunlite-soft-silver-ll-lr3828\/#primaryimage\",\"url\":\"https:\/\/www.cinesouk.ma\/wp-content\/uploads\/2025\/04\/Soft-Silver-LL-LR3828.jpg\",\"contentUrl\":\"https:\/\/www.cinesouk.ma\/wp-content\/uploads\/2025\/04\/Soft-Silver-LL-LR3828.jpg\",\"width\":300,\"height\":238,\"caption\":\"Lastolite Collapsible Reflector 95cm Sunlite\/Soft Silver (LL LR3828)\"},{\"@type\":\"BreadcrumbList\",\"@id\":\"https:\/\/www.cinesouk.ma\/product\/lastolite-collapsible-reflector-95cm-sunlite-soft-silver-ll-lr3828\/#breadcrumb\",\"itemListElement\":[{\"@type\":\"ListItem\",\"position\":1,\"name\":\"Home\",\"item\":\"https:\/\/www.cinesouk.ma\/\"},{\"@type\":\"ListItem\",\"position\":2,\"name\":\"Shop\",\"item\":\"https:\/\/www.cinesouk.ma\/shop\/\"},{\"@type\":\"ListItem\",\"position\":3,\"name\":\"Lastolite Collapsible Reflector 95cm Sunlite\/Soft Silver (LL LR3828)\"}]},{\"@type\":\"WebSite\",\"@id\":\"https:\/\/www.cinesouk.ma\/#website\",\"url\":\"https:\/\/www.cinesouk.ma\/\",\"name\":\"CineSouk\",\"description\":\"\",\"publisher\":{\"@id\":\"https:\/\/www.cinesouk.ma\/#organization\"},\"potentialAction\":[{\"@type\":\"SearchAction\",\"target\":{\"@type\":\"EntryPoint\",\"urlTemplate\":\"https:\/\/www.cinesouk.ma\/?s={search_term_string}\"},\"query-input\":{\"@type\":\"PropertyValueSpecification\",\"valueRequired\":true,\"valueName\":\"search_term_string\"}}],\"inLanguage\":\"fr-FR\"},{\"@type\":\"Organization\",\"@id\":\"https:\/\/www.cinesouk.ma\/#organization\",\"name\":\"CineSouk\",\"url\":\"https:\/\/www.cinesouk.ma\/\",\"logo\":{\"@type\":\"ImageObject\",\"inLanguage\":\"fr-FR\",\"@id\":\"https:\/\/www.cinesouk.ma\/#\/schema\/logo\/image\/\",\"url\":\"https:\/\/www.cinesouk.ma\/wp-content\/uploads\/2024\/01\/CineSouk-logo-v01-alpha-alligned-left.png\",\"contentUrl\":\"https:\/\/www.cinesouk.ma\/wp-content\/uploads\/2024\/01\/CineSouk-logo-v01-alpha-alligned-left.png\",\"width\":3204,\"height\":889,\"caption\":\"CineSouk\"},\"image\":{\"@id\":\"https:\/\/www.cinesouk.ma\/#\/schema\/logo\/image\/\"}}]}<\/script>\n<!-- \/ Yoast SEO Premium plugin. -->","yoast_head_json":{"title":"Lastolite R\u00e9flecteur pliable 95cm Soleil\/Argent doux (LL LR3828)","description":"The Lastolite Collapsible Reflector 95cm Sunlite\/Soft Silver (LL LR3828) offers dual-sided reflective surfaces and a collapsible design, making it ideal for photographers and videographers seeking versatile lighting control.","robots":{"index":"index","follow":"follow","max-snippet":"max-snippet:-1","max-image-preview":"max-image-preview:large","max-video-preview":"max-video-preview:-1"},"canonical":"https:\/\/www.cinesouk.ma\/fr\/produit\/lastolite-collapsible-reflector-95cm-sunlite-soft-silver-ll-lr3828\/","og_locale":"fr_FR","og_type":"article","og_title":"Lastolite Collapsible Reflector 95cm Sunlite\/Soft Silver (LL LR3828)","og_description":"The Lastolite Collapsible Reflector 95cm Sunlite\/Soft Silver (LL LR3828) offers dual-sided reflective surfaces and a collapsible design, making it ideal for photographers and videographers seeking versatile lighting control.","og_url":"https:\/\/www.cinesouk.ma\/fr\/produit\/lastolite-collapsible-reflector-95cm-sunlite-soft-silver-ll-lr3828\/","og_site_name":"CineSouk","article_modified_time":"2025-04-15T11:35:53+00:00","og_image":[{"width":300,"height":238,"url":"https:\/\/www.cinesouk.ma\/wp-content\/uploads\/2025\/04\/Soft-Silver-LL-LR3828.jpg","type":"image\/jpeg"}],"twitter_card":"summary_large_image","twitter_description":"The Lastolite Collapsible Reflector 95cm Sunlite\/Soft Silver (LL LR3828) offers dual-sided reflective surfaces and a collapsible design, making it ideal for photographers and videographers seeking versatile lighting control.","twitter_image":"https:\/\/www.cinesouk.ma\/wp-content\/uploads\/2025\/04\/Soft-Silver-LL-LR3828.jpg","twitter_misc":{"Dur\u00e9e de lecture estim\u00e9e":"2 minutes"},"schema":{"@context":"https:\/\/schema.org","@graph":[{"@type":"WebPage","@id":"https:\/\/www.cinesouk.ma\/product\/lastolite-collapsible-reflector-95cm-sunlite-soft-silver-ll-lr3828\/","url":"https:\/\/www.cinesouk.ma\/product\/lastolite-collapsible-reflector-95cm-sunlite-soft-silver-ll-lr3828\/","name":"Lastolite R\u00e9flecteur pliable 95cm Soleil\/Argent doux (LL LR3828)","isPartOf":{"@id":"https:\/\/www.cinesouk.ma\/#website"},"primaryImageOfPage":{"@id":"https:\/\/www.cinesouk.ma\/product\/lastolite-collapsible-reflector-95cm-sunlite-soft-silver-ll-lr3828\/#primaryimage"},"image":{"@id":"https:\/\/www.cinesouk.ma\/product\/lastolite-collapsible-reflector-95cm-sunlite-soft-silver-ll-lr3828\/#primaryimage"},"thumbnailUrl":"https:\/\/www.cinesouk.ma\/wp-content\/uploads\/2025\/04\/Soft-Silver-LL-LR3828.jpg","datePublished":"2025-04-15T11:02:58+00:00","dateModified":"2025-04-15T11:35:53+00:00","description":"The Lastolite Collapsible Reflector 95cm Sunlite\/Soft Silver (LL LR3828) offers dual-sided reflective surfaces and a collapsible design, making it ideal for photographers and videographers seeking versatile lighting control.","breadcrumb":{"@id":"https:\/\/www.cinesouk.ma\/product\/lastolite-collapsible-reflector-95cm-sunlite-soft-silver-ll-lr3828\/#breadcrumb"},"inLanguage":"fr-FR","potentialAction":[{"@type":"ReadAction","target":["https:\/\/www.cinesouk.ma\/product\/lastolite-collapsible-reflector-95cm-sunlite-soft-silver-ll-lr3828\/"]}]},{"@type":"ImageObject","inLanguage":"fr-FR","@id":"https:\/\/www.cinesouk.ma\/product\/lastolite-collapsible-reflector-95cm-sunlite-soft-silver-ll-lr3828\/#primaryimage","url":"https:\/\/www.cinesouk.ma\/wp-content\/uploads\/2025\/04\/Soft-Silver-LL-LR3828.jpg","contentUrl":"https:\/\/www.cinesouk.ma\/wp-content\/uploads\/2025\/04\/Soft-Silver-LL-LR3828.jpg","width":300,"height":238,"caption":"Lastolite Collapsible Reflector 95cm Sunlite\/Soft Silver (LL LR3828)"},{"@type":"BreadcrumbList","@id":"https:\/\/www.cinesouk.ma\/product\/lastolite-collapsible-reflector-95cm-sunlite-soft-silver-ll-lr3828\/#breadcrumb","itemListElement":[{"@type":"ListItem","position":1,"name":"Home","item":"https:\/\/www.cinesouk.ma\/"},{"@type":"ListItem","position":2,"name":"Shop","item":"https:\/\/www.cinesouk.ma\/shop\/"},{"@type":"ListItem","position":3,"name":"Lastolite Collapsible Reflector 95cm Sunlite\/Soft Silver (LL LR3828)"}]},{"@type":"WebSite","@id":"https:\/\/www.cinesouk.ma\/#website","url":"https:\/\/www.cinesouk.ma\/","name":"CineSouk","description":"","publisher":{"@id":"https:\/\/www.cinesouk.ma\/#organization"},"potentialAction":[{"@type":"SearchAction","target":{"@type":"EntryPoint","urlTemplate":"https:\/\/www.cinesouk.ma\/?s={search_term_string}"},"query-input":{"@type":"PropertyValueSpecification","valueRequired":true,"valueName":"search_term_string"}}],"inLanguage":"fr-FR"},{"@type":"Organization","@id":"https:\/\/www.cinesouk.ma\/#organization","name":"CineSouk","url":"https:\/\/www.cinesouk.ma\/","logo":{"@type":"ImageObject","inLanguage":"fr-FR","@id":"https:\/\/www.cinesouk.ma\/#\/schema\/logo\/image\/","url":"https:\/\/www.cinesouk.ma\/wp-content\/uploads\/2024\/01\/CineSouk-logo-v01-alpha-alligned-left.png","contentUrl":"https:\/\/www.cinesouk.ma\/wp-content\/uploads\/2024\/01\/CineSouk-logo-v01-alpha-alligned-left.png","width":3204,"height":889,"caption":"CineSouk"},"image":{"@id":"https:\/\/www.cinesouk.ma\/#\/schema\/logo\/image\/"}}]}},"_links":{"self":[{"href":"https:\/\/www.cinesouk.ma\/fr\/wp-json\/wp\/v2\/product\/12277","targetHints":{"allow":["GET"]}}],"collection":[{"href":"https:\/\/www.cinesouk.ma\/fr\/wp-json\/wp\/v2\/product"}],"about":[{"href":"https:\/\/www.cinesouk.ma\/fr\/wp-json\/wp\/v2\/types\/product"}],"wp:featuredmedia":[{"embeddable":true,"href":"https:\/\/www.cinesouk.ma\/fr\/wp-json\/wp\/v2\/media\/12288"}],"wp:attachment":[{"href":"https:\/\/www.cinesouk.ma\/fr\/wp-json\/wp\/v2\/media?parent=12277"}],"wp:term":[{"taxonomy":"product_brand","embeddable":true,"href":"https:\/\/www.cinesouk.ma\/fr\/wp-json\/wp\/v2\/product_brand?post=12277"},{"taxonomy":"product_cat","embeddable":true,"href":"https:\/\/www.cinesouk.ma\/fr\/wp-json\/wp\/v2\/product_cat?post=12277"},{"taxonomy":"product_tag","embeddable":true,"href":"https:\/\/www.cinesouk.ma\/fr\/wp-json\/wp\/v2\/product_tag?post=12277"}],"curies":[{"name":"wp","href":"https:\/\/api.w.org\/{rel}","templated":true}]}}