{"id":12289,"date":"2025-04-15T11:10:00","date_gmt":"2025-04-15T11:10:00","guid":{"rendered":"https:\/\/www.cinesouk.ma\/?post_type=product&#038;p=12289"},"modified":"2025-04-15T11:36:06","modified_gmt":"2025-04-15T11:36:06","slug":"lastolite-collapsible-reflector-95cm-silver-gold-ll-lr3834","status":"publish","type":"product","link":"https:\/\/www.cinesouk.ma\/fr\/produit\/lastolite-collapsible-reflector-95cm-silver-gold-ll-lr3834\/","title":{"rendered":"Lastolite R\u00e9flecteur pliable 95cm Argent\/Dor\u00e9 (LL LR3834)"},"content":{"rendered":"<p class=\"\" data-start=\"70\" data-end=\"433\">Le r\u00e9flecteur pliable Lastolite 95cm Argent\/Or (LL LR3834) est un outil d'\u00e9clairage de qualit\u00e9 professionnelle con\u00e7u pour offrir un contr\u00f4le polyvalent des conditions d'\u00e9clairage. Dot\u00e9 de deux surfaces r\u00e9fl\u00e9chissantes (argent et or), ce r\u00e9flecteur est id\u00e9al pour les photographes et vid\u00e9astes qui souhaitent manipuler la lumi\u00e8re avec facilit\u00e9, que ce soit en studio ou en ext\u00e9rieur.<\/p>\n<p class=\"\" data-start=\"435\" data-end=\"810\">La face argent\u00e9e offre un reflet froid et neutre, parfait pour mettre en valeur les d\u00e9tails et cr\u00e9er un \u00e9clairage net. La face Gold donne un ton chaud et dor\u00e9, id\u00e9al pour ajouter de la chaleur aux portraits ou cr\u00e9er un \u00e9clat flatteur sur les sujets. Cette flexibilit\u00e9 permet de l'utiliser pour diff\u00e9rents styles de photographie, y compris les portraits, la mode et la photographie de produits.<\/p>\n<p class=\"\" data-start=\"812\" data-end=\"1092\">Con\u00e7u pour \u00eatre facile \u00e0 utiliser, le r\u00e9flecteur peut \u00eatre pli\u00e9 dans un format compact pour un rangement et un transport ais\u00e9s. La poign\u00e9e ergonomique permet de tenir et d'ajuster facilement le r\u00e9flecteur, tout en manipulant l'appareil photo de l'autre main.<\/p>\n<h3 class=\"\" data-start=\"1094\" data-end=\"1115\"><strong data-start=\"1098\" data-end=\"1115\">Caract\u00e9ristiques principales :<\/strong><\/h3>\n<ul data-start=\"1117\" data-end=\"1704\">\n<li class=\"\" data-start=\"1117\" data-end=\"1310\">\n<p class=\"\" data-start=\"1119\" data-end=\"1310\"><strong data-start=\"1119\" data-end=\"1154\">Surfaces r\u00e9fl\u00e9chissantes double face :<\/strong> Le <strong data-start=\"1159\" data-end=\"1169\">Argent<\/strong> offre une r\u00e9flexion froide et neutre, tandis que le c\u00f4t\u00e9 <strong data-start=\"1222\" data-end=\"1230\">L'or<\/strong> side offre une tonalit\u00e9 chaude et dor\u00e9e, ce qui vous donne de la flexibilit\u00e9 dans votre configuration d'\u00e9clairage.<\/p>\n<\/li>\n<li class=\"\" data-start=\"1311\" data-end=\"1448\">\n<p class=\"\" data-start=\"1313\" data-end=\"1448\"><strong data-start=\"1313\" data-end=\"1336\">Conception pliable :<\/strong> Se plie facilement en une taille compacte pour un stockage et un transport ais\u00e9s, parfait pour les prises de vue en studio et en ext\u00e9rieur.<\/p>\n<\/li>\n<li class=\"\" data-start=\"1449\" data-end=\"1581\">\n<p class=\"\" data-start=\"1451\" data-end=\"1581\"><strong data-start=\"1451\" data-end=\"1476\">Fonctionnement d'une seule main :<\/strong> Dot\u00e9 d'une poign\u00e9e ergonomique et d'une sangle de s\u00e9curit\u00e9, il facilite la manipulation et le positionnement pendant les prises de vue.<\/p>\n<\/li>\n<li class=\"\" data-start=\"1582\" data-end=\"1704\">\n<p class=\"\" data-start=\"1584\" data-end=\"1704\"><strong data-start=\"1584\" data-end=\"1609\">Construction durable :<\/strong> Fabriqu\u00e9 avec des mat\u00e9riaux de haute qualit\u00e9, il convient \u00e0 une utilisation r\u00e9guli\u00e8re dans divers environnements.<\/p>\n<\/li>\n<\/ul>\n<h3 class=\"\" data-start=\"1706\" data-end=\"1729\"><strong data-start=\"1710\" data-end=\"1729\">Sp\u00e9cifications :<\/strong><\/h3>\n<ul data-start=\"1731\" data-end=\"1921\">\n<li class=\"\" data-start=\"1731\" data-end=\"1766\">\n<p class=\"\" data-start=\"1733\" data-end=\"1766\"><strong data-start=\"1733\" data-end=\"1746\">Diam\u00e8tre :<\/strong> 95 cm (37.4 pouces)<\/p>\n<\/li>\n<li class=\"\" data-start=\"1767\" data-end=\"1788\">\n<p class=\"\" data-start=\"1769\" data-end=\"1788\"><strong data-start=\"1769\" data-end=\"1779\">Forme :<\/strong> Circulaire<\/p>\n<\/li>\n<li class=\"\" data-start=\"1789\" data-end=\"1835\">\n<p class=\"\" data-start=\"1791\" data-end=\"1835\"><strong data-start=\"1791\" data-end=\"1802\">Poids :<\/strong> Environ 0,35 kg (0,77 lbs)<\/p>\n<\/li>\n<li class=\"\" data-start=\"1836\" data-end=\"1864\">\n<p class=\"\" data-start=\"1838\" data-end=\"1864\"><strong data-start=\"1838\" data-end=\"1848\">Couleur :<\/strong> Argent et or<\/p>\n<\/li>\n<li class=\"\" data-start=\"1865\" data-end=\"1921\"><\/li>\n<\/ul>\n<p class=\"\" data-start=\"1944\" data-end=\"2368\">Le r\u00e9flecteur pliable Lastolite 95cm Argent\/Or (LL LR3834) est un outil essentiel pour les photographes et vid\u00e9astes qui ont besoin d'un contr\u00f4le fiable et flexible de l'\u00e9clairage. Sa conception \u00e0 double face et sa nature pliable sont pratiques sans compromettre les performances. Que vous ayez besoin d'une lumi\u00e8re froide ou chaude, ce r\u00e9flecteur vous offre la flexibilit\u00e9 n\u00e9cessaire pour am\u00e9liorer votre configuration d'\u00e9clairage et obtenir des r\u00e9sultats de qualit\u00e9 professionnelle.<\/p>\n<p class=\"\" data-start=\"93\" data-end=\"372\">Louez-le maintenant sur <a href=\"https:\/\/www.cinesouk.ma\/fr\">CINESOUK<\/a> - une marque de <a href=\"https:\/\/www.broadway.ma\/\">BROADWAY PRODUCTIONS SARL.<\/a><\/p>","protected":false},"excerpt":{"rendered":"<p><strong>Sp\u00e9cifications<\/strong><\/p>\n<ul>\n<li class=\"\" data-start=\"1731\" data-end=\"1766\">\n<p class=\"\" data-start=\"1733\" data-end=\"1766\"><strong data-start=\"1733\" data-end=\"1746\">Diam\u00e8tre :<\/strong> 95 cm (37.4 pouces)<\/p>\n<\/li>\n<li class=\"\" data-start=\"1767\" data-end=\"1788\">\n<p class=\"\" data-start=\"1769\" data-end=\"1788\"><strong data-start=\"1769\" data-end=\"1779\">Forme :<\/strong> Circulaire<\/p>\n<\/li>\n<li class=\"\" data-start=\"1789\" data-end=\"1835\">\n<p class=\"\" data-start=\"1791\" data-end=\"1835\"><strong data-start=\"1791\" data-end=\"1802\">Poids :<\/strong> Environ 0,35 kg (0,77 lbs)<\/p>\n<\/li>\n<li class=\"\" data-start=\"1836\" data-end=\"1864\">\n<p class=\"\" data-start=\"1838\" data-end=\"1864\"><strong data-start=\"1838\" data-end=\"1848\">Couleur :<\/strong> Argent et or<\/p>\n<\/li>\n<\/ul>","protected":false},"featured_media":12300,"template":"","meta":{"om_disable_all_campaigns":false,"_monsterinsights_skip_tracking":false,"_monsterinsights_sitenote_active":false,"_monsterinsights_sitenote_note":"","_monsterinsights_sitenote_category":0,"_uf_show_specific_survey":0,"_uf_disable_surveys":false},"product_brand":[],"product_cat":[20,79],"product_tag":[],"class_list":{"0":"post-12289","1":"product","2":"type-product","3":"status-publish","4":"has-post-thumbnail","6":"product_cat-light-cinesouk","7":"product_cat-photography-cinesouk","9":"entry","10":"has-media","12":"first","13":"instock","14":"taxable","15":"shipping-taxable","16":"purchasable","17":"product-type-variable","18":"has-product-nav","19":"col","20":"span_1_of_3","21":"owp-content-center","22":"owp-thumbs-layout-horizontal","23":"owp-btn-normal","24":"owp-tabs-layout-horizontal","25":"has-no-thumbnails"},"yoast_head":"<!-- This site is optimized with the Yoast SEO Premium plugin v26.0 (Yoast SEO v26.0) - https:\/\/yoast.com\/wordpress\/plugins\/seo\/ -->\n<title>Lastolite Collapsible Reflector 95cm Silver\/Gold (LL LR3834) - CineSouk<\/title>\n<meta name=\"description\" content=\"The Lastolite Collapsible Reflector 95cm Silver\/Gold (LL LR3834) offers dual-sided reflective surfaces for versatile lighting control. Collapsible and portable, it\u2019s ideal for photographers and videographers who need flexibility in their setups.\" \/>\n<meta name=\"robots\" content=\"index, follow, max-snippet:-1, max-image-preview:large, max-video-preview:-1\" \/>\n<link rel=\"canonical\" href=\"https:\/\/www.cinesouk.ma\/fr\/produit\/lastolite-collapsible-reflector-95cm-silver-gold-ll-lr3834\/\" \/>\n<meta property=\"og:locale\" content=\"fr_FR\" \/>\n<meta property=\"og:type\" content=\"article\" \/>\n<meta property=\"og:title\" content=\"Lastolite Collapsible Reflector 95cm Silver\/Gold (LL LR3834)\" \/>\n<meta property=\"og:description\" content=\"The Lastolite Collapsible Reflector 95cm Silver\/Gold (LL LR3834) offers dual-sided reflective surfaces for versatile lighting control. Collapsible and portable, it\u2019s ideal for photographers and videographers who need flexibility in their setups.\" \/>\n<meta property=\"og:url\" content=\"https:\/\/www.cinesouk.ma\/fr\/produit\/lastolite-collapsible-reflector-95cm-silver-gold-ll-lr3834\/\" \/>\n<meta property=\"og:site_name\" content=\"CineSouk\" \/>\n<meta property=\"article:modified_time\" content=\"2025-04-15T11:36:06+00:00\" \/>\n<meta property=\"og:image\" content=\"https:\/\/www.cinesouk.ma\/wp-content\/uploads\/2025\/04\/Gold-LL-LR3834.jpg\" \/>\n\t<meta property=\"og:image:width\" content=\"300\" \/>\n\t<meta property=\"og:image:height\" content=\"238\" \/>\n\t<meta property=\"og:image:type\" content=\"image\/jpeg\" \/>\n<meta name=\"twitter:card\" content=\"summary_large_image\" \/>\n<meta name=\"twitter:description\" content=\"The Lastolite Collapsible Reflector 95cm Silver\/Gold (LL LR3834) offers dual-sided reflective surfaces for versatile lighting control. Collapsible and portable, it\u2019s ideal for photographers and videographers who need flexibility in their setups.\" \/>\n<meta name=\"twitter:image\" content=\"https:\/\/www.cinesouk.ma\/wp-content\/uploads\/2025\/04\/Gold-LL-LR3834.jpg\" \/>\n<meta name=\"twitter:label1\" content=\"Dur\u00e9e de lecture estim\u00e9e\" \/>\n\t<meta name=\"twitter:data1\" content=\"2 minutes\" \/>\n<script type=\"application\/ld+json\" class=\"yoast-schema-graph\">{\"@context\":\"https:\/\/schema.org\",\"@graph\":[{\"@type\":\"WebPage\",\"@id\":\"https:\/\/www.cinesouk.ma\/product\/lastolite-collapsible-reflector-95cm-silver-gold-ll-lr3834\/\",\"url\":\"https:\/\/www.cinesouk.ma\/product\/lastolite-collapsible-reflector-95cm-silver-gold-ll-lr3834\/\",\"name\":\"Lastolite Collapsible Reflector 95cm Silver\/Gold (LL LR3834) - CineSouk\",\"isPartOf\":{\"@id\":\"https:\/\/www.cinesouk.ma\/#website\"},\"primaryImageOfPage\":{\"@id\":\"https:\/\/www.cinesouk.ma\/product\/lastolite-collapsible-reflector-95cm-silver-gold-ll-lr3834\/#primaryimage\"},\"image\":{\"@id\":\"https:\/\/www.cinesouk.ma\/product\/lastolite-collapsible-reflector-95cm-silver-gold-ll-lr3834\/#primaryimage\"},\"thumbnailUrl\":\"https:\/\/www.cinesouk.ma\/wp-content\/uploads\/2025\/04\/Gold-LL-LR3834.jpg\",\"datePublished\":\"2025-04-15T11:10:00+00:00\",\"dateModified\":\"2025-04-15T11:36:06+00:00\",\"description\":\"The Lastolite Collapsible Reflector 95cm Silver\/Gold (LL LR3834) offers dual-sided reflective surfaces for versatile lighting control. Collapsible and portable, it\u2019s ideal for photographers and videographers who need flexibility in their setups.\",\"breadcrumb\":{\"@id\":\"https:\/\/www.cinesouk.ma\/product\/lastolite-collapsible-reflector-95cm-silver-gold-ll-lr3834\/#breadcrumb\"},\"inLanguage\":\"fr-FR\",\"potentialAction\":[{\"@type\":\"ReadAction\",\"target\":[\"https:\/\/www.cinesouk.ma\/product\/lastolite-collapsible-reflector-95cm-silver-gold-ll-lr3834\/\"]}]},{\"@type\":\"ImageObject\",\"inLanguage\":\"fr-FR\",\"@id\":\"https:\/\/www.cinesouk.ma\/product\/lastolite-collapsible-reflector-95cm-silver-gold-ll-lr3834\/#primaryimage\",\"url\":\"https:\/\/www.cinesouk.ma\/wp-content\/uploads\/2025\/04\/Gold-LL-LR3834.jpg\",\"contentUrl\":\"https:\/\/www.cinesouk.ma\/wp-content\/uploads\/2025\/04\/Gold-LL-LR3834.jpg\",\"width\":300,\"height\":238,\"caption\":\"Lastolite Collapsible Reflector 95cm Silver\/Gold (LL LR3834)\"},{\"@type\":\"BreadcrumbList\",\"@id\":\"https:\/\/www.cinesouk.ma\/product\/lastolite-collapsible-reflector-95cm-silver-gold-ll-lr3834\/#breadcrumb\",\"itemListElement\":[{\"@type\":\"ListItem\",\"position\":1,\"name\":\"Home\",\"item\":\"https:\/\/www.cinesouk.ma\/\"},{\"@type\":\"ListItem\",\"position\":2,\"name\":\"Shop\",\"item\":\"https:\/\/www.cinesouk.ma\/shop\/\"},{\"@type\":\"ListItem\",\"position\":3,\"name\":\"Lastolite Collapsible Reflector 95cm Silver\/Gold (LL LR3834)\"}]},{\"@type\":\"WebSite\",\"@id\":\"https:\/\/www.cinesouk.ma\/#website\",\"url\":\"https:\/\/www.cinesouk.ma\/\",\"name\":\"CineSouk\",\"description\":\"\",\"publisher\":{\"@id\":\"https:\/\/www.cinesouk.ma\/#organization\"},\"potentialAction\":[{\"@type\":\"SearchAction\",\"target\":{\"@type\":\"EntryPoint\",\"urlTemplate\":\"https:\/\/www.cinesouk.ma\/?s={search_term_string}\"},\"query-input\":{\"@type\":\"PropertyValueSpecification\",\"valueRequired\":true,\"valueName\":\"search_term_string\"}}],\"inLanguage\":\"fr-FR\"},{\"@type\":\"Organization\",\"@id\":\"https:\/\/www.cinesouk.ma\/#organization\",\"name\":\"CineSouk\",\"url\":\"https:\/\/www.cinesouk.ma\/\",\"logo\":{\"@type\":\"ImageObject\",\"inLanguage\":\"fr-FR\",\"@id\":\"https:\/\/www.cinesouk.ma\/#\/schema\/logo\/image\/\",\"url\":\"https:\/\/www.cinesouk.ma\/wp-content\/uploads\/2024\/01\/CineSouk-logo-v01-alpha-alligned-left.png\",\"contentUrl\":\"https:\/\/www.cinesouk.ma\/wp-content\/uploads\/2024\/01\/CineSouk-logo-v01-alpha-alligned-left.png\",\"width\":3204,\"height\":889,\"caption\":\"CineSouk\"},\"image\":{\"@id\":\"https:\/\/www.cinesouk.ma\/#\/schema\/logo\/image\/\"}}]}<\/script>\n<!-- \/ Yoast SEO Premium plugin. -->","yoast_head_json":{"title":"Lastolite Collapsible Reflector 95cm Silver\/Gold (LL LR3834) - CineSouk","description":"The Lastolite Collapsible Reflector 95cm Silver\/Gold (LL LR3834) offers dual-sided reflective surfaces for versatile lighting control. Collapsible and portable, it\u2019s ideal for photographers and videographers who need flexibility in their setups.","robots":{"index":"index","follow":"follow","max-snippet":"max-snippet:-1","max-image-preview":"max-image-preview:large","max-video-preview":"max-video-preview:-1"},"canonical":"https:\/\/www.cinesouk.ma\/fr\/produit\/lastolite-collapsible-reflector-95cm-silver-gold-ll-lr3834\/","og_locale":"fr_FR","og_type":"article","og_title":"Lastolite Collapsible Reflector 95cm Silver\/Gold (LL LR3834)","og_description":"The Lastolite Collapsible Reflector 95cm Silver\/Gold (LL LR3834) offers dual-sided reflective surfaces for versatile lighting control. Collapsible and portable, it\u2019s ideal for photographers and videographers who need flexibility in their setups.","og_url":"https:\/\/www.cinesouk.ma\/fr\/produit\/lastolite-collapsible-reflector-95cm-silver-gold-ll-lr3834\/","og_site_name":"CineSouk","article_modified_time":"2025-04-15T11:36:06+00:00","og_image":[{"width":300,"height":238,"url":"https:\/\/www.cinesouk.ma\/wp-content\/uploads\/2025\/04\/Gold-LL-LR3834.jpg","type":"image\/jpeg"}],"twitter_card":"summary_large_image","twitter_description":"The Lastolite Collapsible Reflector 95cm Silver\/Gold (LL LR3834) offers dual-sided reflective surfaces for versatile lighting control. Collapsible and portable, it\u2019s ideal for photographers and videographers who need flexibility in their setups.","twitter_image":"https:\/\/www.cinesouk.ma\/wp-content\/uploads\/2025\/04\/Gold-LL-LR3834.jpg","twitter_misc":{"Dur\u00e9e de lecture estim\u00e9e":"2 minutes"},"schema":{"@context":"https:\/\/schema.org","@graph":[{"@type":"WebPage","@id":"https:\/\/www.cinesouk.ma\/product\/lastolite-collapsible-reflector-95cm-silver-gold-ll-lr3834\/","url":"https:\/\/www.cinesouk.ma\/product\/lastolite-collapsible-reflector-95cm-silver-gold-ll-lr3834\/","name":"Lastolite Collapsible Reflector 95cm Silver\/Gold (LL LR3834) - CineSouk","isPartOf":{"@id":"https:\/\/www.cinesouk.ma\/#website"},"primaryImageOfPage":{"@id":"https:\/\/www.cinesouk.ma\/product\/lastolite-collapsible-reflector-95cm-silver-gold-ll-lr3834\/#primaryimage"},"image":{"@id":"https:\/\/www.cinesouk.ma\/product\/lastolite-collapsible-reflector-95cm-silver-gold-ll-lr3834\/#primaryimage"},"thumbnailUrl":"https:\/\/www.cinesouk.ma\/wp-content\/uploads\/2025\/04\/Gold-LL-LR3834.jpg","datePublished":"2025-04-15T11:10:00+00:00","dateModified":"2025-04-15T11:36:06+00:00","description":"The Lastolite Collapsible Reflector 95cm Silver\/Gold (LL LR3834) offers dual-sided reflective surfaces for versatile lighting control. Collapsible and portable, it\u2019s ideal for photographers and videographers who need flexibility in their setups.","breadcrumb":{"@id":"https:\/\/www.cinesouk.ma\/product\/lastolite-collapsible-reflector-95cm-silver-gold-ll-lr3834\/#breadcrumb"},"inLanguage":"fr-FR","potentialAction":[{"@type":"ReadAction","target":["https:\/\/www.cinesouk.ma\/product\/lastolite-collapsible-reflector-95cm-silver-gold-ll-lr3834\/"]}]},{"@type":"ImageObject","inLanguage":"fr-FR","@id":"https:\/\/www.cinesouk.ma\/product\/lastolite-collapsible-reflector-95cm-silver-gold-ll-lr3834\/#primaryimage","url":"https:\/\/www.cinesouk.ma\/wp-content\/uploads\/2025\/04\/Gold-LL-LR3834.jpg","contentUrl":"https:\/\/www.cinesouk.ma\/wp-content\/uploads\/2025\/04\/Gold-LL-LR3834.jpg","width":300,"height":238,"caption":"Lastolite Collapsible Reflector 95cm Silver\/Gold (LL LR3834)"},{"@type":"BreadcrumbList","@id":"https:\/\/www.cinesouk.ma\/product\/lastolite-collapsible-reflector-95cm-silver-gold-ll-lr3834\/#breadcrumb","itemListElement":[{"@type":"ListItem","position":1,"name":"Home","item":"https:\/\/www.cinesouk.ma\/"},{"@type":"ListItem","position":2,"name":"Shop","item":"https:\/\/www.cinesouk.ma\/shop\/"},{"@type":"ListItem","position":3,"name":"Lastolite Collapsible Reflector 95cm Silver\/Gold (LL LR3834)"}]},{"@type":"WebSite","@id":"https:\/\/www.cinesouk.ma\/#website","url":"https:\/\/www.cinesouk.ma\/","name":"CineSouk","description":"","publisher":{"@id":"https:\/\/www.cinesouk.ma\/#organization"},"potentialAction":[{"@type":"SearchAction","target":{"@type":"EntryPoint","urlTemplate":"https:\/\/www.cinesouk.ma\/?s={search_term_string}"},"query-input":{"@type":"PropertyValueSpecification","valueRequired":true,"valueName":"search_term_string"}}],"inLanguage":"fr-FR"},{"@type":"Organization","@id":"https:\/\/www.cinesouk.ma\/#organization","name":"CineSouk","url":"https:\/\/www.cinesouk.ma\/","logo":{"@type":"ImageObject","inLanguage":"fr-FR","@id":"https:\/\/www.cinesouk.ma\/#\/schema\/logo\/image\/","url":"https:\/\/www.cinesouk.ma\/wp-content\/uploads\/2024\/01\/CineSouk-logo-v01-alpha-alligned-left.png","contentUrl":"https:\/\/www.cinesouk.ma\/wp-content\/uploads\/2024\/01\/CineSouk-logo-v01-alpha-alligned-left.png","width":3204,"height":889,"caption":"CineSouk"},"image":{"@id":"https:\/\/www.cinesouk.ma\/#\/schema\/logo\/image\/"}}]}},"_links":{"self":[{"href":"https:\/\/www.cinesouk.ma\/fr\/wp-json\/wp\/v2\/product\/12289","targetHints":{"allow":["GET"]}}],"collection":[{"href":"https:\/\/www.cinesouk.ma\/fr\/wp-json\/wp\/v2\/product"}],"about":[{"href":"https:\/\/www.cinesouk.ma\/fr\/wp-json\/wp\/v2\/types\/product"}],"wp:featuredmedia":[{"embeddable":true,"href":"https:\/\/www.cinesouk.ma\/fr\/wp-json\/wp\/v2\/media\/12300"}],"wp:attachment":[{"href":"https:\/\/www.cinesouk.ma\/fr\/wp-json\/wp\/v2\/media?parent=12289"}],"wp:term":[{"taxonomy":"product_brand","embeddable":true,"href":"https:\/\/www.cinesouk.ma\/fr\/wp-json\/wp\/v2\/product_brand?post=12289"},{"taxonomy":"product_cat","embeddable":true,"href":"https:\/\/www.cinesouk.ma\/fr\/wp-json\/wp\/v2\/product_cat?post=12289"},{"taxonomy":"product_tag","embeddable":true,"href":"https:\/\/www.cinesouk.ma\/fr\/wp-json\/wp\/v2\/product_tag?post=12289"}],"curies":[{"name":"wp","href":"https:\/\/api.w.org\/{rel}","templated":true}]}}