{"id":12301,"date":"2024-04-15T12:14:27","date_gmt":"2024-04-15T12:14:27","guid":{"rendered":"https:\/\/www.cinesouk.ma\/?post_type=product&#038;p=12301"},"modified":"2025-08-19T10:37:28","modified_gmt":"2025-08-19T10:37:28","slug":"manfrotto-magic-arm-inc","status":"publish","type":"product","link":"https:\/\/www.cinesouk.ma\/fr\/produit\/manfrotto-magic-arm-inc\/","title":{"rendered":"Manfrotto Magic Arm inc"},"content":{"rendered":"<p class=\"\" data-start=\"33\" data-end=\"367\">Le Magic Arm Inc de Manfrotto est un outil de montage polyvalent et fiable con\u00e7u pour maintenir en toute s\u00e9curit\u00e9 les appareils photo, les \u00e9clairages et autres accessoires dans une large gamme d'applications en studio et sur le terrain. Con\u00e7u pour la stabilit\u00e9 et la flexibilit\u00e9, il permet des ajustements pr\u00e9cis, ce qui le rend id\u00e9al pour la photographie, la r\u00e9alisation de films et la production vid\u00e9o.<\/p>\n<p class=\"\" data-start=\"369\" data-end=\"802\">Dot\u00e9 d'un m\u00e9canisme de fixation rapide et d'une construction robuste, le Magic Arm garantit une installation facile et un fonctionnement fiable, m\u00eame dans des environnements exigeants. Sa conception compacte, combin\u00e9e \u00e0 une gamme compl\u00e8te de mouvements, le rend parfait pour soutenir des \u00e9quipements lourds dans des espaces restreints ou des sc\u00e9narios de tournage dynamiques. Qu'il soit utilis\u00e9 avec des rigs d'\u00e9clairage, des cam\u00e9ras ou des moniteurs, ce bras assure un positionnement stable et un mouvement minimal une fois en place.<\/p>\n<h3 class=\"\" data-start=\"804\" data-end=\"825\"><strong data-start=\"808\" data-end=\"825\">Caract\u00e9ristiques principales :<\/strong><\/h3>\n<ul data-start=\"827\" data-end=\"1425\">\n<li class=\"\" data-start=\"827\" data-end=\"946\">\n<p class=\"\" data-start=\"829\" data-end=\"946\"><strong data-start=\"829\" data-end=\"852\">Montage polyvalent :<\/strong> Parfait pour attacher des lumi\u00e8res, des cam\u00e9ras et d'autres accessoires \u00e0 une vari\u00e9t\u00e9 de syst\u00e8mes de support.<\/p>\n<\/li>\n<li class=\"\" data-start=\"947\" data-end=\"1082\">\n<p class=\"\" data-start=\"949\" data-end=\"1082\"><strong data-start=\"949\" data-end=\"966\">Construction robuste :<\/strong> Construit avec des mat\u00e9riaux de haute qualit\u00e9 pour une utilisation durable, garantissant la durabilit\u00e9 m\u00eame dans des environnements tr\u00e8s sollicit\u00e9s.<\/p>\n<\/li>\n<li class=\"\" data-start=\"1083\" data-end=\"1211\">\n<p class=\"\" data-start=\"1085\" data-end=\"1211\"><strong data-start=\"1085\" data-end=\"1110\">Gamme compl\u00e8te de mouvements :<\/strong> Permet un positionnement pr\u00e9cis et flexible de l'\u00e9quipement, id\u00e9al pour les tournages en studio et en ext\u00e9rieur.<\/p>\n<\/li>\n<li class=\"\" data-start=\"1212\" data-end=\"1330\">\n<p class=\"\" data-start=\"1214\" data-end=\"1330\"><strong data-start=\"1214\" data-end=\"1242\">M\u00e9canisme de d\u00e9verrouillage rapide :<\/strong> Il permet une installation et un d\u00e9montage rapides et faciles, ce qui le rend id\u00e9al pour les professionnels en d\u00e9placement.<\/p>\n<\/li>\n<li class=\"\" data-start=\"1331\" data-end=\"1425\">\n<p class=\"\" data-start=\"1333\" data-end=\"1425\"><strong data-start=\"1333\" data-end=\"1352\">Conception compacte :<\/strong> Facile \u00e0 transporter et \u00e0 stocker sans compromettre la solidit\u00e9 et la stabilit\u00e9.<\/p>\n<\/li>\n<\/ul>\n<h3 class=\"\" data-start=\"1427\" data-end=\"1450\"><strong data-start=\"1431\" data-end=\"1450\">Sp\u00e9cifications :<\/strong><\/h3>\n<ul data-start=\"1452\" data-end=\"1839\">\n<li class=\"\" data-start=\"1452\" data-end=\"1495\">\n<p class=\"\" data-start=\"1454\" data-end=\"1495\"><strong data-start=\"1454\" data-end=\"1474\">Capacit\u00e9 de poids :<\/strong> Jusqu'\u00e0 4 kg (8.8 lbs)<\/p>\n<\/li>\n<li class=\"\" data-start=\"1496\" data-end=\"1569\">\n<p class=\"\" data-start=\"1498\" data-end=\"1569\"><strong data-start=\"1498\" data-end=\"1509\">Longueur :<\/strong> R\u00e9glable de 30 cm \u00e0 82 cm (11,8 pouces \u00e0 32,3 pouces)<\/p>\n<\/li>\n<li class=\"\" data-start=\"1570\" data-end=\"1657\">\n<p class=\"\" data-start=\"1572\" data-end=\"1657\"><strong data-start=\"1572\" data-end=\"1597\">Taille du filetage de montage :<\/strong> 1\/4\u2033-20 et 3\/8\u2033-16 pour une compatibilit\u00e9 avec la plupart des accessoires<\/p>\n<\/li>\n<li class=\"\" data-start=\"1658\" data-end=\"1733\">\n<p class=\"\" data-start=\"1660\" data-end=\"1733\"><strong data-start=\"1660\" data-end=\"1673\">Mat\u00e9riau :<\/strong> Aluminium de haute qualit\u00e9 pour la solidit\u00e9 et la l\u00e9g\u00e8ret\u00e9<\/p>\n<\/li>\n<li class=\"\" data-start=\"1734\" data-end=\"1839\">\n<p class=\"\" data-start=\"1736\" data-end=\"1839\"><strong data-start=\"1736\" data-end=\"1761\">Accessoires inclus :<\/strong> Supports de montage pour une installation rapide et une int\u00e9gration facile dans votre syst\u00e8me existant<\/p>\n<\/li>\n<\/ul>\n<p class=\"\" data-start=\"1862\" data-end=\"2196\">Le Magic Arm Inc de Manfrotto est une solution fiable, compacte et flexible pour les photographes et vid\u00e9astes qui ont besoin de monter et d'ajuster leur \u00e9quipement en toute s\u00e9curit\u00e9. Sa construction robuste, son amplitude de mouvement et sa fonction de fixation rapide en font un compl\u00e9ment pr\u00e9cieux \u00e0 toute installation professionnelle, que ce soit en studio ou en ext\u00e9rieur.<\/p>\n<p>Louez-le maintenant sur <a href=\"https:\/\/www.cinesouk.ma\/fr\">CINESOUK<\/a> - une marque de <a href=\"https:\/\/www.broadway.ma\/\">BROADWAY PRODUCTIONS SARL.<\/a><\/p>","protected":false},"excerpt":{"rendered":"<p><strong>Sp\u00e9cifications :<\/strong><\/p>\n<ul data-start=\"1452\" data-end=\"1839\">\n<li class=\"\" data-start=\"1452\" data-end=\"1495\">\n<p class=\"\" data-start=\"1454\" data-end=\"1495\"><strong data-start=\"1454\" data-end=\"1474\">Capacit\u00e9 de poids :<\/strong> Jusqu'\u00e0 4 kg (8.8 lbs)<\/p>\n<\/li>\n<li class=\"\" data-start=\"1496\" data-end=\"1569\">\n<p class=\"\" data-start=\"1498\" data-end=\"1569\"><strong data-start=\"1498\" data-end=\"1509\">Longueur :<\/strong> R\u00e9glable de 30 cm \u00e0 82 cm (11,8 pouces \u00e0 32,3 pouces)<\/p>\n<\/li>\n<li class=\"\" data-start=\"1570\" data-end=\"1657\">\n<p class=\"\" data-start=\"1572\" data-end=\"1657\"><strong data-start=\"1572\" data-end=\"1597\">Taille du filetage de montage :<\/strong> 1\/4\u2033-20 et 3\/8\u2033-16 pour une compatibilit\u00e9 avec la plupart des accessoires<\/p>\n<\/li>\n<li class=\"\" data-start=\"1658\" data-end=\"1733\">\n<p class=\"\" data-start=\"1660\" data-end=\"1733\"><strong data-start=\"1660\" data-end=\"1673\">Mat\u00e9riau :<\/strong> Aluminium de haute qualit\u00e9 pour la solidit\u00e9 et la l\u00e9g\u00e8ret\u00e9<\/p>\n<\/li>\n<\/ul>","protected":false},"featured_media":12312,"template":"","meta":{"om_disable_all_campaigns":false,"_monsterinsights_skip_tracking":false,"_monsterinsights_sitenote_active":false,"_monsterinsights_sitenote_note":"","_monsterinsights_sitenote_category":0,"_uf_show_specific_survey":0,"_uf_disable_surveys":false},"product_brand":[],"product_cat":[38],"product_tag":[],"class_list":{"0":"post-12301","1":"product","2":"type-product","3":"status-publish","4":"has-post-thumbnail","6":"product_cat-grip-cinesouk","8":"entry","9":"has-media","11":"first","12":"instock","13":"taxable","14":"shipping-taxable","15":"purchasable","16":"product-type-variable","17":"has-product-nav","18":"col","19":"span_1_of_3","20":"owp-content-center","21":"owp-thumbs-layout-horizontal","22":"owp-btn-normal","23":"owp-tabs-layout-horizontal","24":"has-no-thumbnails"},"yoast_head":"<!-- This site is optimized with the Yoast SEO Premium plugin v26.0 (Yoast SEO v26.0) - https:\/\/yoast.com\/wordpress\/plugins\/seo\/ -->\n<title>Manfrotto Magic Arm inc - Marrakech | Morocco - CineSouk<\/title>\n<meta name=\"description\" content=\"The Manfrotto Magic Arm Inc is a versatile mounting tool for cameras, lights, and accessories. Offering flexibility, durability, and a quick-release mechanism, it\u2019s perfect for professional photographers and videographers.\" \/>\n<meta name=\"robots\" content=\"index, follow, max-snippet:-1, max-image-preview:large, max-video-preview:-1\" \/>\n<link rel=\"canonical\" href=\"https:\/\/www.cinesouk.ma\/fr\/produit\/manfrotto-magic-arm-inc\/\" \/>\n<meta property=\"og:locale\" content=\"fr_FR\" \/>\n<meta property=\"og:type\" content=\"article\" \/>\n<meta property=\"og:title\" content=\"Manfrotto Magic Arm inc\" \/>\n<meta property=\"og:description\" content=\"The Manfrotto Magic Arm Inc is a versatile mounting tool for cameras, lights, and accessories. Offering flexibility, durability, and a quick-release mechanism, it\u2019s perfect for professional photographers and videographers.\" \/>\n<meta property=\"og:url\" content=\"https:\/\/www.cinesouk.ma\/fr\/produit\/manfrotto-magic-arm-inc\/\" \/>\n<meta property=\"og:site_name\" content=\"CineSouk\" \/>\n<meta property=\"article:modified_time\" content=\"2025-08-19T10:37:28+00:00\" \/>\n<meta property=\"og:image\" content=\"https:\/\/www.cinesouk.ma\/wp-content\/uploads\/2025\/04\/Manfrotto-Magic-Arm-inc.jpg\" \/>\n\t<meta property=\"og:image:width\" content=\"300\" \/>\n\t<meta property=\"og:image:height\" content=\"238\" \/>\n\t<meta property=\"og:image:type\" content=\"image\/jpeg\" \/>\n<meta name=\"twitter:card\" content=\"summary_large_image\" \/>\n<meta name=\"twitter:description\" content=\"The Manfrotto Magic Arm Inc is a versatile mounting tool for cameras, lights, and accessories. Offering flexibility, durability, and a quick-release mechanism, it\u2019s perfect for professional photographers and videographers.\" \/>\n<meta name=\"twitter:label1\" content=\"Dur\u00e9e de lecture estim\u00e9e\" \/>\n\t<meta name=\"twitter:data1\" content=\"2 minutes\" \/>\n<script type=\"application\/ld+json\" class=\"yoast-schema-graph\">{\"@context\":\"https:\/\/schema.org\",\"@graph\":[{\"@type\":\"WebPage\",\"@id\":\"https:\/\/www.cinesouk.ma\/product\/manfrotto-magic-arm-inc\/\",\"url\":\"https:\/\/www.cinesouk.ma\/product\/manfrotto-magic-arm-inc\/\",\"name\":\"Manfrotto Magic Arm inc - Marrakech | Morocco - CineSouk\",\"isPartOf\":{\"@id\":\"https:\/\/www.cinesouk.ma\/#website\"},\"primaryImageOfPage\":{\"@id\":\"https:\/\/www.cinesouk.ma\/product\/manfrotto-magic-arm-inc\/#primaryimage\"},\"image\":{\"@id\":\"https:\/\/www.cinesouk.ma\/product\/manfrotto-magic-arm-inc\/#primaryimage\"},\"thumbnailUrl\":\"https:\/\/www.cinesouk.ma\/wp-content\/uploads\/2025\/04\/Manfrotto-Magic-Arm-inc.jpg\",\"datePublished\":\"2024-04-15T12:14:27+00:00\",\"dateModified\":\"2025-08-19T10:37:28+00:00\",\"description\":\"The Manfrotto Magic Arm Inc is a versatile mounting tool for cameras, lights, and accessories. Offering flexibility, durability, and a quick-release mechanism, it\u2019s perfect for professional photographers and videographers.\",\"breadcrumb\":{\"@id\":\"https:\/\/www.cinesouk.ma\/product\/manfrotto-magic-arm-inc\/#breadcrumb\"},\"inLanguage\":\"fr-FR\",\"potentialAction\":[{\"@type\":\"ReadAction\",\"target\":[\"https:\/\/www.cinesouk.ma\/product\/manfrotto-magic-arm-inc\/\"]}]},{\"@type\":\"ImageObject\",\"inLanguage\":\"fr-FR\",\"@id\":\"https:\/\/www.cinesouk.ma\/product\/manfrotto-magic-arm-inc\/#primaryimage\",\"url\":\"https:\/\/www.cinesouk.ma\/wp-content\/uploads\/2025\/04\/Manfrotto-Magic-Arm-inc.jpg\",\"contentUrl\":\"https:\/\/www.cinesouk.ma\/wp-content\/uploads\/2025\/04\/Manfrotto-Magic-Arm-inc.jpg\",\"width\":300,\"height\":238,\"caption\":\"Manfrotto Magic Arm inc\"},{\"@type\":\"BreadcrumbList\",\"@id\":\"https:\/\/www.cinesouk.ma\/product\/manfrotto-magic-arm-inc\/#breadcrumb\",\"itemListElement\":[{\"@type\":\"ListItem\",\"position\":1,\"name\":\"Home\",\"item\":\"https:\/\/www.cinesouk.ma\/\"},{\"@type\":\"ListItem\",\"position\":2,\"name\":\"Shop\",\"item\":\"https:\/\/www.cinesouk.ma\/shop\/\"},{\"@type\":\"ListItem\",\"position\":3,\"name\":\"Manfrotto Magic Arm inc\"}]},{\"@type\":\"WebSite\",\"@id\":\"https:\/\/www.cinesouk.ma\/#website\",\"url\":\"https:\/\/www.cinesouk.ma\/\",\"name\":\"CineSouk\",\"description\":\"\",\"publisher\":{\"@id\":\"https:\/\/www.cinesouk.ma\/#organization\"},\"potentialAction\":[{\"@type\":\"SearchAction\",\"target\":{\"@type\":\"EntryPoint\",\"urlTemplate\":\"https:\/\/www.cinesouk.ma\/?s={search_term_string}\"},\"query-input\":{\"@type\":\"PropertyValueSpecification\",\"valueRequired\":true,\"valueName\":\"search_term_string\"}}],\"inLanguage\":\"fr-FR\"},{\"@type\":\"Organization\",\"@id\":\"https:\/\/www.cinesouk.ma\/#organization\",\"name\":\"CineSouk\",\"url\":\"https:\/\/www.cinesouk.ma\/\",\"logo\":{\"@type\":\"ImageObject\",\"inLanguage\":\"fr-FR\",\"@id\":\"https:\/\/www.cinesouk.ma\/#\/schema\/logo\/image\/\",\"url\":\"https:\/\/www.cinesouk.ma\/wp-content\/uploads\/2024\/01\/CineSouk-logo-v01-alpha-alligned-left.png\",\"contentUrl\":\"https:\/\/www.cinesouk.ma\/wp-content\/uploads\/2024\/01\/CineSouk-logo-v01-alpha-alligned-left.png\",\"width\":3204,\"height\":889,\"caption\":\"CineSouk\"},\"image\":{\"@id\":\"https:\/\/www.cinesouk.ma\/#\/schema\/logo\/image\/\"}}]}<\/script>\n<!-- \/ Yoast SEO Premium plugin. -->","yoast_head_json":{"title":"Manfrotto Magic Arm inc - Marrakech | Morocco - CineSouk","description":"The Manfrotto Magic Arm Inc is a versatile mounting tool for cameras, lights, and accessories. Offering flexibility, durability, and a quick-release mechanism, it\u2019s perfect for professional photographers and videographers.","robots":{"index":"index","follow":"follow","max-snippet":"max-snippet:-1","max-image-preview":"max-image-preview:large","max-video-preview":"max-video-preview:-1"},"canonical":"https:\/\/www.cinesouk.ma\/fr\/produit\/manfrotto-magic-arm-inc\/","og_locale":"fr_FR","og_type":"article","og_title":"Manfrotto Magic Arm inc","og_description":"The Manfrotto Magic Arm Inc is a versatile mounting tool for cameras, lights, and accessories. Offering flexibility, durability, and a quick-release mechanism, it\u2019s perfect for professional photographers and videographers.","og_url":"https:\/\/www.cinesouk.ma\/fr\/produit\/manfrotto-magic-arm-inc\/","og_site_name":"CineSouk","article_modified_time":"2025-08-19T10:37:28+00:00","og_image":[{"width":300,"height":238,"url":"https:\/\/www.cinesouk.ma\/wp-content\/uploads\/2025\/04\/Manfrotto-Magic-Arm-inc.jpg","type":"image\/jpeg"}],"twitter_card":"summary_large_image","twitter_description":"The Manfrotto Magic Arm Inc is a versatile mounting tool for cameras, lights, and accessories. Offering flexibility, durability, and a quick-release mechanism, it\u2019s perfect for professional photographers and videographers.","twitter_misc":{"Dur\u00e9e de lecture estim\u00e9e":"2 minutes"},"schema":{"@context":"https:\/\/schema.org","@graph":[{"@type":"WebPage","@id":"https:\/\/www.cinesouk.ma\/product\/manfrotto-magic-arm-inc\/","url":"https:\/\/www.cinesouk.ma\/product\/manfrotto-magic-arm-inc\/","name":"Manfrotto Magic Arm inc - Marrakech | Morocco - CineSouk","isPartOf":{"@id":"https:\/\/www.cinesouk.ma\/#website"},"primaryImageOfPage":{"@id":"https:\/\/www.cinesouk.ma\/product\/manfrotto-magic-arm-inc\/#primaryimage"},"image":{"@id":"https:\/\/www.cinesouk.ma\/product\/manfrotto-magic-arm-inc\/#primaryimage"},"thumbnailUrl":"https:\/\/www.cinesouk.ma\/wp-content\/uploads\/2025\/04\/Manfrotto-Magic-Arm-inc.jpg","datePublished":"2024-04-15T12:14:27+00:00","dateModified":"2025-08-19T10:37:28+00:00","description":"The Manfrotto Magic Arm Inc is a versatile mounting tool for cameras, lights, and accessories. Offering flexibility, durability, and a quick-release mechanism, it\u2019s perfect for professional photographers and videographers.","breadcrumb":{"@id":"https:\/\/www.cinesouk.ma\/product\/manfrotto-magic-arm-inc\/#breadcrumb"},"inLanguage":"fr-FR","potentialAction":[{"@type":"ReadAction","target":["https:\/\/www.cinesouk.ma\/product\/manfrotto-magic-arm-inc\/"]}]},{"@type":"ImageObject","inLanguage":"fr-FR","@id":"https:\/\/www.cinesouk.ma\/product\/manfrotto-magic-arm-inc\/#primaryimage","url":"https:\/\/www.cinesouk.ma\/wp-content\/uploads\/2025\/04\/Manfrotto-Magic-Arm-inc.jpg","contentUrl":"https:\/\/www.cinesouk.ma\/wp-content\/uploads\/2025\/04\/Manfrotto-Magic-Arm-inc.jpg","width":300,"height":238,"caption":"Manfrotto Magic Arm inc"},{"@type":"BreadcrumbList","@id":"https:\/\/www.cinesouk.ma\/product\/manfrotto-magic-arm-inc\/#breadcrumb","itemListElement":[{"@type":"ListItem","position":1,"name":"Home","item":"https:\/\/www.cinesouk.ma\/"},{"@type":"ListItem","position":2,"name":"Shop","item":"https:\/\/www.cinesouk.ma\/shop\/"},{"@type":"ListItem","position":3,"name":"Manfrotto Magic Arm inc"}]},{"@type":"WebSite","@id":"https:\/\/www.cinesouk.ma\/#website","url":"https:\/\/www.cinesouk.ma\/","name":"CineSouk","description":"","publisher":{"@id":"https:\/\/www.cinesouk.ma\/#organization"},"potentialAction":[{"@type":"SearchAction","target":{"@type":"EntryPoint","urlTemplate":"https:\/\/www.cinesouk.ma\/?s={search_term_string}"},"query-input":{"@type":"PropertyValueSpecification","valueRequired":true,"valueName":"search_term_string"}}],"inLanguage":"fr-FR"},{"@type":"Organization","@id":"https:\/\/www.cinesouk.ma\/#organization","name":"CineSouk","url":"https:\/\/www.cinesouk.ma\/","logo":{"@type":"ImageObject","inLanguage":"fr-FR","@id":"https:\/\/www.cinesouk.ma\/#\/schema\/logo\/image\/","url":"https:\/\/www.cinesouk.ma\/wp-content\/uploads\/2024\/01\/CineSouk-logo-v01-alpha-alligned-left.png","contentUrl":"https:\/\/www.cinesouk.ma\/wp-content\/uploads\/2024\/01\/CineSouk-logo-v01-alpha-alligned-left.png","width":3204,"height":889,"caption":"CineSouk"},"image":{"@id":"https:\/\/www.cinesouk.ma\/#\/schema\/logo\/image\/"}}]}},"_links":{"self":[{"href":"https:\/\/www.cinesouk.ma\/fr\/wp-json\/wp\/v2\/product\/12301","targetHints":{"allow":["GET"]}}],"collection":[{"href":"https:\/\/www.cinesouk.ma\/fr\/wp-json\/wp\/v2\/product"}],"about":[{"href":"https:\/\/www.cinesouk.ma\/fr\/wp-json\/wp\/v2\/types\/product"}],"wp:featuredmedia":[{"embeddable":true,"href":"https:\/\/www.cinesouk.ma\/fr\/wp-json\/wp\/v2\/media\/12312"}],"wp:attachment":[{"href":"https:\/\/www.cinesouk.ma\/fr\/wp-json\/wp\/v2\/media?parent=12301"}],"wp:term":[{"taxonomy":"product_brand","embeddable":true,"href":"https:\/\/www.cinesouk.ma\/fr\/wp-json\/wp\/v2\/product_brand?post=12301"},{"taxonomy":"product_cat","embeddable":true,"href":"https:\/\/www.cinesouk.ma\/fr\/wp-json\/wp\/v2\/product_cat?post=12301"},{"taxonomy":"product_tag","embeddable":true,"href":"https:\/\/www.cinesouk.ma\/fr\/wp-json\/wp\/v2\/product_tag?post=12301"}],"curies":[{"name":"wp","href":"https:\/\/api.w.org\/{rel}","templated":true}]}}