{"id":12314,"date":"2024-04-15T12:33:14","date_gmt":"2024-04-15T12:33:14","guid":{"rendered":"https:\/\/www.cinesouk.ma\/?post_type=product&#038;p=12314"},"modified":"2026-01-21T09:12:35","modified_gmt":"2026-01-21T09:12:35","slug":"a-clamp-small-approx-2-5cm","status":"publish","type":"product","link":"https:\/\/www.cinesouk.ma\/fr\/produit\/a-clamp-small-approx-2-5cm\/","title":{"rendered":"Pony A-Clamp Small Approx 2&#8243; (5cm)"},"content":{"rendered":"<div class=\"flex max-w-full flex-col flex-grow\">\n<div class=\"min-h-[20px] text-message flex w-full flex-col items-end gap-2 break-words [.text-message+&amp;]:mt-5 overflow-x-auto whitespace-normal\" dir=\"auto\" data-message-author-role=\"assistant\" data-message-id=\"08c860b5-28a6-425b-bedd-998aab1ab46c\">\n<div class=\"flex w-full flex-col gap-1 empty:hidden first:pt-[3px]\">\n<div class=\"markdown prose w-full break-words dark:prose-invert light\">\n<p data-start=\"39\" data-end=\"367\">The Pony A-Clamp Small Approx 2&#8243; (5cm) is a compact and reliable tool designed for securing small materials during a variety of tasks, including woodworking, metalworking, and other precision projects. With a clamping capacity of 2 inches, this clamp is perfect for small workpieces, offering a secure grip and excellent control.<\/p>\n<p data-start=\"369\" data-end=\"659\">Its small size and easy-to-use mechanism make it ideal for both professional and DIY applications. Whether you&#8217;re assembling intricate projects, soldering, or performing repairs, the Pony A-Clamp Small ensures that your materials remain firmly in place, providing better accuracy and safety.<\/p>\n<h3 data-start=\"661\" data-end=\"682\"><strong data-start=\"665\" data-end=\"682\">Caract\u00e9ristiques principales :<\/strong><\/h3>\n<ul data-start=\"684\" data-end=\"1053\">\n<li data-start=\"684\" data-end=\"753\">\n<p data-start=\"686\" data-end=\"753\"><strong data-start=\"686\" data-end=\"708\">Capacit\u00e9 de serrage :<\/strong> 2 pouces (5 cm), id\u00e9al pour les petites pi\u00e8ces.<\/p>\n<\/li>\n<li data-start=\"754\" data-end=\"866\">\n<p data-start=\"756\" data-end=\"866\"><strong data-start=\"756\" data-end=\"781\">Construction durable :<\/strong> Fabriqu\u00e9 \u00e0 partir de mat\u00e9riaux de haute qualit\u00e9 pour des performances fiables dans des environnements exigeants.<\/p>\n<\/li>\n<li data-start=\"867\" data-end=\"948\">\n<p data-start=\"869\" data-end=\"948\"><strong data-start=\"869\" data-end=\"892\">Conception facile \u00e0 utiliser :<\/strong> M\u00e9canisme \u00e0 vis r\u00e9glable pour une utilisation simple et rapide.<\/p>\n<\/li>\n<li data-start=\"949\" data-end=\"1053\">\n<p data-start=\"951\" data-end=\"1053\"><strong data-start=\"951\" data-end=\"978\">Applications polyvalentes :<\/strong> Parfait pour le travail du bois, le travail des m\u00e9taux, les r\u00e9parations et autres t\u00e2ches de pr\u00e9cision.<\/p>\n<\/li>\n<\/ul>\n<h3 data-start=\"1055\" data-end=\"1078\"><strong data-start=\"1059\" data-end=\"1078\">Sp\u00e9cifications :<\/strong><\/h3>\n<ul data-start=\"1080\" data-end=\"1291\">\n<li data-start=\"1080\" data-end=\"1120\">\n<p data-start=\"1082\" data-end=\"1120\"><strong data-start=\"1082\" data-end=\"1104\">Capacit\u00e9 de serrage :<\/strong> 2 pouces (5 cm)<\/p>\n<\/li>\n<li data-start=\"1121\" data-end=\"1178\">\n<p data-start=\"1123\" data-end=\"1178\"><strong data-start=\"1123\" data-end=\"1136\">Mat\u00e9riau :<\/strong> Construction m\u00e9tallique solide pour une plus grande durabilit\u00e9.<\/p>\n<\/li>\n<li data-start=\"1179\" data-end=\"1243\">\n<p data-start=\"1181\" data-end=\"1243\"><strong data-start=\"1181\" data-end=\"1196\">Dimensions :<\/strong> Conception compacte pour faciliter le stockage et le transport.<\/p>\n<\/li>\n<li data-start=\"1244\" data-end=\"1291\">\n<p data-start=\"1246\" data-end=\"1291\"><strong data-start=\"1246\" data-end=\"1257\">Poids :<\/strong> L\u00e9ger pour une manipulation ais\u00e9e.<\/p>\n<\/li>\n<\/ul>\n<p data-start=\"1314\" data-end=\"1654\">The Pony A-Clamp Small Approx 2&#8243; (5cm) is an essential tool for securing small materials during various tasks. Its durable construction, adjustable design, and compact size make it perfect for both professionals and hobbyists alike. Whether you&#8217;re working on intricate projects or quick repairs, this clamp ensures a secure and precise hold.<\/p>\n<\/div>\n<\/div>\n<\/div>\n<\/div>\n<p>Louez-le maintenant sur <a href=\"https:\/\/www.cinesouk.ma\/fr\">CINESOUK<\/a> - une marque de <a href=\"https:\/\/www.broadway.ma\/\">BROADWAY PRODUCTIONS SARL.<\/a><\/p>","protected":false},"excerpt":{"rendered":"<p><strong>Sp\u00e9cifications :<\/strong><\/p>\n<ul data-start=\"1080\" data-end=\"1291\">\n<li class=\"\" data-start=\"1080\" data-end=\"1120\">\n<p class=\"\" data-start=\"1082\" data-end=\"1120\"><strong data-start=\"1082\" data-end=\"1104\">Capacit\u00e9 de serrage :<\/strong> 2 pouces (5 cm)<\/p>\n<\/li>\n<li class=\"\" data-start=\"1121\" data-end=\"1178\">\n<p class=\"\" data-start=\"1123\" data-end=\"1178\"><strong data-start=\"1123\" data-end=\"1136\">Mat\u00e9riau :<\/strong> Construction m\u00e9tallique solide pour une plus grande durabilit\u00e9.<\/p>\n<\/li>\n<li class=\"\" data-start=\"1179\" data-end=\"1243\">\n<p class=\"\" data-start=\"1181\" data-end=\"1243\"><strong data-start=\"1181\" data-end=\"1196\">Dimensions :<\/strong> Conception compacte pour faciliter le stockage et le transport.<\/p>\n<\/li>\n<li class=\"\" data-start=\"1244\" data-end=\"1291\">\n<p class=\"\" data-start=\"1246\" data-end=\"1291\"><strong data-start=\"1246\" data-end=\"1257\">Poids :<\/strong> L\u00e9ger pour une manipulation ais\u00e9e.<\/p>\n<\/li>\n<\/ul>","protected":false},"featured_media":12190,"template":"","meta":{"om_disable_all_campaigns":false,"_monsterinsights_skip_tracking":false,"_monsterinsights_sitenote_active":false,"_monsterinsights_sitenote_note":"","_monsterinsights_sitenote_category":0,"_uf_show_specific_survey":0,"_uf_disable_surveys":false},"product_brand":[],"product_cat":[38],"product_tag":[],"class_list":{"0":"post-12314","1":"product","2":"type-product","3":"status-publish","4":"has-post-thumbnail","6":"product_cat-grip-cinesouk","8":"entry","9":"has-media","11":"first","12":"instock","13":"taxable","14":"shipping-taxable","15":"purchasable","16":"product-type-variable","17":"has-product-nav","18":"col","19":"span_1_of_3","20":"owp-content-center","21":"owp-thumbs-layout-horizontal","22":"owp-btn-normal","23":"owp-tabs-layout-horizontal","24":"has-no-thumbnails"},"yoast_head":"<!-- This site is optimized with the Yoast SEO Premium plugin v26.0 (Yoast SEO v26.0) - https:\/\/yoast.com\/wordpress\/plugins\/seo\/ -->\n<title>Pony A-Clamp Small Approx 2&quot; (5cm) - CineSouk - For rent<\/title>\n<meta name=\"description\" content=\"The Pony A-Clamp Small Approx 2&quot; (5cm) is a compact, durable clamp designed for securing small materials in woodworking, metalworking, and precision tasks. Ideal for professionals and DIYers, it offers a secure grip and easy operation.\" \/>\n<meta name=\"robots\" content=\"index, follow, max-snippet:-1, max-image-preview:large, max-video-preview:-1\" \/>\n<link rel=\"canonical\" href=\"https:\/\/www.cinesouk.ma\/fr\/produit\/a-clamp-small-approx-2-5cm\/\" \/>\n<meta property=\"og:locale\" content=\"fr_FR\" \/>\n<meta property=\"og:type\" content=\"article\" \/>\n<meta property=\"og:title\" content=\"Pony A-Clamp Small Approx 2&quot; (5cm)\" \/>\n<meta property=\"og:description\" content=\"The Pony A-Clamp Small Approx 2&quot; (5cm) is a compact, durable clamp designed for securing small materials in woodworking, metalworking, and precision tasks. Ideal for professionals and DIYers, it offers a secure grip and easy operation.\" \/>\n<meta property=\"og:url\" content=\"https:\/\/www.cinesouk.ma\/fr\/produit\/a-clamp-small-approx-2-5cm\/\" \/>\n<meta property=\"og:site_name\" content=\"CineSouk\" \/>\n<meta property=\"article:modified_time\" content=\"2026-01-21T09:12:35+00:00\" \/>\n<meta property=\"og:image\" content=\"https:\/\/www.cinesouk.ma\/wp-content\/uploads\/2025\/04\/A-clamp-large-approx-4-10cm.jpg\" \/>\n\t<meta property=\"og:image:width\" content=\"300\" \/>\n\t<meta property=\"og:image:height\" content=\"238\" \/>\n\t<meta property=\"og:image:type\" content=\"image\/jpeg\" \/>\n<meta name=\"twitter:card\" content=\"summary_large_image\" \/>\n<meta name=\"twitter:description\" content=\"The Pony A-Clamp Small Approx 2&quot; (5cm) is a compact, durable clamp designed for securing small materials in woodworking, metalworking, and precision tasks. Ideal for professionals and DIYers, it offers a secure grip and easy operation.\" \/>\n<meta name=\"twitter:label1\" content=\"Dur\u00e9e de lecture estim\u00e9e\" \/>\n\t<meta name=\"twitter:data1\" content=\"2 minutes\" \/>\n<script type=\"application\/ld+json\" class=\"yoast-schema-graph\">{\"@context\":\"https:\/\/schema.org\",\"@graph\":[{\"@type\":\"WebPage\",\"@id\":\"https:\/\/www.cinesouk.ma\/product\/a-clamp-small-approx-2-5cm\/\",\"url\":\"https:\/\/www.cinesouk.ma\/product\/a-clamp-small-approx-2-5cm\/\",\"name\":\"Pony A-Clamp Small Approx 2\\\" (5cm) - CineSouk - For rent\",\"isPartOf\":{\"@id\":\"https:\/\/www.cinesouk.ma\/#website\"},\"primaryImageOfPage\":{\"@id\":\"https:\/\/www.cinesouk.ma\/product\/a-clamp-small-approx-2-5cm\/#primaryimage\"},\"image\":{\"@id\":\"https:\/\/www.cinesouk.ma\/product\/a-clamp-small-approx-2-5cm\/#primaryimage\"},\"thumbnailUrl\":\"https:\/\/www.cinesouk.ma\/wp-content\/uploads\/2025\/04\/A-clamp-large-approx-4-10cm.jpg\",\"datePublished\":\"2024-04-15T12:33:14+00:00\",\"dateModified\":\"2026-01-21T09:12:35+00:00\",\"description\":\"The Pony A-Clamp Small Approx 2\\\" (5cm) is a compact, durable clamp designed for securing small materials in woodworking, metalworking, and precision tasks. Ideal for professionals and DIYers, it offers a secure grip and easy operation.\",\"breadcrumb\":{\"@id\":\"https:\/\/www.cinesouk.ma\/product\/a-clamp-small-approx-2-5cm\/#breadcrumb\"},\"inLanguage\":\"fr-FR\",\"potentialAction\":[{\"@type\":\"ReadAction\",\"target\":[\"https:\/\/www.cinesouk.ma\/product\/a-clamp-small-approx-2-5cm\/\"]}]},{\"@type\":\"ImageObject\",\"inLanguage\":\"fr-FR\",\"@id\":\"https:\/\/www.cinesouk.ma\/product\/a-clamp-small-approx-2-5cm\/#primaryimage\",\"url\":\"https:\/\/www.cinesouk.ma\/wp-content\/uploads\/2025\/04\/A-clamp-large-approx-4-10cm.jpg\",\"contentUrl\":\"https:\/\/www.cinesouk.ma\/wp-content\/uploads\/2025\/04\/A-clamp-large-approx-4-10cm.jpg\",\"width\":300,\"height\":238,\"caption\":\"A-clamp large approx 4\u201d (10cm)\"},{\"@type\":\"BreadcrumbList\",\"@id\":\"https:\/\/www.cinesouk.ma\/product\/a-clamp-small-approx-2-5cm\/#breadcrumb\",\"itemListElement\":[{\"@type\":\"ListItem\",\"position\":1,\"name\":\"Home\",\"item\":\"https:\/\/www.cinesouk.ma\/\"},{\"@type\":\"ListItem\",\"position\":2,\"name\":\"Shop\",\"item\":\"https:\/\/www.cinesouk.ma\/shop\/\"},{\"@type\":\"ListItem\",\"position\":3,\"name\":\"Pony A-Clamp Small Approx 2&#8243; (5cm)\"}]},{\"@type\":\"WebSite\",\"@id\":\"https:\/\/www.cinesouk.ma\/#website\",\"url\":\"https:\/\/www.cinesouk.ma\/\",\"name\":\"CineSouk\",\"description\":\"\",\"publisher\":{\"@id\":\"https:\/\/www.cinesouk.ma\/#organization\"},\"potentialAction\":[{\"@type\":\"SearchAction\",\"target\":{\"@type\":\"EntryPoint\",\"urlTemplate\":\"https:\/\/www.cinesouk.ma\/?s={search_term_string}\"},\"query-input\":{\"@type\":\"PropertyValueSpecification\",\"valueRequired\":true,\"valueName\":\"search_term_string\"}}],\"inLanguage\":\"fr-FR\"},{\"@type\":\"Organization\",\"@id\":\"https:\/\/www.cinesouk.ma\/#organization\",\"name\":\"CineSouk\",\"url\":\"https:\/\/www.cinesouk.ma\/\",\"logo\":{\"@type\":\"ImageObject\",\"inLanguage\":\"fr-FR\",\"@id\":\"https:\/\/www.cinesouk.ma\/#\/schema\/logo\/image\/\",\"url\":\"https:\/\/www.cinesouk.ma\/wp-content\/uploads\/2024\/01\/CineSouk-logo-v01-alpha-alligned-left.png\",\"contentUrl\":\"https:\/\/www.cinesouk.ma\/wp-content\/uploads\/2024\/01\/CineSouk-logo-v01-alpha-alligned-left.png\",\"width\":3204,\"height\":889,\"caption\":\"CineSouk\"},\"image\":{\"@id\":\"https:\/\/www.cinesouk.ma\/#\/schema\/logo\/image\/\"}}]}<\/script>\n<!-- \/ Yoast SEO Premium plugin. -->","yoast_head_json":{"title":"Pony A-Clamp Small Approx 2\" (5cm) - CineSouk - For rent","description":"The Pony A-Clamp Small Approx 2\" (5cm) is a compact, durable clamp designed for securing small materials in woodworking, metalworking, and precision tasks. Ideal for professionals and DIYers, it offers a secure grip and easy operation.","robots":{"index":"index","follow":"follow","max-snippet":"max-snippet:-1","max-image-preview":"max-image-preview:large","max-video-preview":"max-video-preview:-1"},"canonical":"https:\/\/www.cinesouk.ma\/fr\/produit\/a-clamp-small-approx-2-5cm\/","og_locale":"fr_FR","og_type":"article","og_title":"Pony A-Clamp Small Approx 2\" (5cm)","og_description":"The Pony A-Clamp Small Approx 2\" (5cm) is a compact, durable clamp designed for securing small materials in woodworking, metalworking, and precision tasks. Ideal for professionals and DIYers, it offers a secure grip and easy operation.","og_url":"https:\/\/www.cinesouk.ma\/fr\/produit\/a-clamp-small-approx-2-5cm\/","og_site_name":"CineSouk","article_modified_time":"2026-01-21T09:12:35+00:00","og_image":[{"width":300,"height":238,"url":"https:\/\/www.cinesouk.ma\/wp-content\/uploads\/2025\/04\/A-clamp-large-approx-4-10cm.jpg","type":"image\/jpeg"}],"twitter_card":"summary_large_image","twitter_description":"The Pony A-Clamp Small Approx 2\" (5cm) is a compact, durable clamp designed for securing small materials in woodworking, metalworking, and precision tasks. Ideal for professionals and DIYers, it offers a secure grip and easy operation.","twitter_misc":{"Dur\u00e9e de lecture estim\u00e9e":"2 minutes"},"schema":{"@context":"https:\/\/schema.org","@graph":[{"@type":"WebPage","@id":"https:\/\/www.cinesouk.ma\/product\/a-clamp-small-approx-2-5cm\/","url":"https:\/\/www.cinesouk.ma\/product\/a-clamp-small-approx-2-5cm\/","name":"Pony A-Clamp Small Approx 2\" (5cm) - CineSouk - For rent","isPartOf":{"@id":"https:\/\/www.cinesouk.ma\/#website"},"primaryImageOfPage":{"@id":"https:\/\/www.cinesouk.ma\/product\/a-clamp-small-approx-2-5cm\/#primaryimage"},"image":{"@id":"https:\/\/www.cinesouk.ma\/product\/a-clamp-small-approx-2-5cm\/#primaryimage"},"thumbnailUrl":"https:\/\/www.cinesouk.ma\/wp-content\/uploads\/2025\/04\/A-clamp-large-approx-4-10cm.jpg","datePublished":"2024-04-15T12:33:14+00:00","dateModified":"2026-01-21T09:12:35+00:00","description":"The Pony A-Clamp Small Approx 2\" (5cm) is a compact, durable clamp designed for securing small materials in woodworking, metalworking, and precision tasks. Ideal for professionals and DIYers, it offers a secure grip and easy operation.","breadcrumb":{"@id":"https:\/\/www.cinesouk.ma\/product\/a-clamp-small-approx-2-5cm\/#breadcrumb"},"inLanguage":"fr-FR","potentialAction":[{"@type":"ReadAction","target":["https:\/\/www.cinesouk.ma\/product\/a-clamp-small-approx-2-5cm\/"]}]},{"@type":"ImageObject","inLanguage":"fr-FR","@id":"https:\/\/www.cinesouk.ma\/product\/a-clamp-small-approx-2-5cm\/#primaryimage","url":"https:\/\/www.cinesouk.ma\/wp-content\/uploads\/2025\/04\/A-clamp-large-approx-4-10cm.jpg","contentUrl":"https:\/\/www.cinesouk.ma\/wp-content\/uploads\/2025\/04\/A-clamp-large-approx-4-10cm.jpg","width":300,"height":238,"caption":"A-clamp large approx 4\u201d (10cm)"},{"@type":"BreadcrumbList","@id":"https:\/\/www.cinesouk.ma\/product\/a-clamp-small-approx-2-5cm\/#breadcrumb","itemListElement":[{"@type":"ListItem","position":1,"name":"Home","item":"https:\/\/www.cinesouk.ma\/"},{"@type":"ListItem","position":2,"name":"Shop","item":"https:\/\/www.cinesouk.ma\/shop\/"},{"@type":"ListItem","position":3,"name":"Pony A-Clamp Small Approx 2&#8243; (5cm)"}]},{"@type":"WebSite","@id":"https:\/\/www.cinesouk.ma\/#website","url":"https:\/\/www.cinesouk.ma\/","name":"CineSouk","description":"","publisher":{"@id":"https:\/\/www.cinesouk.ma\/#organization"},"potentialAction":[{"@type":"SearchAction","target":{"@type":"EntryPoint","urlTemplate":"https:\/\/www.cinesouk.ma\/?s={search_term_string}"},"query-input":{"@type":"PropertyValueSpecification","valueRequired":true,"valueName":"search_term_string"}}],"inLanguage":"fr-FR"},{"@type":"Organization","@id":"https:\/\/www.cinesouk.ma\/#organization","name":"CineSouk","url":"https:\/\/www.cinesouk.ma\/","logo":{"@type":"ImageObject","inLanguage":"fr-FR","@id":"https:\/\/www.cinesouk.ma\/#\/schema\/logo\/image\/","url":"https:\/\/www.cinesouk.ma\/wp-content\/uploads\/2024\/01\/CineSouk-logo-v01-alpha-alligned-left.png","contentUrl":"https:\/\/www.cinesouk.ma\/wp-content\/uploads\/2024\/01\/CineSouk-logo-v01-alpha-alligned-left.png","width":3204,"height":889,"caption":"CineSouk"},"image":{"@id":"https:\/\/www.cinesouk.ma\/#\/schema\/logo\/image\/"}}]}},"_links":{"self":[{"href":"https:\/\/www.cinesouk.ma\/fr\/wp-json\/wp\/v2\/product\/12314","targetHints":{"allow":["GET"]}}],"collection":[{"href":"https:\/\/www.cinesouk.ma\/fr\/wp-json\/wp\/v2\/product"}],"about":[{"href":"https:\/\/www.cinesouk.ma\/fr\/wp-json\/wp\/v2\/types\/product"}],"wp:featuredmedia":[{"embeddable":true,"href":"https:\/\/www.cinesouk.ma\/fr\/wp-json\/wp\/v2\/media\/12190"}],"wp:attachment":[{"href":"https:\/\/www.cinesouk.ma\/fr\/wp-json\/wp\/v2\/media?parent=12314"}],"wp:term":[{"taxonomy":"product_brand","embeddable":true,"href":"https:\/\/www.cinesouk.ma\/fr\/wp-json\/wp\/v2\/product_brand?post=12314"},{"taxonomy":"product_cat","embeddable":true,"href":"https:\/\/www.cinesouk.ma\/fr\/wp-json\/wp\/v2\/product_cat?post=12314"},{"taxonomy":"product_tag","embeddable":true,"href":"https:\/\/www.cinesouk.ma\/fr\/wp-json\/wp\/v2\/product_tag?post=12314"}],"curies":[{"name":"wp","href":"https:\/\/api.w.org\/{rel}","templated":true}]}}