{"id":12373,"date":"2025-04-21T14:58:02","date_gmt":"2025-04-21T14:58:02","guid":{"rendered":"https:\/\/www.cinesouk.ma\/?post_type=product&#038;p=12373"},"modified":"2025-05-27T10:10:57","modified_gmt":"2025-05-27T10:10:57","slug":"delock-usb-3-0-card-reader-all-in-one","status":"publish","type":"product","link":"https:\/\/www.cinesouk.ma\/fr\/produit\/delock-usb-3-0-card-reader-all-in-one\/","title":{"rendered":"Delock USB 3.0 Lecteur de cartes tout-en-un - SD\/CF\/MS"},"content":{"rendered":"<p class=\"\" data-start=\"143\" data-end=\"381\">Le Delock USB 3.0 Card Reader All in One est un appareil polyvalent con\u00e7u pour un acc\u00e8s rapide \u00e0 diverses cartes m\u00e9moire. Il est parfait pour les photographes, les vid\u00e9astes et les professionnels qui ont besoin de transf\u00e9rer rapidement des donn\u00e9es \u00e0 partir de plusieurs types de cartes.<\/p>\n<p class=\"\" data-start=\"383\" data-end=\"606\">Ce lecteur prend en charge une large gamme de cartes m\u00e9moire, notamment CF, SD, microSD, MS et M2. Il se connecte via USB 3.0, offrant des vitesses de transfert allant jusqu'\u00e0 5 Gbps. Cela garantit un acc\u00e8s rapide et efficace aux fichiers lorsque vous en avez le plus besoin.<\/p>\n<p class=\"\" data-start=\"608\" data-end=\"890\">Le lecteur de cartes Delock USB 3.0 est compact et portable, ce qui le rend facile \u00e0 transporter et \u00e0 ranger. Il est pr\u00eat \u00e0 l'emploi, ce qui vous permet de l'utiliser imm\u00e9diatement sur les appareils Windows et macOS. Gr\u00e2ce \u00e0 sa construction durable, ce lecteur de cartes r\u00e9siste \u00e0 une utilisation r\u00e9guli\u00e8re dans des environnements professionnels.<\/p>\n<h3 class=\"\" data-start=\"892\" data-end=\"913\"><strong data-start=\"896\" data-end=\"913\">Caract\u00e9ristiques principales :<\/strong><\/h3>\n<ul data-start=\"915\" data-end=\"1302\">\n<li class=\"\" data-start=\"915\" data-end=\"1002\">\n<p class=\"\" data-start=\"917\" data-end=\"1002\"><strong data-start=\"917\" data-end=\"940\">Large compatibilit\u00e9 :<\/strong> Prend en charge les cartes CF, SD, microSD, MS, M2 et d'autres types de cartes m\u00e9moire.<\/p>\n<\/li>\n<li class=\"\" data-start=\"1003\" data-end=\"1085\">\n<p class=\"\" data-start=\"1005\" data-end=\"1085\"><strong data-start=\"1005\" data-end=\"1034\">Transfert de donn\u00e9es \u00e0 grande vitesse :<\/strong> Permet d'atteindre des vitesses allant jusqu'\u00e0 5 Gbps pour un acc\u00e8s rapide aux fichiers.<\/p>\n<\/li>\n<li class=\"\" data-start=\"1086\" data-end=\"1151\">\n<p class=\"\" data-start=\"1088\" data-end=\"1151\"><strong data-start=\"1088\" data-end=\"1107\">Conception compacte :<\/strong> Petit et l\u00e9ger, il est facile \u00e0 transporter.<\/p>\n<\/li>\n<li class=\"\" data-start=\"1152\" data-end=\"1221\">\n<p class=\"\" data-start=\"1154\" data-end=\"1221\"><strong data-start=\"1154\" data-end=\"1172\">Plug-and-Play :<\/strong> Aucun pilote n'est n\u00e9cessaire, fonctionne avec Windows et macOS.<\/p>\n<\/li>\n<li class=\"\" data-start=\"1222\" data-end=\"1302\">\n<p class=\"\" data-start=\"1224\" data-end=\"1302\"><strong data-start=\"1224\" data-end=\"1249\">Construction durable :<\/strong> Con\u00e7u pour r\u00e9sister \u00e0 une utilisation fr\u00e9quente dans divers contextes.<\/p>\n<\/li>\n<\/ul>\n<h3 class=\"\" data-start=\"1304\" data-end=\"1327\"><strong data-start=\"1308\" data-end=\"1327\">Sp\u00e9cifications :<\/strong><\/h3>\n<ul data-start=\"1329\" data-end=\"1599\">\n<li class=\"\" data-start=\"1329\" data-end=\"1365\">\n<p class=\"\" data-start=\"1331\" data-end=\"1365\"><strong data-start=\"1331\" data-end=\"1350\">Type de connecteur :<\/strong> USB 3.0 Type-A<\/p>\n<\/li>\n<li class=\"\" data-start=\"1366\" data-end=\"1424\">\n<p class=\"\" data-start=\"1368\" data-end=\"1424\"><strong data-start=\"1368\" data-end=\"1388\">Cartes prises en charge :<\/strong> CF, SD, microSD, MS, M2 et autres<\/p>\n<\/li>\n<li class=\"\" data-start=\"1425\" data-end=\"1458\">\n<p class=\"\" data-start=\"1427\" data-end=\"1458\"><strong data-start=\"1427\" data-end=\"1446\">Vitesse de transfert :<\/strong> Jusqu'\u00e0 5 Gbps<\/p>\n<\/li>\n<li class=\"\" data-start=\"1459\" data-end=\"1502\">\n<p class=\"\" data-start=\"1461\" data-end=\"1502\"><strong data-start=\"1461\" data-end=\"1476\">Dimensions :<\/strong> Compact et facile \u00e0 ranger<\/p>\n<\/li>\n<li class=\"\" data-start=\"1503\" data-end=\"1534\">\n<p class=\"\" data-start=\"1505\" data-end=\"1534\"><strong data-start=\"1505\" data-end=\"1518\">Mat\u00e9riau :<\/strong> Plastique durable<\/p>\n<\/li>\n<li class=\"\" data-start=\"1535\" data-end=\"1599\">\n<p class=\"\" data-start=\"1537\" data-end=\"1599\"><strong data-start=\"1537\" data-end=\"1555\">Compatibilit\u00e9 :<\/strong> Windows (Vista, 7, 8, 10) et macOS (10.5+)<\/p>\n<\/li>\n<\/ul>\n<p class=\"\" data-start=\"1813\" data-end=\"2168\">Le lecteur de cartes USB 3.0 All in One de Delock est un accessoire essentiel pour les photographes, les vid\u00e9astes et les cr\u00e9ateurs de contenu qui ont besoin de transf\u00e9rer rapidement et efficacement des fichiers \u00e0 partir de diff\u00e9rentes cartes m\u00e9moire. Son transfert de donn\u00e9es \u00e0 grande vitesse, sa large compatibilit\u00e9 et son design portable en font une solution id\u00e9ale pour les professionnels en d\u00e9placement et les utilisateurs quotidiens.<\/p>\n<p>Louez-le maintenant sur <a href=\"https:\/\/www.cinesouk.ma\/fr\">CINESOUK<\/a> - une marque de <a href=\"https:\/\/www.broadway.ma\/\">BROADWAY PRODUCTIONS SARL.<\/a><\/p>","protected":false},"excerpt":{"rendered":"<p><strong>Sp\u00e9cifications<\/strong><\/p>\n<ul>\n<li class=\"\" data-start=\"1506\" data-end=\"1542\">\n<p class=\"\" data-start=\"1508\" data-end=\"1542\"><strong data-start=\"1508\" data-end=\"1527\">Type de connecteur :<\/strong> USB 3.0 Type-A<\/p>\n<\/li>\n<li class=\"\" data-start=\"1543\" data-end=\"1599\">\n<p class=\"\" data-start=\"1545\" data-end=\"1599\"><strong data-start=\"1545\" data-end=\"1565\">Cartes prises en charge :<\/strong> CF, SD, microSD, MS, M2 et autres<\/p>\n<\/li>\n<li class=\"\" data-start=\"1600\" data-end=\"1633\">\n<p class=\"\" data-start=\"1602\" data-end=\"1633\"><strong data-start=\"1602\" data-end=\"1621\">Vitesse de transfert :<\/strong> Jusqu'\u00e0 5 Gbps<\/p>\n<\/li>\n<li class=\"\" data-start=\"1634\" data-end=\"1682\">\n<p class=\"\" data-start=\"1636\" data-end=\"1682\"><strong data-start=\"1636\" data-end=\"1651\">Dimensions :<\/strong> Conception compacte pour la portabilit\u00e9<\/p>\n<\/li>\n<li class=\"\" data-start=\"1683\" data-end=\"1728\">\n<p class=\"\" data-start=\"1685\" data-end=\"1728\"><strong data-start=\"1685\" data-end=\"1698\">Mat\u00e9riau :<\/strong> Plastique durable de haute qualit\u00e9<\/p>\n<\/li>\n<li class=\"\" data-start=\"1729\" data-end=\"1790\">\n<p class=\"\" data-start=\"1731\" data-end=\"1790\"><strong data-start=\"1731\" data-end=\"1749\">Compatibilit\u00e9 :<\/strong> Windows (Vista, 7, 8, 10), macOS (10.5+)<\/p>\n<\/li>\n<\/ul>","protected":false},"featured_media":12384,"template":"","meta":{"om_disable_all_campaigns":false,"_monsterinsights_skip_tracking":false,"_monsterinsights_sitenote_active":false,"_monsterinsights_sitenote_note":"","_monsterinsights_sitenote_category":0,"_uf_show_specific_survey":0,"_uf_disable_surveys":false},"product_brand":[],"product_cat":[37,84],"product_tag":[],"class_list":{"0":"post-12373","1":"product","2":"type-product","3":"status-publish","4":"has-post-thumbnail","6":"product_cat-accessories-cinesouk","7":"product_cat-dit-cinesouk","9":"entry","10":"has-media","12":"first","13":"instock","14":"taxable","15":"shipping-taxable","16":"purchasable","17":"product-type-variable","18":"has-product-nav","19":"col","20":"span_1_of_3","21":"owp-content-center","22":"owp-thumbs-layout-horizontal","23":"owp-btn-normal","24":"owp-tabs-layout-horizontal","25":"has-no-thumbnails"},"yoast_head":"<!-- This site is optimized with the Yoast SEO Premium plugin v26.0 (Yoast SEO v26.0) - https:\/\/yoast.com\/wordpress\/plugins\/seo\/ -->\n<title>Delock USB 3.0 Card Reader All in One \u2013 SD\/CF\/MS - CineSouk - For rent<\/title>\n<meta name=\"description\" content=\"The Delock USB 3.0 Card Reader All in One offers fast data transfer and broad compatibility with various memory cards, making it the ideal tool for photographers and videographers on the go.\" \/>\n<meta name=\"robots\" content=\"index, follow, max-snippet:-1, max-image-preview:large, max-video-preview:-1\" \/>\n<link rel=\"canonical\" href=\"https:\/\/www.cinesouk.ma\/fr\/produit\/delock-usb-3-0-card-reader-all-in-one\/\" \/>\n<meta property=\"og:locale\" content=\"fr_FR\" \/>\n<meta property=\"og:type\" content=\"article\" \/>\n<meta property=\"og:title\" content=\"Delock USB 3.0 Card Reader All in One \u2013 SD\/CF\/MS\" \/>\n<meta property=\"og:description\" content=\"The Delock USB 3.0 Card Reader All in One offers fast data transfer and broad compatibility with various memory cards, making it the ideal tool for photographers and videographers on the go.\" \/>\n<meta property=\"og:url\" content=\"https:\/\/www.cinesouk.ma\/fr\/produit\/delock-usb-3-0-card-reader-all-in-one\/\" \/>\n<meta property=\"og:site_name\" content=\"CineSouk\" \/>\n<meta property=\"article:modified_time\" content=\"2025-05-27T10:10:57+00:00\" \/>\n<meta property=\"og:image\" content=\"https:\/\/www.cinesouk.ma\/wp-content\/uploads\/2025\/04\/DELOCK-USB-3.0-Card-Reader-all-in-one.jpg\" \/>\n\t<meta property=\"og:image:width\" content=\"300\" \/>\n\t<meta property=\"og:image:height\" content=\"238\" \/>\n\t<meta property=\"og:image:type\" content=\"image\/jpeg\" \/>\n<meta name=\"twitter:card\" content=\"summary_large_image\" \/>\n<meta name=\"twitter:description\" content=\"The Delock USB 3.0 Card Reader All in One offers fast data transfer and broad compatibility with various memory cards, making it the ideal tool for photographers and videographers on the go.\" \/>\n<meta name=\"twitter:label1\" content=\"Dur\u00e9e de lecture estim\u00e9e\" \/>\n\t<meta name=\"twitter:data1\" content=\"2 minutes\" \/>\n<script type=\"application\/ld+json\" class=\"yoast-schema-graph\">{\"@context\":\"https:\/\/schema.org\",\"@graph\":[{\"@type\":\"WebPage\",\"@id\":\"https:\/\/www.cinesouk.ma\/product\/delock-usb-3-0-card-reader-all-in-one\/\",\"url\":\"https:\/\/www.cinesouk.ma\/product\/delock-usb-3-0-card-reader-all-in-one\/\",\"name\":\"Delock USB 3.0 Card Reader All in One \u2013 SD\/CF\/MS - CineSouk - For rent\",\"isPartOf\":{\"@id\":\"https:\/\/www.cinesouk.ma\/#website\"},\"primaryImageOfPage\":{\"@id\":\"https:\/\/www.cinesouk.ma\/product\/delock-usb-3-0-card-reader-all-in-one\/#primaryimage\"},\"image\":{\"@id\":\"https:\/\/www.cinesouk.ma\/product\/delock-usb-3-0-card-reader-all-in-one\/#primaryimage\"},\"thumbnailUrl\":\"https:\/\/www.cinesouk.ma\/wp-content\/uploads\/2025\/04\/DELOCK-USB-3.0-Card-Reader-all-in-one.jpg\",\"datePublished\":\"2025-04-21T14:58:02+00:00\",\"dateModified\":\"2025-05-27T10:10:57+00:00\",\"description\":\"The Delock USB 3.0 Card Reader All in One offers fast data transfer and broad compatibility with various memory cards, making it the ideal tool for photographers and videographers on the go.\",\"breadcrumb\":{\"@id\":\"https:\/\/www.cinesouk.ma\/product\/delock-usb-3-0-card-reader-all-in-one\/#breadcrumb\"},\"inLanguage\":\"fr-FR\",\"potentialAction\":[{\"@type\":\"ReadAction\",\"target\":[\"https:\/\/www.cinesouk.ma\/product\/delock-usb-3-0-card-reader-all-in-one\/\"]}]},{\"@type\":\"ImageObject\",\"inLanguage\":\"fr-FR\",\"@id\":\"https:\/\/www.cinesouk.ma\/product\/delock-usb-3-0-card-reader-all-in-one\/#primaryimage\",\"url\":\"https:\/\/www.cinesouk.ma\/wp-content\/uploads\/2025\/04\/DELOCK-USB-3.0-Card-Reader-all-in-one.jpg\",\"contentUrl\":\"https:\/\/www.cinesouk.ma\/wp-content\/uploads\/2025\/04\/DELOCK-USB-3.0-Card-Reader-all-in-one.jpg\",\"width\":300,\"height\":238,\"caption\":\"DELOCK USB 3.0 Card Reader all in one\"},{\"@type\":\"BreadcrumbList\",\"@id\":\"https:\/\/www.cinesouk.ma\/product\/delock-usb-3-0-card-reader-all-in-one\/#breadcrumb\",\"itemListElement\":[{\"@type\":\"ListItem\",\"position\":1,\"name\":\"Home\",\"item\":\"https:\/\/www.cinesouk.ma\/\"},{\"@type\":\"ListItem\",\"position\":2,\"name\":\"Shop\",\"item\":\"https:\/\/www.cinesouk.ma\/shop\/\"},{\"@type\":\"ListItem\",\"position\":3,\"name\":\"Delock USB 3.0 Card Reader All in One \u2013 SD\/CF\/MS\"}]},{\"@type\":\"WebSite\",\"@id\":\"https:\/\/www.cinesouk.ma\/#website\",\"url\":\"https:\/\/www.cinesouk.ma\/\",\"name\":\"CineSouk\",\"description\":\"\",\"publisher\":{\"@id\":\"https:\/\/www.cinesouk.ma\/#organization\"},\"potentialAction\":[{\"@type\":\"SearchAction\",\"target\":{\"@type\":\"EntryPoint\",\"urlTemplate\":\"https:\/\/www.cinesouk.ma\/?s={search_term_string}\"},\"query-input\":{\"@type\":\"PropertyValueSpecification\",\"valueRequired\":true,\"valueName\":\"search_term_string\"}}],\"inLanguage\":\"fr-FR\"},{\"@type\":\"Organization\",\"@id\":\"https:\/\/www.cinesouk.ma\/#organization\",\"name\":\"CineSouk\",\"url\":\"https:\/\/www.cinesouk.ma\/\",\"logo\":{\"@type\":\"ImageObject\",\"inLanguage\":\"fr-FR\",\"@id\":\"https:\/\/www.cinesouk.ma\/#\/schema\/logo\/image\/\",\"url\":\"https:\/\/www.cinesouk.ma\/wp-content\/uploads\/2024\/01\/CineSouk-logo-v01-alpha-alligned-left.png\",\"contentUrl\":\"https:\/\/www.cinesouk.ma\/wp-content\/uploads\/2024\/01\/CineSouk-logo-v01-alpha-alligned-left.png\",\"width\":3204,\"height\":889,\"caption\":\"CineSouk\"},\"image\":{\"@id\":\"https:\/\/www.cinesouk.ma\/#\/schema\/logo\/image\/\"}}]}<\/script>\n<!-- \/ Yoast SEO Premium plugin. -->","yoast_head_json":{"title":"Delock USB 3.0 Card Reader All in One \u2013 SD\/CF\/MS - CineSouk - For rent","description":"The Delock USB 3.0 Card Reader All in One offers fast data transfer and broad compatibility with various memory cards, making it the ideal tool for photographers and videographers on the go.","robots":{"index":"index","follow":"follow","max-snippet":"max-snippet:-1","max-image-preview":"max-image-preview:large","max-video-preview":"max-video-preview:-1"},"canonical":"https:\/\/www.cinesouk.ma\/fr\/produit\/delock-usb-3-0-card-reader-all-in-one\/","og_locale":"fr_FR","og_type":"article","og_title":"Delock USB 3.0 Card Reader All in One \u2013 SD\/CF\/MS","og_description":"The Delock USB 3.0 Card Reader All in One offers fast data transfer and broad compatibility with various memory cards, making it the ideal tool for photographers and videographers on the go.","og_url":"https:\/\/www.cinesouk.ma\/fr\/produit\/delock-usb-3-0-card-reader-all-in-one\/","og_site_name":"CineSouk","article_modified_time":"2025-05-27T10:10:57+00:00","og_image":[{"width":300,"height":238,"url":"https:\/\/www.cinesouk.ma\/wp-content\/uploads\/2025\/04\/DELOCK-USB-3.0-Card-Reader-all-in-one.jpg","type":"image\/jpeg"}],"twitter_card":"summary_large_image","twitter_description":"The Delock USB 3.0 Card Reader All in One offers fast data transfer and broad compatibility with various memory cards, making it the ideal tool for photographers and videographers on the go.","twitter_misc":{"Dur\u00e9e de lecture estim\u00e9e":"2 minutes"},"schema":{"@context":"https:\/\/schema.org","@graph":[{"@type":"WebPage","@id":"https:\/\/www.cinesouk.ma\/product\/delock-usb-3-0-card-reader-all-in-one\/","url":"https:\/\/www.cinesouk.ma\/product\/delock-usb-3-0-card-reader-all-in-one\/","name":"Delock USB 3.0 Card Reader All in One \u2013 SD\/CF\/MS - CineSouk - For rent","isPartOf":{"@id":"https:\/\/www.cinesouk.ma\/#website"},"primaryImageOfPage":{"@id":"https:\/\/www.cinesouk.ma\/product\/delock-usb-3-0-card-reader-all-in-one\/#primaryimage"},"image":{"@id":"https:\/\/www.cinesouk.ma\/product\/delock-usb-3-0-card-reader-all-in-one\/#primaryimage"},"thumbnailUrl":"https:\/\/www.cinesouk.ma\/wp-content\/uploads\/2025\/04\/DELOCK-USB-3.0-Card-Reader-all-in-one.jpg","datePublished":"2025-04-21T14:58:02+00:00","dateModified":"2025-05-27T10:10:57+00:00","description":"The Delock USB 3.0 Card Reader All in One offers fast data transfer and broad compatibility with various memory cards, making it the ideal tool for photographers and videographers on the go.","breadcrumb":{"@id":"https:\/\/www.cinesouk.ma\/product\/delock-usb-3-0-card-reader-all-in-one\/#breadcrumb"},"inLanguage":"fr-FR","potentialAction":[{"@type":"ReadAction","target":["https:\/\/www.cinesouk.ma\/product\/delock-usb-3-0-card-reader-all-in-one\/"]}]},{"@type":"ImageObject","inLanguage":"fr-FR","@id":"https:\/\/www.cinesouk.ma\/product\/delock-usb-3-0-card-reader-all-in-one\/#primaryimage","url":"https:\/\/www.cinesouk.ma\/wp-content\/uploads\/2025\/04\/DELOCK-USB-3.0-Card-Reader-all-in-one.jpg","contentUrl":"https:\/\/www.cinesouk.ma\/wp-content\/uploads\/2025\/04\/DELOCK-USB-3.0-Card-Reader-all-in-one.jpg","width":300,"height":238,"caption":"DELOCK USB 3.0 Card Reader all in one"},{"@type":"BreadcrumbList","@id":"https:\/\/www.cinesouk.ma\/product\/delock-usb-3-0-card-reader-all-in-one\/#breadcrumb","itemListElement":[{"@type":"ListItem","position":1,"name":"Home","item":"https:\/\/www.cinesouk.ma\/"},{"@type":"ListItem","position":2,"name":"Shop","item":"https:\/\/www.cinesouk.ma\/shop\/"},{"@type":"ListItem","position":3,"name":"Delock USB 3.0 Card Reader All in One \u2013 SD\/CF\/MS"}]},{"@type":"WebSite","@id":"https:\/\/www.cinesouk.ma\/#website","url":"https:\/\/www.cinesouk.ma\/","name":"CineSouk","description":"","publisher":{"@id":"https:\/\/www.cinesouk.ma\/#organization"},"potentialAction":[{"@type":"SearchAction","target":{"@type":"EntryPoint","urlTemplate":"https:\/\/www.cinesouk.ma\/?s={search_term_string}"},"query-input":{"@type":"PropertyValueSpecification","valueRequired":true,"valueName":"search_term_string"}}],"inLanguage":"fr-FR"},{"@type":"Organization","@id":"https:\/\/www.cinesouk.ma\/#organization","name":"CineSouk","url":"https:\/\/www.cinesouk.ma\/","logo":{"@type":"ImageObject","inLanguage":"fr-FR","@id":"https:\/\/www.cinesouk.ma\/#\/schema\/logo\/image\/","url":"https:\/\/www.cinesouk.ma\/wp-content\/uploads\/2024\/01\/CineSouk-logo-v01-alpha-alligned-left.png","contentUrl":"https:\/\/www.cinesouk.ma\/wp-content\/uploads\/2024\/01\/CineSouk-logo-v01-alpha-alligned-left.png","width":3204,"height":889,"caption":"CineSouk"},"image":{"@id":"https:\/\/www.cinesouk.ma\/#\/schema\/logo\/image\/"}}]}},"_links":{"self":[{"href":"https:\/\/www.cinesouk.ma\/fr\/wp-json\/wp\/v2\/product\/12373","targetHints":{"allow":["GET"]}}],"collection":[{"href":"https:\/\/www.cinesouk.ma\/fr\/wp-json\/wp\/v2\/product"}],"about":[{"href":"https:\/\/www.cinesouk.ma\/fr\/wp-json\/wp\/v2\/types\/product"}],"wp:featuredmedia":[{"embeddable":true,"href":"https:\/\/www.cinesouk.ma\/fr\/wp-json\/wp\/v2\/media\/12384"}],"wp:attachment":[{"href":"https:\/\/www.cinesouk.ma\/fr\/wp-json\/wp\/v2\/media?parent=12373"}],"wp:term":[{"taxonomy":"product_brand","embeddable":true,"href":"https:\/\/www.cinesouk.ma\/fr\/wp-json\/wp\/v2\/product_brand?post=12373"},{"taxonomy":"product_cat","embeddable":true,"href":"https:\/\/www.cinesouk.ma\/fr\/wp-json\/wp\/v2\/product_cat?post=12373"},{"taxonomy":"product_tag","embeddable":true,"href":"https:\/\/www.cinesouk.ma\/fr\/wp-json\/wp\/v2\/product_tag?post=12373"}],"curies":[{"name":"wp","href":"https:\/\/api.w.org\/{rel}","templated":true}]}}