{"id":12385,"date":"2025-04-21T15:10:55","date_gmt":"2025-04-21T15:10:55","guid":{"rendered":"https:\/\/www.cinesouk.ma\/?post_type=product&#038;p=12385"},"modified":"2025-05-27T10:10:40","modified_gmt":"2025-05-27T10:10:40","slug":"delock-usb-3-0-to-cfast-card-reader","status":"publish","type":"product","link":"https:\/\/www.cinesouk.ma\/fr\/produit\/delock-usb-3-0-to-cfast-card-reader\/","title":{"rendered":"Delock Lecteur de cartes USB 3.0 vers CFast - USB 3.0"},"content":{"rendered":"<p class=\"\" data-start=\"117\" data-end=\"466\">Le Delock USB 3.0 to CFast Card Reader est un outil fiable et efficace con\u00e7u pour lire les cartes m\u00e9moire CFast via une connexion USB 3.0. Parfait pour les photographes, les vid\u00e9astes et les cr\u00e9ateurs de contenu, ce lecteur permet un acc\u00e8s rapide et pratique aux donn\u00e9es de votre carte CFast, am\u00e9liorant ainsi l'efficacit\u00e9 du flux de travail, en particulier lors de la manipulation de fichiers vid\u00e9o volumineux.<\/p>\n<p class=\"\" data-start=\"468\" data-end=\"826\">Ce lecteur prend en charge le transfert de donn\u00e9es \u00e0 grande vitesse, ce qui en fait un outil essentiel pour les utilisateurs qui ont besoin d'acc\u00e9der \u00e0 des fichiers de grande capacit\u00e9 stock\u00e9s sur des cartes CFast. Il offre une fonctionnalit\u00e9 plug-and-play, de sorte qu'aucun pilote suppl\u00e9mentaire n'est n\u00e9cessaire. En outre, sa conception compacte et durable garantit sa portabilit\u00e9, ce qui en fait l'outil id\u00e9al pour une utilisation mobile en studio et sur le terrain.<\/p>\n<h3 class=\"\" data-start=\"828\" data-end=\"849\"><strong data-start=\"832\" data-end=\"849\">Caract\u00e9ristiques principales :<\/strong><\/h3>\n<ul data-start=\"851\" data-end=\"1248\">\n<li class=\"\" data-start=\"851\" data-end=\"933\">\n<p class=\"\" data-start=\"853\" data-end=\"933\"><strong data-start=\"853\" data-end=\"878\">USB 3.0 Connectivit\u00e9 :<\/strong> Permet un transfert rapide des donn\u00e9es pour un acc\u00e8s rapide aux fichiers.<\/p>\n<\/li>\n<li class=\"\" data-start=\"934\" data-end=\"1007\">\n<p class=\"\" data-start=\"936\" data-end=\"1007\"><strong data-start=\"936\" data-end=\"959\">Large compatibilit\u00e9 :<\/strong> Compatible avec les cartes m\u00e9moire CFast 1.0 et 2.0.<\/p>\n<\/li>\n<li class=\"\" data-start=\"1008\" data-end=\"1084\">\n<p class=\"\" data-start=\"1010\" data-end=\"1084\"><strong data-start=\"1010\" data-end=\"1028\">Plug-and-Play :<\/strong> Aucun pilote suppl\u00e9mentaire n'est n\u00e9cessaire ; il suffit de le brancher et de l'utiliser.<\/p>\n<\/li>\n<li class=\"\" data-start=\"1085\" data-end=\"1161\">\n<p class=\"\" data-start=\"1087\" data-end=\"1161\"><strong data-start=\"1087\" data-end=\"1112\">Compact et portable :<\/strong> Petit et l\u00e9ger, parfait pour une utilisation portable.<\/p>\n<\/li>\n<li class=\"\" data-start=\"1162\" data-end=\"1248\">\n<p class=\"\" data-start=\"1164\" data-end=\"1248\"><strong data-start=\"1164\" data-end=\"1189\">Construction durable :<\/strong> Con\u00e7u pour r\u00e9sister \u00e0 une utilisation quotidienne dans des environnements professionnels.<\/p>\n<\/li>\n<\/ul>\n<h3 class=\"\" data-start=\"1250\" data-end=\"1273\"><strong data-start=\"1254\" data-end=\"1273\">Sp\u00e9cifications :<\/strong><\/h3>\n<ul data-start=\"1275\" data-end=\"1599\">\n<li class=\"\" data-start=\"1275\" data-end=\"1330\">\n<p class=\"\" data-start=\"1277\" data-end=\"1330\"><strong data-start=\"1277\" data-end=\"1296\">Type de connecteur :<\/strong> USB 3.0 Type-A vers emplacement pour carte CFast<\/p>\n<\/li>\n<li class=\"\" data-start=\"1331\" data-end=\"1369\">\n<p class=\"\" data-start=\"1333\" data-end=\"1369\"><strong data-start=\"1333\" data-end=\"1357\">Vitesse de transfert des donn\u00e9es :<\/strong> Jusqu'\u00e0 5 Gbps<\/p>\n<\/li>\n<li class=\"\" data-start=\"1370\" data-end=\"1417\">\n<p class=\"\" data-start=\"1372\" data-end=\"1417\"><strong data-start=\"1372\" data-end=\"1387\">Dimensions :<\/strong> Environ 58,1 x 50,7 x 10,3 mm<\/p>\n<\/li>\n<li class=\"\" data-start=\"1418\" data-end=\"1463\">\n<p class=\"\" data-start=\"1420\" data-end=\"1463\"><strong data-start=\"1420\" data-end=\"1433\">Mat\u00e9riau :<\/strong> Plastique durable de haute qualit\u00e9<\/p>\n<\/li>\n<li class=\"\" data-start=\"1464\" data-end=\"1535\">\n<p class=\"\" data-start=\"1466\" data-end=\"1535\"><strong data-start=\"1466\" data-end=\"1484\">Compatibilit\u00e9 :<\/strong> Windows 7\/8.1\/10, macOS 10.7+, Linux (noyau 2.6+)<\/p>\n<\/li>\n<\/ul>\n<p class=\"\" data-start=\"1622\" data-end=\"1887\">Le lecteur de cartes CFast Delock USB 3.0 est un outil indispensable pour les professionnels qui utilisent des cartes m\u00e9moire CFast. Ses performances \u00e0 grande vitesse, sa fonction plug-and-play facile \u00e0 utiliser et son design compact en font un choix fiable et portable pour un transfert de donn\u00e9es en toute transparence.<\/p>\n<p>Louez-le maintenant sur <a href=\"https:\/\/www.cinesouk.ma\/fr\">CINESOUK<\/a> - une marque de <a href=\"https:\/\/www.broadway.ma\/\">BROADWAY PRODUCTIONS SARL.<\/a><\/p>","protected":false},"excerpt":{"rendered":"<p><strong>Sp\u00e9cifications<\/strong><\/p>\n<ul>\n<li class=\"\" data-start=\"1275\" data-end=\"1330\">\n<p class=\"\" data-start=\"1277\" data-end=\"1330\"><strong data-start=\"1277\" data-end=\"1296\">Type de connecteur :<\/strong> USB 3.0 Type-A vers emplacement pour carte CFast<\/p>\n<\/li>\n<li class=\"\" data-start=\"1331\" data-end=\"1369\">\n<p class=\"\" data-start=\"1333\" data-end=\"1369\"><strong data-start=\"1333\" data-end=\"1357\">Vitesse de transfert des donn\u00e9es :<\/strong> Jusqu'\u00e0 5 Gbps<\/p>\n<\/li>\n<li class=\"\" data-start=\"1370\" data-end=\"1417\">\n<p class=\"\" data-start=\"1372\" data-end=\"1417\"><strong data-start=\"1372\" data-end=\"1387\">Dimensions :<\/strong> Environ 58,1 x 50,7 x 10,3 mm<\/p>\n<\/li>\n<li class=\"\" data-start=\"1418\" data-end=\"1463\">\n<p class=\"\" data-start=\"1420\" data-end=\"1463\"><strong data-start=\"1420\" data-end=\"1433\">Mat\u00e9riau :<\/strong> Plastique durable de haute qualit\u00e9<\/p>\n<\/li>\n<li class=\"\" data-start=\"1464\" data-end=\"1535\">\n<p class=\"\" data-start=\"1466\" data-end=\"1535\"><strong data-start=\"1466\" data-end=\"1484\">Compatibilit\u00e9 :<\/strong> Windows 7\/8.1\/10, macOS 10.7+, Linux (noyau 2.6+)<\/p>\n<\/li>\n<\/ul>","protected":false},"featured_media":12396,"template":"","meta":{"om_disable_all_campaigns":false,"_monsterinsights_skip_tracking":false,"_monsterinsights_sitenote_active":false,"_monsterinsights_sitenote_note":"","_monsterinsights_sitenote_category":0,"_uf_show_specific_survey":0,"_uf_disable_surveys":false},"product_brand":[],"product_cat":[37,84],"product_tag":[],"class_list":{"0":"post-12385","1":"product","2":"type-product","3":"status-publish","4":"has-post-thumbnail","6":"product_cat-accessories-cinesouk","7":"product_cat-dit-cinesouk","9":"entry","10":"has-media","12":"first","13":"instock","14":"taxable","15":"shipping-taxable","16":"purchasable","17":"product-type-variable","18":"has-product-nav","19":"col","20":"span_1_of_3","21":"owp-content-center","22":"owp-thumbs-layout-horizontal","23":"owp-btn-normal","24":"owp-tabs-layout-horizontal","25":"has-no-thumbnails"},"yoast_head":"<!-- This site is optimized with the Yoast SEO Premium plugin v26.0 (Yoast SEO v26.0) - https:\/\/yoast.com\/wordpress\/plugins\/seo\/ -->\n<title>Delock USB 3.0 to CFast Card Reader \u2013 USB 3.0 - CineSouk - For rent<\/title>\n<meta name=\"description\" content=\"The Delock USB 3.0 to CFast Card Reader provides fast and reliable data transfer from CFast cards via USB 3.0. Ideal for photographers and videographers, it&#039;s compact, durable, and easy to use.\" \/>\n<meta name=\"robots\" content=\"index, follow, max-snippet:-1, max-image-preview:large, max-video-preview:-1\" \/>\n<link rel=\"canonical\" href=\"https:\/\/www.cinesouk.ma\/fr\/produit\/delock-usb-3-0-to-cfast-card-reader\/\" \/>\n<meta property=\"og:locale\" content=\"fr_FR\" \/>\n<meta property=\"og:type\" content=\"article\" \/>\n<meta property=\"og:title\" content=\"Delock USB 3.0 to CFast Card Reader \u2013 USB 3.0\" \/>\n<meta property=\"og:description\" content=\"The Delock USB 3.0 to CFast Card Reader provides fast and reliable data transfer from CFast cards via USB 3.0. Ideal for photographers and videographers, it&#039;s compact, durable, and easy to use.\" \/>\n<meta property=\"og:url\" content=\"https:\/\/www.cinesouk.ma\/fr\/produit\/delock-usb-3-0-to-cfast-card-reader\/\" \/>\n<meta property=\"og:site_name\" content=\"CineSouk\" \/>\n<meta property=\"article:modified_time\" content=\"2025-05-27T10:10:40+00:00\" \/>\n<meta property=\"og:image\" content=\"https:\/\/www.cinesouk.ma\/wp-content\/uploads\/2025\/04\/delock-reader-usb-3.0-to-CFast-.jpg\" \/>\n\t<meta property=\"og:image:width\" content=\"300\" \/>\n\t<meta property=\"og:image:height\" content=\"238\" \/>\n\t<meta property=\"og:image:type\" content=\"image\/jpeg\" \/>\n<meta name=\"twitter:card\" content=\"summary_large_image\" \/>\n<meta name=\"twitter:description\" content=\"The Delock USB 3.0 to CFast Card Reader provides fast and reliable data transfer from CFast cards via USB 3.0. Ideal for photographers and videographers, it&#039;s compact, durable, and easy to use.\" \/>\n<meta name=\"twitter:label1\" content=\"Dur\u00e9e de lecture estim\u00e9e\" \/>\n\t<meta name=\"twitter:data1\" content=\"2 minutes\" \/>\n<script type=\"application\/ld+json\" class=\"yoast-schema-graph\">{\"@context\":\"https:\/\/schema.org\",\"@graph\":[{\"@type\":\"WebPage\",\"@id\":\"https:\/\/www.cinesouk.ma\/product\/delock-usb-3-0-to-cfast-card-reader\/\",\"url\":\"https:\/\/www.cinesouk.ma\/product\/delock-usb-3-0-to-cfast-card-reader\/\",\"name\":\"Delock USB 3.0 to CFast Card Reader \u2013 USB 3.0 - CineSouk - For rent\",\"isPartOf\":{\"@id\":\"https:\/\/www.cinesouk.ma\/#website\"},\"primaryImageOfPage\":{\"@id\":\"https:\/\/www.cinesouk.ma\/product\/delock-usb-3-0-to-cfast-card-reader\/#primaryimage\"},\"image\":{\"@id\":\"https:\/\/www.cinesouk.ma\/product\/delock-usb-3-0-to-cfast-card-reader\/#primaryimage\"},\"thumbnailUrl\":\"https:\/\/www.cinesouk.ma\/wp-content\/uploads\/2025\/04\/delock-reader-usb-3.0-to-CFast-.jpg\",\"datePublished\":\"2025-04-21T15:10:55+00:00\",\"dateModified\":\"2025-05-27T10:10:40+00:00\",\"description\":\"The Delock USB 3.0 to CFast Card Reader provides fast and reliable data transfer from CFast cards via USB 3.0. Ideal for photographers and videographers, it's compact, durable, and easy to use.\",\"breadcrumb\":{\"@id\":\"https:\/\/www.cinesouk.ma\/product\/delock-usb-3-0-to-cfast-card-reader\/#breadcrumb\"},\"inLanguage\":\"fr-FR\",\"potentialAction\":[{\"@type\":\"ReadAction\",\"target\":[\"https:\/\/www.cinesouk.ma\/product\/delock-usb-3-0-to-cfast-card-reader\/\"]}]},{\"@type\":\"ImageObject\",\"inLanguage\":\"fr-FR\",\"@id\":\"https:\/\/www.cinesouk.ma\/product\/delock-usb-3-0-to-cfast-card-reader\/#primaryimage\",\"url\":\"https:\/\/www.cinesouk.ma\/wp-content\/uploads\/2025\/04\/delock-reader-usb-3.0-to-CFast-.jpg\",\"contentUrl\":\"https:\/\/www.cinesouk.ma\/wp-content\/uploads\/2025\/04\/delock-reader-usb-3.0-to-CFast-.jpg\",\"width\":300,\"height\":238,\"caption\":\"delock reader usb 3.0 to CFast\u00a0\"},{\"@type\":\"BreadcrumbList\",\"@id\":\"https:\/\/www.cinesouk.ma\/product\/delock-usb-3-0-to-cfast-card-reader\/#breadcrumb\",\"itemListElement\":[{\"@type\":\"ListItem\",\"position\":1,\"name\":\"Home\",\"item\":\"https:\/\/www.cinesouk.ma\/\"},{\"@type\":\"ListItem\",\"position\":2,\"name\":\"Shop\",\"item\":\"https:\/\/www.cinesouk.ma\/shop\/\"},{\"@type\":\"ListItem\",\"position\":3,\"name\":\"Delock USB 3.0 to CFast Card Reader \u2013 USB 3.0\"}]},{\"@type\":\"WebSite\",\"@id\":\"https:\/\/www.cinesouk.ma\/#website\",\"url\":\"https:\/\/www.cinesouk.ma\/\",\"name\":\"CineSouk\",\"description\":\"\",\"publisher\":{\"@id\":\"https:\/\/www.cinesouk.ma\/#organization\"},\"potentialAction\":[{\"@type\":\"SearchAction\",\"target\":{\"@type\":\"EntryPoint\",\"urlTemplate\":\"https:\/\/www.cinesouk.ma\/?s={search_term_string}\"},\"query-input\":{\"@type\":\"PropertyValueSpecification\",\"valueRequired\":true,\"valueName\":\"search_term_string\"}}],\"inLanguage\":\"fr-FR\"},{\"@type\":\"Organization\",\"@id\":\"https:\/\/www.cinesouk.ma\/#organization\",\"name\":\"CineSouk\",\"url\":\"https:\/\/www.cinesouk.ma\/\",\"logo\":{\"@type\":\"ImageObject\",\"inLanguage\":\"fr-FR\",\"@id\":\"https:\/\/www.cinesouk.ma\/#\/schema\/logo\/image\/\",\"url\":\"https:\/\/www.cinesouk.ma\/wp-content\/uploads\/2024\/01\/CineSouk-logo-v01-alpha-alligned-left.png\",\"contentUrl\":\"https:\/\/www.cinesouk.ma\/wp-content\/uploads\/2024\/01\/CineSouk-logo-v01-alpha-alligned-left.png\",\"width\":3204,\"height\":889,\"caption\":\"CineSouk\"},\"image\":{\"@id\":\"https:\/\/www.cinesouk.ma\/#\/schema\/logo\/image\/\"}}]}<\/script>\n<!-- \/ Yoast SEO Premium plugin. -->","yoast_head_json":{"title":"Delock USB 3.0 to CFast Card Reader \u2013 USB 3.0 - CineSouk - For rent","description":"The Delock USB 3.0 to CFast Card Reader provides fast and reliable data transfer from CFast cards via USB 3.0. Ideal for photographers and videographers, it's compact, durable, and easy to use.","robots":{"index":"index","follow":"follow","max-snippet":"max-snippet:-1","max-image-preview":"max-image-preview:large","max-video-preview":"max-video-preview:-1"},"canonical":"https:\/\/www.cinesouk.ma\/fr\/produit\/delock-usb-3-0-to-cfast-card-reader\/","og_locale":"fr_FR","og_type":"article","og_title":"Delock USB 3.0 to CFast Card Reader \u2013 USB 3.0","og_description":"The Delock USB 3.0 to CFast Card Reader provides fast and reliable data transfer from CFast cards via USB 3.0. Ideal for photographers and videographers, it's compact, durable, and easy to use.","og_url":"https:\/\/www.cinesouk.ma\/fr\/produit\/delock-usb-3-0-to-cfast-card-reader\/","og_site_name":"CineSouk","article_modified_time":"2025-05-27T10:10:40+00:00","og_image":[{"width":300,"height":238,"url":"https:\/\/www.cinesouk.ma\/wp-content\/uploads\/2025\/04\/delock-reader-usb-3.0-to-CFast-.jpg","type":"image\/jpeg"}],"twitter_card":"summary_large_image","twitter_description":"The Delock USB 3.0 to CFast Card Reader provides fast and reliable data transfer from CFast cards via USB 3.0. Ideal for photographers and videographers, it's compact, durable, and easy to use.","twitter_misc":{"Dur\u00e9e de lecture estim\u00e9e":"2 minutes"},"schema":{"@context":"https:\/\/schema.org","@graph":[{"@type":"WebPage","@id":"https:\/\/www.cinesouk.ma\/product\/delock-usb-3-0-to-cfast-card-reader\/","url":"https:\/\/www.cinesouk.ma\/product\/delock-usb-3-0-to-cfast-card-reader\/","name":"Delock USB 3.0 to CFast Card Reader \u2013 USB 3.0 - CineSouk - For rent","isPartOf":{"@id":"https:\/\/www.cinesouk.ma\/#website"},"primaryImageOfPage":{"@id":"https:\/\/www.cinesouk.ma\/product\/delock-usb-3-0-to-cfast-card-reader\/#primaryimage"},"image":{"@id":"https:\/\/www.cinesouk.ma\/product\/delock-usb-3-0-to-cfast-card-reader\/#primaryimage"},"thumbnailUrl":"https:\/\/www.cinesouk.ma\/wp-content\/uploads\/2025\/04\/delock-reader-usb-3.0-to-CFast-.jpg","datePublished":"2025-04-21T15:10:55+00:00","dateModified":"2025-05-27T10:10:40+00:00","description":"The Delock USB 3.0 to CFast Card Reader provides fast and reliable data transfer from CFast cards via USB 3.0. Ideal for photographers and videographers, it's compact, durable, and easy to use.","breadcrumb":{"@id":"https:\/\/www.cinesouk.ma\/product\/delock-usb-3-0-to-cfast-card-reader\/#breadcrumb"},"inLanguage":"fr-FR","potentialAction":[{"@type":"ReadAction","target":["https:\/\/www.cinesouk.ma\/product\/delock-usb-3-0-to-cfast-card-reader\/"]}]},{"@type":"ImageObject","inLanguage":"fr-FR","@id":"https:\/\/www.cinesouk.ma\/product\/delock-usb-3-0-to-cfast-card-reader\/#primaryimage","url":"https:\/\/www.cinesouk.ma\/wp-content\/uploads\/2025\/04\/delock-reader-usb-3.0-to-CFast-.jpg","contentUrl":"https:\/\/www.cinesouk.ma\/wp-content\/uploads\/2025\/04\/delock-reader-usb-3.0-to-CFast-.jpg","width":300,"height":238,"caption":"delock reader usb 3.0 to CFast\u00a0"},{"@type":"BreadcrumbList","@id":"https:\/\/www.cinesouk.ma\/product\/delock-usb-3-0-to-cfast-card-reader\/#breadcrumb","itemListElement":[{"@type":"ListItem","position":1,"name":"Home","item":"https:\/\/www.cinesouk.ma\/"},{"@type":"ListItem","position":2,"name":"Shop","item":"https:\/\/www.cinesouk.ma\/shop\/"},{"@type":"ListItem","position":3,"name":"Delock USB 3.0 to CFast Card Reader \u2013 USB 3.0"}]},{"@type":"WebSite","@id":"https:\/\/www.cinesouk.ma\/#website","url":"https:\/\/www.cinesouk.ma\/","name":"CineSouk","description":"","publisher":{"@id":"https:\/\/www.cinesouk.ma\/#organization"},"potentialAction":[{"@type":"SearchAction","target":{"@type":"EntryPoint","urlTemplate":"https:\/\/www.cinesouk.ma\/?s={search_term_string}"},"query-input":{"@type":"PropertyValueSpecification","valueRequired":true,"valueName":"search_term_string"}}],"inLanguage":"fr-FR"},{"@type":"Organization","@id":"https:\/\/www.cinesouk.ma\/#organization","name":"CineSouk","url":"https:\/\/www.cinesouk.ma\/","logo":{"@type":"ImageObject","inLanguage":"fr-FR","@id":"https:\/\/www.cinesouk.ma\/#\/schema\/logo\/image\/","url":"https:\/\/www.cinesouk.ma\/wp-content\/uploads\/2024\/01\/CineSouk-logo-v01-alpha-alligned-left.png","contentUrl":"https:\/\/www.cinesouk.ma\/wp-content\/uploads\/2024\/01\/CineSouk-logo-v01-alpha-alligned-left.png","width":3204,"height":889,"caption":"CineSouk"},"image":{"@id":"https:\/\/www.cinesouk.ma\/#\/schema\/logo\/image\/"}}]}},"_links":{"self":[{"href":"https:\/\/www.cinesouk.ma\/fr\/wp-json\/wp\/v2\/product\/12385","targetHints":{"allow":["GET"]}}],"collection":[{"href":"https:\/\/www.cinesouk.ma\/fr\/wp-json\/wp\/v2\/product"}],"about":[{"href":"https:\/\/www.cinesouk.ma\/fr\/wp-json\/wp\/v2\/types\/product"}],"wp:featuredmedia":[{"embeddable":true,"href":"https:\/\/www.cinesouk.ma\/fr\/wp-json\/wp\/v2\/media\/12396"}],"wp:attachment":[{"href":"https:\/\/www.cinesouk.ma\/fr\/wp-json\/wp\/v2\/media?parent=12385"}],"wp:term":[{"taxonomy":"product_brand","embeddable":true,"href":"https:\/\/www.cinesouk.ma\/fr\/wp-json\/wp\/v2\/product_brand?post=12385"},{"taxonomy":"product_cat","embeddable":true,"href":"https:\/\/www.cinesouk.ma\/fr\/wp-json\/wp\/v2\/product_cat?post=12385"},{"taxonomy":"product_tag","embeddable":true,"href":"https:\/\/www.cinesouk.ma\/fr\/wp-json\/wp\/v2\/product_tag?post=12385"}],"curies":[{"name":"wp","href":"https:\/\/api.w.org\/{rel}","templated":true}]}}