{"id":12409,"date":"2025-04-21T15:31:07","date_gmt":"2025-04-21T15:31:07","guid":{"rendered":"https:\/\/www.cinesouk.ma\/?post_type=product&#038;p=12409"},"modified":"2025-08-16T12:18:31","modified_gmt":"2025-08-16T12:18:31","slug":"trust-compact-usb-card-reader","status":"publish","type":"product","link":"https:\/\/www.cinesouk.ma\/fr\/produit\/trust-compact-usb-card-reader\/","title":{"rendered":"Trust lecteur de cartes usb compact - SD\/microSD\/MS"},"content":{"rendered":"<p data-start=\"96\" data-end=\"402\">Le lecteur de cartes USB compact de Trust est un outil portable et efficace pour transf\u00e9rer des donn\u00e9es entre des cartes m\u00e9moire et votre ordinateur. Id\u00e9al pour les photographes, les vid\u00e9astes et les passionn\u00e9s de technologie, ce lecteur prend en charge une large gamme de cartes m\u00e9moire, offrant ainsi une grande flexibilit\u00e9 pour une utilisation professionnelle et personnelle.<\/p>\n<p data-start=\"404\" data-end=\"708\">Gr\u00e2ce \u00e0 sa connexion USB 2.0, le lecteur assure des vitesses de transfert de donn\u00e9es rapides pour des flux de travail efficaces. De plus, sa conception compacte le rend facile \u00e0 transporter, ce qui permet une utilisation pratique en d\u00e9placement. Gr\u00e2ce \u00e0 la fonctionnalit\u00e9 plug-and-play, vous pouvez commencer \u00e0 l'utiliser imm\u00e9diatement sans avoir besoin de pilotes suppl\u00e9mentaires.<\/p>\n<p data-start=\"710\" data-end=\"877\">Ce lecteur de cartes est con\u00e7u pour durer et offrir des performances fiables au fil du temps. Il s'agit donc d'un accessoire indispensable pour tous ceux qui travaillent fr\u00e9quemment avec des cartes m\u00e9moire.<\/p>\n<h3 data-start=\"879\" data-end=\"900\"><strong data-start=\"883\" data-end=\"900\">Caract\u00e9ristiques principales :<\/strong><\/h3>\n<ul data-start=\"902\" data-end=\"1281\">\n<li data-start=\"902\" data-end=\"978\">\n<p data-start=\"904\" data-end=\"978\"><strong data-start=\"904\" data-end=\"927\">Large compatibilit\u00e9 :<\/strong> Prend en charge les cartes SD, microSD et autres types de cartes m\u00e9moire.<\/p>\n<\/li>\n<li data-start=\"979\" data-end=\"1055\">\n<p data-start=\"981\" data-end=\"1055\"><strong data-start=\"981\" data-end=\"1004\">Transfert de donn\u00e9es rapide :<\/strong> Garantit des transferts de fichiers efficaces, ce qui vous fait gagner du temps.<\/p>\n<\/li>\n<li data-start=\"1056\" data-end=\"1129\">\n<p data-start=\"1058\" data-end=\"1129\"><strong data-start=\"1058\" data-end=\"1077\">Conception compacte :<\/strong> Petit et l\u00e9ger, il est facile \u00e0 transporter.<\/p>\n<\/li>\n<li data-start=\"1130\" data-end=\"1212\">\n<p data-start=\"1132\" data-end=\"1212\"><strong data-start=\"1132\" data-end=\"1150\">Plug-and-Play :<\/strong> Il suffit de le brancher pour commencer \u00e0 l'utiliser - aucune installation n'est n\u00e9cessaire.<\/p>\n<\/li>\n<li data-start=\"1213\" data-end=\"1281\">\n<p data-start=\"1215\" data-end=\"1281\"><strong data-start=\"1215\" data-end=\"1240\">Construction durable :<\/strong> Construit pour une utilisation et une fiabilit\u00e9 \u00e0 long terme.<\/p>\n<\/li>\n<\/ul>\n<h3 data-start=\"1283\" data-end=\"1306\"><strong data-start=\"1287\" data-end=\"1306\">Sp\u00e9cifications :<\/strong><\/h3>\n<ul data-start=\"1308\" data-end=\"1578\">\n<li data-start=\"1308\" data-end=\"1344\">\n<p data-start=\"1310\" data-end=\"1344\"><strong data-start=\"1310\" data-end=\"1329\">Type de connecteur :<\/strong> USB 2.0 Type-A<\/p>\n<\/li>\n<li data-start=\"1345\" data-end=\"1389\">\n<p data-start=\"1347\" data-end=\"1389\"><strong data-start=\"1347\" data-end=\"1367\">Cartes prises en charge :<\/strong> SD, microSD et autres<\/p>\n<\/li>\n<li data-start=\"1390\" data-end=\"1431\">\n<p data-start=\"1392\" data-end=\"1431\"><strong data-start=\"1392\" data-end=\"1416\">Vitesse de transfert des donn\u00e9es :<\/strong> Vitesses USB 2.0<\/p>\n<\/li>\n<li data-start=\"1432\" data-end=\"1470\">\n<p data-start=\"1434\" data-end=\"1470\"><strong data-start=\"1434\" data-end=\"1449\">Dimensions :<\/strong> Compact et portable<\/p>\n<\/li>\n<li data-start=\"1471\" data-end=\"1512\">\n<p data-start=\"1473\" data-end=\"1512\"><strong data-start=\"1473\" data-end=\"1484\">Poids :<\/strong> L\u00e9ger pour une utilisation ais\u00e9e<\/p>\n<\/li>\n<li data-start=\"1513\" data-end=\"1578\">\n<p data-start=\"1515\" data-end=\"1578\"><strong data-start=\"1515\" data-end=\"1533\">Compatibilit\u00e9 :<\/strong> Fonctionne avec les syst\u00e8mes Windows, macOS et Linux<\/p>\n<\/li>\n<\/ul>\n<p data-start=\"1601\" data-end=\"1837\">Le lecteur de cartes USB compact de Trust est un outil fiable et pratique pour transf\u00e9rer des donn\u00e9es \u00e0 partir de vos cartes m\u00e9moire. Sa large compatibilit\u00e9, son transfert de donn\u00e9es rapide et son design compact en font un outil parfait pour une utilisation professionnelle ou personnelle.<\/p>\n<p>Louez-le maintenant sur <a href=\"https:\/\/www.cinesouk.ma\/fr\">CINESOUK<\/a> - une marque de <a href=\"https:\/\/www.broadway.ma\/\">BROADWAY PRODUCTIONS SARL.<\/a><\/p>","protected":false},"excerpt":{"rendered":"<p><strong>Sp\u00e9cifications<\/strong><\/p>\n<ul>\n<li class=\"\" data-start=\"1308\" data-end=\"1344\">\n<p class=\"\" data-start=\"1310\" data-end=\"1344\"><strong data-start=\"1310\" data-end=\"1329\">Type de connecteur :<\/strong> USB 2.0 Type-A<\/p>\n<\/li>\n<li class=\"\" data-start=\"1345\" data-end=\"1389\">\n<p class=\"\" data-start=\"1347\" data-end=\"1389\"><strong data-start=\"1347\" data-end=\"1367\">Cartes prises en charge :<\/strong> SD, microSD et autres<\/p>\n<\/li>\n<li class=\"\" data-start=\"1390\" data-end=\"1431\">\n<p class=\"\" data-start=\"1392\" data-end=\"1431\"><strong data-start=\"1392\" data-end=\"1416\">Vitesse de transfert des donn\u00e9es :<\/strong> Vitesses USB 2.0<\/p>\n<\/li>\n<li class=\"\" data-start=\"1432\" data-end=\"1470\">\n<p class=\"\" data-start=\"1434\" data-end=\"1470\"><strong data-start=\"1434\" data-end=\"1449\">Dimensions :<\/strong> Compact et portable<\/p>\n<\/li>\n<li class=\"\" data-start=\"1471\" data-end=\"1512\">\n<p class=\"\" data-start=\"1473\" data-end=\"1512\"><strong data-start=\"1473\" data-end=\"1484\">Poids :<\/strong> L\u00e9ger pour une utilisation ais\u00e9e<\/p>\n<\/li>\n<li class=\"\" data-start=\"1513\" data-end=\"1578\">\n<p class=\"\" data-start=\"1515\" data-end=\"1578\"><strong data-start=\"1515\" data-end=\"1533\">Compatibilit\u00e9 :<\/strong> Fonctionne avec les syst\u00e8mes Windows, macOS et Linux<\/p>\n<\/li>\n<\/ul>","protected":false},"featured_media":12420,"template":"","meta":{"om_disable_all_campaigns":false,"_monsterinsights_skip_tracking":false,"_monsterinsights_sitenote_active":false,"_monsterinsights_sitenote_note":"","_monsterinsights_sitenote_category":0,"_uf_show_specific_survey":0,"_uf_disable_surveys":false},"product_brand":[],"product_cat":[37,84],"product_tag":[],"class_list":{"0":"post-12409","1":"product","2":"type-product","3":"status-publish","4":"has-post-thumbnail","6":"product_cat-accessories-cinesouk","7":"product_cat-dit-cinesouk","9":"entry","10":"has-media","12":"first","13":"instock","14":"taxable","15":"shipping-taxable","16":"purchasable","17":"product-type-variable","18":"has-product-nav","19":"col","20":"span_1_of_3","21":"owp-content-center","22":"owp-thumbs-layout-horizontal","23":"owp-btn-normal","24":"owp-tabs-layout-horizontal","25":"has-no-thumbnails"},"yoast_head":"<!-- This site is optimized with the Yoast SEO Premium plugin v26.0 (Yoast SEO v26.0) - https:\/\/yoast.com\/wordpress\/plugins\/seo\/ -->\n<title>Trust compact usb card reader \u2013 SD\/microSD\/MS - CineSouk - For rent<\/title>\n<meta name=\"description\" content=\"The Trust Compact USB Card Reader offers fast data transfer and broad compatibility with various memory cards. Compact, reliable, and perfect for professionals or personal use.\" \/>\n<meta name=\"robots\" content=\"index, follow, max-snippet:-1, max-image-preview:large, max-video-preview:-1\" \/>\n<link rel=\"canonical\" href=\"https:\/\/www.cinesouk.ma\/fr\/produit\/trust-compact-usb-card-reader\/\" \/>\n<meta property=\"og:locale\" content=\"fr_FR\" \/>\n<meta property=\"og:type\" content=\"article\" \/>\n<meta property=\"og:title\" content=\"Trust compact usb card reader \u2013 SD\/microSD\/MS\" \/>\n<meta property=\"og:description\" content=\"The Trust Compact USB Card Reader offers fast data transfer and broad compatibility with various memory cards. Compact, reliable, and perfect for professionals or personal use.\" \/>\n<meta property=\"og:url\" content=\"https:\/\/www.cinesouk.ma\/fr\/produit\/trust-compact-usb-card-reader\/\" \/>\n<meta property=\"og:site_name\" content=\"CineSouk\" \/>\n<meta property=\"article:modified_time\" content=\"2025-08-16T12:18:31+00:00\" \/>\n<meta property=\"og:image\" content=\"https:\/\/www.cinesouk.ma\/wp-content\/uploads\/2025\/04\/trust-compact-usb-card-reader.jpg\" \/>\n\t<meta property=\"og:image:width\" content=\"300\" \/>\n\t<meta property=\"og:image:height\" content=\"238\" \/>\n\t<meta property=\"og:image:type\" content=\"image\/jpeg\" \/>\n<meta name=\"twitter:card\" content=\"summary_large_image\" \/>\n<meta name=\"twitter:description\" content=\"The Trust Compact USB Card Reader offers fast data transfer and broad compatibility with various memory cards. Compact, reliable, and perfect for professionals or personal use.\" \/>\n<meta name=\"twitter:label1\" content=\"Dur\u00e9e de lecture estim\u00e9e\" \/>\n\t<meta name=\"twitter:data1\" content=\"2 minutes\" \/>\n<script type=\"application\/ld+json\" class=\"yoast-schema-graph\">{\"@context\":\"https:\/\/schema.org\",\"@graph\":[{\"@type\":\"WebPage\",\"@id\":\"https:\/\/www.cinesouk.ma\/product\/trust-compact-usb-card-reader\/\",\"url\":\"https:\/\/www.cinesouk.ma\/product\/trust-compact-usb-card-reader\/\",\"name\":\"Trust compact usb card reader \u2013 SD\/microSD\/MS - CineSouk - For rent\",\"isPartOf\":{\"@id\":\"https:\/\/www.cinesouk.ma\/#website\"},\"primaryImageOfPage\":{\"@id\":\"https:\/\/www.cinesouk.ma\/product\/trust-compact-usb-card-reader\/#primaryimage\"},\"image\":{\"@id\":\"https:\/\/www.cinesouk.ma\/product\/trust-compact-usb-card-reader\/#primaryimage\"},\"thumbnailUrl\":\"https:\/\/www.cinesouk.ma\/wp-content\/uploads\/2025\/04\/trust-compact-usb-card-reader.jpg\",\"datePublished\":\"2025-04-21T15:31:07+00:00\",\"dateModified\":\"2025-08-16T12:18:31+00:00\",\"description\":\"The Trust Compact USB Card Reader offers fast data transfer and broad compatibility with various memory cards. Compact, reliable, and perfect for professionals or personal use.\",\"breadcrumb\":{\"@id\":\"https:\/\/www.cinesouk.ma\/product\/trust-compact-usb-card-reader\/#breadcrumb\"},\"inLanguage\":\"fr-FR\",\"potentialAction\":[{\"@type\":\"ReadAction\",\"target\":[\"https:\/\/www.cinesouk.ma\/product\/trust-compact-usb-card-reader\/\"]}]},{\"@type\":\"ImageObject\",\"inLanguage\":\"fr-FR\",\"@id\":\"https:\/\/www.cinesouk.ma\/product\/trust-compact-usb-card-reader\/#primaryimage\",\"url\":\"https:\/\/www.cinesouk.ma\/wp-content\/uploads\/2025\/04\/trust-compact-usb-card-reader.jpg\",\"contentUrl\":\"https:\/\/www.cinesouk.ma\/wp-content\/uploads\/2025\/04\/trust-compact-usb-card-reader.jpg\",\"width\":300,\"height\":238,\"caption\":\"trust compact usb card reader\"},{\"@type\":\"BreadcrumbList\",\"@id\":\"https:\/\/www.cinesouk.ma\/product\/trust-compact-usb-card-reader\/#breadcrumb\",\"itemListElement\":[{\"@type\":\"ListItem\",\"position\":1,\"name\":\"Home\",\"item\":\"https:\/\/www.cinesouk.ma\/\"},{\"@type\":\"ListItem\",\"position\":2,\"name\":\"Shop\",\"item\":\"https:\/\/www.cinesouk.ma\/shop\/\"},{\"@type\":\"ListItem\",\"position\":3,\"name\":\"Trust compact usb card reader \u2013 SD\/microSD\/MS\"}]},{\"@type\":\"WebSite\",\"@id\":\"https:\/\/www.cinesouk.ma\/#website\",\"url\":\"https:\/\/www.cinesouk.ma\/\",\"name\":\"CineSouk\",\"description\":\"\",\"publisher\":{\"@id\":\"https:\/\/www.cinesouk.ma\/#organization\"},\"potentialAction\":[{\"@type\":\"SearchAction\",\"target\":{\"@type\":\"EntryPoint\",\"urlTemplate\":\"https:\/\/www.cinesouk.ma\/?s={search_term_string}\"},\"query-input\":{\"@type\":\"PropertyValueSpecification\",\"valueRequired\":true,\"valueName\":\"search_term_string\"}}],\"inLanguage\":\"fr-FR\"},{\"@type\":\"Organization\",\"@id\":\"https:\/\/www.cinesouk.ma\/#organization\",\"name\":\"CineSouk\",\"url\":\"https:\/\/www.cinesouk.ma\/\",\"logo\":{\"@type\":\"ImageObject\",\"inLanguage\":\"fr-FR\",\"@id\":\"https:\/\/www.cinesouk.ma\/#\/schema\/logo\/image\/\",\"url\":\"https:\/\/www.cinesouk.ma\/wp-content\/uploads\/2024\/01\/CineSouk-logo-v01-alpha-alligned-left.png\",\"contentUrl\":\"https:\/\/www.cinesouk.ma\/wp-content\/uploads\/2024\/01\/CineSouk-logo-v01-alpha-alligned-left.png\",\"width\":3204,\"height\":889,\"caption\":\"CineSouk\"},\"image\":{\"@id\":\"https:\/\/www.cinesouk.ma\/#\/schema\/logo\/image\/\"}}]}<\/script>\n<!-- \/ Yoast SEO Premium plugin. -->","yoast_head_json":{"title":"Trust compact usb card reader \u2013 SD\/microSD\/MS - CineSouk - For rent","description":"The Trust Compact USB Card Reader offers fast data transfer and broad compatibility with various memory cards. Compact, reliable, and perfect for professionals or personal use.","robots":{"index":"index","follow":"follow","max-snippet":"max-snippet:-1","max-image-preview":"max-image-preview:large","max-video-preview":"max-video-preview:-1"},"canonical":"https:\/\/www.cinesouk.ma\/fr\/produit\/trust-compact-usb-card-reader\/","og_locale":"fr_FR","og_type":"article","og_title":"Trust compact usb card reader \u2013 SD\/microSD\/MS","og_description":"The Trust Compact USB Card Reader offers fast data transfer and broad compatibility with various memory cards. Compact, reliable, and perfect for professionals or personal use.","og_url":"https:\/\/www.cinesouk.ma\/fr\/produit\/trust-compact-usb-card-reader\/","og_site_name":"CineSouk","article_modified_time":"2025-08-16T12:18:31+00:00","og_image":[{"width":300,"height":238,"url":"https:\/\/www.cinesouk.ma\/wp-content\/uploads\/2025\/04\/trust-compact-usb-card-reader.jpg","type":"image\/jpeg"}],"twitter_card":"summary_large_image","twitter_description":"The Trust Compact USB Card Reader offers fast data transfer and broad compatibility with various memory cards. Compact, reliable, and perfect for professionals or personal use.","twitter_misc":{"Dur\u00e9e de lecture estim\u00e9e":"2 minutes"},"schema":{"@context":"https:\/\/schema.org","@graph":[{"@type":"WebPage","@id":"https:\/\/www.cinesouk.ma\/product\/trust-compact-usb-card-reader\/","url":"https:\/\/www.cinesouk.ma\/product\/trust-compact-usb-card-reader\/","name":"Trust compact usb card reader \u2013 SD\/microSD\/MS - CineSouk - For rent","isPartOf":{"@id":"https:\/\/www.cinesouk.ma\/#website"},"primaryImageOfPage":{"@id":"https:\/\/www.cinesouk.ma\/product\/trust-compact-usb-card-reader\/#primaryimage"},"image":{"@id":"https:\/\/www.cinesouk.ma\/product\/trust-compact-usb-card-reader\/#primaryimage"},"thumbnailUrl":"https:\/\/www.cinesouk.ma\/wp-content\/uploads\/2025\/04\/trust-compact-usb-card-reader.jpg","datePublished":"2025-04-21T15:31:07+00:00","dateModified":"2025-08-16T12:18:31+00:00","description":"The Trust Compact USB Card Reader offers fast data transfer and broad compatibility with various memory cards. Compact, reliable, and perfect for professionals or personal use.","breadcrumb":{"@id":"https:\/\/www.cinesouk.ma\/product\/trust-compact-usb-card-reader\/#breadcrumb"},"inLanguage":"fr-FR","potentialAction":[{"@type":"ReadAction","target":["https:\/\/www.cinesouk.ma\/product\/trust-compact-usb-card-reader\/"]}]},{"@type":"ImageObject","inLanguage":"fr-FR","@id":"https:\/\/www.cinesouk.ma\/product\/trust-compact-usb-card-reader\/#primaryimage","url":"https:\/\/www.cinesouk.ma\/wp-content\/uploads\/2025\/04\/trust-compact-usb-card-reader.jpg","contentUrl":"https:\/\/www.cinesouk.ma\/wp-content\/uploads\/2025\/04\/trust-compact-usb-card-reader.jpg","width":300,"height":238,"caption":"trust compact usb card reader"},{"@type":"BreadcrumbList","@id":"https:\/\/www.cinesouk.ma\/product\/trust-compact-usb-card-reader\/#breadcrumb","itemListElement":[{"@type":"ListItem","position":1,"name":"Home","item":"https:\/\/www.cinesouk.ma\/"},{"@type":"ListItem","position":2,"name":"Shop","item":"https:\/\/www.cinesouk.ma\/shop\/"},{"@type":"ListItem","position":3,"name":"Trust compact usb card reader \u2013 SD\/microSD\/MS"}]},{"@type":"WebSite","@id":"https:\/\/www.cinesouk.ma\/#website","url":"https:\/\/www.cinesouk.ma\/","name":"CineSouk","description":"","publisher":{"@id":"https:\/\/www.cinesouk.ma\/#organization"},"potentialAction":[{"@type":"SearchAction","target":{"@type":"EntryPoint","urlTemplate":"https:\/\/www.cinesouk.ma\/?s={search_term_string}"},"query-input":{"@type":"PropertyValueSpecification","valueRequired":true,"valueName":"search_term_string"}}],"inLanguage":"fr-FR"},{"@type":"Organization","@id":"https:\/\/www.cinesouk.ma\/#organization","name":"CineSouk","url":"https:\/\/www.cinesouk.ma\/","logo":{"@type":"ImageObject","inLanguage":"fr-FR","@id":"https:\/\/www.cinesouk.ma\/#\/schema\/logo\/image\/","url":"https:\/\/www.cinesouk.ma\/wp-content\/uploads\/2024\/01\/CineSouk-logo-v01-alpha-alligned-left.png","contentUrl":"https:\/\/www.cinesouk.ma\/wp-content\/uploads\/2024\/01\/CineSouk-logo-v01-alpha-alligned-left.png","width":3204,"height":889,"caption":"CineSouk"},"image":{"@id":"https:\/\/www.cinesouk.ma\/#\/schema\/logo\/image\/"}}]}},"_links":{"self":[{"href":"https:\/\/www.cinesouk.ma\/fr\/wp-json\/wp\/v2\/product\/12409","targetHints":{"allow":["GET"]}}],"collection":[{"href":"https:\/\/www.cinesouk.ma\/fr\/wp-json\/wp\/v2\/product"}],"about":[{"href":"https:\/\/www.cinesouk.ma\/fr\/wp-json\/wp\/v2\/types\/product"}],"wp:featuredmedia":[{"embeddable":true,"href":"https:\/\/www.cinesouk.ma\/fr\/wp-json\/wp\/v2\/media\/12420"}],"wp:attachment":[{"href":"https:\/\/www.cinesouk.ma\/fr\/wp-json\/wp\/v2\/media?parent=12409"}],"wp:term":[{"taxonomy":"product_brand","embeddable":true,"href":"https:\/\/www.cinesouk.ma\/fr\/wp-json\/wp\/v2\/product_brand?post=12409"},{"taxonomy":"product_cat","embeddable":true,"href":"https:\/\/www.cinesouk.ma\/fr\/wp-json\/wp\/v2\/product_cat?post=12409"},{"taxonomy":"product_tag","embeddable":true,"href":"https:\/\/www.cinesouk.ma\/fr\/wp-json\/wp\/v2\/product_tag?post=12409"}],"curies":[{"name":"wp","href":"https:\/\/api.w.org\/{rel}","templated":true}]}}