{"id":12421,"date":"2025-04-22T11:55:03","date_gmt":"2025-04-22T11:55:03","guid":{"rendered":"https:\/\/www.cinesouk.ma\/?post_type=product&#038;p=12421"},"modified":"2025-04-22T12:12:59","modified_gmt":"2025-04-22T12:12:59","slug":"beachtek-dxa-slr-adapter","status":"publish","type":"product","link":"https:\/\/www.cinesouk.ma\/fr\/produit\/beachtek-dxa-slr-adapter\/","title":{"rendered":"Adaptateur BeachTek DXA-SLR"},"content":{"rendered":"<p class=\"\" data-start=\"82\" data-end=\"392\">L'adaptateur BeachTek DXA-SLR est une interface audio con\u00e7ue pour connecter des microphones professionnels \u00e0 des appareils photo DSLR et \u00e0 des cam\u00e9scopes \u00e9quip\u00e9s d'une entr\u00e9e micro de 3,5 mm. Cet adaptateur est id\u00e9al pour les vid\u00e9astes qui souhaitent am\u00e9liorer la qualit\u00e9 sonore de leurs enregistrements sans avoir recours \u00e0 un enregistreur audio externe.<\/p>\n<p class=\"\" data-start=\"394\" data-end=\"818\">Avec ses deux entr\u00e9es XLR, l'adaptateur permet une capture audio de qualit\u00e9 professionnelle et comprend une alimentation fant\u00f4me pour les microphones \u00e0 condensateur. L'appareil est dot\u00e9 de commandes de gain r\u00e9glables pour chaque canal, ce qui vous permet d'ajuster les niveaux audio \u00e0 vos besoins pr\u00e9cis. Sa conception compacte facilite son transport, tandis que sa construction durable garantit une fiabilit\u00e9 \u00e0 long terme, m\u00eame dans des environnements de tournage exigeants.<\/p>\n<h3 class=\"\" data-start=\"820\" data-end=\"841\"><strong data-start=\"824\" data-end=\"841\">Caract\u00e9ristiques principales :<\/strong><\/h3>\n<ul data-start=\"843\" data-end=\"1375\">\n<li class=\"\" data-start=\"843\" data-end=\"932\">\n<p class=\"\" data-start=\"845\" data-end=\"932\"><strong data-start=\"845\" data-end=\"865\">Deux entr\u00e9es XLR :<\/strong> Permet de connecter des microphones professionnels ou des syst\u00e8mes sans fil.<\/p>\n<\/li>\n<li class=\"\" data-start=\"933\" data-end=\"1021\">\n<p class=\"\" data-start=\"935\" data-end=\"1021\"><strong data-start=\"935\" data-end=\"953\">Alimentation fant\u00f4me :<\/strong> Fournit une alimentation fant\u00f4me de 12V ou 48V pour les microphones \u00e0 condensateur.<\/p>\n<\/li>\n<li class=\"\" data-start=\"1022\" data-end=\"1101\">\n<p class=\"\" data-start=\"1024\" data-end=\"1101\"><strong data-start=\"1024\" data-end=\"1042\">Commandes de gain :<\/strong> Boutons de gain individuels pour un r\u00e9glage pr\u00e9cis du niveau audio.<\/p>\n<\/li>\n<li class=\"\" data-start=\"1102\" data-end=\"1189\">\n<p class=\"\" data-start=\"1104\" data-end=\"1189\"><strong data-start=\"1104\" data-end=\"1129\">Surveillance par casque :<\/strong> Comprend une sortie casque pour un contr\u00f4le audio en temps r\u00e9el.<\/p>\n<\/li>\n<li class=\"\" data-start=\"1190\" data-end=\"1269\">\n<p class=\"\" data-start=\"1192\" data-end=\"1269\"><strong data-start=\"1192\" data-end=\"1211\">Indicateurs LED :<\/strong> Affichage de l'alimentation fant\u00f4me et de l'\u00e9tat du compresseur pour faciliter l'utilisation.<\/p>\n<\/li>\n<li class=\"\" data-start=\"1270\" data-end=\"1375\">\n<p class=\"\" data-start=\"1272\" data-end=\"1375\"><strong data-start=\"1272\" data-end=\"1297\">Portable et durable :<\/strong> Conception l\u00e9g\u00e8re et robuste pour une utilisation en d\u00e9placement dans des environnements professionnels.<\/p>\n<\/li>\n<\/ul>\n<h3 class=\"\" data-start=\"1377\" data-end=\"1400\"><strong data-start=\"1381\" data-end=\"1400\">Sp\u00e9cifications :<\/strong><\/h3>\n<ul data-start=\"1402\" data-end=\"1728\">\n<li class=\"\" data-start=\"1402\" data-end=\"1442\">\n<p class=\"\" data-start=\"1404\" data-end=\"1442\"><strong data-start=\"1404\" data-end=\"1415\">Entr\u00e9es :<\/strong> Entr\u00e9es combo XLR\/1\/4\u2033 doubles<\/p>\n<\/li>\n<li class=\"\" data-start=\"1443\" data-end=\"1474\">\n<p class=\"\" data-start=\"1445\" data-end=\"1474\"><strong data-start=\"1445\" data-end=\"1463\">Alimentation fant\u00f4me :<\/strong> 12V ou 48V<\/p>\n<\/li>\n<li class=\"\" data-start=\"1475\" data-end=\"1519\">\n<p class=\"\" data-start=\"1477\" data-end=\"1519\"><strong data-start=\"1477\" data-end=\"1488\">Sortie :<\/strong> 3,5 mm TRS pour l'entr\u00e9e micro de la cam\u00e9ra<\/p>\n<\/li>\n<li class=\"\" data-start=\"1520\" data-end=\"1558\">\n<p class=\"\" data-start=\"1522\" data-end=\"1558\"><strong data-start=\"1522\" data-end=\"1545\">R\u00e9ponse en fr\u00e9quence :<\/strong> 20Hz - 20kHz<\/p>\n<\/li>\n<li class=\"\" data-start=\"1559\" data-end=\"1609\">\n<p class=\"\" data-start=\"1561\" data-end=\"1609\"><strong data-start=\"1561\" data-end=\"1576\">Distorsion :<\/strong> Moins de 0,01% \u00e0 une entr\u00e9e de -30 dBu<\/p>\n<\/li>\n<li class=\"\" data-start=\"1610\" data-end=\"1668\">\n<p class=\"\" data-start=\"1612\" data-end=\"1668\"><strong data-start=\"1612\" data-end=\"1627\">Dimensions :<\/strong> 5,9\u2033 x 3,2\u2033 x 1,1\u2033 (150mm x 80mm x 30mm)<\/p>\n<\/li>\n<li class=\"\" data-start=\"1669\" data-end=\"1697\">\n<p class=\"\" data-start=\"1671\" data-end=\"1697\"><strong data-start=\"1671\" data-end=\"1682\">Poids :<\/strong> 0.5 lbs (220g)<\/p>\n<\/li>\n<li class=\"\" data-start=\"1698\" data-end=\"1728\">\n<p class=\"\" data-start=\"1700\" data-end=\"1728\"><strong data-start=\"1700\" data-end=\"1717\">Source d'alimentation :<\/strong> Pile 9V<\/p>\n<\/li>\n<\/ul>\n<p class=\"\" data-start=\"1751\" data-end=\"2156\">L'adaptateur DXA-SLR de BeachTek est une solution fiable et efficace pour am\u00e9liorer la qualit\u00e9 sonore de vos enregistrements vid\u00e9o sur reflex num\u00e9riques. Qu'il s'agisse d'enregistrer des dialogues, des interviews ou des \u00e9v\u00e9nements en direct, cet adaptateur garantit la clart\u00e9 et la pr\u00e9cision du son. Ses fonctionnalit\u00e9s polyvalentes, sa facilit\u00e9 d'utilisation et son design compact en font un outil essentiel pour les professionnels et les cr\u00e9ateurs de contenu en d\u00e9placement.<\/p>\n<p>Louez-le maintenant sur <a href=\"https:\/\/www.cinesouk.ma\/fr\">CINESOUK<\/a> - une marque de <a href=\"https:\/\/www.broadway.ma\/\">BROADWAY PRODUCTIONS SARL.<\/a><\/p>","protected":false},"excerpt":{"rendered":"<p><strong>Sp\u00e9cifications :<\/strong><\/p>\n<ul>\n<li class=\"\" data-start=\"1402\" data-end=\"1442\">\n<p class=\"\" data-start=\"1404\" data-end=\"1442\"><strong data-start=\"1404\" data-end=\"1415\">Entr\u00e9es :<\/strong> Entr\u00e9es combo XLR\/1\/4\u2033 doubles<\/p>\n<\/li>\n<li class=\"\" data-start=\"1443\" data-end=\"1474\">\n<p class=\"\" data-start=\"1445\" data-end=\"1474\"><strong data-start=\"1445\" data-end=\"1463\">Alimentation fant\u00f4me :<\/strong> 12V ou 48V<\/p>\n<\/li>\n<li class=\"\" data-start=\"1475\" data-end=\"1519\">\n<p class=\"\" data-start=\"1477\" data-end=\"1519\"><strong data-start=\"1477\" data-end=\"1488\">Sortie :<\/strong> 3,5 mm TRS pour l'entr\u00e9e micro de la cam\u00e9ra<\/p>\n<\/li>\n<li class=\"\" data-start=\"1520\" data-end=\"1558\">\n<p class=\"\" data-start=\"1522\" data-end=\"1558\"><strong data-start=\"1522\" data-end=\"1545\">R\u00e9ponse en fr\u00e9quence :<\/strong> 20Hz - 20kHz<\/p>\n<\/li>\n<li class=\"\" data-start=\"1559\" data-end=\"1609\">\n<p class=\"\" data-start=\"1561\" data-end=\"1609\"><strong data-start=\"1561\" data-end=\"1576\">Distorsion :<\/strong> Moins de 0,01% \u00e0 une entr\u00e9e de -30 dBu<\/p>\n<\/li>\n<li class=\"\" data-start=\"1610\" data-end=\"1668\">\n<p class=\"\" data-start=\"1612\" data-end=\"1668\"><strong data-start=\"1612\" data-end=\"1627\">Dimensions :<\/strong> 5,9\u2033 x 3,2\u2033 x 1,1\u2033 (150mm x 80mm x 30mm)<\/p>\n<\/li>\n<li class=\"\" data-start=\"1669\" data-end=\"1697\">\n<p class=\"\" data-start=\"1671\" data-end=\"1697\"><strong data-start=\"1671\" data-end=\"1682\">Poids :<\/strong> 0.5 lbs (220g)<\/p>\n<\/li>\n<li class=\"\" data-start=\"1698\" data-end=\"1728\">\n<p class=\"\" data-start=\"1700\" data-end=\"1728\"><strong data-start=\"1700\" data-end=\"1717\">Source d'alimentation :<\/strong> Pile 9V<\/p>\n<\/li>\n<\/ul>","protected":false},"featured_media":12432,"template":"","meta":{"om_disable_all_campaigns":false,"_monsterinsights_skip_tracking":false,"_monsterinsights_sitenote_active":false,"_monsterinsights_sitenote_note":"","_monsterinsights_sitenote_category":0,"_uf_show_specific_survey":0,"_uf_disable_surveys":false},"product_brand":[],"product_cat":[35],"product_tag":[],"class_list":{"0":"post-12421","1":"product","2":"type-product","3":"status-publish","4":"has-post-thumbnail","6":"product_cat-sound-cinesouk","8":"entry","9":"has-media","11":"first","12":"instock","13":"taxable","14":"shipping-taxable","15":"purchasable","16":"product-type-variable","17":"has-product-nav","18":"col","19":"span_1_of_3","20":"owp-content-center","21":"owp-thumbs-layout-horizontal","22":"owp-btn-normal","23":"owp-tabs-layout-horizontal","24":"has-no-thumbnails"},"yoast_head":"<!-- This site is optimized with the Yoast SEO Premium plugin v26.0 (Yoast SEO v26.0) - https:\/\/yoast.com\/wordpress\/plugins\/seo\/ -->\n<title>BeachTek DXA-SLR Adapter - CineSouk - Marrakech | Morocco - For rent<\/title>\n<meta name=\"description\" content=\"The BeachTek DXA-SLR Adapter provides high-quality sound for DSLR and camcorder users, with dual XLR inputs, phantom power, and real-time audio monitoring. Ideal for videographers seeking superior audio performance.\" \/>\n<meta name=\"robots\" content=\"index, follow, max-snippet:-1, max-image-preview:large, max-video-preview:-1\" \/>\n<link rel=\"canonical\" href=\"https:\/\/www.cinesouk.ma\/fr\/produit\/beachtek-dxa-slr-adapter\/\" \/>\n<meta property=\"og:locale\" content=\"fr_FR\" \/>\n<meta property=\"og:type\" content=\"article\" \/>\n<meta property=\"og:title\" content=\"BeachTek DXA-SLR Adapter\" \/>\n<meta property=\"og:description\" content=\"The BeachTek DXA-SLR Adapter provides high-quality sound for DSLR and camcorder users, with dual XLR inputs, phantom power, and real-time audio monitoring. Ideal for videographers seeking superior audio performance.\" \/>\n<meta property=\"og:url\" content=\"https:\/\/www.cinesouk.ma\/fr\/produit\/beachtek-dxa-slr-adapter\/\" \/>\n<meta property=\"og:site_name\" content=\"CineSouk\" \/>\n<meta property=\"article:modified_time\" content=\"2025-04-22T12:12:59+00:00\" \/>\n<meta property=\"og:image\" content=\"https:\/\/www.cinesouk.ma\/wp-content\/uploads\/2025\/04\/BeachTek-DXA-SLR-Adapter-.jpg\" \/>\n\t<meta property=\"og:image:width\" content=\"300\" \/>\n\t<meta property=\"og:image:height\" content=\"238\" \/>\n\t<meta property=\"og:image:type\" content=\"image\/jpeg\" \/>\n<meta name=\"twitter:card\" content=\"summary_large_image\" \/>\n<meta name=\"twitter:description\" content=\"The BeachTek DXA-SLR Adapter provides high-quality sound for DSLR and camcorder users, with dual XLR inputs, phantom power, and real-time audio monitoring. Ideal for videographers seeking superior audio performance.\" \/>\n<meta name=\"twitter:label1\" content=\"Dur\u00e9e de lecture estim\u00e9e\" \/>\n\t<meta name=\"twitter:data1\" content=\"2 minutes\" \/>\n<script type=\"application\/ld+json\" class=\"yoast-schema-graph\">{\"@context\":\"https:\/\/schema.org\",\"@graph\":[{\"@type\":\"WebPage\",\"@id\":\"https:\/\/www.cinesouk.ma\/product\/beachtek-dxa-slr-adapter\/\",\"url\":\"https:\/\/www.cinesouk.ma\/product\/beachtek-dxa-slr-adapter\/\",\"name\":\"BeachTek DXA-SLR Adapter - CineSouk - Marrakech | Morocco - For rent\",\"isPartOf\":{\"@id\":\"https:\/\/www.cinesouk.ma\/#website\"},\"primaryImageOfPage\":{\"@id\":\"https:\/\/www.cinesouk.ma\/product\/beachtek-dxa-slr-adapter\/#primaryimage\"},\"image\":{\"@id\":\"https:\/\/www.cinesouk.ma\/product\/beachtek-dxa-slr-adapter\/#primaryimage\"},\"thumbnailUrl\":\"https:\/\/www.cinesouk.ma\/wp-content\/uploads\/2025\/04\/BeachTek-DXA-SLR-Adapter-.jpg\",\"datePublished\":\"2025-04-22T11:55:03+00:00\",\"dateModified\":\"2025-04-22T12:12:59+00:00\",\"description\":\"The BeachTek DXA-SLR Adapter provides high-quality sound for DSLR and camcorder users, with dual XLR inputs, phantom power, and real-time audio monitoring. Ideal for videographers seeking superior audio performance.\",\"breadcrumb\":{\"@id\":\"https:\/\/www.cinesouk.ma\/product\/beachtek-dxa-slr-adapter\/#breadcrumb\"},\"inLanguage\":\"fr-FR\",\"potentialAction\":[{\"@type\":\"ReadAction\",\"target\":[\"https:\/\/www.cinesouk.ma\/product\/beachtek-dxa-slr-adapter\/\"]}]},{\"@type\":\"ImageObject\",\"inLanguage\":\"fr-FR\",\"@id\":\"https:\/\/www.cinesouk.ma\/product\/beachtek-dxa-slr-adapter\/#primaryimage\",\"url\":\"https:\/\/www.cinesouk.ma\/wp-content\/uploads\/2025\/04\/BeachTek-DXA-SLR-Adapter-.jpg\",\"contentUrl\":\"https:\/\/www.cinesouk.ma\/wp-content\/uploads\/2025\/04\/BeachTek-DXA-SLR-Adapter-.jpg\",\"width\":300,\"height\":238,\"caption\":\"BeachTek DXA-SLR Adapter\u00a0\"},{\"@type\":\"BreadcrumbList\",\"@id\":\"https:\/\/www.cinesouk.ma\/product\/beachtek-dxa-slr-adapter\/#breadcrumb\",\"itemListElement\":[{\"@type\":\"ListItem\",\"position\":1,\"name\":\"Home\",\"item\":\"https:\/\/www.cinesouk.ma\/\"},{\"@type\":\"ListItem\",\"position\":2,\"name\":\"Shop\",\"item\":\"https:\/\/www.cinesouk.ma\/shop\/\"},{\"@type\":\"ListItem\",\"position\":3,\"name\":\"BeachTek DXA-SLR Adapter\"}]},{\"@type\":\"WebSite\",\"@id\":\"https:\/\/www.cinesouk.ma\/#website\",\"url\":\"https:\/\/www.cinesouk.ma\/\",\"name\":\"CineSouk\",\"description\":\"\",\"publisher\":{\"@id\":\"https:\/\/www.cinesouk.ma\/#organization\"},\"potentialAction\":[{\"@type\":\"SearchAction\",\"target\":{\"@type\":\"EntryPoint\",\"urlTemplate\":\"https:\/\/www.cinesouk.ma\/?s={search_term_string}\"},\"query-input\":{\"@type\":\"PropertyValueSpecification\",\"valueRequired\":true,\"valueName\":\"search_term_string\"}}],\"inLanguage\":\"fr-FR\"},{\"@type\":\"Organization\",\"@id\":\"https:\/\/www.cinesouk.ma\/#organization\",\"name\":\"CineSouk\",\"url\":\"https:\/\/www.cinesouk.ma\/\",\"logo\":{\"@type\":\"ImageObject\",\"inLanguage\":\"fr-FR\",\"@id\":\"https:\/\/www.cinesouk.ma\/#\/schema\/logo\/image\/\",\"url\":\"https:\/\/www.cinesouk.ma\/wp-content\/uploads\/2024\/01\/CineSouk-logo-v01-alpha-alligned-left.png\",\"contentUrl\":\"https:\/\/www.cinesouk.ma\/wp-content\/uploads\/2024\/01\/CineSouk-logo-v01-alpha-alligned-left.png\",\"width\":3204,\"height\":889,\"caption\":\"CineSouk\"},\"image\":{\"@id\":\"https:\/\/www.cinesouk.ma\/#\/schema\/logo\/image\/\"}}]}<\/script>\n<!-- \/ Yoast SEO Premium plugin. -->","yoast_head_json":{"title":"BeachTek DXA-SLR Adapter - CineSouk - Marrakech | Morocco - For rent","description":"The BeachTek DXA-SLR Adapter provides high-quality sound for DSLR and camcorder users, with dual XLR inputs, phantom power, and real-time audio monitoring. Ideal for videographers seeking superior audio performance.","robots":{"index":"index","follow":"follow","max-snippet":"max-snippet:-1","max-image-preview":"max-image-preview:large","max-video-preview":"max-video-preview:-1"},"canonical":"https:\/\/www.cinesouk.ma\/fr\/produit\/beachtek-dxa-slr-adapter\/","og_locale":"fr_FR","og_type":"article","og_title":"BeachTek DXA-SLR Adapter","og_description":"The BeachTek DXA-SLR Adapter provides high-quality sound for DSLR and camcorder users, with dual XLR inputs, phantom power, and real-time audio monitoring. Ideal for videographers seeking superior audio performance.","og_url":"https:\/\/www.cinesouk.ma\/fr\/produit\/beachtek-dxa-slr-adapter\/","og_site_name":"CineSouk","article_modified_time":"2025-04-22T12:12:59+00:00","og_image":[{"width":300,"height":238,"url":"https:\/\/www.cinesouk.ma\/wp-content\/uploads\/2025\/04\/BeachTek-DXA-SLR-Adapter-.jpg","type":"image\/jpeg"}],"twitter_card":"summary_large_image","twitter_description":"The BeachTek DXA-SLR Adapter provides high-quality sound for DSLR and camcorder users, with dual XLR inputs, phantom power, and real-time audio monitoring. Ideal for videographers seeking superior audio performance.","twitter_misc":{"Dur\u00e9e de lecture estim\u00e9e":"2 minutes"},"schema":{"@context":"https:\/\/schema.org","@graph":[{"@type":"WebPage","@id":"https:\/\/www.cinesouk.ma\/product\/beachtek-dxa-slr-adapter\/","url":"https:\/\/www.cinesouk.ma\/product\/beachtek-dxa-slr-adapter\/","name":"BeachTek DXA-SLR Adapter - CineSouk - Marrakech | Morocco - For rent","isPartOf":{"@id":"https:\/\/www.cinesouk.ma\/#website"},"primaryImageOfPage":{"@id":"https:\/\/www.cinesouk.ma\/product\/beachtek-dxa-slr-adapter\/#primaryimage"},"image":{"@id":"https:\/\/www.cinesouk.ma\/product\/beachtek-dxa-slr-adapter\/#primaryimage"},"thumbnailUrl":"https:\/\/www.cinesouk.ma\/wp-content\/uploads\/2025\/04\/BeachTek-DXA-SLR-Adapter-.jpg","datePublished":"2025-04-22T11:55:03+00:00","dateModified":"2025-04-22T12:12:59+00:00","description":"The BeachTek DXA-SLR Adapter provides high-quality sound for DSLR and camcorder users, with dual XLR inputs, phantom power, and real-time audio monitoring. Ideal for videographers seeking superior audio performance.","breadcrumb":{"@id":"https:\/\/www.cinesouk.ma\/product\/beachtek-dxa-slr-adapter\/#breadcrumb"},"inLanguage":"fr-FR","potentialAction":[{"@type":"ReadAction","target":["https:\/\/www.cinesouk.ma\/product\/beachtek-dxa-slr-adapter\/"]}]},{"@type":"ImageObject","inLanguage":"fr-FR","@id":"https:\/\/www.cinesouk.ma\/product\/beachtek-dxa-slr-adapter\/#primaryimage","url":"https:\/\/www.cinesouk.ma\/wp-content\/uploads\/2025\/04\/BeachTek-DXA-SLR-Adapter-.jpg","contentUrl":"https:\/\/www.cinesouk.ma\/wp-content\/uploads\/2025\/04\/BeachTek-DXA-SLR-Adapter-.jpg","width":300,"height":238,"caption":"BeachTek DXA-SLR Adapter\u00a0"},{"@type":"BreadcrumbList","@id":"https:\/\/www.cinesouk.ma\/product\/beachtek-dxa-slr-adapter\/#breadcrumb","itemListElement":[{"@type":"ListItem","position":1,"name":"Home","item":"https:\/\/www.cinesouk.ma\/"},{"@type":"ListItem","position":2,"name":"Shop","item":"https:\/\/www.cinesouk.ma\/shop\/"},{"@type":"ListItem","position":3,"name":"BeachTek DXA-SLR Adapter"}]},{"@type":"WebSite","@id":"https:\/\/www.cinesouk.ma\/#website","url":"https:\/\/www.cinesouk.ma\/","name":"CineSouk","description":"","publisher":{"@id":"https:\/\/www.cinesouk.ma\/#organization"},"potentialAction":[{"@type":"SearchAction","target":{"@type":"EntryPoint","urlTemplate":"https:\/\/www.cinesouk.ma\/?s={search_term_string}"},"query-input":{"@type":"PropertyValueSpecification","valueRequired":true,"valueName":"search_term_string"}}],"inLanguage":"fr-FR"},{"@type":"Organization","@id":"https:\/\/www.cinesouk.ma\/#organization","name":"CineSouk","url":"https:\/\/www.cinesouk.ma\/","logo":{"@type":"ImageObject","inLanguage":"fr-FR","@id":"https:\/\/www.cinesouk.ma\/#\/schema\/logo\/image\/","url":"https:\/\/www.cinesouk.ma\/wp-content\/uploads\/2024\/01\/CineSouk-logo-v01-alpha-alligned-left.png","contentUrl":"https:\/\/www.cinesouk.ma\/wp-content\/uploads\/2024\/01\/CineSouk-logo-v01-alpha-alligned-left.png","width":3204,"height":889,"caption":"CineSouk"},"image":{"@id":"https:\/\/www.cinesouk.ma\/#\/schema\/logo\/image\/"}}]}},"_links":{"self":[{"href":"https:\/\/www.cinesouk.ma\/fr\/wp-json\/wp\/v2\/product\/12421","targetHints":{"allow":["GET"]}}],"collection":[{"href":"https:\/\/www.cinesouk.ma\/fr\/wp-json\/wp\/v2\/product"}],"about":[{"href":"https:\/\/www.cinesouk.ma\/fr\/wp-json\/wp\/v2\/types\/product"}],"wp:featuredmedia":[{"embeddable":true,"href":"https:\/\/www.cinesouk.ma\/fr\/wp-json\/wp\/v2\/media\/12432"}],"wp:attachment":[{"href":"https:\/\/www.cinesouk.ma\/fr\/wp-json\/wp\/v2\/media?parent=12421"}],"wp:term":[{"taxonomy":"product_brand","embeddable":true,"href":"https:\/\/www.cinesouk.ma\/fr\/wp-json\/wp\/v2\/product_brand?post=12421"},{"taxonomy":"product_cat","embeddable":true,"href":"https:\/\/www.cinesouk.ma\/fr\/wp-json\/wp\/v2\/product_cat?post=12421"},{"taxonomy":"product_tag","embeddable":true,"href":"https:\/\/www.cinesouk.ma\/fr\/wp-json\/wp\/v2\/product_tag?post=12421"}],"curies":[{"name":"wp","href":"https:\/\/api.w.org\/{rel}","templated":true}]}}