{"id":12446,"date":"2025-04-23T08:30:42","date_gmt":"2025-04-23T08:30:42","guid":{"rendered":"https:\/\/www.cinesouk.ma\/?post_type=product&#038;p=12446"},"modified":"2025-05-05T09:35:15","modified_gmt":"2025-05-05T09:35:15","slug":"neutrik-na2mpmf-circular-adapter","status":"publish","type":"product","link":"https:\/\/www.cinesouk.ma\/fr\/produit\/neutrik-na2mpmf-circular-adapter\/","title":{"rendered":"Adaptateur circulaire Neutrik NA2MPMF"},"content":{"rendered":"<p class=\"\" data-start=\"139\" data-end=\"465\">L'adaptateur circulaire Neutrik NA2MPMF est un adaptateur professionnel de haute qualit\u00e9 con\u00e7u pour connecter une fiche XLR m\u00e2le \u00e0 3 broches \u00e0 une prise RCA femelle. Cet adaptateur est parfait pour combler le foss\u00e9 entre l'\u00e9quipement audio professionnel et les appareils grand public, assurant une connectivit\u00e9 transparente pour diverses applications audio.<\/p>\n<p class=\"\" data-start=\"467\" data-end=\"730\">La construction durable et le m\u00e9canisme de verrouillage s\u00e9curis\u00e9 du Neutrik NA2MPMF le rendent id\u00e9al pour les environnements sonores en studio et en direct. Il assure un transfert stable et fiable du signal entre les appareils, \u00e9liminant les pertes de signal et garantissant des performances optimales.<\/p>\n<h3 class=\"\" data-start=\"732\" data-end=\"753\"><strong data-start=\"736\" data-end=\"753\">Caract\u00e9ristiques principales :<\/strong><\/h3>\n<ul data-start=\"755\" data-end=\"1394\">\n<li class=\"\" data-start=\"755\" data-end=\"898\">\n<p class=\"\" data-start=\"757\" data-end=\"898\"><strong data-start=\"757\" data-end=\"795\">Conversion XLR m\u00e2le vers RCA femelle :<\/strong> Connecte les connecteurs m\u00e2les XLR aux entr\u00e9es femelles RCA, \u00e9largissant ainsi la compatibilit\u00e9 avec divers syst\u00e8mes audio.<\/p>\n<\/li>\n<li class=\"\" data-start=\"899\" data-end=\"1009\">\n<p class=\"\" data-start=\"901\" data-end=\"1009\"><strong data-start=\"901\" data-end=\"924\">Construction de haute qualit\u00e9 :<\/strong> Construit avec la durabilit\u00e9 et la fiabilit\u00e9 renomm\u00e9es de Neutrik pour une utilisation durable.<\/p>\n<\/li>\n<li class=\"\" data-start=\"1010\" data-end=\"1137\">\n<p class=\"\" data-start=\"1012\" data-end=\"1137\"><strong data-start=\"1012\" data-end=\"1041\">M\u00e9canisme de verrouillage s\u00e9curis\u00e9 :<\/strong> Comprend un verrou pour une connexion s\u00fbre et stable, \u00e9vitant les d\u00e9connexions accidentelles.<\/p>\n<\/li>\n<li class=\"\" data-start=\"1138\" data-end=\"1259\">\n<p class=\"\" data-start=\"1140\" data-end=\"1259\"><strong data-start=\"1140\" data-end=\"1159\">Conception compacte :<\/strong> Petit et l\u00e9ger, il s'int\u00e8gre facilement dans n'importe quelle installation sans prendre de place.<\/p>\n<\/li>\n<li class=\"\" data-start=\"1260\" data-end=\"1394\">\n<p class=\"\" data-start=\"1262\" data-end=\"1394\"><strong data-start=\"1262\" data-end=\"1287\">Qualit\u00e9 professionnelle :<\/strong> Assure une transmission claire et coh\u00e9rente des signaux audio pour les \u00e9quipements professionnels et grand public.<\/p>\n<\/li>\n<\/ul>\n<h3 class=\"\" data-start=\"1396\" data-end=\"1419\"><strong data-start=\"1400\" data-end=\"1419\">Sp\u00e9cifications :<\/strong><\/h3>\n<ul data-start=\"1421\" data-end=\"1677\">\n<li class=\"\" data-start=\"1421\" data-end=\"1448\">\n<p class=\"\" data-start=\"1423\" data-end=\"1448\"><strong data-start=\"1423\" data-end=\"1440\">Code produit :<\/strong> NA2MPMF<\/p>\n<\/li>\n<li class=\"\" data-start=\"1449\" data-end=\"1499\">\n<p class=\"\" data-start=\"1451\" data-end=\"1499\"><strong data-start=\"1451\" data-end=\"1470\">Type de connecteur :<\/strong> XLR m\u00e2le \u00e0 3 broches vers RCA femelle<\/p>\n<\/li>\n<li class=\"\" data-start=\"1500\" data-end=\"1584\">\n<p class=\"\" data-start=\"1502\" data-end=\"1584\"><strong data-start=\"1502\" data-end=\"1526\">Caract\u00e9ristiques m\u00e9caniques :<\/strong> Verrouillage par loquet pour une connexion s\u00e9curis\u00e9e, bo\u00eetier robuste moul\u00e9 sous pression<\/p>\n<\/li>\n<li class=\"\" data-start=\"1585\" data-end=\"1615\">\n<p class=\"\" data-start=\"1587\" data-end=\"1615\"><strong data-start=\"1587\" data-end=\"1598\">Poids :<\/strong> Environ 40 grammes<\/p>\n<\/li>\n<li class=\"\" data-start=\"1616\" data-end=\"1677\">\n<p class=\"\" data-start=\"1618\" data-end=\"1677\"><strong data-start=\"1618\" data-end=\"1633\">Dimensions :<\/strong> Conception compacte pour une portabilit\u00e9 et une utilisation ais\u00e9es<\/p>\n<\/li>\n<\/ul>\n<p class=\"\" data-start=\"1700\" data-end=\"2003\">L'adaptateur circulaire Neutrik NA2MPMF est un outil essentiel pour les professionnels de l'audio qui ont besoin de connecter des appareils \u00e9quip\u00e9s de XLR \u00e0 des entr\u00e9es RCA. Gr\u00e2ce \u00e0 sa construction de haute qualit\u00e9, \u00e0 sa connexion s\u00e9curis\u00e9e et \u00e0 sa facilit\u00e9 de transport, cet adaptateur garantit une transmission fluide et fiable des signaux audio dans divers environnements.<\/p>\n<p>Louez-le maintenant sur <a href=\"https:\/\/www.cinesouk.ma\/fr\">CINESOUK<\/a> - une marque de <a href=\"https:\/\/www.broadway.ma\/\">BROADWAY PRODUCTIONS SARL.<\/a><\/p>","protected":false},"excerpt":{"rendered":"<p><strong>Sp\u00e9cifications :<\/strong><\/p>\n<ul>\n<li class=\"\" data-start=\"1421\" data-end=\"1448\">\n<p class=\"\" data-start=\"1423\" data-end=\"1448\"><strong data-start=\"1423\" data-end=\"1440\">Code produit :<\/strong> NA2MPMF<\/p>\n<\/li>\n<li class=\"\" data-start=\"1449\" data-end=\"1499\">\n<p class=\"\" data-start=\"1451\" data-end=\"1499\"><strong data-start=\"1451\" data-end=\"1470\">Type de connecteur :<\/strong> XLR m\u00e2le \u00e0 3 broches vers RCA femelle<\/p>\n<\/li>\n<li class=\"\" data-start=\"1500\" data-end=\"1584\">\n<p class=\"\" data-start=\"1502\" data-end=\"1584\"><strong data-start=\"1502\" data-end=\"1526\">Caract\u00e9ristiques m\u00e9caniques :<\/strong> Verrouillage par loquet pour une connexion s\u00e9curis\u00e9e, bo\u00eetier robuste moul\u00e9 sous pression<\/p>\n<\/li>\n<li class=\"\" data-start=\"1585\" data-end=\"1615\">\n<p class=\"\" data-start=\"1587\" data-end=\"1615\"><strong data-start=\"1587\" data-end=\"1598\">Poids :<\/strong> Environ 40 grammes<\/p>\n<\/li>\n<li class=\"\" data-start=\"1616\" data-end=\"1677\">\n<p class=\"\" data-start=\"1618\" data-end=\"1677\"><strong data-start=\"1618\" data-end=\"1633\">Dimensions :<\/strong> Conception compacte pour une portabilit\u00e9 et une utilisation ais\u00e9es<\/p>\n<\/li>\n<\/ul>","protected":false},"featured_media":12930,"template":"","meta":{"om_disable_all_campaigns":false,"_monsterinsights_skip_tracking":false,"_monsterinsights_sitenote_active":false,"_monsterinsights_sitenote_note":"","_monsterinsights_sitenote_category":0,"_uf_show_specific_survey":0,"_uf_disable_surveys":false},"product_brand":[],"product_cat":[35],"product_tag":[],"class_list":{"0":"post-12446","1":"product","2":"type-product","3":"status-publish","4":"has-post-thumbnail","6":"product_cat-sound-cinesouk","8":"entry","9":"has-media","11":"first","12":"instock","13":"taxable","14":"shipping-taxable","15":"purchasable","16":"product-type-variable","17":"has-product-nav","18":"col","19":"span_1_of_3","20":"owp-content-center","21":"owp-thumbs-layout-horizontal","22":"owp-btn-normal","23":"owp-tabs-layout-horizontal","24":"has-no-thumbnails"},"yoast_head":"<!-- This site is optimized with the Yoast SEO Premium plugin v26.0 (Yoast SEO v26.0) - https:\/\/yoast.com\/wordpress\/plugins\/seo\/ -->\n<title>Neutrik NA2MPMF Circular Adapter - CineSouk - Marrakech | Morocco - For rent<\/title>\n<meta name=\"description\" content=\"The Neutrik NA2MPMF Circular Adapter is a high-quality XLR male to RCA female adapter designed for seamless and secure audio signal transmission between professional and consumer equipment.\" \/>\n<meta name=\"robots\" content=\"index, follow, max-snippet:-1, max-image-preview:large, max-video-preview:-1\" \/>\n<link rel=\"canonical\" href=\"https:\/\/www.cinesouk.ma\/fr\/produit\/neutrik-na2mpmf-circular-adapter\/\" \/>\n<meta property=\"og:locale\" content=\"fr_FR\" \/>\n<meta property=\"og:type\" content=\"article\" \/>\n<meta property=\"og:title\" content=\"Neutrik NA2MPMF Circular Adapter\" \/>\n<meta property=\"og:description\" content=\"The Neutrik NA2MPMF Circular Adapter is a high-quality XLR male to RCA female adapter designed for seamless and secure audio signal transmission between professional and consumer equipment.\" \/>\n<meta property=\"og:url\" content=\"https:\/\/www.cinesouk.ma\/fr\/produit\/neutrik-na2mpmf-circular-adapter\/\" \/>\n<meta property=\"og:site_name\" content=\"CineSouk\" \/>\n<meta property=\"article:modified_time\" content=\"2025-05-05T09:35:15+00:00\" \/>\n<meta property=\"og:image\" content=\"https:\/\/www.cinesouk.ma\/wp-content\/uploads\/2025\/04\/NA2MPMF.jpg\" \/>\n\t<meta property=\"og:image:width\" content=\"300\" \/>\n\t<meta property=\"og:image:height\" content=\"238\" \/>\n\t<meta property=\"og:image:type\" content=\"image\/jpeg\" \/>\n<meta name=\"twitter:card\" content=\"summary_large_image\" \/>\n<meta name=\"twitter:description\" content=\"The Neutrik NA2MPMF Circular Adapter is a high-quality XLR male to RCA female adapter designed for seamless and secure audio signal transmission between professional and consumer equipment.\" \/>\n<meta name=\"twitter:label1\" content=\"Dur\u00e9e de lecture estim\u00e9e\" \/>\n\t<meta name=\"twitter:data1\" content=\"2 minutes\" \/>\n<script type=\"application\/ld+json\" class=\"yoast-schema-graph\">{\"@context\":\"https:\/\/schema.org\",\"@graph\":[{\"@type\":\"WebPage\",\"@id\":\"https:\/\/www.cinesouk.ma\/product\/neutrik-na2mpmf-circular-adapter\/\",\"url\":\"https:\/\/www.cinesouk.ma\/product\/neutrik-na2mpmf-circular-adapter\/\",\"name\":\"Neutrik NA2MPMF Circular Adapter - CineSouk - Marrakech | Morocco - For rent\",\"isPartOf\":{\"@id\":\"https:\/\/www.cinesouk.ma\/#website\"},\"primaryImageOfPage\":{\"@id\":\"https:\/\/www.cinesouk.ma\/product\/neutrik-na2mpmf-circular-adapter\/#primaryimage\"},\"image\":{\"@id\":\"https:\/\/www.cinesouk.ma\/product\/neutrik-na2mpmf-circular-adapter\/#primaryimage\"},\"thumbnailUrl\":\"https:\/\/www.cinesouk.ma\/wp-content\/uploads\/2025\/04\/NA2MPMF.jpg\",\"datePublished\":\"2025-04-23T08:30:42+00:00\",\"dateModified\":\"2025-05-05T09:35:15+00:00\",\"description\":\"The Neutrik NA2MPMF Circular Adapter is a high-quality XLR male to RCA female adapter designed for seamless and secure audio signal transmission between professional and consumer equipment.\",\"breadcrumb\":{\"@id\":\"https:\/\/www.cinesouk.ma\/product\/neutrik-na2mpmf-circular-adapter\/#breadcrumb\"},\"inLanguage\":\"fr-FR\",\"potentialAction\":[{\"@type\":\"ReadAction\",\"target\":[\"https:\/\/www.cinesouk.ma\/product\/neutrik-na2mpmf-circular-adapter\/\"]}]},{\"@type\":\"ImageObject\",\"inLanguage\":\"fr-FR\",\"@id\":\"https:\/\/www.cinesouk.ma\/product\/neutrik-na2mpmf-circular-adapter\/#primaryimage\",\"url\":\"https:\/\/www.cinesouk.ma\/wp-content\/uploads\/2025\/04\/NA2MPMF.jpg\",\"contentUrl\":\"https:\/\/www.cinesouk.ma\/wp-content\/uploads\/2025\/04\/NA2MPMF.jpg\",\"width\":300,\"height\":238,\"caption\":\"NA2MPMF\"},{\"@type\":\"BreadcrumbList\",\"@id\":\"https:\/\/www.cinesouk.ma\/product\/neutrik-na2mpmf-circular-adapter\/#breadcrumb\",\"itemListElement\":[{\"@type\":\"ListItem\",\"position\":1,\"name\":\"Home\",\"item\":\"https:\/\/www.cinesouk.ma\/\"},{\"@type\":\"ListItem\",\"position\":2,\"name\":\"Shop\",\"item\":\"https:\/\/www.cinesouk.ma\/shop\/\"},{\"@type\":\"ListItem\",\"position\":3,\"name\":\"Neutrik NA2MPMF Circular Adapter\"}]},{\"@type\":\"WebSite\",\"@id\":\"https:\/\/www.cinesouk.ma\/#website\",\"url\":\"https:\/\/www.cinesouk.ma\/\",\"name\":\"CineSouk\",\"description\":\"\",\"publisher\":{\"@id\":\"https:\/\/www.cinesouk.ma\/#organization\"},\"potentialAction\":[{\"@type\":\"SearchAction\",\"target\":{\"@type\":\"EntryPoint\",\"urlTemplate\":\"https:\/\/www.cinesouk.ma\/?s={search_term_string}\"},\"query-input\":{\"@type\":\"PropertyValueSpecification\",\"valueRequired\":true,\"valueName\":\"search_term_string\"}}],\"inLanguage\":\"fr-FR\"},{\"@type\":\"Organization\",\"@id\":\"https:\/\/www.cinesouk.ma\/#organization\",\"name\":\"CineSouk\",\"url\":\"https:\/\/www.cinesouk.ma\/\",\"logo\":{\"@type\":\"ImageObject\",\"inLanguage\":\"fr-FR\",\"@id\":\"https:\/\/www.cinesouk.ma\/#\/schema\/logo\/image\/\",\"url\":\"https:\/\/www.cinesouk.ma\/wp-content\/uploads\/2024\/01\/CineSouk-logo-v01-alpha-alligned-left.png\",\"contentUrl\":\"https:\/\/www.cinesouk.ma\/wp-content\/uploads\/2024\/01\/CineSouk-logo-v01-alpha-alligned-left.png\",\"width\":3204,\"height\":889,\"caption\":\"CineSouk\"},\"image\":{\"@id\":\"https:\/\/www.cinesouk.ma\/#\/schema\/logo\/image\/\"}}]}<\/script>\n<!-- \/ Yoast SEO Premium plugin. -->","yoast_head_json":{"title":"Neutrik NA2MPMF Circular Adapter - CineSouk - Marrakech | Morocco - For rent","description":"The Neutrik NA2MPMF Circular Adapter is a high-quality XLR male to RCA female adapter designed for seamless and secure audio signal transmission between professional and consumer equipment.","robots":{"index":"index","follow":"follow","max-snippet":"max-snippet:-1","max-image-preview":"max-image-preview:large","max-video-preview":"max-video-preview:-1"},"canonical":"https:\/\/www.cinesouk.ma\/fr\/produit\/neutrik-na2mpmf-circular-adapter\/","og_locale":"fr_FR","og_type":"article","og_title":"Neutrik NA2MPMF Circular Adapter","og_description":"The Neutrik NA2MPMF Circular Adapter is a high-quality XLR male to RCA female adapter designed for seamless and secure audio signal transmission between professional and consumer equipment.","og_url":"https:\/\/www.cinesouk.ma\/fr\/produit\/neutrik-na2mpmf-circular-adapter\/","og_site_name":"CineSouk","article_modified_time":"2025-05-05T09:35:15+00:00","og_image":[{"width":300,"height":238,"url":"https:\/\/www.cinesouk.ma\/wp-content\/uploads\/2025\/04\/NA2MPMF.jpg","type":"image\/jpeg"}],"twitter_card":"summary_large_image","twitter_description":"The Neutrik NA2MPMF Circular Adapter is a high-quality XLR male to RCA female adapter designed for seamless and secure audio signal transmission between professional and consumer equipment.","twitter_misc":{"Dur\u00e9e de lecture estim\u00e9e":"2 minutes"},"schema":{"@context":"https:\/\/schema.org","@graph":[{"@type":"WebPage","@id":"https:\/\/www.cinesouk.ma\/product\/neutrik-na2mpmf-circular-adapter\/","url":"https:\/\/www.cinesouk.ma\/product\/neutrik-na2mpmf-circular-adapter\/","name":"Neutrik NA2MPMF Circular Adapter - CineSouk - Marrakech | Morocco - For rent","isPartOf":{"@id":"https:\/\/www.cinesouk.ma\/#website"},"primaryImageOfPage":{"@id":"https:\/\/www.cinesouk.ma\/product\/neutrik-na2mpmf-circular-adapter\/#primaryimage"},"image":{"@id":"https:\/\/www.cinesouk.ma\/product\/neutrik-na2mpmf-circular-adapter\/#primaryimage"},"thumbnailUrl":"https:\/\/www.cinesouk.ma\/wp-content\/uploads\/2025\/04\/NA2MPMF.jpg","datePublished":"2025-04-23T08:30:42+00:00","dateModified":"2025-05-05T09:35:15+00:00","description":"The Neutrik NA2MPMF Circular Adapter is a high-quality XLR male to RCA female adapter designed for seamless and secure audio signal transmission between professional and consumer equipment.","breadcrumb":{"@id":"https:\/\/www.cinesouk.ma\/product\/neutrik-na2mpmf-circular-adapter\/#breadcrumb"},"inLanguage":"fr-FR","potentialAction":[{"@type":"ReadAction","target":["https:\/\/www.cinesouk.ma\/product\/neutrik-na2mpmf-circular-adapter\/"]}]},{"@type":"ImageObject","inLanguage":"fr-FR","@id":"https:\/\/www.cinesouk.ma\/product\/neutrik-na2mpmf-circular-adapter\/#primaryimage","url":"https:\/\/www.cinesouk.ma\/wp-content\/uploads\/2025\/04\/NA2MPMF.jpg","contentUrl":"https:\/\/www.cinesouk.ma\/wp-content\/uploads\/2025\/04\/NA2MPMF.jpg","width":300,"height":238,"caption":"NA2MPMF"},{"@type":"BreadcrumbList","@id":"https:\/\/www.cinesouk.ma\/product\/neutrik-na2mpmf-circular-adapter\/#breadcrumb","itemListElement":[{"@type":"ListItem","position":1,"name":"Home","item":"https:\/\/www.cinesouk.ma\/"},{"@type":"ListItem","position":2,"name":"Shop","item":"https:\/\/www.cinesouk.ma\/shop\/"},{"@type":"ListItem","position":3,"name":"Neutrik NA2MPMF Circular Adapter"}]},{"@type":"WebSite","@id":"https:\/\/www.cinesouk.ma\/#website","url":"https:\/\/www.cinesouk.ma\/","name":"CineSouk","description":"","publisher":{"@id":"https:\/\/www.cinesouk.ma\/#organization"},"potentialAction":[{"@type":"SearchAction","target":{"@type":"EntryPoint","urlTemplate":"https:\/\/www.cinesouk.ma\/?s={search_term_string}"},"query-input":{"@type":"PropertyValueSpecification","valueRequired":true,"valueName":"search_term_string"}}],"inLanguage":"fr-FR"},{"@type":"Organization","@id":"https:\/\/www.cinesouk.ma\/#organization","name":"CineSouk","url":"https:\/\/www.cinesouk.ma\/","logo":{"@type":"ImageObject","inLanguage":"fr-FR","@id":"https:\/\/www.cinesouk.ma\/#\/schema\/logo\/image\/","url":"https:\/\/www.cinesouk.ma\/wp-content\/uploads\/2024\/01\/CineSouk-logo-v01-alpha-alligned-left.png","contentUrl":"https:\/\/www.cinesouk.ma\/wp-content\/uploads\/2024\/01\/CineSouk-logo-v01-alpha-alligned-left.png","width":3204,"height":889,"caption":"CineSouk"},"image":{"@id":"https:\/\/www.cinesouk.ma\/#\/schema\/logo\/image\/"}}]}},"_links":{"self":[{"href":"https:\/\/www.cinesouk.ma\/fr\/wp-json\/wp\/v2\/product\/12446","targetHints":{"allow":["GET"]}}],"collection":[{"href":"https:\/\/www.cinesouk.ma\/fr\/wp-json\/wp\/v2\/product"}],"about":[{"href":"https:\/\/www.cinesouk.ma\/fr\/wp-json\/wp\/v2\/types\/product"}],"wp:featuredmedia":[{"embeddable":true,"href":"https:\/\/www.cinesouk.ma\/fr\/wp-json\/wp\/v2\/media\/12930"}],"wp:attachment":[{"href":"https:\/\/www.cinesouk.ma\/fr\/wp-json\/wp\/v2\/media?parent=12446"}],"wp:term":[{"taxonomy":"product_brand","embeddable":true,"href":"https:\/\/www.cinesouk.ma\/fr\/wp-json\/wp\/v2\/product_brand?post=12446"},{"taxonomy":"product_cat","embeddable":true,"href":"https:\/\/www.cinesouk.ma\/fr\/wp-json\/wp\/v2\/product_cat?post=12446"},{"taxonomy":"product_tag","embeddable":true,"href":"https:\/\/www.cinesouk.ma\/fr\/wp-json\/wp\/v2\/product_tag?post=12446"}],"curies":[{"name":"wp","href":"https:\/\/api.w.org\/{rel}","templated":true}]}}