{"id":12518,"date":"2025-04-23T10:59:35","date_gmt":"2025-04-23T10:59:35","guid":{"rendered":"https:\/\/www.cinesouk.ma\/?post_type=product&#038;p=12518"},"modified":"2026-01-24T11:21:04","modified_gmt":"2026-01-24T11:21:04","slug":"briteq-bt-w19l10","status":"publish","type":"product","link":"https:\/\/www.cinesouk.ma\/fr\/produit\/briteq-bt-w19l10\/","title":{"rendered":"Briteq BT-W19L10 moving head wash"},"content":{"rendered":"<div class=\"flex max-w-full flex-col flex-grow\">\n<div class=\"min-h-8 text-message flex w-full flex-col items-end gap-2 whitespace-normal break-words [.text-message+&amp;]:mt-5\" dir=\"auto\" data-message-author-role=\"assistant\" data-message-id=\"e4c3ffad-71cb-44e7-93b8-bb60eda86b77\" data-message-model-slug=\"gpt-4o-mini\">\n<div class=\"flex w-full flex-col gap-1 empty:hidden first:pt-[3px]\">\n<div class=\"markdown prose w-full break-words dark:prose-invert light\">\n<p data-start=\"144\" data-end=\"513\">Le Briteq BT-W19L10 Zoom est un projecteur compact et puissant con\u00e7u pour les soci\u00e9t\u00e9s de location, les productions sc\u00e9niques et les discoth\u00e8ques. Il est dot\u00e9 d'une capacit\u00e9 de zoom \u00e0 grande vitesse de 10\u00b0 \u00e0 60\u00b0, offrant une flexibilit\u00e9 maximale pour diverses configurations d'\u00e9clairage. \u00c9quip\u00e9 de 19 LED Osram \"OSTAR\" 4-en-1 RGBW 10W de haute qualit\u00e9, il assure un m\u00e9lange parfait des couleurs quel que soit l'angle du faisceau.<\/p>\n<p data-start=\"515\" data-end=\"851\">Cette unit\u00e9 fournit un faisceau tr\u00e8s lumineux par rapport \u00e0 sa taille et maintient une parfaite coh\u00e9rence des couleurs sur toute la gamme de gradateurs. Les mouvements de pan et de tilt \u00e0 grande vitesse avec une r\u00e9solution de 16 bits permettent une programmation dynamique du spectacle. De plus, il comprend des macros de couleurs calibr\u00e9es (filtres Lee standard) pour une programmation facile et rapide du spectacle.<\/p>\n<p data-start=\"853\" data-end=\"1206\">Le BT-W19L10 Zoom offre deux modes DMX diff\u00e9rents \u00e0 14 canaux pour une flexibilit\u00e9 maximale et dispose d'un repositionnement X\/Y automatique. Il est \u00e9quip\u00e9 d'entr\u00e9es\/sorties Neutrik PowerCON\u00ae, facilitant la mise en cha\u00eene de plusieurs unit\u00e9s jusqu'\u00e0 16A. L'unit\u00e9 comprend \u00e9galement des entr\u00e9es\/sorties DMX Neutrik 3 broches et 5 broches pour une flexibilit\u00e9 maximale dans un environnement professionnel.<\/p>\n<p data-start=\"1208\" data-end=\"1555\">Les mises \u00e0 jour du micrologiciel sont faciles \u00e0 effectuer, ce qui garantit que votre machine reste \u00e0 jour. L'\u00e9cran LCD permet de naviguer facilement dans les diff\u00e9rents menus de configuration. Avec un rendement \u00e9lev\u00e9 et une faible consommation d'\u00e9nergie de seulement 245 W, le BT-W19L10 Zoom est \u00e0 la fois respectueux de l'environnement et rentable. Il est \u00e9quip\u00e9 de supports om\u00e9ga pour une installation rapide.<\/p>\n<h3 data-start=\"1562\" data-end=\"1583\"><strong data-start=\"1566\" data-end=\"1583\">Caract\u00e9ristiques principales :<\/strong><\/h3>\n<ul data-start=\"1585\" data-end=\"2236\">\n<li data-start=\"1585\" data-end=\"1640\">\n<p data-start=\"1587\" data-end=\"1640\"><strong data-start=\"1587\" data-end=\"1602\">Plage de zoom :<\/strong> 10\u00b0 \u00e0 60\u00b0 pour des angles de rayonnement vari\u00e9s.<\/p>\n<\/li>\n<li data-start=\"1641\" data-end=\"1720\">\n<p data-start=\"1643\" data-end=\"1720\"><strong data-start=\"1643\" data-end=\"1652\">LEDs :<\/strong> 19 x 10W Osram \"OSTAR\" 4-in-1 RGBW LEDs pour un excellent m\u00e9lange de couleurs.<\/p>\n<\/li>\n<li data-start=\"1721\" data-end=\"1777\">\n<p data-start=\"1723\" data-end=\"1777\"><strong data-start=\"1723\" data-end=\"1738\">Luminosit\u00e9 :<\/strong> Rendement lumineux \u00e9lev\u00e9 par rapport \u00e0 la taille.<\/p>\n<\/li>\n<li data-start=\"1778\" data-end=\"1868\">\n<p data-start=\"1780\" data-end=\"1868\"><strong data-start=\"1780\" data-end=\"1802\">Coh\u00e9rence des couleurs :<\/strong> Maintient une parfaite coh\u00e9rence des couleurs sur l'ensemble de la plage de gradation.<\/p>\n<\/li>\n<li data-start=\"1869\" data-end=\"1929\">\n<p data-start=\"1871\" data-end=\"1929\"><strong data-start=\"1871\" data-end=\"1884\">Pan\/Tilt :<\/strong> Mouvements \u00e0 grande vitesse avec une r\u00e9solution de 16 bits.<\/p>\n<\/li>\n<li data-start=\"1930\" data-end=\"1988\">\n<p data-start=\"1932\" data-end=\"1988\"><strong data-start=\"1932\" data-end=\"1946\">Modes DMX :<\/strong> Deux modes DMX \u00e0 14 canaux pour plus de flexibilit\u00e9.<\/p>\n<\/li>\n<li data-start=\"1989\" data-end=\"2060\">\n<p data-start=\"1991\" data-end=\"2060\"><strong data-start=\"1991\" data-end=\"2008\">Connectivit\u00e9 :<\/strong> Neutrik PowerCON\u00ae et entr\u00e9es\/sorties DMX \u00e0 3 et 5 broches.<\/p>\n<\/li>\n<li data-start=\"2061\" data-end=\"2130\">\n<p data-start=\"2063\" data-end=\"2130\"><strong data-start=\"2063\" data-end=\"2084\">Mises \u00e0 jour du micrologiciel :<\/strong> Facile \u00e0 r\u00e9aliser, il permet de maintenir l'unit\u00e9 \u00e0 jour.<\/p>\n<\/li>\n<li data-start=\"2131\" data-end=\"2173\">\n<p data-start=\"2133\" data-end=\"2173\"><strong data-start=\"2133\" data-end=\"2155\">Consommation \u00e9lectrique :<\/strong> Faible avec seulement 245W.<\/p>\n<\/li>\n<li data-start=\"2174\" data-end=\"2236\">\n<p data-start=\"2176\" data-end=\"2236\"><strong data-start=\"2176\" data-end=\"2193\">Installation :<\/strong> Livr\u00e9 avec des supports om\u00e9ga pour une installation rapide.<\/p>\n<\/li>\n<\/ul>\n<h3 data-start=\"2243\" data-end=\"2266\"><strong data-start=\"2247\" data-end=\"2266\">Sp\u00e9cifications :<\/strong><\/h3>\n<ul data-start=\"2268\" data-end=\"2675\">\n<li data-start=\"2268\" data-end=\"2307\">\n<p data-start=\"2270\" data-end=\"2307\"><strong data-start=\"2270\" data-end=\"2285\">Dimensions :<\/strong> 32,5 x 18,8 x 39,6 cm<\/p>\n<\/li>\n<li data-start=\"2308\" data-end=\"2328\">\n<p data-start=\"2310\" data-end=\"2328\"><strong data-start=\"2310\" data-end=\"2321\">Poids :<\/strong> 9,2 kg<\/p>\n<\/li>\n<li data-start=\"2329\" data-end=\"2370\">\n<p data-start=\"2331\" data-end=\"2370\"><strong data-start=\"2331\" data-end=\"2347\">Alimentation \u00e9lectrique :<\/strong> AC 100 - 240V, 50\/60Hz<\/p>\n<\/li>\n<li data-start=\"2371\" data-end=\"2400\">\n<p data-start=\"2373\" data-end=\"2400\"><strong data-start=\"2373\" data-end=\"2395\">Consommation \u00e9lectrique :<\/strong> 245W<\/p>\n<\/li>\n<li data-start=\"2401\" data-end=\"2471\">\n<p data-start=\"2403\" data-end=\"2471\"><strong data-start=\"2403\" data-end=\"2425\">Protocoles de contr\u00f4le :<\/strong> DMX, ma\u00eetre\/esclave, autonome, son vers lumi\u00e8re<\/p>\n<\/li>\n<li data-start=\"2472\" data-end=\"2511\">\n<p data-start=\"2474\" data-end=\"2511\"><strong data-start=\"2474\" data-end=\"2491\">Canaux DMX :<\/strong> Au moins 14 canaux<\/p>\n<\/li>\n<li data-start=\"2512\" data-end=\"2539\">\n<p data-start=\"2514\" data-end=\"2539\"><strong data-start=\"2514\" data-end=\"2527\">Type de LED :<\/strong> 4-en-1 RGBW<\/p>\n<\/li>\n<li data-start=\"2540\" data-end=\"2568\">\n<p data-start=\"2542\" data-end=\"2568\"><strong data-start=\"2542\" data-end=\"2557\">Angle du faisceau :<\/strong> 10\u00b0 \u00e0 60<\/p>\n<\/li>\n<li data-start=\"2569\" data-end=\"2602\">\n<p data-start=\"2571\" data-end=\"2602\"><strong data-start=\"2571\" data-end=\"2588\">Taux de rafra\u00eechissement :<\/strong> Non sp\u00e9cifi\u00e9<\/p>\n<\/li>\n<li data-start=\"2603\" data-end=\"2635\">\n<p data-start=\"2605\" data-end=\"2635\"><strong data-start=\"2605\" data-end=\"2621\">Niveau sonore :<\/strong> Non sp\u00e9cifi\u00e9<\/p>\n<\/li>\n<li data-start=\"2636\" data-end=\"2675\">\n<p data-start=\"2638\" data-end=\"2675\"><strong data-start=\"2638\" data-end=\"2651\">Montage :<\/strong> Supports om\u00e9ga inclus<\/p>\n<\/li>\n<\/ul>\n<p data-start=\"2703\" data-end=\"3041\">Le Briteq BT-W19L10 Zoom est un outil essentiel pour les professionnels de l'audio qui recherchent une solution fiable et durable pour connecter des c\u00e2bles XLR femelles \u00e0 des entr\u00e9es TRS 1\/4\u2033. Sa construction robuste, son m\u00e9canisme de verrouillage s\u00e9curis\u00e9 et sa taille compacte en font un compl\u00e9ment pr\u00e9cieux \u00e0 toute installation audio, garantissant une int\u00e9gration transparente et des performances optimales.<\/p>\n<p data-start=\"41\" data-end=\"431\">Louez-le maintenant sur <a href=\"https:\/\/www.cinesouk.ma\/fr\">CINESOUK<\/a> - une marque de <a href=\"https:\/\/www.broadway.ma\/\">BROADWAY PRODUCTIONS SARL.<\/a><\/p>\n<\/div>\n<\/div>\n<\/div>\n<\/div>","protected":false},"excerpt":{"rendered":"<p><strong>Sp\u00e9cifications :<\/strong><\/p>\n<ul>\n<li class=\"\" data-start=\"2268\" data-end=\"2307\">\n<p class=\"\" data-start=\"2270\" data-end=\"2307\"><strong data-start=\"2270\" data-end=\"2285\">Dimensions :<\/strong> 32,5 x 18,8 x 39,6 cm<\/p>\n<\/li>\n<li class=\"\" data-start=\"2308\" data-end=\"2328\">\n<p class=\"\" data-start=\"2310\" data-end=\"2328\"><strong data-start=\"2310\" data-end=\"2321\">Poids :<\/strong> 9,2 kg<\/p>\n<\/li>\n<li class=\"\" data-start=\"2329\" data-end=\"2370\">\n<p class=\"\" data-start=\"2331\" data-end=\"2370\"><strong data-start=\"2331\" data-end=\"2347\">Alimentation \u00e9lectrique :<\/strong> AC 100 - 240V, 50\/60Hz<\/p>\n<\/li>\n<li class=\"\" data-start=\"2371\" data-end=\"2400\">\n<p class=\"\" data-start=\"2373\" data-end=\"2400\"><strong data-start=\"2373\" data-end=\"2395\">Consommation \u00e9lectrique :<\/strong> 245W<\/p>\n<\/li>\n<li class=\"\" data-start=\"2401\" data-end=\"2471\">\n<p class=\"\" data-start=\"2403\" data-end=\"2471\"><strong data-start=\"2403\" data-end=\"2425\">Protocoles de contr\u00f4le :<\/strong> DMX, ma\u00eetre\/esclave, autonome, son vers lumi\u00e8re<\/p>\n<\/li>\n<li class=\"\" data-start=\"2472\" data-end=\"2511\">\n<p class=\"\" data-start=\"2474\" data-end=\"2511\"><strong data-start=\"2474\" data-end=\"2491\">Canaux DMX :<\/strong> Au moins 14 canaux<\/p>\n<\/li>\n<li class=\"\" data-start=\"2512\" data-end=\"2539\">\n<p class=\"\" data-start=\"2514\" data-end=\"2539\"><strong data-start=\"2514\" data-end=\"2527\">Type de LED :<\/strong> 4-en-1 RGBW<\/p>\n<\/li>\n<li class=\"\" data-start=\"2540\" data-end=\"2568\">\n<p class=\"\" data-start=\"2542\" data-end=\"2568\"><strong data-start=\"2542\" data-end=\"2557\">Angle du faisceau :<\/strong> 10\u00b0 \u00e0 60<\/p>\n<\/li>\n<li class=\"\" data-start=\"2569\" data-end=\"2602\">\n<p class=\"\" data-start=\"2571\" data-end=\"2602\"><strong data-start=\"2571\" data-end=\"2588\">Taux de rafra\u00eechissement :<\/strong> Non sp\u00e9cifi\u00e9<\/p>\n<\/li>\n<li class=\"\" data-start=\"2603\" data-end=\"2635\">\n<p class=\"\" data-start=\"2605\" data-end=\"2635\"><strong data-start=\"2605\" data-end=\"2621\">Niveau sonore :<\/strong> Non sp\u00e9cifi\u00e9<\/p>\n<\/li>\n<li class=\"\" data-start=\"2636\" data-end=\"2675\">\n<p class=\"\" data-start=\"2638\" data-end=\"2675\"><strong data-start=\"2638\" data-end=\"2651\">Montage :<\/strong> Supports om\u00e9ga inclus<\/p>\n<\/li>\n<\/ul>","protected":false},"featured_media":12529,"template":"","meta":{"om_disable_all_campaigns":false,"_monsterinsights_skip_tracking":false,"_monsterinsights_sitenote_active":false,"_monsterinsights_sitenote_note":"","_monsterinsights_sitenote_category":0,"_uf_show_specific_survey":0,"_uf_disable_surveys":false},"product_brand":[],"product_cat":[90,123,20,102],"product_tag":[],"class_list":{"0":"post-12518","1":"product","2":"type-product","3":"status-publish","4":"has-post-thumbnail","6":"product_cat-djparty-cinesouk","7":"product_cat-featured-eventsouk","8":"product_cat-light-cinesouk","9":"product_cat-washed-and-heads-eventsouk","11":"entry","12":"has-media","14":"first","15":"instock","16":"taxable","17":"shipping-taxable","18":"purchasable","19":"product-type-variable","20":"has-product-nav","21":"col","22":"span_1_of_3","23":"owp-content-center","24":"owp-thumbs-layout-horizontal","25":"owp-btn-normal","26":"owp-tabs-layout-horizontal","27":"has-no-thumbnails"},"yoast_head":"<!-- This site is optimized with the Yoast SEO Premium plugin v26.0 (Yoast SEO v26.0) - https:\/\/yoast.com\/wordpress\/plugins\/seo\/ -->\n<title>Briteq BT-W19L10 moving head wash - CineSouk<\/title>\n<meta name=\"description\" content=\"The Briteq BT-W19L10 Zoom is a 3-pin XLR female to 1\/4&quot; TRS male gender conversion adapter, featuring a latch lock mechanism, rugged die-cast housing, and compact design for professional audio applications.\" \/>\n<meta name=\"robots\" content=\"index, follow, max-snippet:-1, max-image-preview:large, max-video-preview:-1\" \/>\n<link rel=\"canonical\" href=\"https:\/\/www.cinesouk.ma\/fr\/produit\/briteq-bt-w19l10\/\" \/>\n<meta property=\"og:locale\" content=\"fr_FR\" \/>\n<meta property=\"og:type\" content=\"article\" \/>\n<meta property=\"og:title\" content=\"Briteq BT-W19L10 moving head wash\" \/>\n<meta property=\"og:description\" content=\"The Briteq BT-W19L10 Zoom is a 3-pin XLR female to 1\/4&quot; TRS male gender conversion adapter, featuring a latch lock mechanism, rugged die-cast housing, and compact design for professional audio applications.\" \/>\n<meta property=\"og:url\" content=\"https:\/\/www.cinesouk.ma\/fr\/produit\/briteq-bt-w19l10\/\" \/>\n<meta property=\"og:site_name\" content=\"CineSouk\" \/>\n<meta property=\"article:modified_time\" content=\"2026-01-24T11:21:04+00:00\" \/>\n<meta property=\"og:image\" content=\"https:\/\/www.cinesouk.ma\/wp-content\/uploads\/2025\/04\/Briteq-BT-W19L10.jpg\" \/>\n\t<meta property=\"og:image:width\" content=\"300\" \/>\n\t<meta property=\"og:image:height\" content=\"238\" \/>\n\t<meta property=\"og:image:type\" content=\"image\/jpeg\" \/>\n<meta name=\"twitter:card\" content=\"summary_large_image\" \/>\n<meta name=\"twitter:description\" content=\"The Briteq BT-W19L10 Zoom is a 3-pin XLR female to 1\/4&quot; TRS male gender conversion adapter, featuring a latch lock mechanism, rugged die-cast housing, and compact design for professional audio applications.\" \/>\n<meta name=\"twitter:label1\" content=\"Dur\u00e9e de lecture estim\u00e9e\" \/>\n\t<meta name=\"twitter:data1\" content=\"2 minutes\" \/>\n<script type=\"application\/ld+json\" class=\"yoast-schema-graph\">{\"@context\":\"https:\/\/schema.org\",\"@graph\":[{\"@type\":\"WebPage\",\"@id\":\"https:\/\/www.cinesouk.ma\/product\/briteq-bt-w19l10\/\",\"url\":\"https:\/\/www.cinesouk.ma\/product\/briteq-bt-w19l10\/\",\"name\":\"Briteq BT-W19L10 moving head wash - CineSouk\",\"isPartOf\":{\"@id\":\"https:\/\/www.cinesouk.ma\/#website\"},\"primaryImageOfPage\":{\"@id\":\"https:\/\/www.cinesouk.ma\/product\/briteq-bt-w19l10\/#primaryimage\"},\"image\":{\"@id\":\"https:\/\/www.cinesouk.ma\/product\/briteq-bt-w19l10\/#primaryimage\"},\"thumbnailUrl\":\"https:\/\/www.cinesouk.ma\/wp-content\/uploads\/2025\/04\/Briteq-BT-W19L10.jpg\",\"datePublished\":\"2025-04-23T10:59:35+00:00\",\"dateModified\":\"2026-01-24T11:21:04+00:00\",\"description\":\"The Briteq BT-W19L10 Zoom is a 3-pin XLR female to 1\/4\\\" TRS male gender conversion adapter, featuring a latch lock mechanism, rugged die-cast housing, and compact design for professional audio applications.\",\"breadcrumb\":{\"@id\":\"https:\/\/www.cinesouk.ma\/product\/briteq-bt-w19l10\/#breadcrumb\"},\"inLanguage\":\"fr-FR\",\"potentialAction\":[{\"@type\":\"ReadAction\",\"target\":[\"https:\/\/www.cinesouk.ma\/product\/briteq-bt-w19l10\/\"]}]},{\"@type\":\"ImageObject\",\"inLanguage\":\"fr-FR\",\"@id\":\"https:\/\/www.cinesouk.ma\/product\/briteq-bt-w19l10\/#primaryimage\",\"url\":\"https:\/\/www.cinesouk.ma\/wp-content\/uploads\/2025\/04\/Briteq-BT-W19L10.jpg\",\"contentUrl\":\"https:\/\/www.cinesouk.ma\/wp-content\/uploads\/2025\/04\/Briteq-BT-W19L10.jpg\",\"width\":300,\"height\":238,\"caption\":\"Briteq-BT-W19L10\"},{\"@type\":\"BreadcrumbList\",\"@id\":\"https:\/\/www.cinesouk.ma\/product\/briteq-bt-w19l10\/#breadcrumb\",\"itemListElement\":[{\"@type\":\"ListItem\",\"position\":1,\"name\":\"Home\",\"item\":\"https:\/\/www.cinesouk.ma\/\"},{\"@type\":\"ListItem\",\"position\":2,\"name\":\"Shop\",\"item\":\"https:\/\/www.cinesouk.ma\/shop\/\"},{\"@type\":\"ListItem\",\"position\":3,\"name\":\"Briteq BT-W19L10 moving head wash\"}]},{\"@type\":\"WebSite\",\"@id\":\"https:\/\/www.cinesouk.ma\/#website\",\"url\":\"https:\/\/www.cinesouk.ma\/\",\"name\":\"CineSouk\",\"description\":\"\",\"publisher\":{\"@id\":\"https:\/\/www.cinesouk.ma\/#organization\"},\"potentialAction\":[{\"@type\":\"SearchAction\",\"target\":{\"@type\":\"EntryPoint\",\"urlTemplate\":\"https:\/\/www.cinesouk.ma\/?s={search_term_string}\"},\"query-input\":{\"@type\":\"PropertyValueSpecification\",\"valueRequired\":true,\"valueName\":\"search_term_string\"}}],\"inLanguage\":\"fr-FR\"},{\"@type\":\"Organization\",\"@id\":\"https:\/\/www.cinesouk.ma\/#organization\",\"name\":\"CineSouk\",\"url\":\"https:\/\/www.cinesouk.ma\/\",\"logo\":{\"@type\":\"ImageObject\",\"inLanguage\":\"fr-FR\",\"@id\":\"https:\/\/www.cinesouk.ma\/#\/schema\/logo\/image\/\",\"url\":\"https:\/\/www.cinesouk.ma\/wp-content\/uploads\/2024\/01\/CineSouk-logo-v01-alpha-alligned-left.png\",\"contentUrl\":\"https:\/\/www.cinesouk.ma\/wp-content\/uploads\/2024\/01\/CineSouk-logo-v01-alpha-alligned-left.png\",\"width\":3204,\"height\":889,\"caption\":\"CineSouk\"},\"image\":{\"@id\":\"https:\/\/www.cinesouk.ma\/#\/schema\/logo\/image\/\"}}]}<\/script>\n<!-- \/ Yoast SEO Premium plugin. -->","yoast_head_json":{"title":"Briteq BT-W19L10 moving head wash - CineSouk","description":"The Briteq BT-W19L10 Zoom is a 3-pin XLR female to 1\/4\" TRS male gender conversion adapter, featuring a latch lock mechanism, rugged die-cast housing, and compact design for professional audio applications.","robots":{"index":"index","follow":"follow","max-snippet":"max-snippet:-1","max-image-preview":"max-image-preview:large","max-video-preview":"max-video-preview:-1"},"canonical":"https:\/\/www.cinesouk.ma\/fr\/produit\/briteq-bt-w19l10\/","og_locale":"fr_FR","og_type":"article","og_title":"Briteq BT-W19L10 moving head wash","og_description":"The Briteq BT-W19L10 Zoom is a 3-pin XLR female to 1\/4\" TRS male gender conversion adapter, featuring a latch lock mechanism, rugged die-cast housing, and compact design for professional audio applications.","og_url":"https:\/\/www.cinesouk.ma\/fr\/produit\/briteq-bt-w19l10\/","og_site_name":"CineSouk","article_modified_time":"2026-01-24T11:21:04+00:00","og_image":[{"width":300,"height":238,"url":"https:\/\/www.cinesouk.ma\/wp-content\/uploads\/2025\/04\/Briteq-BT-W19L10.jpg","type":"image\/jpeg"}],"twitter_card":"summary_large_image","twitter_description":"The Briteq BT-W19L10 Zoom is a 3-pin XLR female to 1\/4\" TRS male gender conversion adapter, featuring a latch lock mechanism, rugged die-cast housing, and compact design for professional audio applications.","twitter_misc":{"Dur\u00e9e de lecture estim\u00e9e":"2 minutes"},"schema":{"@context":"https:\/\/schema.org","@graph":[{"@type":"WebPage","@id":"https:\/\/www.cinesouk.ma\/product\/briteq-bt-w19l10\/","url":"https:\/\/www.cinesouk.ma\/product\/briteq-bt-w19l10\/","name":"Briteq BT-W19L10 moving head wash - CineSouk","isPartOf":{"@id":"https:\/\/www.cinesouk.ma\/#website"},"primaryImageOfPage":{"@id":"https:\/\/www.cinesouk.ma\/product\/briteq-bt-w19l10\/#primaryimage"},"image":{"@id":"https:\/\/www.cinesouk.ma\/product\/briteq-bt-w19l10\/#primaryimage"},"thumbnailUrl":"https:\/\/www.cinesouk.ma\/wp-content\/uploads\/2025\/04\/Briteq-BT-W19L10.jpg","datePublished":"2025-04-23T10:59:35+00:00","dateModified":"2026-01-24T11:21:04+00:00","description":"The Briteq BT-W19L10 Zoom is a 3-pin XLR female to 1\/4\" TRS male gender conversion adapter, featuring a latch lock mechanism, rugged die-cast housing, and compact design for professional audio applications.","breadcrumb":{"@id":"https:\/\/www.cinesouk.ma\/product\/briteq-bt-w19l10\/#breadcrumb"},"inLanguage":"fr-FR","potentialAction":[{"@type":"ReadAction","target":["https:\/\/www.cinesouk.ma\/product\/briteq-bt-w19l10\/"]}]},{"@type":"ImageObject","inLanguage":"fr-FR","@id":"https:\/\/www.cinesouk.ma\/product\/briteq-bt-w19l10\/#primaryimage","url":"https:\/\/www.cinesouk.ma\/wp-content\/uploads\/2025\/04\/Briteq-BT-W19L10.jpg","contentUrl":"https:\/\/www.cinesouk.ma\/wp-content\/uploads\/2025\/04\/Briteq-BT-W19L10.jpg","width":300,"height":238,"caption":"Briteq-BT-W19L10"},{"@type":"BreadcrumbList","@id":"https:\/\/www.cinesouk.ma\/product\/briteq-bt-w19l10\/#breadcrumb","itemListElement":[{"@type":"ListItem","position":1,"name":"Home","item":"https:\/\/www.cinesouk.ma\/"},{"@type":"ListItem","position":2,"name":"Shop","item":"https:\/\/www.cinesouk.ma\/shop\/"},{"@type":"ListItem","position":3,"name":"Briteq BT-W19L10 moving head wash"}]},{"@type":"WebSite","@id":"https:\/\/www.cinesouk.ma\/#website","url":"https:\/\/www.cinesouk.ma\/","name":"CineSouk","description":"","publisher":{"@id":"https:\/\/www.cinesouk.ma\/#organization"},"potentialAction":[{"@type":"SearchAction","target":{"@type":"EntryPoint","urlTemplate":"https:\/\/www.cinesouk.ma\/?s={search_term_string}"},"query-input":{"@type":"PropertyValueSpecification","valueRequired":true,"valueName":"search_term_string"}}],"inLanguage":"fr-FR"},{"@type":"Organization","@id":"https:\/\/www.cinesouk.ma\/#organization","name":"CineSouk","url":"https:\/\/www.cinesouk.ma\/","logo":{"@type":"ImageObject","inLanguage":"fr-FR","@id":"https:\/\/www.cinesouk.ma\/#\/schema\/logo\/image\/","url":"https:\/\/www.cinesouk.ma\/wp-content\/uploads\/2024\/01\/CineSouk-logo-v01-alpha-alligned-left.png","contentUrl":"https:\/\/www.cinesouk.ma\/wp-content\/uploads\/2024\/01\/CineSouk-logo-v01-alpha-alligned-left.png","width":3204,"height":889,"caption":"CineSouk"},"image":{"@id":"https:\/\/www.cinesouk.ma\/#\/schema\/logo\/image\/"}}]}},"_links":{"self":[{"href":"https:\/\/www.cinesouk.ma\/fr\/wp-json\/wp\/v2\/product\/12518","targetHints":{"allow":["GET"]}}],"collection":[{"href":"https:\/\/www.cinesouk.ma\/fr\/wp-json\/wp\/v2\/product"}],"about":[{"href":"https:\/\/www.cinesouk.ma\/fr\/wp-json\/wp\/v2\/types\/product"}],"wp:featuredmedia":[{"embeddable":true,"href":"https:\/\/www.cinesouk.ma\/fr\/wp-json\/wp\/v2\/media\/12529"}],"wp:attachment":[{"href":"https:\/\/www.cinesouk.ma\/fr\/wp-json\/wp\/v2\/media?parent=12518"}],"wp:term":[{"taxonomy":"product_brand","embeddable":true,"href":"https:\/\/www.cinesouk.ma\/fr\/wp-json\/wp\/v2\/product_brand?post=12518"},{"taxonomy":"product_cat","embeddable":true,"href":"https:\/\/www.cinesouk.ma\/fr\/wp-json\/wp\/v2\/product_cat?post=12518"},{"taxonomy":"product_tag","embeddable":true,"href":"https:\/\/www.cinesouk.ma\/fr\/wp-json\/wp\/v2\/product_tag?post=12518"}],"curies":[{"name":"wp","href":"https:\/\/api.w.org\/{rel}","templated":true}]}}