{"id":12530,"date":"2025-04-25T11:06:53","date_gmt":"2025-04-25T11:06:53","guid":{"rendered":"https:\/\/www.cinesouk.ma\/?post_type=product&#038;p=12530"},"modified":"2026-01-24T11:30:57","modified_gmt":"2026-01-24T11:30:57","slug":"florida-bar-ii","status":"publish","type":"product","link":"https:\/\/www.cinesouk.ma\/fr\/produit\/florida-bar-ii\/","title":{"rendered":"FLORIDA BAR-II"},"content":{"rendered":"<div class=\"flex max-w-full flex-col flex-grow\">\n<div class=\"min-h-8 text-message flex w-full flex-col items-end gap-2 whitespace-normal break-words [.text-message+&amp;]:mt-5\" dir=\"auto\" data-message-author-role=\"assistant\" data-message-id=\"e4c3ffad-71cb-44e7-93b8-bb60eda86b77\" data-message-model-slug=\"gpt-4o-mini\">\n<div class=\"flex w-full flex-col gap-1 empty:hidden first:pt-[3px]\">\n<div class=\"markdown prose w-full break-words dark:prose-invert light\">\n<p data-start=\"104\" data-end=\"412\">Le FLORIDA BAR-II est un syst\u00e8me d'\u00e9clairage mobile polyvalent 4 en 1 con\u00e7u pour les DJ, les groupes et les organisateurs d'\u00e9v\u00e9nements \u00e0 la recherche d'une solution tout-en-un pour des effets d'\u00e9clairage dynamiques. Fabriqu\u00e9 par Algam Lighting, ce syst\u00e8me int\u00e8gre plusieurs effets d'\u00e9clairage dans une seule unit\u00e9, ce qui simplifie l'installation et le fonctionnement.<\/p>\n<h3 data-start=\"419\" data-end=\"440\"><strong data-start=\"423\" data-end=\"440\">Caract\u00e9ristiques principales :<\/strong><\/h3>\n<ul data-start=\"442\" data-end=\"1519\">\n<li data-start=\"442\" data-end=\"804\">\n<p data-start=\"444\" data-end=\"476\"><strong data-start=\"444\" data-end=\"476\">Effets d'\u00e9clairage int\u00e9gr\u00e9s :<\/strong><\/p>\n<ul data-start=\"479\" data-end=\"804\">\n<li data-start=\"479\" data-end=\"558\">\n<p data-start=\"481\" data-end=\"558\"><strong data-start=\"481\" data-end=\"501\">2 x effets PAR :<\/strong> Chacune est \u00e9quip\u00e9e de 3 LED RVB de 9W pour un m\u00e9lange de couleurs vibrant.<\/p>\n<\/li>\n<li data-start=\"561\" data-end=\"640\">\n<p data-start=\"563\" data-end=\"640\"><strong data-start=\"563\" data-end=\"585\">2 x Effets Derby :<\/strong> Chacune d'entre elles est \u00e9quip\u00e9e de 3 LED RVB de 3 W, produisant des faisceaux \u00e0 angle large.<\/p>\n<\/li>\n<li data-start=\"643\" data-end=\"720\">\n<p data-start=\"645\" data-end=\"720\"><strong data-start=\"645\" data-end=\"667\">1 x Effet stroboscopique :<\/strong> \u00c9quip\u00e9 de 4 LED blanches de 1W pour des \u00e9clairs intenses.<\/p>\n<\/li>\n<li data-start=\"723\" data-end=\"804\">\n<p data-start=\"725\" data-end=\"804\"><strong data-start=\"725\" data-end=\"746\">1 x Effet laser :<\/strong> Combine des lasers verts (532nm) de 30mW et des lasers rouges (650nm) de 100mW.<\/p>\n<\/li>\n<\/ul>\n<\/li>\n<li data-start=\"806\" data-end=\"1057\">\n<p data-start=\"808\" data-end=\"826\"><strong data-start=\"808\" data-end=\"826\">Modes de contr\u00f4le :<\/strong><\/p>\n<ul data-start=\"829\" data-end=\"1057\">\n<li data-start=\"829\" data-end=\"873\">\n<p data-start=\"831\" data-end=\"873\"><strong data-start=\"831\" data-end=\"845\">Mode Auto :<\/strong> Spectacles lumineux pr\u00e9programm\u00e9s.<\/p>\n<\/li>\n<li data-start=\"876\" data-end=\"918\">\n<p data-start=\"878\" data-end=\"918\"><strong data-start=\"878\" data-end=\"895\">Mode musical :<\/strong> Les lumi\u00e8res r\u00e9agissent au son.<\/p>\n<\/li>\n<li data-start=\"921\" data-end=\"982\">\n<p data-start=\"923\" data-end=\"982\"><strong data-start=\"923\" data-end=\"945\">Mode ma\u00eetre\/esclave :<\/strong> Synchronisation avec plusieurs unit\u00e9s.<\/p>\n<\/li>\n<li data-start=\"985\" data-end=\"1057\">\n<p data-start=\"987\" data-end=\"1057\"><strong data-start=\"987\" data-end=\"1000\">Mode DMX :<\/strong> Offre 3, 5, 9 ou 27 canaux DMX pour un contr\u00f4le avanc\u00e9.<\/p>\n<\/li>\n<\/ul>\n<\/li>\n<li data-start=\"1059\" data-end=\"1199\">\n<p data-start=\"1061\" data-end=\"1078\"><strong data-start=\"1061\" data-end=\"1078\">Connectivit\u00e9 :<\/strong><\/p>\n<ul data-start=\"1081\" data-end=\"1199\">\n<li data-start=\"1081\" data-end=\"1126\">\n<p data-start=\"1083\" data-end=\"1126\"><strong data-start=\"1083\" data-end=\"1104\">Entr\u00e9e\/sortie DMX :<\/strong> Connecteurs XLR \u00e0 3 broches.<\/p>\n<\/li>\n<li data-start=\"1129\" data-end=\"1199\">\n<p data-start=\"1131\" data-end=\"1199\"><strong data-start=\"1131\" data-end=\"1151\">Affichage num\u00e9rique :<\/strong> Interface de contr\u00f4le \u00e0 4 boutons pour une navigation ais\u00e9e.<\/p>\n<\/li>\n<\/ul>\n<\/li>\n<li data-start=\"1201\" data-end=\"1388\">\n<p data-start=\"1203\" data-end=\"1231\"><strong data-start=\"1203\" data-end=\"1231\">Sp\u00e9cifications physiques :<\/strong><\/p>\n<ul data-start=\"1234\" data-end=\"1388\">\n<li data-start=\"1234\" data-end=\"1263\">\n<p data-start=\"1236\" data-end=\"1263\"><strong data-start=\"1236\" data-end=\"1258\">Consommation \u00e9lectrique :<\/strong> 45W.<\/p>\n<\/li>\n<li data-start=\"1266\" data-end=\"1322\">\n<p data-start=\"1268\" data-end=\"1322\"><strong data-start=\"1268\" data-end=\"1290\">Indice de protection :<\/strong> IP20 (utilisable \u00e0 l'int\u00e9rieur).<\/p>\n<\/li>\n<li data-start=\"1325\" data-end=\"1363\">\n<p data-start=\"1327\" data-end=\"1363\"><strong data-start=\"1327\" data-end=\"1342\">Dimensions :<\/strong> 1230 x 120 x 390 mm.<\/p>\n<\/li>\n<li data-start=\"1366\" data-end=\"1388\">\n<p data-start=\"1368\" data-end=\"1388\"><strong data-start=\"1368\" data-end=\"1379\">Poids :<\/strong> 15,5 kg.<\/p>\n<\/li>\n<\/ul>\n<\/li>\n<li data-start=\"1390\" data-end=\"1519\">\n<p data-start=\"1392\" data-end=\"1417\"><strong data-start=\"1392\" data-end=\"1417\">Accessoires inclus :<\/strong><\/p>\n<ul data-start=\"1420\" data-end=\"1519\">\n<li data-start=\"1420\" data-end=\"1455\">\n<p data-start=\"1422\" data-end=\"1455\">Tr\u00e9pied r\u00e9glable (1,5 m \u00e0 2,5 m).<\/p>\n<\/li>\n<li data-start=\"1458\" data-end=\"1478\">\n<p data-start=\"1460\" data-end=\"1478\">T\u00e9l\u00e9commande IR.<\/p>\n<\/li>\n<li data-start=\"1481\" data-end=\"1497\">\n<p data-start=\"1483\" data-end=\"1497\">\u00c9tui de transport.<\/p>\n<\/li>\n<li data-start=\"1500\" data-end=\"1519\">\n<p data-start=\"1502\" data-end=\"1519\">Fermetures velcro.<\/p>\n<\/li>\n<\/ul>\n<\/li>\n<\/ul>\n<p data-start=\"1547\" data-end=\"1856\">Le FLORIDA BAR-II est une solution d'\u00e9clairage id\u00e9ale pour les artistes mobiles et les organisateurs d'\u00e9v\u00e9nements. Il s'agit d'un syst\u00e8me compact et puissant qui combine plusieurs effets d'\u00e9clairage en une seule unit\u00e9. Sa polyvalence et sa facilit\u00e9 d'utilisation lui permettent de s'adapter \u00e0 une grande vari\u00e9t\u00e9 d'\u00e9v\u00e9nements, des f\u00eates aux spectacles professionnels.<\/p>\n<p data-start=\"41\" data-end=\"431\">Louez-le maintenant sur <a href=\"https:\/\/www.cinesouk.ma\/fr\">CINESOUK<\/a> - une marque de <a href=\"https:\/\/www.broadway.ma\/\">BROADWAY PRODUCTIONS SARL.<\/a><\/p>\n<\/div>\n<\/div>\n<\/div>\n<\/div>","protected":false},"excerpt":{"rendered":"<p><strong>Sp\u00e9cifications :<\/strong><\/p>\n<ul>\n<li class=\"\" data-start=\"87\" data-end=\"115\">\n<p class=\"\" data-start=\"89\" data-end=\"115\"><strong data-start=\"89\" data-end=\"111\">Consommation \u00e9lectrique :<\/strong> 45W<\/p>\n<\/li>\n<li class=\"\" data-start=\"116\" data-end=\"171\">\n<p class=\"\" data-start=\"118\" data-end=\"171\"><strong data-start=\"118\" data-end=\"140\">Indice de protection :<\/strong> IP20 (utilisable \u00e0 l'int\u00e9rieur)<\/p>\n<\/li>\n<li class=\"\" data-start=\"172\" data-end=\"209\">\n<p class=\"\" data-start=\"174\" data-end=\"209\"><strong data-start=\"174\" data-end=\"189\">Dimensions :<\/strong> 1230 x 120 x 390 mm<\/p>\n<\/li>\n<li class=\"\" data-start=\"210\" data-end=\"231\">\n<p class=\"\" data-start=\"212\" data-end=\"231\"><strong data-start=\"212\" data-end=\"223\">Poids :<\/strong> 15,5 kg<\/p>\n<\/li>\n<\/ul>","protected":false},"featured_media":12541,"template":"","meta":{"om_disable_all_campaigns":false,"_monsterinsights_skip_tracking":false,"_monsterinsights_sitenote_active":false,"_monsterinsights_sitenote_note":"","_monsterinsights_sitenote_category":0,"_uf_show_specific_survey":0,"_uf_disable_surveys":false},"product_brand":[],"product_cat":[90,20,102],"product_tag":[],"class_list":{"0":"post-12530","1":"product","2":"type-product","3":"status-publish","4":"has-post-thumbnail","6":"product_cat-djparty-cinesouk","7":"product_cat-light-cinesouk","8":"product_cat-washed-and-heads-eventsouk","10":"entry","11":"has-media","13":"first","14":"instock","15":"taxable","16":"shipping-taxable","17":"purchasable","18":"product-type-variable","19":"has-product-nav","20":"col","21":"span_1_of_3","22":"owp-content-center","23":"owp-thumbs-layout-horizontal","24":"owp-btn-normal","25":"owp-tabs-layout-horizontal","26":"has-no-thumbnails"},"yoast_head":"<!-- This site is optimized with the Yoast SEO Premium plugin v26.0 (Yoast SEO v26.0) - https:\/\/yoast.com\/wordpress\/plugins\/seo\/ -->\n<title>FLORIDA BAR-II - CineSouk<\/title>\n<meta name=\"description\" content=\"The FLORIDA BAR-II is a 4-in-1 mobile lighting system featuring PAR, Derby, strobe, and laser effects, designed for DJs and event organizers seeking a compact and versatile lighting solution.\" \/>\n<meta name=\"robots\" content=\"index, follow, max-snippet:-1, max-image-preview:large, max-video-preview:-1\" \/>\n<link rel=\"canonical\" href=\"https:\/\/www.cinesouk.ma\/fr\/produit\/florida-bar-ii\/\" \/>\n<meta property=\"og:locale\" content=\"fr_FR\" \/>\n<meta property=\"og:type\" content=\"article\" \/>\n<meta property=\"og:title\" content=\"FLORIDA BAR-II\" \/>\n<meta property=\"og:description\" content=\"The FLORIDA BAR-II is a 4-in-1 mobile lighting system featuring PAR, Derby, strobe, and laser effects, designed for DJs and event organizers seeking a compact and versatile lighting solution.\" \/>\n<meta property=\"og:url\" content=\"https:\/\/www.cinesouk.ma\/fr\/produit\/florida-bar-ii\/\" \/>\n<meta property=\"og:site_name\" content=\"CineSouk\" \/>\n<meta property=\"article:modified_time\" content=\"2026-01-24T11:30:57+00:00\" \/>\n<meta property=\"og:image\" content=\"https:\/\/www.cinesouk.ma\/wp-content\/uploads\/2025\/04\/FLORIDA-BAR-II.jpg\" \/>\n\t<meta property=\"og:image:width\" content=\"300\" \/>\n\t<meta property=\"og:image:height\" content=\"238\" \/>\n\t<meta property=\"og:image:type\" content=\"image\/jpeg\" \/>\n<meta name=\"twitter:card\" content=\"summary_large_image\" \/>\n<meta name=\"twitter:description\" content=\"The FLORIDA BAR-II is a 4-in-1 mobile lighting system featuring PAR, Derby, strobe, and laser effects, designed for DJs and event organizers seeking a compact and versatile lighting solution.\" \/>\n<meta name=\"twitter:label1\" content=\"Dur\u00e9e de lecture estim\u00e9e\" \/>\n\t<meta name=\"twitter:data1\" content=\"2 minutes\" \/>\n<script type=\"application\/ld+json\" class=\"yoast-schema-graph\">{\"@context\":\"https:\/\/schema.org\",\"@graph\":[{\"@type\":\"WebPage\",\"@id\":\"https:\/\/www.cinesouk.ma\/product\/florida-bar-ii\/\",\"url\":\"https:\/\/www.cinesouk.ma\/product\/florida-bar-ii\/\",\"name\":\"FLORIDA BAR-II - CineSouk\",\"isPartOf\":{\"@id\":\"https:\/\/www.cinesouk.ma\/#website\"},\"primaryImageOfPage\":{\"@id\":\"https:\/\/www.cinesouk.ma\/product\/florida-bar-ii\/#primaryimage\"},\"image\":{\"@id\":\"https:\/\/www.cinesouk.ma\/product\/florida-bar-ii\/#primaryimage\"},\"thumbnailUrl\":\"https:\/\/www.cinesouk.ma\/wp-content\/uploads\/2025\/04\/FLORIDA-BAR-II.jpg\",\"datePublished\":\"2025-04-25T11:06:53+00:00\",\"dateModified\":\"2026-01-24T11:30:57+00:00\",\"description\":\"The FLORIDA BAR-II is a 4-in-1 mobile lighting system featuring PAR, Derby, strobe, and laser effects, designed for DJs and event organizers seeking a compact and versatile lighting solution.\",\"breadcrumb\":{\"@id\":\"https:\/\/www.cinesouk.ma\/product\/florida-bar-ii\/#breadcrumb\"},\"inLanguage\":\"fr-FR\",\"potentialAction\":[{\"@type\":\"ReadAction\",\"target\":[\"https:\/\/www.cinesouk.ma\/product\/florida-bar-ii\/\"]}]},{\"@type\":\"ImageObject\",\"inLanguage\":\"fr-FR\",\"@id\":\"https:\/\/www.cinesouk.ma\/product\/florida-bar-ii\/#primaryimage\",\"url\":\"https:\/\/www.cinesouk.ma\/wp-content\/uploads\/2025\/04\/FLORIDA-BAR-II.jpg\",\"contentUrl\":\"https:\/\/www.cinesouk.ma\/wp-content\/uploads\/2025\/04\/FLORIDA-BAR-II.jpg\",\"width\":300,\"height\":238,\"caption\":\"FLORIDA BAR-II\"},{\"@type\":\"BreadcrumbList\",\"@id\":\"https:\/\/www.cinesouk.ma\/product\/florida-bar-ii\/#breadcrumb\",\"itemListElement\":[{\"@type\":\"ListItem\",\"position\":1,\"name\":\"Home\",\"item\":\"https:\/\/www.cinesouk.ma\/\"},{\"@type\":\"ListItem\",\"position\":2,\"name\":\"Shop\",\"item\":\"https:\/\/www.cinesouk.ma\/shop\/\"},{\"@type\":\"ListItem\",\"position\":3,\"name\":\"FLORIDA BAR-II\"}]},{\"@type\":\"WebSite\",\"@id\":\"https:\/\/www.cinesouk.ma\/#website\",\"url\":\"https:\/\/www.cinesouk.ma\/\",\"name\":\"CineSouk\",\"description\":\"\",\"publisher\":{\"@id\":\"https:\/\/www.cinesouk.ma\/#organization\"},\"potentialAction\":[{\"@type\":\"SearchAction\",\"target\":{\"@type\":\"EntryPoint\",\"urlTemplate\":\"https:\/\/www.cinesouk.ma\/?s={search_term_string}\"},\"query-input\":{\"@type\":\"PropertyValueSpecification\",\"valueRequired\":true,\"valueName\":\"search_term_string\"}}],\"inLanguage\":\"fr-FR\"},{\"@type\":\"Organization\",\"@id\":\"https:\/\/www.cinesouk.ma\/#organization\",\"name\":\"CineSouk\",\"url\":\"https:\/\/www.cinesouk.ma\/\",\"logo\":{\"@type\":\"ImageObject\",\"inLanguage\":\"fr-FR\",\"@id\":\"https:\/\/www.cinesouk.ma\/#\/schema\/logo\/image\/\",\"url\":\"https:\/\/www.cinesouk.ma\/wp-content\/uploads\/2024\/01\/CineSouk-logo-v01-alpha-alligned-left.png\",\"contentUrl\":\"https:\/\/www.cinesouk.ma\/wp-content\/uploads\/2024\/01\/CineSouk-logo-v01-alpha-alligned-left.png\",\"width\":3204,\"height\":889,\"caption\":\"CineSouk\"},\"image\":{\"@id\":\"https:\/\/www.cinesouk.ma\/#\/schema\/logo\/image\/\"}}]}<\/script>\n<!-- \/ Yoast SEO Premium plugin. -->","yoast_head_json":{"title":"FLORIDA BAR-II - CineSouk","description":"The FLORIDA BAR-II is a 4-in-1 mobile lighting system featuring PAR, Derby, strobe, and laser effects, designed for DJs and event organizers seeking a compact and versatile lighting solution.","robots":{"index":"index","follow":"follow","max-snippet":"max-snippet:-1","max-image-preview":"max-image-preview:large","max-video-preview":"max-video-preview:-1"},"canonical":"https:\/\/www.cinesouk.ma\/fr\/produit\/florida-bar-ii\/","og_locale":"fr_FR","og_type":"article","og_title":"FLORIDA BAR-II","og_description":"The FLORIDA BAR-II is a 4-in-1 mobile lighting system featuring PAR, Derby, strobe, and laser effects, designed for DJs and event organizers seeking a compact and versatile lighting solution.","og_url":"https:\/\/www.cinesouk.ma\/fr\/produit\/florida-bar-ii\/","og_site_name":"CineSouk","article_modified_time":"2026-01-24T11:30:57+00:00","og_image":[{"width":300,"height":238,"url":"https:\/\/www.cinesouk.ma\/wp-content\/uploads\/2025\/04\/FLORIDA-BAR-II.jpg","type":"image\/jpeg"}],"twitter_card":"summary_large_image","twitter_description":"The FLORIDA BAR-II is a 4-in-1 mobile lighting system featuring PAR, Derby, strobe, and laser effects, designed for DJs and event organizers seeking a compact and versatile lighting solution.","twitter_misc":{"Dur\u00e9e de lecture estim\u00e9e":"2 minutes"},"schema":{"@context":"https:\/\/schema.org","@graph":[{"@type":"WebPage","@id":"https:\/\/www.cinesouk.ma\/product\/florida-bar-ii\/","url":"https:\/\/www.cinesouk.ma\/product\/florida-bar-ii\/","name":"FLORIDA BAR-II - CineSouk","isPartOf":{"@id":"https:\/\/www.cinesouk.ma\/#website"},"primaryImageOfPage":{"@id":"https:\/\/www.cinesouk.ma\/product\/florida-bar-ii\/#primaryimage"},"image":{"@id":"https:\/\/www.cinesouk.ma\/product\/florida-bar-ii\/#primaryimage"},"thumbnailUrl":"https:\/\/www.cinesouk.ma\/wp-content\/uploads\/2025\/04\/FLORIDA-BAR-II.jpg","datePublished":"2025-04-25T11:06:53+00:00","dateModified":"2026-01-24T11:30:57+00:00","description":"The FLORIDA BAR-II is a 4-in-1 mobile lighting system featuring PAR, Derby, strobe, and laser effects, designed for DJs and event organizers seeking a compact and versatile lighting solution.","breadcrumb":{"@id":"https:\/\/www.cinesouk.ma\/product\/florida-bar-ii\/#breadcrumb"},"inLanguage":"fr-FR","potentialAction":[{"@type":"ReadAction","target":["https:\/\/www.cinesouk.ma\/product\/florida-bar-ii\/"]}]},{"@type":"ImageObject","inLanguage":"fr-FR","@id":"https:\/\/www.cinesouk.ma\/product\/florida-bar-ii\/#primaryimage","url":"https:\/\/www.cinesouk.ma\/wp-content\/uploads\/2025\/04\/FLORIDA-BAR-II.jpg","contentUrl":"https:\/\/www.cinesouk.ma\/wp-content\/uploads\/2025\/04\/FLORIDA-BAR-II.jpg","width":300,"height":238,"caption":"FLORIDA BAR-II"},{"@type":"BreadcrumbList","@id":"https:\/\/www.cinesouk.ma\/product\/florida-bar-ii\/#breadcrumb","itemListElement":[{"@type":"ListItem","position":1,"name":"Home","item":"https:\/\/www.cinesouk.ma\/"},{"@type":"ListItem","position":2,"name":"Shop","item":"https:\/\/www.cinesouk.ma\/shop\/"},{"@type":"ListItem","position":3,"name":"FLORIDA BAR-II"}]},{"@type":"WebSite","@id":"https:\/\/www.cinesouk.ma\/#website","url":"https:\/\/www.cinesouk.ma\/","name":"CineSouk","description":"","publisher":{"@id":"https:\/\/www.cinesouk.ma\/#organization"},"potentialAction":[{"@type":"SearchAction","target":{"@type":"EntryPoint","urlTemplate":"https:\/\/www.cinesouk.ma\/?s={search_term_string}"},"query-input":{"@type":"PropertyValueSpecification","valueRequired":true,"valueName":"search_term_string"}}],"inLanguage":"fr-FR"},{"@type":"Organization","@id":"https:\/\/www.cinesouk.ma\/#organization","name":"CineSouk","url":"https:\/\/www.cinesouk.ma\/","logo":{"@type":"ImageObject","inLanguage":"fr-FR","@id":"https:\/\/www.cinesouk.ma\/#\/schema\/logo\/image\/","url":"https:\/\/www.cinesouk.ma\/wp-content\/uploads\/2024\/01\/CineSouk-logo-v01-alpha-alligned-left.png","contentUrl":"https:\/\/www.cinesouk.ma\/wp-content\/uploads\/2024\/01\/CineSouk-logo-v01-alpha-alligned-left.png","width":3204,"height":889,"caption":"CineSouk"},"image":{"@id":"https:\/\/www.cinesouk.ma\/#\/schema\/logo\/image\/"}}]}},"_links":{"self":[{"href":"https:\/\/www.cinesouk.ma\/fr\/wp-json\/wp\/v2\/product\/12530","targetHints":{"allow":["GET"]}}],"collection":[{"href":"https:\/\/www.cinesouk.ma\/fr\/wp-json\/wp\/v2\/product"}],"about":[{"href":"https:\/\/www.cinesouk.ma\/fr\/wp-json\/wp\/v2\/types\/product"}],"wp:featuredmedia":[{"embeddable":true,"href":"https:\/\/www.cinesouk.ma\/fr\/wp-json\/wp\/v2\/media\/12541"}],"wp:attachment":[{"href":"https:\/\/www.cinesouk.ma\/fr\/wp-json\/wp\/v2\/media?parent=12530"}],"wp:term":[{"taxonomy":"product_brand","embeddable":true,"href":"https:\/\/www.cinesouk.ma\/fr\/wp-json\/wp\/v2\/product_brand?post=12530"},{"taxonomy":"product_cat","embeddable":true,"href":"https:\/\/www.cinesouk.ma\/fr\/wp-json\/wp\/v2\/product_cat?post=12530"},{"taxonomy":"product_tag","embeddable":true,"href":"https:\/\/www.cinesouk.ma\/fr\/wp-json\/wp\/v2\/product_tag?post=12530"}],"curies":[{"name":"wp","href":"https:\/\/api.w.org\/{rel}","templated":true}]}}