{"id":1255,"date":"2025-02-08T10:32:12","date_gmt":"2025-02-08T10:32:12","guid":{"rendered":"https:\/\/www.cinesouk.ma\/?post_type=product&#038;p=1255"},"modified":"2025-08-19T11:11:02","modified_gmt":"2025-08-19T11:11:02","slug":"avenger-i750k-silk-scrim-60-x-90-cm","status":"publish","type":"product","link":"https:\/\/www.cinesouk.ma\/fr\/produit\/avenger-i750k-silk-scrim-60-x-90-cm\/","title":{"rendered":"Avenger I750K Scrim de soie 60 x 90 cm"},"content":{"rendered":"<p>La grille de soie Avenger I750K est un outil de diffusion polyvalent permettant d'obtenir une lumi\u00e8re douce et flatteuse. Cette grille en soie offre aux cin\u00e9astes et aux photographes une solution fiable pour contr\u00f4ler et modifier la lumi\u00e8re dans divers sc\u00e9narios de tournage. Fabriqu\u00e9 avec pr\u00e9cision, il est dot\u00e9 d'un cadre durable et d'un tissu en soie, qui assurent une diffusion coh\u00e9rente et un adoucissement des sources de lumi\u00e8re crue. Sa conception pliable permet aux cr\u00e9ateurs de contenu de transporter et d'installer facilement la grille, garantissant ainsi un flux de travail fluide. Compatible avec diff\u00e9rentes configurations d'\u00e9clairage, l'Avenger I750K Silk Scrim t\u00e9moigne de la qualit\u00e9 et de l'innovation. C'est le choix id\u00e9al pour les professionnels \u00e0 la recherche d'un outil fiable pour am\u00e9liorer leur contr\u00f4le de l'\u00e9clairage et obtenir des r\u00e9sultats visuellement \u00e9tonnants.<\/p>\n<p>Louez-le maintenant sur <a href=\"https:\/\/www.cinesouk.ma\/fr\">CINESOUK<\/a> - une marque de <a href=\"https:\/\/www.broadway.ma\/\">BROADWAY PRODUCTIONS SARL.<\/a><\/p>","protected":false},"excerpt":{"rendered":"<p>Sp\u00e9cifications<\/p>\n<p><strong>Taille :<\/strong> 60 x 90 cm<\/p>","protected":false},"featured_media":1275,"template":"","meta":{"om_disable_all_campaigns":false,"_monsterinsights_skip_tracking":false,"_monsterinsights_sitenote_active":false,"_monsterinsights_sitenote_note":"","_monsterinsights_sitenote_category":0,"_uf_show_specific_survey":0,"_uf_disable_surveys":false},"product_brand":[],"product_cat":[38],"product_tag":[],"class_list":{"0":"post-1255","1":"product","2":"type-product","3":"status-publish","4":"has-post-thumbnail","6":"product_cat-grip-cinesouk","8":"entry","9":"has-media","11":"first","12":"instock","13":"taxable","14":"shipping-taxable","15":"purchasable","16":"product-type-variable","17":"has-product-nav","18":"col","19":"span_1_of_3","20":"owp-content-center","21":"owp-thumbs-layout-horizontal","22":"owp-btn-normal","23":"owp-tabs-layout-horizontal","24":"has-no-thumbnails"},"yoast_head":"<!-- This site is optimized with the Yoast SEO Premium plugin v26.0 (Yoast SEO v26.0) - https:\/\/yoast.com\/wordpress\/plugins\/seo\/ -->\n<title>Avenger I750K Silk Scrim 60 x 90 cm - Marrakech | Morocco - CineSouk - For rent<\/title>\n<meta name=\"description\" content=\"Avenger I750K Silk Scrim 60 x 90 cm is a folding frame. It consists of silk covering to reduce light intensity. - CineSouk\" \/>\n<meta name=\"robots\" content=\"index, follow, max-snippet:-1, max-image-preview:large, max-video-preview:-1\" \/>\n<link rel=\"canonical\" href=\"https:\/\/www.cinesouk.ma\/fr\/produit\/avenger-i750k-silk-scrim-60-x-90-cm\/\" \/>\n<meta property=\"og:locale\" content=\"fr_FR\" \/>\n<meta property=\"og:type\" content=\"article\" \/>\n<meta property=\"og:title\" content=\"Avenger I750K Silk Scrim 60 x 90 cm\" \/>\n<meta property=\"og:description\" content=\"Avenger I750K Silk Scrim 60 x 90 cm is a folding frame. It consists of silk covering to reduce light intensity. - CineSouk\" \/>\n<meta property=\"og:url\" content=\"https:\/\/www.cinesouk.ma\/fr\/produit\/avenger-i750k-silk-scrim-60-x-90-cm\/\" \/>\n<meta property=\"og:site_name\" content=\"CineSouk\" \/>\n<meta property=\"article:modified_time\" content=\"2025-08-19T11:11:02+00:00\" \/>\n<meta property=\"og:image\" content=\"https:\/\/www.cinesouk.ma\/wp-content\/uploads\/2024\/01\/Avenger-I750K-Silk-Scrim-60-x-90-cm-.jpg\" \/>\n\t<meta property=\"og:image:width\" content=\"300\" \/>\n\t<meta property=\"og:image:height\" content=\"238\" \/>\n\t<meta property=\"og:image:type\" content=\"image\/jpeg\" \/>\n<meta name=\"twitter:card\" content=\"summary_large_image\" \/>\n<meta name=\"twitter:description\" content=\"Avenger I750K Silk Scrim 60 x 90 cm is a folding frame. It consists of silk covering to reduce light intensity. - CineSouk\" \/>\n<meta name=\"twitter:label1\" content=\"Dur\u00e9e de lecture estim\u00e9e\" \/>\n\t<meta name=\"twitter:data1\" content=\"1 minute\" \/>\n<script type=\"application\/ld+json\" class=\"yoast-schema-graph\">{\"@context\":\"https:\/\/schema.org\",\"@graph\":[{\"@type\":\"WebPage\",\"@id\":\"https:\/\/www.cinesouk.ma\/product\/avenger-i750k-silk-scrim-60-x-90-cm\/\",\"url\":\"https:\/\/www.cinesouk.ma\/product\/avenger-i750k-silk-scrim-60-x-90-cm\/\",\"name\":\"Avenger I750K Silk Scrim 60 x 90 cm - Marrakech | Morocco - CineSouk - For rent\",\"isPartOf\":{\"@id\":\"https:\/\/www.cinesouk.ma\/#website\"},\"primaryImageOfPage\":{\"@id\":\"https:\/\/www.cinesouk.ma\/product\/avenger-i750k-silk-scrim-60-x-90-cm\/#primaryimage\"},\"image\":{\"@id\":\"https:\/\/www.cinesouk.ma\/product\/avenger-i750k-silk-scrim-60-x-90-cm\/#primaryimage\"},\"thumbnailUrl\":\"https:\/\/www.cinesouk.ma\/wp-content\/uploads\/2024\/01\/Avenger-I750K-Silk-Scrim-60-x-90-cm-.jpg\",\"datePublished\":\"2025-02-08T10:32:12+00:00\",\"dateModified\":\"2025-08-19T11:11:02+00:00\",\"description\":\"Avenger I750K Silk Scrim 60 x 90 cm is a folding frame. It consists of silk covering to reduce light intensity. - CineSouk\",\"breadcrumb\":{\"@id\":\"https:\/\/www.cinesouk.ma\/product\/avenger-i750k-silk-scrim-60-x-90-cm\/#breadcrumb\"},\"inLanguage\":\"fr-FR\",\"potentialAction\":[{\"@type\":\"ReadAction\",\"target\":[\"https:\/\/www.cinesouk.ma\/product\/avenger-i750k-silk-scrim-60-x-90-cm\/\"]}]},{\"@type\":\"ImageObject\",\"inLanguage\":\"fr-FR\",\"@id\":\"https:\/\/www.cinesouk.ma\/product\/avenger-i750k-silk-scrim-60-x-90-cm\/#primaryimage\",\"url\":\"https:\/\/www.cinesouk.ma\/wp-content\/uploads\/2024\/01\/Avenger-I750K-Silk-Scrim-60-x-90-cm-.jpg\",\"contentUrl\":\"https:\/\/www.cinesouk.ma\/wp-content\/uploads\/2024\/01\/Avenger-I750K-Silk-Scrim-60-x-90-cm-.jpg\",\"width\":300,\"height\":238,\"caption\":\"Avenger I750K Silk Scrim\"},{\"@type\":\"BreadcrumbList\",\"@id\":\"https:\/\/www.cinesouk.ma\/product\/avenger-i750k-silk-scrim-60-x-90-cm\/#breadcrumb\",\"itemListElement\":[{\"@type\":\"ListItem\",\"position\":1,\"name\":\"Home\",\"item\":\"https:\/\/www.cinesouk.ma\/\"},{\"@type\":\"ListItem\",\"position\":2,\"name\":\"Shop\",\"item\":\"https:\/\/www.cinesouk.ma\/shop\/\"},{\"@type\":\"ListItem\",\"position\":3,\"name\":\"Avenger I750K Silk Scrim 60 x 90 cm\"}]},{\"@type\":\"WebSite\",\"@id\":\"https:\/\/www.cinesouk.ma\/#website\",\"url\":\"https:\/\/www.cinesouk.ma\/\",\"name\":\"CineSouk\",\"description\":\"\",\"publisher\":{\"@id\":\"https:\/\/www.cinesouk.ma\/#organization\"},\"potentialAction\":[{\"@type\":\"SearchAction\",\"target\":{\"@type\":\"EntryPoint\",\"urlTemplate\":\"https:\/\/www.cinesouk.ma\/?s={search_term_string}\"},\"query-input\":{\"@type\":\"PropertyValueSpecification\",\"valueRequired\":true,\"valueName\":\"search_term_string\"}}],\"inLanguage\":\"fr-FR\"},{\"@type\":\"Organization\",\"@id\":\"https:\/\/www.cinesouk.ma\/#organization\",\"name\":\"CineSouk\",\"url\":\"https:\/\/www.cinesouk.ma\/\",\"logo\":{\"@type\":\"ImageObject\",\"inLanguage\":\"fr-FR\",\"@id\":\"https:\/\/www.cinesouk.ma\/#\/schema\/logo\/image\/\",\"url\":\"https:\/\/www.cinesouk.ma\/wp-content\/uploads\/2024\/01\/CineSouk-logo-v01-alpha-alligned-left.png\",\"contentUrl\":\"https:\/\/www.cinesouk.ma\/wp-content\/uploads\/2024\/01\/CineSouk-logo-v01-alpha-alligned-left.png\",\"width\":3204,\"height\":889,\"caption\":\"CineSouk\"},\"image\":{\"@id\":\"https:\/\/www.cinesouk.ma\/#\/schema\/logo\/image\/\"}}]}<\/script>\n<!-- \/ Yoast SEO Premium plugin. -->","yoast_head_json":{"title":"Avenger I750K Silk Scrim 60 x 90 cm - Marrakech | Morocco - CineSouk - For rent","description":"Avenger I750K Silk Scrim 60 x 90 cm is a folding frame. It consists of silk covering to reduce light intensity. - CineSouk","robots":{"index":"index","follow":"follow","max-snippet":"max-snippet:-1","max-image-preview":"max-image-preview:large","max-video-preview":"max-video-preview:-1"},"canonical":"https:\/\/www.cinesouk.ma\/fr\/produit\/avenger-i750k-silk-scrim-60-x-90-cm\/","og_locale":"fr_FR","og_type":"article","og_title":"Avenger I750K Silk Scrim 60 x 90 cm","og_description":"Avenger I750K Silk Scrim 60 x 90 cm is a folding frame. It consists of silk covering to reduce light intensity. - CineSouk","og_url":"https:\/\/www.cinesouk.ma\/fr\/produit\/avenger-i750k-silk-scrim-60-x-90-cm\/","og_site_name":"CineSouk","article_modified_time":"2025-08-19T11:11:02+00:00","og_image":[{"width":300,"height":238,"url":"https:\/\/www.cinesouk.ma\/wp-content\/uploads\/2024\/01\/Avenger-I750K-Silk-Scrim-60-x-90-cm-.jpg","type":"image\/jpeg"}],"twitter_card":"summary_large_image","twitter_description":"Avenger I750K Silk Scrim 60 x 90 cm is a folding frame. It consists of silk covering to reduce light intensity. - CineSouk","twitter_misc":{"Dur\u00e9e de lecture estim\u00e9e":"1 minute"},"schema":{"@context":"https:\/\/schema.org","@graph":[{"@type":"WebPage","@id":"https:\/\/www.cinesouk.ma\/product\/avenger-i750k-silk-scrim-60-x-90-cm\/","url":"https:\/\/www.cinesouk.ma\/product\/avenger-i750k-silk-scrim-60-x-90-cm\/","name":"Avenger I750K Silk Scrim 60 x 90 cm - Marrakech | Morocco - CineSouk - For rent","isPartOf":{"@id":"https:\/\/www.cinesouk.ma\/#website"},"primaryImageOfPage":{"@id":"https:\/\/www.cinesouk.ma\/product\/avenger-i750k-silk-scrim-60-x-90-cm\/#primaryimage"},"image":{"@id":"https:\/\/www.cinesouk.ma\/product\/avenger-i750k-silk-scrim-60-x-90-cm\/#primaryimage"},"thumbnailUrl":"https:\/\/www.cinesouk.ma\/wp-content\/uploads\/2024\/01\/Avenger-I750K-Silk-Scrim-60-x-90-cm-.jpg","datePublished":"2025-02-08T10:32:12+00:00","dateModified":"2025-08-19T11:11:02+00:00","description":"Avenger I750K Silk Scrim 60 x 90 cm is a folding frame. It consists of silk covering to reduce light intensity. - CineSouk","breadcrumb":{"@id":"https:\/\/www.cinesouk.ma\/product\/avenger-i750k-silk-scrim-60-x-90-cm\/#breadcrumb"},"inLanguage":"fr-FR","potentialAction":[{"@type":"ReadAction","target":["https:\/\/www.cinesouk.ma\/product\/avenger-i750k-silk-scrim-60-x-90-cm\/"]}]},{"@type":"ImageObject","inLanguage":"fr-FR","@id":"https:\/\/www.cinesouk.ma\/product\/avenger-i750k-silk-scrim-60-x-90-cm\/#primaryimage","url":"https:\/\/www.cinesouk.ma\/wp-content\/uploads\/2024\/01\/Avenger-I750K-Silk-Scrim-60-x-90-cm-.jpg","contentUrl":"https:\/\/www.cinesouk.ma\/wp-content\/uploads\/2024\/01\/Avenger-I750K-Silk-Scrim-60-x-90-cm-.jpg","width":300,"height":238,"caption":"Avenger I750K Silk Scrim"},{"@type":"BreadcrumbList","@id":"https:\/\/www.cinesouk.ma\/product\/avenger-i750k-silk-scrim-60-x-90-cm\/#breadcrumb","itemListElement":[{"@type":"ListItem","position":1,"name":"Home","item":"https:\/\/www.cinesouk.ma\/"},{"@type":"ListItem","position":2,"name":"Shop","item":"https:\/\/www.cinesouk.ma\/shop\/"},{"@type":"ListItem","position":3,"name":"Avenger I750K Silk Scrim 60 x 90 cm"}]},{"@type":"WebSite","@id":"https:\/\/www.cinesouk.ma\/#website","url":"https:\/\/www.cinesouk.ma\/","name":"CineSouk","description":"","publisher":{"@id":"https:\/\/www.cinesouk.ma\/#organization"},"potentialAction":[{"@type":"SearchAction","target":{"@type":"EntryPoint","urlTemplate":"https:\/\/www.cinesouk.ma\/?s={search_term_string}"},"query-input":{"@type":"PropertyValueSpecification","valueRequired":true,"valueName":"search_term_string"}}],"inLanguage":"fr-FR"},{"@type":"Organization","@id":"https:\/\/www.cinesouk.ma\/#organization","name":"CineSouk","url":"https:\/\/www.cinesouk.ma\/","logo":{"@type":"ImageObject","inLanguage":"fr-FR","@id":"https:\/\/www.cinesouk.ma\/#\/schema\/logo\/image\/","url":"https:\/\/www.cinesouk.ma\/wp-content\/uploads\/2024\/01\/CineSouk-logo-v01-alpha-alligned-left.png","contentUrl":"https:\/\/www.cinesouk.ma\/wp-content\/uploads\/2024\/01\/CineSouk-logo-v01-alpha-alligned-left.png","width":3204,"height":889,"caption":"CineSouk"},"image":{"@id":"https:\/\/www.cinesouk.ma\/#\/schema\/logo\/image\/"}}]}},"_links":{"self":[{"href":"https:\/\/www.cinesouk.ma\/fr\/wp-json\/wp\/v2\/product\/1255","targetHints":{"allow":["GET"]}}],"collection":[{"href":"https:\/\/www.cinesouk.ma\/fr\/wp-json\/wp\/v2\/product"}],"about":[{"href":"https:\/\/www.cinesouk.ma\/fr\/wp-json\/wp\/v2\/types\/product"}],"wp:featuredmedia":[{"embeddable":true,"href":"https:\/\/www.cinesouk.ma\/fr\/wp-json\/wp\/v2\/media\/1275"}],"wp:attachment":[{"href":"https:\/\/www.cinesouk.ma\/fr\/wp-json\/wp\/v2\/media?parent=1255"}],"wp:term":[{"taxonomy":"product_brand","embeddable":true,"href":"https:\/\/www.cinesouk.ma\/fr\/wp-json\/wp\/v2\/product_brand?post=1255"},{"taxonomy":"product_cat","embeddable":true,"href":"https:\/\/www.cinesouk.ma\/fr\/wp-json\/wp\/v2\/product_cat?post=1255"},{"taxonomy":"product_tag","embeddable":true,"href":"https:\/\/www.cinesouk.ma\/fr\/wp-json\/wp\/v2\/product_tag?post=1255"}],"curies":[{"name":"wp","href":"https:\/\/api.w.org\/{rel}","templated":true}]}}