{"id":12554,"date":"2025-04-25T12:07:53","date_gmt":"2025-04-25T12:07:53","guid":{"rendered":"https:\/\/www.cinesouk.ma\/?post_type=product&#038;p=12554"},"modified":"2026-01-24T11:14:59","modified_gmt":"2026-01-24T11:14:59","slug":"yamaha-mg10xu-mixing-console","status":"publish","type":"product","link":"https:\/\/www.cinesouk.ma\/fr\/produit\/yamaha-mg10xu-mixing-console\/","title":{"rendered":"Yamaha MG10XU Console de mixage"},"content":{"rendered":"<p data-start=\"111\" data-end=\"488\">La Yamaha MG10XU est une table de mixage analogique compacte avec effets num\u00e9riques int\u00e9gr\u00e9s, con\u00e7ue pour les musiciens, les podcasters et les petits studios. Cette table de mixage est dot\u00e9e d'une interface audio USB 2 entr\u00e9es\/2 sorties, offrant des performances audio de haute qualit\u00e9 pour les applications de sonorisation en direct et d'enregistrement. Elle allie polyvalence et convivialit\u00e9, ce qui la rend id\u00e9ale pour un large \u00e9ventail de t\u00e2ches audio.<\/p>\n<p data-start=\"490\" data-end=\"776\">Dot\u00e9e de 10 entr\u00e9es (4 canaux mono et 3 canaux st\u00e9r\u00e9o), la MG10XU offre une connectivit\u00e9 flexible, dont 4 entr\u00e9es combo micro\/ligne avec alimentation fant\u00f4me +48V. La table de mixage est \u00e9galement \u00e9quip\u00e9e des pr\u00e9amplis D-PRE de Yamaha pour une entr\u00e9e micro de haute qualit\u00e9, garantissant un son clair et naturel.<\/p>\n<p data-start=\"778\" data-end=\"1096\">En outre, le MG10XU offre un \u00e9galiseur 3 bandes, des compresseurs \u00e0 bouton unique sur les canaux 1 \u00e0 4 et un processeur d'effets num\u00e9riques SPX \u00e0 24 programmes avec effets de r\u00e9verb\u00e9ration, de d\u00e9lai et de modulation. L'interface USB permet une int\u00e9gration transparente avec les logiciels d'enregistrement, facilitant l'enregistrement et le mixage directement \u00e0 partir de votre ordinateur.<\/p>\n<p data-start=\"1098\" data-end=\"1286\">Avec son design compact et durable, le MG10XU est parfait pour les installations portables et permanentes. Il est id\u00e9al pour la diffusion en direct, le podcasting, les petits \u00e9v\u00e9nements en direct ou les home studios.<\/p>\n<h3 data-start=\"1288\" data-end=\"1309\"><strong data-start=\"1292\" data-end=\"1309\">Caract\u00e9ristiques principales :<\/strong><\/h3>\n<ul data-start=\"1311\" data-end=\"1937\">\n<li data-start=\"1311\" data-end=\"1420\">\n<p data-start=\"1313\" data-end=\"1420\"><strong data-start=\"1313\" data-end=\"1324\">Entr\u00e9es :<\/strong> 10 au total (4 mono, 3 st\u00e9r\u00e9o) avec 4 entr\u00e9es combo XLR\/TRS pour les microphones et les signaux de niveau ligne.<\/p>\n<\/li>\n<li data-start=\"1421\" data-end=\"1503\">\n<p data-start=\"1423\" data-end=\"1503\"><strong data-start=\"1423\" data-end=\"1447\">Interface audio USB :<\/strong> Interface USB 2 entr\u00e9es\/2 sorties pour faciliter l'int\u00e9gration de l'ordinateur.<\/p>\n<\/li>\n<li data-start=\"1504\" data-end=\"1574\">\n<p data-start=\"1506\" data-end=\"1574\"><strong data-start=\"1506\" data-end=\"1524\">Pr\u00e9amplificateurs D-PRE :<\/strong> Pr\u00e9amplis de haute qualit\u00e9 pour un son propre et naturel.<\/p>\n<\/li>\n<li data-start=\"1575\" data-end=\"1663\">\n<p data-start=\"1577\" data-end=\"1663\"><strong data-start=\"1577\" data-end=\"1601\">Effets num\u00e9riques SPX :<\/strong> 24 effets int\u00e9gr\u00e9s, dont la r\u00e9verb\u00e9ration, le d\u00e9lai et la modulation.<\/p>\n<\/li>\n<li data-start=\"1664\" data-end=\"1736\">\n<p data-start=\"1666\" data-end=\"1736\"><strong data-start=\"1666\" data-end=\"1691\">Compresseurs \u00e0 une manette :<\/strong> Contr\u00f4le simple de la compression pour les canaux 1 \u00e0 4.<\/p>\n<\/li>\n<li data-start=\"1737\" data-end=\"1797\">\n<p data-start=\"1739\" data-end=\"1797\"><strong data-start=\"1739\" data-end=\"1753\">\u00c9galiseur \u00e0 3 bandes :<\/strong> Permet de contr\u00f4ler la tonalit\u00e9 sur chaque canal mono.<\/p>\n<\/li>\n<li data-start=\"1798\" data-end=\"1870\">\n<p data-start=\"1800\" data-end=\"1870\"><strong data-start=\"1800\" data-end=\"1819\">Conception compacte :<\/strong> L\u00e9ger et portable, id\u00e9al pour les installations mobiles.<\/p>\n<\/li>\n<li data-start=\"1871\" data-end=\"1937\">\n<p data-start=\"1873\" data-end=\"1937\"><strong data-start=\"1873\" data-end=\"1891\">Alimentation fant\u00f4me :<\/strong> Alimentation fant\u00f4me +48V pour les microphones \u00e0 condensateur.<\/p>\n<\/li>\n<\/ul>\n<h3 data-start=\"1939\" data-end=\"1962\"><strong data-start=\"1943\" data-end=\"1962\">Sp\u00e9cifications :<\/strong><\/h3>\n<ul data-start=\"1964\" data-end=\"2319\">\n<li data-start=\"1964\" data-end=\"1999\">\n<p data-start=\"1966\" data-end=\"1999\"><strong data-start=\"1966\" data-end=\"1981\">Dimensions :<\/strong> 244 x 71 x 294 mm<\/p>\n<\/li>\n<li data-start=\"2000\" data-end=\"2020\">\n<p data-start=\"2002\" data-end=\"2020\"><strong data-start=\"2002\" data-end=\"2013\">Poids :<\/strong> 2,1 kg<\/p>\n<\/li>\n<li data-start=\"2021\" data-end=\"2052\">\n<p data-start=\"2023\" data-end=\"2052\"><strong data-start=\"2023\" data-end=\"2045\">Consommation \u00e9lectrique :<\/strong> 22.9 W<\/p>\n<\/li>\n<li data-start=\"2053\" data-end=\"2135\">\n<p data-start=\"2055\" data-end=\"2135\"><strong data-start=\"2055\" data-end=\"2076\">Connecteurs d'entr\u00e9e :<\/strong> Prises combo XLR\/TRS pour les signaux de niveau micro et ligne.<\/p>\n<\/li>\n<li data-start=\"2136\" data-end=\"2192\">\n<p data-start=\"2138\" data-end=\"2192\"><strong data-start=\"2138\" data-end=\"2156\">Interface USB :<\/strong> USB 2 entr\u00e9es\/2 sorties, jusqu'\u00e0 24 bits\/192 kHz<\/p>\n<\/li>\n<li data-start=\"2193\" data-end=\"2264\">\n<p data-start=\"2195\" data-end=\"2264\"><strong data-start=\"2195\" data-end=\"2212\">Types d'effets :<\/strong> 24 effets SPX int\u00e9gr\u00e9s (r\u00e9verb\u00e9ration, d\u00e9lai, modulation)<\/p>\n<\/li>\n<li data-start=\"2265\" data-end=\"2319\">\n<p data-start=\"2267\" data-end=\"2319\"><strong data-start=\"2267\" data-end=\"2284\">\u00c9galisation :<\/strong> Egaliseur 3 bandes avec HPF sur chaque canal<\/p>\n<\/li>\n<\/ul>\n<p data-start=\"2342\" data-end=\"2648\">La Yamaha MG10XU est une table de mixage polyvalente et fiable qui offre une excellente qualit\u00e9 sonore, des effets num\u00e9riques et une connectivit\u00e9 USB dans un format compact et portable. C'est la solution id\u00e9ale pour les podcasteurs, les musiciens et les petits studios qui ont besoin d'une table de mixage puissante mais facile \u00e0 utiliser pour les applications en direct et en studio.<\/p>\n<p>Louez-le maintenant sur <a href=\"https:\/\/www.cinesouk.ma\/fr\">CINESOUK<\/a> - une marque de <a href=\"https:\/\/www.broadway.ma\/\">BROADWAY PRODUCTIONS SARL.<\/a><\/p>","protected":false},"excerpt":{"rendered":"<p><strong>Sp\u00e9cifications :<\/strong><\/p>\n<ul>\n<li class=\"\" data-start=\"1964\" data-end=\"1999\">\n<p class=\"\" data-start=\"1966\" data-end=\"1999\"><strong data-start=\"1966\" data-end=\"1981\">Dimensions :<\/strong> 244 x 71 x 294 mm<\/p>\n<\/li>\n<li class=\"\" data-start=\"2000\" data-end=\"2020\">\n<p class=\"\" data-start=\"2002\" data-end=\"2020\"><strong data-start=\"2002\" data-end=\"2013\">Poids :<\/strong> 2,1 kg<\/p>\n<\/li>\n<li class=\"\" data-start=\"2021\" data-end=\"2052\">\n<p class=\"\" data-start=\"2023\" data-end=\"2052\"><strong data-start=\"2023\" data-end=\"2045\">Consommation \u00e9lectrique :<\/strong> 22.9 W<\/p>\n<\/li>\n<li class=\"\" data-start=\"2053\" data-end=\"2135\">\n<p class=\"\" data-start=\"2055\" data-end=\"2135\"><strong data-start=\"2055\" data-end=\"2076\">Connecteurs d'entr\u00e9e :<\/strong> Prises combo XLR\/TRS pour les signaux de niveau micro et ligne.<\/p>\n<\/li>\n<li class=\"\" data-start=\"2136\" data-end=\"2192\">\n<p class=\"\" data-start=\"2138\" data-end=\"2192\"><strong data-start=\"2138\" data-end=\"2156\">Interface USB :<\/strong> USB 2 entr\u00e9es\/2 sorties, jusqu'\u00e0 24 bits\/192 kHz<\/p>\n<\/li>\n<li class=\"\" data-start=\"2193\" data-end=\"2264\">\n<p class=\"\" data-start=\"2195\" data-end=\"2264\"><strong data-start=\"2195\" data-end=\"2212\">Types d'effets :<\/strong> 24 effets SPX int\u00e9gr\u00e9s (r\u00e9verb\u00e9ration, d\u00e9lai, modulation)<\/p>\n<\/li>\n<li class=\"\" data-start=\"2265\" data-end=\"2319\">\n<p class=\"\" data-start=\"2267\" data-end=\"2319\"><strong data-start=\"2267\" data-end=\"2284\">\u00c9galisation :<\/strong> Egaliseur 3 bandes avec HPF sur chaque canal<\/p>\n<\/li>\n<\/ul>","protected":false},"featured_media":12565,"template":"","meta":{"om_disable_all_campaigns":false,"_monsterinsights_skip_tracking":false,"_monsterinsights_sitenote_active":false,"_monsterinsights_sitenote_note":"","_monsterinsights_sitenote_category":0,"_uf_show_specific_survey":0,"_uf_disable_surveys":false},"product_brand":[],"product_cat":[90,98,123,95,35],"product_tag":[],"class_list":{"0":"post-12554","1":"product","2":"type-product","3":"status-publish","4":"has-post-thumbnail","6":"product_cat-djparty-cinesouk","7":"product_cat-dj-sound-systems-eventsouk","8":"product_cat-featured-eventsouk","9":"product_cat-mixing-consoles-eventsouk","10":"product_cat-sound-cinesouk","12":"entry","13":"has-media","15":"first","16":"instock","17":"taxable","18":"shipping-taxable","19":"purchasable","20":"product-type-variable","21":"has-product-nav","22":"col","23":"span_1_of_3","24":"owp-content-center","25":"owp-thumbs-layout-horizontal","26":"owp-btn-normal","27":"owp-tabs-layout-horizontal","28":"has-no-thumbnails"},"yoast_head":"<!-- This site is optimized with the Yoast SEO Premium plugin v26.0 (Yoast SEO v26.0) - https:\/\/yoast.com\/wordpress\/plugins\/seo\/ -->\n<title>Yamaha MG10XU Mixing Console - CineSouk - CineSouk - Marrakech | Morocco - For rent<\/title>\n<meta name=\"description\" content=\"The Yamaha MG10XU is a 10-input analog mixer with built-in digital effects and a USB audio interface, designed for small studios, live streaming, and podcasting. It offers high-quality sound and versatile connectivity.\" \/>\n<meta name=\"robots\" content=\"index, follow, max-snippet:-1, max-image-preview:large, max-video-preview:-1\" \/>\n<link rel=\"canonical\" href=\"https:\/\/www.cinesouk.ma\/fr\/produit\/yamaha-mg10xu-mixing-console\/\" \/>\n<meta property=\"og:locale\" content=\"fr_FR\" \/>\n<meta property=\"og:type\" content=\"article\" \/>\n<meta property=\"og:title\" content=\"Yamaha MG10XU Mixing Console\" \/>\n<meta property=\"og:description\" content=\"The Yamaha MG10XU is a 10-input analog mixer with built-in digital effects and a USB audio interface, designed for small studios, live streaming, and podcasting. It offers high-quality sound and versatile connectivity.\" \/>\n<meta property=\"og:url\" content=\"https:\/\/www.cinesouk.ma\/fr\/produit\/yamaha-mg10xu-mixing-console\/\" \/>\n<meta property=\"og:site_name\" content=\"CineSouk\" \/>\n<meta property=\"article:modified_time\" content=\"2026-01-24T11:14:59+00:00\" \/>\n<meta property=\"og:image\" content=\"https:\/\/www.cinesouk.ma\/wp-content\/uploads\/2025\/04\/Yamaha-MG10XU.jpg\" \/>\n\t<meta property=\"og:image:width\" content=\"300\" \/>\n\t<meta property=\"og:image:height\" content=\"238\" \/>\n\t<meta property=\"og:image:type\" content=\"image\/jpeg\" \/>\n<meta name=\"twitter:card\" content=\"summary_large_image\" \/>\n<meta name=\"twitter:description\" content=\"The Yamaha MG10XU is a 10-input analog mixer with built-in digital effects and a USB audio interface, designed for small studios, live streaming, and podcasting. It offers high-quality sound and versatile connectivity.\" \/>\n<meta name=\"twitter:label1\" content=\"Dur\u00e9e de lecture estim\u00e9e\" \/>\n\t<meta name=\"twitter:data1\" content=\"2 minutes\" \/>\n<script type=\"application\/ld+json\" class=\"yoast-schema-graph\">{\"@context\":\"https:\/\/schema.org\",\"@graph\":[{\"@type\":\"WebPage\",\"@id\":\"https:\/\/www.cinesouk.ma\/product\/yamaha-mg10xu-mixing-console\/\",\"url\":\"https:\/\/www.cinesouk.ma\/product\/yamaha-mg10xu-mixing-console\/\",\"name\":\"Yamaha MG10XU Mixing Console - CineSouk - CineSouk - Marrakech | Morocco - For rent\",\"isPartOf\":{\"@id\":\"https:\/\/www.cinesouk.ma\/#website\"},\"primaryImageOfPage\":{\"@id\":\"https:\/\/www.cinesouk.ma\/product\/yamaha-mg10xu-mixing-console\/#primaryimage\"},\"image\":{\"@id\":\"https:\/\/www.cinesouk.ma\/product\/yamaha-mg10xu-mixing-console\/#primaryimage\"},\"thumbnailUrl\":\"https:\/\/www.cinesouk.ma\/wp-content\/uploads\/2025\/04\/Yamaha-MG10XU.jpg\",\"datePublished\":\"2025-04-25T12:07:53+00:00\",\"dateModified\":\"2026-01-24T11:14:59+00:00\",\"description\":\"The Yamaha MG10XU is a 10-input analog mixer with built-in digital effects and a USB audio interface, designed for small studios, live streaming, and podcasting. It offers high-quality sound and versatile connectivity.\",\"breadcrumb\":{\"@id\":\"https:\/\/www.cinesouk.ma\/product\/yamaha-mg10xu-mixing-console\/#breadcrumb\"},\"inLanguage\":\"fr-FR\",\"potentialAction\":[{\"@type\":\"ReadAction\",\"target\":[\"https:\/\/www.cinesouk.ma\/product\/yamaha-mg10xu-mixing-console\/\"]}]},{\"@type\":\"ImageObject\",\"inLanguage\":\"fr-FR\",\"@id\":\"https:\/\/www.cinesouk.ma\/product\/yamaha-mg10xu-mixing-console\/#primaryimage\",\"url\":\"https:\/\/www.cinesouk.ma\/wp-content\/uploads\/2025\/04\/Yamaha-MG10XU.jpg\",\"contentUrl\":\"https:\/\/www.cinesouk.ma\/wp-content\/uploads\/2025\/04\/Yamaha-MG10XU.jpg\",\"width\":300,\"height\":238,\"caption\":\"Yamaha MG10XU\"},{\"@type\":\"BreadcrumbList\",\"@id\":\"https:\/\/www.cinesouk.ma\/product\/yamaha-mg10xu-mixing-console\/#breadcrumb\",\"itemListElement\":[{\"@type\":\"ListItem\",\"position\":1,\"name\":\"Home\",\"item\":\"https:\/\/www.cinesouk.ma\/\"},{\"@type\":\"ListItem\",\"position\":2,\"name\":\"Shop\",\"item\":\"https:\/\/www.cinesouk.ma\/shop\/\"},{\"@type\":\"ListItem\",\"position\":3,\"name\":\"Yamaha MG10XU Mixing Console\"}]},{\"@type\":\"WebSite\",\"@id\":\"https:\/\/www.cinesouk.ma\/#website\",\"url\":\"https:\/\/www.cinesouk.ma\/\",\"name\":\"CineSouk\",\"description\":\"\",\"publisher\":{\"@id\":\"https:\/\/www.cinesouk.ma\/#organization\"},\"potentialAction\":[{\"@type\":\"SearchAction\",\"target\":{\"@type\":\"EntryPoint\",\"urlTemplate\":\"https:\/\/www.cinesouk.ma\/?s={search_term_string}\"},\"query-input\":{\"@type\":\"PropertyValueSpecification\",\"valueRequired\":true,\"valueName\":\"search_term_string\"}}],\"inLanguage\":\"fr-FR\"},{\"@type\":\"Organization\",\"@id\":\"https:\/\/www.cinesouk.ma\/#organization\",\"name\":\"CineSouk\",\"url\":\"https:\/\/www.cinesouk.ma\/\",\"logo\":{\"@type\":\"ImageObject\",\"inLanguage\":\"fr-FR\",\"@id\":\"https:\/\/www.cinesouk.ma\/#\/schema\/logo\/image\/\",\"url\":\"https:\/\/www.cinesouk.ma\/wp-content\/uploads\/2024\/01\/CineSouk-logo-v01-alpha-alligned-left.png\",\"contentUrl\":\"https:\/\/www.cinesouk.ma\/wp-content\/uploads\/2024\/01\/CineSouk-logo-v01-alpha-alligned-left.png\",\"width\":3204,\"height\":889,\"caption\":\"CineSouk\"},\"image\":{\"@id\":\"https:\/\/www.cinesouk.ma\/#\/schema\/logo\/image\/\"}}]}<\/script>\n<!-- \/ Yoast SEO Premium plugin. -->","yoast_head_json":{"title":"Yamaha MG10XU Mixing Console - CineSouk - CineSouk - Marrakech | Morocco - For rent","description":"The Yamaha MG10XU is a 10-input analog mixer with built-in digital effects and a USB audio interface, designed for small studios, live streaming, and podcasting. It offers high-quality sound and versatile connectivity.","robots":{"index":"index","follow":"follow","max-snippet":"max-snippet:-1","max-image-preview":"max-image-preview:large","max-video-preview":"max-video-preview:-1"},"canonical":"https:\/\/www.cinesouk.ma\/fr\/produit\/yamaha-mg10xu-mixing-console\/","og_locale":"fr_FR","og_type":"article","og_title":"Yamaha MG10XU Mixing Console","og_description":"The Yamaha MG10XU is a 10-input analog mixer with built-in digital effects and a USB audio interface, designed for small studios, live streaming, and podcasting. It offers high-quality sound and versatile connectivity.","og_url":"https:\/\/www.cinesouk.ma\/fr\/produit\/yamaha-mg10xu-mixing-console\/","og_site_name":"CineSouk","article_modified_time":"2026-01-24T11:14:59+00:00","og_image":[{"width":300,"height":238,"url":"https:\/\/www.cinesouk.ma\/wp-content\/uploads\/2025\/04\/Yamaha-MG10XU.jpg","type":"image\/jpeg"}],"twitter_card":"summary_large_image","twitter_description":"The Yamaha MG10XU is a 10-input analog mixer with built-in digital effects and a USB audio interface, designed for small studios, live streaming, and podcasting. It offers high-quality sound and versatile connectivity.","twitter_misc":{"Dur\u00e9e de lecture estim\u00e9e":"2 minutes"},"schema":{"@context":"https:\/\/schema.org","@graph":[{"@type":"WebPage","@id":"https:\/\/www.cinesouk.ma\/product\/yamaha-mg10xu-mixing-console\/","url":"https:\/\/www.cinesouk.ma\/product\/yamaha-mg10xu-mixing-console\/","name":"Yamaha MG10XU Mixing Console - CineSouk - CineSouk - Marrakech | Morocco - For rent","isPartOf":{"@id":"https:\/\/www.cinesouk.ma\/#website"},"primaryImageOfPage":{"@id":"https:\/\/www.cinesouk.ma\/product\/yamaha-mg10xu-mixing-console\/#primaryimage"},"image":{"@id":"https:\/\/www.cinesouk.ma\/product\/yamaha-mg10xu-mixing-console\/#primaryimage"},"thumbnailUrl":"https:\/\/www.cinesouk.ma\/wp-content\/uploads\/2025\/04\/Yamaha-MG10XU.jpg","datePublished":"2025-04-25T12:07:53+00:00","dateModified":"2026-01-24T11:14:59+00:00","description":"The Yamaha MG10XU is a 10-input analog mixer with built-in digital effects and a USB audio interface, designed for small studios, live streaming, and podcasting. It offers high-quality sound and versatile connectivity.","breadcrumb":{"@id":"https:\/\/www.cinesouk.ma\/product\/yamaha-mg10xu-mixing-console\/#breadcrumb"},"inLanguage":"fr-FR","potentialAction":[{"@type":"ReadAction","target":["https:\/\/www.cinesouk.ma\/product\/yamaha-mg10xu-mixing-console\/"]}]},{"@type":"ImageObject","inLanguage":"fr-FR","@id":"https:\/\/www.cinesouk.ma\/product\/yamaha-mg10xu-mixing-console\/#primaryimage","url":"https:\/\/www.cinesouk.ma\/wp-content\/uploads\/2025\/04\/Yamaha-MG10XU.jpg","contentUrl":"https:\/\/www.cinesouk.ma\/wp-content\/uploads\/2025\/04\/Yamaha-MG10XU.jpg","width":300,"height":238,"caption":"Yamaha MG10XU"},{"@type":"BreadcrumbList","@id":"https:\/\/www.cinesouk.ma\/product\/yamaha-mg10xu-mixing-console\/#breadcrumb","itemListElement":[{"@type":"ListItem","position":1,"name":"Home","item":"https:\/\/www.cinesouk.ma\/"},{"@type":"ListItem","position":2,"name":"Shop","item":"https:\/\/www.cinesouk.ma\/shop\/"},{"@type":"ListItem","position":3,"name":"Yamaha MG10XU Mixing Console"}]},{"@type":"WebSite","@id":"https:\/\/www.cinesouk.ma\/#website","url":"https:\/\/www.cinesouk.ma\/","name":"CineSouk","description":"","publisher":{"@id":"https:\/\/www.cinesouk.ma\/#organization"},"potentialAction":[{"@type":"SearchAction","target":{"@type":"EntryPoint","urlTemplate":"https:\/\/www.cinesouk.ma\/?s={search_term_string}"},"query-input":{"@type":"PropertyValueSpecification","valueRequired":true,"valueName":"search_term_string"}}],"inLanguage":"fr-FR"},{"@type":"Organization","@id":"https:\/\/www.cinesouk.ma\/#organization","name":"CineSouk","url":"https:\/\/www.cinesouk.ma\/","logo":{"@type":"ImageObject","inLanguage":"fr-FR","@id":"https:\/\/www.cinesouk.ma\/#\/schema\/logo\/image\/","url":"https:\/\/www.cinesouk.ma\/wp-content\/uploads\/2024\/01\/CineSouk-logo-v01-alpha-alligned-left.png","contentUrl":"https:\/\/www.cinesouk.ma\/wp-content\/uploads\/2024\/01\/CineSouk-logo-v01-alpha-alligned-left.png","width":3204,"height":889,"caption":"CineSouk"},"image":{"@id":"https:\/\/www.cinesouk.ma\/#\/schema\/logo\/image\/"}}]}},"_links":{"self":[{"href":"https:\/\/www.cinesouk.ma\/fr\/wp-json\/wp\/v2\/product\/12554","targetHints":{"allow":["GET"]}}],"collection":[{"href":"https:\/\/www.cinesouk.ma\/fr\/wp-json\/wp\/v2\/product"}],"about":[{"href":"https:\/\/www.cinesouk.ma\/fr\/wp-json\/wp\/v2\/types\/product"}],"wp:featuredmedia":[{"embeddable":true,"href":"https:\/\/www.cinesouk.ma\/fr\/wp-json\/wp\/v2\/media\/12565"}],"wp:attachment":[{"href":"https:\/\/www.cinesouk.ma\/fr\/wp-json\/wp\/v2\/media?parent=12554"}],"wp:term":[{"taxonomy":"product_brand","embeddable":true,"href":"https:\/\/www.cinesouk.ma\/fr\/wp-json\/wp\/v2\/product_brand?post=12554"},{"taxonomy":"product_cat","embeddable":true,"href":"https:\/\/www.cinesouk.ma\/fr\/wp-json\/wp\/v2\/product_cat?post=12554"},{"taxonomy":"product_tag","embeddable":true,"href":"https:\/\/www.cinesouk.ma\/fr\/wp-json\/wp\/v2\/product_tag?post=12554"}],"curies":[{"name":"wp","href":"https:\/\/api.w.org\/{rel}","templated":true}]}}