{"id":12566,"date":"2025-04-25T15:14:34","date_gmt":"2025-04-25T15:14:34","guid":{"rendered":"https:\/\/www.cinesouk.ma\/?post_type=product&#038;p=12566"},"modified":"2026-01-24T11:11:34","modified_gmt":"2026-01-24T11:11:34","slug":"alphatheta-xdj-az-dj-system","status":"publish","type":"product","link":"https:\/\/www.cinesouk.ma\/fr\/produit\/alphatheta-xdj-az-dj-system\/","title":{"rendered":"Syst\u00e8me DJ Pioneer AlphaTheta XDJ-AZ"},"content":{"rendered":"<p data-start=\"131\" data-end=\"578\">Le Pioneer AlphaTheta XDJ-AZ est un puissant syst\u00e8me DJ tout-en-un \u00e0 4 canaux, sp\u00e9cialement con\u00e7u pour les professionnels \u00e0 la recherche d'une exp\u00e9rience de mixage autonome. Il est dot\u00e9 d'un \u00e9cran tactile de 10,1 pouces, de roues de jogging de 206 mm et d'un retour d'information haute r\u00e9solution, offrant un contr\u00f4le transparent et intuitif. En outre, il comprend des options de connectivit\u00e9 avanc\u00e9es telles que Wi-Fi, Bluetooth 5.3 et SonicLink, qui garantissent une transmission audio sans fil avec une latence minimale.<\/p>\n<h3 data-start=\"580\" data-end=\"601\"><strong data-start=\"584\" data-end=\"601\">Caract\u00e9ristiques principales de l'AlphaTheta XDJ-AZ :<\/strong><\/h3>\n<ul data-start=\"603\" data-end=\"1730\">\n<li data-start=\"603\" data-end=\"772\">\n<p data-start=\"605\" data-end=\"772\"><strong data-start=\"605\" data-end=\"629\">Mise en page professionnelle :<\/strong> L'interface du XDJ-AZ refl\u00e8te celle du CDJ-3000 et du DJM-A9, offrant aux DJ une configuration famili\u00e8re pour faciliter l'utilisation dans les clubs.<\/p>\n<\/li>\n<li data-start=\"774\" data-end=\"918\">\n<p data-start=\"776\" data-end=\"918\"><strong data-start=\"776\" data-end=\"802\">\u00c9cran tactile de 10,1 pouces :<\/strong> Le grand \u00e9cran rend la navigation rapide et intuitive, permettant une s\u00e9lection rapide des pistes et un contr\u00f4le efficace des effets.<\/p>\n<\/li>\n<li data-start=\"920\" data-end=\"1097\">\n<p data-start=\"922\" data-end=\"1097\"><strong data-start=\"922\" data-end=\"948\">Connectivit\u00e9 \u00e9tendue :<\/strong> Le syst\u00e8me dispose de trois ports USB (deux pour les appareils, un pour l'ordinateur), d'un port LAN 100BASE-TX et de ports pour casque st\u00e9r\u00e9o 1\/4\" et mini-jack 3,5 mm.<\/p>\n<\/li>\n<li data-start=\"1099\" data-end=\"1277\">\n<p data-start=\"1101\" data-end=\"1277\"><strong data-start=\"1101\" data-end=\"1128\">Compatibilit\u00e9 logicielle :<\/strong> Il prend en charge rekordbox pour les appareils Mac\/Windows et iOS\/Android. En outre, il est compatible avec Serato DJ Pro, disponible \u00e0 partir de d\u00e9cembre 2024.<\/p>\n<\/li>\n<li data-start=\"1279\" data-end=\"1413\">\n<p data-start=\"1281\" data-end=\"1413\"><strong data-start=\"1281\" data-end=\"1305\">StreamingDirectPlay :<\/strong> Les utilisateurs peuvent acc\u00e9der directement \u00e0 Apple Music et \u00e0 Beatport Streaming, sans avoir besoin d'un abonnement suppl\u00e9mentaire.<\/p>\n<\/li>\n<li data-start=\"1415\" data-end=\"1576\">\n<p data-start=\"1417\" data-end=\"1576\"><strong data-start=\"1417\" data-end=\"1431\">SonicLink :<\/strong> Cette fonction assure une transmission audio sans fil avec une latence ultra-faible (9 ms), permettant un contr\u00f4le en temps r\u00e9el via le casque HDJ-F10 TX.<\/p>\n<\/li>\n<li data-start=\"1578\" data-end=\"1730\">\n<p data-start=\"1580\" data-end=\"1730\"><strong data-start=\"1580\" data-end=\"1611\">Effets audio professionnels :<\/strong> Le syst\u00e8me comprend divers effets, tels que Sound Color FX et Beat FX, qui permettent d'ajouter des \u00e9l\u00e9ments dynamiques aux performances en direct.<\/p>\n<\/li>\n<\/ul>\n<h3 data-start=\"1732\" data-end=\"1755\"><strong data-start=\"1736\" data-end=\"1755\">Sp\u00e9cifications :<\/strong><\/h3>\n<ul data-start=\"1757\" data-end=\"2013\">\n<li data-start=\"1757\" data-end=\"1797\">\n<p data-start=\"1759\" data-end=\"1797\"><strong data-start=\"1759\" data-end=\"1774\">Dimensions :<\/strong> 895 x 504,1 x 133,4 mm<\/p>\n<\/li>\n<li data-start=\"1798\" data-end=\"1819\">\n<p data-start=\"1800\" data-end=\"1819\"><strong data-start=\"1800\" data-end=\"1811\">Poids :<\/strong> 13,5 kg<\/p>\n<\/li>\n<li data-start=\"1820\" data-end=\"1870\">\n<p data-start=\"1822\" data-end=\"1870\"><strong data-start=\"1822\" data-end=\"1845\">R\u00e9ponse en fr\u00e9quence :<\/strong> 20 Hz - 20 kHz (via USB)<\/p>\n<\/li>\n<li data-start=\"1871\" data-end=\"1916\">\n<p data-start=\"1873\" data-end=\"1916\"><strong data-start=\"1873\" data-end=\"1899\">Rapport signal\/bruit :<\/strong> 115 dB (via USB)<\/p>\n<\/li>\n<li data-start=\"1917\" data-end=\"1967\">\n<p data-start=\"1919\" data-end=\"1967\"><strong data-start=\"1919\" data-end=\"1949\">Distorsion harmonique totale :<\/strong> 0,0018% (via USB)<\/p>\n<\/li>\n<li data-start=\"1968\" data-end=\"2013\">\n<p data-start=\"1970\" data-end=\"2013\"><strong data-start=\"1970\" data-end=\"1987\">Alimentation \u00e9lectrique :<\/strong> Livr\u00e9 avec un c\u00e2ble d'alimentation.<\/p>\n<\/li>\n<\/ul>\n<p data-start=\"2036\" data-end=\"2418\">Le Pioneer AlphaTheta XDJ-AZ est un syst\u00e8me DJ complet qui combine des fonctions avanc\u00e9es et une grande polyvalence. Il est parfait pour les DJ professionnels qui ont besoin de performances fiables, d'un contr\u00f4le transparent et d'un large \u00e9ventail d'effets et d'options de connectivit\u00e9. Qu'il s'agisse de performances en club, d'\u00e9v\u00e9nements ou d'une utilisation en studio, il offre la flexibilit\u00e9 et la fiabilit\u00e9 n\u00e9cessaires pour des performances en direct de haute qualit\u00e9.<\/p>\n<p data-start=\"102\" data-end=\"545\">Louez-le maintenant \u00e0 CINESOUK - une marque de BROADWAY PRODUCTIONS SARL.<\/p>","protected":false},"excerpt":{"rendered":"<p><strong>Sp\u00e9cifications :<\/strong><\/p>\n<ul>\n<li class=\"\" data-start=\"1757\" data-end=\"1797\">\n<p class=\"\" data-start=\"1759\" data-end=\"1797\"><strong data-start=\"1759\" data-end=\"1774\">Dimensions :<\/strong> 895 x 504,1 x 133,4 mm<\/p>\n<\/li>\n<li class=\"\" data-start=\"1798\" data-end=\"1819\">\n<p class=\"\" data-start=\"1800\" data-end=\"1819\"><strong data-start=\"1800\" data-end=\"1811\">Poids :<\/strong> 13,5 kg<\/p>\n<\/li>\n<li class=\"\" data-start=\"1820\" data-end=\"1870\">\n<p class=\"\" data-start=\"1822\" data-end=\"1870\"><strong data-start=\"1822\" data-end=\"1845\">R\u00e9ponse en fr\u00e9quence :<\/strong> 20 Hz - 20 kHz (via USB)<\/p>\n<\/li>\n<li class=\"\" data-start=\"1871\" data-end=\"1916\">\n<p class=\"\" data-start=\"1873\" data-end=\"1916\"><strong data-start=\"1873\" data-end=\"1899\">Rapport signal\/bruit :<\/strong> 115 dB (via USB)<\/p>\n<\/li>\n<li class=\"\" data-start=\"1917\" data-end=\"1967\">\n<p class=\"\" data-start=\"1919\" data-end=\"1967\"><strong data-start=\"1919\" data-end=\"1949\">Distorsion harmonique totale :<\/strong> 0,0018% (via USB)<\/p>\n<\/li>\n<li class=\"\" data-start=\"1968\" data-end=\"2013\">\n<p class=\"\" data-start=\"1970\" data-end=\"2013\"><strong data-start=\"1970\" data-end=\"1987\">Alimentation \u00e9lectrique :<\/strong> Livr\u00e9 avec un c\u00e2ble d'alimentation.<\/p>\n<\/li>\n<\/ul>","protected":false},"featured_media":12578,"template":"","meta":{"om_disable_all_campaigns":false,"_monsterinsights_skip_tracking":false,"_monsterinsights_sitenote_active":false,"_monsterinsights_sitenote_note":"","_monsterinsights_sitenote_category":0,"_uf_show_specific_survey":0,"_uf_disable_surveys":false},"product_brand":[],"product_cat":[90,98,35],"product_tag":[],"class_list":{"0":"post-12566","1":"product","2":"type-product","3":"status-publish","4":"has-post-thumbnail","6":"product_cat-djparty-cinesouk","7":"product_cat-dj-sound-systems-eventsouk","8":"product_cat-sound-cinesouk","10":"entry","11":"has-media","13":"first","14":"instock","15":"taxable","16":"shipping-taxable","17":"purchasable","18":"product-type-variable","19":"has-product-nav","20":"col","21":"span_1_of_3","22":"owp-content-center","23":"owp-thumbs-layout-horizontal","24":"owp-btn-normal","25":"owp-tabs-layout-horizontal","26":"has-no-thumbnails"},"yoast_head":"<!-- This site is optimized with the Yoast SEO Premium plugin v26.0 (Yoast SEO v26.0) - https:\/\/yoast.com\/wordpress\/plugins\/seo\/ -->\n<title>Pioneer AlphaTheta XDJ-AZ DJ system - CineSouk - CineSouk - Marrakech | Morocco<\/title>\n<meta name=\"description\" content=\"The Pioneer AlphaTheta XDJ-AZ is a 4-channel all-in-one DJ system featuring advanced connectivity, a 10.1-inch touchscreen, and professional audio effects, designed for DJs who demand seamless control and versatility in their performances.\" \/>\n<meta name=\"robots\" content=\"index, follow, max-snippet:-1, max-image-preview:large, max-video-preview:-1\" \/>\n<link rel=\"canonical\" href=\"https:\/\/www.cinesouk.ma\/fr\/produit\/alphatheta-xdj-az-dj-system\/\" \/>\n<meta property=\"og:locale\" content=\"fr_FR\" \/>\n<meta property=\"og:type\" content=\"article\" \/>\n<meta property=\"og:title\" content=\"Pioneer AlphaTheta XDJ-AZ DJ system\" \/>\n<meta property=\"og:description\" content=\"The Pioneer AlphaTheta XDJ-AZ is a 4-channel all-in-one DJ system featuring advanced connectivity, a 10.1-inch touchscreen, and professional audio effects, designed for DJs who demand seamless control and versatility in their performances.\" \/>\n<meta property=\"og:url\" content=\"https:\/\/www.cinesouk.ma\/fr\/produit\/alphatheta-xdj-az-dj-system\/\" \/>\n<meta property=\"og:site_name\" content=\"CineSouk\" \/>\n<meta property=\"article:modified_time\" content=\"2026-01-24T11:11:34+00:00\" \/>\n<meta property=\"og:image\" content=\"https:\/\/www.cinesouk.ma\/wp-content\/uploads\/2025\/04\/AlphaTheta-XDJ-AZ-DJ-system.jpg\" \/>\n\t<meta property=\"og:image:width\" content=\"300\" \/>\n\t<meta property=\"og:image:height\" content=\"238\" \/>\n\t<meta property=\"og:image:type\" content=\"image\/jpeg\" \/>\n<meta name=\"twitter:card\" content=\"summary_large_image\" \/>\n<meta name=\"twitter:description\" content=\"The Pioneer AlphaTheta XDJ-AZ is a 4-channel all-in-one DJ system featuring advanced connectivity, a 10.1-inch touchscreen, and professional audio effects, designed for DJs who demand seamless control and versatility in their performances.\" \/>\n<meta name=\"twitter:label1\" content=\"Dur\u00e9e de lecture estim\u00e9e\" \/>\n\t<meta name=\"twitter:data1\" content=\"2 minutes\" \/>\n<script type=\"application\/ld+json\" class=\"yoast-schema-graph\">{\"@context\":\"https:\/\/schema.org\",\"@graph\":[{\"@type\":\"WebPage\",\"@id\":\"https:\/\/www.cinesouk.ma\/product\/alphatheta-xdj-az-dj-system\/\",\"url\":\"https:\/\/www.cinesouk.ma\/product\/alphatheta-xdj-az-dj-system\/\",\"name\":\"Pioneer AlphaTheta XDJ-AZ DJ system - CineSouk - CineSouk - Marrakech | Morocco\",\"isPartOf\":{\"@id\":\"https:\/\/www.cinesouk.ma\/#website\"},\"primaryImageOfPage\":{\"@id\":\"https:\/\/www.cinesouk.ma\/product\/alphatheta-xdj-az-dj-system\/#primaryimage\"},\"image\":{\"@id\":\"https:\/\/www.cinesouk.ma\/product\/alphatheta-xdj-az-dj-system\/#primaryimage\"},\"thumbnailUrl\":\"https:\/\/www.cinesouk.ma\/wp-content\/uploads\/2025\/04\/AlphaTheta-XDJ-AZ-DJ-system.jpg\",\"datePublished\":\"2025-04-25T15:14:34+00:00\",\"dateModified\":\"2026-01-24T11:11:34+00:00\",\"description\":\"The Pioneer AlphaTheta XDJ-AZ is a 4-channel all-in-one DJ system featuring advanced connectivity, a 10.1-inch touchscreen, and professional audio effects, designed for DJs who demand seamless control and versatility in their performances.\",\"breadcrumb\":{\"@id\":\"https:\/\/www.cinesouk.ma\/product\/alphatheta-xdj-az-dj-system\/#breadcrumb\"},\"inLanguage\":\"fr-FR\",\"potentialAction\":[{\"@type\":\"ReadAction\",\"target\":[\"https:\/\/www.cinesouk.ma\/product\/alphatheta-xdj-az-dj-system\/\"]}]},{\"@type\":\"ImageObject\",\"inLanguage\":\"fr-FR\",\"@id\":\"https:\/\/www.cinesouk.ma\/product\/alphatheta-xdj-az-dj-system\/#primaryimage\",\"url\":\"https:\/\/www.cinesouk.ma\/wp-content\/uploads\/2025\/04\/AlphaTheta-XDJ-AZ-DJ-system.jpg\",\"contentUrl\":\"https:\/\/www.cinesouk.ma\/wp-content\/uploads\/2025\/04\/AlphaTheta-XDJ-AZ-DJ-system.jpg\",\"width\":300,\"height\":238,\"caption\":\"AlphaTheta XDJ-AZ DJ system\"},{\"@type\":\"BreadcrumbList\",\"@id\":\"https:\/\/www.cinesouk.ma\/product\/alphatheta-xdj-az-dj-system\/#breadcrumb\",\"itemListElement\":[{\"@type\":\"ListItem\",\"position\":1,\"name\":\"Home\",\"item\":\"https:\/\/www.cinesouk.ma\/\"},{\"@type\":\"ListItem\",\"position\":2,\"name\":\"Shop\",\"item\":\"https:\/\/www.cinesouk.ma\/shop\/\"},{\"@type\":\"ListItem\",\"position\":3,\"name\":\"Pioneer AlphaTheta XDJ-AZ DJ system\"}]},{\"@type\":\"WebSite\",\"@id\":\"https:\/\/www.cinesouk.ma\/#website\",\"url\":\"https:\/\/www.cinesouk.ma\/\",\"name\":\"CineSouk\",\"description\":\"\",\"publisher\":{\"@id\":\"https:\/\/www.cinesouk.ma\/#organization\"},\"potentialAction\":[{\"@type\":\"SearchAction\",\"target\":{\"@type\":\"EntryPoint\",\"urlTemplate\":\"https:\/\/www.cinesouk.ma\/?s={search_term_string}\"},\"query-input\":{\"@type\":\"PropertyValueSpecification\",\"valueRequired\":true,\"valueName\":\"search_term_string\"}}],\"inLanguage\":\"fr-FR\"},{\"@type\":\"Organization\",\"@id\":\"https:\/\/www.cinesouk.ma\/#organization\",\"name\":\"CineSouk\",\"url\":\"https:\/\/www.cinesouk.ma\/\",\"logo\":{\"@type\":\"ImageObject\",\"inLanguage\":\"fr-FR\",\"@id\":\"https:\/\/www.cinesouk.ma\/#\/schema\/logo\/image\/\",\"url\":\"https:\/\/www.cinesouk.ma\/wp-content\/uploads\/2024\/01\/CineSouk-logo-v01-alpha-alligned-left.png\",\"contentUrl\":\"https:\/\/www.cinesouk.ma\/wp-content\/uploads\/2024\/01\/CineSouk-logo-v01-alpha-alligned-left.png\",\"width\":3204,\"height\":889,\"caption\":\"CineSouk\"},\"image\":{\"@id\":\"https:\/\/www.cinesouk.ma\/#\/schema\/logo\/image\/\"}}]}<\/script>\n<!-- \/ Yoast SEO Premium plugin. -->","yoast_head_json":{"title":"Pioneer AlphaTheta XDJ-AZ DJ system - CineSouk - CineSouk - Marrakech | Morocco","description":"The Pioneer AlphaTheta XDJ-AZ is a 4-channel all-in-one DJ system featuring advanced connectivity, a 10.1-inch touchscreen, and professional audio effects, designed for DJs who demand seamless control and versatility in their performances.","robots":{"index":"index","follow":"follow","max-snippet":"max-snippet:-1","max-image-preview":"max-image-preview:large","max-video-preview":"max-video-preview:-1"},"canonical":"https:\/\/www.cinesouk.ma\/fr\/produit\/alphatheta-xdj-az-dj-system\/","og_locale":"fr_FR","og_type":"article","og_title":"Pioneer AlphaTheta XDJ-AZ DJ system","og_description":"The Pioneer AlphaTheta XDJ-AZ is a 4-channel all-in-one DJ system featuring advanced connectivity, a 10.1-inch touchscreen, and professional audio effects, designed for DJs who demand seamless control and versatility in their performances.","og_url":"https:\/\/www.cinesouk.ma\/fr\/produit\/alphatheta-xdj-az-dj-system\/","og_site_name":"CineSouk","article_modified_time":"2026-01-24T11:11:34+00:00","og_image":[{"width":300,"height":238,"url":"https:\/\/www.cinesouk.ma\/wp-content\/uploads\/2025\/04\/AlphaTheta-XDJ-AZ-DJ-system.jpg","type":"image\/jpeg"}],"twitter_card":"summary_large_image","twitter_description":"The Pioneer AlphaTheta XDJ-AZ is a 4-channel all-in-one DJ system featuring advanced connectivity, a 10.1-inch touchscreen, and professional audio effects, designed for DJs who demand seamless control and versatility in their performances.","twitter_misc":{"Dur\u00e9e de lecture estim\u00e9e":"2 minutes"},"schema":{"@context":"https:\/\/schema.org","@graph":[{"@type":"WebPage","@id":"https:\/\/www.cinesouk.ma\/product\/alphatheta-xdj-az-dj-system\/","url":"https:\/\/www.cinesouk.ma\/product\/alphatheta-xdj-az-dj-system\/","name":"Pioneer AlphaTheta XDJ-AZ DJ system - CineSouk - CineSouk - Marrakech | Morocco","isPartOf":{"@id":"https:\/\/www.cinesouk.ma\/#website"},"primaryImageOfPage":{"@id":"https:\/\/www.cinesouk.ma\/product\/alphatheta-xdj-az-dj-system\/#primaryimage"},"image":{"@id":"https:\/\/www.cinesouk.ma\/product\/alphatheta-xdj-az-dj-system\/#primaryimage"},"thumbnailUrl":"https:\/\/www.cinesouk.ma\/wp-content\/uploads\/2025\/04\/AlphaTheta-XDJ-AZ-DJ-system.jpg","datePublished":"2025-04-25T15:14:34+00:00","dateModified":"2026-01-24T11:11:34+00:00","description":"The Pioneer AlphaTheta XDJ-AZ is a 4-channel all-in-one DJ system featuring advanced connectivity, a 10.1-inch touchscreen, and professional audio effects, designed for DJs who demand seamless control and versatility in their performances.","breadcrumb":{"@id":"https:\/\/www.cinesouk.ma\/product\/alphatheta-xdj-az-dj-system\/#breadcrumb"},"inLanguage":"fr-FR","potentialAction":[{"@type":"ReadAction","target":["https:\/\/www.cinesouk.ma\/product\/alphatheta-xdj-az-dj-system\/"]}]},{"@type":"ImageObject","inLanguage":"fr-FR","@id":"https:\/\/www.cinesouk.ma\/product\/alphatheta-xdj-az-dj-system\/#primaryimage","url":"https:\/\/www.cinesouk.ma\/wp-content\/uploads\/2025\/04\/AlphaTheta-XDJ-AZ-DJ-system.jpg","contentUrl":"https:\/\/www.cinesouk.ma\/wp-content\/uploads\/2025\/04\/AlphaTheta-XDJ-AZ-DJ-system.jpg","width":300,"height":238,"caption":"AlphaTheta XDJ-AZ DJ system"},{"@type":"BreadcrumbList","@id":"https:\/\/www.cinesouk.ma\/product\/alphatheta-xdj-az-dj-system\/#breadcrumb","itemListElement":[{"@type":"ListItem","position":1,"name":"Home","item":"https:\/\/www.cinesouk.ma\/"},{"@type":"ListItem","position":2,"name":"Shop","item":"https:\/\/www.cinesouk.ma\/shop\/"},{"@type":"ListItem","position":3,"name":"Pioneer AlphaTheta XDJ-AZ DJ system"}]},{"@type":"WebSite","@id":"https:\/\/www.cinesouk.ma\/#website","url":"https:\/\/www.cinesouk.ma\/","name":"CineSouk","description":"","publisher":{"@id":"https:\/\/www.cinesouk.ma\/#organization"},"potentialAction":[{"@type":"SearchAction","target":{"@type":"EntryPoint","urlTemplate":"https:\/\/www.cinesouk.ma\/?s={search_term_string}"},"query-input":{"@type":"PropertyValueSpecification","valueRequired":true,"valueName":"search_term_string"}}],"inLanguage":"fr-FR"},{"@type":"Organization","@id":"https:\/\/www.cinesouk.ma\/#organization","name":"CineSouk","url":"https:\/\/www.cinesouk.ma\/","logo":{"@type":"ImageObject","inLanguage":"fr-FR","@id":"https:\/\/www.cinesouk.ma\/#\/schema\/logo\/image\/","url":"https:\/\/www.cinesouk.ma\/wp-content\/uploads\/2024\/01\/CineSouk-logo-v01-alpha-alligned-left.png","contentUrl":"https:\/\/www.cinesouk.ma\/wp-content\/uploads\/2024\/01\/CineSouk-logo-v01-alpha-alligned-left.png","width":3204,"height":889,"caption":"CineSouk"},"image":{"@id":"https:\/\/www.cinesouk.ma\/#\/schema\/logo\/image\/"}}]}},"_links":{"self":[{"href":"https:\/\/www.cinesouk.ma\/fr\/wp-json\/wp\/v2\/product\/12566","targetHints":{"allow":["GET"]}}],"collection":[{"href":"https:\/\/www.cinesouk.ma\/fr\/wp-json\/wp\/v2\/product"}],"about":[{"href":"https:\/\/www.cinesouk.ma\/fr\/wp-json\/wp\/v2\/types\/product"}],"wp:featuredmedia":[{"embeddable":true,"href":"https:\/\/www.cinesouk.ma\/fr\/wp-json\/wp\/v2\/media\/12578"}],"wp:attachment":[{"href":"https:\/\/www.cinesouk.ma\/fr\/wp-json\/wp\/v2\/media?parent=12566"}],"wp:term":[{"taxonomy":"product_brand","embeddable":true,"href":"https:\/\/www.cinesouk.ma\/fr\/wp-json\/wp\/v2\/product_brand?post=12566"},{"taxonomy":"product_cat","embeddable":true,"href":"https:\/\/www.cinesouk.ma\/fr\/wp-json\/wp\/v2\/product_cat?post=12566"},{"taxonomy":"product_tag","embeddable":true,"href":"https:\/\/www.cinesouk.ma\/fr\/wp-json\/wp\/v2\/product_tag?post=12566"}],"curies":[{"name":"wp","href":"https:\/\/api.w.org\/{rel}","templated":true}]}}